{"id":29577,"date":"2026-02-14T16:12:59","date_gmt":"2026-02-14T14:12:59","guid":{"rendered":"https:\/\/regmik.ua\/?post_type=product&#038;p=29577"},"modified":"2026-02-14T16:26:38","modified_gmt":"2026-02-14T14:26:38","slug":"ssd-cloud","status":"publish","type":"product","link":"https:\/\/regmik.ua\/pl\/product\/ssd-cloud\/","title":{"rendered":"System gromadzenia danych w chmurze SSD Konsola internetowa REGMIK"},"content":{"rendered":"<p class=\"text-size-chat leading-relaxed extension:leading-normal my-2\">Oprogramowanie\u00a0<strong>\u00abKonsola internetowa SSD REGMIK\u00bb<\/strong>\u00a0Zaprojektowany do gromadzenia, przechowywania, analizy i wizualizacji danych procesowych w chmurze w czasie rzeczywistym. System obs\u0142uguje po\u0142\u0105czenie urz\u0105dze\u0144 i \u017ar\u00f3de\u0142 danych za po\u015brednictwem protoko\u0142\u00f3w Modbus\/TCP, OPC UA, MQTT, plik\u00f3w\/log\u00f3w oraz interakcj\u0119 z agentami brzegowymi na miejscu. Dane s\u0105 przechowywane w bazie danych PostgreSQL z obs\u0142ug\u0105 zasad archiwizacji, tworzenia kopii zapasowych i przechowywania.<br \/>\nDane s\u0105 wizualizowane w postaci wykres\u00f3w, pulpit\u00f3w nawigacyjnych, tabel i diagram\u00f3w przep\u0142ywu proces\u00f3w. Obs\u0142ugiwane s\u0105 powiadomienia (telegram, e-mail, webhook, SMS, d\u017awi\u0119k, browser_sound), rejestrowanie zdarze\u0144, dost\u0119p oparty na rolach, audyt zmian i zdalne zarz\u0105dzanie.<\/p>\n<p class=\"text-size-chat leading-relaxed extension:leading-normal my-2\"><strong>Przeznaczenie oprogramowania konsoli internetowej SSD REGMIK:<\/strong><\/p>\n<ul class=\"text-size-chat leading-relaxed extension:leading-normal mt-0 mb-4 list-disc pl-4\">\n<li class=\"text-size-chat leading-relaxed extension:leading-normal mb-1.5\">Zbieranie danych z instrument\u00f3w, czujnik\u00f3w i \u017ar\u00f3de\u0142 zewn\u0119trznych;<\/li>\n<li class=\"text-size-chat leading-relaxed extension:leading-normal mb-1.5\">Rejestracja, wizualizacja i przetwarzanie sygna\u0142\u00f3w w czasie rzeczywistym;<\/li>\n<li class=\"text-size-chat leading-relaxed extension:leading-normal mb-1.5\">Analiza danych i kontrola parametr\u00f3w procesu;<\/li>\n<li class=\"text-size-chat leading-relaxed extension:leading-normal mb-1.5\">Informowanie u\u017cytkownik\u00f3w o awariach i sytuacjach awaryjnych;<\/li>\n<li class=\"text-size-chat leading-relaxed extension:leading-normal mb-1.5\">Przechowywanie, archiwizacja, import i eksport danych;<\/li>\n<li class=\"text-size-chat leading-relaxed extension:leading-normal mb-1.5\">Centralne zarz\u0105dzanie obiektami i konfiguracj\u0105 poprzez interfejs internetowy.<\/li>\n<\/ul>\n<p class=\"text-size-chat leading-relaxed extension:leading-normal my-2\"><strong>G\u0142\u00f3wne cechy oprogramowania konsoli internetowej SSD REGMIK:<\/strong><\/p>\n<ul class=\"text-size-chat leading-relaxed extension:leading-normal mt-0 mb-4 list-disc pl-4\">\n<li class=\"text-size-chat leading-relaxed extension:leading-normal mb-1.5\">tryb demonstracyjny;<\/li>\n<li class=\"text-size-chat leading-relaxed extension:leading-normal mb-1.5\">wy\u015bwietlanie danych na wykresach, monitorach i tabelach;<\/li>\n<li class=\"text-size-chat leading-relaxed extension:leading-normal mb-1.5\">obs\u0142uga diagram\u00f3w mnemonicznych: wizualizacja, regu\u0142y stanu, animacje, szablony scen;<\/li>\n<li class=\"text-size-chat leading-relaxed extension:leading-normal mb-1.5\">drzewiasta struktura sieci (Sie\u0107 \u2013 Domena \u2013 Urz\u0105dzenie \u2013 Kana\u0142);<\/li>\n<li class=\"text-size-chat leading-relaxed extension:leading-normal mb-1.5\">zdalna konfiguracja i sterowanie urz\u0105dzeniami;<\/li>\n<li class=\"text-size-chat leading-relaxed extension:leading-normal mb-1.5\">monitorowanie sytuacji awaryjnych i b\u0142\u0119d\u00f3w kana\u0142\u00f3w\/urz\u0105dze\u0144;<\/li>\n<li class=\"text-size-chat leading-relaxed extension:leading-normal mb-1.5\">alarm d\u017awi\u0119kowy (w tym d\u017awi\u0119k w przegl\u0105darce operatora);<\/li>\n<li class=\"text-size-chat leading-relaxed extension:leading-normal mb-1.5\">powiadomienia za po\u015brednictwem poczty elektronicznej, Telegramu, webhook\u00f3w, SMS-\u00f3w i innych kana\u0142\u00f3w;<\/li>\n<li class=\"text-size-chat leading-relaxed extension:leading-normal mb-1.5\">lokalizacja kod\u00f3w b\u0142\u0119d\u00f3w i dziennika zdarze\u0144;<\/li>\n<li class=\"text-size-chat leading-relaxed extension:leading-normal mb-1.5\">generowanie raport\u00f3w i eksportowanie danych (CSV, PNG\/SVG\/PDF, itp.);<\/li>\n<li class=\"text-size-chat leading-relaxed extension:leading-normal mb-1.5\">import\/eksport konfiguracji i kopii zapasowych z wersjonowaniem;<\/li>\n<li class=\"text-size-chat leading-relaxed extension:leading-normal mb-1.5\">obs\u0142uga dost\u0119pu wielodost\u0119pnego i r\u00f3l (Administrator\/In\u017cynier\/Operator\/Widok);<\/li>\n<li class=\"text-size-chat leading-relaxed extension:leading-normal mb-1.5\">audyt zmian konfiguracji i dzia\u0142a\u0144 u\u017cytkownik\u00f3w;<\/li>\n<li class=\"text-size-chat leading-relaxed extension:leading-normal mb-1.5\">Integracja i rozszerzenie OPC UA\/MQTT za po\u015brednictwem agent\u00f3w Edge;<\/li>\n<li class=\"text-size-chat leading-relaxed extension:leading-normal mb-1.5\">praca z danymi historycznymi, zakresami trend\u00f3w i downsamplingiem;<\/li>\n<li class=\"text-size-chat leading-relaxed extension:leading-normal mb-1.5\">dostosowywanie wy\u015bwietlania interfejsu (motywy, j\u0119zyki, tryby prezentacji);<\/li>\n<li class=\"text-size-chat leading-relaxed extension:leading-normal mb-1.5\">Dzia\u0142anie w architekturze chmurowej z po\u0142\u0105czeniem obiekt\u00f3w zdalnych.<\/li>\n<\/ul>\n<p class=\"text-size-chat leading-relaxed extension:leading-normal my-2\">Firma stale rozwija system i rozszerza jego funkcjonalno\u015b\u0107. Czekamy na Pa\u0144stwa opinie i sugestie dotycz\u0105ce ulepsze\u0144.\u00a0<strong>Konsola internetowa SSD REGMIK<\/strong>.<\/p>\n<p>Mo\u017cesz sprawdzi\u0107 wersj\u0119 demonstracyjn\u0105 produktu tutaj <a href=\"https:\/\/ssd.regmik.ua\">po\u0142\u0105czy\u0107<\/a>\u2026<\/p>","protected":false},"excerpt":{"rendered":"<p>Oprogramowanie <strong>\u00abKonsola internetowa SSD REGMIK\u00bb<\/strong>\u00a0Zaprojektowany do gromadzenia, przechowywania, analizowania i wizualizacji danych procesowych w chmurze w czasie rzeczywistym.<\/p>","protected":false},"featured_media":29588,"comment_status":"open","ping_status":"closed","template":"","meta":[],"product_brand":[],"product_cat":[581,811],"product_tag":[3219,600,3221,3218,592],"class_list":{"0":"post-29577","1":"product","2":"type-product","3":"status-publish","4":"has-post-thumbnail","6":"product_cat-software","7":"product_cat-tovary","8":"product_tag-modbus-rtu","9":"product_tag-rs-485","10":"product_tag-mnemoshema","11":"product_tag-software","12":"product_tag-sistema-sbora-dannyh","13":"pa_max-quantity-582","14":"pa_max-quantity-3437","15":"pa_max-quantity-586","16":"pa_max-quantity-583","17":"pa_max-quantity-3438","18":"pa_max-quantity-587","19":"pa_max-quantity-584","20":"pa_max-quantity-588","21":"pa_max-quantity-585","24":"instock","25":"featured","26":"shipping-taxable","27":"product-type-simple"},"yoast_head":"<title>\u041f\u0440\u043e\u0433\u0440\u0430\u043c\u043c\u043d\u043e\u0435 \u043e\u0431\u0435\u0441\u043f\u0435\u0447\u0435\u043d\u0438\u0435 \u0421\u0438\u0441\u0442\u0435\u043c\u0430 \u0441\u0431\u043e\u0440\u0430 \u0434\u0430\u043d\u043d\u044b\u0445 &#8211; \u0420\u0415\u0413\u041c\u0406\u041a, \u041d\u0412\u0424, \u041f\u041f<\/title>\n<meta name=\"description\" content=\"\u041f\u0440\u043e\u0433\u0440\u0430\u043c\u043c\u043d\u043e\u0435 \u043e\u0431\u0435\u0441\u043f\u0435\u0447\u0435\u043d\u0438\u0435 &quot;\u0421\u0438\u0441\u0442\u0435\u043c\u0430 \u0441\u0431\u043e\u0440\u0430 \u0434\u0430\u043d\u043d\u044b\u0445 REGMIK&quot;. \u043e\u0441\u0443\u0449\u0435\u0441\u0442\u0432\u043b\u044f\u0435\u0442\u00a0\u0441\u0431\u043e\u0440 \u0438\u043d\u0444\u043e\u0440\u043c\u0430\u0446\u0438\u0438 \u043e\u0442\u00a0\u043f\u0440\u0438\u0431\u043e\u0440\u043e\u0432 \u0438 \u0434\u0430\u0442\u0447\u0438\u043a\u043e\u0432 \u0432 \u0440\u0435\u0436\u0438\u043c\u0435 \u0440\u0435\u0430\u043b\u044c\u043d\u043e\u0433\u043e \u0432\u0440\u0435\u043c\u0435\u043d\u0438.\" \/>\n<meta name=\"robots\" content=\"index, follow, max-snippet:-1, max-image-preview:large, max-video-preview:-1\" \/>\n<link rel=\"canonical\" href=\"https:\/\/regmik.ua\/pl\/product\/ssd-cloud\/\" \/>\n<script type=\"application\/ld+json\" class=\"yoast-schema-graph\">{\"@context\":\"https:\\\/\\\/schema.org\",\"@graph\":[{\"@type\":\"WebPage\",\"@id\":\"https:\\\/\\\/regmik.ua\\\/product\\\/ssd-cloud\\\/\",\"url\":\"https:\\\/\\\/regmik.ua\\\/product\\\/ssd-cloud\\\/\",\"name\":\"\u041f\u0440\u043e\u0433\u0440\u0430\u043c\u043c\u043d\u043e\u0435 \u043e\u0431\u0435\u0441\u043f\u0435\u0447\u0435\u043d\u0438\u0435 \u0421\u0438\u0441\u0442\u0435\u043c\u0430 \u0441\u0431\u043e\u0440\u0430 \u0434\u0430\u043d\u043d\u044b\u0445 &#8211; \u0420\u0415\u0413\u041c\u0406\u041a, \u041d\u0412\u0424, \u041f\u041f\",\"isPartOf\":{\"@id\":\"https:\\\/\\\/regmik.ua\\\/uk\\\/#website\"},\"primaryImageOfPage\":{\"@id\":\"https:\\\/\\\/regmik.ua\\\/product\\\/ssd-cloud\\\/#primaryimage\"},\"image\":{\"@id\":\"https:\\\/\\\/regmik.ua\\\/product\\\/ssd-cloud\\\/#primaryimage\"},\"thumbnailUrl\":\"https:\\\/\\\/regmik.ua\\\/wp-content\\\/uploads\\\/SSD-cloud-scaled.png\",\"datePublished\":\"2026-02-14T14:12:59+00:00\",\"dateModified\":\"2026-02-14T14:26:38+00:00\",\"description\":\"\u041f\u0440\u043e\u0433\u0440\u0430\u043c\u043c\u043d\u043e\u0435 \u043e\u0431\u0435\u0441\u043f\u0435\u0447\u0435\u043d\u0438\u0435 \\\"\u0421\u0438\u0441\u0442\u0435\u043c\u0430 \u0441\u0431\u043e\u0440\u0430 \u0434\u0430\u043d\u043d\u044b\u0445 REGMIK\\\". \u043e\u0441\u0443\u0449\u0435\u0441\u0442\u0432\u043b\u044f\u0435\u0442\u00a0\u0441\u0431\u043e\u0440 \u0438\u043d\u0444\u043e\u0440\u043c\u0430\u0446\u0438\u0438 \u043e\u0442\u00a0\u043f\u0440\u0438\u0431\u043e\u0440\u043e\u0432 \u0438 \u0434\u0430\u0442\u0447\u0438\u043a\u043e\u0432 \u0432 \u0440\u0435\u0436\u0438\u043c\u0435 \u0440\u0435\u0430\u043b\u044c\u043d\u043e\u0433\u043e \u0432\u0440\u0435\u043c\u0435\u043d\u0438.\",\"breadcrumb\":{\"@id\":\"https:\\\/\\\/regmik.ua\\\/product\\\/ssd-cloud\\\/#breadcrumb\"},\"inLanguage\":\"pl-PL\",\"potentialAction\":[{\"@type\":\"ReadAction\",\"target\":[\"https:\\\/\\\/regmik.ua\\\/product\\\/ssd-cloud\\\/\"]}]},{\"@type\":\"ImageObject\",\"inLanguage\":\"pl-PL\",\"@id\":\"https:\\\/\\\/regmik.ua\\\/product\\\/ssd-cloud\\\/#primaryimage\",\"url\":\"https:\\\/\\\/regmik.ua\\\/wp-content\\\/uploads\\\/SSD-cloud-scaled.png\",\"contentUrl\":\"https:\\\/\\\/regmik.ua\\\/wp-content\\\/uploads\\\/SSD-cloud-scaled.png\",\"width\":2560,\"height\":1204},{\"@type\":\"BreadcrumbList\",\"@id\":\"https:\\\/\\\/regmik.ua\\\/product\\\/ssd-cloud\\\/#breadcrumb\",\"itemListElement\":[{\"@type\":\"ListItem\",\"position\":1,\"name\":\"\u0413\u043b\u0430\u0432\u043d\u0430\u044f \u0441\u0442\u0440\u0430\u043d\u0438\u0446\u0430\",\"item\":\"https:\\\/\\\/regmik.ua\\\/\"},{\"@type\":\"ListItem\",\"position\":2,\"name\":\"\u041f\u0440\u043e\u0434\u0443\u043a\u0446\u0438\u044f\",\"item\":\"https:\\\/\\\/regmik.ua\\\/uk\\\/products\\\/\"},{\"@type\":\"ListItem\",\"position\":3,\"name\":\"\u041e\u0431\u043b\u0430\u0447\u043d\u0430\u044f \u0441\u0438\u0441\u0442\u0435\u043c\u0430 \u0441\u0431\u043e\u0440\u0430 \u0434\u0430\u043d\u043d\u044b\u0445 SSD REGMIK Web Console\"}]},{\"@type\":\"WebSite\",\"@id\":\"https:\\\/\\\/regmik.ua\\\/uk\\\/#website\",\"url\":\"https:\\\/\\\/regmik.ua\\\/uk\\\/\",\"name\":\"REGMIK\",\"description\":\"\u0418\u0437\u043c\u0435\u0440\u0438\u0442\u0435\u043b\u044c\u043d\u044b\u0435 \u043f\u0440\u0438\u0431\u043e\u0440\u044b \u0438 \u0434\u0430\u0442\u0447\u0438\u043a\u0438 \u0442\u0435\u043c\u043f\u0435\u0440\u0430\u0442\u0443\u0440\u044b\",\"publisher\":{\"@id\":\"https:\\\/\\\/regmik.ua\\\/uk\\\/#organization\"},\"alternateName\":\"REGMIK\",\"potentialAction\":[{\"@type\":\"SearchAction\",\"target\":{\"@type\":\"EntryPoint\",\"urlTemplate\":\"https:\\\/\\\/regmik.ua\\\/uk\\\/?s={search_term_string}\"},\"query-input\":{\"@type\":\"PropertyValueSpecification\",\"valueRequired\":true,\"valueName\":\"search_term_string\"}}],\"inLanguage\":\"pl-PL\"},{\"@type\":\"Organization\",\"@id\":\"https:\\\/\\\/regmik.ua\\\/uk\\\/#organization\",\"name\":\"REGMIK\",\"alternateName\":\"\u0420\u0415\u0413\u041c\u0418\u041a\",\"url\":\"https:\\\/\\\/regmik.ua\\\/uk\\\/\",\"logo\":{\"@type\":\"ImageObject\",\"inLanguage\":\"pl-PL\",\"@id\":\"https:\\\/\\\/regmik.ua\\\/uk\\\/#\\\/schema\\\/logo\\\/image\\\/\",\"url\":\"https:\\\/\\\/regmik.ua\\\/wp-content\\\/uploads\\\/2020\\\/03\\\/regmik_logo.png\",\"contentUrl\":\"https:\\\/\\\/regmik.ua\\\/wp-content\\\/uploads\\\/2020\\\/03\\\/regmik_logo.png\",\"width\":194,\"height\":45,\"caption\":\"REGMIK\"},\"image\":{\"@id\":\"https:\\\/\\\/regmik.ua\\\/uk\\\/#\\\/schema\\\/logo\\\/image\\\/\"},\"sameAs\":[\"https:\\\/\\\/www.facebook.com\\\/regmik.npf\",\"https:\\\/\\\/x.com\\\/regmiknpf\",\"https:\\\/\\\/www.youtube.com\\\/channel\\\/UC_SrY98SKAmR3Kt95GcVKcw\"]}]}<\/script>","yoast_head_json":{"title":"System gromadzenia danych programowych \u2013 REGMIK, NVF, PP","description":"Oprogramowanie systemu akwizycji danych REGMIK. zbiera informacje z urz\u0105dze\u0144 i czujnik\u00f3w w czasie rzeczywistym.","robots":{"index":"index","follow":"follow","max-snippet":"max-snippet:-1","max-image-preview":"max-image-preview:large","max-video-preview":"max-video-preview:-1"},"canonical":"https:\/\/regmik.ua\/pl\/product\/ssd-cloud\/","schema":{"@context":"https:\/\/schema.org","@graph":[{"@type":"WebPage","@id":"https:\/\/regmik.ua\/product\/ssd-cloud\/","url":"https:\/\/regmik.ua\/product\/ssd-cloud\/","name":"System gromadzenia danych programowych \u2013 REGMIK, NVF, PP","isPartOf":{"@id":"https:\/\/regmik.ua\/uk\/#website"},"primaryImageOfPage":{"@id":"https:\/\/regmik.ua\/product\/ssd-cloud\/#primaryimage"},"image":{"@id":"https:\/\/regmik.ua\/product\/ssd-cloud\/#primaryimage"},"thumbnailUrl":"https:\/\/regmik.ua\/wp-content\/uploads\/SSD-cloud-scaled.png","datePublished":"2026-02-14T14:12:59+00:00","dateModified":"2026-02-14T14:26:38+00:00","description":"Oprogramowanie systemu akwizycji danych REGMIK. zbiera informacje z urz\u0105dze\u0144 i czujnik\u00f3w w czasie rzeczywistym.","breadcrumb":{"@id":"https:\/\/regmik.ua\/product\/ssd-cloud\/#breadcrumb"},"inLanguage":"pl-PL","potentialAction":[{"@type":"ReadAction","target":["https:\/\/regmik.ua\/product\/ssd-cloud\/"]}]},{"@type":"ImageObject","inLanguage":"pl-PL","@id":"https:\/\/regmik.ua\/product\/ssd-cloud\/#primaryimage","url":"https:\/\/regmik.ua\/wp-content\/uploads\/SSD-cloud-scaled.png","contentUrl":"https:\/\/regmik.ua\/wp-content\/uploads\/SSD-cloud-scaled.png","width":2560,"height":1204},{"@type":"BreadcrumbList","@id":"https:\/\/regmik.ua\/product\/ssd-cloud\/#breadcrumb","itemListElement":[{"@type":"ListItem","position":1,"name":"\u0413\u043b\u0430\u0432\u043d\u0430\u044f \u0441\u0442\u0440\u0430\u043d\u0438\u0446\u0430","item":"https:\/\/regmik.ua\/"},{"@type":"ListItem","position":2,"name":"\u041f\u0440\u043e\u0434\u0443\u043a\u0446\u0438\u044f","item":"https:\/\/regmik.ua\/uk\/products\/"},{"@type":"ListItem","position":3,"name":"\u041e\u0431\u043b\u0430\u0447\u043d\u0430\u044f \u0441\u0438\u0441\u0442\u0435\u043c\u0430 \u0441\u0431\u043e\u0440\u0430 \u0434\u0430\u043d\u043d\u044b\u0445 SSD REGMIK Web Console"}]},{"@type":"WebSite","@id":"https:\/\/regmik.ua\/uk\/#website","url":"https:\/\/regmik.ua\/uk\/","name":"REGMIK","description":"Przyrz\u0105dy pomiarowe i czujniki temperatury","publisher":{"@id":"https:\/\/regmik.ua\/uk\/#organization"},"alternateName":"REGMIK","potentialAction":[{"@type":"SearchAction","target":{"@type":"EntryPoint","urlTemplate":"https:\/\/regmik.ua\/uk\/?s={search_term_string}"},"query-input":{"@type":"PropertyValueSpecification","valueRequired":true,"valueName":"search_term_string"}}],"inLanguage":"pl-PL"},{"@type":"Organization","@id":"https:\/\/regmik.ua\/uk\/#organization","name":"REGMIK","alternateName":"\u0420\u0415\u0413\u041c\u0418\u041a","url":"https:\/\/regmik.ua\/uk\/","logo":{"@type":"ImageObject","inLanguage":"pl-PL","@id":"https:\/\/regmik.ua\/uk\/#\/schema\/logo\/image\/","url":"https:\/\/regmik.ua\/wp-content\/uploads\/2020\/03\/regmik_logo.png","contentUrl":"https:\/\/regmik.ua\/wp-content\/uploads\/2020\/03\/regmik_logo.png","width":194,"height":45,"caption":"REGMIK"},"image":{"@id":"https:\/\/regmik.ua\/uk\/#\/schema\/logo\/image\/"},"sameAs":["https:\/\/www.facebook.com\/regmik.npf","https:\/\/x.com\/regmiknpf","https:\/\/www.youtube.com\/channel\/UC_SrY98SKAmR3Kt95GcVKcw"]}]}},"_links":{"self":[{"href":"https:\/\/regmik.ua\/pl\/wp-json\/wp\/v2\/product\/29577","targetHints":{"allow":["GET"]}}],"collection":[{"href":"https:\/\/regmik.ua\/pl\/wp-json\/wp\/v2\/product"}],"about":[{"href":"https:\/\/regmik.ua\/pl\/wp-json\/wp\/v2\/types\/product"}],"replies":[{"embeddable":true,"href":"https:\/\/regmik.ua\/pl\/wp-json\/wp\/v2\/comments?post=29577"}],"version-history":[{"count":3,"href":"https:\/\/regmik.ua\/pl\/wp-json\/wp\/v2\/product\/29577\/revisions"}],"predecessor-version":[{"id":29590,"href":"https:\/\/regmik.ua\/pl\/wp-json\/wp\/v2\/product\/29577\/revisions\/29590"}],"wp:featuredmedia":[{"embeddable":true,"href":"https:\/\/regmik.ua\/pl\/wp-json\/wp\/v2\/media\/29588"}],"wp:attachment":[{"href":"https:\/\/regmik.ua\/pl\/wp-json\/wp\/v2\/media?parent=29577"}],"wp:term":[{"taxonomy":"product_brand","embeddable":true,"href":"https:\/\/regmik.ua\/pl\/wp-json\/wp\/v2\/product_brand?post=29577"},{"taxonomy":"product_cat","embeddable":true,"href":"https:\/\/regmik.ua\/pl\/wp-json\/wp\/v2\/product_cat?post=29577"},{"taxonomy":"product_tag","embeddable":true,"href":"https:\/\/regmik.ua\/pl\/wp-json\/wp\/v2\/product_tag?post=29577"}],"curies":[{"name":"wp","href":"https:\/\/api.w.org\/{rel}","templated":true}]}}