{"id":29397,"date":"2025-07-31T10:52:04","date_gmt":"2025-07-31T08:52:04","guid":{"rendered":"https:\/\/regmik.ua\/?post_type=product&#038;p=29397"},"modified":"2025-07-31T19:39:10","modified_gmt":"2025-07-31T17:39:10","slug":"sensor-temperature-111","status":"publish","type":"product","link":"https:\/\/regmik.ua\/pl\/product\/sensor-temperature-111\/","title":{"rendered":"Czujniki temperatury TSP-111 TSM-111 TXA-111 TZhK-111 THK-111"},"content":{"rendered":"<p><a href=\"http:\/\/regmik.ua\/product-category\/sensors\/temperature-sensors\/\">Czujniki temperatury<\/a> \u0422\u0421\u041f-111, \u0422\u0421\u041c-111, \u0422\u0425\u0410-111, \u0422\u0416\u041a-111 \u0438 \u0422\u0425\u041a-111 \u0433\u0440\u0443\u043f\u043f\u044b 1 \u043f\u0440\u0435\u0434\u043d\u0430\u0437\u043d\u0430\u0447\u0435\u043d\u044b \u0434\u043b\u044f \u0438\u0437\u043c\u0435\u0440\u0435\u043d\u0438\u044f \u0442\u0435\u043c\u043f\u0435\u0440\u0430\u0442\u0443\u0440\u044b \u043e\u043a\u0440\u0443\u0436\u0430\u044e\u0449\u0435\u0439 \u0441\u0440\u0435\u0434\u044b, \u0436\u0438\u0434\u043a\u0438\u0445, \u0433\u0430\u0437\u043e\u043e\u0431\u0440\u0430\u0437\u043d\u044b\u0445 \u0438 \u0441\u044b\u043f\u0443\u0447\u0438\u0445 \u0445\u0438\u043c\u0438\u0447\u0435\u0441\u043a\u0438 \u043d\u0435\u0430\u0433\u0440\u0435\u0441\u0441\u0438\u0432\u043d\u044b\u0445 \u0441\u0440\u0435\u0434, \u0430 \u0442\u0430\u043a\u0436\u0435 \u043f\u043e\u0432\u0435\u0440\u0445\u043d\u043e\u0441\u0442\u0438 \u0442\u0432\u0435\u0440\u0434\u044b\u0445 \u0442\u0435\u043b \u0432 \u0440\u0430\u0437\u043b\u0438\u0447\u043d\u044b\u0445 \u043e\u0442\u0440\u0430\u0441\u043b\u044f\u0445.<\/p>\n<p>Temperatura jest najcz\u0119\u015bciej mierzonym parametrem, a przegrzanie jest jednym z najbardziej negatywnych czynnik\u00f3w w dzia\u0142aniu sprz\u0119tu, dlatego istnieje ogromna liczba sposob\u00f3w i miejsc stosowania czujnik\u00f3w temperatury.<\/p>\n<p>Zasada dzia\u0142ania termopar oporowych polega na zmianie rezystancji elektrycznej przewodnik\u00f3w i p\u00f3\u0142przewodnik\u00f3w w zale\u017cno\u015bci od temperatury. Materia\u0142 z jakiego wykonany jest taki czujnik powinien mie\u0107 wysoki wsp\u00f3\u0142czynnik temperaturowy rezystancji, mo\u017cliwie liniow\u0105 zale\u017cno\u015b\u0107 rezystancji od temperatury, dobr\u0105 odtwarzalno\u015b\u0107 w\u0142a\u015bciwo\u015bci oraz oboj\u0119tno\u015b\u0107 na wp\u0142ywy otoczenia. W najwi\u0119kszym stopniu platyna spe\u0142nia wszystkie powy\u017csze w\u0142a\u015bciwo\u015bci; nieco mniej miedzi.<\/p>\n<p><a href=\"https:\/\/ru.wikipedia.org\/wiki\/%D0%A2%D0%B5%D1%80%D0%BC%D0%BE%D0%BF%D0%B0%D1%80%D0%B0\">Termoelement<\/a>\u00a0S\u0105 wy\u0142\u0105cznie r\u00f3\u017cnicowymi czujnikami temperatury. Generuj\u0105 sygna\u0142 elektryczny proporcjonalny do r\u00f3\u017cnicy temperatur mi\u0119dzy dwoma r\u00f3\u017cnymi punktami. Dlatego z\u0142\u0105cze (skrzy\u017cowanie), kt\u00f3rego u\u017cywamy do pomiaru wymaganej temperatury, nazywa si\u0119 z\u0142\u0105czem \u201egor\u0105cym\u201d, podczas gdy drugie z\u0142\u0105cze (z kt\u00f3rego nie mo\u017cemy uciec) nazywa si\u0119 \u201ezimnym\u201d.<\/p>\n<h3>\u041a\u043b\u0430\u0441\u0441\u0438\u0444\u0438\u043a\u0430\u0446\u0438\u044f \u0434\u0430\u0442\u0447\u0438\u043a\u043e\u0432 \u0442\u0435\u043c\u043f\u0435\u0440\u0430\u0442\u0443\u0440\u044b \u0422\u0421\u041f-111, \u0422\u0421\u041c-111, \u0422\u0425\u0410-111, \u0422\u0416\u041a-111 \u0438 \u0422\u0425\u041a-111\u00a0\u043f\u043e \u0442\u0438\u043f\u0443 \u0438\u0437\u043c\u0435\u0440\u0438\u0442\u0435\u043b\u044c\u043d\u043e\u0433\u043e (\u0447\u0443\u0432\u0441\u0442\u0432\u0438\u0442\u0435\u043b\u044c\u043d\u043e\u0433\u043e) \u044d\u043b\u0435\u043c\u0435\u043d\u0442\u0430<\/h3>\n<ul>\n<li>termopary oporowe (termometry):<\/li>\n<li>- termopary rezystancyjne TCM (czujnik TCM)<\/li>\n<li>- termopary rezystancyjne RTD (czujnik RTD)<\/li>\n<li>przetworniki termoelektryczne (termopary):\n<ul>\n<li>termopary TXA<\/li>\n<li>termopary THK<\/li>\n<li>termopary TJK<\/li>\n<\/ul>\n<\/li>\n<li>konwertery p\u00f3\u0142przewodnikowe - TP.<\/li>\n<\/ul>\n<h3>\u041e\u0441\u043d\u043e\u0432\u043d\u044b\u0435 \u0442\u0435\u0445\u043d\u0438\u0447\u0435\u0441\u043a\u0438\u0435 \u0445\u0430\u0440\u0430\u043a\u0442\u0435\u0440\u0438\u0441\u0442\u0438\u043a\u0438 \u0434\u0430\u0442\u0447\u0438\u043a\u043e\u0432 \u0442\u0435\u043c\u043f\u0435\u0440\u0430\u0442\u0443\u0440\u044b \u0422\u0421\u041f-111, \u0422\u0421\u041c-111, \u0422\u0425\u0410-111, \u0422\u0416\u041a-111 \u0438 \u0422\u0425\u041a-111:<\/h3>\n<ul>\n<li>Klasy tolerancji - A, B, C (dla pojazdu), 1, 2 (dla TP);<\/li>\n<li>Schemat po\u0142\u0105cze\u0144 SE jest dwu-, trzy-, czteroprzewodowy;<\/li>\n<li>wed\u0142ug rodzaju SE s\u0105 podzielone na\n<ul>\n<li>termopary oporowe (50M, 100M, 50P, 100P, Pt100, Pt500, Pt1000, Pt2000, Pt10000),<\/li>\n<li>przetworniki termoelektryczne (termopary TXA (K), THK (L), TJK),<\/li>\n<li>p\u00f3\u0142przewodnik (DS18B20);<\/li>\n<\/ul>\n<\/li>\n<li>Materia\u0142 wzmocnienia ochronnego - stal 12X18H10T;<\/li>\n<li>Stopie\u0144 ochrony przed py\u0142em i wod\u0105 - IP54;<\/li>\n<li>Konstrukcja konwerter\u00f3w termicznych - nieroz\u0142\u0105cznych;<\/li>\n<li>Rezystancja izolacji - nie mniej ni\u017c 100 megaom\u00f3w.<\/li>\n<\/ul>\n<p>Czujniki temperatury TSP-111 TSM-111 TXA-111 TZhK-111 THK-111<\/p>","protected":false},"excerpt":{"rendered":"<p><a href=\"http:\/\/regmik.ua\/product-category\/sensors\/temperature-sensors\/\">Czujniki temperatury<\/a> \u0422\u0421\u041f-111, \u0422\u0421\u041c-111, \u0422\u0425\u0410-111, \u0422\u0416\u041a-111 \u0438 \u0422\u0425\u041a-111 \u0433\u0440\u0443\u043f\u043f\u044b 1 \u043f\u0440\u0435\u0434\u043d\u0430\u0437\u043d\u0430\u0447\u0435\u043d\u044b \u0434\u043b\u044f \u0438\u0437\u043c\u0435\u0440\u0435\u043d\u0438\u044f \u0442\u0435\u043c\u043f\u0435\u0440\u0430\u0442\u0443\u0440\u044b \u043e\u043a\u0440\u0443\u0436\u0430\u044e\u0449\u0435\u0439 \u0441\u0440\u0435\u0434\u044b, \u0436\u0438\u0434\u043a\u0438\u0445, \u0433\u0430\u0437\u043e\u043e\u0431\u0440\u0430\u0437\u043d\u044b\u0445 \u0438 \u0441\u044b\u043f\u0443\u0447\u0438\u0445 \u0445\u0438\u043c\u0438\u0447\u0435\u0441\u043a\u0438 \u043d\u0435\u0430\u0433\u0440\u0435\u0441\u0441\u0438\u0432\u043d\u044b\u0445 \u0441\u0440\u0435\u0434, \u0430 \u0442\u0430\u043a\u0436\u0435 \u043f\u043e\u0432\u0435\u0440\u0445\u043d\u043e\u0441\u0442\u0438 \u0442\u0432\u0435\u0440\u0434\u044b\u0445 \u0442\u0435\u043b \u0432 \u0440\u0430\u0437\u043b\u0438\u0447\u043d\u044b\u0445 \u043e\u0442\u0440\u0430\u0441\u043b\u044f\u0445.<\/p>","protected":false},"featured_media":29442,"comment_status":"open","ping_status":"closed","template":"","meta":[],"product_brand":[],"product_cat":[38,130],"product_tag":[89],"class_list":{"0":"post-29397","1":"product","2":"type-product","3":"status-publish","4":"has-post-thumbnail","6":"product_cat-sensors","7":"product_cat-submersible-with-cable","8":"product_tag-datchik","9":"pa_accuracy-class-417","10":"pa_accuracy-class-418","11":"pa_accuracy-class-abb3","12":"pa_diameter-mounting-part-d-m-387","13":"pa_diameter-mounting-part-d-m-388","14":"pa_diameter-mounting-part-d-m-389","15":"pa_diameter-mounting-part-d-m-385","16":"pa_diameter-mounting-part-d-m-386","17":"pa_length-of-installed-part-l-372","18":"pa_length-of-installed-part-l-428","19":"pa_length-of-installed-part-l-429","20":"pa_length-of-installed-part-l-374","21":"pa_length-of-installed-part-l-375","22":"pa_length-of-installed-part-l-376","23":"pa_length-of-installed-part-l-430","24":"pa_length-of-installed-part-l-377","25":"pa_length-of-installed-part-l-378","26":"pa_length-of-installed-part-l-371","27":"pa_length-of-installed-part-l-431","28":"pa_thermal-inertia-15-45","29":"pa_thread-type-m12x15","30":"pa_thread-type-m20x15","31":"pa_thread-type-m8x1","32":"pa_type-of-nsh-tsm-50m100m","33":"pa_type-of-nsh-tsp-50p100p","34":"pa_type-of-nsh-tsp-pt100-pt500-pt1000","35":"pa_type-of-nsh-thktha","36":"pa_working-range-of-temperatur-40-100","37":"pa_working-range-of-temperatur-40-180","38":"pa_working-range-of-temperatur-40-270","39":"pa_working-range-of-temperatur-40-400","42":"instock","43":"shipping-taxable","44":"purchasable","45":"product-type-variable"},"yoast_head":"<title>\u0414\u0430\u0442\u0447\u0438\u043a\u0438 \u0442\u0435\u043c\u043f\u0435\u0440\u0430\u0442\u0443\u0440\u044b \u0422\u0421\u041f-111 \u0422\u0421\u041c-111 \u0422\u0425\u0410-111 \u0422\u0416\u041a-111 \u0422\u0425\u041a-111&#8211; \u0420\u0415\u0413\u041c\u0406\u041a, \u041d\u0412\u0424, \u041f\u041f<\/title>\n<meta name=\"description\" content=\"\u041e\u0442\u043a\u0440\u043e\u0439\u0442\u0435 \u043d\u043e\u0432\u044b\u0435 \u0432\u043e\u0437\u043c\u043e\u0436\u043d\u043e\u0441\u0442\u0438 \u0441 \u0434\u0430\u0442\u0447\u0438\u043a\u0430\u043c\u0438 \u0442\u0435\u043c\u043f\u0435\u0440\u0430\u0442\u0443\u0440\u044b \u0422\u0421\u041f-111 \u0422\u0421\u041c-111 \u0422\u0425\u0410-111 \u0422\u0416\u041a-111 \u0422\u0425\u041a-111. \u041f\u0440\u0438\u043c\u0435\u043d\u044f\u0439\u0442\u0435 \u0432 \u0441\u0430\u043c\u044b\u0445 \u0440\u0430\u0437\u043d\u044b\u0445 \u0441\u0440\u0435\u0434\u0430\u0445 \u0438 \u043f\u043e\u0432\u044b\u0441\u0438\u0442\u0435 \u044d\u0444\u0444\u0435\u043a\u0442\u0438\u0432\u043d\u043e\u0441\u0442\u044c!\" \/>\n<meta name=\"robots\" content=\"index, follow, max-snippet:-1, max-image-preview:large, max-video-preview:-1\" \/>\n<link rel=\"canonical\" href=\"https:\/\/regmik.ua\/pl\/product\/sensor-temperature-111\/\" \/>\n<script type=\"application\/ld+json\" class=\"yoast-schema-graph\">{\"@context\":\"https:\\\/\\\/schema.org\",\"@graph\":[{\"@type\":\"WebPage\",\"@id\":\"https:\\\/\\\/regmik.ua\\\/product\\\/sensor-temperature-111\\\/\",\"url\":\"https:\\\/\\\/regmik.ua\\\/product\\\/sensor-temperature-111\\\/\",\"name\":\"\u0414\u0430\u0442\u0447\u0438\u043a\u0438 \u0442\u0435\u043c\u043f\u0435\u0440\u0430\u0442\u0443\u0440\u044b \u0422\u0421\u041f-111 \u0422\u0421\u041c-111 \u0422\u0425\u0410-111 \u0422\u0416\u041a-111 \u0422\u0425\u041a-111&#8211; \u0420\u0415\u0413\u041c\u0406\u041a, \u041d\u0412\u0424, \u041f\u041f\",\"isPartOf\":{\"@id\":\"https:\\\/\\\/regmik.ua\\\/uk\\\/#website\"},\"primaryImageOfPage\":{\"@id\":\"https:\\\/\\\/regmik.ua\\\/product\\\/sensor-temperature-111\\\/#primaryimage\"},\"image\":{\"@id\":\"https:\\\/\\\/regmik.ua\\\/product\\\/sensor-temperature-111\\\/#primaryimage\"},\"thumbnailUrl\":\"https:\\\/\\\/regmik.ua\\\/wp-content\\\/uploads\\\/TSP-111.jpg\",\"datePublished\":\"2025-07-31T08:52:04+00:00\",\"dateModified\":\"2025-07-31T17:39:10+00:00\",\"description\":\"\u041e\u0442\u043a\u0440\u043e\u0439\u0442\u0435 \u043d\u043e\u0432\u044b\u0435 \u0432\u043e\u0437\u043c\u043e\u0436\u043d\u043e\u0441\u0442\u0438 \u0441 \u0434\u0430\u0442\u0447\u0438\u043a\u0430\u043c\u0438 \u0442\u0435\u043c\u043f\u0435\u0440\u0430\u0442\u0443\u0440\u044b \u0422\u0421\u041f-111 \u0422\u0421\u041c-111 \u0422\u0425\u0410-111 \u0422\u0416\u041a-111 \u0422\u0425\u041a-111. \u041f\u0440\u0438\u043c\u0435\u043d\u044f\u0439\u0442\u0435 \u0432 \u0441\u0430\u043c\u044b\u0445 \u0440\u0430\u0437\u043d\u044b\u0445 \u0441\u0440\u0435\u0434\u0430\u0445 \u0438 \u043f\u043e\u0432\u044b\u0441\u0438\u0442\u0435 \u044d\u0444\u0444\u0435\u043a\u0442\u0438\u0432\u043d\u043e\u0441\u0442\u044c!\",\"breadcrumb\":{\"@id\":\"https:\\\/\\\/regmik.ua\\\/product\\\/sensor-temperature-111\\\/#breadcrumb\"},\"inLanguage\":\"pl-PL\",\"potentialAction\":[{\"@type\":\"ReadAction\",\"target\":[\"https:\\\/\\\/regmik.ua\\\/product\\\/sensor-temperature-111\\\/\"]}]},{\"@type\":\"ImageObject\",\"inLanguage\":\"pl-PL\",\"@id\":\"https:\\\/\\\/regmik.ua\\\/product\\\/sensor-temperature-111\\\/#primaryimage\",\"url\":\"https:\\\/\\\/regmik.ua\\\/wp-content\\\/uploads\\\/TSP-111.jpg\",\"contentUrl\":\"https:\\\/\\\/regmik.ua\\\/wp-content\\\/uploads\\\/TSP-111.jpg\",\"width\":403,\"height\":706},{\"@type\":\"BreadcrumbList\",\"@id\":\"https:\\\/\\\/regmik.ua\\\/product\\\/sensor-temperature-111\\\/#breadcrumb\",\"itemListElement\":[{\"@type\":\"ListItem\",\"position\":1,\"name\":\"\u0413\u043b\u0430\u0432\u043d\u0430\u044f \u0441\u0442\u0440\u0430\u043d\u0438\u0446\u0430\",\"item\":\"https:\\\/\\\/regmik.ua\\\/\"},{\"@type\":\"ListItem\",\"position\":2,\"name\":\"\u041f\u0440\u043e\u0434\u0443\u043a\u0446\u0438\u044f\",\"item\":\"https:\\\/\\\/regmik.ua\\\/uk\\\/products\\\/\"},{\"@type\":\"ListItem\",\"position\":3,\"name\":\"\u0414\u0430\u0442\u0447\u0438\u043a\u0438 \u0442\u0435\u043c\u043f\u0435\u0440\u0430\u0442\u0443\u0440\u044b \u0422\u0421\u041f-111 \u0422\u0421\u041c-111 \u0422\u0425\u0410-111 \u0422\u0416\u041a-111 \u0422\u0425\u041a-111\"}]},{\"@type\":\"WebSite\",\"@id\":\"https:\\\/\\\/regmik.ua\\\/uk\\\/#website\",\"url\":\"https:\\\/\\\/regmik.ua\\\/uk\\\/\",\"name\":\"REGMIK\",\"description\":\"\u0418\u0437\u043c\u0435\u0440\u0438\u0442\u0435\u043b\u044c\u043d\u044b\u0435 \u043f\u0440\u0438\u0431\u043e\u0440\u044b \u0438 \u0434\u0430\u0442\u0447\u0438\u043a\u0438 \u0442\u0435\u043c\u043f\u0435\u0440\u0430\u0442\u0443\u0440\u044b\",\"publisher\":{\"@id\":\"https:\\\/\\\/regmik.ua\\\/uk\\\/#organization\"},\"alternateName\":\"REGMIK\",\"potentialAction\":[{\"@type\":\"SearchAction\",\"target\":{\"@type\":\"EntryPoint\",\"urlTemplate\":\"https:\\\/\\\/regmik.ua\\\/uk\\\/?s={search_term_string}\"},\"query-input\":{\"@type\":\"PropertyValueSpecification\",\"valueRequired\":true,\"valueName\":\"search_term_string\"}}],\"inLanguage\":\"pl-PL\"},{\"@type\":\"Organization\",\"@id\":\"https:\\\/\\\/regmik.ua\\\/uk\\\/#organization\",\"name\":\"REGMIK\",\"alternateName\":\"\u0420\u0415\u0413\u041c\u0418\u041a\",\"url\":\"https:\\\/\\\/regmik.ua\\\/uk\\\/\",\"logo\":{\"@type\":\"ImageObject\",\"inLanguage\":\"pl-PL\",\"@id\":\"https:\\\/\\\/regmik.ua\\\/uk\\\/#\\\/schema\\\/logo\\\/image\\\/\",\"url\":\"https:\\\/\\\/regmik.ua\\\/wp-content\\\/uploads\\\/2020\\\/03\\\/regmik_logo.png\",\"contentUrl\":\"https:\\\/\\\/regmik.ua\\\/wp-content\\\/uploads\\\/2020\\\/03\\\/regmik_logo.png\",\"width\":194,\"height\":45,\"caption\":\"REGMIK\"},\"image\":{\"@id\":\"https:\\\/\\\/regmik.ua\\\/uk\\\/#\\\/schema\\\/logo\\\/image\\\/\"},\"sameAs\":[\"https:\\\/\\\/www.facebook.com\\\/regmik.npf\",\"https:\\\/\\\/x.com\\\/regmiknpf\",\"https:\\\/\\\/www.youtube.com\\\/channel\\\/UC_SrY98SKAmR3Kt95GcVKcw\"]}]}<\/script>","yoast_head_json":{"title":"\u0414\u0430\u0442\u0447\u0438\u043a\u0438 \u0442\u0435\u043c\u043f\u0435\u0440\u0430\u0442\u0443\u0440\u044b \u0422\u0421\u041f-111 \u0422\u0421\u041c-111 \u0422\u0425\u0410-111 \u0422\u0416\u041a-111 \u0422\u0425\u041a-111&#8211; \u0420\u0415\u0413\u041c\u0406\u041a, \u041d\u0412\u0424, \u041f\u041f","description":"\u041e\u0442\u043a\u0440\u043e\u0439\u0442\u0435 \u043d\u043e\u0432\u044b\u0435 \u0432\u043e\u0437\u043c\u043e\u0436\u043d\u043e\u0441\u0442\u0438 \u0441 \u0434\u0430\u0442\u0447\u0438\u043a\u0430\u043c\u0438 \u0442\u0435\u043c\u043f\u0435\u0440\u0430\u0442\u0443\u0440\u044b \u0422\u0421\u041f-111 \u0422\u0421\u041c-111 \u0422\u0425\u0410-111 \u0422\u0416\u041a-111 \u0422\u0425\u041a-111. \u041f\u0440\u0438\u043c\u0435\u043d\u044f\u0439\u0442\u0435 \u0432 \u0441\u0430\u043c\u044b\u0445 \u0440\u0430\u0437\u043d\u044b\u0445 \u0441\u0440\u0435\u0434\u0430\u0445 \u0438 \u043f\u043e\u0432\u044b\u0441\u0438\u0442\u0435 \u044d\u0444\u0444\u0435\u043a\u0442\u0438\u0432\u043d\u043e\u0441\u0442\u044c!","robots":{"index":"index","follow":"follow","max-snippet":"max-snippet:-1","max-image-preview":"max-image-preview:large","max-video-preview":"max-video-preview:-1"},"canonical":"https:\/\/regmik.ua\/pl\/product\/sensor-temperature-111\/","schema":{"@context":"https:\/\/schema.org","@graph":[{"@type":"WebPage","@id":"https:\/\/regmik.ua\/product\/sensor-temperature-111\/","url":"https:\/\/regmik.ua\/product\/sensor-temperature-111\/","name":"\u0414\u0430\u0442\u0447\u0438\u043a\u0438 \u0442\u0435\u043c\u043f\u0435\u0440\u0430\u0442\u0443\u0440\u044b \u0422\u0421\u041f-111 \u0422\u0421\u041c-111 \u0422\u0425\u0410-111 \u0422\u0416\u041a-111 \u0422\u0425\u041a-111&#8211; \u0420\u0415\u0413\u041c\u0406\u041a, \u041d\u0412\u0424, \u041f\u041f","isPartOf":{"@id":"https:\/\/regmik.ua\/uk\/#website"},"primaryImageOfPage":{"@id":"https:\/\/regmik.ua\/product\/sensor-temperature-111\/#primaryimage"},"image":{"@id":"https:\/\/regmik.ua\/product\/sensor-temperature-111\/#primaryimage"},"thumbnailUrl":"https:\/\/regmik.ua\/wp-content\/uploads\/TSP-111.jpg","datePublished":"2025-07-31T08:52:04+00:00","dateModified":"2025-07-31T17:39:10+00:00","description":"\u041e\u0442\u043a\u0440\u043e\u0439\u0442\u0435 \u043d\u043e\u0432\u044b\u0435 \u0432\u043e\u0437\u043c\u043e\u0436\u043d\u043e\u0441\u0442\u0438 \u0441 \u0434\u0430\u0442\u0447\u0438\u043a\u0430\u043c\u0438 \u0442\u0435\u043c\u043f\u0435\u0440\u0430\u0442\u0443\u0440\u044b \u0422\u0421\u041f-111 \u0422\u0421\u041c-111 \u0422\u0425\u0410-111 \u0422\u0416\u041a-111 \u0422\u0425\u041a-111. \u041f\u0440\u0438\u043c\u0435\u043d\u044f\u0439\u0442\u0435 \u0432 \u0441\u0430\u043c\u044b\u0445 \u0440\u0430\u0437\u043d\u044b\u0445 \u0441\u0440\u0435\u0434\u0430\u0445 \u0438 \u043f\u043e\u0432\u044b\u0441\u0438\u0442\u0435 \u044d\u0444\u0444\u0435\u043a\u0442\u0438\u0432\u043d\u043e\u0441\u0442\u044c!","breadcrumb":{"@id":"https:\/\/regmik.ua\/product\/sensor-temperature-111\/#breadcrumb"},"inLanguage":"pl-PL","potentialAction":[{"@type":"ReadAction","target":["https:\/\/regmik.ua\/product\/sensor-temperature-111\/"]}]},{"@type":"ImageObject","inLanguage":"pl-PL","@id":"https:\/\/regmik.ua\/product\/sensor-temperature-111\/#primaryimage","url":"https:\/\/regmik.ua\/wp-content\/uploads\/TSP-111.jpg","contentUrl":"https:\/\/regmik.ua\/wp-content\/uploads\/TSP-111.jpg","width":403,"height":706},{"@type":"BreadcrumbList","@id":"https:\/\/regmik.ua\/product\/sensor-temperature-111\/#breadcrumb","itemListElement":[{"@type":"ListItem","position":1,"name":"\u0413\u043b\u0430\u0432\u043d\u0430\u044f \u0441\u0442\u0440\u0430\u043d\u0438\u0446\u0430","item":"https:\/\/regmik.ua\/"},{"@type":"ListItem","position":2,"name":"\u041f\u0440\u043e\u0434\u0443\u043a\u0446\u0438\u044f","item":"https:\/\/regmik.ua\/uk\/products\/"},{"@type":"ListItem","position":3,"name":"\u0414\u0430\u0442\u0447\u0438\u043a\u0438 \u0442\u0435\u043c\u043f\u0435\u0440\u0430\u0442\u0443\u0440\u044b \u0422\u0421\u041f-111 \u0422\u0421\u041c-111 \u0422\u0425\u0410-111 \u0422\u0416\u041a-111 \u0422\u0425\u041a-111"}]},{"@type":"WebSite","@id":"https:\/\/regmik.ua\/uk\/#website","url":"https:\/\/regmik.ua\/uk\/","name":"REGMIK","description":"Przyrz\u0105dy pomiarowe i czujniki temperatury","publisher":{"@id":"https:\/\/regmik.ua\/uk\/#organization"},"alternateName":"REGMIK","potentialAction":[{"@type":"SearchAction","target":{"@type":"EntryPoint","urlTemplate":"https:\/\/regmik.ua\/uk\/?s={search_term_string}"},"query-input":{"@type":"PropertyValueSpecification","valueRequired":true,"valueName":"search_term_string"}}],"inLanguage":"pl-PL"},{"@type":"Organization","@id":"https:\/\/regmik.ua\/uk\/#organization","name":"REGMIK","alternateName":"\u0420\u0415\u0413\u041c\u0418\u041a","url":"https:\/\/regmik.ua\/uk\/","logo":{"@type":"ImageObject","inLanguage":"pl-PL","@id":"https:\/\/regmik.ua\/uk\/#\/schema\/logo\/image\/","url":"https:\/\/regmik.ua\/wp-content\/uploads\/2020\/03\/regmik_logo.png","contentUrl":"https:\/\/regmik.ua\/wp-content\/uploads\/2020\/03\/regmik_logo.png","width":194,"height":45,"caption":"REGMIK"},"image":{"@id":"https:\/\/regmik.ua\/uk\/#\/schema\/logo\/image\/"},"sameAs":["https:\/\/www.facebook.com\/regmik.npf","https:\/\/x.com\/regmiknpf","https:\/\/www.youtube.com\/channel\/UC_SrY98SKAmR3Kt95GcVKcw"]}]}},"_links":{"self":[{"href":"https:\/\/regmik.ua\/pl\/wp-json\/wp\/v2\/product\/29397","targetHints":{"allow":["GET"]}}],"collection":[{"href":"https:\/\/regmik.ua\/pl\/wp-json\/wp\/v2\/product"}],"about":[{"href":"https:\/\/regmik.ua\/pl\/wp-json\/wp\/v2\/types\/product"}],"replies":[{"embeddable":true,"href":"https:\/\/regmik.ua\/pl\/wp-json\/wp\/v2\/comments?post=29397"}],"version-history":[{"count":0,"href":"https:\/\/regmik.ua\/pl\/wp-json\/wp\/v2\/product\/29397\/revisions"}],"wp:featuredmedia":[{"embeddable":true,"href":"https:\/\/regmik.ua\/pl\/wp-json\/wp\/v2\/media\/29442"}],"wp:attachment":[{"href":"https:\/\/regmik.ua\/pl\/wp-json\/wp\/v2\/media?parent=29397"}],"wp:term":[{"taxonomy":"product_brand","embeddable":true,"href":"https:\/\/regmik.ua\/pl\/wp-json\/wp\/v2\/product_brand?post=29397"},{"taxonomy":"product_cat","embeddable":true,"href":"https:\/\/regmik.ua\/pl\/wp-json\/wp\/v2\/product_cat?post=29397"},{"taxonomy":"product_tag","embeddable":true,"href":"https:\/\/regmik.ua\/pl\/wp-json\/wp\/v2\/product_tag?post=29397"}],"curies":[{"name":"wp","href":"https:\/\/api.w.org\/{rel}","templated":true}]}}