{"id":29140,"date":"2025-03-20T19:41:29","date_gmt":"2025-03-20T17:41:29","guid":{"rendered":"https:\/\/regmik.ua\/?post_type=product&#038;p=29140"},"modified":"2025-04-10T11:47:26","modified_gmt":"2025-04-10T09:47:26","slug":"dvt-304","status":"publish","type":"product","link":"https:\/\/regmik.ua\/pl\/product\/dvt-304\/","title":{"rendered":"Czujnik wilgotno\u015bci i temperatury DVT-304"},"content":{"rendered":"<p>Firma \"REGMIK\" produkuje czujniki wilgotno\u015bci i temperatury DVT-304 z analogowym elementem pomiarowym. Czujniki DVT-304 wykorzystuj\u0105 element Honeywell jako czu\u0142y element do pomiaru wilgotno\u015bci. Do pomiaru temperatury u\u017cywane s\u0105 czujniki temperatury niemieckiej firmy Heraeus.<\/p>\n<p>Czujnik wilgotno\u015bci DVT-304 jest stosowany w systemach automatycznej regulacji i kontroli proces\u00f3w technologicznych w przemy\u015ble.  R\u00f3wnie\u017c w systemach kontroli i monitorowania mikroklimatu pomieszcze\u0144, w suszarniach. Os\u0142ona ochronna czujnika wykonana jest ze spienionych cz\u0105stek stali nierdzewnej o drobnej porowato\u015bci, kt\u00f3ra nie utlenia si\u0119.<\/p>\n<p>W rezultacie element czujnikowy jest chroniony przed ma\u0142ymi cz\u0105steczkami py\u0142u i przed rozpryskami padaj\u0105cymi w dowolnym kierunku. W przypadku przywierania \u017cywicy, trocin, brudu itp. do os\u0142ony ochronnej, mo\u017cna j\u0105 ostro\u017cnie zdj\u0105\u0107 i umy\u0107 w rozpuszczalniku. Przed ponown\u0105 instalacj\u0105 nale\u017cy j\u0105 jednak wysuszy\u0107.<\/p>\n<p>Czujniki wilgotno\u015bci i temperatury s\u0142u\u017c\u0105 do zamiany warto\u015bci wilgotno\u015bci wzgl\u0119dnej otoczenia gazowego i jego temperatury (z wyj\u0105tkiem gaz\u00f3w agresywnych) na standardowe sygna\u0142y elektryczne:<\/p>\n<ul>\n<li class=\"a\">napi\u0119cie analogowe (zmierzona warto\u015b\u0107 napi\u0119cia na czujniku wilgotno\u015bci);<\/li>\n<li class=\"a\"><a href=\"https:\/\/uk.wikipedia.org\/wiki\/I%C2%B2C\">\u04062\u0421<\/a>\u00a0- czujniki cyfrowe;<\/li>\n<li class=\"a\">napi\u0119cie 0-10V - dla czujnik\u00f3w cyfrowych i analogowych;<\/li>\n<li class=\"a\">pr\u0105d 4-20mA - dla czujnik\u00f3w cyfrowych i analogowych;<\/li>\n<li class=\"a\">rezystancja (warto\u015b\u0107 temperatury z czujnika temperatury Pt100, Pt500 lub Pt1000) - dla czujnik\u00f3w analogowych;<\/li>\n<li class=\"a\"><a href=\"https:\/\/uk.wikipedia.org\/wiki\/RS-485\">RS-485<\/a>\u00a0(Protok\u00f3\u0142 ModBus RTU) - dla czujnik\u00f3w cyfrowych.<\/li>\n<\/ul>\n<p>Obszar zastosowa\u0144 czujnik\u00f3w wilgotno\u015bci powietrza jest bardzo szeroki i obejmuje:<\/p>\n<ul>\n<li>Utrzymanie mikroklimatu w okre\u015blonych granicach w produkcji wyposa\u017conej w wra\u017cliwe na wilgo\u0107 urz\u0105dzenia elektroniczne;<\/li>\n<li>Kontrola wska\u017anik\u00f3w wilgotno\u015bci w pomieszczeniach biurowych, w \u017cyciu codziennym;<\/li>\n<li>W zakresie us\u0142ug mieszkaniowych i komunalnych - w kot\u0142owniach i stacjach uzdatniania wody mo\u017cna zapobiega\u0107 tworzeniu si\u0119 kondensatu;<\/li>\n<li>Okresowa kontrola pomaga zapobiega\u0107 pojawianiu si\u0119 ple\u015bni, ple\u015bni na \u015bcianach budynku lub w magazynie;<\/li>\n<li>Kontrola proces\u00f3w technologicznych;<\/li>\n<li>Monitorowanie parametr\u00f3w \u015brodowiskowych itp.<\/li>\n<\/ul>\n<p>Materia\u0142 armatury ochronnej czujnik\u00f3w to stal nierdzewna klasy 12X18N10T. Czujniki wilgotno\u015bci i temperatury DVT-304 nie pozwalaj\u0105 na kondensacj\u0119 wilgoci.<\/p>\n<p>Wielowarstwowa konstrukcja elementu czujnika wilgotno\u015bci zapewnia doskona\u0142\u0105 odporno\u015b\u0107 na wi\u0119kszo\u015b\u0107 zagro\u017ce\u0144 zwi\u0105zanych z zastosowaniem, takich jak zamoczenie, kurz, brud, oleje i typowe chemikalia wyst\u0119puj\u0105ce w \u015brodowisku. Kluczowe cechy czujnik\u00f3w opartych na elementach Honeywell:<\/p>\n<ul>\n<li>Formowany korpus wykonany z termoutwardzalnego tworzywa sztucznego;<\/li>\n<li>Prawie liniowe napi\u0119cie wyj\u015bciowe w funkcji wilgotno\u015bci wzgl\u0119dnej;<\/li>\n<li>Wymienne z pasowaniem laserowym;<\/li>\n<li>Konstrukcja o niskiej mocy;<\/li>\n<li>Zwi\u0119kszona dok\u0142adno\u015b\u0107;<\/li>\n<li>Kr\u00f3tki czas reakcji;<\/li>\n<li>Stabilna wydajno\u015b\u0107 przy niskim znoszeniu;<\/li>\n<li>Odporno\u015b\u0107 chemiczna.<\/li>\n<\/ul>\n<p>Przetwornik dzia\u0142a stabilnie w zalecanym zakresie pomiarowym wilgotno\u015bci i temperatury. D\u0142ugotrwa\u0142e nara\u017cenie na warunki spoza normalnego zakresu, zw\u0142aszcza wilgotno\u015b\u0107&gt; 80%, mo\u017ce czasowo zwi\u0119kszy\u0107 niepewno\u015b\u0107 pomiaru. Po powrocie do normalnego zakresu, powr\u00f3ci powoli do ustawie\u0144 fabrycznych.<\/p>\n<p>Szczeg\u00f3ln\u0105 ostro\u017cno\u015b\u0107 nale\u017cy zachowa\u0107 podczas u\u017cywania przetwornika w wilgotnych warunkach (&gt; 98%) oraz w pobli\u017cu punktu rosy, np je\u015bli jest mokry, element czujnikowy mo\u017ce zosta\u0107 nieodwracalnie uszkodzony.<\/p>\n<p>Dost\u0119pne s\u0105 r\u00f3wnie\u017c inne modyfikacje czujnik\u00f3w wilgotno\u015bci, z kt\u00f3rymi mo\u017cna si\u0119 zapozna\u0107\u00a0<a href=\"https:\/\/regmik.ua\/product-category\/sensors\/humidity-sensors\/?filter_tip-che=sht&amp;query_type_tip-che=or\">link ...<\/a><\/p>","protected":false},"excerpt":{"rendered":"<p>REGMIK DVT-304 \u2013 czujnik temperatury i wilgotno\u015bci przeznaczony jest do pomiaru temperatury powietrza w zakresie od -40 do +85\u00b0C i wilgotno\u015bci wzgl\u0119dnej w zakresie od 0 do 100 %. Stopie\u0144 ochrony czujnika zamontowanego os\u0142on\u0105 ochronn\u0105 skierowan\u0105 w d\u00f3\u0142 wynosi IP64.<\/p>","protected":false},"featured_media":29191,"comment_status":"open","ping_status":"closed","template":"","meta":[],"product_brand":[],"product_cat":[492],"product_tag":[89,553,3080],"class_list":{"0":"post-29140","1":"product","2":"type-product","3":"status-publish","4":"has-post-thumbnail","6":"product_cat-humidity-sensors","7":"product_tag-datchik","8":"product_tag-datchik-vlazhnosti","9":"product_tag-datchik-vlazhnosti-i-temperatury","10":"pa_tip-che-hih","11":"pa_unif-signal-dvt-sht-i2c","12":"pa_unif-signal-resistance-rs485","13":"pa_unif-signal-dvt-sht-rs485","14":"pa_unif-signal-tc-hih-resistance-analog-voltage","15":"pa_unif-signal-dvt-ts-hih-soprotivlenie-tok-4-20ma","16":"pa_unif-signal-dvt-ts-hih-napryazhenie-0-10v-napryazhenie-0-10v","17":"pa_unif-signal-dvt-sht-napryazhenie-0-10v-napryazhenie-0-10v","18":"pa_unif-signal-dvt-ts-hih-tok-4-20ma-tok-4-20ma","19":"pa_unif-signal-dvt-sht-tok-4-20ma-tok-4-20ma","20":"pa_vid-metrologicheskoy-620","23":"instock","24":"shipping-taxable","25":"purchasable","26":"product-type-variable","27":"has-default-attributes"},"yoast_head":"<title>\u0414\u0430\u0442\u0447\u0438\u043a \u0432\u043b\u0430\u0436\u043d\u043e\u0441\u0442\u0438 \u0438 \u0442\u0435\u043c\u043f\u0435\u0440\u0430\u0442\u0443\u0440\u044b \u0414\u0412\u0422-304<\/title>\n<meta name=\"description\" content=\"\u0420\u0415\u0413\u041c\u0418\u041a \u0414\u0412\u0422-304 \u2013 \u0434\u0430\u0442\u0447\u0438\u043a \u0442\u0435\u043c\u043f\u0435\u0440\u0430\u0442\u0443\u0440\u044b \u0438 \u0432\u043b\u0430\u0436\u043d\u043e\u0441\u0442\u0438 \u043f\u0440\u0435\u0434\u043d\u0430\u0437\u043d\u0430\u0447\u0435\u043d \u0434\u043b\u044f \u0438\u0437\u043c\u0435\u0440\u0435\u043d\u0438\u044f \u0442\u0435\u043c\u043f\u0435\u0440\u0430\u0442\u0443\u0440\u044b \u0432\u043e\u0437\u0434\u0443\u0445\u0430 \u043e\u0442 -40 \u0434\u043e +85\u00b0\u0421 \u0438 \u043e\u0442\u043d\u043e\u0441\u0438\u0442\u0435\u043b\u044c\u043d\u043e\u0439 \u0432\u043b\u0430\u0436\u043d\u043e\u0441\u0442\u0438 \u043e\u0442 0 \u0434\u043e 100 %. \u0421\u0442\u0435\u043f\u0435\u043d\u044c \u0437\u0430\u0449\u0438\u0442\u044b \u0434\u0430\u0442\u0447\u0438\u043a\u0430 \u043f\u0440\u0438 \u0443\u0441\u0442\u0430\u043d\u043e\u0432\u043a\u0435 \u0437\u0430\u0449\u0438\u0442\u043d\u044b\u043c \u0447\u0435\u0445\u043b\u043e\u043c \u0447\u0443\u0432\u0441\u0442\u0432\u0438\u0442\u0435\u043b\u044c\u043d\u043e\u0433\u043e \u044d\u043b\u0435\u043c\u0435\u043d\u0442\u0430 \u0432\u043d\u0438\u0437 - IP64.\" \/>\n<meta name=\"robots\" content=\"index, follow, max-snippet:-1, max-image-preview:large, max-video-preview:-1\" \/>\n<link rel=\"canonical\" href=\"https:\/\/regmik.ua\/pl\/product\/dvt-304\/\" \/>\n<script type=\"application\/ld+json\" class=\"yoast-schema-graph\">{\"@context\":\"https:\\\/\\\/schema.org\",\"@graph\":[{\"@type\":\"WebPage\",\"@id\":\"https:\\\/\\\/regmik.ua\\\/product\\\/dvt-304\\\/\",\"url\":\"https:\\\/\\\/regmik.ua\\\/product\\\/dvt-304\\\/\",\"name\":\"\u0414\u0430\u0442\u0447\u0438\u043a \u0432\u043b\u0430\u0436\u043d\u043e\u0441\u0442\u0438 \u0438 \u0442\u0435\u043c\u043f\u0435\u0440\u0430\u0442\u0443\u0440\u044b \u0414\u0412\u0422-304\",\"isPartOf\":{\"@id\":\"https:\\\/\\\/regmik.ua\\\/uk\\\/#website\"},\"primaryImageOfPage\":{\"@id\":\"https:\\\/\\\/regmik.ua\\\/product\\\/dvt-304\\\/#primaryimage\"},\"image\":{\"@id\":\"https:\\\/\\\/regmik.ua\\\/product\\\/dvt-304\\\/#primaryimage\"},\"thumbnailUrl\":\"https:\\\/\\\/regmik.ua\\\/wp-content\\\/uploads\\\/\u0414\u0412\u0422\u0446-304-600\u0445768.jpg\",\"datePublished\":\"2025-03-20T17:41:29+00:00\",\"dateModified\":\"2025-04-10T09:47:26+00:00\",\"description\":\"\u0420\u0415\u0413\u041c\u0418\u041a \u0414\u0412\u0422-304 \u2013 \u0434\u0430\u0442\u0447\u0438\u043a \u0442\u0435\u043c\u043f\u0435\u0440\u0430\u0442\u0443\u0440\u044b \u0438 \u0432\u043b\u0430\u0436\u043d\u043e\u0441\u0442\u0438 \u043f\u0440\u0435\u0434\u043d\u0430\u0437\u043d\u0430\u0447\u0435\u043d \u0434\u043b\u044f \u0438\u0437\u043c\u0435\u0440\u0435\u043d\u0438\u044f \u0442\u0435\u043c\u043f\u0435\u0440\u0430\u0442\u0443\u0440\u044b \u0432\u043e\u0437\u0434\u0443\u0445\u0430 \u043e\u0442 -40 \u0434\u043e +85\u00b0\u0421 \u0438 \u043e\u0442\u043d\u043e\u0441\u0438\u0442\u0435\u043b\u044c\u043d\u043e\u0439 \u0432\u043b\u0430\u0436\u043d\u043e\u0441\u0442\u0438 \u043e\u0442 0 \u0434\u043e 100 %. \u0421\u0442\u0435\u043f\u0435\u043d\u044c \u0437\u0430\u0449\u0438\u0442\u044b \u0434\u0430\u0442\u0447\u0438\u043a\u0430 \u043f\u0440\u0438 \u0443\u0441\u0442\u0430\u043d\u043e\u0432\u043a\u0435 \u0437\u0430\u0449\u0438\u0442\u043d\u044b\u043c \u0447\u0435\u0445\u043b\u043e\u043c \u0447\u0443\u0432\u0441\u0442\u0432\u0438\u0442\u0435\u043b\u044c\u043d\u043e\u0433\u043e \u044d\u043b\u0435\u043c\u0435\u043d\u0442\u0430 \u0432\u043d\u0438\u0437 - IP64.\",\"breadcrumb\":{\"@id\":\"https:\\\/\\\/regmik.ua\\\/product\\\/dvt-304\\\/#breadcrumb\"},\"inLanguage\":\"pl-PL\",\"potentialAction\":[{\"@type\":\"ReadAction\",\"target\":[\"https:\\\/\\\/regmik.ua\\\/product\\\/dvt-304\\\/\"]}]},{\"@type\":\"ImageObject\",\"inLanguage\":\"pl-PL\",\"@id\":\"https:\\\/\\\/regmik.ua\\\/product\\\/dvt-304\\\/#primaryimage\",\"url\":\"https:\\\/\\\/regmik.ua\\\/wp-content\\\/uploads\\\/\u0414\u0412\u0422\u0446-304-600\u0445768.jpg\",\"contentUrl\":\"https:\\\/\\\/regmik.ua\\\/wp-content\\\/uploads\\\/\u0414\u0412\u0422\u0446-304-600\u0445768.jpg\",\"width\":600,\"height\":768,\"caption\":\"\u0414\u0412\u0422(\u0446)-304\"},{\"@type\":\"BreadcrumbList\",\"@id\":\"https:\\\/\\\/regmik.ua\\\/product\\\/dvt-304\\\/#breadcrumb\",\"itemListElement\":[{\"@type\":\"ListItem\",\"position\":1,\"name\":\"\u0413\u043b\u0430\u0432\u043d\u0430\u044f \u0441\u0442\u0440\u0430\u043d\u0438\u0446\u0430\",\"item\":\"https:\\\/\\\/regmik.ua\\\/\"},{\"@type\":\"ListItem\",\"position\":2,\"name\":\"\u041f\u0440\u043e\u0434\u0443\u043a\u0446\u0438\u044f\",\"item\":\"https:\\\/\\\/regmik.ua\\\/uk\\\/products\\\/\"},{\"@type\":\"ListItem\",\"position\":3,\"name\":\"\u0414\u0430\u0442\u0447\u0438\u043a \u0432\u043b\u0430\u0436\u043d\u043e\u0441\u0442\u0438 \u0438 \u0442\u0435\u043c\u043f\u0435\u0440\u0430\u0442\u0443\u0440\u044b \u0414\u0412\u0422-304\"}]},{\"@type\":\"WebSite\",\"@id\":\"https:\\\/\\\/regmik.ua\\\/uk\\\/#website\",\"url\":\"https:\\\/\\\/regmik.ua\\\/uk\\\/\",\"name\":\"REGMIK\",\"description\":\"\u0418\u0437\u043c\u0435\u0440\u0438\u0442\u0435\u043b\u044c\u043d\u044b\u0435 \u043f\u0440\u0438\u0431\u043e\u0440\u044b \u0438 \u0434\u0430\u0442\u0447\u0438\u043a\u0438 \u0442\u0435\u043c\u043f\u0435\u0440\u0430\u0442\u0443\u0440\u044b\",\"publisher\":{\"@id\":\"https:\\\/\\\/regmik.ua\\\/uk\\\/#organization\"},\"alternateName\":\"REGMIK\",\"potentialAction\":[{\"@type\":\"SearchAction\",\"target\":{\"@type\":\"EntryPoint\",\"urlTemplate\":\"https:\\\/\\\/regmik.ua\\\/uk\\\/?s={search_term_string}\"},\"query-input\":{\"@type\":\"PropertyValueSpecification\",\"valueRequired\":true,\"valueName\":\"search_term_string\"}}],\"inLanguage\":\"pl-PL\"},{\"@type\":\"Organization\",\"@id\":\"https:\\\/\\\/regmik.ua\\\/uk\\\/#organization\",\"name\":\"REGMIK\",\"alternateName\":\"\u0420\u0415\u0413\u041c\u0418\u041a\",\"url\":\"https:\\\/\\\/regmik.ua\\\/uk\\\/\",\"logo\":{\"@type\":\"ImageObject\",\"inLanguage\":\"pl-PL\",\"@id\":\"https:\\\/\\\/regmik.ua\\\/uk\\\/#\\\/schema\\\/logo\\\/image\\\/\",\"url\":\"https:\\\/\\\/regmik.ua\\\/wp-content\\\/uploads\\\/2020\\\/03\\\/regmik_logo.png\",\"contentUrl\":\"https:\\\/\\\/regmik.ua\\\/wp-content\\\/uploads\\\/2020\\\/03\\\/regmik_logo.png\",\"width\":194,\"height\":45,\"caption\":\"REGMIK\"},\"image\":{\"@id\":\"https:\\\/\\\/regmik.ua\\\/uk\\\/#\\\/schema\\\/logo\\\/image\\\/\"},\"sameAs\":[\"https:\\\/\\\/www.facebook.com\\\/regmik.npf\",\"https:\\\/\\\/x.com\\\/regmiknpf\",\"https:\\\/\\\/www.youtube.com\\\/channel\\\/UC_SrY98SKAmR3Kt95GcVKcw\"]}]}<\/script>","yoast_head_json":{"title":"Czujnik wilgotno\u015bci i temperatury DVT-304","description":"REGMIK DVT-304 - czujnik temperatury i wilgotno\u015bci jest przeznaczony do pomiaru temperatury powietrza od -40 do +85\u00b0C i wilgotno\u015bci wzgl\u0119dnej od 0 do 100 %. Stopie\u0144 ochrony czujnika po zainstalowaniu z os\u0142on\u0105 ochronn\u0105 elementu czu\u0142ego skierowan\u0105 w d\u00f3\u0142 wynosi IP64.","robots":{"index":"index","follow":"follow","max-snippet":"max-snippet:-1","max-image-preview":"max-image-preview:large","max-video-preview":"max-video-preview:-1"},"canonical":"https:\/\/regmik.ua\/pl\/product\/dvt-304\/","schema":{"@context":"https:\/\/schema.org","@graph":[{"@type":"WebPage","@id":"https:\/\/regmik.ua\/product\/dvt-304\/","url":"https:\/\/regmik.ua\/product\/dvt-304\/","name":"Czujnik wilgotno\u015bci i temperatury DVT-304","isPartOf":{"@id":"https:\/\/regmik.ua\/uk\/#website"},"primaryImageOfPage":{"@id":"https:\/\/regmik.ua\/product\/dvt-304\/#primaryimage"},"image":{"@id":"https:\/\/regmik.ua\/product\/dvt-304\/#primaryimage"},"thumbnailUrl":"https:\/\/regmik.ua\/wp-content\/uploads\/\u0414\u0412\u0422\u0446-304-600\u0445768.jpg","datePublished":"2025-03-20T17:41:29+00:00","dateModified":"2025-04-10T09:47:26+00:00","description":"REGMIK DVT-304 - czujnik temperatury i wilgotno\u015bci jest przeznaczony do pomiaru temperatury powietrza od -40 do +85\u00b0C i wilgotno\u015bci wzgl\u0119dnej od 0 do 100 %. Stopie\u0144 ochrony czujnika po zainstalowaniu z os\u0142on\u0105 ochronn\u0105 elementu czu\u0142ego skierowan\u0105 w d\u00f3\u0142 wynosi IP64.","breadcrumb":{"@id":"https:\/\/regmik.ua\/product\/dvt-304\/#breadcrumb"},"inLanguage":"pl-PL","potentialAction":[{"@type":"ReadAction","target":["https:\/\/regmik.ua\/product\/dvt-304\/"]}]},{"@type":"ImageObject","inLanguage":"pl-PL","@id":"https:\/\/regmik.ua\/product\/dvt-304\/#primaryimage","url":"https:\/\/regmik.ua\/wp-content\/uploads\/\u0414\u0412\u0422\u0446-304-600\u0445768.jpg","contentUrl":"https:\/\/regmik.ua\/wp-content\/uploads\/\u0414\u0412\u0422\u0446-304-600\u0445768.jpg","width":600,"height":768,"caption":"\u0414\u0412\u0422(\u0446)-304"},{"@type":"BreadcrumbList","@id":"https:\/\/regmik.ua\/product\/dvt-304\/#breadcrumb","itemListElement":[{"@type":"ListItem","position":1,"name":"\u0413\u043b\u0430\u0432\u043d\u0430\u044f \u0441\u0442\u0440\u0430\u043d\u0438\u0446\u0430","item":"https:\/\/regmik.ua\/"},{"@type":"ListItem","position":2,"name":"\u041f\u0440\u043e\u0434\u0443\u043a\u0446\u0438\u044f","item":"https:\/\/regmik.ua\/uk\/products\/"},{"@type":"ListItem","position":3,"name":"\u0414\u0430\u0442\u0447\u0438\u043a \u0432\u043b\u0430\u0436\u043d\u043e\u0441\u0442\u0438 \u0438 \u0442\u0435\u043c\u043f\u0435\u0440\u0430\u0442\u0443\u0440\u044b \u0414\u0412\u0422-304"}]},{"@type":"WebSite","@id":"https:\/\/regmik.ua\/uk\/#website","url":"https:\/\/regmik.ua\/uk\/","name":"REGMIK","description":"Przyrz\u0105dy pomiarowe i czujniki temperatury","publisher":{"@id":"https:\/\/regmik.ua\/uk\/#organization"},"alternateName":"REGMIK","potentialAction":[{"@type":"SearchAction","target":{"@type":"EntryPoint","urlTemplate":"https:\/\/regmik.ua\/uk\/?s={search_term_string}"},"query-input":{"@type":"PropertyValueSpecification","valueRequired":true,"valueName":"search_term_string"}}],"inLanguage":"pl-PL"},{"@type":"Organization","@id":"https:\/\/regmik.ua\/uk\/#organization","name":"REGMIK","alternateName":"\u0420\u0415\u0413\u041c\u0418\u041a","url":"https:\/\/regmik.ua\/uk\/","logo":{"@type":"ImageObject","inLanguage":"pl-PL","@id":"https:\/\/regmik.ua\/uk\/#\/schema\/logo\/image\/","url":"https:\/\/regmik.ua\/wp-content\/uploads\/2020\/03\/regmik_logo.png","contentUrl":"https:\/\/regmik.ua\/wp-content\/uploads\/2020\/03\/regmik_logo.png","width":194,"height":45,"caption":"REGMIK"},"image":{"@id":"https:\/\/regmik.ua\/uk\/#\/schema\/logo\/image\/"},"sameAs":["https:\/\/www.facebook.com\/regmik.npf","https:\/\/x.com\/regmiknpf","https:\/\/www.youtube.com\/channel\/UC_SrY98SKAmR3Kt95GcVKcw"]}]}},"_links":{"self":[{"href":"https:\/\/regmik.ua\/pl\/wp-json\/wp\/v2\/product\/29140","targetHints":{"allow":["GET"]}}],"collection":[{"href":"https:\/\/regmik.ua\/pl\/wp-json\/wp\/v2\/product"}],"about":[{"href":"https:\/\/regmik.ua\/pl\/wp-json\/wp\/v2\/types\/product"}],"replies":[{"embeddable":true,"href":"https:\/\/regmik.ua\/pl\/wp-json\/wp\/v2\/comments?post=29140"}],"version-history":[{"count":0,"href":"https:\/\/regmik.ua\/pl\/wp-json\/wp\/v2\/product\/29140\/revisions"}],"wp:featuredmedia":[{"embeddable":true,"href":"https:\/\/regmik.ua\/pl\/wp-json\/wp\/v2\/media\/29191"}],"wp:attachment":[{"href":"https:\/\/regmik.ua\/pl\/wp-json\/wp\/v2\/media?parent=29140"}],"wp:term":[{"taxonomy":"product_brand","embeddable":true,"href":"https:\/\/regmik.ua\/pl\/wp-json\/wp\/v2\/product_brand?post=29140"},{"taxonomy":"product_cat","embeddable":true,"href":"https:\/\/regmik.ua\/pl\/wp-json\/wp\/v2\/product_cat?post=29140"},{"taxonomy":"product_tag","embeddable":true,"href":"https:\/\/regmik.ua\/pl\/wp-json\/wp\/v2\/product_tag?post=29140"}],"curies":[{"name":"wp","href":"https:\/\/api.w.org\/{rel}","templated":true}]}}