{"id":20726,"date":"2020-06-02T10:27:06","date_gmt":"2020-06-02T08:27:06","guid":{"rendered":"https:\/\/regmik.com.ua\/?post_type=product&#038;p=20726"},"modified":"2023-11-23T15:54:51","modified_gmt":"2023-11-23T13:54:51","slug":"konduktometricheskij-datchik-urovnya-modifikatsiya-du-004","status":"publish","type":"product","link":"https:\/\/regmik.ua\/pl\/product\/konduktometricheskij-datchik-urovnya-modifikatsiya-du-004\/","title":{"rendered":"Konduktometryczny czujnik poziomu DU-004"},"content":{"rendered":"<div data-elementor-type=\"wp-post\" data-elementor-id=\"20726\" class=\"elementor elementor-20726\">\n\t\t\t\t\t\t<section class=\"elementor-section elementor-top-section elementor-element elementor-element-3fceef5f elementor-section-boxed elementor-section-height-default elementor-section-height-default\" data-id=\"3fceef5f\" data-element_type=\"section\" data-e-type=\"section\">\n\t\t\t\t\t\t<div class=\"elementor-container elementor-column-gap-default\">\n\t\t\t\t\t<div class=\"elementor-column elementor-col-100 elementor-top-column elementor-element elementor-element-4e9bfa00\" data-id=\"4e9bfa00\" data-element_type=\"column\" data-e-type=\"column\">\n\t\t\t<div class=\"elementor-widget-wrap elementor-element-populated\">\n\t\t\t\t\t\t<div class=\"elementor-element elementor-element-1dbe5725 elementor-widget elementor-widget-text-editor\" data-id=\"1dbe5725\" data-element_type=\"widget\" data-e-type=\"widget\" data-widget_type=\"text-editor.default\">\n\t\t\t\t\t\t\t\t\t<p style=\"caret-color: #000000; color: #000000;\"><strong>Konduktometryczne czujniki poziomu DU-004\u00a0<\/strong> przeznaczony do sygnalizacji poziomu cieczy przewodz\u0105cych pr\u0105d elektryczny (woda, mleko, produkty spo\u017cywcze - s\u0142abo kwa\u015bne, zasadowe itp.).<\/p><p style=\"caret-color: #000000; color: #000000;\">W najprostszej postaci konduktometryczny czujnik poziomu DU-004 wykonany jest z elektrod ze stali nierdzewnej, z kt\u00f3rych jedna s\u0142u\u017cy jako wsp\u00f3lna w obwodzie steruj\u0105cym i jest montowana w zbiorniku tak, aby jego cz\u0119\u015b\u0107 robocza mia\u0142a sta\u0142y kontakt z ciecz\u0105 , w szczeg\u00f3lno\u015bci korpus przewodz\u0105cy mo\u017ce sta\u0107 si\u0119 zwyk\u0142ym pojemnikiem na elektrod\u0119 z ciecz\u0105. Inne elektrody b\u0119d\u0105 sygnalizowa\u0107 i znajduj\u0105 si\u0119 na pewnych poziomach, kt\u00f3re nale\u017cy monitorowa\u0107.<\/p><p style=\"caret-color: #000000; color: #000000;\">Czujniki poziomu z jedn\u0105 elektrod\u0105 nadaj\u0105 si\u0119 do stosowania w zamkni\u0119tych lub otwartych metalowych pojemnikach.<\/p><p style=\"caret-color: #000000; color: #000000;\">Konduktometryczny czujnik poziomu DU-004 jest produkowany z gwintem monta\u017cowym: metrycznym zgodnie z GOST 24705, cylindrycznym gwintem rurowym zgodnie z GOST 6357 i sto\u017ckowym gwintem calowym zgodnie z GOST 6111. Gwint monta\u017cowy mo\u017ce by\u0107 wykonany zgodnie z innymi standardami na \u017cyczenie klienta.<\/p><p style=\"caret-color: #000000; color: #000000;\">Do monta\u017cu na miejscu czujniki poziomu maj\u0105 standardowe gwinty M20x1,5, M16x1,5 lub G1\/2.<br \/>Mo\u017cliwa jest zar\u00f3wno pozioma, jak i pionowa instalacja konduktometrycznego czujnika poziomu ze z\u0142\u0105czem DU-004.<br \/>Aby przed\u0142u\u017cy\u0107 cz\u0119\u015b\u0107 robocz\u0105 elektrod czujnika poziomu przez u\u017cytkownika, na ko\u0144cu elektrody zapewniono gwint.<\/p><p style=\"caret-color: #000000; color: #000000;\">Konduktometryczne czujniki poziomu wykonane s\u0105 ze stali 12\u042518\u041d10\u0422 zgodnie z GOST 5632. Na \u017cyczenie klienta tuleje termometryczne mog\u0105 by\u0107 wykonane z innych gatunk\u00f3w stali.<\/p><p style=\"caret-color: #000000; color: #000000;\"><strong>AISI 321 (12\u042518\u041d10\u0422, 08\u042518\u041d10\u0422)\u00a0<\/strong>Stal \u017caroodporna, odporna na korozj\u0119 i \u017caroodporno\u015b\u0107 w klasie austenitycznej. Posiada wysok\u0105 wytrzyma\u0142o\u015b\u0107 i trwa\u0142o\u015b\u0107. Jest stosowany w temperaturach do 600 \u00b0 \u0421, aw bardzo agresywnych \u015brodowiskach do 350 \u00b0 \u0421.<br \/><strong>AISI 304 (08\u042518\u041d10)\u00a0<\/strong>\u017baroodporna, odporna na korozj\u0119 stal austenityczna. Stosowany jest w temperaturach do 400 \u00b0 C w mediach o \u015bredniej aktywno\u015bci.<br \/><strong>AISI 316L (03\u042517\u041d14\u041c3)\u00a0<\/strong>Stal austenityczna odporna na korozj\u0119. Jest stosowany w temperaturach do 450 \u00b0 C w wi\u0119kszo\u015bci agresywnych \u015brodowisk.<br \/><strong>AISI 316Ti (10\u042517\u041d13\u041c2\u0422)\u00a0<\/strong>Stal austenityczna odporna na korozj\u0119. Jest stosowany w temperaturach do 600 \u00b0 C w bardzo agresywnych \u015brodowiskach.<br \/><strong>AISI 430 (12\u042517)\u00a0<\/strong>\u017baroodporna, odporna na korozj\u0119 stal ferrytyczna. Jest stosowany w temperaturach do 400 \u00b0 C w lekko agresywnych \u015brodowiskach.<br \/><strong>12X1MF\u00a0<\/strong>Stal \u017caroodporna perlityczna odporna na d\u0142ugotrwa\u0142e dzia\u0142anie wysokich temperatur. Jest stosowany w temperaturach do 600 \u00b0 C.<\/p><p style=\"caret-color: #000000; color: #000000;\">Konduktometryczne czujniki poziomu Du-004 produkowane s\u0105 z temperatur\u0105 kontrolowanego medium do 200 \u00b0 C i ci\u015bnieniem roboczym medium do 1,4 MPa.<br \/>W\u0142a\u015bciwa przewodno\u015b\u0107 elektryczna medium musi wynosi\u0107 co najmniej 0,015 S \/ m.<\/p><table style=\"text-align: start; caret-color: #000000; color: #000000; height: 154px;\" width=\"527\"><tbody><tr><th>Opis cech<\/th><th>Warto\u015b\u0107 warto\u015bci<\/th><\/tr><tr><td>Temperatura pracy, \u00b0 \u0421<\/td><td>0 ... 200<\/td><\/tr><tr><td>Ci\u015bnienie robocze, MPa<\/td><td>1,4<\/td><\/tr><tr><td>\u015arednica elektrody, mm<\/td><td>6<\/td><\/tr><tr><td>Materia\u0142 po\u0142\u0105czenia<\/td><td>stal nierdzewna 12\u042518\u041d10\u0422<\/td><\/tr><\/tbody><\/table><p style=\"caret-color: #000000; color: #000000;\">\u00a0<\/p>\t\t\t\t\t\t\t\t<\/div>\n\t\t\t\t\t<\/div>\n\t\t<\/div>\n\t\t\t\t\t<\/div>\n\t\t<\/section>\n\t\t\t\t<\/div>","protected":false},"excerpt":{"rendered":"<p>Konduktometryczne czujniki poziomu DU s\u0105 przeznaczone do wsp\u00f3\u0142pracy z regulatorami poziomu RU.<br \/>\nAby przed\u0142u\u017cy\u0107 cz\u0119\u015b\u0107 robocz\u0105 elektrod czujnika poziomu przez u\u017cytkownika, na ko\u0144cu elektrody zapewniono gwint.<br \/>\nKoszt czujnik\u00f3w poziomu o d\u0142ugo\u015bci elektrody &gt; 100 mm to koszt podstawowy czujnika + 30 UAH. na ka\u017cde 100 mm.<\/p>","protected":false},"featured_media":20734,"comment_status":"open","ping_status":"closed","template":"elementor_theme","meta":[],"product_brand":[],"product_cat":[551],"product_tag":[3207,89,552,344],"class_list":{"0":"post-20726","1":"product","2":"type-product","3":"status-publish","4":"has-post-thumbnail","6":"product_cat-level-sensors","7":"product_tag-3207","8":"product_tag-datchik","9":"product_tag-datchik-urovnya","10":"product_tag-konduktometricheskij-datchik","13":"instock","14":"shipping-taxable","15":"purchasable","16":"product-type-simple"},"yoast_head":"<title>\u041a\u043e\u043d\u0434\u0443\u043a\u0442\u043e\u043c\u0435\u0442\u0440\u0438\u0447\u0435\u0441\u043a\u0438\u0439 \u0434\u0430\u0442\u0447\u0438\u043a \u0443\u0440\u043e\u0432\u043d\u044f \u0414\u0423-004 &#8211; \u0420\u0415\u0413\u041c\u0406\u041a, \u041d\u0412\u0424, \u041f\u041f<\/title>\n<meta name=\"description\" content=\"\u0414\u0430\u0442\u0447\u0438\u043a\u0438 \u0443\u0440\u043e\u0432\u043d\u044f \u043a\u043e\u043d\u0434\u0443\u043a\u0442\u043e\u043c\u0435\u0442\u0440\u0438\u0447\u0435\u0441\u043a\u0438\u0435 \u0414\u0423-004\u00a0 \u043f\u0440\u0435\u0434\u043d\u0430\u0437\u043d\u0430\u0447\u0435\u043d\u044b \u0434\u043b\u044f \u0441\u0438\u0433\u043d\u0430\u043b\u0438\u0437\u0430\u0446\u0438\u0438 \u0443\u0440\u043e\u0432\u043d\u0435\u0439 \u044d\u043b\u0435\u043a\u0442\u0440\u043e\u043f\u0440\u043e\u0432\u043e\u0434\u043d\u044b\u0445 \u0436\u0438\u0434\u043a\u043e\u0441\u0442\u0435\u0439 (\u0432\u043e\u0434\u0430, \u043c\u043e\u043b\u043e\u043a\u043e, \u043f\u0438\u0449\u0435\u0432\u044b\u0435 \u043f\u0440\u043e\u0434\u0443\u043a\u0442\u044b).\" \/>\n<meta name=\"robots\" content=\"index, follow, max-snippet:-1, max-image-preview:large, max-video-preview:-1\" \/>\n<link rel=\"canonical\" href=\"https:\/\/regmik.ua\/pl\/product\/konduktometricheskij-datchik-urovnya-modifikatsiya-du-004\/\" \/>\n<script type=\"application\/ld+json\" class=\"yoast-schema-graph\">{\"@context\":\"https:\\\/\\\/schema.org\",\"@graph\":[{\"@type\":\"WebPage\",\"@id\":\"https:\\\/\\\/regmik.ua\\\/product\\\/konduktometricheskij-datchik-urovnya-modifikatsiya-du-004\\\/\",\"url\":\"https:\\\/\\\/regmik.ua\\\/product\\\/konduktometricheskij-datchik-urovnya-modifikatsiya-du-004\\\/\",\"name\":\"\u041a\u043e\u043d\u0434\u0443\u043a\u0442\u043e\u043c\u0435\u0442\u0440\u0438\u0447\u0435\u0441\u043a\u0438\u0439 \u0434\u0430\u0442\u0447\u0438\u043a \u0443\u0440\u043e\u0432\u043d\u044f \u0414\u0423-004 &#8211; \u0420\u0415\u0413\u041c\u0406\u041a, \u041d\u0412\u0424, \u041f\u041f\",\"isPartOf\":{\"@id\":\"https:\\\/\\\/regmik.ua\\\/uk\\\/#website\"},\"primaryImageOfPage\":{\"@id\":\"https:\\\/\\\/regmik.ua\\\/product\\\/konduktometricheskij-datchik-urovnya-modifikatsiya-du-004\\\/#primaryimage\"},\"image\":{\"@id\":\"https:\\\/\\\/regmik.ua\\\/product\\\/konduktometricheskij-datchik-urovnya-modifikatsiya-du-004\\\/#primaryimage\"},\"thumbnailUrl\":\"https:\\\/\\\/regmik.ua\\\/wp-content\\\/uploads\\\/2020\\\/06\\\/DU-004-.png\",\"datePublished\":\"2020-06-02T08:27:06+00:00\",\"dateModified\":\"2023-11-23T13:54:51+00:00\",\"description\":\"\u0414\u0430\u0442\u0447\u0438\u043a\u0438 \u0443\u0440\u043e\u0432\u043d\u044f \u043a\u043e\u043d\u0434\u0443\u043a\u0442\u043e\u043c\u0435\u0442\u0440\u0438\u0447\u0435\u0441\u043a\u0438\u0435 \u0414\u0423-004\u00a0 \u043f\u0440\u0435\u0434\u043d\u0430\u0437\u043d\u0430\u0447\u0435\u043d\u044b \u0434\u043b\u044f \u0441\u0438\u0433\u043d\u0430\u043b\u0438\u0437\u0430\u0446\u0438\u0438 \u0443\u0440\u043e\u0432\u043d\u0435\u0439 \u044d\u043b\u0435\u043a\u0442\u0440\u043e\u043f\u0440\u043e\u0432\u043e\u0434\u043d\u044b\u0445 \u0436\u0438\u0434\u043a\u043e\u0441\u0442\u0435\u0439 (\u0432\u043e\u0434\u0430, \u043c\u043e\u043b\u043e\u043a\u043e, \u043f\u0438\u0449\u0435\u0432\u044b\u0435 \u043f\u0440\u043e\u0434\u0443\u043a\u0442\u044b).\",\"breadcrumb\":{\"@id\":\"https:\\\/\\\/regmik.ua\\\/product\\\/konduktometricheskij-datchik-urovnya-modifikatsiya-du-004\\\/#breadcrumb\"},\"inLanguage\":\"pl-PL\",\"potentialAction\":[{\"@type\":\"ReadAction\",\"target\":[\"https:\\\/\\\/regmik.ua\\\/product\\\/konduktometricheskij-datchik-urovnya-modifikatsiya-du-004\\\/\"]}]},{\"@type\":\"ImageObject\",\"inLanguage\":\"pl-PL\",\"@id\":\"https:\\\/\\\/regmik.ua\\\/product\\\/konduktometricheskij-datchik-urovnya-modifikatsiya-du-004\\\/#primaryimage\",\"url\":\"https:\\\/\\\/regmik.ua\\\/wp-content\\\/uploads\\\/2020\\\/06\\\/DU-004-.png\",\"contentUrl\":\"https:\\\/\\\/regmik.ua\\\/wp-content\\\/uploads\\\/2020\\\/06\\\/DU-004-.png\",\"width\":800,\"height\":1024,\"caption\":\"\u041a\u043e\u043d\u0434\u0443\u043a\u0442\u043e\u043c\u0435\u0442\u0440\u0438\u0447\u0435\u0441\u043a\u0438\u0439 \u0434\u0430\u0442\u0447\u0438\u043a \u0443\u0440\u043e\u0432\u043d\u044f \u0414\u0423-004\"},{\"@type\":\"BreadcrumbList\",\"@id\":\"https:\\\/\\\/regmik.ua\\\/product\\\/konduktometricheskij-datchik-urovnya-modifikatsiya-du-004\\\/#breadcrumb\",\"itemListElement\":[{\"@type\":\"ListItem\",\"position\":1,\"name\":\"\u0413\u043b\u0430\u0432\u043d\u0430\u044f \u0441\u0442\u0440\u0430\u043d\u0438\u0446\u0430\",\"item\":\"https:\\\/\\\/regmik.ua\\\/\"},{\"@type\":\"ListItem\",\"position\":2,\"name\":\"\u041f\u0440\u043e\u0434\u0443\u043a\u0446\u0438\u044f\",\"item\":\"https:\\\/\\\/regmik.ua\\\/uk\\\/products\\\/\"},{\"@type\":\"ListItem\",\"position\":3,\"name\":\"\u041a\u043e\u043d\u0434\u0443\u043a\u0442\u043e\u043c\u0435\u0442\u0440\u0438\u0447\u0435\u0441\u043a\u0438\u0439 \u0434\u0430\u0442\u0447\u0438\u043a \u0443\u0440\u043e\u0432\u043d\u044f \u0414\u0423-004\"}]},{\"@type\":\"WebSite\",\"@id\":\"https:\\\/\\\/regmik.ua\\\/uk\\\/#website\",\"url\":\"https:\\\/\\\/regmik.ua\\\/uk\\\/\",\"name\":\"REGMIK\",\"description\":\"\u0418\u0437\u043c\u0435\u0440\u0438\u0442\u0435\u043b\u044c\u043d\u044b\u0435 \u043f\u0440\u0438\u0431\u043e\u0440\u044b \u0438 \u0434\u0430\u0442\u0447\u0438\u043a\u0438 \u0442\u0435\u043c\u043f\u0435\u0440\u0430\u0442\u0443\u0440\u044b\",\"publisher\":{\"@id\":\"https:\\\/\\\/regmik.ua\\\/uk\\\/#organization\"},\"alternateName\":\"REGMIK\",\"potentialAction\":[{\"@type\":\"SearchAction\",\"target\":{\"@type\":\"EntryPoint\",\"urlTemplate\":\"https:\\\/\\\/regmik.ua\\\/uk\\\/?s={search_term_string}\"},\"query-input\":{\"@type\":\"PropertyValueSpecification\",\"valueRequired\":true,\"valueName\":\"search_term_string\"}}],\"inLanguage\":\"pl-PL\"},{\"@type\":\"Organization\",\"@id\":\"https:\\\/\\\/regmik.ua\\\/uk\\\/#organization\",\"name\":\"REGMIK\",\"alternateName\":\"\u0420\u0415\u0413\u041c\u0418\u041a\",\"url\":\"https:\\\/\\\/regmik.ua\\\/uk\\\/\",\"logo\":{\"@type\":\"ImageObject\",\"inLanguage\":\"pl-PL\",\"@id\":\"https:\\\/\\\/regmik.ua\\\/uk\\\/#\\\/schema\\\/logo\\\/image\\\/\",\"url\":\"https:\\\/\\\/regmik.ua\\\/wp-content\\\/uploads\\\/2020\\\/03\\\/regmik_logo.png\",\"contentUrl\":\"https:\\\/\\\/regmik.ua\\\/wp-content\\\/uploads\\\/2020\\\/03\\\/regmik_logo.png\",\"width\":194,\"height\":45,\"caption\":\"REGMIK\"},\"image\":{\"@id\":\"https:\\\/\\\/regmik.ua\\\/uk\\\/#\\\/schema\\\/logo\\\/image\\\/\"},\"sameAs\":[\"https:\\\/\\\/www.facebook.com\\\/regmik.npf\",\"https:\\\/\\\/x.com\\\/regmiknpf\",\"https:\\\/\\\/www.youtube.com\\\/channel\\\/UC_SrY98SKAmR3Kt95GcVKcw\"]}]}<\/script>","yoast_head_json":{"title":"Konduktometryczny czujnik poziomu DU-004 - REGMlK, NVF, PP","description":"Czujniki poziomu przewodno\u015bci DU-004 przeznaczone s\u0105 do sygnalizacji poziomu cieczy przewodz\u0105cych pr\u0105d (woda, mleko, \u017cywno\u015b\u0107).","robots":{"index":"index","follow":"follow","max-snippet":"max-snippet:-1","max-image-preview":"max-image-preview:large","max-video-preview":"max-video-preview:-1"},"canonical":"https:\/\/regmik.ua\/pl\/product\/konduktometricheskij-datchik-urovnya-modifikatsiya-du-004\/","schema":{"@context":"https:\/\/schema.org","@graph":[{"@type":"WebPage","@id":"https:\/\/regmik.ua\/product\/konduktometricheskij-datchik-urovnya-modifikatsiya-du-004\/","url":"https:\/\/regmik.ua\/product\/konduktometricheskij-datchik-urovnya-modifikatsiya-du-004\/","name":"Konduktometryczny czujnik poziomu DU-004 - REGMlK, NVF, PP","isPartOf":{"@id":"https:\/\/regmik.ua\/uk\/#website"},"primaryImageOfPage":{"@id":"https:\/\/regmik.ua\/product\/konduktometricheskij-datchik-urovnya-modifikatsiya-du-004\/#primaryimage"},"image":{"@id":"https:\/\/regmik.ua\/product\/konduktometricheskij-datchik-urovnya-modifikatsiya-du-004\/#primaryimage"},"thumbnailUrl":"https:\/\/regmik.ua\/wp-content\/uploads\/2020\/06\/DU-004-.png","datePublished":"2020-06-02T08:27:06+00:00","dateModified":"2023-11-23T13:54:51+00:00","description":"Czujniki poziomu przewodno\u015bci DU-004 przeznaczone s\u0105 do sygnalizacji poziomu cieczy przewodz\u0105cych pr\u0105d (woda, mleko, \u017cywno\u015b\u0107).","breadcrumb":{"@id":"https:\/\/regmik.ua\/product\/konduktometricheskij-datchik-urovnya-modifikatsiya-du-004\/#breadcrumb"},"inLanguage":"pl-PL","potentialAction":[{"@type":"ReadAction","target":["https:\/\/regmik.ua\/product\/konduktometricheskij-datchik-urovnya-modifikatsiya-du-004\/"]}]},{"@type":"ImageObject","inLanguage":"pl-PL","@id":"https:\/\/regmik.ua\/product\/konduktometricheskij-datchik-urovnya-modifikatsiya-du-004\/#primaryimage","url":"https:\/\/regmik.ua\/wp-content\/uploads\/2020\/06\/DU-004-.png","contentUrl":"https:\/\/regmik.ua\/wp-content\/uploads\/2020\/06\/DU-004-.png","width":800,"height":1024,"caption":"\u041a\u043e\u043d\u0434\u0443\u043a\u0442\u043e\u043c\u0435\u0442\u0440\u0438\u0447\u0435\u0441\u043a\u0438\u0439 \u0434\u0430\u0442\u0447\u0438\u043a \u0443\u0440\u043e\u0432\u043d\u044f \u0414\u0423-004"},{"@type":"BreadcrumbList","@id":"https:\/\/regmik.ua\/product\/konduktometricheskij-datchik-urovnya-modifikatsiya-du-004\/#breadcrumb","itemListElement":[{"@type":"ListItem","position":1,"name":"\u0413\u043b\u0430\u0432\u043d\u0430\u044f \u0441\u0442\u0440\u0430\u043d\u0438\u0446\u0430","item":"https:\/\/regmik.ua\/"},{"@type":"ListItem","position":2,"name":"\u041f\u0440\u043e\u0434\u0443\u043a\u0446\u0438\u044f","item":"https:\/\/regmik.ua\/uk\/products\/"},{"@type":"ListItem","position":3,"name":"\u041a\u043e\u043d\u0434\u0443\u043a\u0442\u043e\u043c\u0435\u0442\u0440\u0438\u0447\u0435\u0441\u043a\u0438\u0439 \u0434\u0430\u0442\u0447\u0438\u043a \u0443\u0440\u043e\u0432\u043d\u044f \u0414\u0423-004"}]},{"@type":"WebSite","@id":"https:\/\/regmik.ua\/uk\/#website","url":"https:\/\/regmik.ua\/uk\/","name":"REGMIK","description":"Przyrz\u0105dy pomiarowe i czujniki temperatury","publisher":{"@id":"https:\/\/regmik.ua\/uk\/#organization"},"alternateName":"REGMIK","potentialAction":[{"@type":"SearchAction","target":{"@type":"EntryPoint","urlTemplate":"https:\/\/regmik.ua\/uk\/?s={search_term_string}"},"query-input":{"@type":"PropertyValueSpecification","valueRequired":true,"valueName":"search_term_string"}}],"inLanguage":"pl-PL"},{"@type":"Organization","@id":"https:\/\/regmik.ua\/uk\/#organization","name":"REGMIK","alternateName":"\u0420\u0415\u0413\u041c\u0418\u041a","url":"https:\/\/regmik.ua\/uk\/","logo":{"@type":"ImageObject","inLanguage":"pl-PL","@id":"https:\/\/regmik.ua\/uk\/#\/schema\/logo\/image\/","url":"https:\/\/regmik.ua\/wp-content\/uploads\/2020\/03\/regmik_logo.png","contentUrl":"https:\/\/regmik.ua\/wp-content\/uploads\/2020\/03\/regmik_logo.png","width":194,"height":45,"caption":"REGMIK"},"image":{"@id":"https:\/\/regmik.ua\/uk\/#\/schema\/logo\/image\/"},"sameAs":["https:\/\/www.facebook.com\/regmik.npf","https:\/\/x.com\/regmiknpf","https:\/\/www.youtube.com\/channel\/UC_SrY98SKAmR3Kt95GcVKcw"]}]}},"_links":{"self":[{"href":"https:\/\/regmik.ua\/pl\/wp-json\/wp\/v2\/product\/20726","targetHints":{"allow":["GET"]}}],"collection":[{"href":"https:\/\/regmik.ua\/pl\/wp-json\/wp\/v2\/product"}],"about":[{"href":"https:\/\/regmik.ua\/pl\/wp-json\/wp\/v2\/types\/product"}],"replies":[{"embeddable":true,"href":"https:\/\/regmik.ua\/pl\/wp-json\/wp\/v2\/comments?post=20726"}],"version-history":[{"count":0,"href":"https:\/\/regmik.ua\/pl\/wp-json\/wp\/v2\/product\/20726\/revisions"}],"wp:featuredmedia":[{"embeddable":true,"href":"https:\/\/regmik.ua\/pl\/wp-json\/wp\/v2\/media\/20734"}],"wp:attachment":[{"href":"https:\/\/regmik.ua\/pl\/wp-json\/wp\/v2\/media?parent=20726"}],"wp:term":[{"taxonomy":"product_brand","embeddable":true,"href":"https:\/\/regmik.ua\/pl\/wp-json\/wp\/v2\/product_brand?post=20726"},{"taxonomy":"product_cat","embeddable":true,"href":"https:\/\/regmik.ua\/pl\/wp-json\/wp\/v2\/product_cat?post=20726"},{"taxonomy":"product_tag","embeddable":true,"href":"https:\/\/regmik.ua\/pl\/wp-json\/wp\/v2\/product_tag?post=20726"}],"curies":[{"name":"wp","href":"https:\/\/api.w.org\/{rel}","templated":true}]}}