{"id":20652,"date":"2020-03-25T13:35:23","date_gmt":"2020-03-25T11:35:23","guid":{"rendered":"https:\/\/regmik.com.ua\/?post_type=product&#038;p=20652"},"modified":"2026-02-16T10:15:15","modified_gmt":"2026-02-16T08:15:15","slug":"regulyator-temperatury-rp2-06c","status":"publish","type":"product","link":"https:\/\/regmik.ua\/pl\/product\/regulyator-temperatury-rp2-06c\/","title":{"rendered":"Regulator temperatury RP2-06C"},"content":{"rendered":"<p>Regulator temperatury RP2-06C mo\u017ce by\u0107 stosowany do sterowania wydajno\u015bci\u0105 r\u00f3\u017cnych proces\u00f3w technologicznych w przemy\u015ble, rolnictwie i komunalnych.<\/p>\n<p>Regulator temperatury RP2-06C przeznaczony jest do odbioru i przetwarzania sygna\u0142\u00f3w z <a href=\"https:\/\/regmik.ua\/product-category\/sensors\/temperature-sensors\/\">termopary oporowe<\/a> (TSM 50M) na warto\u015bci temperatury wody bezpo\u015bredniej i powrotnej oraz ich wy\u015bwietlanie na wbudowanym wska\u017aniku cyfrowym z jednoczesn\u0105 regulacj\u0105 temperatury obiektu zgodnie z <a href=\"https:\/\/ru.wikipedia.org\/wiki\/%D0%9F%D0%98%D0%94-%D1%80%D0%B5%D0%B3%D1%83%D0%BB%D1%8F%D1%82%D0%BE%D1%80\">Prawo PID.<\/a><\/p>\n<p lang=\"ru-RU\">Regulator temperatury RP2-06C automatycznie kontroluje stan czujnik\u00f3w, znajdowanie warto\u015bci mierzonych w zadanym zakresie pomiarowym, poprawno\u015b\u0107 wpisania parametr\u00f3w oraz kalibracj\u0119 urz\u0105dzenia. Zgodnie z wynikami sterowania generowany jest sygna\u0142 \u201eB\u0142\u0105d\u201d.<\/p>\n<p lang=\"ru-RU\">Przetworniki termiczne (czujniki temperatury TSM, TSP, THA, THK, TJK, termometry, RTD, termopary, Pt100, Pt500, Pt1000) przeznaczone s\u0105 do pomiaru temperatury otoczenia, medi\u00f3w ciek\u0142ych, gazowych i sypkich, nieagresywnych chemicznie jako powierzchnia cia\u0142 sta\u0142ych w r\u00f3\u017cnych ga\u0142\u0119ziach przemys\u0142u.<\/p>\n<p lang=\"ru-RU\">Klasyfikacja czujnik\u00f3w temperatury REGMIK ze wzgl\u0119du na rodzaj elementu pomiarowego (czujnikowego):<\/p>\n<ul>\n<li>termopary oporowe (termometry) - TSM, TSP;<\/li>\n<li>termoelektryczne termoelementy (termopary) - THA, THK, TJK;<\/li>\n<li>konwertery p\u00f3\u0142przewodnikowe - TP.<\/li>\n<\/ul>\n<p lang=\"ru-RU\">Temperatura jest najcz\u0119\u015bciej mierzonym parametrem, a przegrzanie jest jednym z najbardziej negatywnych czynnik\u00f3w w dzia\u0142aniu sprz\u0119tu, dlatego istnieje ogromna liczba sposob\u00f3w i miejsc stosowania czujnik\u00f3w temperatury.<\/p>\n<h4>Regulator temperatury RP2-06S umo\u017cliwia realizacj\u0119 nast\u0119puj\u0105cych funkcji:<\/h4>\n<ul>\n<li>pomiar temperatury obiektu dwoma kana\u0142ami;<\/li>\n<li>wy\u015bwietlanie na wbudowanym cyfrowym wska\u017aniku LED aktualnej warto\u015bci temperatury w jednym kanale;<\/li>\n<li>regulacja temperatury wody bezpo\u015bredniej zgodnie z prawem dwupozycyjnym lub PID;<\/li>\n<li>sterowanie dodatkowymi urz\u0105dzeniami (w szczeg\u00f3lno\u015bci pomp\u0105 recyrkulacyjn\u0105);<\/li>\n<li>tworzenie si\u0119 sygna\u0142u \u201eAlarm\u201d po przekroczeniu ustawionej temperatury alarmowej;<\/li>\n<li>tworzenie sygna\u0142\u00f3w \u201eEmergency 1\u201d i \u201eEmergency 2\u201d, gdy zewn\u0119trzne styki steruj\u0105ce s\u0105 zamkni\u0119te;<\/li>\n<li>mo\u017cliwo\u015b\u0107 \u0142\u0105czenia regulator\u00f3w w jedn\u0105 sie\u0107 do regulacji kaskadowej;<\/li>\n<li>generowanie sygna\u0142u \u201eB\u0142\u0105d\u201d;<\/li>\n<li>programowa zmiana parametr\u00f3w charakterystyk transformacji.<\/li>\n<\/ul>\n<h4>Modyfikacje wykonania regulatora temperatury RP2-06C:<\/h4>\n<p>- wersja tablicowa;<\/p>\n<p>- zasilanie z napi\u0119cia zmiennego 220 V;<\/p>\n<p>- rodzaje sygna\u0142\u00f3w wej\u015bciowych rezystancyjnych przetwornik\u00f3w termicznych (RT).<\/p>","protected":false},"excerpt":{"rendered":"<p>Urz\u0105dzenie przeznaczone jest do odbioru i przetwarzania sygna\u0142\u00f3w z termopar rezystancyjnych na temperatur\u0119 wody bezpo\u015bredniej i powrotnej oraz wy\u015bwietlania ich na wbudowanym wska\u017aniku cyfrowym z jednoczesn\u0105 kontrol\u0105 temperatury obiektu zgodnie z prawem PID.<\/p>","protected":false},"featured_media":20653,"comment_status":"open","ping_status":"closed","template":"","meta":[],"product_brand":[],"product_cat":[37,39],"product_tag":[43,3235],"class_list":{"0":"post-20652","1":"product","2":"type-product","3":"status-publish","4":"has-post-thumbnail","6":"product_cat-devices","7":"product_cat-regulators","8":"product_tag-regulyator","9":"product_tag-rp2-06s","12":"instock","13":"shipping-taxable","14":"purchasable","15":"product-type-simple"},"yoast_head":"<title>\u0420\u0435\u0433\u0443\u043b\u044f\u0442\u043e\u0440 \u0442\u0435\u043c\u043f\u0435\u0440\u0430\u0442\u0443\u0440\u044b \u0420\u041f2-06C &#8211; \u0420\u0415\u0413\u041c\u0406\u041a, \u041d\u0412\u0424, \u041f\u041f (\u0418\u0437\u0433\u043e\u0442\u043e\u0432\u043b\u0435\u043d\u043e \u0412 \u0423\u043a\u0440\u0430\u0438\u043d\u0435)<\/title>\n<meta name=\"description\" content=\"\u0420\u0435\u0433\u0443\u043b\u044f\u0442\u043e\u0440\u044b \u0442\u0435\u043c\u043f\u0435\u0440\u0430\u0442\u0443\u0440\u044b \u0420\u041f2-06\u0421\u00a0\u043f\u0440\u0435\u0434\u043d\u0430\u0437\u043d\u0430\u0447\u0435\u043d \u0434\u043b\u044f \u043a\u043e\u043d\u0442\u0440\u043e\u043b\u044f \u0432\u044b\u043f\u043e\u043b\u043d\u0435\u043d\u0438\u044f \u0440\u0430\u0437\u043b\u0438\u0447\u043d\u044b\u0445 \u0442\u0435\u0445\u043d\u043e\u043b\u043e\u0433\u0438\u0447\u0435\u0441\u043a\u0438\u0445 \u043f\u0440\u043e\u0446\u0435\u0441\u0441\u043e\u0432 \u0432 \u043f\u0440\u043e\u043c\u044b\u0448\u043b\u0435\u043d\u043d\u043e\u0441\u0442\u0438.\" \/>\n<meta name=\"robots\" content=\"index, follow, max-snippet:-1, max-image-preview:large, max-video-preview:-1\" \/>\n<link rel=\"canonical\" href=\"https:\/\/regmik.ua\/pl\/product\/regulyator-temperatury-rp2-06c\/\" \/>\n<script type=\"application\/ld+json\" class=\"yoast-schema-graph\">{\"@context\":\"https:\\\/\\\/schema.org\",\"@graph\":[{\"@type\":\"WebPage\",\"@id\":\"https:\\\/\\\/regmik.ua\\\/product\\\/regulyator-temperatury-rp2-06c\\\/\",\"url\":\"https:\\\/\\\/regmik.ua\\\/product\\\/regulyator-temperatury-rp2-06c\\\/\",\"name\":\"\u0420\u0435\u0433\u0443\u043b\u044f\u0442\u043e\u0440 \u0442\u0435\u043c\u043f\u0435\u0440\u0430\u0442\u0443\u0440\u044b \u0420\u041f2-06C &#8211; \u0420\u0415\u0413\u041c\u0406\u041a, \u041d\u0412\u0424, \u041f\u041f (\u0418\u0437\u0433\u043e\u0442\u043e\u0432\u043b\u0435\u043d\u043e \u0412 \u0423\u043a\u0440\u0430\u0438\u043d\u0435)\",\"isPartOf\":{\"@id\":\"https:\\\/\\\/regmik.ua\\\/uk\\\/#website\"},\"primaryImageOfPage\":{\"@id\":\"https:\\\/\\\/regmik.ua\\\/product\\\/regulyator-temperatury-rp2-06c\\\/#primaryimage\"},\"image\":{\"@id\":\"https:\\\/\\\/regmik.ua\\\/product\\\/regulyator-temperatury-rp2-06c\\\/#primaryimage\"},\"thumbnailUrl\":\"https:\\\/\\\/regmik.ua\\\/wp-content\\\/uploads\\\/2020\\\/03\\\/Regulyator-temperaturi-RP2-06S.png\",\"datePublished\":\"2020-03-25T11:35:23+00:00\",\"dateModified\":\"2026-02-16T08:15:15+00:00\",\"description\":\"\u0420\u0435\u0433\u0443\u043b\u044f\u0442\u043e\u0440\u044b \u0442\u0435\u043c\u043f\u0435\u0440\u0430\u0442\u0443\u0440\u044b \u0420\u041f2-06\u0421\u00a0\u043f\u0440\u0435\u0434\u043d\u0430\u0437\u043d\u0430\u0447\u0435\u043d \u0434\u043b\u044f \u043a\u043e\u043d\u0442\u0440\u043e\u043b\u044f \u0432\u044b\u043f\u043e\u043b\u043d\u0435\u043d\u0438\u044f \u0440\u0430\u0437\u043b\u0438\u0447\u043d\u044b\u0445 \u0442\u0435\u0445\u043d\u043e\u043b\u043e\u0433\u0438\u0447\u0435\u0441\u043a\u0438\u0445 \u043f\u0440\u043e\u0446\u0435\u0441\u0441\u043e\u0432 \u0432 \u043f\u0440\u043e\u043c\u044b\u0448\u043b\u0435\u043d\u043d\u043e\u0441\u0442\u0438.\",\"breadcrumb\":{\"@id\":\"https:\\\/\\\/regmik.ua\\\/product\\\/regulyator-temperatury-rp2-06c\\\/#breadcrumb\"},\"inLanguage\":\"pl-PL\",\"potentialAction\":[{\"@type\":\"ReadAction\",\"target\":[\"https:\\\/\\\/regmik.ua\\\/product\\\/regulyator-temperatury-rp2-06c\\\/\"]}]},{\"@type\":\"ImageObject\",\"inLanguage\":\"pl-PL\",\"@id\":\"https:\\\/\\\/regmik.ua\\\/product\\\/regulyator-temperatury-rp2-06c\\\/#primaryimage\",\"url\":\"https:\\\/\\\/regmik.ua\\\/wp-content\\\/uploads\\\/2020\\\/03\\\/Regulyator-temperaturi-RP2-06S.png\",\"contentUrl\":\"https:\\\/\\\/regmik.ua\\\/wp-content\\\/uploads\\\/2020\\\/03\\\/Regulyator-temperaturi-RP2-06S.png\",\"width\":313,\"height\":400,\"caption\":\"\u0420\u0435\u0433\u0443\u043b\u044f\u0442\u043e\u0440 \u0442\u0435\u043c\u043f\u0435\u0440\u0430\u0442\u0443\u0440\u044b \u0420\u041f2-06C\"},{\"@type\":\"BreadcrumbList\",\"@id\":\"https:\\\/\\\/regmik.ua\\\/product\\\/regulyator-temperatury-rp2-06c\\\/#breadcrumb\",\"itemListElement\":[{\"@type\":\"ListItem\",\"position\":1,\"name\":\"\u0413\u043b\u0430\u0432\u043d\u0430\u044f \u0441\u0442\u0440\u0430\u043d\u0438\u0446\u0430\",\"item\":\"https:\\\/\\\/regmik.ua\\\/\"},{\"@type\":\"ListItem\",\"position\":2,\"name\":\"\u041f\u0440\u043e\u0434\u0443\u043a\u0446\u0438\u044f\",\"item\":\"https:\\\/\\\/regmik.ua\\\/uk\\\/products\\\/\"},{\"@type\":\"ListItem\",\"position\":3,\"name\":\"\u0420\u0435\u0433\u0443\u043b\u044f\u0442\u043e\u0440 \u0442\u0435\u043c\u043f\u0435\u0440\u0430\u0442\u0443\u0440\u044b \u0420\u041f2-06C\"}]},{\"@type\":\"WebSite\",\"@id\":\"https:\\\/\\\/regmik.ua\\\/uk\\\/#website\",\"url\":\"https:\\\/\\\/regmik.ua\\\/uk\\\/\",\"name\":\"REGMIK\",\"description\":\"\u0418\u0437\u043c\u0435\u0440\u0438\u0442\u0435\u043b\u044c\u043d\u044b\u0435 \u043f\u0440\u0438\u0431\u043e\u0440\u044b \u0438 \u0434\u0430\u0442\u0447\u0438\u043a\u0438 \u0442\u0435\u043c\u043f\u0435\u0440\u0430\u0442\u0443\u0440\u044b\",\"publisher\":{\"@id\":\"https:\\\/\\\/regmik.ua\\\/uk\\\/#organization\"},\"alternateName\":\"REGMIK\",\"potentialAction\":[{\"@type\":\"SearchAction\",\"target\":{\"@type\":\"EntryPoint\",\"urlTemplate\":\"https:\\\/\\\/regmik.ua\\\/uk\\\/?s={search_term_string}\"},\"query-input\":{\"@type\":\"PropertyValueSpecification\",\"valueRequired\":true,\"valueName\":\"search_term_string\"}}],\"inLanguage\":\"pl-PL\"},{\"@type\":\"Organization\",\"@id\":\"https:\\\/\\\/regmik.ua\\\/uk\\\/#organization\",\"name\":\"REGMIK\",\"alternateName\":\"\u0420\u0415\u0413\u041c\u0418\u041a\",\"url\":\"https:\\\/\\\/regmik.ua\\\/uk\\\/\",\"logo\":{\"@type\":\"ImageObject\",\"inLanguage\":\"pl-PL\",\"@id\":\"https:\\\/\\\/regmik.ua\\\/uk\\\/#\\\/schema\\\/logo\\\/image\\\/\",\"url\":\"https:\\\/\\\/regmik.ua\\\/wp-content\\\/uploads\\\/2020\\\/03\\\/regmik_logo.png\",\"contentUrl\":\"https:\\\/\\\/regmik.ua\\\/wp-content\\\/uploads\\\/2020\\\/03\\\/regmik_logo.png\",\"width\":194,\"height\":45,\"caption\":\"REGMIK\"},\"image\":{\"@id\":\"https:\\\/\\\/regmik.ua\\\/uk\\\/#\\\/schema\\\/logo\\\/image\\\/\"},\"sameAs\":[\"https:\\\/\\\/www.facebook.com\\\/regmik.npf\",\"https:\\\/\\\/x.com\\\/regmiknpf\",\"https:\\\/\\\/www.youtube.com\\\/channel\\\/UC_SrY98SKAmR3Kt95GcVKcw\"]}]}<\/script>","yoast_head_json":{"title":"\u0420\u0435\u0433\u0443\u043b\u044f\u0442\u043e\u0440 \u0442\u0435\u043c\u043f\u0435\u0440\u0430\u0442\u0443\u0440\u044b \u0420\u041f2-06C &#8211; \u0420\u0415\u0413\u041c\u0406\u041a, \u041d\u0412\u0424, \u041f\u041f (\u0418\u0437\u0433\u043e\u0442\u043e\u0432\u043b\u0435\u043d\u043e \u0412 \u0423\u043a\u0440\u0430\u0438\u043d\u0435)","description":"Regulatory temperatury RP2-06S przeznaczone s\u0105 do sterowania wydajno\u015bci\u0105 r\u00f3\u017cnych proces\u00f3w technologicznych w przemy\u015ble.","robots":{"index":"index","follow":"follow","max-snippet":"max-snippet:-1","max-image-preview":"max-image-preview:large","max-video-preview":"max-video-preview:-1"},"canonical":"https:\/\/regmik.ua\/pl\/product\/regulyator-temperatury-rp2-06c\/","schema":{"@context":"https:\/\/schema.org","@graph":[{"@type":"WebPage","@id":"https:\/\/regmik.ua\/product\/regulyator-temperatury-rp2-06c\/","url":"https:\/\/regmik.ua\/product\/regulyator-temperatury-rp2-06c\/","name":"\u0420\u0435\u0433\u0443\u043b\u044f\u0442\u043e\u0440 \u0442\u0435\u043c\u043f\u0435\u0440\u0430\u0442\u0443\u0440\u044b \u0420\u041f2-06C &#8211; \u0420\u0415\u0413\u041c\u0406\u041a, \u041d\u0412\u0424, \u041f\u041f (\u0418\u0437\u0433\u043e\u0442\u043e\u0432\u043b\u0435\u043d\u043e \u0412 \u0423\u043a\u0440\u0430\u0438\u043d\u0435)","isPartOf":{"@id":"https:\/\/regmik.ua\/uk\/#website"},"primaryImageOfPage":{"@id":"https:\/\/regmik.ua\/product\/regulyator-temperatury-rp2-06c\/#primaryimage"},"image":{"@id":"https:\/\/regmik.ua\/product\/regulyator-temperatury-rp2-06c\/#primaryimage"},"thumbnailUrl":"https:\/\/regmik.ua\/wp-content\/uploads\/2020\/03\/Regulyator-temperaturi-RP2-06S.png","datePublished":"2020-03-25T11:35:23+00:00","dateModified":"2026-02-16T08:15:15+00:00","description":"Regulatory temperatury RP2-06S przeznaczone s\u0105 do sterowania wydajno\u015bci\u0105 r\u00f3\u017cnych proces\u00f3w technologicznych w przemy\u015ble.","breadcrumb":{"@id":"https:\/\/regmik.ua\/product\/regulyator-temperatury-rp2-06c\/#breadcrumb"},"inLanguage":"pl-PL","potentialAction":[{"@type":"ReadAction","target":["https:\/\/regmik.ua\/product\/regulyator-temperatury-rp2-06c\/"]}]},{"@type":"ImageObject","inLanguage":"pl-PL","@id":"https:\/\/regmik.ua\/product\/regulyator-temperatury-rp2-06c\/#primaryimage","url":"https:\/\/regmik.ua\/wp-content\/uploads\/2020\/03\/Regulyator-temperaturi-RP2-06S.png","contentUrl":"https:\/\/regmik.ua\/wp-content\/uploads\/2020\/03\/Regulyator-temperaturi-RP2-06S.png","width":313,"height":400,"caption":"\u0420\u0435\u0433\u0443\u043b\u044f\u0442\u043e\u0440 \u0442\u0435\u043c\u043f\u0435\u0440\u0430\u0442\u0443\u0440\u044b \u0420\u041f2-06C"},{"@type":"BreadcrumbList","@id":"https:\/\/regmik.ua\/product\/regulyator-temperatury-rp2-06c\/#breadcrumb","itemListElement":[{"@type":"ListItem","position":1,"name":"\u0413\u043b\u0430\u0432\u043d\u0430\u044f \u0441\u0442\u0440\u0430\u043d\u0438\u0446\u0430","item":"https:\/\/regmik.ua\/"},{"@type":"ListItem","position":2,"name":"\u041f\u0440\u043e\u0434\u0443\u043a\u0446\u0438\u044f","item":"https:\/\/regmik.ua\/uk\/products\/"},{"@type":"ListItem","position":3,"name":"\u0420\u0435\u0433\u0443\u043b\u044f\u0442\u043e\u0440 \u0442\u0435\u043c\u043f\u0435\u0440\u0430\u0442\u0443\u0440\u044b \u0420\u041f2-06C"}]},{"@type":"WebSite","@id":"https:\/\/regmik.ua\/uk\/#website","url":"https:\/\/regmik.ua\/uk\/","name":"REGMIK","description":"Przyrz\u0105dy pomiarowe i czujniki temperatury","publisher":{"@id":"https:\/\/regmik.ua\/uk\/#organization"},"alternateName":"REGMIK","potentialAction":[{"@type":"SearchAction","target":{"@type":"EntryPoint","urlTemplate":"https:\/\/regmik.ua\/uk\/?s={search_term_string}"},"query-input":{"@type":"PropertyValueSpecification","valueRequired":true,"valueName":"search_term_string"}}],"inLanguage":"pl-PL"},{"@type":"Organization","@id":"https:\/\/regmik.ua\/uk\/#organization","name":"REGMIK","alternateName":"\u0420\u0415\u0413\u041c\u0418\u041a","url":"https:\/\/regmik.ua\/uk\/","logo":{"@type":"ImageObject","inLanguage":"pl-PL","@id":"https:\/\/regmik.ua\/uk\/#\/schema\/logo\/image\/","url":"https:\/\/regmik.ua\/wp-content\/uploads\/2020\/03\/regmik_logo.png","contentUrl":"https:\/\/regmik.ua\/wp-content\/uploads\/2020\/03\/regmik_logo.png","width":194,"height":45,"caption":"REGMIK"},"image":{"@id":"https:\/\/regmik.ua\/uk\/#\/schema\/logo\/image\/"},"sameAs":["https:\/\/www.facebook.com\/regmik.npf","https:\/\/x.com\/regmiknpf","https:\/\/www.youtube.com\/channel\/UC_SrY98SKAmR3Kt95GcVKcw"]}]}},"_links":{"self":[{"href":"https:\/\/regmik.ua\/pl\/wp-json\/wp\/v2\/product\/20652","targetHints":{"allow":["GET"]}}],"collection":[{"href":"https:\/\/regmik.ua\/pl\/wp-json\/wp\/v2\/product"}],"about":[{"href":"https:\/\/regmik.ua\/pl\/wp-json\/wp\/v2\/types\/product"}],"replies":[{"embeddable":true,"href":"https:\/\/regmik.ua\/pl\/wp-json\/wp\/v2\/comments?post=20652"}],"version-history":[{"count":1,"href":"https:\/\/regmik.ua\/pl\/wp-json\/wp\/v2\/product\/20652\/revisions"}],"predecessor-version":[{"id":29591,"href":"https:\/\/regmik.ua\/pl\/wp-json\/wp\/v2\/product\/20652\/revisions\/29591"}],"wp:featuredmedia":[{"embeddable":true,"href":"https:\/\/regmik.ua\/pl\/wp-json\/wp\/v2\/media\/20653"}],"wp:attachment":[{"href":"https:\/\/regmik.ua\/pl\/wp-json\/wp\/v2\/media?parent=20652"}],"wp:term":[{"taxonomy":"product_brand","embeddable":true,"href":"https:\/\/regmik.ua\/pl\/wp-json\/wp\/v2\/product_brand?post=20652"},{"taxonomy":"product_cat","embeddable":true,"href":"https:\/\/regmik.ua\/pl\/wp-json\/wp\/v2\/product_cat?post=20652"},{"taxonomy":"product_tag","embeddable":true,"href":"https:\/\/regmik.ua\/pl\/wp-json\/wp\/v2\/product_tag?post=20652"}],"curies":[{"name":"wp","href":"https:\/\/api.w.org\/{rel}","templated":true}]}}