{"id":19866,"date":"2020-02-08T08:00:21","date_gmt":"2020-02-08T06:00:21","guid":{"rendered":"https:\/\/regmik.com.ua\/?post_type=product&#038;p=19866"},"modified":"2024-10-18T08:25:44","modified_gmt":"2024-10-18T06:25:44","slug":"ssd-v4","status":"publish","type":"product","link":"https:\/\/regmik.ua\/pl\/product\/ssd-v4\/","title":{"rendered":"System akwizycji danych REGMIK"},"content":{"rendered":"<p>Oprogramowanie \u201eREGMIK Data Acquisition System\u201d (REGMIK DSS) s\u0142u\u017cy do gromadzenia, przechowywania i wizualizacji danych w czasie rzeczywistym. Dane mog\u0105 by\u0107 przesy\u0142ane przez sie\u0107 <a href=\"https:\/\/uk.wikipedia.org\/wiki\/RS-485\">RS-485<\/a> (protok\u00f3\u0142 <a href=\"https:\/\/uk.wikipedia.org\/wiki\/Modbus\">ModBus RTU<\/a>), Ethernet, FTP lub mo\u017cna je pobra\u0107 bezpo\u015brednio z pliku lub rejestratora. Przechowywanie danych odbywa si\u0119 w bazie danych <a href=\"https:\/\/firebirdsql.org\">ognisty Ptak<\/a> 3.0. Dane s\u0105 wizualizowane zar\u00f3wno w postaci wykres\u00f3w \/ tabel, jak i mog\u0105 by\u0107 wy\u015bwietlane <a href=\"https:\/\/uk.wikipedia.org\/wiki\/%D0%9C%D0%BD%D0%B5%D0%BC%D0%BE%D1%81%D1%85%D0%B5%D0%BC%D0%B0\">diagram mnemoniczny<\/a>\u00a0proces technologiczny. Obs\u0142ugiwane archiwa, eksport i import danych, tworzenie r\u00f3\u017cnych raport\u00f3w, powiadomienia awaryjne, zdalne sterowanie sprz\u0119tem.<\/p>\n<p><strong>Cel oprogramowania System akwizycji danych:<\/strong><\/p>\n<ul>\n<li>Zbieranie danych z r\u00f3\u017cnych urz\u0105dze\u0144 i urz\u0105dze\u0144 pomiarowych;<\/li>\n<li>Rejestracja, wizualizacja i przetwarzanie sygna\u0142\u00f3w w czasie rzeczywistym;<\/li>\n<li>Analiza danych;<\/li>\n<li>Wysy\u0142anie powiadomie\u0144 do u\u017cytkownika o awariach i sytuacjach awaryjnych;<\/li>\n<li>Przechowywanie, import i eksport danych.<\/li>\n<\/ul>\n<h4>G\u0142\u00f3wne cechy systemu akwizycji danych Software REGMIK<\/h4>\n<ul>\n<li>testowanie oprogramowania w trybie demonstracyjnym;<\/li>\n<li>wy\u015bwietlanie danych na wykresach i monitorach;<\/li>\n<li><strong>wsparcie dla diagram\u00f3w mnemonicznych<\/strong> - wizualizacja i zdalne sterowanie procesem technologicznym<strong>;<\/strong><\/li>\n<li>obs\u0142uga struktury drzewiastej sieci (Sie\u0107 - Domena - Urz\u0105dzenie);<\/li>\n<li>zdalna konfiguracja i sterowanie urz\u0105dzeniami;<\/li>\n<li>\u015bledzenie sytuacji awaryjnych urz\u0105dze\u0144 i czujnik\u00f3w;<\/li>\n<li>sygnalizacja d\u017awi\u0119kowa awarii w oprogramowaniu REGMIK SSD;<\/li>\n<li><strong>powiadomienie e-mailem i SMS-em<\/strong> o sytuacjach krytycznych;<\/li>\n<li>lokalizacja kod\u00f3w b\u0142\u0119d\u00f3w;<\/li>\n<li>wbudowany generator raport\u00f3w (w postaci tabel i wykres\u00f3w);<\/li>\n<li>eksport i import danych w celu ich dalszego przetwarzania (PDF, Excel, ...);<\/li>\n<li>konfiguracja urz\u0105dze\u0144 i czujnik\u00f3w poprzez RS-485 (protok\u00f3\u0142 ModBus RTU) bezpo\u015brednio z programu \u201eREGMIK Data Acquisition System\u201d;<\/li>\n<li>dost\u0119p do danych z kilku stacji roboczych (baza danych znajduje si\u0119 na serwerze, a dost\u0119p do danych mo\u017cliwy jest z komputera klienckiego);<\/li>\n<li>odczyt danych z urz\u0105dze\u0144 z funkcj\u0105 rejestratora;<\/li>\n<li>odczyt karty pami\u0119ci nowej linii urz\u0105dze\u0144 <a href=\"https:\/\/regmik.ua\/product\/universalnyj-dvuhkanalnyj-pribor-rp2-m\/\">RP2-M<\/a> w osobnym w\u0105tku;<\/li>\n<li>dodawanie do sieci urz\u0105dze\u0144 i czujnik\u00f3w innych producent\u00f3w;<\/li>\n<li>ustawienie wy\u015bwietlania wykres\u00f3w - kolor \/ czcionki \/ gradient \/ t\u0142o;<\/li>\n<li>archiwizacja danych pomiarowych w bazie danych Firebird 3.0;<\/li>\n<li>czyszczenie bazy danych do \u017c\u0105danej daty;<\/li>\n<li><strong>praca z kopiami zapasowymi baz danych<\/strong> (zar\u00f3wno automatyczne tworzenie archiw\u00f3w zgodnie z harmonogramem, jak i r\u0119cznie).<\/li>\n<\/ul>\n<p>Firma nieustannie pracuje nad ulepszaniem i dodawaniem funkcjonalno\u015bci oprogramowania. B\u0119dziemy wdzi\u0119czni za opinie i porady, jak ulepszy\u0107 \u201eREGMIK SSD\u201d.<\/p>","protected":false},"excerpt":{"rendered":"<p>Oprogramowanie REGMIK Data Acquisition System zbiera informacje z urz\u0105dze\u0144 i czujnik\u00f3w pracuj\u0105cych poprzez interfejs RS-485 (protok\u00f3\u0142 ModBus RTU) w czasie rzeczywistym.<\/p>","protected":false},"featured_media":28183,"comment_status":"open","ping_status":"closed","template":"","meta":[],"product_brand":[],"product_cat":[581,811],"product_tag":[3219,600,3221,3218,592],"class_list":{"0":"post-19866","1":"product","2":"type-product","3":"status-publish","4":"has-post-thumbnail","6":"product_cat-software","7":"product_cat-tovary","8":"product_tag-modbus-rtu","9":"product_tag-rs-485","10":"product_tag-mnemoshema","11":"product_tag-software","12":"product_tag-sistema-sbora-dannyh","13":"pa_max-quantity-582","14":"pa_max-quantity-3437","15":"pa_max-quantity-586","16":"pa_max-quantity-583","17":"pa_max-quantity-3438","18":"pa_max-quantity-587","19":"pa_max-quantity-584","20":"pa_max-quantity-588","21":"pa_max-quantity-585","24":"instock","25":"featured","26":"shipping-taxable","27":"purchasable","28":"product-type-variable","29":"has-default-attributes"},"yoast_head":"<title>\u041f\u0440\u043e\u0433\u0440\u0430\u043c\u043c\u043d\u043e\u0435 \u043e\u0431\u0435\u0441\u043f\u0435\u0447\u0435\u043d\u0438\u0435 \u0421\u0438\u0441\u0442\u0435\u043c\u0430 \u0441\u0431\u043e\u0440\u0430 \u0434\u0430\u043d\u043d\u044b\u0445 &#8211; \u0420\u0415\u0413\u041c\u0406\u041a, \u041d\u0412\u0424, \u041f\u041f<\/title>\n<meta name=\"description\" content=\"\u041f\u0440\u043e\u0433\u0440\u0430\u043c\u043c\u043d\u043e\u0435 \u043e\u0431\u0435\u0441\u043f\u0435\u0447\u0435\u043d\u0438\u0435 &quot;\u0421\u0438\u0441\u0442\u0435\u043c\u0430 \u0441\u0431\u043e\u0440\u0430 \u0434\u0430\u043d\u043d\u044b\u0445 REGMIK&quot;. \u043e\u0441\u0443\u0449\u0435\u0441\u0442\u0432\u043b\u044f\u0435\u0442\u00a0\u0441\u0431\u043e\u0440 \u0438\u043d\u0444\u043e\u0440\u043c\u0430\u0446\u0438\u0438 \u043e\u0442\u00a0\u043f\u0440\u0438\u0431\u043e\u0440\u043e\u0432 \u0438 \u0434\u0430\u0442\u0447\u0438\u043a\u043e\u0432 \u0432 \u0440\u0435\u0436\u0438\u043c\u0435 \u0440\u0435\u0430\u043b\u044c\u043d\u043e\u0433\u043e \u0432\u0440\u0435\u043c\u0435\u043d\u0438.\" \/>\n<meta name=\"robots\" content=\"index, follow, max-snippet:-1, max-image-preview:large, max-video-preview:-1\" \/>\n<link rel=\"canonical\" href=\"https:\/\/regmik.ua\/pl\/product\/ssd-v4\/\" \/>\n<script type=\"application\/ld+json\" class=\"yoast-schema-graph\">{\"@context\":\"https:\\\/\\\/schema.org\",\"@graph\":[{\"@type\":\"WebPage\",\"@id\":\"https:\\\/\\\/regmik.ua\\\/product\\\/ssd-v4\\\/\",\"url\":\"https:\\\/\\\/regmik.ua\\\/product\\\/ssd-v4\\\/\",\"name\":\"\u041f\u0440\u043e\u0433\u0440\u0430\u043c\u043c\u043d\u043e\u0435 \u043e\u0431\u0435\u0441\u043f\u0435\u0447\u0435\u043d\u0438\u0435 \u0421\u0438\u0441\u0442\u0435\u043c\u0430 \u0441\u0431\u043e\u0440\u0430 \u0434\u0430\u043d\u043d\u044b\u0445 &#8211; \u0420\u0415\u0413\u041c\u0406\u041a, \u041d\u0412\u0424, \u041f\u041f\",\"isPartOf\":{\"@id\":\"https:\\\/\\\/regmik.ua\\\/uk\\\/#website\"},\"primaryImageOfPage\":{\"@id\":\"https:\\\/\\\/regmik.ua\\\/product\\\/ssd-v4\\\/#primaryimage\"},\"image\":{\"@id\":\"https:\\\/\\\/regmik.ua\\\/product\\\/ssd-v4\\\/#primaryimage\"},\"thumbnailUrl\":\"https:\\\/\\\/regmik.ua\\\/wp-content\\\/uploads\\\/SSD_4_8.png\",\"datePublished\":\"2020-02-08T06:00:21+00:00\",\"dateModified\":\"2024-10-18T06:25:44+00:00\",\"description\":\"\u041f\u0440\u043e\u0433\u0440\u0430\u043c\u043c\u043d\u043e\u0435 \u043e\u0431\u0435\u0441\u043f\u0435\u0447\u0435\u043d\u0438\u0435 \\\"\u0421\u0438\u0441\u0442\u0435\u043c\u0430 \u0441\u0431\u043e\u0440\u0430 \u0434\u0430\u043d\u043d\u044b\u0445 REGMIK\\\". \u043e\u0441\u0443\u0449\u0435\u0441\u0442\u0432\u043b\u044f\u0435\u0442\u00a0\u0441\u0431\u043e\u0440 \u0438\u043d\u0444\u043e\u0440\u043c\u0430\u0446\u0438\u0438 \u043e\u0442\u00a0\u043f\u0440\u0438\u0431\u043e\u0440\u043e\u0432 \u0438 \u0434\u0430\u0442\u0447\u0438\u043a\u043e\u0432 \u0432 \u0440\u0435\u0436\u0438\u043c\u0435 \u0440\u0435\u0430\u043b\u044c\u043d\u043e\u0433\u043e \u0432\u0440\u0435\u043c\u0435\u043d\u0438.\",\"breadcrumb\":{\"@id\":\"https:\\\/\\\/regmik.ua\\\/product\\\/ssd-v4\\\/#breadcrumb\"},\"inLanguage\":\"pl-PL\",\"potentialAction\":[{\"@type\":\"ReadAction\",\"target\":[\"https:\\\/\\\/regmik.ua\\\/product\\\/ssd-v4\\\/\"]}]},{\"@type\":\"ImageObject\",\"inLanguage\":\"pl-PL\",\"@id\":\"https:\\\/\\\/regmik.ua\\\/product\\\/ssd-v4\\\/#primaryimage\",\"url\":\"https:\\\/\\\/regmik.ua\\\/wp-content\\\/uploads\\\/SSD_4_8.png\",\"contentUrl\":\"https:\\\/\\\/regmik.ua\\\/wp-content\\\/uploads\\\/SSD_4_8.png\",\"width\":613,\"height\":342,\"caption\":\"\u0421\u0438\u0441\u0442\u0435\u043c\u0430 \u0441\u0431\u043e\u0440\u0430 \u0434\u0430\u043d\u043d\u044b\u0445\"},{\"@type\":\"BreadcrumbList\",\"@id\":\"https:\\\/\\\/regmik.ua\\\/product\\\/ssd-v4\\\/#breadcrumb\",\"itemListElement\":[{\"@type\":\"ListItem\",\"position\":1,\"name\":\"\u0413\u043b\u0430\u0432\u043d\u0430\u044f \u0441\u0442\u0440\u0430\u043d\u0438\u0446\u0430\",\"item\":\"https:\\\/\\\/regmik.ua\\\/\"},{\"@type\":\"ListItem\",\"position\":2,\"name\":\"\u041f\u0440\u043e\u0434\u0443\u043a\u0446\u0438\u044f\",\"item\":\"https:\\\/\\\/regmik.ua\\\/uk\\\/products\\\/\"},{\"@type\":\"ListItem\",\"position\":3,\"name\":\"\u0421\u0438\u0441\u0442\u0435\u043c\u0430 \u0441\u0431\u043e\u0440\u0430 \u0434\u0430\u043d\u043d\u044b\u0445 REGMIK\"}]},{\"@type\":\"WebSite\",\"@id\":\"https:\\\/\\\/regmik.ua\\\/uk\\\/#website\",\"url\":\"https:\\\/\\\/regmik.ua\\\/uk\\\/\",\"name\":\"REGMIK\",\"description\":\"\u0418\u0437\u043c\u0435\u0440\u0438\u0442\u0435\u043b\u044c\u043d\u044b\u0435 \u043f\u0440\u0438\u0431\u043e\u0440\u044b \u0438 \u0434\u0430\u0442\u0447\u0438\u043a\u0438 \u0442\u0435\u043c\u043f\u0435\u0440\u0430\u0442\u0443\u0440\u044b\",\"publisher\":{\"@id\":\"https:\\\/\\\/regmik.ua\\\/uk\\\/#organization\"},\"alternateName\":\"REGMIK\",\"potentialAction\":[{\"@type\":\"SearchAction\",\"target\":{\"@type\":\"EntryPoint\",\"urlTemplate\":\"https:\\\/\\\/regmik.ua\\\/uk\\\/?s={search_term_string}\"},\"query-input\":{\"@type\":\"PropertyValueSpecification\",\"valueRequired\":true,\"valueName\":\"search_term_string\"}}],\"inLanguage\":\"pl-PL\"},{\"@type\":\"Organization\",\"@id\":\"https:\\\/\\\/regmik.ua\\\/uk\\\/#organization\",\"name\":\"REGMIK\",\"alternateName\":\"\u0420\u0415\u0413\u041c\u0418\u041a\",\"url\":\"https:\\\/\\\/regmik.ua\\\/uk\\\/\",\"logo\":{\"@type\":\"ImageObject\",\"inLanguage\":\"pl-PL\",\"@id\":\"https:\\\/\\\/regmik.ua\\\/uk\\\/#\\\/schema\\\/logo\\\/image\\\/\",\"url\":\"https:\\\/\\\/regmik.ua\\\/wp-content\\\/uploads\\\/2020\\\/03\\\/regmik_logo.png\",\"contentUrl\":\"https:\\\/\\\/regmik.ua\\\/wp-content\\\/uploads\\\/2020\\\/03\\\/regmik_logo.png\",\"width\":194,\"height\":45,\"caption\":\"REGMIK\"},\"image\":{\"@id\":\"https:\\\/\\\/regmik.ua\\\/uk\\\/#\\\/schema\\\/logo\\\/image\\\/\"},\"sameAs\":[\"https:\\\/\\\/www.facebook.com\\\/regmik.npf\",\"https:\\\/\\\/x.com\\\/regmiknpf\",\"https:\\\/\\\/www.youtube.com\\\/channel\\\/UC_SrY98SKAmR3Kt95GcVKcw\"]}]}<\/script>","yoast_head_json":{"title":"System gromadzenia danych programowych \u2013 REGMIK, NVF, PP","description":"Oprogramowanie systemu akwizycji danych REGMIK. zbiera informacje z urz\u0105dze\u0144 i czujnik\u00f3w w czasie rzeczywistym.","robots":{"index":"index","follow":"follow","max-snippet":"max-snippet:-1","max-image-preview":"max-image-preview:large","max-video-preview":"max-video-preview:-1"},"canonical":"https:\/\/regmik.ua\/pl\/product\/ssd-v4\/","schema":{"@context":"https:\/\/schema.org","@graph":[{"@type":"WebPage","@id":"https:\/\/regmik.ua\/product\/ssd-v4\/","url":"https:\/\/regmik.ua\/product\/ssd-v4\/","name":"System gromadzenia danych programowych \u2013 REGMIK, NVF, PP","isPartOf":{"@id":"https:\/\/regmik.ua\/uk\/#website"},"primaryImageOfPage":{"@id":"https:\/\/regmik.ua\/product\/ssd-v4\/#primaryimage"},"image":{"@id":"https:\/\/regmik.ua\/product\/ssd-v4\/#primaryimage"},"thumbnailUrl":"https:\/\/regmik.ua\/wp-content\/uploads\/SSD_4_8.png","datePublished":"2020-02-08T06:00:21+00:00","dateModified":"2024-10-18T06:25:44+00:00","description":"Oprogramowanie systemu akwizycji danych REGMIK. zbiera informacje z urz\u0105dze\u0144 i czujnik\u00f3w w czasie rzeczywistym.","breadcrumb":{"@id":"https:\/\/regmik.ua\/product\/ssd-v4\/#breadcrumb"},"inLanguage":"pl-PL","potentialAction":[{"@type":"ReadAction","target":["https:\/\/regmik.ua\/product\/ssd-v4\/"]}]},{"@type":"ImageObject","inLanguage":"pl-PL","@id":"https:\/\/regmik.ua\/product\/ssd-v4\/#primaryimage","url":"https:\/\/regmik.ua\/wp-content\/uploads\/SSD_4_8.png","contentUrl":"https:\/\/regmik.ua\/wp-content\/uploads\/SSD_4_8.png","width":613,"height":342,"caption":"\u0421\u0438\u0441\u0442\u0435\u043c\u0430 \u0441\u0431\u043e\u0440\u0430 \u0434\u0430\u043d\u043d\u044b\u0445"},{"@type":"BreadcrumbList","@id":"https:\/\/regmik.ua\/product\/ssd-v4\/#breadcrumb","itemListElement":[{"@type":"ListItem","position":1,"name":"\u0413\u043b\u0430\u0432\u043d\u0430\u044f \u0441\u0442\u0440\u0430\u043d\u0438\u0446\u0430","item":"https:\/\/regmik.ua\/"},{"@type":"ListItem","position":2,"name":"\u041f\u0440\u043e\u0434\u0443\u043a\u0446\u0438\u044f","item":"https:\/\/regmik.ua\/uk\/products\/"},{"@type":"ListItem","position":3,"name":"\u0421\u0438\u0441\u0442\u0435\u043c\u0430 \u0441\u0431\u043e\u0440\u0430 \u0434\u0430\u043d\u043d\u044b\u0445 REGMIK"}]},{"@type":"WebSite","@id":"https:\/\/regmik.ua\/uk\/#website","url":"https:\/\/regmik.ua\/uk\/","name":"REGMIK","description":"Przyrz\u0105dy pomiarowe i czujniki temperatury","publisher":{"@id":"https:\/\/regmik.ua\/uk\/#organization"},"alternateName":"REGMIK","potentialAction":[{"@type":"SearchAction","target":{"@type":"EntryPoint","urlTemplate":"https:\/\/regmik.ua\/uk\/?s={search_term_string}"},"query-input":{"@type":"PropertyValueSpecification","valueRequired":true,"valueName":"search_term_string"}}],"inLanguage":"pl-PL"},{"@type":"Organization","@id":"https:\/\/regmik.ua\/uk\/#organization","name":"REGMIK","alternateName":"\u0420\u0415\u0413\u041c\u0418\u041a","url":"https:\/\/regmik.ua\/uk\/","logo":{"@type":"ImageObject","inLanguage":"pl-PL","@id":"https:\/\/regmik.ua\/uk\/#\/schema\/logo\/image\/","url":"https:\/\/regmik.ua\/wp-content\/uploads\/2020\/03\/regmik_logo.png","contentUrl":"https:\/\/regmik.ua\/wp-content\/uploads\/2020\/03\/regmik_logo.png","width":194,"height":45,"caption":"REGMIK"},"image":{"@id":"https:\/\/regmik.ua\/uk\/#\/schema\/logo\/image\/"},"sameAs":["https:\/\/www.facebook.com\/regmik.npf","https:\/\/x.com\/regmiknpf","https:\/\/www.youtube.com\/channel\/UC_SrY98SKAmR3Kt95GcVKcw"]}]}},"_links":{"self":[{"href":"https:\/\/regmik.ua\/pl\/wp-json\/wp\/v2\/product\/19866","targetHints":{"allow":["GET"]}}],"collection":[{"href":"https:\/\/regmik.ua\/pl\/wp-json\/wp\/v2\/product"}],"about":[{"href":"https:\/\/regmik.ua\/pl\/wp-json\/wp\/v2\/types\/product"}],"replies":[{"embeddable":true,"href":"https:\/\/regmik.ua\/pl\/wp-json\/wp\/v2\/comments?post=19866"}],"version-history":[{"count":0,"href":"https:\/\/regmik.ua\/pl\/wp-json\/wp\/v2\/product\/19866\/revisions"}],"wp:featuredmedia":[{"embeddable":true,"href":"https:\/\/regmik.ua\/pl\/wp-json\/wp\/v2\/media\/28183"}],"wp:attachment":[{"href":"https:\/\/regmik.ua\/pl\/wp-json\/wp\/v2\/media?parent=19866"}],"wp:term":[{"taxonomy":"product_brand","embeddable":true,"href":"https:\/\/regmik.ua\/pl\/wp-json\/wp\/v2\/product_brand?post=19866"},{"taxonomy":"product_cat","embeddable":true,"href":"https:\/\/regmik.ua\/pl\/wp-json\/wp\/v2\/product_cat?post=19866"},{"taxonomy":"product_tag","embeddable":true,"href":"https:\/\/regmik.ua\/pl\/wp-json\/wp\/v2\/product_tag?post=19866"}],"curies":[{"name":"wp","href":"https:\/\/api.w.org\/{rel}","templated":true}]}}