{"id":19202,"date":"2019-06-07T13:27:04","date_gmt":"2019-06-07T11:27:04","guid":{"rendered":"https:\/\/regmik.com.ua\/?post_type=product&#038;p=19202"},"modified":"2020-08-20T07:23:04","modified_gmt":"2020-08-20T05:23:04","slug":"ad5312","status":"publish","type":"product","link":"https:\/\/regmik.ua\/pl\/product\/ad5312\/","title":{"rendered":"AD5312"},"content":{"rendered":"<div class=\"i-spoiler j-spoiler spoiler-open mb2\" data-spoiler=\".param-table\">\n<h2 class=\"dib tm mr1 lb nw\" title=\"Dane techniczne AD5322BRM\">Specyfikacje<\/h2>\n<\/div>\n<div class=\"js-content param-table mb3\">\n<div class=\"clear descript\">\n<table class=\"table-parameters\">\n<tbody>\n<tr>\n<td class=\"li-dot-for-parameters\"><\/td>\n<th class=\"ktp\"><\/th>\n<td class=\"ktv\"><\/td>\n<\/tr>\n<tr>\n<td class=\"li-dot-for-parameters\"><\/td>\n<th class=\"ktp\"><span class=\"ktl\">Rozdzielczo\u015b\u0107 konwertera<\/span><\/th>\n<td class=\"ktv\"><img decoding=\"async\" class=\"ti\" src=\"data:image\/gif;base64,R0lGODdhEAAMAMQAACwqJKSipGRiZNTS1ERCPOzq7OTe5ExOTDw2NLy6vIR+fNza3ExKTPz2\/Ozm5FxWVEQ+PMTGxJSOjDQyLLSytHRubNzW3ExGROTi5FROTDw6NPz6\/MzGzJSSlAAAAAAAACwAAAAAEAAMAAAFQuDGXVuZZNMxlGzAIGxibNLDlsIA35ux35gfK5LhbYJGRceIvBU0BaZwU1lKbydjycdaECxagFi8uSAQE4J2zW6zQgA7\" alt=\"\" \/><\/td>\n<\/tr>\n<tr>\n<td class=\"li-dot-for-parameters\"><\/td>\n<th class=\"ktp\"><span class=\"ktl\">Liczba kana\u0142\u00f3w<\/span><\/th>\n<td class=\"ktv\"><img decoding=\"async\" class=\"ti\" src=\"data:image\/gif;base64,R0lGODdhCQAMAMQAADQ2NLS2tHRybNze3ExKRNTW1ERCPPz6\/MTGxJSSjFRSTDw2NLy+vOTq5Ly6vHx+fExOTNza3ERCRPz+\/JSWlFRWVDw6NOzu7AAAAAAAAAAAAAAAAAAAAAAAAAAAAAAAACwAAAAACQAMAAAFK6CjAFAxnRMzTEmFvoP1oogynw91X8t1C7pZQHGYDSSR4osAsAAkt6h0EgIAOw==\" alt=\"\" \/><\/td>\n<\/tr>\n<tr>\n<td class=\"li-dot-for-parameters\"><\/td>\n<th class=\"ktp\"><span class=\"ktl\">Czas instalacji<\/span><\/th>\n<td class=\"ktv\"><img decoding=\"async\" class=\"ti\" src=\"data:image\/gif;base64,R0lGODdhIgAMANUAACwuLJyanMzOzGxqbOzq7LS2tExKTISChKSmpPT29JSOlNze3MTCxDw6PFRWVIyKjKSipNTW1PTy9IyGjLSutPz+\/DQ2NKSepPTu9Ly+vFRSVISGhKyurPz2\/JSWlOTm5MzKzDQyNJyenNTS1IR+hOzu7Ly6vExOTKyqrJSSlOTi5MTGxDw+PFxeXNza3ISGjPz6\/AAAAAAAAAAAAAAAAAAAAAAAAAAAAAAAAAAAAAAAAAAAAAAAAAAAAAAAAAAAACwAAAAAIgAMAAAGpEDByeJwVY7IpHLJrDQylYCjSa0eQ0cXy8pdGhDRg1JCWhxBk4rkdbyM1JfJw4hcGFotmBKzCRxTaXwVKxxHECYVMBJJGQ4XFiBjExAuAgWBGwQpHYkkCUwsRigaexsqAQEEgSQPUGpiTABHKltJghArGGwlLwlznZ9LDYgpA6VqMIISYi4PnAEFiRhJKwYWLR\/HRxKYRxQoFQQBBwpvXefo6V1BADs=\" alt=\"\" \/><\/td>\n<\/tr>\n<tr>\n<td class=\"li-dot-for-parameters\"><\/td>\n<th class=\"ktp\"><span class=\"ktl\">Szybko\u015b\u0107 konwersji<\/span><\/th>\n<td class=\"ktv\"><img decoding=\"async\" class=\"ti\" src=\"data:image\/gif;base64,R0lGODdhLgAMANUAACwqJJSWlGRiXMzS1Ozu7ERCPHx+fKyyrNze3IyKhPT69ExOTMTCxDQ2NGxubNza3KSmpNTa1ISGhLy6vJSSjPz6\/FRWVDQyLNTS1PT29ExKRISCfOTm5IyOjFRSTMTKzDw+PHR2dJyinGRmZPTy9ERGRLS2tNzi5IyKjPT6\/ExSTMTGxDw6NHRybKyurLy+vPz+\/DQyNNTW1ISChAAAAAAAAAAAAAAAAAAAAAAAAAAAAAAAAAAAAAAAAAAAAAAAACwAAAAALgAMAAAG7UDYRwMrTlSxhazIATRYraJ0KiXMJAkJhEqFaBpSEwJGscAqnBh3XSRI2NwRBkxF0E+XYuq8r\/T\/blIVZ4SDhjAcdINnKx5MamyBMCIYkm1vMJZMdHowBhRneDECHItVbwwumZh+kpJ7iGCmHCwEsJkODrB9bhwBGatTrphSiUV+MA4BU34RIFxWHS+XwpgEKMebpiYesMgwMiWHe24ZHRHBhMPMdsgPBRGmwCQO2DC3gTIdGZYp6\/cwAAgUmKIEiwYNCuzp8MRAClNnJLlwEWiRFQkYZyyDw5EZlUMdl5m6xXHQLkEfAUI8Y0JKEAA7\" alt=\"\" \/><\/td>\n<\/tr>\n<tr>\n<td class=\"li-dot-for-parameters\"><\/td>\n<th class=\"ktp\"><span class=\"ktl\">Interfejs wymiany danych<\/span><\/th>\n<td class=\"ktv\"><img decoding=\"async\" class=\"ti\" src=\"data:image\/gif;base64,R0lGODdhOQAMANUAACwqLJSWlMzKzGRiZOTm5ERGRLSytNza3FRWVPTy9Dw6PISChKympNTS1Ly+vDQyNPTu9ExOTGReXJyenGxubOzu7OTi5FxeXPz6\/JSSlJyWnNTOzOzm7Ly6vOTe5FxWVPz29ERCRIyKjKyqrNzW3MS+xDw2NFROVHx2dCwuLMzOzExKTLS2tNze3EQ+PISGhKymrNTW1DQ2NHRudJyanOzq7FxaXPz2\/MTCxFRSVAAAAAAAAAAAAAAAAAAAAAAAACwAAAAAOQAMAAAG\/kDc6qHIYI7I5DExUCItD+dRSDQSHg\/ZSgSCKhUODKQlLUu9UrCYjPZcFmgkwEyXXqW1eTLecMWPCiJKFjYPESSEAw81FiZHBisKCgYYf0mBSXdHKgWWDg8nDUgSARgaAxYAAkcWMkcHNRgsK5VRUiUPORustgc5NJaVKABhCQAJGAcKcY1KHlHBTygpYakmJjkMtWU0ORgEADImDyHMrhgOHzIPjtFJNCfbe7ZOyhjGN0\/0BI4JDyWVXLlD0kKBPH1KVmF4MeOIDRr3LJgTA+AAhgzQjklRcYThwSOakERgRyEWhhY5ZBQwEIffERoPXMAIceTCAwNMCI40UfKjEM86QM0sCEq0aFAIE4yWCQIAOw==\" alt=\"\" \/><\/td>\n<\/tr>\n<tr>\n<td class=\"li-dot-for-parameters\"><\/td>\n<th class=\"ktp\"><span class=\"ktl\">Typ wyj\u015bcia<\/span><\/th>\n<td class=\"ktv\"><img decoding=\"async\" class=\"ti\" src=\"data:image\/gif;base64,R0lGODdhLQAMANUAACwmLJSSlGReZMzKzERCROzm7LSutHx6fFRSVDw2PKymrGxqbNza3PTy9DQuNMS+xExKTIyGjJyanGxmbNTS1Ly2vGRaXPz6\/DQqNGxibExCTPTu9FxaXKyqrHRydOTi5Pz2\/DwyNJSOlNzW3CwqLJyWnGRiZOzq7LSytISChFxWXEQ+RHRqdOTe5PT2\/DQyNMzGzFROVJSKlKSepNTW3Ly6vExGTKyqtAAAAAAAAAAAAAAAAAAAAAAAAAAAAAAAACwAAAAALQAMAAAG\/kBb5UK8QAbF4seRbDqfT9GiyFg9lxeQCMrlMhwNYinyLDCx3XQTgSLGKJfNIpRIgVqOzwsQ8hANEAkJbRcnJgkvE0QfHA4xNEkzih8aRBN2GxwRehdoRAwnFxWVFyYyFyMhRBYlFwEZSQUYGxJbIAAbRDAQWGZPLS9ZJLkfqi4AYQwJTRw3KiOdTEQtCVh4SQ8IiKpoxRcFAC8hDlZJCh4QRLe5FwM2WJxELg4PFy2qDQAg9sENJPtPNmBoRcTEgQsNMoj48A\/chjAbSDBwFeyCjRkXRKi6oEJClg9OFrQoUiDDiwQH9qlwYGCCAw5iyCkoB2PFCw8bWyAIQYCQD5qfXpYBHdrl4YUSKroEAQA7\" alt=\"\" \/><\/td>\n<\/tr>\n<tr>\n<td class=\"li-dot-for-parameters\"><\/td>\n<th class=\"ktp\"><span class=\"ktl\">Zakres napi\u0119cia wyj\u015bciowego<\/span><\/th>\n<td class=\"ktv\"><img decoding=\"async\" class=\"ti\" src=\"data:image\/gif;base64,R0lGODdhLwAMANUAACQmLJSWnFxeXNTS1DxCROzq7HR6fLSytCwyNExSVNze3PT29GxudISKjKSqrGRqbERKTDw6PCwuLJyenNTa3Ozy9MzKzDQ6PFRaXOTm5Pz+\/IySlGRiZHyChLy+xDQyNFRWVOTi5PT6\/IyOjExKTCQqLJyanFxiZNTW1ERGTOzu7LS2vNze5PT2\/HR2fKyurGxqbCwuNJyepNza3PTy9ISGhDQ2PFRWXIyOlExOVAAAAAAAAAAAAAAAAAAAAAAAACwAAAAALwAMAAAG\/kCEZhiyDY\/HigCpSa2QJAtzOkJEKsfPkaWdejU4xhFF+B5pscICKWxpQkKNey6vz2cx2jBQG9L\/cEduGjFHIVosAh0RNh5vXUg5B3I5Ayw3AmmXHykohwAfLn4aXS2BIQAmGiY3j6NDJg9vKW8AUhoCARoBHBoscWyGWiGFGjPDwHMFaSY4b8U0AHozRoF2hHUsRr9DXL5Gg34CLzcovlqmoB8IZcRTAAVDFrTWh66vGg4wOUTQMeGm2tTRAKJGixYM+rg79+2Vm2W6GA65oYoGi2dMWrDgYMOGCz3e3gix5wXGRYxDZiRAkGKStXBmYGoQcQ2mzZiCkNDRaQbfB8CBf3IOCQIAOw==\" alt=\"\" \/><\/td>\n<\/tr>\n<tr>\n<td class=\"li-dot-for-parameters\"><\/td>\n<th class=\"ktp\"><span class=\"ktl\">Pob\u00f3r energii<\/span><\/th>\n<td class=\"ktv\"><img decoding=\"async\" class=\"ti\" src=\"data:image\/gif;base64,R0lGODdhLQAMANUAACwmLJSWlMzO1GReZOzq7LSytHx+fEQ+RIyKjKSmpPT29Nze3MTCxIyGjExKTJyenISGhDQyNNTW1GxqbPTy9Pz+\/PTu9IR+hJSSlLSutPz2\/MzKzFRSVHRydJyanOzu7Ly6vERGRJSOlKyurOzm7MzGzFROVKSipDw6PNzW3HRudCwuLJSWnNTS1LS2tHx+hERCRIyOlPT2\/OTi5MTGxExOTJyepISGjDw2PGxubISChPz6\/Ozu9KyutNza3AAAACwAAAAALQAMAAAG+UCQKeKQVI6VGSAS6SCf0CMF0YDYPlEoaFERcSo78CySLR8tEHDhZH7uFrjnGEwP2+t0nu5IQNz\/dEclNXdjYVkWFz6CDRVoRzMYFQQNNxcNCFBhL5JIShEDJIA8EB5gLDeOexoeLUiPgBUkOAR3ZzkTURYNJykbLg07PBc3OhgCdnpZOyqdUSkooxAzHjYkaY+OPRlnaYAuJhpHgC0wunsnDDyNynyZqlE+B0ZHGioVFBUaE414FnsWdnxI9Q+Mhh4jwpDCsyMEDhwRDuyg8EVEBBwvxLlZ2M0RhEoxQIjbUTDKISSHTuIZFyglS5MrY7rR1AalTCRBAAA7\" alt=\"\" \/><\/td>\n<\/tr>\n<tr>\n<td class=\"li-dot-for-parameters\"><\/td>\n<th class=\"ktp\"><span class=\"ktl\">Konfiguracja napi\u0119cia odniesienia<\/span><\/th>\n<td class=\"ktv\"><img decoding=\"async\" class=\"ti\" src=\"data:image\/gif;base64,R0lGODdhFAAMANUAACwqJJSWlGRmZMzOzERGROzu7ISGhDw+PKyytNze3FxaXPT6\/DQyNGxubExOTPT29JyenNTW1Ozy9IyOjLy+vOTm5CwqLJyanGxqZExKTOzu9ERCRNze5FxeXPz+\/DQ2NHRydExSTNza3JSSlLy+xAAAAAAAAAAAAAAAAAAAAAAAAAAAAAAAAAAAAAAAAAAAAAAAAAAAAAAAAAAAAAAAAAAAAAAAAAAAAAAAAAAAAAAAAAAAAAAAAAAAAAAAAAAAACwAAAAAFAAMAAAGakDAZ6jwGI\/IJCPJfEyYSyayEkVWPREGx0PKiD6WT8NqXBgnHc1m4OF8kGbh8OJ5EDoGI7V8vBovFiJGblBJFRsGAmZ7SkdmICMPGQgeBRYaGh5mHnIfGRQOZgMHBQsCDB1SqlIPq5tJr0EAOw==\" alt=\"\" \/><\/td>\n<\/tr>\n<tr>\n<td class=\"li-dot-for-parameters\"><\/td>\n<th class=\"ktp\"><span class=\"ktl\">Zakres analogowego napi\u0119cia zasilania<\/span><\/th>\n<td class=\"ktv\"><img decoding=\"async\" class=\"ti\" src=\"data:image\/gif;base64,R0lGODdhOgAMANUAACQqLJSWlFxiZMzOzHx+fDxCROTm7ISKjLSytPTy9Cw2NExOTJSSjNza3IyGhIySlMTGxDw+PKyurGxubISGhOzu7IyKhLS6vPz6\/DQ2NFRWVJyenNTW3ISChERKRPT29ExSTOTi5HR2dIyOjDQ6NCwyLNTS1HyChERGROzq7LS2tJSSlNze5GxydOzu9IyKjLy6vKSipPT2\/ExSVDQ6PAAAAAAAAAAAAAAAAAAAAAAAAAAAAAAAAAAAAAAAAAAAACwAAAAAOgAMAAAG5MDLLLMwYY6YEICUaSGf0OSyCVUynU\/X6OXYpKCwBuYxexpK0TTyrGanXQ6MTBVTs0hmhbqtTxv6URUURwYjahBlSCyAe0+LdoxZg0kBaicPZiUKAgaNa5qcUGebnZJyG0ZRBiQVUS4tE55ZsG+0TxUdBx0BA2ktmGkcNLJPwmrGphguEhJQKjMyxx7ESBzTwddIgkgphtUFHEgyTi4YHxMHcljjR+zK5ujqR+Xn6ckyzE8eNCQkBcoaxiigceKDDBcBAc5L9GBgwYMJGxL8AMUFhQMWHsCIRq0Rx44gQ0L5KDJkEAA7\" alt=\"\" \/><\/td>\n<\/tr>\n<tr>\n<td class=\"li-dot-for-parameters\"><\/td>\n<th class=\"ktp\"><span class=\"ktl\">Uwaga<\/span><\/th>\n<td class=\"ktv\">2,5 V do 5,5 V, niska moc, wyj\u015bcie napi\u0119ciowe typu Rail-to-Rail, podw\u00f3jny 12-bitowy przetwornik DAC<i class=\"dimm\"><\/i><\/td>\n<\/tr>\n<tr>\n<td class=\"li-dot-for-parameters\"><\/td>\n<th class=\"ktp\"><span class=\"ktl\">Temperatura pracy<\/span><\/th>\n<td class=\"ktv\"><img decoding=\"async\" class=\"ti\" src=\"data:image\/gif;base64,R0lGODdhRQAMANUAACwqLJSWlMzOzFxiZOTq5LS6vHx+fERGRPT29ISKhKSmpNze3DQ6PJSSlJyenPTy9MTGxFRWVIySjNTW1GxubOzy7Pz+\/CwyNPz6\/IyKjOTm5DxCRJyanNTS1Ozu7LzCvISGhExOTPT69KyurNzi3Dw6PKSipMzKzFxeXHR2dCwuLJSanMzSzGRmZOTq7Ly+vISChERKTISKjKSqrJyipMTKzFxaXIySlNTa3GxydOzy9DQ2NIyOjPT6\/Nzi5Dw+PCwAAAAARQAMAAAG\/kCLcGhZlIYgxi9AbDZPMWJyKdQAGLuU01LL8HBVWkI22hJRF6GjhdAcXmaiIsQYrttviyZt7oE8OEwEPBNCD3EWNBQ7QjECQjQ5iBYQLSx1QiGPiZIajGYiMAQTTDMQk0I+ByyMPSoiQiwhqHqYPQCwFrJ6fGYCEg0LFiA6tDYFexYEvT4\/tJ5Cy0PNvDsDLpM6ILQ0BnqMLp96R6gamOHTzkI6KRSTCN5mDPMVJT9YVysAxbqz5Z8I9gnp4E8IDnWIEniglepTiFMWZmgph8nCQyESiUw4gErBB4a8hKywocPDwx4TUQpR2XDIyJIXiyGgIKMcCBZCsCGCZkGEMgEGG2hYeBBhXVELOo4CAKBiaQ8LP38ItRBgBwMQT1H54ACCDMivKy1kBUu2rNmzcYIAADs=\" alt=\"\" \/><\/td>\n<\/tr>\n<\/tbody>\n<\/table>\n<\/div>\n<\/div>","protected":false},"excerpt":{"rendered":"<p>\u0422\u0435\u0445\u043d\u0438\u0447\u0435\u0441\u043a\u0438\u0435 \u0445\u0430\u0440\u0430\u043a\u0442\u0435\u0440\u0438\u0441\u0442\u0438\u043a\u0438 \u0420\u0430\u0437\u0440\u0435\u0448\u0435\u043d\u0438\u0435 \u043f\u0440\u0435\u043e\u0431\u0440\u0430\u0437\u043e\u0432\u0430\u0442\u0435\u043b\u044f \u041a\u043e\u043b-\u0432\u043e \u043a\u0430\u043d\u0430\u043b\u043e\u0432 \u0412\u0440\u0435\u043c\u044f \u0443\u0441\u0442\u0430\u043d\u043e\u0432\u043a\u0438 \u0421\u043a\u043e\u0440\u043e\u0441\u0442\u044c \u043f\u0440\u0435\u043e\u0431\u0440\u0430\u0437\u043e\u0432\u0430\u043d\u0438\u044f \u0418\u043d\u0442\u0435\u0440\u0444\u0435\u0439\u0441 \u043e\u0431\u043c\u0435\u043d\u0430 \u0434\u0430\u043d\u043d\u044b\u043c\u0438 \u0422\u0438\u043f \u0432\u044b\u0445\u043e\u0434\u0430 \u0414\u0438\u0430\u043f\u0430\u0437\u043e\u043d \u0432\u044b\u0445\u043e\u0434\u043d\u044b\u0445 \u043d\u0430\u043f\u0440\u044f\u0436\u0435\u043d\u0438\u0439 \u041f\u043e\u0442\u0440\u0435\u0431\u043b\u044f\u0435\u043c\u0430\u044f \u043c\u043e\u0449\u043d\u043e\u0441\u0442\u044c \u041a\u043e\u043d\u0444\u0438\u0433\u0443\u0440\u0430\u0446\u0438\u044f \u0438\u0441\u0442\u043e\u0447\u043d\u0438\u043a\u0430 \u043e\u043f\u043e\u0440\u043d\u043e\u0433\u043e \u043d\u0430\u043f\u0440\u044f\u0436\u0435\u043d\u0438\u044f \u0414\u0438\u0430\u043f\u0430\u0437\u043e\u043d \u043d\u0430\u043f\u0440\u044f\u0436\u0435\u043d\u0438\u0439 \u043f\u0438\u0442\u0430\u043d\u0438\u044f \u0430\u043d\u0430\u043b\u043e\u0433\u043e\u0432\u043e\u0439 \u0447\u0430\u0441\u0442\u0438 \u041f\u0440\u0438\u043c\u0435\u0447\u0430\u043d\u0438\u0435 2.5 V to 5.5 V, Low Power, Rail-to-Rail Voltage Out, Dual 12-Bit DAC \u0420\u0430\u0431\u043e\u0447\u0430\u044f \u0442\u0435\u043c\u043f\u0435\u0440\u0430\u0442\u0443\u0440\u0430<\/p>","protected":false},"featured_media":19342,"comment_status":"open","ping_status":"closed","template":"","meta":[],"product_brand":[],"product_cat":[791],"product_tag":[3108],"class_list":{"0":"post-19202","1":"product","2":"type-product","3":"status-publish","4":"has-post-thumbnail","6":"product_cat-preobrazovateli","7":"product_tag-ad5312","10":"instock","11":"shipping-taxable","12":"purchasable","13":"product-type-simple"},"yoast_head":"<title>AD5312 &#8211; \u0420\u0415\u0413\u041c\u0406\u041a, \u041d\u0412\u0424, \u041f\u041f<\/title>\n<meta name=\"description\" content=\"\u0422\u0435\u0445\u043d\u0438\u0447\u0435\u0441\u043a\u0438\u0435 \u0445\u0430\u0440\u0430\u043a\u0442\u0435\u0440\u0438\u0441\u0442\u0438\u043a\u0438 \u0420\u0430\u0437\u0440\u0435\u0448\u0435\u043d\u0438\u0435 \u043f\u0440\u0435\u043e\u0431\u0440\u0430\u0437\u043e\u0432\u0430\u0442\u0435\u043b\u044f \u041a\u043e\u043b-\u0432\u043e \u043a\u0430\u043d\u0430\u043b\u043e\u0432 \u0412\u0440\u0435\u043c\u044f \u0443\u0441\u0442\u0430\u043d\u043e\u0432\u043a\u0438 \u0421\u043a\u043e\u0440\u043e\u0441\u0442\u044c \u043f\u0440\u0435\u043e\u0431\u0440\u0430\u0437\u043e\u0432\u0430\u043d\u0438\u044f \u0418\u043d\u0442\u0435\u0440\u0444\u0435\u0439\u0441 \u043e\u0431\u043c\u0435\u043d\u0430 \u0434\u0430\u043d\u043d\u044b\u043c\u0438 \u0422\u0438\u043f \u0432\u044b\u0445\u043e\u0434\u0430 \u0414\u0438\u0430\u043f\u0430\u0437\u043e\u043d\" \/>\n<meta name=\"robots\" content=\"index, follow, max-snippet:-1, max-image-preview:large, max-video-preview:-1\" \/>\n<link rel=\"canonical\" href=\"https:\/\/regmik.ua\/pl\/product\/ad5312\/\" \/>\n<script type=\"application\/ld+json\" class=\"yoast-schema-graph\">{\"@context\":\"https:\\\/\\\/schema.org\",\"@graph\":[{\"@type\":\"WebPage\",\"@id\":\"https:\\\/\\\/regmik.ua\\\/product\\\/ad5312\\\/\",\"url\":\"https:\\\/\\\/regmik.ua\\\/product\\\/ad5312\\\/\",\"name\":\"AD5312 &#8211; \u0420\u0415\u0413\u041c\u0406\u041a, \u041d\u0412\u0424, \u041f\u041f\",\"isPartOf\":{\"@id\":\"https:\\\/\\\/regmik.ua\\\/uk\\\/#website\"},\"primaryImageOfPage\":{\"@id\":\"https:\\\/\\\/regmik.ua\\\/product\\\/ad5312\\\/#primaryimage\"},\"image\":{\"@id\":\"https:\\\/\\\/regmik.ua\\\/product\\\/ad5312\\\/#primaryimage\"},\"thumbnailUrl\":\"https:\\\/\\\/regmik.ua\\\/wp-content\\\/uploads\\\/2019\\\/06\\\/s-l300-1.jpg\",\"datePublished\":\"2019-06-07T11:27:04+00:00\",\"dateModified\":\"2020-08-20T05:23:04+00:00\",\"description\":\"\u0422\u0435\u0445\u043d\u0438\u0447\u0435\u0441\u043a\u0438\u0435 \u0445\u0430\u0440\u0430\u043a\u0442\u0435\u0440\u0438\u0441\u0442\u0438\u043a\u0438 \u0420\u0430\u0437\u0440\u0435\u0448\u0435\u043d\u0438\u0435 \u043f\u0440\u0435\u043e\u0431\u0440\u0430\u0437\u043e\u0432\u0430\u0442\u0435\u043b\u044f \u041a\u043e\u043b-\u0432\u043e \u043a\u0430\u043d\u0430\u043b\u043e\u0432 \u0412\u0440\u0435\u043c\u044f \u0443\u0441\u0442\u0430\u043d\u043e\u0432\u043a\u0438 \u0421\u043a\u043e\u0440\u043e\u0441\u0442\u044c \u043f\u0440\u0435\u043e\u0431\u0440\u0430\u0437\u043e\u0432\u0430\u043d\u0438\u044f \u0418\u043d\u0442\u0435\u0440\u0444\u0435\u0439\u0441 \u043e\u0431\u043c\u0435\u043d\u0430 \u0434\u0430\u043d\u043d\u044b\u043c\u0438 \u0422\u0438\u043f \u0432\u044b\u0445\u043e\u0434\u0430 \u0414\u0438\u0430\u043f\u0430\u0437\u043e\u043d\",\"breadcrumb\":{\"@id\":\"https:\\\/\\\/regmik.ua\\\/product\\\/ad5312\\\/#breadcrumb\"},\"inLanguage\":\"pl-PL\",\"potentialAction\":[{\"@type\":\"ReadAction\",\"target\":[\"https:\\\/\\\/regmik.ua\\\/product\\\/ad5312\\\/\"]}]},{\"@type\":\"ImageObject\",\"inLanguage\":\"pl-PL\",\"@id\":\"https:\\\/\\\/regmik.ua\\\/product\\\/ad5312\\\/#primaryimage\",\"url\":\"https:\\\/\\\/regmik.ua\\\/wp-content\\\/uploads\\\/2019\\\/06\\\/s-l300-1.jpg\",\"contentUrl\":\"https:\\\/\\\/regmik.ua\\\/wp-content\\\/uploads\\\/2019\\\/06\\\/s-l300-1.jpg\",\"width\":300,\"height\":300,\"caption\":\"AD5312\"},{\"@type\":\"BreadcrumbList\",\"@id\":\"https:\\\/\\\/regmik.ua\\\/product\\\/ad5312\\\/#breadcrumb\",\"itemListElement\":[{\"@type\":\"ListItem\",\"position\":1,\"name\":\"\u0413\u043b\u0430\u0432\u043d\u0430\u044f \u0441\u0442\u0440\u0430\u043d\u0438\u0446\u0430\",\"item\":\"https:\\\/\\\/regmik.ua\\\/\"},{\"@type\":\"ListItem\",\"position\":2,\"name\":\"\u041f\u0440\u043e\u0434\u0443\u043a\u0446\u0438\u044f\",\"item\":\"https:\\\/\\\/regmik.ua\\\/uk\\\/products\\\/\"},{\"@type\":\"ListItem\",\"position\":3,\"name\":\"AD5312\"}]},{\"@type\":\"WebSite\",\"@id\":\"https:\\\/\\\/regmik.ua\\\/uk\\\/#website\",\"url\":\"https:\\\/\\\/regmik.ua\\\/uk\\\/\",\"name\":\"REGMIK\",\"description\":\"\u0418\u0437\u043c\u0435\u0440\u0438\u0442\u0435\u043b\u044c\u043d\u044b\u0435 \u043f\u0440\u0438\u0431\u043e\u0440\u044b \u0438 \u0434\u0430\u0442\u0447\u0438\u043a\u0438 \u0442\u0435\u043c\u043f\u0435\u0440\u0430\u0442\u0443\u0440\u044b\",\"publisher\":{\"@id\":\"https:\\\/\\\/regmik.ua\\\/uk\\\/#organization\"},\"alternateName\":\"REGMIK\",\"potentialAction\":[{\"@type\":\"SearchAction\",\"target\":{\"@type\":\"EntryPoint\",\"urlTemplate\":\"https:\\\/\\\/regmik.ua\\\/uk\\\/?s={search_term_string}\"},\"query-input\":{\"@type\":\"PropertyValueSpecification\",\"valueRequired\":true,\"valueName\":\"search_term_string\"}}],\"inLanguage\":\"pl-PL\"},{\"@type\":\"Organization\",\"@id\":\"https:\\\/\\\/regmik.ua\\\/uk\\\/#organization\",\"name\":\"REGMIK\",\"alternateName\":\"\u0420\u0415\u0413\u041c\u0418\u041a\",\"url\":\"https:\\\/\\\/regmik.ua\\\/uk\\\/\",\"logo\":{\"@type\":\"ImageObject\",\"inLanguage\":\"pl-PL\",\"@id\":\"https:\\\/\\\/regmik.ua\\\/uk\\\/#\\\/schema\\\/logo\\\/image\\\/\",\"url\":\"https:\\\/\\\/regmik.ua\\\/wp-content\\\/uploads\\\/2020\\\/03\\\/regmik_logo.png\",\"contentUrl\":\"https:\\\/\\\/regmik.ua\\\/wp-content\\\/uploads\\\/2020\\\/03\\\/regmik_logo.png\",\"width\":194,\"height\":45,\"caption\":\"REGMIK\"},\"image\":{\"@id\":\"https:\\\/\\\/regmik.ua\\\/uk\\\/#\\\/schema\\\/logo\\\/image\\\/\"},\"sameAs\":[\"https:\\\/\\\/www.facebook.com\\\/regmik.npf\",\"https:\\\/\\\/x.com\\\/regmiknpf\",\"https:\\\/\\\/www.youtube.com\\\/channel\\\/UC_SrY98SKAmR3Kt95GcVKcw\"]}]}<\/script>","yoast_head_json":{"title":"AD5312 &#8211; \u0420\u0415\u0413\u041c\u0406\u041a, \u041d\u0412\u0424, \u041f\u041f","description":"Specyfikacje Rozdzielczo\u015b\u0107 przetwornika Liczba kana\u0142\u00f3w Czas ustalania Wsp\u00f3\u0142czynnik konwersji Wymiana danych Interfejs Typ wyj\u015bcia Zakres","robots":{"index":"index","follow":"follow","max-snippet":"max-snippet:-1","max-image-preview":"max-image-preview:large","max-video-preview":"max-video-preview:-1"},"canonical":"https:\/\/regmik.ua\/pl\/product\/ad5312\/","schema":{"@context":"https:\/\/schema.org","@graph":[{"@type":"WebPage","@id":"https:\/\/regmik.ua\/product\/ad5312\/","url":"https:\/\/regmik.ua\/product\/ad5312\/","name":"AD5312 &#8211; \u0420\u0415\u0413\u041c\u0406\u041a, \u041d\u0412\u0424, \u041f\u041f","isPartOf":{"@id":"https:\/\/regmik.ua\/uk\/#website"},"primaryImageOfPage":{"@id":"https:\/\/regmik.ua\/product\/ad5312\/#primaryimage"},"image":{"@id":"https:\/\/regmik.ua\/product\/ad5312\/#primaryimage"},"thumbnailUrl":"https:\/\/regmik.ua\/wp-content\/uploads\/2019\/06\/s-l300-1.jpg","datePublished":"2019-06-07T11:27:04+00:00","dateModified":"2020-08-20T05:23:04+00:00","description":"Specyfikacje Rozdzielczo\u015b\u0107 przetwornika Liczba kana\u0142\u00f3w Czas ustalania Wsp\u00f3\u0142czynnik konwersji Wymiana danych Interfejs Typ wyj\u015bcia Zakres","breadcrumb":{"@id":"https:\/\/regmik.ua\/product\/ad5312\/#breadcrumb"},"inLanguage":"pl-PL","potentialAction":[{"@type":"ReadAction","target":["https:\/\/regmik.ua\/product\/ad5312\/"]}]},{"@type":"ImageObject","inLanguage":"pl-PL","@id":"https:\/\/regmik.ua\/product\/ad5312\/#primaryimage","url":"https:\/\/regmik.ua\/wp-content\/uploads\/2019\/06\/s-l300-1.jpg","contentUrl":"https:\/\/regmik.ua\/wp-content\/uploads\/2019\/06\/s-l300-1.jpg","width":300,"height":300,"caption":"AD5312"},{"@type":"BreadcrumbList","@id":"https:\/\/regmik.ua\/product\/ad5312\/#breadcrumb","itemListElement":[{"@type":"ListItem","position":1,"name":"\u0413\u043b\u0430\u0432\u043d\u0430\u044f \u0441\u0442\u0440\u0430\u043d\u0438\u0446\u0430","item":"https:\/\/regmik.ua\/"},{"@type":"ListItem","position":2,"name":"\u041f\u0440\u043e\u0434\u0443\u043a\u0446\u0438\u044f","item":"https:\/\/regmik.ua\/uk\/products\/"},{"@type":"ListItem","position":3,"name":"AD5312"}]},{"@type":"WebSite","@id":"https:\/\/regmik.ua\/uk\/#website","url":"https:\/\/regmik.ua\/uk\/","name":"REGMIK","description":"Przyrz\u0105dy pomiarowe i czujniki temperatury","publisher":{"@id":"https:\/\/regmik.ua\/uk\/#organization"},"alternateName":"REGMIK","potentialAction":[{"@type":"SearchAction","target":{"@type":"EntryPoint","urlTemplate":"https:\/\/regmik.ua\/uk\/?s={search_term_string}"},"query-input":{"@type":"PropertyValueSpecification","valueRequired":true,"valueName":"search_term_string"}}],"inLanguage":"pl-PL"},{"@type":"Organization","@id":"https:\/\/regmik.ua\/uk\/#organization","name":"REGMIK","alternateName":"\u0420\u0415\u0413\u041c\u0418\u041a","url":"https:\/\/regmik.ua\/uk\/","logo":{"@type":"ImageObject","inLanguage":"pl-PL","@id":"https:\/\/regmik.ua\/uk\/#\/schema\/logo\/image\/","url":"https:\/\/regmik.ua\/wp-content\/uploads\/2020\/03\/regmik_logo.png","contentUrl":"https:\/\/regmik.ua\/wp-content\/uploads\/2020\/03\/regmik_logo.png","width":194,"height":45,"caption":"REGMIK"},"image":{"@id":"https:\/\/regmik.ua\/uk\/#\/schema\/logo\/image\/"},"sameAs":["https:\/\/www.facebook.com\/regmik.npf","https:\/\/x.com\/regmiknpf","https:\/\/www.youtube.com\/channel\/UC_SrY98SKAmR3Kt95GcVKcw"]}]}},"_links":{"self":[{"href":"https:\/\/regmik.ua\/pl\/wp-json\/wp\/v2\/product\/19202","targetHints":{"allow":["GET"]}}],"collection":[{"href":"https:\/\/regmik.ua\/pl\/wp-json\/wp\/v2\/product"}],"about":[{"href":"https:\/\/regmik.ua\/pl\/wp-json\/wp\/v2\/types\/product"}],"replies":[{"embeddable":true,"href":"https:\/\/regmik.ua\/pl\/wp-json\/wp\/v2\/comments?post=19202"}],"version-history":[{"count":0,"href":"https:\/\/regmik.ua\/pl\/wp-json\/wp\/v2\/product\/19202\/revisions"}],"wp:featuredmedia":[{"embeddable":true,"href":"https:\/\/regmik.ua\/pl\/wp-json\/wp\/v2\/media\/19342"}],"wp:attachment":[{"href":"https:\/\/regmik.ua\/pl\/wp-json\/wp\/v2\/media?parent=19202"}],"wp:term":[{"taxonomy":"product_brand","embeddable":true,"href":"https:\/\/regmik.ua\/pl\/wp-json\/wp\/v2\/product_brand?post=19202"},{"taxonomy":"product_cat","embeddable":true,"href":"https:\/\/regmik.ua\/pl\/wp-json\/wp\/v2\/product_cat?post=19202"},{"taxonomy":"product_tag","embeddable":true,"href":"https:\/\/regmik.ua\/pl\/wp-json\/wp\/v2\/product_tag?post=19202"}],"curies":[{"name":"wp","href":"https:\/\/api.w.org\/{rel}","templated":true}]}}