{"id":19194,"date":"2019-06-07T12:17:27","date_gmt":"2019-06-07T10:17:27","guid":{"rendered":"https:\/\/regmik.com.ua\/?post_type=product&#038;p=19194"},"modified":"2025-05-02T06:13:40","modified_gmt":"2025-05-02T04:13:40","slug":"at91sam7x512","status":"publish","type":"product","link":"https:\/\/regmik.ua\/pl\/product\/at91sam7x512\/","title":{"rendered":"AT91SAM7X512"},"content":{"rendered":"<table>\n<tbody>\n<tr class=\"odd\">\n<td class=\"span-7 col-md-4 last\"><label id=\"param_2\">Producent<\/label><\/td>\n<td class=\"span-10 col-md-8 last\">MIKROCZIP (ATMEL)<\/td>\n<td><\/td>\n<\/tr>\n<tr>\n<td class=\"span-7 col-md-4 last\"><label id=\"param_367\">Frytkowy rodzaj<\/label><\/td>\n<td class=\"span-10 col-md-8 last\">mikrokontroler ARM7<\/td>\n<td><\/td>\n<\/tr>\n<tr class=\"odd\">\n<td class=\"span-7 col-md-4 last\"><label id=\"param_788\">Pojemno\u015b\u0107 pami\u0119ci SRAM<\/label><\/td>\n<td class=\"span-10 col-md-8 last\">131072B<\/td>\n<td><\/td>\n<\/tr>\n<tr>\n<td class=\"span-7 col-md-4 last\"><label id=\"param_782\">Struktura pami\u0119ci flash<\/label><\/td>\n<td class=\"span-10 col-md-8 last\">128Kx8bit<\/td>\n<td><\/td>\n<\/tr>\n<tr class=\"odd\">\n<td class=\"span-7 col-md-4 last\"><label id=\"param_35\">Mieszkaniowy<\/label><\/td>\n<td class=\"span-10 col-md-8 last\">LQFP100<\/td>\n<td><\/td>\n<\/tr>\n<tr>\n<td class=\"span-7 col-md-4 last\"><label id=\"param_409\">Cz\u0119stotliwo\u015b\u0107 zegara<\/label><\/td>\n<td class=\"span-10 col-md-8 last\">55 MHz<\/td>\n<td><\/td>\n<\/tr>\n<tr class=\"odd\">\n<td class=\"span-7 col-md-4 last\"><label id=\"param_795\">Obrze\u017ce<\/label><\/td>\n<td class=\"span-10 col-md-8 last\">Ethernet MAC 10\/100, RTT<\/td>\n<td><\/td>\n<\/tr>\n<tr>\n<td class=\"span-7 col-md-4 last\"><label id=\"param_789\">Liczba wej\u015b\u0107 \/ wyj\u015b\u0107<\/label><\/td>\n<td class=\"span-10 col-md-8 last\">62<\/td>\n<td><\/td>\n<\/tr>\n<tr class=\"odd\">\n<td class=\"span-7 col-md-4 last\"><label id=\"param_793\">Liczba kana\u0142\u00f3w PWM<\/label><\/td>\n<td class=\"span-10 col-md-8 last\">4<\/td>\n<td><\/td>\n<\/tr>\n<tr>\n<td class=\"span-7 col-md-4 last\"><label id=\"param_790\">Liczba timer\u00f3w 16bit<\/label><\/td>\n<td class=\"span-10 col-md-8 last\">3<\/td>\n<td><\/td>\n<\/tr>\n<tr class=\"odd\">\n<td class=\"span-7 col-md-4 last\"><label id=\"param_10\">Montowanie<\/label><\/td>\n<td class=\"span-10 col-md-8 last\">SMD<\/td>\n<td><\/td>\n<\/tr>\n<tr>\n<td class=\"span-7 col-md-4 last\"><label id=\"param_792\">Liczba przetwornik\u00f3w A\/C 10bi<\/label><\/td>\n<td class=\"span-10 col-md-8 last\">8<\/td>\n<td><\/td>\n<\/tr>\n<tr class=\"odd\">\n<td class=\"span-7 col-md-4 last\"><label id=\"param_2826\">Rodzina\u00a0<\/label><\/td>\n<td class=\"span-10 col-md-8 last\">AT91<\/td>\n<td><\/td>\n<\/tr>\n<tr>\n<td class=\"span-7 col-md-4 last\"><label id=\"param_802\">Podw\u00f3jne napi\u0119cie robocze<\/label><\/td>\n<td class=\"span-10 col-md-8 last\">1,8 \/ 3,3V<\/td>\n<\/tr>\n<\/tbody>\n<\/table>","protected":false},"excerpt":{"rendered":"<p>Producent MICROCHIP (ATMEL) Mikrokontroler typu chip ARM7 Rozmiar pami\u0119ci SRAM 131072B Struktura pami\u0119ci Flash 128Kx8bit Pakiet LQFP100 Cz\u0119stotliwo\u015b\u0107 taktowania 55MHz Peryferia Ethernet MAC 10\/100, RTT Liczba wej\u015b\u0107\/wyj\u015b\u0107 62 Liczba kana\u0142\u00f3w PWM 4 Liczba timer\u00f3w 16bit 3 Monta\u017c SMD Nie. przetwornik\u00f3w A\/D 10bi 8 rodzina AT91 Podw\u00f3jne napi\u0119cie pracy 1,8\/3,3V<\/p>","protected":false},"featured_media":19195,"comment_status":"open","ping_status":"closed","template":"","meta":[],"product_brand":[],"product_cat":[784],"product_tag":[3112],"class_list":{"0":"post-19194","1":"product","2":"type-product","3":"status-publish","4":"has-post-thumbnail","6":"product_cat-mikrokontrollery","7":"product_tag-at91sam7x512","10":"instock","11":"shipping-taxable","12":"purchasable","13":"product-type-simple"},"yoast_head":"<title>AT91SAM7X512 &#8211; \u0420\u0415\u0413\u041c\u0406\u041a, \u041d\u0412\u0424, \u041f\u041f<\/title>\n<meta name=\"description\" content=\"\u041f\u0440\u043e\u0438\u0437\u0432\u043e\u0434\u0438\u0442\u0435\u043b\u044c MICROCHIP (ATMEL) \u0422\u0438\u043f \u043c\u0438\u043a\u0440\u043e\u0441\u0445\u0435\u043c\u044b \u043c\u0438\u043a\u0440\u043e\u043a\u043e\u043d\u0442\u0440\u043e\u043b\u043b\u0435\u0440 ARM7 \u041e\u0431\u044a\u0435\u043c \u043f\u0430\u043c\u044f\u0442\u0438 SRAM 131072\u0411 \u0421\u0442\u0440\u0443\u043a\u0442\u0443\u0440\u0430 Flash-\u043f\u0430\u043c\u044f\u0442\u0438 128\u041ax8\u0431\u0438\u0442 \u041a\u043e\u0440\u043f\u0443\u0441 LQFP100 \u0422\u0430\u043a\u0442\u043e\u0432\u0430\u044f\" \/>\n<meta name=\"robots\" content=\"index, follow, max-snippet:-1, max-image-preview:large, max-video-preview:-1\" \/>\n<link rel=\"canonical\" href=\"https:\/\/regmik.ua\/pl\/product\/at91sam7x512\/\" \/>\n<script type=\"application\/ld+json\" class=\"yoast-schema-graph\">{\"@context\":\"https:\\\/\\\/schema.org\",\"@graph\":[{\"@type\":\"WebPage\",\"@id\":\"https:\\\/\\\/regmik.ua\\\/product\\\/at91sam7x512\\\/\",\"url\":\"https:\\\/\\\/regmik.ua\\\/product\\\/at91sam7x512\\\/\",\"name\":\"AT91SAM7X512 &#8211; \u0420\u0415\u0413\u041c\u0406\u041a, \u041d\u0412\u0424, \u041f\u041f\",\"isPartOf\":{\"@id\":\"https:\\\/\\\/regmik.ua\\\/uk\\\/#website\"},\"primaryImageOfPage\":{\"@id\":\"https:\\\/\\\/regmik.ua\\\/product\\\/at91sam7x512\\\/#primaryimage\"},\"image\":{\"@id\":\"https:\\\/\\\/regmik.ua\\\/product\\\/at91sam7x512\\\/#primaryimage\"},\"thumbnailUrl\":\"https:\\\/\\\/regmik.ua\\\/wp-content\\\/uploads\\\/2019\\\/06\\\/94563.jpg\",\"datePublished\":\"2019-06-07T10:17:27+00:00\",\"dateModified\":\"2025-05-02T04:13:40+00:00\",\"description\":\"\u041f\u0440\u043e\u0438\u0437\u0432\u043e\u0434\u0438\u0442\u0435\u043b\u044c MICROCHIP (ATMEL) \u0422\u0438\u043f \u043c\u0438\u043a\u0440\u043e\u0441\u0445\u0435\u043c\u044b \u043c\u0438\u043a\u0440\u043e\u043a\u043e\u043d\u0442\u0440\u043e\u043b\u043b\u0435\u0440 ARM7 \u041e\u0431\u044a\u0435\u043c \u043f\u0430\u043c\u044f\u0442\u0438 SRAM 131072\u0411 \u0421\u0442\u0440\u0443\u043a\u0442\u0443\u0440\u0430 Flash-\u043f\u0430\u043c\u044f\u0442\u0438 128\u041ax8\u0431\u0438\u0442 \u041a\u043e\u0440\u043f\u0443\u0441 LQFP100 \u0422\u0430\u043a\u0442\u043e\u0432\u0430\u044f\",\"breadcrumb\":{\"@id\":\"https:\\\/\\\/regmik.ua\\\/product\\\/at91sam7x512\\\/#breadcrumb\"},\"inLanguage\":\"pl-PL\",\"potentialAction\":[{\"@type\":\"ReadAction\",\"target\":[\"https:\\\/\\\/regmik.ua\\\/product\\\/at91sam7x512\\\/\"]}]},{\"@type\":\"ImageObject\",\"inLanguage\":\"pl-PL\",\"@id\":\"https:\\\/\\\/regmik.ua\\\/product\\\/at91sam7x512\\\/#primaryimage\",\"url\":\"https:\\\/\\\/regmik.ua\\\/wp-content\\\/uploads\\\/2019\\\/06\\\/94563.jpg\",\"contentUrl\":\"https:\\\/\\\/regmik.ua\\\/wp-content\\\/uploads\\\/2019\\\/06\\\/94563.jpg\",\"width\":640,\"height\":480,\"caption\":\"AT91SAM7X512\"},{\"@type\":\"BreadcrumbList\",\"@id\":\"https:\\\/\\\/regmik.ua\\\/product\\\/at91sam7x512\\\/#breadcrumb\",\"itemListElement\":[{\"@type\":\"ListItem\",\"position\":1,\"name\":\"\u0413\u043b\u0430\u0432\u043d\u0430\u044f \u0441\u0442\u0440\u0430\u043d\u0438\u0446\u0430\",\"item\":\"https:\\\/\\\/regmik.ua\\\/\"},{\"@type\":\"ListItem\",\"position\":2,\"name\":\"\u041f\u0440\u043e\u0434\u0443\u043a\u0446\u0438\u044f\",\"item\":\"https:\\\/\\\/regmik.ua\\\/uk\\\/products\\\/\"},{\"@type\":\"ListItem\",\"position\":3,\"name\":\"AT91SAM7X512\"}]},{\"@type\":\"WebSite\",\"@id\":\"https:\\\/\\\/regmik.ua\\\/uk\\\/#website\",\"url\":\"https:\\\/\\\/regmik.ua\\\/uk\\\/\",\"name\":\"REGMIK\",\"description\":\"\u0418\u0437\u043c\u0435\u0440\u0438\u0442\u0435\u043b\u044c\u043d\u044b\u0435 \u043f\u0440\u0438\u0431\u043e\u0440\u044b \u0438 \u0434\u0430\u0442\u0447\u0438\u043a\u0438 \u0442\u0435\u043c\u043f\u0435\u0440\u0430\u0442\u0443\u0440\u044b\",\"publisher\":{\"@id\":\"https:\\\/\\\/regmik.ua\\\/uk\\\/#organization\"},\"alternateName\":\"REGMIK\",\"potentialAction\":[{\"@type\":\"SearchAction\",\"target\":{\"@type\":\"EntryPoint\",\"urlTemplate\":\"https:\\\/\\\/regmik.ua\\\/uk\\\/?s={search_term_string}\"},\"query-input\":{\"@type\":\"PropertyValueSpecification\",\"valueRequired\":true,\"valueName\":\"search_term_string\"}}],\"inLanguage\":\"pl-PL\"},{\"@type\":\"Organization\",\"@id\":\"https:\\\/\\\/regmik.ua\\\/uk\\\/#organization\",\"name\":\"REGMIK\",\"alternateName\":\"\u0420\u0415\u0413\u041c\u0418\u041a\",\"url\":\"https:\\\/\\\/regmik.ua\\\/uk\\\/\",\"logo\":{\"@type\":\"ImageObject\",\"inLanguage\":\"pl-PL\",\"@id\":\"https:\\\/\\\/regmik.ua\\\/uk\\\/#\\\/schema\\\/logo\\\/image\\\/\",\"url\":\"https:\\\/\\\/regmik.ua\\\/wp-content\\\/uploads\\\/2020\\\/03\\\/regmik_logo.png\",\"contentUrl\":\"https:\\\/\\\/regmik.ua\\\/wp-content\\\/uploads\\\/2020\\\/03\\\/regmik_logo.png\",\"width\":194,\"height\":45,\"caption\":\"REGMIK\"},\"image\":{\"@id\":\"https:\\\/\\\/regmik.ua\\\/uk\\\/#\\\/schema\\\/logo\\\/image\\\/\"},\"sameAs\":[\"https:\\\/\\\/www.facebook.com\\\/regmik.npf\",\"https:\\\/\\\/x.com\\\/regmiknpf\",\"https:\\\/\\\/www.youtube.com\\\/channel\\\/UC_SrY98SKAmR3Kt95GcVKcw\"]}]}<\/script>","yoast_head_json":{"title":"AT91SAM7X512 &#8211; \u0420\u0415\u0413\u041c\u0406\u041a, \u041d\u0412\u0424, \u041f\u041f","description":"Producent MICROCHIP (ATMEL) Rodzaj mikrokontrolera ARM7 Pojemno\u015b\u0107 pami\u0119ci SRAM 131072B Struktura pami\u0119ci Flash 128Kx8bit Obudowa LQFP100 Zegar","robots":{"index":"index","follow":"follow","max-snippet":"max-snippet:-1","max-image-preview":"max-image-preview:large","max-video-preview":"max-video-preview:-1"},"canonical":"https:\/\/regmik.ua\/pl\/product\/at91sam7x512\/","schema":{"@context":"https:\/\/schema.org","@graph":[{"@type":"WebPage","@id":"https:\/\/regmik.ua\/product\/at91sam7x512\/","url":"https:\/\/regmik.ua\/product\/at91sam7x512\/","name":"AT91SAM7X512 &#8211; \u0420\u0415\u0413\u041c\u0406\u041a, \u041d\u0412\u0424, \u041f\u041f","isPartOf":{"@id":"https:\/\/regmik.ua\/uk\/#website"},"primaryImageOfPage":{"@id":"https:\/\/regmik.ua\/product\/at91sam7x512\/#primaryimage"},"image":{"@id":"https:\/\/regmik.ua\/product\/at91sam7x512\/#primaryimage"},"thumbnailUrl":"https:\/\/regmik.ua\/wp-content\/uploads\/2019\/06\/94563.jpg","datePublished":"2019-06-07T10:17:27+00:00","dateModified":"2025-05-02T04:13:40+00:00","description":"Producent MICROCHIP (ATMEL) Rodzaj mikrokontrolera ARM7 Pojemno\u015b\u0107 pami\u0119ci SRAM 131072B Struktura pami\u0119ci Flash 128Kx8bit Obudowa LQFP100 Zegar","breadcrumb":{"@id":"https:\/\/regmik.ua\/product\/at91sam7x512\/#breadcrumb"},"inLanguage":"pl-PL","potentialAction":[{"@type":"ReadAction","target":["https:\/\/regmik.ua\/product\/at91sam7x512\/"]}]},{"@type":"ImageObject","inLanguage":"pl-PL","@id":"https:\/\/regmik.ua\/product\/at91sam7x512\/#primaryimage","url":"https:\/\/regmik.ua\/wp-content\/uploads\/2019\/06\/94563.jpg","contentUrl":"https:\/\/regmik.ua\/wp-content\/uploads\/2019\/06\/94563.jpg","width":640,"height":480,"caption":"AT91SAM7X512"},{"@type":"BreadcrumbList","@id":"https:\/\/regmik.ua\/product\/at91sam7x512\/#breadcrumb","itemListElement":[{"@type":"ListItem","position":1,"name":"\u0413\u043b\u0430\u0432\u043d\u0430\u044f \u0441\u0442\u0440\u0430\u043d\u0438\u0446\u0430","item":"https:\/\/regmik.ua\/"},{"@type":"ListItem","position":2,"name":"\u041f\u0440\u043e\u0434\u0443\u043a\u0446\u0438\u044f","item":"https:\/\/regmik.ua\/uk\/products\/"},{"@type":"ListItem","position":3,"name":"AT91SAM7X512"}]},{"@type":"WebSite","@id":"https:\/\/regmik.ua\/uk\/#website","url":"https:\/\/regmik.ua\/uk\/","name":"REGMIK","description":"Przyrz\u0105dy pomiarowe i czujniki temperatury","publisher":{"@id":"https:\/\/regmik.ua\/uk\/#organization"},"alternateName":"REGMIK","potentialAction":[{"@type":"SearchAction","target":{"@type":"EntryPoint","urlTemplate":"https:\/\/regmik.ua\/uk\/?s={search_term_string}"},"query-input":{"@type":"PropertyValueSpecification","valueRequired":true,"valueName":"search_term_string"}}],"inLanguage":"pl-PL"},{"@type":"Organization","@id":"https:\/\/regmik.ua\/uk\/#organization","name":"REGMIK","alternateName":"\u0420\u0415\u0413\u041c\u0418\u041a","url":"https:\/\/regmik.ua\/uk\/","logo":{"@type":"ImageObject","inLanguage":"pl-PL","@id":"https:\/\/regmik.ua\/uk\/#\/schema\/logo\/image\/","url":"https:\/\/regmik.ua\/wp-content\/uploads\/2020\/03\/regmik_logo.png","contentUrl":"https:\/\/regmik.ua\/wp-content\/uploads\/2020\/03\/regmik_logo.png","width":194,"height":45,"caption":"REGMIK"},"image":{"@id":"https:\/\/regmik.ua\/uk\/#\/schema\/logo\/image\/"},"sameAs":["https:\/\/www.facebook.com\/regmik.npf","https:\/\/x.com\/regmiknpf","https:\/\/www.youtube.com\/channel\/UC_SrY98SKAmR3Kt95GcVKcw"]}]}},"_links":{"self":[{"href":"https:\/\/regmik.ua\/pl\/wp-json\/wp\/v2\/product\/19194","targetHints":{"allow":["GET"]}}],"collection":[{"href":"https:\/\/regmik.ua\/pl\/wp-json\/wp\/v2\/product"}],"about":[{"href":"https:\/\/regmik.ua\/pl\/wp-json\/wp\/v2\/types\/product"}],"replies":[{"embeddable":true,"href":"https:\/\/regmik.ua\/pl\/wp-json\/wp\/v2\/comments?post=19194"}],"version-history":[{"count":0,"href":"https:\/\/regmik.ua\/pl\/wp-json\/wp\/v2\/product\/19194\/revisions"}],"wp:featuredmedia":[{"embeddable":true,"href":"https:\/\/regmik.ua\/pl\/wp-json\/wp\/v2\/media\/19195"}],"wp:attachment":[{"href":"https:\/\/regmik.ua\/pl\/wp-json\/wp\/v2\/media?parent=19194"}],"wp:term":[{"taxonomy":"product_brand","embeddable":true,"href":"https:\/\/regmik.ua\/pl\/wp-json\/wp\/v2\/product_brand?post=19194"},{"taxonomy":"product_cat","embeddable":true,"href":"https:\/\/regmik.ua\/pl\/wp-json\/wp\/v2\/product_cat?post=19194"},{"taxonomy":"product_tag","embeddable":true,"href":"https:\/\/regmik.ua\/pl\/wp-json\/wp\/v2\/product_tag?post=19194"}],"curies":[{"name":"wp","href":"https:\/\/api.w.org\/{rel}","templated":true}]}}