{"id":19185,"date":"2019-06-07T10:38:31","date_gmt":"2019-06-07T08:38:31","guid":{"rendered":"https:\/\/regmik.com.ua\/?post_type=product&#038;p=19185"},"modified":"2025-05-02T06:14:41","modified_gmt":"2025-05-02T04:14:41","slug":"3296w-5k","status":"publish","type":"product","link":"https:\/\/regmik.ua\/pl\/product\/3296w-5k\/","title":{"rendered":"3296 W-5 K."},"content":{"rendered":"<table>\n<tbody>\n<tr>\n<td class=\"span-7 last\"><label id=\"param_186\">\u0422\u0438\u043f \u043f\u043e\u0442\u0435\u043d\u0446\u0438\u043e\u043c\u0435\u0442\u0440\u0430<\/label><\/td>\n<td class=\"span-10 last\">\u043c\u043e\u043d\u0442\u0430\u0436\u043d\u044b\u0439, \u043c\u043d\u043e\u0433\u043e\u043e\u0431\u043e\u0440\u043e\u0442\u043d\u044b\u0439<\/td>\n<\/tr>\n<tr>\n<td class=\"span-7 last\"><label id=\"param_38\">\u0421\u043e\u043f\u0440\u043e\u0442\u0438\u0432\u043b\u0435\u043d\u0438\u0435<\/label><\/td>\n<td class=\"span-10 last\">5\u043a\u041e\u043c<\/td>\n<\/tr>\n<tr>\n<td class=\"span-7 last\"><label id=\"param_36\">Moc<\/label><\/td>\n<td class=\"span-10 last\">500\u043c\u0412\u0442<\/td>\n<\/tr>\n<tr>\n<td class=\"span-7 last\"><label id=\"param_10\">Montowanie<\/label><\/td>\n<td class=\"span-10 last\">THT<\/td>\n<\/tr>\n<tr>\n<td class=\"span-7 last\"><label id=\"param_39\">B\u0142\u0105d<\/label><\/td>\n<td class=\"span-10 last\">\u00b1 10%<\/td>\n<\/tr>\n<tr>\n<td class=\"span-7 last\"><label id=\"param_194\">Charakterystyka<\/label><\/td>\n<td class=\"span-10 last\">\u043b\u0438\u043d\u0435\u0439\u043d\u0430\u044f<\/td>\n<\/tr>\n<tr>\n<td class=\"span-7 last\"><label id=\"param_185\">\u0421\u0442\u0430\u043d\u0434\u0430\u0440\u0442 \u043f\u043e\u0442\u0435\u043d\u0446\u0438\u043e\u043c\u0435\u0442\u0440\u0430<\/label><\/td>\n<td class=\"span-10 last\">3\/8&#8243;<\/td>\n<\/tr>\n<tr>\n<td class=\"span-7 last\"><label id=\"param_2537\">\u041c\u0430\u0442\u0435\u0440\u0438\u0430\u043b \u0434\u043e\u0440\u043e\u0436\u043a\u0438<\/label><\/td>\n<td class=\"span-10 last\">\u043c\u0435\u0442\u0430\u043b\u043b\u043e\u043a\u0435\u0440\u0430\u043c\u0438\u0447\u0435\u0441\u043a\u0438\u0439<\/td>\n<\/tr>\n<tr>\n<td class=\"span-7 last\"><label id=\"param_32\">Temperatura pracy<\/label><\/td>\n<td class=\"span-10 last\">-55 ... 125 \u00b0 C<\/td>\n<\/tr>\n<tr>\n<td class=\"span-7 last\"><label id=\"param_44\">\u0422\u0435\u043c\u043f\u0435\u0440\u0430\u0442\u0443\u0440\u043d\u044b\u0439 \u043a\u043e\u044d\u0444\u0444\u0438\u0446\u0438\u0435\u043d\u0442<\/label><\/td>\n<td class=\"span-10 last\">100ppm\/\u00b0C<\/td>\n<\/tr>\n<tr>\n<td class=\"span-7 last\"><label id=\"param_31\">Przypnij krok<\/label><\/td>\n<td class=\"span-10 last\">2,5 mm<\/td>\n<\/tr>\n<tr>\n<td class=\"span-7 last\"><label id=\"param_42\">\u0420\u0430\u0437\u043c\u0435\u0440\u044b \u043a\u043e\u0440\u043f\u0443\u0441\u0430<\/label><\/td>\n<td class=\"span-10 last\">10 x 9.5 x 4.8\u043c\u043c<\/td>\n<\/tr>\n<tr>\n<td class=\"span-7 last\"><label id=\"param_188\">\u041a\u043e\u043b\u0438\u0447\u0435\u0441\u0442\u0432\u043e \u043e\u0431\u043e\u0440\u043e\u0442\u043e\u0432 \u043c\u0435\u0445\u0430\u043d\u0438\u0447.<\/label><\/td>\n<td class=\"span-10 last\">28<\/td>\n<\/tr>\n<tr>\n<td class=\"span-7 last\"><label id=\"param_204\">\u0410\u043d\u0430\u043b\u043e\u0433\u0438 \u0434\u0440\u0443\u0433\u0438\u0445 \u043f\u0440\u043e\u0438\u0437\u0432\u043e\u0434\u0438\u0442\u0435\u043b\u0435\u0439<\/label><\/td>\n<td class=\"span-10 last\">3296, 3296W, 64W, 67W, T93YA<\/td>\n<\/tr>\n<tr>\n<td class=\"span-7 last\"><label id=\"param_13\">\u0420\u0435\u0441\u0443\u0440\u0441<\/label><\/td>\n<td class=\"span-10 last\">200\u0446\u0438\u043a\u043b\u044b<\/td>\n<\/tr>\n<\/tbody>\n<\/table>","protected":false},"excerpt":{"rendered":"<p>\u0422\u0438\u043f \u043f\u043e\u0442\u0435\u043d\u0446\u0438\u043e\u043c\u0435\u0442\u0440\u0430 \u043c\u043e\u043d\u0442\u0430\u0436\u043d\u044b\u0439, \u043c\u043d\u043e\u0433\u043e\u043e\u0431\u043e\u0440\u043e\u0442\u043d\u044b\u0439 \u0421\u043e\u043f\u0440\u043e\u0442\u0438\u0432\u043b\u0435\u043d\u0438\u0435 5\u043a\u041e\u043c \u041c\u043e\u0449\u043d\u043e\u0441\u0442\u044c 500\u043c\u0412\u0442 \u041c\u043e\u043d\u0442\u0430\u0436 THT \u041f\u043e\u0433\u0440\u0435\u0448\u043d\u043e\u0441\u0442\u044c \u00b110% \u0425\u0430\u0440\u0430\u043a\u0442\u0435\u0440\u0438\u0441\u0442\u0438\u043a\u0430 \u043b\u0438\u043d\u0435\u0439\u043d\u0430\u044f \u0421\u0442\u0430\u043d\u0434\u0430\u0440\u0442 \u043f\u043e\u0442\u0435\u043d\u0446\u0438\u043e\u043c\u0435\u0442\u0440\u0430 3\/8&#8243; \u041c\u0430\u0442\u0435\u0440\u0438\u0430\u043b \u0434\u043e\u0440\u043e\u0436\u043a\u0438 \u043c\u0435\u0442\u0430\u043b\u043b\u043e\u043a\u0435\u0440\u0430\u043c\u0438\u0447\u0435\u0441\u043a\u0438\u0439 \u0420\u0430\u0431\u043e\u0447\u0430\u044f \u0442\u0435\u043c\u043f\u0435\u0440\u0430\u0442\u0443\u0440\u0430 -55&#8230;125\u00b0C \u0422\u0435\u043c\u043f\u0435\u0440\u0430\u0442\u0443\u0440\u043d\u044b\u0439 \u043a\u043e\u044d\u0444\u0444\u0438\u0446\u0438\u0435\u043d\u0442 100ppm\/\u00b0C \u0428\u0430\u0433 \u0432\u044b\u0432\u043e\u0434\u043e\u0432 2.5\u043c\u043c \u0420\u0430\u0437\u043c\u0435\u0440\u044b \u043a\u043e\u0440\u043f\u0443\u0441\u0430 10 x 9.5 x 4.8\u043c\u043c \u041a\u043e\u043b\u0438\u0447\u0435\u0441\u0442\u0432\u043e \u043e\u0431\u043e\u0440\u043e\u0442\u043e\u0432 \u043c\u0435\u0445\u0430\u043d\u0438\u0447. 28 \u0410\u043d\u0430\u043b\u043e\u0433\u0438 \u0434\u0440\u0443\u0433\u0438\u0445 \u043f\u0440\u043e\u0438\u0437\u0432\u043e\u0434\u0438\u0442\u0435\u043b\u0435\u0439 3296, 3296W, 64W, 67W, T93YA \u0420\u0435\u0441\u0443\u0440\u0441 200\u0446\u0438\u043a\u043b\u044b<\/p>","protected":false},"featured_media":19186,"comment_status":"open","ping_status":"closed","template":"","meta":[],"product_brand":[],"product_cat":[799],"product_tag":[3116],"class_list":{"0":"post-19185","1":"product","2":"type-product","3":"status-publish","4":"has-post-thumbnail","6":"product_cat-rezistory","7":"product_tag-3296w-5k","10":"instock","11":"shipping-taxable","12":"purchasable","13":"product-type-simple"},"yoast_head":"<title>3296W-5K &#8211; \u0420\u0415\u0413\u041c\u0406\u041a, \u041d\u0412\u0424, \u041f\u041f<\/title>\n<meta name=\"description\" content=\"\u0422\u0438\u043f \u043f\u043e\u0442\u0435\u043d\u0446\u0438\u043e\u043c\u0435\u0442\u0440\u0430 \u043c\u043e\u043d\u0442\u0430\u0436\u043d\u044b\u0439, \u043c\u043d\u043e\u0433\u043e\u043e\u0431\u043e\u0440\u043e\u0442\u043d\u044b\u0439 \u0421\u043e\u043f\u0440\u043e\u0442\u0438\u0432\u043b\u0435\u043d\u0438\u0435 5\u043a\u041e\u043c \u041c\u043e\u0449\u043d\u043e\u0441\u0442\u044c 500\u043c\u0412\u0442 \u041c\u043e\u043d\u0442\u0430\u0436 THT \u041f\u043e\u0433\u0440\u0435\u0448\u043d\u043e\u0441\u0442\u044c \u00b110% \u0425\u0430\u0440\u0430\u043a\u0442\u0435\u0440\u0438\u0441\u0442\u0438\u043a\u0430 \u043b\u0438\u043d\u0435\u0439\u043d\u0430\u044f \u0421\u0442\u0430\u043d\u0434\u0430\u0440\u0442 \u043f\u043e\u0442\u0435\u043d\u0446\u0438\u043e\u043c\u0435\u0442\u0440\u0430\" \/>\n<meta name=\"robots\" content=\"index, follow, max-snippet:-1, max-image-preview:large, max-video-preview:-1\" \/>\n<link rel=\"canonical\" href=\"https:\/\/regmik.ua\/pl\/product\/3296w-5k\/\" \/>\n<script type=\"application\/ld+json\" class=\"yoast-schema-graph\">{\"@context\":\"https:\\\/\\\/schema.org\",\"@graph\":[{\"@type\":\"WebPage\",\"@id\":\"https:\\\/\\\/regmik.ua\\\/product\\\/3296w-5k\\\/\",\"url\":\"https:\\\/\\\/regmik.ua\\\/product\\\/3296w-5k\\\/\",\"name\":\"3296W-5K &#8211; \u0420\u0415\u0413\u041c\u0406\u041a, \u041d\u0412\u0424, \u041f\u041f\",\"isPartOf\":{\"@id\":\"https:\\\/\\\/regmik.ua\\\/uk\\\/#website\"},\"primaryImageOfPage\":{\"@id\":\"https:\\\/\\\/regmik.ua\\\/product\\\/3296w-5k\\\/#primaryimage\"},\"image\":{\"@id\":\"https:\\\/\\\/regmik.ua\\\/product\\\/3296w-5k\\\/#primaryimage\"},\"thumbnailUrl\":\"https:\\\/\\\/regmik.ua\\\/wp-content\\\/uploads\\\/2019\\\/06\\\/9104_G_1483302731928.jpg\",\"datePublished\":\"2019-06-07T08:38:31+00:00\",\"dateModified\":\"2025-05-02T04:14:41+00:00\",\"description\":\"\u0422\u0438\u043f \u043f\u043e\u0442\u0435\u043d\u0446\u0438\u043e\u043c\u0435\u0442\u0440\u0430 \u043c\u043e\u043d\u0442\u0430\u0436\u043d\u044b\u0439, \u043c\u043d\u043e\u0433\u043e\u043e\u0431\u043e\u0440\u043e\u0442\u043d\u044b\u0439 \u0421\u043e\u043f\u0440\u043e\u0442\u0438\u0432\u043b\u0435\u043d\u0438\u0435 5\u043a\u041e\u043c \u041c\u043e\u0449\u043d\u043e\u0441\u0442\u044c 500\u043c\u0412\u0442 \u041c\u043e\u043d\u0442\u0430\u0436 THT \u041f\u043e\u0433\u0440\u0435\u0448\u043d\u043e\u0441\u0442\u044c \u00b110% \u0425\u0430\u0440\u0430\u043a\u0442\u0435\u0440\u0438\u0441\u0442\u0438\u043a\u0430 \u043b\u0438\u043d\u0435\u0439\u043d\u0430\u044f \u0421\u0442\u0430\u043d\u0434\u0430\u0440\u0442 \u043f\u043e\u0442\u0435\u043d\u0446\u0438\u043e\u043c\u0435\u0442\u0440\u0430\",\"breadcrumb\":{\"@id\":\"https:\\\/\\\/regmik.ua\\\/product\\\/3296w-5k\\\/#breadcrumb\"},\"inLanguage\":\"pl-PL\",\"potentialAction\":[{\"@type\":\"ReadAction\",\"target\":[\"https:\\\/\\\/regmik.ua\\\/product\\\/3296w-5k\\\/\"]}]},{\"@type\":\"ImageObject\",\"inLanguage\":\"pl-PL\",\"@id\":\"https:\\\/\\\/regmik.ua\\\/product\\\/3296w-5k\\\/#primaryimage\",\"url\":\"https:\\\/\\\/regmik.ua\\\/wp-content\\\/uploads\\\/2019\\\/06\\\/9104_G_1483302731928.jpg\",\"contentUrl\":\"https:\\\/\\\/regmik.ua\\\/wp-content\\\/uploads\\\/2019\\\/06\\\/9104_G_1483302731928.jpg\",\"width\":226,\"height\":170,\"caption\":\"3296W-5K\"},{\"@type\":\"BreadcrumbList\",\"@id\":\"https:\\\/\\\/regmik.ua\\\/product\\\/3296w-5k\\\/#breadcrumb\",\"itemListElement\":[{\"@type\":\"ListItem\",\"position\":1,\"name\":\"\u0413\u043b\u0430\u0432\u043d\u0430\u044f \u0441\u0442\u0440\u0430\u043d\u0438\u0446\u0430\",\"item\":\"https:\\\/\\\/regmik.ua\\\/\"},{\"@type\":\"ListItem\",\"position\":2,\"name\":\"\u041f\u0440\u043e\u0434\u0443\u043a\u0446\u0438\u044f\",\"item\":\"https:\\\/\\\/regmik.ua\\\/uk\\\/products\\\/\"},{\"@type\":\"ListItem\",\"position\":3,\"name\":\"3296W-5K\"}]},{\"@type\":\"WebSite\",\"@id\":\"https:\\\/\\\/regmik.ua\\\/uk\\\/#website\",\"url\":\"https:\\\/\\\/regmik.ua\\\/uk\\\/\",\"name\":\"REGMIK\",\"description\":\"\u0418\u0437\u043c\u0435\u0440\u0438\u0442\u0435\u043b\u044c\u043d\u044b\u0435 \u043f\u0440\u0438\u0431\u043e\u0440\u044b \u0438 \u0434\u0430\u0442\u0447\u0438\u043a\u0438 \u0442\u0435\u043c\u043f\u0435\u0440\u0430\u0442\u0443\u0440\u044b\",\"publisher\":{\"@id\":\"https:\\\/\\\/regmik.ua\\\/uk\\\/#organization\"},\"alternateName\":\"REGMIK\",\"potentialAction\":[{\"@type\":\"SearchAction\",\"target\":{\"@type\":\"EntryPoint\",\"urlTemplate\":\"https:\\\/\\\/regmik.ua\\\/uk\\\/?s={search_term_string}\"},\"query-input\":{\"@type\":\"PropertyValueSpecification\",\"valueRequired\":true,\"valueName\":\"search_term_string\"}}],\"inLanguage\":\"pl-PL\"},{\"@type\":\"Organization\",\"@id\":\"https:\\\/\\\/regmik.ua\\\/uk\\\/#organization\",\"name\":\"REGMIK\",\"alternateName\":\"\u0420\u0415\u0413\u041c\u0418\u041a\",\"url\":\"https:\\\/\\\/regmik.ua\\\/uk\\\/\",\"logo\":{\"@type\":\"ImageObject\",\"inLanguage\":\"pl-PL\",\"@id\":\"https:\\\/\\\/regmik.ua\\\/uk\\\/#\\\/schema\\\/logo\\\/image\\\/\",\"url\":\"https:\\\/\\\/regmik.ua\\\/wp-content\\\/uploads\\\/2020\\\/03\\\/regmik_logo.png\",\"contentUrl\":\"https:\\\/\\\/regmik.ua\\\/wp-content\\\/uploads\\\/2020\\\/03\\\/regmik_logo.png\",\"width\":194,\"height\":45,\"caption\":\"REGMIK\"},\"image\":{\"@id\":\"https:\\\/\\\/regmik.ua\\\/uk\\\/#\\\/schema\\\/logo\\\/image\\\/\"},\"sameAs\":[\"https:\\\/\\\/www.facebook.com\\\/regmik.npf\",\"https:\\\/\\\/x.com\\\/regmiknpf\",\"https:\\\/\\\/www.youtube.com\\\/channel\\\/UC_SrY98SKAmR3Kt95GcVKcw\"]}]}<\/script>","yoast_head_json":{"title":"3296W-5K &#8211; \u0420\u0415\u0413\u041c\u0406\u041a, \u041d\u0412\u0424, \u041f\u041f","description":"Typ mocowania potencjometru, wieloobrotowy Rezystancja 5 kOhm Moc 500 mW Monta\u017c THT Dok\u0142adno\u015b\u0107 \u00b110% Charakterystyka liniowa Standard potencjometru","robots":{"index":"index","follow":"follow","max-snippet":"max-snippet:-1","max-image-preview":"max-image-preview:large","max-video-preview":"max-video-preview:-1"},"canonical":"https:\/\/regmik.ua\/pl\/product\/3296w-5k\/","schema":{"@context":"https:\/\/schema.org","@graph":[{"@type":"WebPage","@id":"https:\/\/regmik.ua\/product\/3296w-5k\/","url":"https:\/\/regmik.ua\/product\/3296w-5k\/","name":"3296W-5K &#8211; \u0420\u0415\u0413\u041c\u0406\u041a, \u041d\u0412\u0424, \u041f\u041f","isPartOf":{"@id":"https:\/\/regmik.ua\/uk\/#website"},"primaryImageOfPage":{"@id":"https:\/\/regmik.ua\/product\/3296w-5k\/#primaryimage"},"image":{"@id":"https:\/\/regmik.ua\/product\/3296w-5k\/#primaryimage"},"thumbnailUrl":"https:\/\/regmik.ua\/wp-content\/uploads\/2019\/06\/9104_G_1483302731928.jpg","datePublished":"2019-06-07T08:38:31+00:00","dateModified":"2025-05-02T04:14:41+00:00","description":"Typ mocowania potencjometru, wieloobrotowy Rezystancja 5 kOhm Moc 500 mW Monta\u017c THT Dok\u0142adno\u015b\u0107 \u00b110% Charakterystyka liniowa Standard potencjometru","breadcrumb":{"@id":"https:\/\/regmik.ua\/product\/3296w-5k\/#breadcrumb"},"inLanguage":"pl-PL","potentialAction":[{"@type":"ReadAction","target":["https:\/\/regmik.ua\/product\/3296w-5k\/"]}]},{"@type":"ImageObject","inLanguage":"pl-PL","@id":"https:\/\/regmik.ua\/product\/3296w-5k\/#primaryimage","url":"https:\/\/regmik.ua\/wp-content\/uploads\/2019\/06\/9104_G_1483302731928.jpg","contentUrl":"https:\/\/regmik.ua\/wp-content\/uploads\/2019\/06\/9104_G_1483302731928.jpg","width":226,"height":170,"caption":"3296W-5K"},{"@type":"BreadcrumbList","@id":"https:\/\/regmik.ua\/product\/3296w-5k\/#breadcrumb","itemListElement":[{"@type":"ListItem","position":1,"name":"\u0413\u043b\u0430\u0432\u043d\u0430\u044f \u0441\u0442\u0440\u0430\u043d\u0438\u0446\u0430","item":"https:\/\/regmik.ua\/"},{"@type":"ListItem","position":2,"name":"\u041f\u0440\u043e\u0434\u0443\u043a\u0446\u0438\u044f","item":"https:\/\/regmik.ua\/uk\/products\/"},{"@type":"ListItem","position":3,"name":"3296W-5K"}]},{"@type":"WebSite","@id":"https:\/\/regmik.ua\/uk\/#website","url":"https:\/\/regmik.ua\/uk\/","name":"REGMIK","description":"Przyrz\u0105dy pomiarowe i czujniki temperatury","publisher":{"@id":"https:\/\/regmik.ua\/uk\/#organization"},"alternateName":"REGMIK","potentialAction":[{"@type":"SearchAction","target":{"@type":"EntryPoint","urlTemplate":"https:\/\/regmik.ua\/uk\/?s={search_term_string}"},"query-input":{"@type":"PropertyValueSpecification","valueRequired":true,"valueName":"search_term_string"}}],"inLanguage":"pl-PL"},{"@type":"Organization","@id":"https:\/\/regmik.ua\/uk\/#organization","name":"REGMIK","alternateName":"\u0420\u0415\u0413\u041c\u0418\u041a","url":"https:\/\/regmik.ua\/uk\/","logo":{"@type":"ImageObject","inLanguage":"pl-PL","@id":"https:\/\/regmik.ua\/uk\/#\/schema\/logo\/image\/","url":"https:\/\/regmik.ua\/wp-content\/uploads\/2020\/03\/regmik_logo.png","contentUrl":"https:\/\/regmik.ua\/wp-content\/uploads\/2020\/03\/regmik_logo.png","width":194,"height":45,"caption":"REGMIK"},"image":{"@id":"https:\/\/regmik.ua\/uk\/#\/schema\/logo\/image\/"},"sameAs":["https:\/\/www.facebook.com\/regmik.npf","https:\/\/x.com\/regmiknpf","https:\/\/www.youtube.com\/channel\/UC_SrY98SKAmR3Kt95GcVKcw"]}]}},"_links":{"self":[{"href":"https:\/\/regmik.ua\/pl\/wp-json\/wp\/v2\/product\/19185","targetHints":{"allow":["GET"]}}],"collection":[{"href":"https:\/\/regmik.ua\/pl\/wp-json\/wp\/v2\/product"}],"about":[{"href":"https:\/\/regmik.ua\/pl\/wp-json\/wp\/v2\/types\/product"}],"replies":[{"embeddable":true,"href":"https:\/\/regmik.ua\/pl\/wp-json\/wp\/v2\/comments?post=19185"}],"version-history":[{"count":0,"href":"https:\/\/regmik.ua\/pl\/wp-json\/wp\/v2\/product\/19185\/revisions"}],"wp:featuredmedia":[{"embeddable":true,"href":"https:\/\/regmik.ua\/pl\/wp-json\/wp\/v2\/media\/19186"}],"wp:attachment":[{"href":"https:\/\/regmik.ua\/pl\/wp-json\/wp\/v2\/media?parent=19185"}],"wp:term":[{"taxonomy":"product_brand","embeddable":true,"href":"https:\/\/regmik.ua\/pl\/wp-json\/wp\/v2\/product_brand?post=19185"},{"taxonomy":"product_cat","embeddable":true,"href":"https:\/\/regmik.ua\/pl\/wp-json\/wp\/v2\/product_cat?post=19185"},{"taxonomy":"product_tag","embeddable":true,"href":"https:\/\/regmik.ua\/pl\/wp-json\/wp\/v2\/product_tag?post=19185"}],"curies":[{"name":"wp","href":"https:\/\/api.w.org\/{rel}","templated":true}]}}