{"id":19156,"date":"2019-06-06T08:52:51","date_gmt":"2019-06-06T06:52:51","guid":{"rendered":"https:\/\/regmik.com.ua\/?post_type=product&#038;p=19156"},"modified":"2020-08-20T07:23:52","modified_gmt":"2020-08-20T05:23:52","slug":"lm78l12","status":"publish","type":"product","link":"https:\/\/regmik.ua\/pl\/product\/lm78l12\/","title":{"rendered":"LM78L12"},"content":{"rendered":"<ul>\n<li><b>Nazwa:<\/b>\u00a0LM78L12<\/li>\n<li><b>Opis:<\/b>\u00a03-zaciskowy regulator dodatni<\/li>\n<li><b>Liczba kana\u0142\u00f3w:<\/b>\u00a01<\/li>\n<li><b>Napi\u0119cie wej\u015bciowe (min) (U<sub>w<\/sub>\u00a0(min)):<\/b>\u00a0<span title=\"13,7 w\">13,7 w<\/span><\/li>\n<li><b>Napi\u0119cie wej\u015bciowe (maks.) (U<sub>w<\/sub>\u00a0(maks.)):<\/b>\u00a0<span title=\"35 w\">35 w<\/span><\/li>\n<li><b>Napi\u0119cie wyj\u015bciowe (min) (U<sub>na zewn\u0105trz<\/sub>\u00a0(min)):<\/b>\u00a0<span title=\"12 w\">12 w<\/span><\/li>\n<li><b>Napi\u0119cie wyj\u015bciowe (maks.) (U<sub>na zewn\u0105trz<\/sub>\u00a0(maks.)):<\/b>\u00a0<span title=\"12 w\">12 w<\/span><\/li>\n<li><b>Napi\u0119cie wyj\u015bciowe (U<sub>na zewn\u0105trz<\/sub>):<\/b>\u00a012<\/li>\n<li><b>Pr\u0105d wyj\u015bciowy (I<sub>na zewn\u0105trz<\/sub>):<\/b>\u00a0<span title=\"0,1 A.\">100 mA<\/span><\/li>\n<li><b>Regulowane napi\u0119cie wyj\u015bciowe (ADJ):<\/b>\u00a0Nie<\/li>\n<li><b>Minimalna temperatura robocza (t<sub>min<\/sub>):<\/b>\u00a0<span title=\"-40 \u00b0 C\">-40 \u00b0 C<\/span><\/li>\n<li><b>Maksymalna temperatura robocza (t<sub>max<\/sub>):<\/b>\u00a0<span title=\"85 \u00b0 C\">85 \u00b0<\/span><\/li>\n<\/ul>","protected":false},"excerpt":{"rendered":"<p>\u041d\u0430\u0438\u043c\u0435\u043d\u043e\u0432\u0430\u043d\u0438\u0435:\u00a0LM78L12 \u041e\u043f\u0438\u0441\u0430\u043d\u0438\u0435:\u00a03-Terminal Positive Regulator \u041a\u043e\u043b-\u0432\u043e \u043a\u0430\u043d\u0430\u043b\u043e\u0432:\u00a01 \u0412\u0445\u043e\u0434\u043d\u043e\u0435 \u043d\u0430\u043f\u0440\u044f\u0436\u0435\u043d\u0438\u0435 (min) (U\u0432\u0445\u00a0(min)):\u00a013.7 \u0412 \u0412\u0445\u043e\u0434\u043d\u043e\u0435 \u043d\u0430\u043f\u0440\u044f\u0436\u0435\u043d\u0438\u0435 (max) (U\u0432\u0445\u00a0(max)):\u00a035 \u0412 \u0412\u044b\u0445\u043e\u0434\u043d\u043e\u0435 \u043d\u0430\u043f\u0440\u044f\u0436\u0435\u043d\u0438\u0435 (min) (U\u0432\u044b\u0445\u00a0(min)):\u00a012 \u0412 \u0412\u044b\u0445\u043e\u0434\u043d\u043e\u0435 \u043d\u0430\u043f\u0440\u044f\u0436\u0435\u043d\u0438\u0435 (max) (U\u0432\u044b\u0445\u00a0(max)):\u00a012 \u0412 \u0412\u044b\u0445\u043e\u0434\u043d\u043e\u0435 \u043d\u0430\u043f\u0440\u044f\u0436\u0435\u043d\u0438\u0435 (U\u0432\u044b\u0445):\u00a012 \u0412\u044b\u0445\u043e\u0434\u043d\u043e\u0439 \u0442\u043e\u043a (I\u0432\u044b\u0445):\u00a0100 \u043c\u0410 \u0412\u043e\u0437\u043c\u043e\u0436\u043d\u043e\u0441\u0442\u044c \u0440\u0435\u0433\u0443\u043b\u0438\u0440\u043e\u0432\u043a\u0438 \u0432\u044b\u0445\u043e\u0434\u043d\u043e\u0433\u043e \u043d\u0430\u043f\u0440\u044f\u0436\u0435\u043d\u0438\u044f (ADJ):\u00a0\u041d\u0435\u0442 \u041c\u0438\u043d\u0438\u043c\u0430\u043b\u044c\u043d\u0430\u044f \u0440\u0430\u0431\u043e\u0447\u0430\u044f \u0442\u0435\u043c\u043f\u0435\u0440\u0430\u0442\u0443\u0440\u0430 (tmin):\u00a0-40 \u00b0C \u041c\u0430\u043a\u0441\u0438\u043c\u0430\u043b\u044c\u043d\u0430\u044f \u0440\u0430\u0431\u043e\u0447\u0430\u044f \u0442\u0435\u043c\u043f\u0435\u0440\u0430\u0442\u0443\u0440\u0430 (tmax):\u00a085 \u00b0<\/p>","protected":false},"featured_media":19157,"comment_status":"open","ping_status":"closed","template":"","meta":[],"product_brand":[],"product_cat":[789],"product_tag":[3174],"class_list":{"0":"post-19156","1":"product","2":"type-product","3":"status-publish","4":"has-post-thumbnail","6":"product_cat-stabilizatory","7":"product_tag-lm78l12","10":"instock","11":"shipping-taxable","12":"purchasable","13":"product-type-simple"},"yoast_head":"<title>LM78L12 &#8211; \u0420\u0415\u0413\u041c\u0406\u041a, \u041d\u0412\u0424, \u041f\u041f<\/title>\n<meta name=\"description\" content=\"\u041d\u0430\u0438\u043c\u0435\u043d\u043e\u0432\u0430\u043d\u0438\u0435:\u00a0LM78L12 \u041e\u043f\u0438\u0441\u0430\u043d\u0438\u0435:\u00a03-Terminal Positive Regulator \u041a\u043e\u043b-\u0432\u043e \u043a\u0430\u043d\u0430\u043b\u043e\u0432:\u00a01 \u0412\u0445\u043e\u0434\u043d\u043e\u0435 \u043d\u0430\u043f\u0440\u044f\u0436\u0435\u043d\u0438\u0435 (min) (U\u0432\u0445\u00a0(min)):\u00a013.7 \u0412 \u0412\u0445\u043e\u0434\u043d\u043e\u0435 \u043d\u0430\u043f\u0440\u044f\u0436\u0435\u043d\u0438\u0435 (max)\" \/>\n<meta name=\"robots\" content=\"index, follow, max-snippet:-1, max-image-preview:large, max-video-preview:-1\" \/>\n<link rel=\"canonical\" href=\"https:\/\/regmik.ua\/pl\/product\/lm78l12\/\" \/>\n<script type=\"application\/ld+json\" class=\"yoast-schema-graph\">{\"@context\":\"https:\\\/\\\/schema.org\",\"@graph\":[{\"@type\":\"WebPage\",\"@id\":\"https:\\\/\\\/regmik.ua\\\/product\\\/lm78l12\\\/\",\"url\":\"https:\\\/\\\/regmik.ua\\\/product\\\/lm78l12\\\/\",\"name\":\"LM78L12 &#8211; \u0420\u0415\u0413\u041c\u0406\u041a, \u041d\u0412\u0424, \u041f\u041f\",\"isPartOf\":{\"@id\":\"https:\\\/\\\/regmik.ua\\\/uk\\\/#website\"},\"primaryImageOfPage\":{\"@id\":\"https:\\\/\\\/regmik.ua\\\/product\\\/lm78l12\\\/#primaryimage\"},\"image\":{\"@id\":\"https:\\\/\\\/regmik.ua\\\/product\\\/lm78l12\\\/#primaryimage\"},\"thumbnailUrl\":\"https:\\\/\\\/regmik.ua\\\/wp-content\\\/uploads\\\/2019\\\/06\\\/403830.jpg\",\"datePublished\":\"2019-06-06T06:52:51+00:00\",\"dateModified\":\"2020-08-20T05:23:52+00:00\",\"description\":\"\u041d\u0430\u0438\u043c\u0435\u043d\u043e\u0432\u0430\u043d\u0438\u0435:\u00a0LM78L12 \u041e\u043f\u0438\u0441\u0430\u043d\u0438\u0435:\u00a03-Terminal Positive Regulator \u041a\u043e\u043b-\u0432\u043e \u043a\u0430\u043d\u0430\u043b\u043e\u0432:\u00a01 \u0412\u0445\u043e\u0434\u043d\u043e\u0435 \u043d\u0430\u043f\u0440\u044f\u0436\u0435\u043d\u0438\u0435 (min) (U\u0432\u0445\u00a0(min)):\u00a013.7 \u0412 \u0412\u0445\u043e\u0434\u043d\u043e\u0435 \u043d\u0430\u043f\u0440\u044f\u0436\u0435\u043d\u0438\u0435 (max)\",\"breadcrumb\":{\"@id\":\"https:\\\/\\\/regmik.ua\\\/product\\\/lm78l12\\\/#breadcrumb\"},\"inLanguage\":\"pl-PL\",\"potentialAction\":[{\"@type\":\"ReadAction\",\"target\":[\"https:\\\/\\\/regmik.ua\\\/product\\\/lm78l12\\\/\"]}]},{\"@type\":\"ImageObject\",\"inLanguage\":\"pl-PL\",\"@id\":\"https:\\\/\\\/regmik.ua\\\/product\\\/lm78l12\\\/#primaryimage\",\"url\":\"https:\\\/\\\/regmik.ua\\\/wp-content\\\/uploads\\\/2019\\\/06\\\/403830.jpg\",\"contentUrl\":\"https:\\\/\\\/regmik.ua\\\/wp-content\\\/uploads\\\/2019\\\/06\\\/403830.jpg\",\"width\":640,\"height\":480,\"caption\":\"LM78L12\"},{\"@type\":\"BreadcrumbList\",\"@id\":\"https:\\\/\\\/regmik.ua\\\/product\\\/lm78l12\\\/#breadcrumb\",\"itemListElement\":[{\"@type\":\"ListItem\",\"position\":1,\"name\":\"\u0413\u043b\u0430\u0432\u043d\u0430\u044f \u0441\u0442\u0440\u0430\u043d\u0438\u0446\u0430\",\"item\":\"https:\\\/\\\/regmik.ua\\\/\"},{\"@type\":\"ListItem\",\"position\":2,\"name\":\"\u041f\u0440\u043e\u0434\u0443\u043a\u0446\u0438\u044f\",\"item\":\"https:\\\/\\\/regmik.ua\\\/uk\\\/products\\\/\"},{\"@type\":\"ListItem\",\"position\":3,\"name\":\"LM78L12\"}]},{\"@type\":\"WebSite\",\"@id\":\"https:\\\/\\\/regmik.ua\\\/uk\\\/#website\",\"url\":\"https:\\\/\\\/regmik.ua\\\/uk\\\/\",\"name\":\"REGMIK\",\"description\":\"\u0418\u0437\u043c\u0435\u0440\u0438\u0442\u0435\u043b\u044c\u043d\u044b\u0435 \u043f\u0440\u0438\u0431\u043e\u0440\u044b \u0438 \u0434\u0430\u0442\u0447\u0438\u043a\u0438 \u0442\u0435\u043c\u043f\u0435\u0440\u0430\u0442\u0443\u0440\u044b\",\"publisher\":{\"@id\":\"https:\\\/\\\/regmik.ua\\\/uk\\\/#organization\"},\"alternateName\":\"REGMIK\",\"potentialAction\":[{\"@type\":\"SearchAction\",\"target\":{\"@type\":\"EntryPoint\",\"urlTemplate\":\"https:\\\/\\\/regmik.ua\\\/uk\\\/?s={search_term_string}\"},\"query-input\":{\"@type\":\"PropertyValueSpecification\",\"valueRequired\":true,\"valueName\":\"search_term_string\"}}],\"inLanguage\":\"pl-PL\"},{\"@type\":\"Organization\",\"@id\":\"https:\\\/\\\/regmik.ua\\\/uk\\\/#organization\",\"name\":\"REGMIK\",\"alternateName\":\"\u0420\u0415\u0413\u041c\u0418\u041a\",\"url\":\"https:\\\/\\\/regmik.ua\\\/uk\\\/\",\"logo\":{\"@type\":\"ImageObject\",\"inLanguage\":\"pl-PL\",\"@id\":\"https:\\\/\\\/regmik.ua\\\/uk\\\/#\\\/schema\\\/logo\\\/image\\\/\",\"url\":\"https:\\\/\\\/regmik.ua\\\/wp-content\\\/uploads\\\/2020\\\/03\\\/regmik_logo.png\",\"contentUrl\":\"https:\\\/\\\/regmik.ua\\\/wp-content\\\/uploads\\\/2020\\\/03\\\/regmik_logo.png\",\"width\":194,\"height\":45,\"caption\":\"REGMIK\"},\"image\":{\"@id\":\"https:\\\/\\\/regmik.ua\\\/uk\\\/#\\\/schema\\\/logo\\\/image\\\/\"},\"sameAs\":[\"https:\\\/\\\/www.facebook.com\\\/regmik.npf\",\"https:\\\/\\\/x.com\\\/regmiknpf\",\"https:\\\/\\\/www.youtube.com\\\/channel\\\/UC_SrY98SKAmR3Kt95GcVKcw\"]}]}<\/script>","yoast_head_json":{"title":"LM78L12 &#8211; \u0420\u0415\u0413\u041c\u0406\u041a, \u041d\u0412\u0424, \u041f\u041f","description":"Nazwa: LM78L12 Opis: 3-zaciskowy regulator dodatni Liczba kana\u0142\u00f3w: 1 Napi\u0119cie wej\u015bciowe (min) (Uin (min)): 13,7 V Napi\u0119cie wej\u015bciowe (maks.)","robots":{"index":"index","follow":"follow","max-snippet":"max-snippet:-1","max-image-preview":"max-image-preview:large","max-video-preview":"max-video-preview:-1"},"canonical":"https:\/\/regmik.ua\/pl\/product\/lm78l12\/","schema":{"@context":"https:\/\/schema.org","@graph":[{"@type":"WebPage","@id":"https:\/\/regmik.ua\/product\/lm78l12\/","url":"https:\/\/regmik.ua\/product\/lm78l12\/","name":"LM78L12 &#8211; \u0420\u0415\u0413\u041c\u0406\u041a, \u041d\u0412\u0424, \u041f\u041f","isPartOf":{"@id":"https:\/\/regmik.ua\/uk\/#website"},"primaryImageOfPage":{"@id":"https:\/\/regmik.ua\/product\/lm78l12\/#primaryimage"},"image":{"@id":"https:\/\/regmik.ua\/product\/lm78l12\/#primaryimage"},"thumbnailUrl":"https:\/\/regmik.ua\/wp-content\/uploads\/2019\/06\/403830.jpg","datePublished":"2019-06-06T06:52:51+00:00","dateModified":"2020-08-20T05:23:52+00:00","description":"Nazwa: LM78L12 Opis: 3-zaciskowy regulator dodatni Liczba kana\u0142\u00f3w: 1 Napi\u0119cie wej\u015bciowe (min) (Uin (min)): 13,7 V Napi\u0119cie wej\u015bciowe (maks.)","breadcrumb":{"@id":"https:\/\/regmik.ua\/product\/lm78l12\/#breadcrumb"},"inLanguage":"pl-PL","potentialAction":[{"@type":"ReadAction","target":["https:\/\/regmik.ua\/product\/lm78l12\/"]}]},{"@type":"ImageObject","inLanguage":"pl-PL","@id":"https:\/\/regmik.ua\/product\/lm78l12\/#primaryimage","url":"https:\/\/regmik.ua\/wp-content\/uploads\/2019\/06\/403830.jpg","contentUrl":"https:\/\/regmik.ua\/wp-content\/uploads\/2019\/06\/403830.jpg","width":640,"height":480,"caption":"LM78L12"},{"@type":"BreadcrumbList","@id":"https:\/\/regmik.ua\/product\/lm78l12\/#breadcrumb","itemListElement":[{"@type":"ListItem","position":1,"name":"\u0413\u043b\u0430\u0432\u043d\u0430\u044f \u0441\u0442\u0440\u0430\u043d\u0438\u0446\u0430","item":"https:\/\/regmik.ua\/"},{"@type":"ListItem","position":2,"name":"\u041f\u0440\u043e\u0434\u0443\u043a\u0446\u0438\u044f","item":"https:\/\/regmik.ua\/uk\/products\/"},{"@type":"ListItem","position":3,"name":"LM78L12"}]},{"@type":"WebSite","@id":"https:\/\/regmik.ua\/uk\/#website","url":"https:\/\/regmik.ua\/uk\/","name":"REGMIK","description":"Przyrz\u0105dy pomiarowe i czujniki temperatury","publisher":{"@id":"https:\/\/regmik.ua\/uk\/#organization"},"alternateName":"REGMIK","potentialAction":[{"@type":"SearchAction","target":{"@type":"EntryPoint","urlTemplate":"https:\/\/regmik.ua\/uk\/?s={search_term_string}"},"query-input":{"@type":"PropertyValueSpecification","valueRequired":true,"valueName":"search_term_string"}}],"inLanguage":"pl-PL"},{"@type":"Organization","@id":"https:\/\/regmik.ua\/uk\/#organization","name":"REGMIK","alternateName":"\u0420\u0415\u0413\u041c\u0418\u041a","url":"https:\/\/regmik.ua\/uk\/","logo":{"@type":"ImageObject","inLanguage":"pl-PL","@id":"https:\/\/regmik.ua\/uk\/#\/schema\/logo\/image\/","url":"https:\/\/regmik.ua\/wp-content\/uploads\/2020\/03\/regmik_logo.png","contentUrl":"https:\/\/regmik.ua\/wp-content\/uploads\/2020\/03\/regmik_logo.png","width":194,"height":45,"caption":"REGMIK"},"image":{"@id":"https:\/\/regmik.ua\/uk\/#\/schema\/logo\/image\/"},"sameAs":["https:\/\/www.facebook.com\/regmik.npf","https:\/\/x.com\/regmiknpf","https:\/\/www.youtube.com\/channel\/UC_SrY98SKAmR3Kt95GcVKcw"]}]}},"_links":{"self":[{"href":"https:\/\/regmik.ua\/pl\/wp-json\/wp\/v2\/product\/19156","targetHints":{"allow":["GET"]}}],"collection":[{"href":"https:\/\/regmik.ua\/pl\/wp-json\/wp\/v2\/product"}],"about":[{"href":"https:\/\/regmik.ua\/pl\/wp-json\/wp\/v2\/types\/product"}],"replies":[{"embeddable":true,"href":"https:\/\/regmik.ua\/pl\/wp-json\/wp\/v2\/comments?post=19156"}],"version-history":[{"count":0,"href":"https:\/\/regmik.ua\/pl\/wp-json\/wp\/v2\/product\/19156\/revisions"}],"wp:featuredmedia":[{"embeddable":true,"href":"https:\/\/regmik.ua\/pl\/wp-json\/wp\/v2\/media\/19157"}],"wp:attachment":[{"href":"https:\/\/regmik.ua\/pl\/wp-json\/wp\/v2\/media?parent=19156"}],"wp:term":[{"taxonomy":"product_brand","embeddable":true,"href":"https:\/\/regmik.ua\/pl\/wp-json\/wp\/v2\/product_brand?post=19156"},{"taxonomy":"product_cat","embeddable":true,"href":"https:\/\/regmik.ua\/pl\/wp-json\/wp\/v2\/product_cat?post=19156"},{"taxonomy":"product_tag","embeddable":true,"href":"https:\/\/regmik.ua\/pl\/wp-json\/wp\/v2\/product_tag?post=19156"}],"curies":[{"name":"wp","href":"https:\/\/api.w.org\/{rel}","templated":true}]}}