{"id":19148,"date":"2019-06-06T08:59:19","date_gmt":"2019-06-06T06:59:19","guid":{"rendered":"https:\/\/regmik.com.ua\/?post_type=product&#038;p=19148"},"modified":"2020-08-20T07:23:51","modified_gmt":"2020-08-20T05:23:51","slug":"ir2117s","status":"publish","type":"product","link":"https:\/\/regmik.ua\/pl\/product\/ir2117s\/","title":{"rendered":"IR2117S"},"content":{"rendered":"<p>IR2117S<br \/>\nIR2117S to wysokonapi\u0119ciowy, szybki sterownik MOSFET lub IGBT.<br \/>\nWej\u015bcie logiczne jest kompatybilne ze standardowymi wyj\u015bciami CMOS.<br \/>\nWyj\u015bcia sterownika wyr\u00f3\u017cniaj\u0105 si\u0119 wysokim pr\u0105dem impulsowym stopnia buforowego, kt\u00f3ry ma na celu zminimalizowanie przeciwprzewodnictwa sterownika.<br \/>\nKana\u0142 wyj\u015bciowy mo\u017ce by\u0107 u\u017cywany do sterowania N-kana\u0142owym tranzystorem MOSFET lub IGBT z wysokim lub niskim prze\u0142\u0105czaniem przy napi\u0119ciach do 600 V.<br \/>\nTyp obudowy: SOIC-8.<br \/>\nZakres temperatury pracy: -55\u00b0C do +150\u00b0C.<\/p>","protected":false},"excerpt":{"rendered":"<p>IR2117S \u041c\u0438\u043a\u0440\u043e\u0441\u0445\u0435\u043c\u0430 IR2117S \u043f\u0440\u0435\u0434\u0441\u0442\u0430\u0432\u043b\u044f\u0435\u0442 \u0441\u043e\u0431\u043e\u0439 \u0434\u0440\u0430\u0439\u0432\u0435\u0440 \u0432\u044b\u0441\u043e\u043a\u043e\u0432\u043e\u043b\u044c\u0442\u043d\u044b\u0445, \u0432\u044b\u0441\u043e\u043a\u043e\u0441\u043a\u043e\u0440\u043e\u0441\u0442\u043d\u044b\u0445 \u041c\u041e\u041f-\u0442\u0440\u0430\u043d\u0437\u0438\u0441\u0442\u043e\u0440\u043e\u0432 \u0438\u043b\u0438 IGBT-\u0442\u0440\u0430\u043d\u0437\u0438\u0441\u0442\u043e\u0440\u043e\u0432. \u041b\u043e\u0433\u0438\u0447\u0435\u0441\u043a\u0438\u0439 \u0432\u0445\u043e\u0434 \u0441\u043e\u0432\u043c\u0435\u0441\u0442\u0438\u043c \u0441 \u0441\u0442\u0430\u043d\u0434\u0430\u0440\u0442\u043d\u044b\u043c\u0438 \u041a\u041c\u041e\u041f \u0432\u044b\u0445\u043e\u0434\u0430\u043c\u0438. \u0412\u044b\u0445\u043e\u0434\u044b \u0434\u0440\u0430\u0439\u0432\u0435\u0440\u043e\u0432 \u043e\u0442\u043b\u0438\u0447\u0430\u044e\u0442\u0441\u044f \u0432\u044b\u0441\u043e\u043a\u0438\u043c \u0438\u043c\u043f\u0443\u043b\u044c\u0441\u043d\u044b\u043c \u0442\u043e\u043a\u043e\u043c \u0431\u0443\u0444\u0435\u0440\u043d\u043e\u0433\u043e \u043a\u0430\u0441\u043a\u0430\u0434\u0430, \u0447\u0442\u043e \u0432\u044b\u043f\u043e\u043b\u043d\u0435\u043d\u043e \u0434\u043b\u044f \u043c\u0438\u043d\u0438\u043c\u0438\u0437\u0430\u0446\u0438\u0438 \u0432\u0441\u0442\u0440\u0435\u0447\u043d\u043e\u0439 \u043f\u0440\u043e\u0432\u043e\u0434\u0438\u043c\u043e\u0441\u0442\u0438 \u0434\u0440\u0430\u0439\u0432\u0435\u0440\u0430. \u0412\u044b\u0445\u043e\u0434\u043d\u043e\u0439 \u043a\u0430\u043d\u0430\u043b \u043c\u043e\u0436\u0435\u0442 \u0438\u0441\u043f\u043e\u043b\u044c\u0437\u043e\u0432\u0430\u0442\u044c\u0441\u044f \u0434\u043b\u044f \u0443\u043f\u0440\u0430\u0432\u043b\u0435\u043d\u0438\u044f N-\u043a\u0430\u043d\u0430\u043b\u044c\u043d\u044b\u043c \u041c\u041e\u041f-\u0442\u0440\u0430\u043d\u0437\u0438\u0441\u0442\u043e\u0440\u043e\u043c \u0438\u043b\u0438 IGBT-\u0442\u0440\u0430\u043d\u0437\u0438\u0441\u0442\u043e\u0440\u043e\u043c \u0441 \u043a\u043e\u043c\u043c\u0443\u0442\u0430\u0446\u0438\u0435\u0439 \u043a \u0432\u0435\u0440\u0445\u043d\u0435\u043c\u0443 \u0438\u043b\u0438 \u043a \u043d\u0438\u0436\u043d\u0435\u043c\u0443 \u0443\u0440\u043e\u0432\u043d\u044e \u043f\u0440\u0438 \u043d\u0430\u043f\u0440\u044f\u0436\u0435\u043d\u0438\u0438 \u0434\u043e 600\u0412. &hellip; <a href=\"https:\/\/regmik.ua\/pl\/product\/ir2117s\/\" class=\"more-link\">Kontynuuj czytanie <span class=\"screen-reader-text\">IR2117S<\/span><\/a><\/p>","protected":false},"featured_media":19355,"comment_status":"open","ping_status":"closed","template":"","meta":[],"product_brand":[],"product_cat":[779],"product_tag":[3171],"class_list":{"0":"post-19148","1":"product","2":"type-product","3":"status-publish","4":"has-post-thumbnail","6":"product_cat-chip","7":"product_tag-ir2117s","10":"instock","11":"shipping-taxable","12":"purchasable","13":"product-type-simple"},"yoast_head":"<title>IR2117S &#8211; \u0420\u0415\u0413\u041c\u0406\u041a, \u041d\u0412\u0424, \u041f\u041f<\/title>\n<meta name=\"description\" content=\"IR2117S \u041c\u0438\u043a\u0440\u043e\u0441\u0445\u0435\u043c\u0430 IR2117S \u043f\u0440\u0435\u0434\u0441\u0442\u0430\u0432\u043b\u044f\u0435\u0442 \u0441\u043e\u0431\u043e\u0439 \u0434\u0440\u0430\u0439\u0432\u0435\u0440 \u0432\u044b\u0441\u043e\u043a\u043e\u0432\u043e\u043b\u044c\u0442\u043d\u044b\u0445, \u0432\u044b\u0441\u043e\u043a\u043e\u0441\u043a\u043e\u0440\u043e\u0441\u0442\u043d\u044b\u0445 \u041c\u041e\u041f-\u0442\u0440\u0430\u043d\u0437\u0438\u0441\u0442\u043e\u0440\u043e\u0432 \u0438\u043b\u0438 IGBT-\u0442\u0440\u0430\u043d\u0437\u0438\u0441\u0442\u043e\u0440\u043e\u0432. \u041b\u043e\u0433\u0438\u0447\u0435\u0441\u043a\u0438\u0439 \u0432\u0445\u043e\u0434 \u0441\u043e\u0432\u043c\u0435\u0441\u0442\u0438\u043c \u0441\" \/>\n<meta name=\"robots\" content=\"index, follow, max-snippet:-1, max-image-preview:large, max-video-preview:-1\" \/>\n<link rel=\"canonical\" href=\"https:\/\/regmik.ua\/pl\/product\/ir2117s\/\" \/>\n<script type=\"application\/ld+json\" class=\"yoast-schema-graph\">{\"@context\":\"https:\\\/\\\/schema.org\",\"@graph\":[{\"@type\":\"WebPage\",\"@id\":\"https:\\\/\\\/regmik.ua\\\/product\\\/ir2117s\\\/\",\"url\":\"https:\\\/\\\/regmik.ua\\\/product\\\/ir2117s\\\/\",\"name\":\"IR2117S &#8211; \u0420\u0415\u0413\u041c\u0406\u041a, \u041d\u0412\u0424, \u041f\u041f\",\"isPartOf\":{\"@id\":\"https:\\\/\\\/regmik.ua\\\/uk\\\/#website\"},\"primaryImageOfPage\":{\"@id\":\"https:\\\/\\\/regmik.ua\\\/product\\\/ir2117s\\\/#primaryimage\"},\"image\":{\"@id\":\"https:\\\/\\\/regmik.ua\\\/product\\\/ir2117s\\\/#primaryimage\"},\"thumbnailUrl\":\"https:\\\/\\\/regmik.ua\\\/wp-content\\\/uploads\\\/2019\\\/06\\\/Bez-nazvaniya-8.jpg\",\"datePublished\":\"2019-06-06T06:59:19+00:00\",\"dateModified\":\"2020-08-20T05:23:51+00:00\",\"description\":\"IR2117S \u041c\u0438\u043a\u0440\u043e\u0441\u0445\u0435\u043c\u0430 IR2117S \u043f\u0440\u0435\u0434\u0441\u0442\u0430\u0432\u043b\u044f\u0435\u0442 \u0441\u043e\u0431\u043e\u0439 \u0434\u0440\u0430\u0439\u0432\u0435\u0440 \u0432\u044b\u0441\u043e\u043a\u043e\u0432\u043e\u043b\u044c\u0442\u043d\u044b\u0445, \u0432\u044b\u0441\u043e\u043a\u043e\u0441\u043a\u043e\u0440\u043e\u0441\u0442\u043d\u044b\u0445 \u041c\u041e\u041f-\u0442\u0440\u0430\u043d\u0437\u0438\u0441\u0442\u043e\u0440\u043e\u0432 \u0438\u043b\u0438 IGBT-\u0442\u0440\u0430\u043d\u0437\u0438\u0441\u0442\u043e\u0440\u043e\u0432. \u041b\u043e\u0433\u0438\u0447\u0435\u0441\u043a\u0438\u0439 \u0432\u0445\u043e\u0434 \u0441\u043e\u0432\u043c\u0435\u0441\u0442\u0438\u043c \u0441\",\"breadcrumb\":{\"@id\":\"https:\\\/\\\/regmik.ua\\\/product\\\/ir2117s\\\/#breadcrumb\"},\"inLanguage\":\"pl-PL\",\"potentialAction\":[{\"@type\":\"ReadAction\",\"target\":[\"https:\\\/\\\/regmik.ua\\\/product\\\/ir2117s\\\/\"]}]},{\"@type\":\"ImageObject\",\"inLanguage\":\"pl-PL\",\"@id\":\"https:\\\/\\\/regmik.ua\\\/product\\\/ir2117s\\\/#primaryimage\",\"url\":\"https:\\\/\\\/regmik.ua\\\/wp-content\\\/uploads\\\/2019\\\/06\\\/Bez-nazvaniya-8.jpg\",\"contentUrl\":\"https:\\\/\\\/regmik.ua\\\/wp-content\\\/uploads\\\/2019\\\/06\\\/Bez-nazvaniya-8.jpg\",\"width\":225,\"height\":224,\"caption\":\"IR2117S\"},{\"@type\":\"BreadcrumbList\",\"@id\":\"https:\\\/\\\/regmik.ua\\\/product\\\/ir2117s\\\/#breadcrumb\",\"itemListElement\":[{\"@type\":\"ListItem\",\"position\":1,\"name\":\"\u0413\u043b\u0430\u0432\u043d\u0430\u044f \u0441\u0442\u0440\u0430\u043d\u0438\u0446\u0430\",\"item\":\"https:\\\/\\\/regmik.ua\\\/\"},{\"@type\":\"ListItem\",\"position\":2,\"name\":\"\u041f\u0440\u043e\u0434\u0443\u043a\u0446\u0438\u044f\",\"item\":\"https:\\\/\\\/regmik.ua\\\/uk\\\/products\\\/\"},{\"@type\":\"ListItem\",\"position\":3,\"name\":\"IR2117S\"}]},{\"@type\":\"WebSite\",\"@id\":\"https:\\\/\\\/regmik.ua\\\/uk\\\/#website\",\"url\":\"https:\\\/\\\/regmik.ua\\\/uk\\\/\",\"name\":\"REGMIK\",\"description\":\"\u0418\u0437\u043c\u0435\u0440\u0438\u0442\u0435\u043b\u044c\u043d\u044b\u0435 \u043f\u0440\u0438\u0431\u043e\u0440\u044b \u0438 \u0434\u0430\u0442\u0447\u0438\u043a\u0438 \u0442\u0435\u043c\u043f\u0435\u0440\u0430\u0442\u0443\u0440\u044b\",\"publisher\":{\"@id\":\"https:\\\/\\\/regmik.ua\\\/uk\\\/#organization\"},\"alternateName\":\"REGMIK\",\"potentialAction\":[{\"@type\":\"SearchAction\",\"target\":{\"@type\":\"EntryPoint\",\"urlTemplate\":\"https:\\\/\\\/regmik.ua\\\/uk\\\/?s={search_term_string}\"},\"query-input\":{\"@type\":\"PropertyValueSpecification\",\"valueRequired\":true,\"valueName\":\"search_term_string\"}}],\"inLanguage\":\"pl-PL\"},{\"@type\":\"Organization\",\"@id\":\"https:\\\/\\\/regmik.ua\\\/uk\\\/#organization\",\"name\":\"REGMIK\",\"alternateName\":\"\u0420\u0415\u0413\u041c\u0418\u041a\",\"url\":\"https:\\\/\\\/regmik.ua\\\/uk\\\/\",\"logo\":{\"@type\":\"ImageObject\",\"inLanguage\":\"pl-PL\",\"@id\":\"https:\\\/\\\/regmik.ua\\\/uk\\\/#\\\/schema\\\/logo\\\/image\\\/\",\"url\":\"https:\\\/\\\/regmik.ua\\\/wp-content\\\/uploads\\\/2020\\\/03\\\/regmik_logo.png\",\"contentUrl\":\"https:\\\/\\\/regmik.ua\\\/wp-content\\\/uploads\\\/2020\\\/03\\\/regmik_logo.png\",\"width\":194,\"height\":45,\"caption\":\"REGMIK\"},\"image\":{\"@id\":\"https:\\\/\\\/regmik.ua\\\/uk\\\/#\\\/schema\\\/logo\\\/image\\\/\"},\"sameAs\":[\"https:\\\/\\\/www.facebook.com\\\/regmik.npf\",\"https:\\\/\\\/x.com\\\/regmiknpf\",\"https:\\\/\\\/www.youtube.com\\\/channel\\\/UC_SrY98SKAmR3Kt95GcVKcw\"]}]}<\/script>","yoast_head_json":{"title":"IR2117S &#8211; \u0420\u0415\u0413\u041c\u0406\u041a, \u041d\u0412\u0424, \u041f\u041f","description":"IR2117S IR2117S to wysokonapi\u0119ciowy, szybki sterownik MOSFET lub IGBT. Wej\u015bcie logiczne kompatybilne z","robots":{"index":"index","follow":"follow","max-snippet":"max-snippet:-1","max-image-preview":"max-image-preview:large","max-video-preview":"max-video-preview:-1"},"canonical":"https:\/\/regmik.ua\/pl\/product\/ir2117s\/","schema":{"@context":"https:\/\/schema.org","@graph":[{"@type":"WebPage","@id":"https:\/\/regmik.ua\/product\/ir2117s\/","url":"https:\/\/regmik.ua\/product\/ir2117s\/","name":"IR2117S &#8211; \u0420\u0415\u0413\u041c\u0406\u041a, \u041d\u0412\u0424, \u041f\u041f","isPartOf":{"@id":"https:\/\/regmik.ua\/uk\/#website"},"primaryImageOfPage":{"@id":"https:\/\/regmik.ua\/product\/ir2117s\/#primaryimage"},"image":{"@id":"https:\/\/regmik.ua\/product\/ir2117s\/#primaryimage"},"thumbnailUrl":"https:\/\/regmik.ua\/wp-content\/uploads\/2019\/06\/Bez-nazvaniya-8.jpg","datePublished":"2019-06-06T06:59:19+00:00","dateModified":"2020-08-20T05:23:51+00:00","description":"IR2117S IR2117S to wysokonapi\u0119ciowy, szybki sterownik MOSFET lub IGBT. Wej\u015bcie logiczne kompatybilne z","breadcrumb":{"@id":"https:\/\/regmik.ua\/product\/ir2117s\/#breadcrumb"},"inLanguage":"pl-PL","potentialAction":[{"@type":"ReadAction","target":["https:\/\/regmik.ua\/product\/ir2117s\/"]}]},{"@type":"ImageObject","inLanguage":"pl-PL","@id":"https:\/\/regmik.ua\/product\/ir2117s\/#primaryimage","url":"https:\/\/regmik.ua\/wp-content\/uploads\/2019\/06\/Bez-nazvaniya-8.jpg","contentUrl":"https:\/\/regmik.ua\/wp-content\/uploads\/2019\/06\/Bez-nazvaniya-8.jpg","width":225,"height":224,"caption":"IR2117S"},{"@type":"BreadcrumbList","@id":"https:\/\/regmik.ua\/product\/ir2117s\/#breadcrumb","itemListElement":[{"@type":"ListItem","position":1,"name":"\u0413\u043b\u0430\u0432\u043d\u0430\u044f \u0441\u0442\u0440\u0430\u043d\u0438\u0446\u0430","item":"https:\/\/regmik.ua\/"},{"@type":"ListItem","position":2,"name":"\u041f\u0440\u043e\u0434\u0443\u043a\u0446\u0438\u044f","item":"https:\/\/regmik.ua\/uk\/products\/"},{"@type":"ListItem","position":3,"name":"IR2117S"}]},{"@type":"WebSite","@id":"https:\/\/regmik.ua\/uk\/#website","url":"https:\/\/regmik.ua\/uk\/","name":"REGMIK","description":"Przyrz\u0105dy pomiarowe i czujniki temperatury","publisher":{"@id":"https:\/\/regmik.ua\/uk\/#organization"},"alternateName":"REGMIK","potentialAction":[{"@type":"SearchAction","target":{"@type":"EntryPoint","urlTemplate":"https:\/\/regmik.ua\/uk\/?s={search_term_string}"},"query-input":{"@type":"PropertyValueSpecification","valueRequired":true,"valueName":"search_term_string"}}],"inLanguage":"pl-PL"},{"@type":"Organization","@id":"https:\/\/regmik.ua\/uk\/#organization","name":"REGMIK","alternateName":"\u0420\u0415\u0413\u041c\u0418\u041a","url":"https:\/\/regmik.ua\/uk\/","logo":{"@type":"ImageObject","inLanguage":"pl-PL","@id":"https:\/\/regmik.ua\/uk\/#\/schema\/logo\/image\/","url":"https:\/\/regmik.ua\/wp-content\/uploads\/2020\/03\/regmik_logo.png","contentUrl":"https:\/\/regmik.ua\/wp-content\/uploads\/2020\/03\/regmik_logo.png","width":194,"height":45,"caption":"REGMIK"},"image":{"@id":"https:\/\/regmik.ua\/uk\/#\/schema\/logo\/image\/"},"sameAs":["https:\/\/www.facebook.com\/regmik.npf","https:\/\/x.com\/regmiknpf","https:\/\/www.youtube.com\/channel\/UC_SrY98SKAmR3Kt95GcVKcw"]}]}},"_links":{"self":[{"href":"https:\/\/regmik.ua\/pl\/wp-json\/wp\/v2\/product\/19148","targetHints":{"allow":["GET"]}}],"collection":[{"href":"https:\/\/regmik.ua\/pl\/wp-json\/wp\/v2\/product"}],"about":[{"href":"https:\/\/regmik.ua\/pl\/wp-json\/wp\/v2\/types\/product"}],"replies":[{"embeddable":true,"href":"https:\/\/regmik.ua\/pl\/wp-json\/wp\/v2\/comments?post=19148"}],"version-history":[{"count":0,"href":"https:\/\/regmik.ua\/pl\/wp-json\/wp\/v2\/product\/19148\/revisions"}],"wp:featuredmedia":[{"embeddable":true,"href":"https:\/\/regmik.ua\/pl\/wp-json\/wp\/v2\/media\/19355"}],"wp:attachment":[{"href":"https:\/\/regmik.ua\/pl\/wp-json\/wp\/v2\/media?parent=19148"}],"wp:term":[{"taxonomy":"product_brand","embeddable":true,"href":"https:\/\/regmik.ua\/pl\/wp-json\/wp\/v2\/product_brand?post=19148"},{"taxonomy":"product_cat","embeddable":true,"href":"https:\/\/regmik.ua\/pl\/wp-json\/wp\/v2\/product_cat?post=19148"},{"taxonomy":"product_tag","embeddable":true,"href":"https:\/\/regmik.ua\/pl\/wp-json\/wp\/v2\/product_tag?post=19148"}],"curies":[{"name":"wp","href":"https:\/\/api.w.org\/{rel}","templated":true}]}}