{"id":19142,"date":"2019-06-06T09:29:05","date_gmt":"2019-06-06T07:29:05","guid":{"rendered":"https:\/\/regmik.com.ua\/?post_type=product&#038;p=19142"},"modified":"2020-08-20T07:23:51","modified_gmt":"2020-08-20T05:23:51","slug":"kbpc5010","status":"publish","type":"product","link":"https:\/\/regmik.ua\/pl\/product\/kbpc5010\/","title":{"rendered":"KBPC5010"},"content":{"rendered":"<p><span style=\"font-family: Verdana;\">X<\/span><span lang=\"en-us\"><span style=\"font-family: Verdana;\">charakterystyka mostka diodowego KBPC5010:<br \/>\nIDC (maks.) 50A<br \/>\nUrev.DC (maks.) 1000V<br \/>\nMaks. powtarzalno\u015b\u0107 Urev (maks.) 1000 V<br \/>\nUwe AC (maks.) 700 V (rms)<br \/>\nTy prosto w d\u00f3\u0142 &lt;1,1V (na jednej diodzie)<br \/>\nZakres temperatur pracy -55..+150\u00b0\u0421<br \/>\nObudowa MB-25 (BR-50)<br \/>\nAnalogi MB5010, BR5010<br \/>\n<\/span><\/span><br \/>\n<span style=\"font-family: Verdana;\">KBPC5010 \u2013 mostek diodowy 50A 1000V w metalowej obudowie z wyprowadzeniami w postaci ko\u0144c\u00f3wek no\u017cowych 6,3mm.<\/span><\/p>\n<p>Mostek KBPC5010 s\u0142u\u017cy do prostowania pr\u0105d\u00f3w o cz\u0119stotliwo\u015bci przemys\u0142owej 50\/60 Hz.<\/p>\n<p>Podczas pracy przy du\u017cych pr\u0105dach mostek diodowy KBPC5010 nale\u017cy zamontowa\u0107 na radiatorze (radiatorze), aby zapewni\u0107 wymagane warunki termiczne.<\/p>\n<p>&nbsp;<\/p>","protected":false},"excerpt":{"rendered":"<p>\u0425\u0430\u0440\u0430\u043a\u0442\u0435\u0440\u0438\u0441\u0442\u0438\u043a\u0438 \u0434\u0438\u043e\u0434\u043d\u043e\u0433\u043e \u043c\u043e\u0441\u0442\u0430 KBP\u04215010: I\u043f\u0440\u044f\u043c.\u043f\u043e\u0441\u0442.(max) 50A U\u043e\u0431\u0440.\u043f\u043e\u0441\u0442.(max) 1000V U\u043e\u0431\u0440.\u043f\u0438\u043a\u043e\u0432.\u043f\u043e\u0432\u0442\u043e\u0440.(max) 1000V U\u0432\u0445.\u043f\u0435\u0440\u0435\u043c.(max) 700V (\u0434\u0435\u0439\u0441\u0442\u0432\u0443\u044e\u0449\u0435\u0435) U\u043f\u0440\u044f\u043c.\u043f\u0430\u0434. &lt;1,1V (\u043d\u0430 \u043e\u0434\u043d\u043e\u043c \u0434\u0438\u043e\u0434\u0435) \u0414\u0438\u0430\u043f\u0430\u0437\u043e\u043d \u0440\u0430\u0431\u043e\u0447\u0438\u0445 \u0442\u0435\u043c\u043f\u0435\u0440\u0430\u0442\u0443\u0440 -55..+150\u00b0\u0421 \u041a\u043e\u0440\u043f\u0443\u0441 MB-25 (BR-50) \u0410\u043d\u0430\u043b\u043e\u0433\u0438 MB5010, BR5010 KBPC5010 &#8211; \u0434\u0438\u043e\u0434\u043d\u044b\u0439 \u043c\u043e\u0441\u0442 50\u0410 1000\u0412 \u0432 \u043c\u0435\u0442\u0430\u043b\u043b\u0438\u0447\u0435\u0441\u043a\u043e\u043c \u043a\u043e\u0440\u043f\u0443\u0441\u0435 \u0441 \u0432\u044b\u0432\u043e\u0434\u0430\u043c\u0438 \u0432 \u0432\u0438\u0434\u0435 \u043d\u043e\u0436\u0435\u0432\u044b\u0445 \u043a\u043b\u0435\u043c\u043c 6,3\u043c\u043c. \u041c\u043e\u0441\u0442 KBPC5010 \u043f\u0440\u0438\u043c\u0435\u043d\u044f\u0435\u0442\u0441\u044f \u0434\u043b\u044f \u0432\u044b\u043f\u0440\u044f\u043c\u043b\u0435\u043d\u0438\u044f \u0442\u043e\u043a\u043e\u0432 \u043f\u0440\u043e\u043c\u044b\u0448\u043b\u0435\u043d\u043d\u043e\u0439 \u0447\u0430\u0441\u0442\u043e\u0442\u044b 50\/60\u0413\u0446. \u041f\u0440\u0438 \u0440\u0430\u0431\u043e\u0442\u0435 &hellip; <a href=\"https:\/\/regmik.ua\/pl\/product\/kbpc5010\/\" class=\"more-link\">Kontynuuj czytanie <span class=\"screen-reader-text\">KBPC5010<\/span><\/a><\/p>","protected":false},"featured_media":19143,"comment_status":"open","ping_status":"closed","template":"","meta":[],"product_brand":[],"product_cat":[792],"product_tag":[3169],"class_list":{"0":"post-19142","1":"product","2":"type-product","3":"status-publish","4":"has-post-thumbnail","6":"product_cat-diody","7":"product_tag-kbpc5010","10":"instock","11":"shipping-taxable","12":"purchasable","13":"product-type-simple"},"yoast_head":"<title>KBPC5010 &#8211; \u0420\u0415\u0413\u041c\u0406\u041a, \u041d\u0412\u0424, \u041f\u041f<\/title>\n<meta name=\"description\" content=\"\u0425\u0430\u0440\u0430\u043a\u0442\u0435\u0440\u0438\u0441\u0442\u0438\u043a\u0438 \u0434\u0438\u043e\u0434\u043d\u043e\u0433\u043e \u043c\u043e\u0441\u0442\u0430 KBP\u04215010: I\u043f\u0440\u044f\u043c.\u043f\u043e\u0441\u0442.(max) 50A U\u043e\u0431\u0440.\u043f\u043e\u0441\u0442.(max) 1000V U\u043e\u0431\u0440.\u043f\u0438\u043a\u043e\u0432.\u043f\u043e\u0432\u0442\u043e\u0440.(max) 1000V U\u0432\u0445.\u043f\u0435\u0440\u0435\u043c.(max) 700V (\u0434\u0435\u0439\u0441\u0442\u0432\u0443\u044e\u0449\u0435\u0435)\" \/>\n<meta name=\"robots\" content=\"index, follow, max-snippet:-1, max-image-preview:large, max-video-preview:-1\" \/>\n<link rel=\"canonical\" href=\"https:\/\/regmik.ua\/pl\/produkt\/kbpc5010\/\" \/>\n<script type=\"application\/ld+json\" class=\"yoast-schema-graph\">{\"@context\":\"https:\\\/\\\/schema.org\",\"@graph\":[{\"@type\":\"WebPage\",\"@id\":\"https:\\\/\\\/regmik.ua\\\/de\\\/produkt\\\/kbpc5010\\\/\",\"url\":\"https:\\\/\\\/regmik.ua\\\/de\\\/produkt\\\/kbpc5010\\\/\",\"name\":\"KBPC5010 &#8211; \u0420\u0415\u0413\u041c\u0406\u041a, \u041d\u0412\u0424, \u041f\u041f\",\"isPartOf\":{\"@id\":\"https:\\\/\\\/regmik.ua\\\/uk\\\/#website\"},\"primaryImageOfPage\":{\"@id\":\"https:\\\/\\\/regmik.ua\\\/de\\\/produkt\\\/kbpc5010\\\/#primaryimage\"},\"image\":{\"@id\":\"https:\\\/\\\/regmik.ua\\\/de\\\/produkt\\\/kbpc5010\\\/#primaryimage\"},\"thumbnailUrl\":\"https:\\\/\\\/regmik.ua\\\/wp-content\\\/uploads\\\/2019\\\/06\\\/430847.jpg\",\"datePublished\":\"2019-06-06T07:29:05+00:00\",\"dateModified\":\"2020-08-20T05:23:51+00:00\",\"description\":\"\u0425\u0430\u0440\u0430\u043a\u0442\u0435\u0440\u0438\u0441\u0442\u0438\u043a\u0438 \u0434\u0438\u043e\u0434\u043d\u043e\u0433\u043e \u043c\u043e\u0441\u0442\u0430 KBP\u04215010: I\u043f\u0440\u044f\u043c.\u043f\u043e\u0441\u0442.(max) 50A U\u043e\u0431\u0440.\u043f\u043e\u0441\u0442.(max) 1000V U\u043e\u0431\u0440.\u043f\u0438\u043a\u043e\u0432.\u043f\u043e\u0432\u0442\u043e\u0440.(max) 1000V U\u0432\u0445.\u043f\u0435\u0440\u0435\u043c.(max) 700V (\u0434\u0435\u0439\u0441\u0442\u0432\u0443\u044e\u0449\u0435\u0435)\",\"breadcrumb\":{\"@id\":\"https:\\\/\\\/regmik.ua\\\/de\\\/produkt\\\/kbpc5010\\\/#breadcrumb\"},\"inLanguage\":\"pl-PL\",\"potentialAction\":[{\"@type\":\"ReadAction\",\"target\":[\"https:\\\/\\\/regmik.ua\\\/de\\\/produkt\\\/kbpc5010\\\/\"]}]},{\"@type\":\"ImageObject\",\"inLanguage\":\"pl-PL\",\"@id\":\"https:\\\/\\\/regmik.ua\\\/de\\\/produkt\\\/kbpc5010\\\/#primaryimage\",\"url\":\"https:\\\/\\\/regmik.ua\\\/wp-content\\\/uploads\\\/2019\\\/06\\\/430847.jpg\",\"contentUrl\":\"https:\\\/\\\/regmik.ua\\\/wp-content\\\/uploads\\\/2019\\\/06\\\/430847.jpg\",\"width\":640,\"height\":480,\"caption\":\"KBPC5010\"},{\"@type\":\"BreadcrumbList\",\"@id\":\"https:\\\/\\\/regmik.ua\\\/de\\\/produkt\\\/kbpc5010\\\/#breadcrumb\",\"itemListElement\":[{\"@type\":\"ListItem\",\"position\":1,\"name\":\"\u0413\u043b\u0430\u0432\u043d\u0430\u044f \u0441\u0442\u0440\u0430\u043d\u0438\u0446\u0430\",\"item\":\"https:\\\/\\\/regmik.ua\\\/\"},{\"@type\":\"ListItem\",\"position\":2,\"name\":\"\u041f\u0440\u043e\u0434\u0443\u043a\u0446\u0438\u044f\",\"item\":\"https:\\\/\\\/regmik.ua\\\/uk\\\/products\\\/\"},{\"@type\":\"ListItem\",\"position\":3,\"name\":\"KBPC5010\"}]},{\"@type\":\"WebSite\",\"@id\":\"https:\\\/\\\/regmik.ua\\\/uk\\\/#website\",\"url\":\"https:\\\/\\\/regmik.ua\\\/uk\\\/\",\"name\":\"REGMIK\",\"description\":\"\u0418\u0437\u043c\u0435\u0440\u0438\u0442\u0435\u043b\u044c\u043d\u044b\u0435 \u043f\u0440\u0438\u0431\u043e\u0440\u044b \u0438 \u0434\u0430\u0442\u0447\u0438\u043a\u0438 \u0442\u0435\u043c\u043f\u0435\u0440\u0430\u0442\u0443\u0440\u044b\",\"publisher\":{\"@id\":\"https:\\\/\\\/regmik.ua\\\/uk\\\/#organization\"},\"alternateName\":\"REGMIK\",\"potentialAction\":[{\"@type\":\"SearchAction\",\"target\":{\"@type\":\"EntryPoint\",\"urlTemplate\":\"https:\\\/\\\/regmik.ua\\\/uk\\\/?s={search_term_string}\"},\"query-input\":{\"@type\":\"PropertyValueSpecification\",\"valueRequired\":true,\"valueName\":\"search_term_string\"}}],\"inLanguage\":\"pl-PL\"},{\"@type\":\"Organization\",\"@id\":\"https:\\\/\\\/regmik.ua\\\/uk\\\/#organization\",\"name\":\"REGMIK\",\"alternateName\":\"\u0420\u0415\u0413\u041c\u0418\u041a\",\"url\":\"https:\\\/\\\/regmik.ua\\\/uk\\\/\",\"logo\":{\"@type\":\"ImageObject\",\"inLanguage\":\"pl-PL\",\"@id\":\"https:\\\/\\\/regmik.ua\\\/uk\\\/#\\\/schema\\\/logo\\\/image\\\/\",\"url\":\"https:\\\/\\\/regmik.ua\\\/wp-content\\\/uploads\\\/2020\\\/03\\\/regmik_logo.png\",\"contentUrl\":\"https:\\\/\\\/regmik.ua\\\/wp-content\\\/uploads\\\/2020\\\/03\\\/regmik_logo.png\",\"width\":194,\"height\":45,\"caption\":\"REGMIK\"},\"image\":{\"@id\":\"https:\\\/\\\/regmik.ua\\\/uk\\\/#\\\/schema\\\/logo\\\/image\\\/\"},\"sameAs\":[\"https:\\\/\\\/www.facebook.com\\\/regmik.npf\",\"https:\\\/\\\/x.com\\\/regmiknpf\",\"https:\\\/\\\/www.youtube.com\\\/channel\\\/UC_SrY98SKAmR3Kt95GcVKcw\"]}]}<\/script>","yoast_head_json":{"title":"KBPC5010 &#8211; \u0420\u0415\u0413\u041c\u0406\u041a, \u041d\u0412\u0424, \u041f\u041f","description":"Charakterystyka mostka diodowego KBPC5010: DC bezpo\u015bredni (maks.) 50A powr\u00f3t DC (maks.) 1000V Powtarzanie szczytowe (maks.) 1000V Wej\u015bcie AC (maks.) 700V (rms)","robots":{"index":"index","follow":"follow","max-snippet":"max-snippet:-1","max-image-preview":"max-image-preview:large","max-video-preview":"max-video-preview:-1"},"canonical":"https:\/\/regmik.ua\/pl\/produkt\/kbpc5010\/","schema":{"@context":"https:\/\/schema.org","@graph":[{"@type":"WebPage","@id":"https:\/\/regmik.ua\/de\/produkt\/kbpc5010\/","url":"https:\/\/regmik.ua\/de\/produkt\/kbpc5010\/","name":"KBPC5010 &#8211; \u0420\u0415\u0413\u041c\u0406\u041a, \u041d\u0412\u0424, \u041f\u041f","isPartOf":{"@id":"https:\/\/regmik.ua\/uk\/#website"},"primaryImageOfPage":{"@id":"https:\/\/regmik.ua\/de\/produkt\/kbpc5010\/#primaryimage"},"image":{"@id":"https:\/\/regmik.ua\/de\/produkt\/kbpc5010\/#primaryimage"},"thumbnailUrl":"https:\/\/regmik.ua\/wp-content\/uploads\/2019\/06\/430847.jpg","datePublished":"2019-06-06T07:29:05+00:00","dateModified":"2020-08-20T05:23:51+00:00","description":"Charakterystyka mostka diodowego KBPC5010: DC bezpo\u015bredni (maks.) 50A powr\u00f3t DC (maks.) 1000V Powtarzanie szczytowe (maks.) 1000V Wej\u015bcie AC (maks.) 700V (rms)","breadcrumb":{"@id":"https:\/\/regmik.ua\/de\/produkt\/kbpc5010\/#breadcrumb"},"inLanguage":"pl-PL","potentialAction":[{"@type":"ReadAction","target":["https:\/\/regmik.ua\/de\/produkt\/kbpc5010\/"]}]},{"@type":"ImageObject","inLanguage":"pl-PL","@id":"https:\/\/regmik.ua\/de\/produkt\/kbpc5010\/#primaryimage","url":"https:\/\/regmik.ua\/wp-content\/uploads\/2019\/06\/430847.jpg","contentUrl":"https:\/\/regmik.ua\/wp-content\/uploads\/2019\/06\/430847.jpg","width":640,"height":480,"caption":"KBPC5010"},{"@type":"BreadcrumbList","@id":"https:\/\/regmik.ua\/de\/produkt\/kbpc5010\/#breadcrumb","itemListElement":[{"@type":"ListItem","position":1,"name":"\u0413\u043b\u0430\u0432\u043d\u0430\u044f \u0441\u0442\u0440\u0430\u043d\u0438\u0446\u0430","item":"https:\/\/regmik.ua\/"},{"@type":"ListItem","position":2,"name":"\u041f\u0440\u043e\u0434\u0443\u043a\u0446\u0438\u044f","item":"https:\/\/regmik.ua\/uk\/products\/"},{"@type":"ListItem","position":3,"name":"KBPC5010"}]},{"@type":"WebSite","@id":"https:\/\/regmik.ua\/uk\/#website","url":"https:\/\/regmik.ua\/uk\/","name":"REGMIK","description":"Przyrz\u0105dy pomiarowe i czujniki temperatury","publisher":{"@id":"https:\/\/regmik.ua\/uk\/#organization"},"alternateName":"REGMIK","potentialAction":[{"@type":"SearchAction","target":{"@type":"EntryPoint","urlTemplate":"https:\/\/regmik.ua\/uk\/?s={search_term_string}"},"query-input":{"@type":"PropertyValueSpecification","valueRequired":true,"valueName":"search_term_string"}}],"inLanguage":"pl-PL"},{"@type":"Organization","@id":"https:\/\/regmik.ua\/uk\/#organization","name":"REGMIK","alternateName":"\u0420\u0415\u0413\u041c\u0418\u041a","url":"https:\/\/regmik.ua\/uk\/","logo":{"@type":"ImageObject","inLanguage":"pl-PL","@id":"https:\/\/regmik.ua\/uk\/#\/schema\/logo\/image\/","url":"https:\/\/regmik.ua\/wp-content\/uploads\/2020\/03\/regmik_logo.png","contentUrl":"https:\/\/regmik.ua\/wp-content\/uploads\/2020\/03\/regmik_logo.png","width":194,"height":45,"caption":"REGMIK"},"image":{"@id":"https:\/\/regmik.ua\/uk\/#\/schema\/logo\/image\/"},"sameAs":["https:\/\/www.facebook.com\/regmik.npf","https:\/\/x.com\/regmiknpf","https:\/\/www.youtube.com\/channel\/UC_SrY98SKAmR3Kt95GcVKcw"]}]}},"_links":{"self":[{"href":"https:\/\/regmik.ua\/pl\/wp-json\/wp\/v2\/product\/19142","targetHints":{"allow":["GET"]}}],"collection":[{"href":"https:\/\/regmik.ua\/pl\/wp-json\/wp\/v2\/product"}],"about":[{"href":"https:\/\/regmik.ua\/pl\/wp-json\/wp\/v2\/types\/product"}],"replies":[{"embeddable":true,"href":"https:\/\/regmik.ua\/pl\/wp-json\/wp\/v2\/comments?post=19142"}],"version-history":[{"count":0,"href":"https:\/\/regmik.ua\/pl\/wp-json\/wp\/v2\/product\/19142\/revisions"}],"wp:featuredmedia":[{"embeddable":true,"href":"https:\/\/regmik.ua\/pl\/wp-json\/wp\/v2\/media\/19143"}],"wp:attachment":[{"href":"https:\/\/regmik.ua\/pl\/wp-json\/wp\/v2\/media?parent=19142"}],"wp:term":[{"taxonomy":"product_brand","embeddable":true,"href":"https:\/\/regmik.ua\/pl\/wp-json\/wp\/v2\/product_brand?post=19142"},{"taxonomy":"product_cat","embeddable":true,"href":"https:\/\/regmik.ua\/pl\/wp-json\/wp\/v2\/product_cat?post=19142"},{"taxonomy":"product_tag","embeddable":true,"href":"https:\/\/regmik.ua\/pl\/wp-json\/wp\/v2\/product_tag?post=19142"}],"curies":[{"name":"wp","href":"https:\/\/api.w.org\/{rel}","templated":true}]}}