{"id":19138,"date":"2019-06-06T09:41:35","date_gmt":"2019-06-06T07:41:35","guid":{"rendered":"https:\/\/regmik.com.ua\/?post_type=product&#038;p=19138"},"modified":"2020-08-20T07:23:51","modified_gmt":"2020-08-20T05:23:51","slug":"irf840","status":"publish","type":"product","link":"https:\/\/regmik.ua\/pl\/product\/irf840\/","title":{"rendered":"IRF840"},"content":{"rendered":"<h2>Parametry tranzystora bipolarnego IRF840<\/h2>\n<ul>\n<li>Napi\u0119cie \u017ar\u00f3d\u0142a drenu Usi (maks.): 500V<\/li>\n<li>Pr\u0105d \u017ar\u00f3d\u0142a drenu przy 25 C Isi (maks.): 8A<\/li>\n<li>Napi\u0119cie bramka-\u017ar\u00f3d\u0142o Uzi (maks.): \u00b1 20 V<\/li>\n<li>Rezystancja zamkni\u0119cia kana\u0142u Rsi: 850 mOhm<\/li>\n<li>Rozpraszanie mocy Psi (maks.): 125W<\/li>\n<li>Nachylenie: 4,9 S<\/li>\n<li>Napi\u0119cie progowe bramki: 4V<\/li>\n<li>Pakiet: TO-220AB<\/li>\n<\/ul>","protected":false},"excerpt":{"rendered":"<p>Parametry tranzystora IRF840 Napi\u0119cie dren-\u017ar\u00f3d\u0142o Usi (max): 500V Pr\u0105d dren-\u017ar\u00f3d\u0142o przy 25 C Isi (max): 8A Napi\u0119cie bramka-\u017ar\u00f3d\u0142o Uzi (max): \u00b120V Rezystancja kana\u0142u w stanie zamkni\u0119tym Rsi: 850 mOhm Dissipated moc Psi (max): 125W nachylenie: 4,9S progowe napi\u0119cie bramki: 4V opakowanie: TO-220AB<\/p>","protected":false},"featured_media":19164,"comment_status":"open","ping_status":"closed","template":"","meta":[],"product_brand":[],"product_cat":[787],"product_tag":[3167],"class_list":{"0":"post-19138","1":"product","2":"type-product","3":"status-publish","4":"has-post-thumbnail","6":"product_cat-tranzistory","7":"product_tag-irf840","10":"instock","11":"shipping-taxable","12":"purchasable","13":"product-type-simple"},"yoast_head":"<title>IRF840 &#8211; \u0420\u0415\u0413\u041c\u0406\u041a, \u041d\u0412\u0424, \u041f\u041f<\/title>\n<meta name=\"description\" content=\"\u041f\u0430\u0440\u0430\u043c\u0435\u0442\u0440\u044b \u0442\u0440\u0430\u043d\u0437\u0438\u0441\u0442\u043e\u0440\u0430\u00a0IRF840 \u041d\u0430\u043f\u0440\u044f\u0436\u0435\u043d\u0438\u0435 \u0441\u0442\u043e\u043a-\u0438\u0441\u0442\u043e\u043a U\u0441\u0438\u00a0(max): 500\u0412 \u0422\u043e\u043a \u0441\u0442\u043e\u043a-\u0438\u0441\u0442\u043e\u043a \u043f\u0440\u0438 25 \u0421 \u00a0I\u0441\u0438 (max): 8\u0410 \u041d\u0430\u043f\u0440\u044f\u0436\u0435\u043d\u0438\u0435 \u0437\u0430\u0442\u0432\u043e\u0440-\u0438\u0441\u0442\u043e\u043a U\u0437\u0438 \u00a0(max): \u00b120\u0412\" \/>\n<meta name=\"robots\" content=\"index, follow, max-snippet:-1, max-image-preview:large, max-video-preview:-1\" \/>\n<link rel=\"canonical\" href=\"https:\/\/regmik.ua\/pl\/product\/irf840\/\" \/>\n<script type=\"application\/ld+json\" class=\"yoast-schema-graph\">{\"@context\":\"https:\\\/\\\/schema.org\",\"@graph\":[{\"@type\":\"WebPage\",\"@id\":\"https:\\\/\\\/regmik.ua\\\/product\\\/irf840\\\/\",\"url\":\"https:\\\/\\\/regmik.ua\\\/product\\\/irf840\\\/\",\"name\":\"IRF840 &#8211; \u0420\u0415\u0413\u041c\u0406\u041a, \u041d\u0412\u0424, \u041f\u041f\",\"isPartOf\":{\"@id\":\"https:\\\/\\\/regmik.ua\\\/uk\\\/#website\"},\"primaryImageOfPage\":{\"@id\":\"https:\\\/\\\/regmik.ua\\\/product\\\/irf840\\\/#primaryimage\"},\"image\":{\"@id\":\"https:\\\/\\\/regmik.ua\\\/product\\\/irf840\\\/#primaryimage\"},\"thumbnailUrl\":\"https:\\\/\\\/regmik.ua\\\/wp-content\\\/uploads\\\/2019\\\/06\\\/Bez-nazvaniya-1.jpg\",\"datePublished\":\"2019-06-06T07:41:35+00:00\",\"dateModified\":\"2020-08-20T05:23:51+00:00\",\"description\":\"\u041f\u0430\u0440\u0430\u043c\u0435\u0442\u0440\u044b \u0442\u0440\u0430\u043d\u0437\u0438\u0441\u0442\u043e\u0440\u0430\u00a0IRF840 \u041d\u0430\u043f\u0440\u044f\u0436\u0435\u043d\u0438\u0435 \u0441\u0442\u043e\u043a-\u0438\u0441\u0442\u043e\u043a U\u0441\u0438\u00a0(max): 500\u0412 \u0422\u043e\u043a \u0441\u0442\u043e\u043a-\u0438\u0441\u0442\u043e\u043a \u043f\u0440\u0438 25 \u0421 \u00a0I\u0441\u0438 (max): 8\u0410 \u041d\u0430\u043f\u0440\u044f\u0436\u0435\u043d\u0438\u0435 \u0437\u0430\u0442\u0432\u043e\u0440-\u0438\u0441\u0442\u043e\u043a U\u0437\u0438 \u00a0(max): \u00b120\u0412\",\"breadcrumb\":{\"@id\":\"https:\\\/\\\/regmik.ua\\\/product\\\/irf840\\\/#breadcrumb\"},\"inLanguage\":\"pl-PL\",\"potentialAction\":[{\"@type\":\"ReadAction\",\"target\":[\"https:\\\/\\\/regmik.ua\\\/product\\\/irf840\\\/\"]}]},{\"@type\":\"ImageObject\",\"inLanguage\":\"pl-PL\",\"@id\":\"https:\\\/\\\/regmik.ua\\\/product\\\/irf840\\\/#primaryimage\",\"url\":\"https:\\\/\\\/regmik.ua\\\/wp-content\\\/uploads\\\/2019\\\/06\\\/Bez-nazvaniya-1.jpg\",\"contentUrl\":\"https:\\\/\\\/regmik.ua\\\/wp-content\\\/uploads\\\/2019\\\/06\\\/Bez-nazvaniya-1.jpg\",\"width\":225,\"height\":225,\"caption\":\"IRF840\"},{\"@type\":\"BreadcrumbList\",\"@id\":\"https:\\\/\\\/regmik.ua\\\/product\\\/irf840\\\/#breadcrumb\",\"itemListElement\":[{\"@type\":\"ListItem\",\"position\":1,\"name\":\"\u0413\u043b\u0430\u0432\u043d\u0430\u044f \u0441\u0442\u0440\u0430\u043d\u0438\u0446\u0430\",\"item\":\"https:\\\/\\\/regmik.ua\\\/\"},{\"@type\":\"ListItem\",\"position\":2,\"name\":\"\u041f\u0440\u043e\u0434\u0443\u043a\u0446\u0438\u044f\",\"item\":\"https:\\\/\\\/regmik.ua\\\/uk\\\/products\\\/\"},{\"@type\":\"ListItem\",\"position\":3,\"name\":\"IRF840\"}]},{\"@type\":\"WebSite\",\"@id\":\"https:\\\/\\\/regmik.ua\\\/uk\\\/#website\",\"url\":\"https:\\\/\\\/regmik.ua\\\/uk\\\/\",\"name\":\"REGMIK\",\"description\":\"\u0418\u0437\u043c\u0435\u0440\u0438\u0442\u0435\u043b\u044c\u043d\u044b\u0435 \u043f\u0440\u0438\u0431\u043e\u0440\u044b \u0438 \u0434\u0430\u0442\u0447\u0438\u043a\u0438 \u0442\u0435\u043c\u043f\u0435\u0440\u0430\u0442\u0443\u0440\u044b\",\"publisher\":{\"@id\":\"https:\\\/\\\/regmik.ua\\\/uk\\\/#organization\"},\"alternateName\":\"REGMIK\",\"potentialAction\":[{\"@type\":\"SearchAction\",\"target\":{\"@type\":\"EntryPoint\",\"urlTemplate\":\"https:\\\/\\\/regmik.ua\\\/uk\\\/?s={search_term_string}\"},\"query-input\":{\"@type\":\"PropertyValueSpecification\",\"valueRequired\":true,\"valueName\":\"search_term_string\"}}],\"inLanguage\":\"pl-PL\"},{\"@type\":\"Organization\",\"@id\":\"https:\\\/\\\/regmik.ua\\\/uk\\\/#organization\",\"name\":\"REGMIK\",\"alternateName\":\"\u0420\u0415\u0413\u041c\u0418\u041a\",\"url\":\"https:\\\/\\\/regmik.ua\\\/uk\\\/\",\"logo\":{\"@type\":\"ImageObject\",\"inLanguage\":\"pl-PL\",\"@id\":\"https:\\\/\\\/regmik.ua\\\/uk\\\/#\\\/schema\\\/logo\\\/image\\\/\",\"url\":\"https:\\\/\\\/regmik.ua\\\/wp-content\\\/uploads\\\/2020\\\/03\\\/regmik_logo.png\",\"contentUrl\":\"https:\\\/\\\/regmik.ua\\\/wp-content\\\/uploads\\\/2020\\\/03\\\/regmik_logo.png\",\"width\":194,\"height\":45,\"caption\":\"REGMIK\"},\"image\":{\"@id\":\"https:\\\/\\\/regmik.ua\\\/uk\\\/#\\\/schema\\\/logo\\\/image\\\/\"},\"sameAs\":[\"https:\\\/\\\/www.facebook.com\\\/regmik.npf\",\"https:\\\/\\\/x.com\\\/regmiknpf\",\"https:\\\/\\\/www.youtube.com\\\/channel\\\/UC_SrY98SKAmR3Kt95GcVKcw\"]}]}<\/script>","yoast_head_json":{"title":"IRF840 &#8211; \u0420\u0415\u0413\u041c\u0406\u041a, \u041d\u0412\u0424, \u041f\u041f","description":"Parametry tranzystora IRF840 Napi\u0119cie dren-\u017ar\u00f3d\u0142o Vsi (maks.): 500 V Pr\u0105d dren-\u017ar\u00f3d\u0142o przy 25 C Isi (maks.): 8 A Napi\u0119cie bramka-\u017ar\u00f3d\u0142o Vsi (maks.): \u00b1 20 V","robots":{"index":"index","follow":"follow","max-snippet":"max-snippet:-1","max-image-preview":"max-image-preview:large","max-video-preview":"max-video-preview:-1"},"canonical":"https:\/\/regmik.ua\/pl\/product\/irf840\/","schema":{"@context":"https:\/\/schema.org","@graph":[{"@type":"WebPage","@id":"https:\/\/regmik.ua\/product\/irf840\/","url":"https:\/\/regmik.ua\/product\/irf840\/","name":"IRF840 &#8211; \u0420\u0415\u0413\u041c\u0406\u041a, \u041d\u0412\u0424, \u041f\u041f","isPartOf":{"@id":"https:\/\/regmik.ua\/uk\/#website"},"primaryImageOfPage":{"@id":"https:\/\/regmik.ua\/product\/irf840\/#primaryimage"},"image":{"@id":"https:\/\/regmik.ua\/product\/irf840\/#primaryimage"},"thumbnailUrl":"https:\/\/regmik.ua\/wp-content\/uploads\/2019\/06\/Bez-nazvaniya-1.jpg","datePublished":"2019-06-06T07:41:35+00:00","dateModified":"2020-08-20T05:23:51+00:00","description":"Parametry tranzystora IRF840 Napi\u0119cie dren-\u017ar\u00f3d\u0142o Vsi (maks.): 500 V Pr\u0105d dren-\u017ar\u00f3d\u0142o przy 25 C Isi (maks.): 8 A Napi\u0119cie bramka-\u017ar\u00f3d\u0142o Vsi (maks.): \u00b1 20 V","breadcrumb":{"@id":"https:\/\/regmik.ua\/product\/irf840\/#breadcrumb"},"inLanguage":"pl-PL","potentialAction":[{"@type":"ReadAction","target":["https:\/\/regmik.ua\/product\/irf840\/"]}]},{"@type":"ImageObject","inLanguage":"pl-PL","@id":"https:\/\/regmik.ua\/product\/irf840\/#primaryimage","url":"https:\/\/regmik.ua\/wp-content\/uploads\/2019\/06\/Bez-nazvaniya-1.jpg","contentUrl":"https:\/\/regmik.ua\/wp-content\/uploads\/2019\/06\/Bez-nazvaniya-1.jpg","width":225,"height":225,"caption":"IRF840"},{"@type":"BreadcrumbList","@id":"https:\/\/regmik.ua\/product\/irf840\/#breadcrumb","itemListElement":[{"@type":"ListItem","position":1,"name":"\u0413\u043b\u0430\u0432\u043d\u0430\u044f \u0441\u0442\u0440\u0430\u043d\u0438\u0446\u0430","item":"https:\/\/regmik.ua\/"},{"@type":"ListItem","position":2,"name":"\u041f\u0440\u043e\u0434\u0443\u043a\u0446\u0438\u044f","item":"https:\/\/regmik.ua\/uk\/products\/"},{"@type":"ListItem","position":3,"name":"IRF840"}]},{"@type":"WebSite","@id":"https:\/\/regmik.ua\/uk\/#website","url":"https:\/\/regmik.ua\/uk\/","name":"REGMIK","description":"Przyrz\u0105dy pomiarowe i czujniki temperatury","publisher":{"@id":"https:\/\/regmik.ua\/uk\/#organization"},"alternateName":"REGMIK","potentialAction":[{"@type":"SearchAction","target":{"@type":"EntryPoint","urlTemplate":"https:\/\/regmik.ua\/uk\/?s={search_term_string}"},"query-input":{"@type":"PropertyValueSpecification","valueRequired":true,"valueName":"search_term_string"}}],"inLanguage":"pl-PL"},{"@type":"Organization","@id":"https:\/\/regmik.ua\/uk\/#organization","name":"REGMIK","alternateName":"\u0420\u0415\u0413\u041c\u0418\u041a","url":"https:\/\/regmik.ua\/uk\/","logo":{"@type":"ImageObject","inLanguage":"pl-PL","@id":"https:\/\/regmik.ua\/uk\/#\/schema\/logo\/image\/","url":"https:\/\/regmik.ua\/wp-content\/uploads\/2020\/03\/regmik_logo.png","contentUrl":"https:\/\/regmik.ua\/wp-content\/uploads\/2020\/03\/regmik_logo.png","width":194,"height":45,"caption":"REGMIK"},"image":{"@id":"https:\/\/regmik.ua\/uk\/#\/schema\/logo\/image\/"},"sameAs":["https:\/\/www.facebook.com\/regmik.npf","https:\/\/x.com\/regmiknpf","https:\/\/www.youtube.com\/channel\/UC_SrY98SKAmR3Kt95GcVKcw"]}]}},"_links":{"self":[{"href":"https:\/\/regmik.ua\/pl\/wp-json\/wp\/v2\/product\/19138","targetHints":{"allow":["GET"]}}],"collection":[{"href":"https:\/\/regmik.ua\/pl\/wp-json\/wp\/v2\/product"}],"about":[{"href":"https:\/\/regmik.ua\/pl\/wp-json\/wp\/v2\/types\/product"}],"replies":[{"embeddable":true,"href":"https:\/\/regmik.ua\/pl\/wp-json\/wp\/v2\/comments?post=19138"}],"version-history":[{"count":0,"href":"https:\/\/regmik.ua\/pl\/wp-json\/wp\/v2\/product\/19138\/revisions"}],"wp:featuredmedia":[{"embeddable":true,"href":"https:\/\/regmik.ua\/pl\/wp-json\/wp\/v2\/media\/19164"}],"wp:attachment":[{"href":"https:\/\/regmik.ua\/pl\/wp-json\/wp\/v2\/media?parent=19138"}],"wp:term":[{"taxonomy":"product_brand","embeddable":true,"href":"https:\/\/regmik.ua\/pl\/wp-json\/wp\/v2\/product_brand?post=19138"},{"taxonomy":"product_cat","embeddable":true,"href":"https:\/\/regmik.ua\/pl\/wp-json\/wp\/v2\/product_cat?post=19138"},{"taxonomy":"product_tag","embeddable":true,"href":"https:\/\/regmik.ua\/pl\/wp-json\/wp\/v2\/product_tag?post=19138"}],"curies":[{"name":"wp","href":"https:\/\/api.w.org\/{rel}","templated":true}]}}