{"id":19134,"date":"2019-06-06T09:47:58","date_gmt":"2019-06-06T07:47:58","guid":{"rendered":"https:\/\/regmik.com.ua\/?post_type=product&#038;p=19134"},"modified":"2020-08-20T07:23:51","modified_gmt":"2020-08-20T05:23:51","slug":"ad7713ar","status":"publish","type":"product","link":"https:\/\/regmik.ua\/pl\/product\/ad7713ar\/","title":{"rendered":"AD7713AR"},"content":{"rendered":"<table id=\"product-attribute-table\" border=\"0\" cellspacing=\"0\" cellpadding=\"0\">\n<tbody>\n<tr id=\"product-attribute-title-row\">\n<td id=\"product-attribute-title\" class=\"product-details-headline\">Cechy produktu<\/td>\n<td id=\"select-all\">Zaznacz wszystko<\/td>\n<td class=\"attributes-td-checkbox td-check-first\"><\/td>\n<\/tr>\n<tr>\n<th rowspan=\"2\"><\/th>\n<td class=\"attributes-td-categories-link\"><\/td>\n<td class=\"attributes-td-checkbox attributes-td-categories-checkbox\"><\/td>\n<\/tr>\n<tr>\n<td class=\"attributes-td-categories-link\"><\/td>\n<td class=\"attributes-td-checkbox attributes-td-categories-checkbox\"><\/td>\n<\/tr>\n<tr>\n<th>Producent<\/th>\n<td>Analog Devices Inc<\/td>\n<td class=\"attributes-td-checkbox\"><\/td>\n<\/tr>\n<tr>\n<th>Seria<\/th>\n<td>&#8211;<\/td>\n<td class=\"attributes-td-checkbox\"><\/td>\n<\/tr>\n<tr>\n<th><\/th>\n<td><\/td>\n<td class=\"attributes-td-checkbox\"><\/td>\n<\/tr>\n<tr>\n<th>Stan cz\u0119\u015bci<\/th>\n<td>Przestarza\u0142y<\/td>\n<td class=\"attributes-td-checkbox\"><\/td>\n<\/tr>\n<tr>\n<th>Liczba bit\u00f3w<\/th>\n<td>24<\/td>\n<td class=\"attributes-td-checkbox\"><\/td>\n<\/tr>\n<tr>\n<th>Cz\u0119stotliwo\u015b\u0107 pr\u00f3bkowania (na sekund\u0119)<\/th>\n<td>205<\/td>\n<td class=\"attributes-td-checkbox\"><\/td>\n<\/tr>\n<tr>\n<th>Liczba wej\u015b\u0107<\/th>\n<td>1, 2<\/td>\n<td class=\"attributes-td-checkbox\"><\/td>\n<\/tr>\n<tr>\n<th>Typ danych wej\u015bciowych<\/th>\n<td>R\u00f3\u017cnicowy, pojedynczy zako\u0144czony<\/td>\n<td class=\"attributes-td-checkbox\"><\/td>\n<\/tr>\n<tr>\n<th>Interfejs danych<\/th>\n<td>SPI<\/td>\n<td class=\"attributes-td-checkbox\"><\/td>\n<\/tr>\n<tr>\n<th>Konfiguracja<\/th>\n<td>MUX-PGA-ADC<\/td>\n<td class=\"attributes-td-checkbox\"><\/td>\n<\/tr>\n<tr>\n<th>Stosunek - S \/ H: ADC<\/th>\n<td>&#8211;<\/td>\n<td class=\"attributes-td-checkbox\"><\/td>\n<\/tr>\n<tr>\n<th>Liczba przetwornik\u00f3w A \/ D<\/th>\n<td>1<\/td>\n<td class=\"attributes-td-checkbox\"><\/td>\n<\/tr>\n<tr>\n<th>Architektura<\/th>\n<td>Sigma-Delta<\/td>\n<td class=\"attributes-td-checkbox\"><\/td>\n<\/tr>\n<tr>\n<th>Typ odniesienia<\/th>\n<td>Zewn\u0119trzny<\/td>\n<td class=\"attributes-td-checkbox\"><\/td>\n<\/tr>\n<tr>\n<th>Napi\u0119cie - zasilaj\u0105ce, analogowe<\/th>\n<td>5 V ~ 10 V.<\/td>\n<td class=\"attributes-td-checkbox\"><\/td>\n<\/tr>\n<tr>\n<th>Napi\u0119cie - zasilanie, cyfrowe<\/th>\n<td>5<\/td>\n<td class=\"attributes-td-checkbox\"><\/td>\n<\/tr>\n<tr>\n<th>funkcje<\/th>\n<td>PGA<\/td>\n<td class=\"attributes-td-checkbox\"><\/td>\n<\/tr>\n<tr>\n<th>temperatura robocza<\/th>\n<td>-40 \u00b0 C ~ 85 \u00b0 C<\/td>\n<td class=\"attributes-td-checkbox\"><\/td>\n<\/tr>\n<tr>\n<th>Opakowanie \/ walizka<\/th>\n<td>24-SOIC (0,295 \u2033, 7,50 mm szeroko\u015bci)<\/td>\n<td class=\"attributes-td-checkbox\"><\/td>\n<\/tr>\n<tr>\n<th>Pakiet urz\u0105dzenia dostawcy<\/th>\n<td>24-SOIC<\/td>\n<td class=\"attributes-td-checkbox\"><\/td>\n<\/tr>\n<tr>\n<th>Typ mocowania<\/th>\n<td>Monta\u017c powierzchniowy<\/td>\n<td class=\"attributes-td-checkbox\"><\/td>\n<\/tr>\n<tr>\n<th><\/th>\n<td><\/td>\n<\/tr>\n<\/tbody>\n<\/table>","protected":false},"excerpt":{"rendered":"<p>Product Attributes Select All Manufacturer Analog Devices Inc Series &#8211; Part Status Obsolete Number of Bits 24 Sampling Rate (Per Second) 205 Number of Inputs 1, 2 Input Type Differential, Single Ended Data Interface SPI Configuration MUX-PGA-ADC Ratio &#8211; S\/H:ADC &#8211; Number of A\/D Converters 1 Architecture Sigma-Delta Reference Type External Voltage &#8211; Supply, Analog &hellip; <a href=\"https:\/\/regmik.ua\/pl\/product\/ad7713ar\/\" class=\"more-link\">Kontynuuj czytanie <span class=\"screen-reader-text\">AD7713AR<\/span><\/a><\/p>","protected":false},"featured_media":19135,"comment_status":"open","ping_status":"closed","template":"","meta":[],"product_brand":[],"product_cat":[779],"product_tag":[3165],"class_list":{"0":"post-19134","1":"product","2":"type-product","3":"status-publish","4":"has-post-thumbnail","6":"product_cat-chip","7":"product_tag-ad7713ar","10":"instock","11":"shipping-taxable","12":"purchasable","13":"product-type-simple"},"yoast_head":"<title>AD7713AR &#8211; \u0420\u0415\u0413\u041c\u0406\u041a, \u041d\u0412\u0424, \u041f\u041f<\/title>\n<meta name=\"description\" content=\"Product Attributes Select All Manufacturer Analog Devices Inc Series - Part Status Obsolete Number of Bits 24 Sampling Rate (Per Second) 205 Number of\" \/>\n<meta name=\"robots\" content=\"index, follow, max-snippet:-1, max-image-preview:large, max-video-preview:-1\" \/>\n<link rel=\"canonical\" href=\"https:\/\/regmik.ua\/pl\/produkt\/ad7713ar\/\" \/>\n<script type=\"application\/ld+json\" class=\"yoast-schema-graph\">{\"@context\":\"https:\\\/\\\/schema.org\",\"@graph\":[{\"@type\":\"WebPage\",\"@id\":\"https:\\\/\\\/regmik.ua\\\/de\\\/produkt\\\/ad7713ar\\\/\",\"url\":\"https:\\\/\\\/regmik.ua\\\/de\\\/produkt\\\/ad7713ar\\\/\",\"name\":\"AD7713AR &#8211; \u0420\u0415\u0413\u041c\u0406\u041a, \u041d\u0412\u0424, \u041f\u041f\",\"isPartOf\":{\"@id\":\"https:\\\/\\\/regmik.ua\\\/uk\\\/#website\"},\"primaryImageOfPage\":{\"@id\":\"https:\\\/\\\/regmik.ua\\\/de\\\/produkt\\\/ad7713ar\\\/#primaryimage\"},\"image\":{\"@id\":\"https:\\\/\\\/regmik.ua\\\/de\\\/produkt\\\/ad7713ar\\\/#primaryimage\"},\"thumbnailUrl\":\"https:\\\/\\\/regmik.ua\\\/wp-content\\\/uploads\\\/2019\\\/06\\\/TPIC1502DW.jpg\",\"datePublished\":\"2019-06-06T07:47:58+00:00\",\"dateModified\":\"2020-08-20T05:23:51+00:00\",\"description\":\"Product Attributes Select All Manufacturer Analog Devices Inc Series - Part Status Obsolete Number of Bits 24 Sampling Rate (Per Second) 205 Number of\",\"breadcrumb\":{\"@id\":\"https:\\\/\\\/regmik.ua\\\/de\\\/produkt\\\/ad7713ar\\\/#breadcrumb\"},\"inLanguage\":\"pl-PL\",\"potentialAction\":[{\"@type\":\"ReadAction\",\"target\":[\"https:\\\/\\\/regmik.ua\\\/de\\\/produkt\\\/ad7713ar\\\/\"]}]},{\"@type\":\"ImageObject\",\"inLanguage\":\"pl-PL\",\"@id\":\"https:\\\/\\\/regmik.ua\\\/de\\\/produkt\\\/ad7713ar\\\/#primaryimage\",\"url\":\"https:\\\/\\\/regmik.ua\\\/wp-content\\\/uploads\\\/2019\\\/06\\\/TPIC1502DW.jpg\",\"contentUrl\":\"https:\\\/\\\/regmik.ua\\\/wp-content\\\/uploads\\\/2019\\\/06\\\/TPIC1502DW.jpg\",\"width\":310,\"height\":310,\"caption\":\"AD7713AR\"},{\"@type\":\"BreadcrumbList\",\"@id\":\"https:\\\/\\\/regmik.ua\\\/de\\\/produkt\\\/ad7713ar\\\/#breadcrumb\",\"itemListElement\":[{\"@type\":\"ListItem\",\"position\":1,\"name\":\"\u0413\u043b\u0430\u0432\u043d\u0430\u044f \u0441\u0442\u0440\u0430\u043d\u0438\u0446\u0430\",\"item\":\"https:\\\/\\\/regmik.ua\\\/\"},{\"@type\":\"ListItem\",\"position\":2,\"name\":\"\u041f\u0440\u043e\u0434\u0443\u043a\u0446\u0438\u044f\",\"item\":\"https:\\\/\\\/regmik.ua\\\/uk\\\/products\\\/\"},{\"@type\":\"ListItem\",\"position\":3,\"name\":\"AD7713AR\"}]},{\"@type\":\"WebSite\",\"@id\":\"https:\\\/\\\/regmik.ua\\\/uk\\\/#website\",\"url\":\"https:\\\/\\\/regmik.ua\\\/uk\\\/\",\"name\":\"REGMIK\",\"description\":\"\u0418\u0437\u043c\u0435\u0440\u0438\u0442\u0435\u043b\u044c\u043d\u044b\u0435 \u043f\u0440\u0438\u0431\u043e\u0440\u044b \u0438 \u0434\u0430\u0442\u0447\u0438\u043a\u0438 \u0442\u0435\u043c\u043f\u0435\u0440\u0430\u0442\u0443\u0440\u044b\",\"publisher\":{\"@id\":\"https:\\\/\\\/regmik.ua\\\/uk\\\/#organization\"},\"alternateName\":\"REGMIK\",\"potentialAction\":[{\"@type\":\"SearchAction\",\"target\":{\"@type\":\"EntryPoint\",\"urlTemplate\":\"https:\\\/\\\/regmik.ua\\\/uk\\\/?s={search_term_string}\"},\"query-input\":{\"@type\":\"PropertyValueSpecification\",\"valueRequired\":true,\"valueName\":\"search_term_string\"}}],\"inLanguage\":\"pl-PL\"},{\"@type\":\"Organization\",\"@id\":\"https:\\\/\\\/regmik.ua\\\/uk\\\/#organization\",\"name\":\"REGMIK\",\"alternateName\":\"\u0420\u0415\u0413\u041c\u0418\u041a\",\"url\":\"https:\\\/\\\/regmik.ua\\\/uk\\\/\",\"logo\":{\"@type\":\"ImageObject\",\"inLanguage\":\"pl-PL\",\"@id\":\"https:\\\/\\\/regmik.ua\\\/uk\\\/#\\\/schema\\\/logo\\\/image\\\/\",\"url\":\"https:\\\/\\\/regmik.ua\\\/wp-content\\\/uploads\\\/2020\\\/03\\\/regmik_logo.png\",\"contentUrl\":\"https:\\\/\\\/regmik.ua\\\/wp-content\\\/uploads\\\/2020\\\/03\\\/regmik_logo.png\",\"width\":194,\"height\":45,\"caption\":\"REGMIK\"},\"image\":{\"@id\":\"https:\\\/\\\/regmik.ua\\\/uk\\\/#\\\/schema\\\/logo\\\/image\\\/\"},\"sameAs\":[\"https:\\\/\\\/www.facebook.com\\\/regmik.npf\",\"https:\\\/\\\/x.com\\\/regmiknpf\",\"https:\\\/\\\/www.youtube.com\\\/channel\\\/UC_SrY98SKAmR3Kt95GcVKcw\"]}]}<\/script>","yoast_head_json":{"title":"AD7713AR &#8211; \u0420\u0415\u0413\u041c\u0406\u041a, \u041d\u0412\u0424, \u041f\u041f","description":"Atrybuty produktu Wybierz wszystko Manufacturer Analog Devices Inc Series - Part Status Obsolete Number of Bits 24 Cz\u0119stotliwo\u015b\u0107 pr\u00f3bkowania (na sekund\u0119) 205 Liczba","robots":{"index":"index","follow":"follow","max-snippet":"max-snippet:-1","max-image-preview":"max-image-preview:large","max-video-preview":"max-video-preview:-1"},"canonical":"https:\/\/regmik.ua\/pl\/produkt\/ad7713ar\/","schema":{"@context":"https:\/\/schema.org","@graph":[{"@type":"WebPage","@id":"https:\/\/regmik.ua\/de\/produkt\/ad7713ar\/","url":"https:\/\/regmik.ua\/de\/produkt\/ad7713ar\/","name":"AD7713AR &#8211; \u0420\u0415\u0413\u041c\u0406\u041a, \u041d\u0412\u0424, \u041f\u041f","isPartOf":{"@id":"https:\/\/regmik.ua\/uk\/#website"},"primaryImageOfPage":{"@id":"https:\/\/regmik.ua\/de\/produkt\/ad7713ar\/#primaryimage"},"image":{"@id":"https:\/\/regmik.ua\/de\/produkt\/ad7713ar\/#primaryimage"},"thumbnailUrl":"https:\/\/regmik.ua\/wp-content\/uploads\/2019\/06\/TPIC1502DW.jpg","datePublished":"2019-06-06T07:47:58+00:00","dateModified":"2020-08-20T05:23:51+00:00","description":"Atrybuty produktu Wybierz wszystko Manufacturer Analog Devices Inc Series - Part Status Obsolete Number of Bits 24 Cz\u0119stotliwo\u015b\u0107 pr\u00f3bkowania (na sekund\u0119) 205 Liczba","breadcrumb":{"@id":"https:\/\/regmik.ua\/de\/produkt\/ad7713ar\/#breadcrumb"},"inLanguage":"pl-PL","potentialAction":[{"@type":"ReadAction","target":["https:\/\/regmik.ua\/de\/produkt\/ad7713ar\/"]}]},{"@type":"ImageObject","inLanguage":"pl-PL","@id":"https:\/\/regmik.ua\/de\/produkt\/ad7713ar\/#primaryimage","url":"https:\/\/regmik.ua\/wp-content\/uploads\/2019\/06\/TPIC1502DW.jpg","contentUrl":"https:\/\/regmik.ua\/wp-content\/uploads\/2019\/06\/TPIC1502DW.jpg","width":310,"height":310,"caption":"AD7713AR"},{"@type":"BreadcrumbList","@id":"https:\/\/regmik.ua\/de\/produkt\/ad7713ar\/#breadcrumb","itemListElement":[{"@type":"ListItem","position":1,"name":"\u0413\u043b\u0430\u0432\u043d\u0430\u044f \u0441\u0442\u0440\u0430\u043d\u0438\u0446\u0430","item":"https:\/\/regmik.ua\/"},{"@type":"ListItem","position":2,"name":"\u041f\u0440\u043e\u0434\u0443\u043a\u0446\u0438\u044f","item":"https:\/\/regmik.ua\/uk\/products\/"},{"@type":"ListItem","position":3,"name":"AD7713AR"}]},{"@type":"WebSite","@id":"https:\/\/regmik.ua\/uk\/#website","url":"https:\/\/regmik.ua\/uk\/","name":"REGMIK","description":"Przyrz\u0105dy pomiarowe i czujniki temperatury","publisher":{"@id":"https:\/\/regmik.ua\/uk\/#organization"},"alternateName":"REGMIK","potentialAction":[{"@type":"SearchAction","target":{"@type":"EntryPoint","urlTemplate":"https:\/\/regmik.ua\/uk\/?s={search_term_string}"},"query-input":{"@type":"PropertyValueSpecification","valueRequired":true,"valueName":"search_term_string"}}],"inLanguage":"pl-PL"},{"@type":"Organization","@id":"https:\/\/regmik.ua\/uk\/#organization","name":"REGMIK","alternateName":"\u0420\u0415\u0413\u041c\u0418\u041a","url":"https:\/\/regmik.ua\/uk\/","logo":{"@type":"ImageObject","inLanguage":"pl-PL","@id":"https:\/\/regmik.ua\/uk\/#\/schema\/logo\/image\/","url":"https:\/\/regmik.ua\/wp-content\/uploads\/2020\/03\/regmik_logo.png","contentUrl":"https:\/\/regmik.ua\/wp-content\/uploads\/2020\/03\/regmik_logo.png","width":194,"height":45,"caption":"REGMIK"},"image":{"@id":"https:\/\/regmik.ua\/uk\/#\/schema\/logo\/image\/"},"sameAs":["https:\/\/www.facebook.com\/regmik.npf","https:\/\/x.com\/regmiknpf","https:\/\/www.youtube.com\/channel\/UC_SrY98SKAmR3Kt95GcVKcw"]}]}},"_links":{"self":[{"href":"https:\/\/regmik.ua\/pl\/wp-json\/wp\/v2\/product\/19134","targetHints":{"allow":["GET"]}}],"collection":[{"href":"https:\/\/regmik.ua\/pl\/wp-json\/wp\/v2\/product"}],"about":[{"href":"https:\/\/regmik.ua\/pl\/wp-json\/wp\/v2\/types\/product"}],"replies":[{"embeddable":true,"href":"https:\/\/regmik.ua\/pl\/wp-json\/wp\/v2\/comments?post=19134"}],"version-history":[{"count":0,"href":"https:\/\/regmik.ua\/pl\/wp-json\/wp\/v2\/product\/19134\/revisions"}],"wp:featuredmedia":[{"embeddable":true,"href":"https:\/\/regmik.ua\/pl\/wp-json\/wp\/v2\/media\/19135"}],"wp:attachment":[{"href":"https:\/\/regmik.ua\/pl\/wp-json\/wp\/v2\/media?parent=19134"}],"wp:term":[{"taxonomy":"product_brand","embeddable":true,"href":"https:\/\/regmik.ua\/pl\/wp-json\/wp\/v2\/product_brand?post=19134"},{"taxonomy":"product_cat","embeddable":true,"href":"https:\/\/regmik.ua\/pl\/wp-json\/wp\/v2\/product_cat?post=19134"},{"taxonomy":"product_tag","embeddable":true,"href":"https:\/\/regmik.ua\/pl\/wp-json\/wp\/v2\/product_tag?post=19134"}],"curies":[{"name":"wp","href":"https:\/\/api.w.org\/{rel}","templated":true}]}}