{"id":19128,"date":"2019-06-06T10:37:31","date_gmt":"2019-06-06T08:37:31","guid":{"rendered":"https:\/\/regmik.com.ua\/?post_type=product&#038;p=19128"},"modified":"2020-08-20T07:23:51","modified_gmt":"2020-08-20T05:23:51","slug":"cl21b105kofnnng","status":"publish","type":"product","link":"https:\/\/regmik.ua\/pl\/product\/cl21b105kofnnng\/","title":{"rendered":"CL21B105KOFNNNG"},"content":{"rendered":"<div class=\"i-spoiler j-spoiler spoiler-open mb2\" data-spoiler=\".param-table\">\n<h2 class=\"dib tm mr1 lb nw\" title=\"Dane techniczne CL21B105KOFNNNG\">Specyfikacje<\/h2>\n<p><span class=\"tm spoiler-text-open\"><span class=\"gc\">upadek<\/span><\/span><\/p>\n<\/div>\n<div class=\"js-content param-table mb3\">\n<div class=\"clear descript\">\n<table class=\"table-parameters\">\n<tbody>\n<tr>\n<td class=\"li-dot-for-parameters\"><\/td>\n<th class=\"ktp\"><span class=\"ktl\">Znamionowe napi\u0119cie pr\u0105du sta\u0142ego<\/span><\/th>\n<td class=\"ktv\"><img decoding=\"async\" class=\"ti\" src=\"data:image\/gif;base64,R0lGODdhHAAMANUAACwmJJyWlNTO1GReXOzq7IR+fLSytDw6PPT29OTe5GxqbIyKjKyqrDQyNIyGhKSenNzW3PTy9MTCxExGRPz+\/HRydDQuLGxmZPTu9ISChPz2\/Ozm7HRudCwqLJyanNTS1GRiZOzu7IR+hLy2vERCROTi5GxubJSOlLSutDw2NIyGjKSipNza3MzGzExKTPz6\/AAAAAAAAAAAAAAAAAAAAAAAAAAAAAAAAAAAAAAAAAAAAAAAAAAAAAAAAAAAAAAAACwAAAAAHAAMAAAGpkBKa0J5FSkszuBofEUWqswj1CyuJg2m5MDQMIuYTNGwqr5An0Zzc\/iYj+EiQfV9lVJGiur0ehvDRgkBbyVqRiQFJCkcGGZxGh5uTC8bFhQUGgAnEREcFV8YBSoiAS11d30bHX0UEAegGX8oKFUUJZYvmY2tJI5iRhsLZgmGLwoVnBcqvkUaKAxMANLSLxgKKSkFCLAqKgsjrHl9ZuN+R3Xn5uhNfkEAOw==\" alt=\"\" \/><\/td>\n<\/tr>\n<tr>\n<td class=\"li-dot-for-parameters\"><\/td>\n<th class=\"ktp\"><span class=\"ktl\">Pojemno\u015b\u0107 znamionowa<\/span><\/th>\n<td class=\"ktv\"><img decoding=\"async\" class=\"ti\" src=\"data:image\/gif;base64,R0lGODdhJgAMANUAACwqJJSWlMzOzOTq7LSytGRiZNzi5Hx+hKSmpIyKjPT29MTCxNTW1JyenERGRPTy9Ly+vISGhJSSlNTS1Ozq7OTi5KyurIyOjPz+\/MzKzNza3KSipDQ2NJyanMzS1LS2tISChKyqrPz6\/MTGzNTa3JyepExKTLy+xISGjOzu7OTm5IyOlAAAAAAAAAAAAAAAAAAAAAAAAAAAAAAAAAAAAAAAAAAAAAAAAAAAAAAAAAAAAAAAAAAAAAAAAAAAAAAAACwAAAAAJgAMAAAGyEBMxoEpGo\/I5DGFUmIQJo5zmoQkUKBI4oQsTDgiTHgsLpPPmFPnkYqIUpKMGVORJlMHTXHUTIGKJRMiCRUYTEUTDUh1aG8oHWIBfU0LIRgPB0WHGBRNZHVKKQklGhkEEYYgKhIKqZoJYQMJi2BzbyAVASWytysQRiADjmECG3Ogd38IC36pDwkMYgQbbE0UCXpGIgZgImeHKY6GTQwJrQohKBEgICsCRWMA8vJhRs2vt2IWlvZNTufaysATiITMHFtUCCJMiCQIADs=\" alt=\"\" \/><\/td>\n<\/tr>\n<tr>\n<td class=\"li-dot-for-parameters\"><\/td>\n<th class=\"ktp\"><span class=\"ktl\">Tolerancja pojemno\u015bci<\/span><\/th>\n<td class=\"ktv\"><img decoding=\"async\" class=\"ti\" src=\"data:image\/gif;base64,R0lGODdhIQAMANUAACQmJJSWlMzOzFxiZDxCROzq7LSytHx+fDQ2NNze3ExSVPT29MTCxKSipNTW1CwuLHRydExKTIyKjDw+PFxaXPz+\/MzKzJyenNTS1GxubERGRPTy9LS6vISGjDw6POTm5FRSVPz6\/MTGxKyqrNza3DQyNCQmLJyanMzS1GRmbOzu7HyChDQ6POTi5PT6\/KSmpNTa3CwyNHx6fExOTJSSlERGTLy6vFRWVMTGzAAAAAAAAAAAAAAAAAAAAAAAAAAAACwAAAAAIQAMAAAG4MBKSEjEaYih0AqBoAlfiAlD6EptkJXWg9ioIYbDgPUz4SweCdtMKOlgQ4mSkDHAyME1S7KR+TzgXyIKYEQIMSYlMQKAIS4VCwALQgI1Zw4GCioaCYRgLTFDFVkxoiF+Qy4JHiEvHlIpI0SOoVpCQwlfoqeiuLYVfK0EU2AlxYkCWXchCyYqQigRoQ41KjEkmISijqW42yE1IkMvEI0LMwIfJYBIoWCpXy5hNyoFNVMVBzTLaDaDRL5DTJgAMJCKDAQeLghJQGFWA4QMUP2bVerNvyGS3FWg2MmiRioWLQYBADs=\" alt=\"\" \/><\/td>\n<\/tr>\n<tr>\n<td class=\"li-dot-for-parameters\"><\/td>\n<th class=\"ktp\"><span class=\"ktl\">Typ dielektryka<\/span><\/th>\n<td class=\"ktv\"><img decoding=\"async\" class=\"ti\" src=\"data:image\/gif;base64,R0lGODdhGQAMANUAACwuLJyanMzOzGRmZERKTOTq5LS2tHyChDw+PKSqrNze3FRaXPT29IyOjDQ2NHR2dLSytJyinNTa1ExSVPTy7LzCvERGRKyytOTm5FxiZPz+\/CwyNGxubExOTOzq7ISChERCRKyqrOTi5FxaXPz6\/JSWlMTKxCwuNJyenMzS1DxCRNzi3PT69IySlDQ6PHx+fKSmpNza3MTGxHRydExOVOzu7ISGhKyurFxeXAAAAAAAAAAAAAAAAAAAAAAAAAAAACwAAAAAGQAMAAAGl8DVKabRMBACjWPpQmg8KpdjUChabYNi42EtGg4azEZDenG6GopLsHLU0KMkxlGMudAa1GKGQmMsRWJFJh14JBYEJGgBLYEnMjAqIXgUUR5oEwqBAAcOMHgaNgcvXFYxE1ZzGiE0eDFuNQ4pVg19gWMaHTdoOJ8aAQtWFpeBdBoVCIpFEARWhxAaAhldqkU4JaDZ2tvc2UEAOw==\" alt=\"\" \/><\/td>\n<\/tr>\n<tr>\n<td class=\"li-dot-for-parameters\"><\/td>\n<th class=\"ktp\"><span class=\"ktl\">Metoda instalacji<\/span><\/th>\n<td class=\"ktv\"><img decoding=\"async\" class=\"ti\" src=\"data:image\/gif;base64,R0lGODdhPAAMAOYAACQmLJSWnMzOzFxeZOzq7Ly2vERCRHx6fNze3KSipPT29MTCxDQ2PFRSVGxudIyOlNTW1CwuNKSepLy+vExKTISChOzm7Pz+\/JyenGRmbPTy9OTm5KyqrPz29MzKzCwqLJyWnNTO1PTu9ERGTOTe3KSmpMzGzDw+RFxaXHR2fNzW3MS+xIyGjPz6\/GRiZOzu7Ly6vERCTHx+hMTGxDw6PFRWXHRydJSSlDQyNLy+xExOVISGhGxqbPz2\/CwqNJyanNTS1OTi5KSmrNza3AAAAAAAAAAAAAAAAAAAAAAAAAAAAAAAAAAAAAAAAAAAAAAAAAAAAAAAAAAAAAAAAAAAAAAAAAAAAAAAAAAAAAAAAAAAAAAAAAAAAAAAAAAAAAAAAAAAAAAAAAAAAAAAAAAAAAAAAAAAAAAAAAAAAAAAAAAAAAAAAAAAAAAAAAAAAAAAAAAAAAAAAAAAAAAAAAAAAAAAAAAAAAAAAAAAAAAAAAAAAAAAAAAAAAAAAAAAAAAAACwAAAAAPAAMAAAH\/oALIzgMNxdBOCIXixdDDBcbADg4JxUvjIwtFYSGFx4UEQ0Qi5qci0GSODaYFwwrFxokhx8VmDw4LRYRLRcEMhSKvLw\/LhoWJzAtDDAXAQ2LxMbIF7qsjB\/CpzEnsi0hAziHuKQZAawUHosJPAQfi0M0Fy3o6jzi2dkMLJmIN\/YXKDjgChIB04oG2XoA6MErxIgLIxJcAFGhhUKGFxzes3ZhQqgQpyIooCFgBQpEG3mRiEfKgrtFJB6RiIEChQZqLy\/EPOQDBwoL+A7Z8DGBWkEOLgZ4QImIlzx4Tqn5kHeIRgsYDX7gMCGVahCr8kQ4+GcNhI4WTedlELdxUYEBn1RbdABwM+OIFjSAXOCg44ICuos0MlLxKBsjeBsXqGDblJQLIecWyONgw8JUnY8uUJDcgjKpC0BisPLQosUOG2jHMWI6zsIBFEFB1NBAYIRkBgUu3HAhTzZt27Au9OCxI67mSeza8kJpIVWMBz1YlT6Ag4aERQsM+AxCirr1RTcmyYhuLWh545moclQfNWom9+jPG+boPmj9z5\/hw18UCAA7\" alt=\"\" \/><\/td>\n<\/tr>\n<tr>\n<td class=\"li-dot-for-parameters\"><\/td>\n<th class=\"ktp\"><span class=\"ktl\">Temperatura pracy<\/span><\/th>\n<td class=\"ktv\"><img decoding=\"async\" class=\"ti\" src=\"data:image\/gif;base64,R0lGODdhRQAMANUAACwqLJSWlMzOzGRiZOTq7ERGRLS2tHx+hNze3PT29FRWXDw6PKSmpExOTMTCxIyKjNTW1GxudPz+\/DQyNPTy9ExKTOTm5Pz6\/ERCRKyurMTKzIySlJyenOzy9ERKTLy+vISGhNzi5PT6\/Dw+PKyqrFRSVNza3HRydCwuNNTS1GxqbOzu7ERGTLy6vISChNze5PT2\/FxeZKSqrExOVMTGxIyOjNTa3GxydDQ2PMzKzJSSlKSipDw+RAAAAAAAAAAAACwAAAAARQAMAAAG\/kCJUGIB4HAnYfGYHDqfkpxn2JpNGhClEQmVaB41k5LzAGW6RNTTokZ3GRXc8POSbBTKdhfmWpk2EgQPWRIUaBYTa4luTw4DKXJPLwsXRItdIi4EKQESJDSMeWt6oUMhkU40M6JuAjo6CBcgK6VsEzEEebe5pUSoQwc6urihHS69Qh0nKk7KzL2Iawu0QyvLoRTHaEe\/EAtP3sgWvxI3wuDfobPIEhAY4O\/QlxIGM5XgLKUMH6WGFCoPhPgDKAFGE4NCEEq4cOqeCQyEBBZUAaIWCAFCeEGpMQGHCxFCOOI4ALJDiWQnJZgUAqBlSxEsFhzhIWRDx4+9XnAA8YABDrufQ0CCBEq0qNGjboIAADs=\" alt=\"\" \/><\/td>\n<\/tr>\n<tr>\n<td class=\"li-dot-for-parameters\"><\/td>\n<th class=\"ktp\"><span class=\"ktl\">Notatki<\/span><\/th>\n<td class=\"ktv\"><img decoding=\"async\" class=\"ti\" src=\"data:image\/gif;base64,R0lGODdhXQAMAOYAACwqLJSWlMzOzGRiZERGRLSytOTq7Hx+fLzCxDw6PFRWVKSmpNze3HRydPT29ISKjDQyNLS6vJyenGxqbExOTPTy9MzKzFxeXOTm5JSSlNTW1Ozy9MTKzERCRKyurOTi5IyKjDQuNJyanGRmZExKTLS2tOzq7ISGhMTCxDw+PFxWXKyqrNzi5Hx6fPz+\/DQ2NLy+vNza3IyOjCwuLJSWnERGTISChKSqrNze5HR2fPT6\/JyipGxubFRSVFxeZNTa3GRmbLS2vOzu7MTGxDw+RFxaXDQ2PLy+xIyOlAAAAAAAAAAAAAAAAAAAAAAAAAAAAAAAAAAAAAAAAAAAAAAAAAAAAAAAAAAAAAAAAAAAAAAAAAAAAAAAAAAAAAAAAAAAAAAAAAAAAAAAAAAAAAAAAAAAAAAAAAAAAAAAAAAAAAAAAAAAAAAAAAAAAAAAAAAAAAAAAAAAAAAAAAAAAAAAAAAAAAAAAAAAAAAAAAAAAAAAAAAAAAAAAAAAAAAAAAAAACwAAAAAXQAMAAAH\/oAuBi1ECS8LLomKi4yNjooYEIwGEC9GJDIOj5ucnYoGHQEVLg5CnqeNH5KLqoksPjaosp4tD7O3iToYM7muL4oaHbjDiy8fijquRTMUGhiwRkQIyswaLixFPhAGHhRGCSUuGEaMkYoCNR+81+QsCgMzGj48RhQsLskG9AkHyQ\/fSK4ta4Yv0bqCyXzQcEEDyAcAO1yIUJFIIUMg4gBwSMTAVJAa134tYkHOxQ8FIsYlUolBY8YgLmzwUDThhI4NPpAImSFElwuLDRcBSBTBRwcjDgBoYpCAxSoG5DbMWJrg2qpeLH6ZS7YSgBEjChC1EkfuQ8ldiTQQyQVgQyIO\/iQcQEBESqkLposg3Ev04UXLry86bGXp1QgEYeYSHVFgqOrYXIkVZcWncqxTV1UFXWVR1YICIkP+GgnciwcISEgPulC3kpwD1eIk6ZA7rdXlguJgG1iHo+rk2G97JEpqyoUFEoo8kJDKlVEMCBkMOEBQtYgIFxswkGydyDp2DLpWbQDAQEcASbvcom4EYWMOraucbnAwYiE+IP0qAJGh44eLI8gVIQEpewEDRAIAkJCBSQoYUUMJiZmVCA4NPhgbVzQEdoMwP0HggWRXFbQDBERIMMBqECTTEhFGHLCIAQe2qEMMJASGggsUQmAhbow014iPxDgCZI+QhDhkkEf2D7LIkEnyqGSTjtwmC5SBAAA7\" alt=\"\" \/><\/td>\n<\/tr>\n<\/tbody>\n<\/table>\n<\/div>\n<\/div>","protected":false},"excerpt":{"rendered":"<p>Zestawienie danych technicznych Napi\u0119cie znamionowe DC Pojemno\u015b\u0107 znamionowa Tolerancja pojemno\u015bci Rodzaj dielektryka Spos\u00f3b monta\u017cu Temperatura pracy Uwagi<\/p>","protected":false},"featured_media":19129,"comment_status":"open","ping_status":"closed","template":"","meta":[],"product_brand":[],"product_cat":[793],"product_tag":[3162],"class_list":{"0":"post-19128","1":"product","2":"type-product","3":"status-publish","4":"has-post-thumbnail","6":"product_cat-kondensatory","7":"product_tag-cl21b105kofnnng","10":"instock","11":"shipping-taxable","12":"purchasable","13":"product-type-simple"},"yoast_head":"<title>CL21B105KOFNNNG &#8211; \u0420\u0415\u0413\u041c\u0406\u041a, \u041d\u0412\u0424, \u041f\u041f<\/title>\n<meta name=\"description\" content=\"\u0422\u0435\u0445\u043d\u0438\u0447\u0435\u0441\u043a\u0438\u0435 \u0445\u0430\u0440\u0430\u043a\u0442\u0435\u0440\u0438\u0441\u0442\u0438\u043a\u0438 \u0441\u0432\u0435\u0440\u043d\u0443\u0442\u044c \u041d\u043e\u043c\u0438\u043d\u0430\u043b\u044c\u043d\u043e\u0435 \u043f\u043e\u0441\u0442\u043e\u044f\u043d\u043d\u043e\u0435 \u043d\u0430\u043f\u0440\u044f\u0436\u0435\u043d\u0438\u0435 \u041d\u043e\u043c\u0438\u043d\u0430\u043b\u044c\u043d\u0430\u044f \u0451\u043c\u043a\u043e\u0441\u0442\u044c \u0414\u043e\u043f\u0443\u0441\u043a \u043f\u043e \u0451\u043c\u043a\u043e\u0441\u0442\u0438 \u0422\u0438\u043f \u0434\u0438\u044d\u043b\u0435\u043a\u0442\u0440\u0438\u043a\u0430 \u0421\u043f\u043e\u0441\u043e\u0431 \u043c\u043e\u043d\u0442\u0430\u0436\u0430 \u0420\u0430\u0431\u043e\u0447\u0430\u044f\" \/>\n<meta name=\"robots\" content=\"index, follow, max-snippet:-1, max-image-preview:large, max-video-preview:-1\" \/>\n<link rel=\"canonical\" href=\"https:\/\/regmik.ua\/pl\/product\/cl21b105kofnnng\/\" \/>\n<script type=\"application\/ld+json\" class=\"yoast-schema-graph\">{\"@context\":\"https:\\\/\\\/schema.org\",\"@graph\":[{\"@type\":\"WebPage\",\"@id\":\"https:\\\/\\\/regmik.ua\\\/product\\\/cl21b105kofnnng\\\/\",\"url\":\"https:\\\/\\\/regmik.ua\\\/product\\\/cl21b105kofnnng\\\/\",\"name\":\"CL21B105KOFNNNG &#8211; \u0420\u0415\u0413\u041c\u0406\u041a, \u041d\u0412\u0424, \u041f\u041f\",\"isPartOf\":{\"@id\":\"https:\\\/\\\/regmik.ua\\\/uk\\\/#website\"},\"primaryImageOfPage\":{\"@id\":\"https:\\\/\\\/regmik.ua\\\/product\\\/cl21b105kofnnng\\\/#primaryimage\"},\"image\":{\"@id\":\"https:\\\/\\\/regmik.ua\\\/product\\\/cl21b105kofnnng\\\/#primaryimage\"},\"thumbnailUrl\":\"https:\\\/\\\/regmik.ua\\\/wp-content\\\/uploads\\\/2019\\\/06\\\/de80722ed227b28f381d2698df4945b8.jpg\",\"datePublished\":\"2019-06-06T08:37:31+00:00\",\"dateModified\":\"2020-08-20T05:23:51+00:00\",\"description\":\"\u0422\u0435\u0445\u043d\u0438\u0447\u0435\u0441\u043a\u0438\u0435 \u0445\u0430\u0440\u0430\u043a\u0442\u0435\u0440\u0438\u0441\u0442\u0438\u043a\u0438 \u0441\u0432\u0435\u0440\u043d\u0443\u0442\u044c \u041d\u043e\u043c\u0438\u043d\u0430\u043b\u044c\u043d\u043e\u0435 \u043f\u043e\u0441\u0442\u043e\u044f\u043d\u043d\u043e\u0435 \u043d\u0430\u043f\u0440\u044f\u0436\u0435\u043d\u0438\u0435 \u041d\u043e\u043c\u0438\u043d\u0430\u043b\u044c\u043d\u0430\u044f \u0451\u043c\u043a\u043e\u0441\u0442\u044c \u0414\u043e\u043f\u0443\u0441\u043a \u043f\u043e \u0451\u043c\u043a\u043e\u0441\u0442\u0438 \u0422\u0438\u043f \u0434\u0438\u044d\u043b\u0435\u043a\u0442\u0440\u0438\u043a\u0430 \u0421\u043f\u043e\u0441\u043e\u0431 \u043c\u043e\u043d\u0442\u0430\u0436\u0430 \u0420\u0430\u0431\u043e\u0447\u0430\u044f\",\"breadcrumb\":{\"@id\":\"https:\\\/\\\/regmik.ua\\\/product\\\/cl21b105kofnnng\\\/#breadcrumb\"},\"inLanguage\":\"pl-PL\",\"potentialAction\":[{\"@type\":\"ReadAction\",\"target\":[\"https:\\\/\\\/regmik.ua\\\/product\\\/cl21b105kofnnng\\\/\"]}]},{\"@type\":\"ImageObject\",\"inLanguage\":\"pl-PL\",\"@id\":\"https:\\\/\\\/regmik.ua\\\/product\\\/cl21b105kofnnng\\\/#primaryimage\",\"url\":\"https:\\\/\\\/regmik.ua\\\/wp-content\\\/uploads\\\/2019\\\/06\\\/de80722ed227b28f381d2698df4945b8.jpg\",\"contentUrl\":\"https:\\\/\\\/regmik.ua\\\/wp-content\\\/uploads\\\/2019\\\/06\\\/de80722ed227b28f381d2698df4945b8.jpg\",\"width\":250,\"height\":250,\"caption\":\"CL21B105KOFNNNG\"},{\"@type\":\"BreadcrumbList\",\"@id\":\"https:\\\/\\\/regmik.ua\\\/product\\\/cl21b105kofnnng\\\/#breadcrumb\",\"itemListElement\":[{\"@type\":\"ListItem\",\"position\":1,\"name\":\"\u0413\u043b\u0430\u0432\u043d\u0430\u044f \u0441\u0442\u0440\u0430\u043d\u0438\u0446\u0430\",\"item\":\"https:\\\/\\\/regmik.ua\\\/\"},{\"@type\":\"ListItem\",\"position\":2,\"name\":\"\u041f\u0440\u043e\u0434\u0443\u043a\u0446\u0438\u044f\",\"item\":\"https:\\\/\\\/regmik.ua\\\/uk\\\/products\\\/\"},{\"@type\":\"ListItem\",\"position\":3,\"name\":\"CL21B105KOFNNNG\"}]},{\"@type\":\"WebSite\",\"@id\":\"https:\\\/\\\/regmik.ua\\\/uk\\\/#website\",\"url\":\"https:\\\/\\\/regmik.ua\\\/uk\\\/\",\"name\":\"REGMIK\",\"description\":\"\u0418\u0437\u043c\u0435\u0440\u0438\u0442\u0435\u043b\u044c\u043d\u044b\u0435 \u043f\u0440\u0438\u0431\u043e\u0440\u044b \u0438 \u0434\u0430\u0442\u0447\u0438\u043a\u0438 \u0442\u0435\u043c\u043f\u0435\u0440\u0430\u0442\u0443\u0440\u044b\",\"publisher\":{\"@id\":\"https:\\\/\\\/regmik.ua\\\/uk\\\/#organization\"},\"alternateName\":\"REGMIK\",\"potentialAction\":[{\"@type\":\"SearchAction\",\"target\":{\"@type\":\"EntryPoint\",\"urlTemplate\":\"https:\\\/\\\/regmik.ua\\\/uk\\\/?s={search_term_string}\"},\"query-input\":{\"@type\":\"PropertyValueSpecification\",\"valueRequired\":true,\"valueName\":\"search_term_string\"}}],\"inLanguage\":\"pl-PL\"},{\"@type\":\"Organization\",\"@id\":\"https:\\\/\\\/regmik.ua\\\/uk\\\/#organization\",\"name\":\"REGMIK\",\"alternateName\":\"\u0420\u0415\u0413\u041c\u0418\u041a\",\"url\":\"https:\\\/\\\/regmik.ua\\\/uk\\\/\",\"logo\":{\"@type\":\"ImageObject\",\"inLanguage\":\"pl-PL\",\"@id\":\"https:\\\/\\\/regmik.ua\\\/uk\\\/#\\\/schema\\\/logo\\\/image\\\/\",\"url\":\"https:\\\/\\\/regmik.ua\\\/wp-content\\\/uploads\\\/2020\\\/03\\\/regmik_logo.png\",\"contentUrl\":\"https:\\\/\\\/regmik.ua\\\/wp-content\\\/uploads\\\/2020\\\/03\\\/regmik_logo.png\",\"width\":194,\"height\":45,\"caption\":\"REGMIK\"},\"image\":{\"@id\":\"https:\\\/\\\/regmik.ua\\\/uk\\\/#\\\/schema\\\/logo\\\/image\\\/\"},\"sameAs\":[\"https:\\\/\\\/www.facebook.com\\\/regmik.npf\",\"https:\\\/\\\/x.com\\\/regmiknpf\",\"https:\\\/\\\/www.youtube.com\\\/channel\\\/UC_SrY98SKAmR3Kt95GcVKcw\"]}]}<\/script>","yoast_head_json":{"title":"CL21B105KOFNNNG &#8211; \u0420\u0415\u0413\u041c\u0406\u041a, \u041d\u0412\u0424, \u041f\u041f","description":"Zwi\u0144 dane techniczne Napi\u0119cie znamionowe DC Pojemno\u015b\u0107 znamionowa Tolerancja pojemno\u015bci Rodzaj dielektryka Spos\u00f3b monta\u017cu Dzia\u0142aj\u0105cy","robots":{"index":"index","follow":"follow","max-snippet":"max-snippet:-1","max-image-preview":"max-image-preview:large","max-video-preview":"max-video-preview:-1"},"canonical":"https:\/\/regmik.ua\/pl\/product\/cl21b105kofnnng\/","schema":{"@context":"https:\/\/schema.org","@graph":[{"@type":"WebPage","@id":"https:\/\/regmik.ua\/product\/cl21b105kofnnng\/","url":"https:\/\/regmik.ua\/product\/cl21b105kofnnng\/","name":"CL21B105KOFNNNG &#8211; \u0420\u0415\u0413\u041c\u0406\u041a, \u041d\u0412\u0424, \u041f\u041f","isPartOf":{"@id":"https:\/\/regmik.ua\/uk\/#website"},"primaryImageOfPage":{"@id":"https:\/\/regmik.ua\/product\/cl21b105kofnnng\/#primaryimage"},"image":{"@id":"https:\/\/regmik.ua\/product\/cl21b105kofnnng\/#primaryimage"},"thumbnailUrl":"https:\/\/regmik.ua\/wp-content\/uploads\/2019\/06\/de80722ed227b28f381d2698df4945b8.jpg","datePublished":"2019-06-06T08:37:31+00:00","dateModified":"2020-08-20T05:23:51+00:00","description":"Zwi\u0144 dane techniczne Napi\u0119cie znamionowe DC Pojemno\u015b\u0107 znamionowa Tolerancja pojemno\u015bci Rodzaj dielektryka Spos\u00f3b monta\u017cu Dzia\u0142aj\u0105cy","breadcrumb":{"@id":"https:\/\/regmik.ua\/product\/cl21b105kofnnng\/#breadcrumb"},"inLanguage":"pl-PL","potentialAction":[{"@type":"ReadAction","target":["https:\/\/regmik.ua\/product\/cl21b105kofnnng\/"]}]},{"@type":"ImageObject","inLanguage":"pl-PL","@id":"https:\/\/regmik.ua\/product\/cl21b105kofnnng\/#primaryimage","url":"https:\/\/regmik.ua\/wp-content\/uploads\/2019\/06\/de80722ed227b28f381d2698df4945b8.jpg","contentUrl":"https:\/\/regmik.ua\/wp-content\/uploads\/2019\/06\/de80722ed227b28f381d2698df4945b8.jpg","width":250,"height":250,"caption":"CL21B105KOFNNNG"},{"@type":"BreadcrumbList","@id":"https:\/\/regmik.ua\/product\/cl21b105kofnnng\/#breadcrumb","itemListElement":[{"@type":"ListItem","position":1,"name":"\u0413\u043b\u0430\u0432\u043d\u0430\u044f \u0441\u0442\u0440\u0430\u043d\u0438\u0446\u0430","item":"https:\/\/regmik.ua\/"},{"@type":"ListItem","position":2,"name":"\u041f\u0440\u043e\u0434\u0443\u043a\u0446\u0438\u044f","item":"https:\/\/regmik.ua\/uk\/products\/"},{"@type":"ListItem","position":3,"name":"CL21B105KOFNNNG"}]},{"@type":"WebSite","@id":"https:\/\/regmik.ua\/uk\/#website","url":"https:\/\/regmik.ua\/uk\/","name":"REGMIK","description":"Przyrz\u0105dy pomiarowe i czujniki temperatury","publisher":{"@id":"https:\/\/regmik.ua\/uk\/#organization"},"alternateName":"REGMIK","potentialAction":[{"@type":"SearchAction","target":{"@type":"EntryPoint","urlTemplate":"https:\/\/regmik.ua\/uk\/?s={search_term_string}"},"query-input":{"@type":"PropertyValueSpecification","valueRequired":true,"valueName":"search_term_string"}}],"inLanguage":"pl-PL"},{"@type":"Organization","@id":"https:\/\/regmik.ua\/uk\/#organization","name":"REGMIK","alternateName":"\u0420\u0415\u0413\u041c\u0418\u041a","url":"https:\/\/regmik.ua\/uk\/","logo":{"@type":"ImageObject","inLanguage":"pl-PL","@id":"https:\/\/regmik.ua\/uk\/#\/schema\/logo\/image\/","url":"https:\/\/regmik.ua\/wp-content\/uploads\/2020\/03\/regmik_logo.png","contentUrl":"https:\/\/regmik.ua\/wp-content\/uploads\/2020\/03\/regmik_logo.png","width":194,"height":45,"caption":"REGMIK"},"image":{"@id":"https:\/\/regmik.ua\/uk\/#\/schema\/logo\/image\/"},"sameAs":["https:\/\/www.facebook.com\/regmik.npf","https:\/\/x.com\/regmiknpf","https:\/\/www.youtube.com\/channel\/UC_SrY98SKAmR3Kt95GcVKcw"]}]}},"_links":{"self":[{"href":"https:\/\/regmik.ua\/pl\/wp-json\/wp\/v2\/product\/19128","targetHints":{"allow":["GET"]}}],"collection":[{"href":"https:\/\/regmik.ua\/pl\/wp-json\/wp\/v2\/product"}],"about":[{"href":"https:\/\/regmik.ua\/pl\/wp-json\/wp\/v2\/types\/product"}],"replies":[{"embeddable":true,"href":"https:\/\/regmik.ua\/pl\/wp-json\/wp\/v2\/comments?post=19128"}],"version-history":[{"count":0,"href":"https:\/\/regmik.ua\/pl\/wp-json\/wp\/v2\/product\/19128\/revisions"}],"wp:featuredmedia":[{"embeddable":true,"href":"https:\/\/regmik.ua\/pl\/wp-json\/wp\/v2\/media\/19129"}],"wp:attachment":[{"href":"https:\/\/regmik.ua\/pl\/wp-json\/wp\/v2\/media?parent=19128"}],"wp:term":[{"taxonomy":"product_brand","embeddable":true,"href":"https:\/\/regmik.ua\/pl\/wp-json\/wp\/v2\/product_brand?post=19128"},{"taxonomy":"product_cat","embeddable":true,"href":"https:\/\/regmik.ua\/pl\/wp-json\/wp\/v2\/product_cat?post=19128"},{"taxonomy":"product_tag","embeddable":true,"href":"https:\/\/regmik.ua\/pl\/wp-json\/wp\/v2\/product_tag?post=19128"}],"curies":[{"name":"wp","href":"https:\/\/api.w.org\/{rel}","templated":true}]}}