{"id":19121,"date":"2019-06-06T10:52:28","date_gmt":"2019-06-06T08:52:28","guid":{"rendered":"https:\/\/regmik.com.ua\/?post_type=product&#038;p=19121"},"modified":"2020-08-20T07:23:50","modified_gmt":"2020-08-20T05:23:50","slug":"bpw-34","status":"publish","type":"product","link":"https:\/\/regmik.ua\/pl\/product\/bpw-34\/","title":{"rendered":"BPW 34"},"content":{"rendered":"<div class=\"div-table-row\">\n<div class=\"row\">\n<div class=\"col-xs-4\"><label>Producent:<\/label><\/div>\n<div class=\"col-xs-5\">Vishay<\/div>\n<div class=\"col-xs-3 text-center\"><\/div>\n<\/div>\n<\/div>\n<div class=\"div-table-row\">\n<div class=\"row\">\n<div class=\"col-xs-4\"><label>Kategoria produktu:<\/label><\/div>\n<div class=\"col-xs-5\">Fotodiody<\/div>\n<div class=\"col-xs-3 text-center\"><\/div>\n<\/div>\n<\/div>\n<div class=\"div-table-row\"><\/div>\n<div class=\"div-table-row\">\n<div class=\"row\">\n<div class=\"col-xs-4\"><label>Produkt:<\/label><\/div>\n<div class=\"col-xs-5\">Fotodiody PIN<\/div>\n<div class=\"col-xs-3 text-center\"><\/div>\n<\/div>\n<\/div>\n<div class=\"div-table-row\">\n<div class=\"row\">\n<div class=\"col-xs-4\"><label>Rodzaj instalacji:<\/label><\/div>\n<div class=\"col-xs-5\">Przez otw\u00f3r<\/div>\n<div class=\"col-xs-3 text-center\"><\/div>\n<\/div>\n<\/div>\n<div class=\"div-table-row\">\n<div class=\"row\">\n<div class=\"col-xs-4\"><label>Szczytowa d\u0142ugo\u015b\u0107 fali:<\/label><\/div>\n<div class=\"col-xs-5\">900 nm<\/div>\n<div class=\"col-xs-3 text-center\"><\/div>\n<\/div>\n<\/div>\n<div class=\"div-table-row\">\n<div class=\"row\">\n<div class=\"col-xs-4\"><label>Pr\u0105d ciemny:<\/label><\/div>\n<div class=\"col-xs-5\">2 nA<\/div>\n<div class=\"col-xs-3 text-center\"><\/div>\n<\/div>\n<\/div>\n<div class=\"div-table-row\">\n<div class=\"row\">\n<div class=\"col-xs-4\"><label>Vr - napi\u0119cie wsteczne:<\/label><\/div>\n<div class=\"col-xs-5\">60 V.<\/div>\n<div class=\"col-xs-3 text-center\"><\/div>\n<\/div>\n<\/div>\n<div class=\"div-table-row\">\n<div class=\"row\">\n<div class=\"col-xs-4\"><label>Czas wschodu:<\/label><\/div>\n<div class=\"col-xs-5\">100 ns<\/div>\n<div class=\"col-xs-3 text-center\"><\/div>\n<\/div>\n<\/div>\n<div class=\"div-table-row\">\n<div class=\"row\">\n<div class=\"col-xs-4\"><label>Czas upadku:<\/label><\/div>\n<div class=\"col-xs-5\">100 ns<\/div>\n<div class=\"col-xs-3 text-center\"><\/div>\n<\/div>\n<\/div>\n<div class=\"div-table-row\">\n<div class=\"row\">\n<div class=\"col-xs-4\"><label>K\u0105t po\u0142owy intensywno\u015bci:<\/label><\/div>\n<div class=\"col-xs-5\">65 st<\/div>\n<div class=\"col-xs-3 text-center\"><\/div>\n<\/div>\n<\/div>\n<div class=\"div-table-row\">\n<div class=\"row\">\n<div class=\"col-xs-4\"><label>Minimalna temperatura robocza:<\/label><\/div>\n<div class=\"col-xs-5\">- 40 C<\/div>\n<div class=\"col-xs-3 text-center\"><\/div>\n<\/div>\n<\/div>\n<div class=\"div-table-row\">\n<div class=\"row\">\n<div class=\"col-xs-4\"><label>Maksymalna temperatura robocza:<\/label><\/div>\n<div class=\"col-xs-5\">+ 100 C<\/div>\n<div class=\"col-xs-3 text-center\"><\/div>\n<\/div>\n<\/div>\n<div class=\"div-table-row\">\n<div class=\"row\">\n<div class=\"col-xs-4\"><label>Wysoko\u015b\u0107:<\/label><\/div>\n<div class=\"col-xs-5\">2 mm<\/div>\n<div class=\"col-xs-3 text-center\"><\/div>\n<\/div>\n<\/div>\n<div class=\"div-table-row\">\n<div class=\"row\">\n<div class=\"col-xs-4\"><label>D\u0142ugo\u015b\u0107:<\/label><\/div>\n<div class=\"col-xs-5\">4,5 mm<\/div>\n<div class=\"col-xs-3 text-center\"><\/div>\n<\/div>\n<\/div>\n<div class=\"div-table-row\">\n<div class=\"row\">\n<div class=\"col-xs-4\"><label>Opakowanie:<\/label><\/div>\n<div class=\"col-xs-5\">Rura<\/div>\n<div class=\"col-xs-3 text-center\"><\/div>\n<\/div>\n<\/div>\n<div class=\"div-table-row\">\n<div class=\"row\">\n<div class=\"col-xs-4\"><label>Szeroko\u015b\u0107:<\/label><\/div>\n<div class=\"col-xs-5\">4,3 mm<\/div>\n<div class=\"col-xs-3 text-center\"><\/div>\n<\/div>\n<\/div>\n<div class=\"div-table-row\">\n<div class=\"row\">\n<div class=\"col-xs-4\"><label>Znak towarowy:<\/label><\/div>\n<div class=\"col-xs-5\">Vishay Semiconductors<\/div>\n<div class=\"col-xs-3 text-center\"><\/div>\n<\/div>\n<\/div>\n<div class=\"div-table-row\">\n<div class=\"row\">\n<div class=\"col-xs-4\"><label>R\u00f3wnowa\u017cna moc szumu (NEP):<\/label><\/div>\n<div class=\"col-xs-5\">4E-14 W \/ sqrt Hz<\/div>\n<div class=\"col-xs-3 text-center\"><\/div>\n<\/div>\n<\/div>\n<div class=\"div-table-row\">\n<div class=\"row\">\n<div class=\"col-xs-4\"><label>Pd - rozpraszanie mocy:<\/label><\/div>\n<div class=\"col-xs-5\">215 mW<\/div>\n<div class=\"col-xs-3 text-center\"><\/div>\n<\/div>\n<\/div>\n<div class=\"div-table-row\">\n<div class=\"row\">\n<div class=\"col-xs-4\"><label>Fotopr\u0105d:<\/label><\/div>\n<div class=\"col-xs-5\">70 uA<\/div>\n<div class=\"col-xs-3 text-center\"><\/div>\n<\/div>\n<\/div>\n<div class=\"div-table-row\">\n<div class=\"row\">\n<div class=\"col-xs-4\"><label>Typ produktu:<\/label><\/div>\n<div class=\"col-xs-5\">Fotodiody<\/div>\n<div class=\"col-xs-3 text-center\"><\/div>\n<\/div>\n<\/div>\n<div class=\"div-table-row\">\n<div class=\"row\">\n<div class=\"col-xs-4\"><label>Podkategoria:<\/label><\/div>\n<div class=\"col-xs-5\">Detektory i czujniki optyczne<\/div>\n<\/div>\n<\/div>","protected":false},"excerpt":{"rendered":"<p>\u041f\u0440\u043e\u0438\u0437\u0432\u043e\u0434\u0438\u0442\u0435\u043b\u044c: Vishay \u041a\u0430\u0442\u0435\u0433\u043e\u0440\u0438\u044f \u043f\u0440\u043e\u0434\u0443\u043a\u0442\u0430: \u0424\u043e\u0442\u043e\u0434\u0438\u043e\u0434\u044b \u041f\u0440\u043e\u0434\u0443\u043a\u0442: PIN Photodiodes \u0412\u0438\u0434 \u043c\u043e\u043d\u0442\u0430\u0436\u0430: Through Hole \u041f\u0438\u043a\u043e\u0432\u0430\u044f \u0434\u043b\u0438\u043d\u0430 \u0432\u043e\u043b\u043d\u044b: 900 nm \u0422\u0435\u043c\u043d\u043e\u0432\u043e\u0439 \u0442\u043e\u043a: 2 nA Vr &#8211; \u043e\u0431\u0440\u0430\u0442\u043d\u043e\u0435 \u043d\u0430\u043f\u0440\u044f\u0436\u0435\u043d\u0438\u0435: 60 V \u0412\u0440\u0435\u043c\u044f \u043d\u0430\u0440\u0430\u0441\u0442\u0430\u043d\u0438\u044f: 100 ns \u0412\u0440\u0435\u043c\u044f \u0441\u043f\u0430\u0434\u0430: 100 ns \u0423\u0433\u043e\u043b \u043f\u043e\u043b\u043e\u0432\u0438\u043d\u043d\u043e\u0439 \u0438\u043d\u0442\u0435\u043d\u0441\u0438\u0432\u043d\u043e\u0441\u0442\u0438: 65 deg \u041c\u0438\u043d\u0438\u043c\u0430\u043b\u044c\u043d\u0430\u044f \u0440\u0430\u0431\u043e\u0447\u0430\u044f \u0442\u0435\u043c\u043f\u0435\u0440\u0430\u0442\u0443\u0440\u0430: &#8211; 40 C \u041c\u0430\u043a\u0441\u0438\u043c\u0430\u043b\u044c\u043d\u0430\u044f \u0440\u0430\u0431\u043e\u0447\u0430\u044f \u0442\u0435\u043c\u043f\u0435\u0440\u0430\u0442\u0443\u0440\u0430: + 100 C \u0412\u044b\u0441\u043e\u0442\u0430: 2 mm &hellip; <a href=\"https:\/\/regmik.ua\/pl\/product\/bpw-34\/\" class=\"more-link\">Kontynuuj czytanie <span class=\"screen-reader-text\">BPW 34<\/span><\/a><\/p>","protected":false},"featured_media":19352,"comment_status":"open","ping_status":"closed","template":"","meta":[],"product_brand":[],"product_cat":[792],"product_tag":[3159],"class_list":{"0":"post-19121","1":"product","2":"type-product","3":"status-publish","4":"has-post-thumbnail","6":"product_cat-diody","7":"product_tag-bpw-34","10":"instock","11":"shipping-taxable","12":"purchasable","13":"product-type-simple"},"yoast_head":"<title>BPW 34 &#8211; \u0420\u0415\u0413\u041c\u0406\u041a, \u041d\u0412\u0424, \u041f\u041f<\/title>\n<meta name=\"description\" content=\"\u041f\u0440\u043e\u0438\u0437\u0432\u043e\u0434\u0438\u0442\u0435\u043b\u044c: Vishay \u041a\u0430\u0442\u0435\u0433\u043e\u0440\u0438\u044f \u043f\u0440\u043e\u0434\u0443\u043a\u0442\u0430: \u0424\u043e\u0442\u043e\u0434\u0438\u043e\u0434\u044b \u041f\u0440\u043e\u0434\u0443\u043a\u0442: PIN Photodiodes \u0412\u0438\u0434 \u043c\u043e\u043d\u0442\u0430\u0436\u0430: Through Hole \u041f\u0438\u043a\u043e\u0432\u0430\u044f \u0434\u043b\u0438\u043d\u0430 \u0432\u043e\u043b\u043d\u044b: 900 nm \u0422\u0435\u043c\u043d\u043e\u0432\u043e\u0439 \u0442\u043e\u043a: 2 nA Vr -\" \/>\n<meta name=\"robots\" content=\"index, follow, max-snippet:-1, max-image-preview:large, max-video-preview:-1\" \/>\n<link rel=\"canonical\" href=\"https:\/\/regmik.ua\/pl\/product\/bpw-34\/\" \/>\n<script type=\"application\/ld+json\" class=\"yoast-schema-graph\">{\"@context\":\"https:\\\/\\\/schema.org\",\"@graph\":[{\"@type\":\"WebPage\",\"@id\":\"https:\\\/\\\/regmik.ua\\\/cs\\\/produkt\\\/bpw-34\\\/\",\"url\":\"https:\\\/\\\/regmik.ua\\\/cs\\\/produkt\\\/bpw-34\\\/\",\"name\":\"BPW 34 &#8211; \u0420\u0415\u0413\u041c\u0406\u041a, \u041d\u0412\u0424, \u041f\u041f\",\"isPartOf\":{\"@id\":\"https:\\\/\\\/regmik.ua\\\/uk\\\/#website\"},\"primaryImageOfPage\":{\"@id\":\"https:\\\/\\\/regmik.ua\\\/cs\\\/produkt\\\/bpw-34\\\/#primaryimage\"},\"image\":{\"@id\":\"https:\\\/\\\/regmik.ua\\\/cs\\\/produkt\\\/bpw-34\\\/#primaryimage\"},\"thumbnailUrl\":\"https:\\\/\\\/regmik.ua\\\/wp-content\\\/uploads\\\/2019\\\/06\\\/Bez-nazvaniya-7.jpg\",\"datePublished\":\"2019-06-06T08:52:28+00:00\",\"dateModified\":\"2020-08-20T05:23:50+00:00\",\"description\":\"\u041f\u0440\u043e\u0438\u0437\u0432\u043e\u0434\u0438\u0442\u0435\u043b\u044c: Vishay \u041a\u0430\u0442\u0435\u0433\u043e\u0440\u0438\u044f \u043f\u0440\u043e\u0434\u0443\u043a\u0442\u0430: \u0424\u043e\u0442\u043e\u0434\u0438\u043e\u0434\u044b \u041f\u0440\u043e\u0434\u0443\u043a\u0442: PIN Photodiodes \u0412\u0438\u0434 \u043c\u043e\u043d\u0442\u0430\u0436\u0430: Through Hole \u041f\u0438\u043a\u043e\u0432\u0430\u044f \u0434\u043b\u0438\u043d\u0430 \u0432\u043e\u043b\u043d\u044b: 900 nm \u0422\u0435\u043c\u043d\u043e\u0432\u043e\u0439 \u0442\u043e\u043a: 2 nA Vr -\",\"breadcrumb\":{\"@id\":\"https:\\\/\\\/regmik.ua\\\/cs\\\/produkt\\\/bpw-34\\\/#breadcrumb\"},\"inLanguage\":\"pl-PL\",\"potentialAction\":[{\"@type\":\"ReadAction\",\"target\":[\"https:\\\/\\\/regmik.ua\\\/cs\\\/produkt\\\/bpw-34\\\/\"]}]},{\"@type\":\"ImageObject\",\"inLanguage\":\"pl-PL\",\"@id\":\"https:\\\/\\\/regmik.ua\\\/cs\\\/produkt\\\/bpw-34\\\/#primaryimage\",\"url\":\"https:\\\/\\\/regmik.ua\\\/wp-content\\\/uploads\\\/2019\\\/06\\\/Bez-nazvaniya-7.jpg\",\"contentUrl\":\"https:\\\/\\\/regmik.ua\\\/wp-content\\\/uploads\\\/2019\\\/06\\\/Bez-nazvaniya-7.jpg\",\"width\":225,\"height\":225,\"caption\":\"BPW 34\"},{\"@type\":\"BreadcrumbList\",\"@id\":\"https:\\\/\\\/regmik.ua\\\/cs\\\/produkt\\\/bpw-34\\\/#breadcrumb\",\"itemListElement\":[{\"@type\":\"ListItem\",\"position\":1,\"name\":\"\u0413\u043b\u0430\u0432\u043d\u0430\u044f \u0441\u0442\u0440\u0430\u043d\u0438\u0446\u0430\",\"item\":\"https:\\\/\\\/regmik.ua\\\/\"},{\"@type\":\"ListItem\",\"position\":2,\"name\":\"\u041f\u0440\u043e\u0434\u0443\u043a\u0446\u0438\u044f\",\"item\":\"https:\\\/\\\/regmik.ua\\\/uk\\\/products\\\/\"},{\"@type\":\"ListItem\",\"position\":3,\"name\":\"BPW 34\"}]},{\"@type\":\"WebSite\",\"@id\":\"https:\\\/\\\/regmik.ua\\\/uk\\\/#website\",\"url\":\"https:\\\/\\\/regmik.ua\\\/uk\\\/\",\"name\":\"REGMIK\",\"description\":\"\u0418\u0437\u043c\u0435\u0440\u0438\u0442\u0435\u043b\u044c\u043d\u044b\u0435 \u043f\u0440\u0438\u0431\u043e\u0440\u044b \u0438 \u0434\u0430\u0442\u0447\u0438\u043a\u0438 \u0442\u0435\u043c\u043f\u0435\u0440\u0430\u0442\u0443\u0440\u044b\",\"publisher\":{\"@id\":\"https:\\\/\\\/regmik.ua\\\/uk\\\/#organization\"},\"alternateName\":\"REGMIK\",\"potentialAction\":[{\"@type\":\"SearchAction\",\"target\":{\"@type\":\"EntryPoint\",\"urlTemplate\":\"https:\\\/\\\/regmik.ua\\\/uk\\\/?s={search_term_string}\"},\"query-input\":{\"@type\":\"PropertyValueSpecification\",\"valueRequired\":true,\"valueName\":\"search_term_string\"}}],\"inLanguage\":\"pl-PL\"},{\"@type\":\"Organization\",\"@id\":\"https:\\\/\\\/regmik.ua\\\/uk\\\/#organization\",\"name\":\"REGMIK\",\"alternateName\":\"\u0420\u0415\u0413\u041c\u0418\u041a\",\"url\":\"https:\\\/\\\/regmik.ua\\\/uk\\\/\",\"logo\":{\"@type\":\"ImageObject\",\"inLanguage\":\"pl-PL\",\"@id\":\"https:\\\/\\\/regmik.ua\\\/uk\\\/#\\\/schema\\\/logo\\\/image\\\/\",\"url\":\"https:\\\/\\\/regmik.ua\\\/wp-content\\\/uploads\\\/2020\\\/03\\\/regmik_logo.png\",\"contentUrl\":\"https:\\\/\\\/regmik.ua\\\/wp-content\\\/uploads\\\/2020\\\/03\\\/regmik_logo.png\",\"width\":194,\"height\":45,\"caption\":\"REGMIK\"},\"image\":{\"@id\":\"https:\\\/\\\/regmik.ua\\\/uk\\\/#\\\/schema\\\/logo\\\/image\\\/\"},\"sameAs\":[\"https:\\\/\\\/www.facebook.com\\\/regmik.npf\",\"https:\\\/\\\/x.com\\\/regmiknpf\",\"https:\\\/\\\/www.youtube.com\\\/channel\\\/UC_SrY98SKAmR3Kt95GcVKcw\"]}]}<\/script>","yoast_head_json":{"title":"BPW 34 &#8211; \u0420\u0415\u0413\u041c\u0406\u041a, \u041d\u0412\u0424, \u041f\u041f","description":"Producent: Vishay Kategoria produktu: Fotodiody Produkt: Fotodiody PIN Spos\u00f3b monta\u017cu: Przez otw\u00f3r D\u0142ugo\u015b\u0107 fali szczytowej: 900 nm Pr\u0105d ciemny: 2 nA Vr -","robots":{"index":"index","follow":"follow","max-snippet":"max-snippet:-1","max-image-preview":"max-image-preview:large","max-video-preview":"max-video-preview:-1"},"canonical":"https:\/\/regmik.ua\/pl\/product\/bpw-34\/","schema":{"@context":"https:\/\/schema.org","@graph":[{"@type":"WebPage","@id":"https:\/\/regmik.ua\/cs\/produkt\/bpw-34\/","url":"https:\/\/regmik.ua\/cs\/produkt\/bpw-34\/","name":"BPW 34 &#8211; \u0420\u0415\u0413\u041c\u0406\u041a, \u041d\u0412\u0424, \u041f\u041f","isPartOf":{"@id":"https:\/\/regmik.ua\/uk\/#website"},"primaryImageOfPage":{"@id":"https:\/\/regmik.ua\/cs\/produkt\/bpw-34\/#primaryimage"},"image":{"@id":"https:\/\/regmik.ua\/cs\/produkt\/bpw-34\/#primaryimage"},"thumbnailUrl":"https:\/\/regmik.ua\/wp-content\/uploads\/2019\/06\/Bez-nazvaniya-7.jpg","datePublished":"2019-06-06T08:52:28+00:00","dateModified":"2020-08-20T05:23:50+00:00","description":"Producent: Vishay Kategoria produktu: Fotodiody Produkt: Fotodiody PIN Spos\u00f3b monta\u017cu: Przez otw\u00f3r D\u0142ugo\u015b\u0107 fali szczytowej: 900 nm Pr\u0105d ciemny: 2 nA Vr -","breadcrumb":{"@id":"https:\/\/regmik.ua\/cs\/produkt\/bpw-34\/#breadcrumb"},"inLanguage":"pl-PL","potentialAction":[{"@type":"ReadAction","target":["https:\/\/regmik.ua\/cs\/produkt\/bpw-34\/"]}]},{"@type":"ImageObject","inLanguage":"pl-PL","@id":"https:\/\/regmik.ua\/cs\/produkt\/bpw-34\/#primaryimage","url":"https:\/\/regmik.ua\/wp-content\/uploads\/2019\/06\/Bez-nazvaniya-7.jpg","contentUrl":"https:\/\/regmik.ua\/wp-content\/uploads\/2019\/06\/Bez-nazvaniya-7.jpg","width":225,"height":225,"caption":"BPW 34"},{"@type":"BreadcrumbList","@id":"https:\/\/regmik.ua\/cs\/produkt\/bpw-34\/#breadcrumb","itemListElement":[{"@type":"ListItem","position":1,"name":"\u0413\u043b\u0430\u0432\u043d\u0430\u044f \u0441\u0442\u0440\u0430\u043d\u0438\u0446\u0430","item":"https:\/\/regmik.ua\/"},{"@type":"ListItem","position":2,"name":"\u041f\u0440\u043e\u0434\u0443\u043a\u0446\u0438\u044f","item":"https:\/\/regmik.ua\/uk\/products\/"},{"@type":"ListItem","position":3,"name":"BPW 34"}]},{"@type":"WebSite","@id":"https:\/\/regmik.ua\/uk\/#website","url":"https:\/\/regmik.ua\/uk\/","name":"REGMIK","description":"Przyrz\u0105dy pomiarowe i czujniki temperatury","publisher":{"@id":"https:\/\/regmik.ua\/uk\/#organization"},"alternateName":"REGMIK","potentialAction":[{"@type":"SearchAction","target":{"@type":"EntryPoint","urlTemplate":"https:\/\/regmik.ua\/uk\/?s={search_term_string}"},"query-input":{"@type":"PropertyValueSpecification","valueRequired":true,"valueName":"search_term_string"}}],"inLanguage":"pl-PL"},{"@type":"Organization","@id":"https:\/\/regmik.ua\/uk\/#organization","name":"REGMIK","alternateName":"\u0420\u0415\u0413\u041c\u0418\u041a","url":"https:\/\/regmik.ua\/uk\/","logo":{"@type":"ImageObject","inLanguage":"pl-PL","@id":"https:\/\/regmik.ua\/uk\/#\/schema\/logo\/image\/","url":"https:\/\/regmik.ua\/wp-content\/uploads\/2020\/03\/regmik_logo.png","contentUrl":"https:\/\/regmik.ua\/wp-content\/uploads\/2020\/03\/regmik_logo.png","width":194,"height":45,"caption":"REGMIK"},"image":{"@id":"https:\/\/regmik.ua\/uk\/#\/schema\/logo\/image\/"},"sameAs":["https:\/\/www.facebook.com\/regmik.npf","https:\/\/x.com\/regmiknpf","https:\/\/www.youtube.com\/channel\/UC_SrY98SKAmR3Kt95GcVKcw"]}]}},"_links":{"self":[{"href":"https:\/\/regmik.ua\/pl\/wp-json\/wp\/v2\/product\/19121","targetHints":{"allow":["GET"]}}],"collection":[{"href":"https:\/\/regmik.ua\/pl\/wp-json\/wp\/v2\/product"}],"about":[{"href":"https:\/\/regmik.ua\/pl\/wp-json\/wp\/v2\/types\/product"}],"replies":[{"embeddable":true,"href":"https:\/\/regmik.ua\/pl\/wp-json\/wp\/v2\/comments?post=19121"}],"version-history":[{"count":0,"href":"https:\/\/regmik.ua\/pl\/wp-json\/wp\/v2\/product\/19121\/revisions"}],"wp:featuredmedia":[{"embeddable":true,"href":"https:\/\/regmik.ua\/pl\/wp-json\/wp\/v2\/media\/19352"}],"wp:attachment":[{"href":"https:\/\/regmik.ua\/pl\/wp-json\/wp\/v2\/media?parent=19121"}],"wp:term":[{"taxonomy":"product_brand","embeddable":true,"href":"https:\/\/regmik.ua\/pl\/wp-json\/wp\/v2\/product_brand?post=19121"},{"taxonomy":"product_cat","embeddable":true,"href":"https:\/\/regmik.ua\/pl\/wp-json\/wp\/v2\/product_cat?post=19121"},{"taxonomy":"product_tag","embeddable":true,"href":"https:\/\/regmik.ua\/pl\/wp-json\/wp\/v2\/product_tag?post=19121"}],"curies":[{"name":"wp","href":"https:\/\/api.w.org\/{rel}","templated":true}]}}