{"id":19119,"date":"2019-06-06T11:04:28","date_gmt":"2019-06-06T09:04:28","guid":{"rendered":"https:\/\/regmik.com.ua\/?post_type=product&#038;p=19119"},"modified":"2020-08-20T07:23:50","modified_gmt":"2020-08-20T05:23:50","slug":"30bq060pbf","status":"publish","type":"product","link":"https:\/\/regmik.ua\/pl\/product\/30bq060pbf\/","title":{"rendered":"30BQ060PBF"},"content":{"rendered":"<div class=\"i-spoiler j-spoiler spoiler-open mb2\" data-spoiler=\".param-table\">\n<div class=\"i-spoiler j-spoiler mb2 spoiler-open\" data-spoiler=\".param-table\">\n<h2 class=\"dib tm mr1 lb nw\" title=\"Dane techniczne 30BQ060PBF\">Specyfikacje<\/h2>\n<\/div>\n<div class=\"js-content param-table mb3\">\n<div class=\"clear descript\">\n<table class=\"table-parameters\">\n<tbody>\n<tr>\n<td class=\"li-dot-for-parameters\"><\/td>\n<th class=\"ktp\"><\/th>\n<td class=\"ktv\"><\/td>\n<\/tr>\n<tr>\n<td class=\"li-dot-for-parameters\"><\/td>\n<th class=\"ktp\"><span class=\"ktl\">Obw\u00f3d prze\u0142\u0105czaj\u0105cy diody<\/span><\/th>\n<td class=\"ktv\"><img decoding=\"async\" class=\"ti\" src=\"data:image\/gif;base64,R0lGODdhQwAMANUAACQqJJSalFxeXMzOzDxCPOTq5LS6tHx+fCw2NGRqZNze3ExOTPT29KSqrERKRMTGxDw+PCwyLPTy9DQ+PGxybOTm5CwuLGRmZNTW1ERGROzq7Ly6vIyOjDQ2NOTi5Pz+\/KyytCQuLJyenFxiXDxCRISGhGxubNzi3FRWVPz6\/KyqrERKTMzKzGxydNza3Ozu7Ly+vDQ6NAAAAAAAAAAAAAAAAAAAAAAAAAAAAAAAAAAAAAAAAAAAAAAAAAAAAAAAACwAAAAAQwAMAAAG\/sBPSkgcGovIozLJXDo\/G0rqYHham9irlslIdEwMZHa8LZM\/6KXG1IkdwqkTINbpeBBDTSZ1H3pieWxuDH0ff4V\/fHhEiX0pGiRICSUMEiMcQi4TihURQgkxhot3n5SWHIgIqaJHpIWgSCEvQg8rtAuGMX0gbHEdfoAMFrMptZ3AiICFwIopvB1InkMnoSkNJnG6CBooGKEecx0IgJ1E1AwRLB8GduHjhiEdECqiotzeSiESKSksC0MHAvCJcaIDBRaJTowKJkuIvw8iJsQQoM0PtD4GCKSooAzBwURFLryRcAFTCggKRIHjkK1ZvRQiK5UscqfcRgSGPMFwkM0QRACWpI5UuBBjUAoE8WIgANBhQZg\/rHINGVr0DZFcyTZGiJBhg1QPTnOJGYJGCAEkOItsSXPmiJi2ZC8gEWDGSN0sWoIAADs=\" alt=\"\" \/><\/td>\n<\/tr>\n<tr>\n<td class=\"li-dot-for-parameters\"><\/td>\n<th class=\"ktp\"><span class=\"ktl\">Maksymalne napi\u0119cie wsteczne diody<\/span><\/th>\n<td class=\"ktv\"><img decoding=\"async\" class=\"ti\" src=\"data:image\/gif;base64,R0lGODdhHAAMANUAACwqJJSWlMzOzGRiXOTq5Hx+fERGPLSytIyKhPT29Dw2NNze3KyqpPTy7GxubISGfMTCxJyenNTW1Ozy7FxaVJSSjDw+NOzq5ExOTLy6tIyOlDQyLNTSzGxqZISCfExKRIyOjPz+\/OTm5HR2dISGjKSinEQ+POzu7CwuLJyalGRmXERGRLS2tIyKjPz69Dw6NOTi3KyurPTy9HRybISGhMTGxNza1Dw+POzq7Ly6vNTS1ISChKSipAAAAAAAAAAAACwAAAAAHAAMAAAGrMBQaDEbCEOelyVwFDZaJFrk1BRCLDGXMKJKiAy55okmZPGql5uk+REIebNmgxy6tKoIUNMFSAgFH2J0MExNKx4GLzMNIhtHMBZyOyEJKTpVABUJDSMjFyiPL2IeLTsBbk2OQjYmCQANQhwYkkIyMQdNKFQhEgYhGDVCDHFHY0d2TQ4jmx16KRQNFx\/BRw2TlDExYjMKLx4u4AUbBmeSNAgaGVp7Ve3u7\/Dx8EEAOw==\" alt=\"\" \/><\/td>\n<\/tr>\n<tr>\n<td class=\"li-dot-for-parameters\"><\/td>\n<th class=\"ktp\"><span class=\"ktl\">Pr\u0105d diody przewodzenia (\u015bredni)<\/span><\/th>\n<td class=\"ktv\"><img decoding=\"async\" class=\"ti\" src=\"data:image\/gif;base64,R0lGODdhFQAMANUAACwuNJyanMzO1GRmZOzq7LS2vERKTKyqrISChNTa3PT29IyOjDw+PLSytPz+\/DQ2NJyipNTW1FxaXLSutOTi5Pz6\/JSWlOzy9KyurIyKjNza3PT6\/KymrDQyNNTS1GxydMzKzExOTIyGjPT2\/JSOlERGTDw6PKSipNTW3GRiZJSWnPTy9KyutNze3AAAAAAAAAAAAAAAAAAAAAAAAAAAAAAAAAAAAAAAAAAAAAAAAAAAAAAAAAAAAAAAAAAAAAAAACwAAAAAFQAMAAAGZMDHwwQwOI7I44SSTIIAnuaxkilIjyHL1ZHALK6Q1NZxQAVazRGjMyBIN6QKqHG9fD5SD8txyWw1DFIcCIQIGlceJWlfRyB7SEwXKVpJAnRHKxkbSBIdDH5NJxFJAaNjp6ipR0EAOw==\" alt=\"\" \/><\/td>\n<\/tr>\n<tr>\n<td class=\"li-dot-for-parameters\"><\/td>\n<th class=\"ktp\"><span class=\"ktl\">Spadek napi\u0119cia przewodzenia<\/span><\/th>\n<td class=\"ktv\"><img decoding=\"async\" class=\"ti\" src=\"data:image\/gif;base64,R0lGODdhKwAMAOYAACQmLJSSlMzKzFxeZKyurOTm5Hx6fERCRISGhKSinPTy9MTCxNza3FRSVLS2tIyOjDQyNJyanGxqbPTu9NTS1Ozu7ExKTIyKhLy2vOzm7HyCfKyqrPz6\/CwuNJSWlNTO1GRmbERGRISKhKSmpPz2\/OTi5FxaXDw6PJyenHRydLy6tCwqLMzOzGRiZLSytOTm7Hx+hISGjKSipPT29MTGxNze3FRWXLS2vIyOlDQ2PGxubNTW1FROVIyKjOzq7ISChJSWnERGTJyepLy6vAAAAAAAAAAAAAAAAAAAAAAAAAAAAAAAAAAAAAAAAAAAAAAAAAAAAAAAAAAAAAAAAAAAAAAAAAAAAAAAAAAAAAAAAAAAAAAAAAAAAAAAAAAAAAAAAAAAAAAAAAAAAAAAAAAAAAAAAAAAAAAAAAAAAAAAAAAAAAAAAAAAAAAAAAAAAAAAAAAAAAAAAAAAAAAAAAAAAAAAAAAAAAAAAAAAAAAAAAAAAAAAAAAAAAAAAAAAAAAAACwAAAAAKwAMAAAH\/oAlABAQKRwcAhYdDTuHHBo5JwGOlJUcExciCCg+lSUdlDM5QxweDYcRLRMlBzeWlhUIhy4ynhCUPiuHDCeHQQKHQjqvlbGHBQ+eoJRBIxxAMBwzKwqHLBaUFRo1hzQiHBU\/hzUeyh0DBeMHJiYzHC\/LHDU52ZuHHt\/GMygUrxU6Eg4NaRAhBw0OGXSN6+WoQg8UDAQ4kBUOwQ8PLIjxOpSj0Qge0gBU40AhSL0SHlAUuMDBhyxwBAi8onCAQ4FlNRgGOchhhKGGskYscAnuJcJkjqrNAPGNQw4HHHCAuGdDQQELPA8Zq0BiqzhpBDZQegAhxw93HBaEgGCihCMDGhBOCClmtALLCQgQXHiAAS2xv4ADCx5MOHAgADs=\" alt=\"\" \/><\/td>\n<\/tr>\n<tr>\n<td class=\"li-dot-for-parameters\"><\/td>\n<th class=\"ktp\"><span class=\"ktl\">Funkcje:<\/span><\/th>\n<td class=\"ktv\"><img decoding=\"async\" class=\"ti\" src=\"data:image\/gif;base64,R0lGODdhLQAMANUAACQqLJyanFxiZNTW1Ozu7ERGRHx+fDQ6PGxydOTi3PT69Ly6vCwyNGRqbPT29FRWVIyKjOTq5PTy7MTKxGRiZNze3ExOTERCRHR6fPz69DQ2NIySlOzq5CwuLLSytNza3Ozy7ERKTISGhDw+RHR2dOTm5LzCxGxubFxeXIyOjPTy9MzKzGRmZPz+\/DQ2POzq7AAAAAAAAAAAAAAAAAAAAAAAAAAAAAAAAAAAAAAAAAAAAAAAAAAAAAAAAAAAAAAAACwAAAAALQAMAAAGv0BGq1XSDIvDpHLJbDpbxlbCNZw+r1imkBhFZr\/XqFVKbRFOmpHho9EA0pX2e5SIojxeTmG5HXtZIhkEKClSW1UaGYYtASSLLSdlSV1iVA4dBEMTFkSHjyUMAxYqnS0eaHxVZUgRh1Z1Sl4JHSMbRxocFh+eULeqLZeZLSshpUkJfQwEIyaGCCslB3yKyEMVZRQGGSoNhV6+RFQLIwQlABBcSwDr7OtRHCwMBwYKj1XJQyQkCRb1sGAAAwocCCYIADs=\" alt=\"\" \/><\/td>\n<\/tr>\n<\/tbody>\n<\/table>\n<\/div>\n<\/div>\n<\/div>\n<div class=\"js-content param-table mb3\"><\/div>","protected":false},"excerpt":{"rendered":"<p>\u0422\u0435\u0445\u043d\u0438\u0447\u0435\u0441\u043a\u0438\u0435 \u0445\u0430\u0440\u0430\u043a\u0442\u0435\u0440\u0438\u0441\u0442\u0438\u043a\u0438 \u0421\u0445\u0435\u043c\u0430 \u0432\u043a\u043b\u044e\u0447\u0435\u043d\u0438\u044f \u0434\u0438\u043e\u0434\u043e\u0432 \u041c\u0430\u043a\u0441\u0438\u043c\u0430\u043b\u044c\u043d\u043e\u0435 \u043e\u0431\u0440\u0430\u0442\u043d\u043e\u0435 \u043d\u0430\u043f\u0440\u044f\u0436\u0435\u043d\u0438\u0435 \u0434\u0438\u043e\u0434\u0430 \u041f\u0440\u044f\u043c\u043e\u0439 \u0442\u043e\u043a \u0434\u0438\u043e\u0434\u0430 (\u0441\u0440\u0435\u0434\u043d\u0438\u0439) \u041f\u0440\u044f\u043c\u043e\u0435 \u043f\u0430\u0434\u0435\u043d\u0438\u0435 \u043d\u0430\u043f\u0440\u044f\u0436\u0435\u043d\u0438\u044f \u041e\u0441\u043e\u0431\u0435\u043d\u043d\u043e\u0441\u0442\u0438<\/p>","protected":false},"featured_media":19120,"comment_status":"open","ping_status":"closed","template":"","meta":[],"product_brand":[],"product_cat":[792],"product_tag":[3158],"class_list":{"0":"post-19119","1":"product","2":"type-product","3":"status-publish","4":"has-post-thumbnail","6":"product_cat-diody","7":"product_tag-30bq060pbf","10":"instock","11":"shipping-taxable","12":"purchasable","13":"product-type-simple"},"yoast_head":"<title>30BQ060PBF &#8211; \u0420\u0415\u0413\u041c\u0406\u041a, \u041d\u0412\u0424, \u041f\u041f<\/title>\n<meta name=\"description\" content=\"\u0422\u0435\u0445\u043d\u0438\u0447\u0435\u0441\u043a\u0438\u0435 \u0445\u0430\u0440\u0430\u043a\u0442\u0435\u0440\u0438\u0441\u0442\u0438\u043a\u0438 \u0421\u0445\u0435\u043c\u0430 \u0432\u043a\u043b\u044e\u0447\u0435\u043d\u0438\u044f \u0434\u0438\u043e\u0434\u043e\u0432 \u041c\u0430\u043a\u0441\u0438\u043c\u0430\u043b\u044c\u043d\u043e\u0435 \u043e\u0431\u0440\u0430\u0442\u043d\u043e\u0435 \u043d\u0430\u043f\u0440\u044f\u0436\u0435\u043d\u0438\u0435 \u0434\u0438\u043e\u0434\u0430 \u041f\u0440\u044f\u043c\u043e\u0439 \u0442\u043e\u043a \u0434\u0438\u043e\u0434\u0430 (\u0441\u0440\u0435\u0434\u043d\u0438\u0439) \u041f\u0440\u044f\u043c\u043e\u0435 \u043f\u0430\u0434\u0435\u043d\u0438\u0435 \u043d\u0430\u043f\u0440\u044f\u0436\u0435\u043d\u0438\u044f\" \/>\n<meta name=\"robots\" content=\"index, follow, max-snippet:-1, max-image-preview:large, max-video-preview:-1\" \/>\n<link rel=\"canonical\" href=\"https:\/\/regmik.ua\/pl\/produkt\/30bq060pbf\/\" \/>\n<script type=\"application\/ld+json\" class=\"yoast-schema-graph\">{\"@context\":\"https:\\\/\\\/schema.org\",\"@graph\":[{\"@type\":\"WebPage\",\"@id\":\"https:\\\/\\\/regmik.ua\\\/pl\\\/produkt\\\/30bq060pbf\\\/\",\"url\":\"https:\\\/\\\/regmik.ua\\\/pl\\\/produkt\\\/30bq060pbf\\\/\",\"name\":\"30BQ060PBF &#8211; \u0420\u0415\u0413\u041c\u0406\u041a, \u041d\u0412\u0424, \u041f\u041f\",\"isPartOf\":{\"@id\":\"https:\\\/\\\/regmik.ua\\\/uk\\\/#website\"},\"primaryImageOfPage\":{\"@id\":\"https:\\\/\\\/regmik.ua\\\/pl\\\/produkt\\\/30bq060pbf\\\/#primaryimage\"},\"image\":{\"@id\":\"https:\\\/\\\/regmik.ua\\\/pl\\\/produkt\\\/30bq060pbf\\\/#primaryimage\"},\"thumbnailUrl\":\"https:\\\/\\\/regmik.ua\\\/wp-content\\\/uploads\\\/2019\\\/06\\\/60672.jpg\",\"datePublished\":\"2019-06-06T09:04:28+00:00\",\"dateModified\":\"2020-08-20T05:23:50+00:00\",\"description\":\"\u0422\u0435\u0445\u043d\u0438\u0447\u0435\u0441\u043a\u0438\u0435 \u0445\u0430\u0440\u0430\u043a\u0442\u0435\u0440\u0438\u0441\u0442\u0438\u043a\u0438 \u0421\u0445\u0435\u043c\u0430 \u0432\u043a\u043b\u044e\u0447\u0435\u043d\u0438\u044f \u0434\u0438\u043e\u0434\u043e\u0432 \u041c\u0430\u043a\u0441\u0438\u043c\u0430\u043b\u044c\u043d\u043e\u0435 \u043e\u0431\u0440\u0430\u0442\u043d\u043e\u0435 \u043d\u0430\u043f\u0440\u044f\u0436\u0435\u043d\u0438\u0435 \u0434\u0438\u043e\u0434\u0430 \u041f\u0440\u044f\u043c\u043e\u0439 \u0442\u043e\u043a \u0434\u0438\u043e\u0434\u0430 (\u0441\u0440\u0435\u0434\u043d\u0438\u0439) \u041f\u0440\u044f\u043c\u043e\u0435 \u043f\u0430\u0434\u0435\u043d\u0438\u0435 \u043d\u0430\u043f\u0440\u044f\u0436\u0435\u043d\u0438\u044f\",\"breadcrumb\":{\"@id\":\"https:\\\/\\\/regmik.ua\\\/pl\\\/produkt\\\/30bq060pbf\\\/#breadcrumb\"},\"inLanguage\":\"pl-PL\",\"potentialAction\":[{\"@type\":\"ReadAction\",\"target\":[\"https:\\\/\\\/regmik.ua\\\/pl\\\/produkt\\\/30bq060pbf\\\/\"]}]},{\"@type\":\"ImageObject\",\"inLanguage\":\"pl-PL\",\"@id\":\"https:\\\/\\\/regmik.ua\\\/pl\\\/produkt\\\/30bq060pbf\\\/#primaryimage\",\"url\":\"https:\\\/\\\/regmik.ua\\\/wp-content\\\/uploads\\\/2019\\\/06\\\/60672.jpg\",\"contentUrl\":\"https:\\\/\\\/regmik.ua\\\/wp-content\\\/uploads\\\/2019\\\/06\\\/60672.jpg\",\"width\":640,\"height\":480,\"caption\":\"30BQ060PBF\"},{\"@type\":\"BreadcrumbList\",\"@id\":\"https:\\\/\\\/regmik.ua\\\/pl\\\/produkt\\\/30bq060pbf\\\/#breadcrumb\",\"itemListElement\":[{\"@type\":\"ListItem\",\"position\":1,\"name\":\"\u0413\u043b\u0430\u0432\u043d\u0430\u044f \u0441\u0442\u0440\u0430\u043d\u0438\u0446\u0430\",\"item\":\"https:\\\/\\\/regmik.ua\\\/\"},{\"@type\":\"ListItem\",\"position\":2,\"name\":\"\u041f\u0440\u043e\u0434\u0443\u043a\u0446\u0438\u044f\",\"item\":\"https:\\\/\\\/regmik.ua\\\/uk\\\/products\\\/\"},{\"@type\":\"ListItem\",\"position\":3,\"name\":\"30BQ060PBF\"}]},{\"@type\":\"WebSite\",\"@id\":\"https:\\\/\\\/regmik.ua\\\/uk\\\/#website\",\"url\":\"https:\\\/\\\/regmik.ua\\\/uk\\\/\",\"name\":\"REGMIK\",\"description\":\"\u0418\u0437\u043c\u0435\u0440\u0438\u0442\u0435\u043b\u044c\u043d\u044b\u0435 \u043f\u0440\u0438\u0431\u043e\u0440\u044b \u0438 \u0434\u0430\u0442\u0447\u0438\u043a\u0438 \u0442\u0435\u043c\u043f\u0435\u0440\u0430\u0442\u0443\u0440\u044b\",\"publisher\":{\"@id\":\"https:\\\/\\\/regmik.ua\\\/uk\\\/#organization\"},\"alternateName\":\"REGMIK\",\"potentialAction\":[{\"@type\":\"SearchAction\",\"target\":{\"@type\":\"EntryPoint\",\"urlTemplate\":\"https:\\\/\\\/regmik.ua\\\/uk\\\/?s={search_term_string}\"},\"query-input\":{\"@type\":\"PropertyValueSpecification\",\"valueRequired\":true,\"valueName\":\"search_term_string\"}}],\"inLanguage\":\"pl-PL\"},{\"@type\":\"Organization\",\"@id\":\"https:\\\/\\\/regmik.ua\\\/uk\\\/#organization\",\"name\":\"REGMIK\",\"alternateName\":\"\u0420\u0415\u0413\u041c\u0418\u041a\",\"url\":\"https:\\\/\\\/regmik.ua\\\/uk\\\/\",\"logo\":{\"@type\":\"ImageObject\",\"inLanguage\":\"pl-PL\",\"@id\":\"https:\\\/\\\/regmik.ua\\\/uk\\\/#\\\/schema\\\/logo\\\/image\\\/\",\"url\":\"https:\\\/\\\/regmik.ua\\\/wp-content\\\/uploads\\\/2020\\\/03\\\/regmik_logo.png\",\"contentUrl\":\"https:\\\/\\\/regmik.ua\\\/wp-content\\\/uploads\\\/2020\\\/03\\\/regmik_logo.png\",\"width\":194,\"height\":45,\"caption\":\"REGMIK\"},\"image\":{\"@id\":\"https:\\\/\\\/regmik.ua\\\/uk\\\/#\\\/schema\\\/logo\\\/image\\\/\"},\"sameAs\":[\"https:\\\/\\\/www.facebook.com\\\/regmik.npf\",\"https:\\\/\\\/x.com\\\/regmiknpf\",\"https:\\\/\\\/www.youtube.com\\\/channel\\\/UC_SrY98SKAmR3Kt95GcVKcw\"]}]}<\/script>","yoast_head_json":{"title":"30BQ060PBF &#8211; \u0420\u0415\u0413\u041c\u0406\u041a, \u041d\u0412\u0424, \u041f\u041f","description":"Dane techniczne Obw\u00f3d przy\u0142\u0105czeniowy diody Maksymalne napi\u0119cie wsteczne diody Pr\u0105d diody w kierunku przewodzenia (\u015bredni) Spadek napi\u0119cia w kierunku przewodzenia","robots":{"index":"index","follow":"follow","max-snippet":"max-snippet:-1","max-image-preview":"max-image-preview:large","max-video-preview":"max-video-preview:-1"},"canonical":"https:\/\/regmik.ua\/pl\/produkt\/30bq060pbf\/","schema":{"@context":"https:\/\/schema.org","@graph":[{"@type":"WebPage","@id":"https:\/\/regmik.ua\/pl\/produkt\/30bq060pbf\/","url":"https:\/\/regmik.ua\/pl\/produkt\/30bq060pbf\/","name":"30BQ060PBF &#8211; \u0420\u0415\u0413\u041c\u0406\u041a, \u041d\u0412\u0424, \u041f\u041f","isPartOf":{"@id":"https:\/\/regmik.ua\/uk\/#website"},"primaryImageOfPage":{"@id":"https:\/\/regmik.ua\/pl\/produkt\/30bq060pbf\/#primaryimage"},"image":{"@id":"https:\/\/regmik.ua\/pl\/produkt\/30bq060pbf\/#primaryimage"},"thumbnailUrl":"https:\/\/regmik.ua\/wp-content\/uploads\/2019\/06\/60672.jpg","datePublished":"2019-06-06T09:04:28+00:00","dateModified":"2020-08-20T05:23:50+00:00","description":"Dane techniczne Obw\u00f3d przy\u0142\u0105czeniowy diody Maksymalne napi\u0119cie wsteczne diody Pr\u0105d diody w kierunku przewodzenia (\u015bredni) Spadek napi\u0119cia w kierunku przewodzenia","breadcrumb":{"@id":"https:\/\/regmik.ua\/pl\/produkt\/30bq060pbf\/#breadcrumb"},"inLanguage":"pl-PL","potentialAction":[{"@type":"ReadAction","target":["https:\/\/regmik.ua\/pl\/produkt\/30bq060pbf\/"]}]},{"@type":"ImageObject","inLanguage":"pl-PL","@id":"https:\/\/regmik.ua\/pl\/produkt\/30bq060pbf\/#primaryimage","url":"https:\/\/regmik.ua\/wp-content\/uploads\/2019\/06\/60672.jpg","contentUrl":"https:\/\/regmik.ua\/wp-content\/uploads\/2019\/06\/60672.jpg","width":640,"height":480,"caption":"30BQ060PBF"},{"@type":"BreadcrumbList","@id":"https:\/\/regmik.ua\/pl\/produkt\/30bq060pbf\/#breadcrumb","itemListElement":[{"@type":"ListItem","position":1,"name":"\u0413\u043b\u0430\u0432\u043d\u0430\u044f \u0441\u0442\u0440\u0430\u043d\u0438\u0446\u0430","item":"https:\/\/regmik.ua\/"},{"@type":"ListItem","position":2,"name":"\u041f\u0440\u043e\u0434\u0443\u043a\u0446\u0438\u044f","item":"https:\/\/regmik.ua\/uk\/products\/"},{"@type":"ListItem","position":3,"name":"30BQ060PBF"}]},{"@type":"WebSite","@id":"https:\/\/regmik.ua\/uk\/#website","url":"https:\/\/regmik.ua\/uk\/","name":"REGMIK","description":"Przyrz\u0105dy pomiarowe i czujniki temperatury","publisher":{"@id":"https:\/\/regmik.ua\/uk\/#organization"},"alternateName":"REGMIK","potentialAction":[{"@type":"SearchAction","target":{"@type":"EntryPoint","urlTemplate":"https:\/\/regmik.ua\/uk\/?s={search_term_string}"},"query-input":{"@type":"PropertyValueSpecification","valueRequired":true,"valueName":"search_term_string"}}],"inLanguage":"pl-PL"},{"@type":"Organization","@id":"https:\/\/regmik.ua\/uk\/#organization","name":"REGMIK","alternateName":"\u0420\u0415\u0413\u041c\u0418\u041a","url":"https:\/\/regmik.ua\/uk\/","logo":{"@type":"ImageObject","inLanguage":"pl-PL","@id":"https:\/\/regmik.ua\/uk\/#\/schema\/logo\/image\/","url":"https:\/\/regmik.ua\/wp-content\/uploads\/2020\/03\/regmik_logo.png","contentUrl":"https:\/\/regmik.ua\/wp-content\/uploads\/2020\/03\/regmik_logo.png","width":194,"height":45,"caption":"REGMIK"},"image":{"@id":"https:\/\/regmik.ua\/uk\/#\/schema\/logo\/image\/"},"sameAs":["https:\/\/www.facebook.com\/regmik.npf","https:\/\/x.com\/regmiknpf","https:\/\/www.youtube.com\/channel\/UC_SrY98SKAmR3Kt95GcVKcw"]}]}},"_links":{"self":[{"href":"https:\/\/regmik.ua\/pl\/wp-json\/wp\/v2\/product\/19119","targetHints":{"allow":["GET"]}}],"collection":[{"href":"https:\/\/regmik.ua\/pl\/wp-json\/wp\/v2\/product"}],"about":[{"href":"https:\/\/regmik.ua\/pl\/wp-json\/wp\/v2\/types\/product"}],"replies":[{"embeddable":true,"href":"https:\/\/regmik.ua\/pl\/wp-json\/wp\/v2\/comments?post=19119"}],"version-history":[{"count":0,"href":"https:\/\/regmik.ua\/pl\/wp-json\/wp\/v2\/product\/19119\/revisions"}],"wp:featuredmedia":[{"embeddable":true,"href":"https:\/\/regmik.ua\/pl\/wp-json\/wp\/v2\/media\/19120"}],"wp:attachment":[{"href":"https:\/\/regmik.ua\/pl\/wp-json\/wp\/v2\/media?parent=19119"}],"wp:term":[{"taxonomy":"product_brand","embeddable":true,"href":"https:\/\/regmik.ua\/pl\/wp-json\/wp\/v2\/product_brand?post=19119"},{"taxonomy":"product_cat","embeddable":true,"href":"https:\/\/regmik.ua\/pl\/wp-json\/wp\/v2\/product_cat?post=19119"},{"taxonomy":"product_tag","embeddable":true,"href":"https:\/\/regmik.ua\/pl\/wp-json\/wp\/v2\/product_tag?post=19119"}],"curies":[{"name":"wp","href":"https:\/\/api.w.org\/{rel}","templated":true}]}}