{"id":19117,"date":"2019-06-06T13:34:17","date_gmt":"2019-06-06T11:34:17","guid":{"rendered":"https:\/\/regmik.com.ua\/?post_type=product&#038;p=19117"},"modified":"2020-08-20T07:23:50","modified_gmt":"2020-08-20T05:23:50","slug":"mbr10100g","status":"publish","type":"product","link":"https:\/\/regmik.ua\/pl\/product\/mbr10100g\/","title":{"rendered":"MBR10100G"},"content":{"rendered":"<table border=\"1\" width=\"49%\">\n<tbody>\n<tr>\n<td bgcolor=\"#CCCCFF\"><b><span style=\"font-family: Calibri;\">Montowanie<\/span><\/b><\/td>\n<td align=\"center\" bgcolor=\"#CCCCFF\"><span style=\"font-family: Calibri;\">\u00a0THT<\/span><\/td>\n<\/tr>\n<tr>\n<td><b><span style=\"font-family: Calibri;\">Napi\u0119cie wsteczne maks.<\/span><\/b><\/td>\n<td align=\"center\"><span style=\"font-family: Calibri;\">\u00a0100V<\/span><\/td>\n<\/tr>\n<tr>\n<td bgcolor=\"#CCCCFF\"><b><span style=\"font-family: Calibri;\">Spadek napi\u0119cia przy If<\/span><\/b><\/td>\n<td align=\"center\" bgcolor=\"#CCCCFF\"><span style=\"font-family: Calibri;\">\u00a0850mV<\/span><\/td>\n<\/tr>\n<tr>\n<td><b><span style=\"font-family: Calibri;\">Pr\u0105d sta\u0142y<\/span><\/b><\/td>\n<td align=\"center\"><span style=\"font-family: Calibri;\">\u00a010 A<\/span><\/td>\n<\/tr>\n<tr>\n<td bgcolor=\"#CCCCFF\"><b><span style=\"font-family: Calibri;\">Pr\u0105d sta\u0142y maks.<\/span><\/b><\/td>\n<td align=\"center\" bgcolor=\"#CCCCFF\"><span style=\"font-family: Calibri;\">\u00a020A<\/span><\/td>\n<\/tr>\n<tr>\n<td><b><span style=\"font-family: Calibri;\">Projekt diody<\/span><\/b><\/td>\n<td align=\"center\"><span style=\"font-family: Calibri;\">\u00a0pojedyncza dioda<\/span><\/td>\n<\/tr>\n<tr>\n<td bgcolor=\"#CCCCFF\"><b><span style=\"font-family: Calibri;\">Mieszkaniowy<\/span><\/b><\/td>\n<td align=\"center\" bgcolor=\"#CCCCFF\"><span style=\"font-family: Calibri;\">\u00a0TO220AC<\/span><\/td>\n<\/tr>\n<tr>\n<td><b><span style=\"font-family: Calibri;\">Grubo\u015b\u0107 ch\u0142odnicy<\/span><\/b><\/td>\n<td align=\"center\"><span style=\"font-family: Calibri;\">\u00a01,14 ... 1,39 mm<\/span><\/td>\n<\/tr>\n<tr>\n<td bgcolor=\"#CCCCFF\"><b><span style=\"font-family: Calibri;\">Pr\u0105d impulsowy<\/span><\/b><\/td>\n<td align=\"center\" bgcolor=\"#CCCCFF\"><span style=\"font-family: Calibri;\">\u00a0150A<\/span><\/td>\n<\/tr>\n<\/tbody>\n<\/table>","protected":false},"excerpt":{"rendered":"<p>\u041c\u043e\u043d\u0442\u0430\u0436 \u00a0THT \u041e\u0431\u0440\u0430\u0442\u043d\u043e\u0435 \u043d\u0430\u043f\u0440\u044f\u0436\u0435\u043d\u0438\u0435 \u043c\u0430\u043a\u0441. \u00a0100\u0412 \u041f\u0430\u0434\u0435\u043d\u0438\u0435 \u043d\u0430\u043f\u0440\u044f\u0436\u0435\u043d\u0438\u044f \u043f\u0440\u0438 If \u00a0850\u043c\u0412 \u041f\u0440\u044f\u043c\u043e\u0439 \u0442\u043e\u043a \u00a010\u0410 \u041f\u0440\u044f\u043c\u043e\u0439 \u0442\u043e\u043a \u043c\u0430\u043a\u0441. \u00a020\u0410 \u041a\u043e\u043d\u0441\u0442\u0440\u0443\u043a\u0446\u0438\u044f \u0434\u0438\u043e\u0434\u0430 \u00a0\u043e\u0434\u0438\u043d\u043e\u0447\u043d\u044b\u0439 \u0434\u0438\u043e\u0434 \u041a\u043e\u0440\u043f\u0443\u0441 \u00a0TO220AC \u0422\u043e\u043b\u0449\u0438\u043d\u0430 \u0440\u0430\u0434\u0438\u0442\u043e\u0440\u0430 \u00a01.14&#8230;1.39\u043c\u043c \u0418\u043c\u043f\u0443\u043b\u044c\u0441\u043d\u044b\u0439 \u0442\u043e\u043a \u00a0150\u0410<\/p>","protected":false},"featured_media":19118,"comment_status":"open","ping_status":"closed","template":"","meta":[],"product_brand":[],"product_cat":[792],"product_tag":[3157],"class_list":{"0":"post-19117","1":"product","2":"type-product","3":"status-publish","4":"has-post-thumbnail","6":"product_cat-diody","7":"product_tag-mbr10100g","10":"instock","11":"shipping-taxable","12":"purchasable","13":"product-type-simple"},"yoast_head":"<title>MBR10100G &#8211; \u0420\u0415\u0413\u041c\u0406\u041a, \u041d\u0412\u0424, \u041f\u041f<\/title>\n<meta name=\"description\" content=\"\u041c\u043e\u043d\u0442\u0430\u0436 \u00a0THT \u041e\u0431\u0440\u0430\u0442\u043d\u043e\u0435 \u043d\u0430\u043f\u0440\u044f\u0436\u0435\u043d\u0438\u0435 \u043c\u0430\u043a\u0441. \u00a0100\u0412 \u041f\u0430\u0434\u0435\u043d\u0438\u0435 \u043d\u0430\u043f\u0440\u044f\u0436\u0435\u043d\u0438\u044f \u043f\u0440\u0438 If \u00a0850\u043c\u0412 \u041f\u0440\u044f\u043c\u043e\u0439 \u0442\u043e\u043a \u00a010\u0410 \u041f\u0440\u044f\u043c\u043e\u0439 \u0442\u043e\u043a \u043c\u0430\u043a\u0441. \u00a020\u0410 \u041a\u043e\u043d\u0441\u0442\u0440\u0443\u043a\u0446\u0438\u044f \u0434\u0438\u043e\u0434\u0430 \u00a0\u043e\u0434\u0438\u043d\u043e\u0447\u043d\u044b\u0439 \u0434\u0438\u043e\u0434\" \/>\n<meta name=\"robots\" content=\"index, follow, max-snippet:-1, max-image-preview:large, max-video-preview:-1\" \/>\n<link rel=\"canonical\" href=\"https:\/\/regmik.ua\/pl\/product\/mbr10100g\/\" \/>\n<script type=\"application\/ld+json\" class=\"yoast-schema-graph\">{\"@context\":\"https:\\\/\\\/schema.org\",\"@graph\":[{\"@type\":\"WebPage\",\"@id\":\"https:\\\/\\\/regmik.ua\\\/product\\\/mbr10100g\\\/\",\"url\":\"https:\\\/\\\/regmik.ua\\\/product\\\/mbr10100g\\\/\",\"name\":\"MBR10100G &#8211; \u0420\u0415\u0413\u041c\u0406\u041a, \u041d\u0412\u0424, \u041f\u041f\",\"isPartOf\":{\"@id\":\"https:\\\/\\\/regmik.ua\\\/uk\\\/#website\"},\"primaryImageOfPage\":{\"@id\":\"https:\\\/\\\/regmik.ua\\\/product\\\/mbr10100g\\\/#primaryimage\"},\"image\":{\"@id\":\"https:\\\/\\\/regmik.ua\\\/product\\\/mbr10100g\\\/#primaryimage\"},\"thumbnailUrl\":\"https:\\\/\\\/regmik.ua\\\/wp-content\\\/uploads\\\/2019\\\/06\\\/52765.jpg\",\"datePublished\":\"2019-06-06T11:34:17+00:00\",\"dateModified\":\"2020-08-20T05:23:50+00:00\",\"description\":\"\u041c\u043e\u043d\u0442\u0430\u0436 \u00a0THT \u041e\u0431\u0440\u0430\u0442\u043d\u043e\u0435 \u043d\u0430\u043f\u0440\u044f\u0436\u0435\u043d\u0438\u0435 \u043c\u0430\u043a\u0441. \u00a0100\u0412 \u041f\u0430\u0434\u0435\u043d\u0438\u0435 \u043d\u0430\u043f\u0440\u044f\u0436\u0435\u043d\u0438\u044f \u043f\u0440\u0438 If \u00a0850\u043c\u0412 \u041f\u0440\u044f\u043c\u043e\u0439 \u0442\u043e\u043a \u00a010\u0410 \u041f\u0440\u044f\u043c\u043e\u0439 \u0442\u043e\u043a \u043c\u0430\u043a\u0441. \u00a020\u0410 \u041a\u043e\u043d\u0441\u0442\u0440\u0443\u043a\u0446\u0438\u044f \u0434\u0438\u043e\u0434\u0430 \u00a0\u043e\u0434\u0438\u043d\u043e\u0447\u043d\u044b\u0439 \u0434\u0438\u043e\u0434\",\"breadcrumb\":{\"@id\":\"https:\\\/\\\/regmik.ua\\\/product\\\/mbr10100g\\\/#breadcrumb\"},\"inLanguage\":\"pl-PL\",\"potentialAction\":[{\"@type\":\"ReadAction\",\"target\":[\"https:\\\/\\\/regmik.ua\\\/product\\\/mbr10100g\\\/\"]}]},{\"@type\":\"ImageObject\",\"inLanguage\":\"pl-PL\",\"@id\":\"https:\\\/\\\/regmik.ua\\\/product\\\/mbr10100g\\\/#primaryimage\",\"url\":\"https:\\\/\\\/regmik.ua\\\/wp-content\\\/uploads\\\/2019\\\/06\\\/52765.jpg\",\"contentUrl\":\"https:\\\/\\\/regmik.ua\\\/wp-content\\\/uploads\\\/2019\\\/06\\\/52765.jpg\",\"width\":640,\"height\":480,\"caption\":\"MBR10100G\"},{\"@type\":\"BreadcrumbList\",\"@id\":\"https:\\\/\\\/regmik.ua\\\/product\\\/mbr10100g\\\/#breadcrumb\",\"itemListElement\":[{\"@type\":\"ListItem\",\"position\":1,\"name\":\"\u0413\u043b\u0430\u0432\u043d\u0430\u044f \u0441\u0442\u0440\u0430\u043d\u0438\u0446\u0430\",\"item\":\"https:\\\/\\\/regmik.ua\\\/\"},{\"@type\":\"ListItem\",\"position\":2,\"name\":\"\u041f\u0440\u043e\u0434\u0443\u043a\u0446\u0438\u044f\",\"item\":\"https:\\\/\\\/regmik.ua\\\/uk\\\/products\\\/\"},{\"@type\":\"ListItem\",\"position\":3,\"name\":\"MBR10100G\"}]},{\"@type\":\"WebSite\",\"@id\":\"https:\\\/\\\/regmik.ua\\\/uk\\\/#website\",\"url\":\"https:\\\/\\\/regmik.ua\\\/uk\\\/\",\"name\":\"REGMIK\",\"description\":\"\u0418\u0437\u043c\u0435\u0440\u0438\u0442\u0435\u043b\u044c\u043d\u044b\u0435 \u043f\u0440\u0438\u0431\u043e\u0440\u044b \u0438 \u0434\u0430\u0442\u0447\u0438\u043a\u0438 \u0442\u0435\u043c\u043f\u0435\u0440\u0430\u0442\u0443\u0440\u044b\",\"publisher\":{\"@id\":\"https:\\\/\\\/regmik.ua\\\/uk\\\/#organization\"},\"alternateName\":\"REGMIK\",\"potentialAction\":[{\"@type\":\"SearchAction\",\"target\":{\"@type\":\"EntryPoint\",\"urlTemplate\":\"https:\\\/\\\/regmik.ua\\\/uk\\\/?s={search_term_string}\"},\"query-input\":{\"@type\":\"PropertyValueSpecification\",\"valueRequired\":true,\"valueName\":\"search_term_string\"}}],\"inLanguage\":\"pl-PL\"},{\"@type\":\"Organization\",\"@id\":\"https:\\\/\\\/regmik.ua\\\/uk\\\/#organization\",\"name\":\"REGMIK\",\"alternateName\":\"\u0420\u0415\u0413\u041c\u0418\u041a\",\"url\":\"https:\\\/\\\/regmik.ua\\\/uk\\\/\",\"logo\":{\"@type\":\"ImageObject\",\"inLanguage\":\"pl-PL\",\"@id\":\"https:\\\/\\\/regmik.ua\\\/uk\\\/#\\\/schema\\\/logo\\\/image\\\/\",\"url\":\"https:\\\/\\\/regmik.ua\\\/wp-content\\\/uploads\\\/2020\\\/03\\\/regmik_logo.png\",\"contentUrl\":\"https:\\\/\\\/regmik.ua\\\/wp-content\\\/uploads\\\/2020\\\/03\\\/regmik_logo.png\",\"width\":194,\"height\":45,\"caption\":\"REGMIK\"},\"image\":{\"@id\":\"https:\\\/\\\/regmik.ua\\\/uk\\\/#\\\/schema\\\/logo\\\/image\\\/\"},\"sameAs\":[\"https:\\\/\\\/www.facebook.com\\\/regmik.npf\",\"https:\\\/\\\/x.com\\\/regmiknpf\",\"https:\\\/\\\/www.youtube.com\\\/channel\\\/UC_SrY98SKAmR3Kt95GcVKcw\"]}]}<\/script>","yoast_head_json":{"title":"MBR10100G - REGMIK, NVF, PP","description":"Instalacja THT Napi\u0119cie wsteczne max. 100 V Spadek napi\u0119cia przy 850 mV Pr\u0105d przewodzenia 10 A Pr\u0105d przewodzenia maks. 20A Pojedyncza dioda o konstrukcji diodowej","robots":{"index":"index","follow":"follow","max-snippet":"max-snippet:-1","max-image-preview":"max-image-preview:large","max-video-preview":"max-video-preview:-1"},"canonical":"https:\/\/regmik.ua\/pl\/product\/mbr10100g\/","schema":{"@context":"https:\/\/schema.org","@graph":[{"@type":"WebPage","@id":"https:\/\/regmik.ua\/product\/mbr10100g\/","url":"https:\/\/regmik.ua\/product\/mbr10100g\/","name":"MBR10100G - REGMIK, NVF, PP","isPartOf":{"@id":"https:\/\/regmik.ua\/uk\/#website"},"primaryImageOfPage":{"@id":"https:\/\/regmik.ua\/product\/mbr10100g\/#primaryimage"},"image":{"@id":"https:\/\/regmik.ua\/product\/mbr10100g\/#primaryimage"},"thumbnailUrl":"https:\/\/regmik.ua\/wp-content\/uploads\/2019\/06\/52765.jpg","datePublished":"2019-06-06T11:34:17+00:00","dateModified":"2020-08-20T05:23:50+00:00","description":"Instalacja THT Napi\u0119cie wsteczne max. 100 V Spadek napi\u0119cia przy 850 mV Pr\u0105d przewodzenia 10 A Pr\u0105d przewodzenia maks. 20A Pojedyncza dioda o konstrukcji diodowej","breadcrumb":{"@id":"https:\/\/regmik.ua\/product\/mbr10100g\/#breadcrumb"},"inLanguage":"pl-PL","potentialAction":[{"@type":"ReadAction","target":["https:\/\/regmik.ua\/product\/mbr10100g\/"]}]},{"@type":"ImageObject","inLanguage":"pl-PL","@id":"https:\/\/regmik.ua\/product\/mbr10100g\/#primaryimage","url":"https:\/\/regmik.ua\/wp-content\/uploads\/2019\/06\/52765.jpg","contentUrl":"https:\/\/regmik.ua\/wp-content\/uploads\/2019\/06\/52765.jpg","width":640,"height":480,"caption":"MBR10100G"},{"@type":"BreadcrumbList","@id":"https:\/\/regmik.ua\/product\/mbr10100g\/#breadcrumb","itemListElement":[{"@type":"ListItem","position":1,"name":"\u0413\u043b\u0430\u0432\u043d\u0430\u044f \u0441\u0442\u0440\u0430\u043d\u0438\u0446\u0430","item":"https:\/\/regmik.ua\/"},{"@type":"ListItem","position":2,"name":"\u041f\u0440\u043e\u0434\u0443\u043a\u0446\u0438\u044f","item":"https:\/\/regmik.ua\/uk\/products\/"},{"@type":"ListItem","position":3,"name":"MBR10100G"}]},{"@type":"WebSite","@id":"https:\/\/regmik.ua\/uk\/#website","url":"https:\/\/regmik.ua\/uk\/","name":"REGMIK","description":"Przyrz\u0105dy pomiarowe i czujniki temperatury","publisher":{"@id":"https:\/\/regmik.ua\/uk\/#organization"},"alternateName":"REGMIK","potentialAction":[{"@type":"SearchAction","target":{"@type":"EntryPoint","urlTemplate":"https:\/\/regmik.ua\/uk\/?s={search_term_string}"},"query-input":{"@type":"PropertyValueSpecification","valueRequired":true,"valueName":"search_term_string"}}],"inLanguage":"pl-PL"},{"@type":"Organization","@id":"https:\/\/regmik.ua\/uk\/#organization","name":"REGMIK","alternateName":"\u0420\u0415\u0413\u041c\u0418\u041a","url":"https:\/\/regmik.ua\/uk\/","logo":{"@type":"ImageObject","inLanguage":"pl-PL","@id":"https:\/\/regmik.ua\/uk\/#\/schema\/logo\/image\/","url":"https:\/\/regmik.ua\/wp-content\/uploads\/2020\/03\/regmik_logo.png","contentUrl":"https:\/\/regmik.ua\/wp-content\/uploads\/2020\/03\/regmik_logo.png","width":194,"height":45,"caption":"REGMIK"},"image":{"@id":"https:\/\/regmik.ua\/uk\/#\/schema\/logo\/image\/"},"sameAs":["https:\/\/www.facebook.com\/regmik.npf","https:\/\/x.com\/regmiknpf","https:\/\/www.youtube.com\/channel\/UC_SrY98SKAmR3Kt95GcVKcw"]}]}},"_links":{"self":[{"href":"https:\/\/regmik.ua\/pl\/wp-json\/wp\/v2\/product\/19117","targetHints":{"allow":["GET"]}}],"collection":[{"href":"https:\/\/regmik.ua\/pl\/wp-json\/wp\/v2\/product"}],"about":[{"href":"https:\/\/regmik.ua\/pl\/wp-json\/wp\/v2\/types\/product"}],"replies":[{"embeddable":true,"href":"https:\/\/regmik.ua\/pl\/wp-json\/wp\/v2\/comments?post=19117"}],"version-history":[{"count":0,"href":"https:\/\/regmik.ua\/pl\/wp-json\/wp\/v2\/product\/19117\/revisions"}],"wp:featuredmedia":[{"embeddable":true,"href":"https:\/\/regmik.ua\/pl\/wp-json\/wp\/v2\/media\/19118"}],"wp:attachment":[{"href":"https:\/\/regmik.ua\/pl\/wp-json\/wp\/v2\/media?parent=19117"}],"wp:term":[{"taxonomy":"product_brand","embeddable":true,"href":"https:\/\/regmik.ua\/pl\/wp-json\/wp\/v2\/product_brand?post=19117"},{"taxonomy":"product_cat","embeddable":true,"href":"https:\/\/regmik.ua\/pl\/wp-json\/wp\/v2\/product_cat?post=19117"},{"taxonomy":"product_tag","embeddable":true,"href":"https:\/\/regmik.ua\/pl\/wp-json\/wp\/v2\/product_tag?post=19117"}],"curies":[{"name":"wp","href":"https:\/\/api.w.org\/{rel}","templated":true}]}}