{"id":19101,"date":"2019-06-06T14:32:28","date_gmt":"2019-06-06T12:32:28","guid":{"rendered":"https:\/\/regmik.com.ua\/?post_type=product&#038;p=19101"},"modified":"2020-08-20T07:23:49","modified_gmt":"2020-08-20T05:23:49","slug":"74hc4052d","status":"publish","type":"product","link":"https:\/\/regmik.ua\/pl\/product\/74hc4052d\/","title":{"rendered":"74HC4052D"},"content":{"rendered":"<table class=\"pricelist\">\n<tbody>\n<tr class=\"even\">\n<td>Mieszkaniowy<\/td>\n<td>16-SO<\/td>\n<\/tr>\n<tr class=\"odd\">\n<td>Wymiar sprawy)<\/td>\n<td>16-SOIC (0,154 \u2033, 3,90 mm szeroko\u015bci)<\/td>\n<\/tr>\n<tr class=\"even\">\n<td>Typ mocowania<\/td>\n<td>Powierzchnia<\/td>\n<\/tr>\n<tr class=\"odd\">\n<td>Temperatura pracy<\/td>\n<td>-40 \u00b0 C ~ 125 \u00b0 C<\/td>\n<\/tr>\n<tr class=\"even\">\n<td>Pr\u0105d wyj\u015bciowy<\/td>\n<td>320 \u00b5A<\/td>\n<\/tr>\n<tr class=\"odd\">\n<td>Wyj\u015bcie napi\u0119ciowe, pojedyncze \/ podw\u00f3jne (\u00b1)<\/td>\n<td>\u00b1 2 V ~ 10 V.<\/td>\n<\/tr>\n<tr class=\"even\">\n<td>Napi\u0119cie zasilania<\/td>\n<td>Podw\u00f3jne zasilanie<\/td>\n<\/tr>\n<tr class=\"odd\">\n<td>Op\u00f3r (stan w\u0142\u0105czenia)<\/td>\n<td>240 om\u00f3w<\/td>\n<\/tr>\n<tr class=\"even\">\n<td>Kana\u0142y<\/td>\n<td>2 x 4: 1<\/td>\n<\/tr>\n<tr class=\"odd\">\n<td>Seria<\/td>\n<td>74HC<\/td>\n<\/tr>\n<tr class=\"even\">\n<td>Funkcjonowa\u0107<\/td>\n<td>Multiplekser \/ demultiplekser<\/td>\n<\/tr>\n<tr class=\"odd\">\n<td><\/td>\n<td><\/td>\n<\/tr>\n<\/tbody>\n<\/table>\n<p>&nbsp;<\/p>","protected":false},"excerpt":{"rendered":"<p>\u041a\u043e\u0440\u043f\u0443\u0441 16-SO \u041a\u043e\u0440\u043f\u0443\u0441 (\u0440\u0430\u0437\u043c\u0435\u0440) 16-SOIC (0.154&#8243;, 3.90mm Width) \u0422\u0438\u043f \u043c\u043e\u043d\u0442\u0430\u0436\u0430 \u041f\u043e\u0432\u0435\u0440\u0445\u043d\u043e\u0441\u0442\u043d\u044b\u0439 \u0420\u0430\u0431\u043e\u0447\u0430\u044f \u0442\u0435\u043c\u043f\u0435\u0440\u0430\u0442\u0443\u0440\u0430 -40\u00b0C ~ 125\u00b0C \u0422\u043e\u043a \u0432\u044b\u0445\u043e\u0434\u043d\u043e\u0439 320\u00b5A \u041d\u0430\u043f\u0440\u044f\u0436\u0435\u043d\u0438\u0435-\u0432\u044b\u0445\u043e\u0434\u043d\u043e\u0435, Single\/Dual (\u00b1) \u00b12 V ~ 10 V \u041d\u0430\u043f\u0440\u044f\u0436\u0435\u043d\u0438\u0435 \u043f\u0438\u0442\u0430\u043d\u0438\u044f \u0438\u0441\u0442\u043e\u0447\u043d\u0438\u043a\u0430 Dual Supply \u0421\u043e\u043f\u0440\u043e\u0442\u0438\u0432\u043b\u0435\u043d\u0438\u0435 (On-State) 240 Ohm \u041a\u0430\u043d\u0430\u043b\u044b 2 x 4:1 \u0421\u0435\u0440\u0438\u044f 74HC \u0424\u0443\u043d\u043a\u0446\u0438\u044f Multiplexer\/Demultiplexer &nbsp;<\/p>","protected":false},"featured_media":19102,"comment_status":"open","ping_status":"closed","template":"","meta":[],"product_brand":[],"product_cat":[779],"product_tag":[3150],"class_list":{"0":"post-19101","1":"product","2":"type-product","3":"status-publish","4":"has-post-thumbnail","6":"product_cat-chip","7":"product_tag-74hc4052d","10":"instock","11":"shipping-taxable","12":"purchasable","13":"product-type-simple"},"yoast_head":"<title>74HC4052D &#8211; \u0420\u0415\u0413\u041c\u0406\u041a, \u041d\u0412\u0424, \u041f\u041f<\/title>\n<meta name=\"description\" content=\"\u041a\u043e\u0440\u043f\u0443\u0441 16-SO \u041a\u043e\u0440\u043f\u0443\u0441 (\u0440\u0430\u0437\u043c\u0435\u0440) 16-SOIC (0.154&quot;, 3.90mm Width) \u0422\u0438\u043f \u043c\u043e\u043d\u0442\u0430\u0436\u0430 \u041f\u043e\u0432\u0435\u0440\u0445\u043d\u043e\u0441\u0442\u043d\u044b\u0439 \u0420\u0430\u0431\u043e\u0447\u0430\u044f \u0442\u0435\u043c\u043f\u0435\u0440\u0430\u0442\u0443\u0440\u0430 -40\u00b0C ~ 125\u00b0C \u0422\u043e\u043a \u0432\u044b\u0445\u043e\u0434\u043d\u043e\u0439 320\u00b5A\" \/>\n<meta name=\"robots\" content=\"index, follow, max-snippet:-1, max-image-preview:large, max-video-preview:-1\" \/>\n<link rel=\"canonical\" href=\"https:\/\/regmik.ua\/pl\/product\/74hc4052d\/\" \/>\n<script type=\"application\/ld+json\" class=\"yoast-schema-graph\">{\"@context\":\"https:\\\/\\\/schema.org\",\"@graph\":[{\"@type\":\"WebPage\",\"@id\":\"https:\\\/\\\/regmik.ua\\\/product\\\/74hc4052d\\\/\",\"url\":\"https:\\\/\\\/regmik.ua\\\/product\\\/74hc4052d\\\/\",\"name\":\"74HC4052D &#8211; \u0420\u0415\u0413\u041c\u0406\u041a, \u041d\u0412\u0424, \u041f\u041f\",\"isPartOf\":{\"@id\":\"https:\\\/\\\/regmik.ua\\\/uk\\\/#website\"},\"primaryImageOfPage\":{\"@id\":\"https:\\\/\\\/regmik.ua\\\/product\\\/74hc4052d\\\/#primaryimage\"},\"image\":{\"@id\":\"https:\\\/\\\/regmik.ua\\\/product\\\/74hc4052d\\\/#primaryimage\"},\"thumbnailUrl\":\"https:\\\/\\\/regmik.ua\\\/wp-content\\\/uploads\\\/2019\\\/06\\\/so-16-s.jpg\",\"datePublished\":\"2019-06-06T12:32:28+00:00\",\"dateModified\":\"2020-08-20T05:23:49+00:00\",\"description\":\"\u041a\u043e\u0440\u043f\u0443\u0441 16-SO \u041a\u043e\u0440\u043f\u0443\u0441 (\u0440\u0430\u0437\u043c\u0435\u0440) 16-SOIC (0.154\\\", 3.90mm Width) \u0422\u0438\u043f \u043c\u043e\u043d\u0442\u0430\u0436\u0430 \u041f\u043e\u0432\u0435\u0440\u0445\u043d\u043e\u0441\u0442\u043d\u044b\u0439 \u0420\u0430\u0431\u043e\u0447\u0430\u044f \u0442\u0435\u043c\u043f\u0435\u0440\u0430\u0442\u0443\u0440\u0430 -40\u00b0C ~ 125\u00b0C \u0422\u043e\u043a \u0432\u044b\u0445\u043e\u0434\u043d\u043e\u0439 320\u00b5A\",\"breadcrumb\":{\"@id\":\"https:\\\/\\\/regmik.ua\\\/product\\\/74hc4052d\\\/#breadcrumb\"},\"inLanguage\":\"pl-PL\",\"potentialAction\":[{\"@type\":\"ReadAction\",\"target\":[\"https:\\\/\\\/regmik.ua\\\/product\\\/74hc4052d\\\/\"]}]},{\"@type\":\"ImageObject\",\"inLanguage\":\"pl-PL\",\"@id\":\"https:\\\/\\\/regmik.ua\\\/product\\\/74hc4052d\\\/#primaryimage\",\"url\":\"https:\\\/\\\/regmik.ua\\\/wp-content\\\/uploads\\\/2019\\\/06\\\/so-16-s.jpg\",\"contentUrl\":\"https:\\\/\\\/regmik.ua\\\/wp-content\\\/uploads\\\/2019\\\/06\\\/so-16-s.jpg\",\"width\":100,\"height\":100,\"caption\":\"74HC4052D\"},{\"@type\":\"BreadcrumbList\",\"@id\":\"https:\\\/\\\/regmik.ua\\\/product\\\/74hc4052d\\\/#breadcrumb\",\"itemListElement\":[{\"@type\":\"ListItem\",\"position\":1,\"name\":\"\u0413\u043b\u0430\u0432\u043d\u0430\u044f \u0441\u0442\u0440\u0430\u043d\u0438\u0446\u0430\",\"item\":\"https:\\\/\\\/regmik.ua\\\/\"},{\"@type\":\"ListItem\",\"position\":2,\"name\":\"\u041f\u0440\u043e\u0434\u0443\u043a\u0446\u0438\u044f\",\"item\":\"https:\\\/\\\/regmik.ua\\\/uk\\\/products\\\/\"},{\"@type\":\"ListItem\",\"position\":3,\"name\":\"74HC4052D\"}]},{\"@type\":\"WebSite\",\"@id\":\"https:\\\/\\\/regmik.ua\\\/uk\\\/#website\",\"url\":\"https:\\\/\\\/regmik.ua\\\/uk\\\/\",\"name\":\"REGMIK\",\"description\":\"\u0418\u0437\u043c\u0435\u0440\u0438\u0442\u0435\u043b\u044c\u043d\u044b\u0435 \u043f\u0440\u0438\u0431\u043e\u0440\u044b \u0438 \u0434\u0430\u0442\u0447\u0438\u043a\u0438 \u0442\u0435\u043c\u043f\u0435\u0440\u0430\u0442\u0443\u0440\u044b\",\"publisher\":{\"@id\":\"https:\\\/\\\/regmik.ua\\\/uk\\\/#organization\"},\"alternateName\":\"REGMIK\",\"potentialAction\":[{\"@type\":\"SearchAction\",\"target\":{\"@type\":\"EntryPoint\",\"urlTemplate\":\"https:\\\/\\\/regmik.ua\\\/uk\\\/?s={search_term_string}\"},\"query-input\":{\"@type\":\"PropertyValueSpecification\",\"valueRequired\":true,\"valueName\":\"search_term_string\"}}],\"inLanguage\":\"pl-PL\"},{\"@type\":\"Organization\",\"@id\":\"https:\\\/\\\/regmik.ua\\\/uk\\\/#organization\",\"name\":\"REGMIK\",\"alternateName\":\"\u0420\u0415\u0413\u041c\u0418\u041a\",\"url\":\"https:\\\/\\\/regmik.ua\\\/uk\\\/\",\"logo\":{\"@type\":\"ImageObject\",\"inLanguage\":\"pl-PL\",\"@id\":\"https:\\\/\\\/regmik.ua\\\/uk\\\/#\\\/schema\\\/logo\\\/image\\\/\",\"url\":\"https:\\\/\\\/regmik.ua\\\/wp-content\\\/uploads\\\/2020\\\/03\\\/regmik_logo.png\",\"contentUrl\":\"https:\\\/\\\/regmik.ua\\\/wp-content\\\/uploads\\\/2020\\\/03\\\/regmik_logo.png\",\"width\":194,\"height\":45,\"caption\":\"REGMIK\"},\"image\":{\"@id\":\"https:\\\/\\\/regmik.ua\\\/uk\\\/#\\\/schema\\\/logo\\\/image\\\/\"},\"sameAs\":[\"https:\\\/\\\/www.facebook.com\\\/regmik.npf\",\"https:\\\/\\\/x.com\\\/regmiknpf\",\"https:\\\/\\\/www.youtube.com\\\/channel\\\/UC_SrY98SKAmR3Kt95GcVKcw\"]}]}<\/script>","yoast_head_json":{"title":"74HC4052D &#8211; \u0420\u0415\u0413\u041c\u0406\u041a, \u041d\u0412\u0424, \u041f\u041f","description":"Obudowa 16-SO Obudowa (rozmiar) 16-SOIC (0,154 &quot;, 3,90 mm szeroko\u015bci) Rodzaj monta\u017cu Powierzchnia Temperatura pracy -40 \u00b0 C ~ 125 \u00b0 C Pr\u0105d wyj\u015bciowy 320\u00b5A","robots":{"index":"index","follow":"follow","max-snippet":"max-snippet:-1","max-image-preview":"max-image-preview:large","max-video-preview":"max-video-preview:-1"},"canonical":"https:\/\/regmik.ua\/pl\/product\/74hc4052d\/","schema":{"@context":"https:\/\/schema.org","@graph":[{"@type":"WebPage","@id":"https:\/\/regmik.ua\/product\/74hc4052d\/","url":"https:\/\/regmik.ua\/product\/74hc4052d\/","name":"74HC4052D &#8211; \u0420\u0415\u0413\u041c\u0406\u041a, \u041d\u0412\u0424, \u041f\u041f","isPartOf":{"@id":"https:\/\/regmik.ua\/uk\/#website"},"primaryImageOfPage":{"@id":"https:\/\/regmik.ua\/product\/74hc4052d\/#primaryimage"},"image":{"@id":"https:\/\/regmik.ua\/product\/74hc4052d\/#primaryimage"},"thumbnailUrl":"https:\/\/regmik.ua\/wp-content\/uploads\/2019\/06\/so-16-s.jpg","datePublished":"2019-06-06T12:32:28+00:00","dateModified":"2020-08-20T05:23:49+00:00","description":"Obudowa 16-SO Obudowa (rozmiar) 16-SOIC (0,154 &quot;, 3,90 mm szeroko\u015bci) Rodzaj monta\u017cu Powierzchnia Temperatura pracy -40 \u00b0 C ~ 125 \u00b0 C Pr\u0105d wyj\u015bciowy 320\u00b5A","breadcrumb":{"@id":"https:\/\/regmik.ua\/product\/74hc4052d\/#breadcrumb"},"inLanguage":"pl-PL","potentialAction":[{"@type":"ReadAction","target":["https:\/\/regmik.ua\/product\/74hc4052d\/"]}]},{"@type":"ImageObject","inLanguage":"pl-PL","@id":"https:\/\/regmik.ua\/product\/74hc4052d\/#primaryimage","url":"https:\/\/regmik.ua\/wp-content\/uploads\/2019\/06\/so-16-s.jpg","contentUrl":"https:\/\/regmik.ua\/wp-content\/uploads\/2019\/06\/so-16-s.jpg","width":100,"height":100,"caption":"74HC4052D"},{"@type":"BreadcrumbList","@id":"https:\/\/regmik.ua\/product\/74hc4052d\/#breadcrumb","itemListElement":[{"@type":"ListItem","position":1,"name":"\u0413\u043b\u0430\u0432\u043d\u0430\u044f \u0441\u0442\u0440\u0430\u043d\u0438\u0446\u0430","item":"https:\/\/regmik.ua\/"},{"@type":"ListItem","position":2,"name":"\u041f\u0440\u043e\u0434\u0443\u043a\u0446\u0438\u044f","item":"https:\/\/regmik.ua\/uk\/products\/"},{"@type":"ListItem","position":3,"name":"74HC4052D"}]},{"@type":"WebSite","@id":"https:\/\/regmik.ua\/uk\/#website","url":"https:\/\/regmik.ua\/uk\/","name":"REGMIK","description":"Przyrz\u0105dy pomiarowe i czujniki temperatury","publisher":{"@id":"https:\/\/regmik.ua\/uk\/#organization"},"alternateName":"REGMIK","potentialAction":[{"@type":"SearchAction","target":{"@type":"EntryPoint","urlTemplate":"https:\/\/regmik.ua\/uk\/?s={search_term_string}"},"query-input":{"@type":"PropertyValueSpecification","valueRequired":true,"valueName":"search_term_string"}}],"inLanguage":"pl-PL"},{"@type":"Organization","@id":"https:\/\/regmik.ua\/uk\/#organization","name":"REGMIK","alternateName":"\u0420\u0415\u0413\u041c\u0418\u041a","url":"https:\/\/regmik.ua\/uk\/","logo":{"@type":"ImageObject","inLanguage":"pl-PL","@id":"https:\/\/regmik.ua\/uk\/#\/schema\/logo\/image\/","url":"https:\/\/regmik.ua\/wp-content\/uploads\/2020\/03\/regmik_logo.png","contentUrl":"https:\/\/regmik.ua\/wp-content\/uploads\/2020\/03\/regmik_logo.png","width":194,"height":45,"caption":"REGMIK"},"image":{"@id":"https:\/\/regmik.ua\/uk\/#\/schema\/logo\/image\/"},"sameAs":["https:\/\/www.facebook.com\/regmik.npf","https:\/\/x.com\/regmiknpf","https:\/\/www.youtube.com\/channel\/UC_SrY98SKAmR3Kt95GcVKcw"]}]}},"_links":{"self":[{"href":"https:\/\/regmik.ua\/pl\/wp-json\/wp\/v2\/product\/19101","targetHints":{"allow":["GET"]}}],"collection":[{"href":"https:\/\/regmik.ua\/pl\/wp-json\/wp\/v2\/product"}],"about":[{"href":"https:\/\/regmik.ua\/pl\/wp-json\/wp\/v2\/types\/product"}],"replies":[{"embeddable":true,"href":"https:\/\/regmik.ua\/pl\/wp-json\/wp\/v2\/comments?post=19101"}],"version-history":[{"count":0,"href":"https:\/\/regmik.ua\/pl\/wp-json\/wp\/v2\/product\/19101\/revisions"}],"wp:featuredmedia":[{"embeddable":true,"href":"https:\/\/regmik.ua\/pl\/wp-json\/wp\/v2\/media\/19102"}],"wp:attachment":[{"href":"https:\/\/regmik.ua\/pl\/wp-json\/wp\/v2\/media?parent=19101"}],"wp:term":[{"taxonomy":"product_brand","embeddable":true,"href":"https:\/\/regmik.ua\/pl\/wp-json\/wp\/v2\/product_brand?post=19101"},{"taxonomy":"product_cat","embeddable":true,"href":"https:\/\/regmik.ua\/pl\/wp-json\/wp\/v2\/product_cat?post=19101"},{"taxonomy":"product_tag","embeddable":true,"href":"https:\/\/regmik.ua\/pl\/wp-json\/wp\/v2\/product_tag?post=19101"}],"curies":[{"name":"wp","href":"https:\/\/api.w.org\/{rel}","templated":true}]}}