{"id":19082,"date":"2019-06-06T16:04:06","date_gmt":"2019-06-06T14:04:06","guid":{"rendered":"https:\/\/regmik.com.ua\/?post_type=product&#038;p=19082"},"modified":"2020-08-20T07:23:07","modified_gmt":"2020-08-20T05:23:07","slug":"mcp607","status":"publish","type":"product","link":"https:\/\/regmik.ua\/pl\/product\/mcp607\/","title":{"rendered":"MCP607"},"content":{"rendered":"<blockquote>\n<p align=\"left\"><span style=\"font-family: Arial; font-size: small;\"><strong>G\u0142\u00f3wna charakterystyka:<\/strong><\/span><\/p>\n<\/blockquote>\n<ul>\n<li>\n<table>\n<tbody>\n<tr>\n<td class=\"span-7 col-md-4 last\"><label id=\"param_367\">Frytkowy rodzaj<\/label><\/td>\n<td class=\"span-10 col-md-8 last\">wzmacniacz operacyjny<\/td>\n<td><\/td>\n<\/tr>\n<tr class=\"odd\">\n<td class=\"span-7 col-md-4 last\"><label id=\"param_397\">Pasmo cz\u0119stotliwo\u015bci transmitowanych<\/label><\/td>\n<td class=\"span-10 col-md-8 last\">155kHz<\/td>\n<\/tr>\n<tr>\n<td class=\"span-7 col-md-4 last\"><label id=\"param_398\">Osi\u0105ga\u0107<\/label><\/td>\n<td class=\"span-10 col-md-8 last\">115dB<\/td>\n<td><\/td>\n<\/tr>\n<tr class=\"odd\">\n<td class=\"span-7 col-md-4 last\"><label id=\"param_10\">Montowanie<\/label><\/td>\n<td class=\"span-10 col-md-8 last\">SMD<\/td>\n<td><\/td>\n<\/tr>\n<tr>\n<td class=\"span-7 col-md-4 last\"><label id=\"param_383\">Liczba kana\u0142\u00f3w<\/label><\/td>\n<td class=\"span-10 col-md-8 last\">2<\/td>\n<td><\/td>\n<\/tr>\n<tr class=\"odd\">\n<td class=\"span-7 col-md-4 last\"><label id=\"param_35\">Mieszkaniowy<\/label><\/td>\n<td class=\"span-10 col-md-8 last\">SO8<\/td>\n<td><\/td>\n<\/tr>\n<tr>\n<td class=\"span-7 col-md-4 last\"><label id=\"param_2388\">Szybko\u015b\u0107 narastania napi\u0119cia<\/label><\/td>\n<td class=\"span-10 col-md-8 last\">80mV\/\u00b5s<\/td>\n<td><\/td>\n<\/tr>\n<tr class=\"odd\">\n<td class=\"span-7 col-md-4 last\"><label id=\"param_402\">Pr\u0105d spoczynkowy<\/label><\/td>\n<td class=\"span-10 col-md-8 last\">25uA<\/td>\n<td><\/td>\n<\/tr>\n<tr>\n<td class=\"span-7 col-md-4 last\"><label id=\"param_404\">Napi\u0119cie polaryzacji wej\u015bciowej<\/label><\/td>\n<td class=\"span-10 col-md-8 last\">250uV<\/td>\n<td><\/td>\n<\/tr>\n<tr class=\"odd\">\n<td class=\"span-7 col-md-4 last\"><label id=\"param_804\">Charakterystyka uk\u0142ad\u00f3w scalonych<\/label><\/td>\n<td class=\"span-10 col-md-8 last\">wyj\u015bcie kolej-szyna<\/td>\n<td><\/td>\n<\/tr>\n<tr>\n<td class=\"span-7 col-md-4 last\"><label id=\"param_120\">Napi\u0119cie robocze<\/label><\/td>\n<td class=\"span-10 col-md-8 last\">2,5\u20265,5V<\/td>\n<\/tr>\n<\/tbody>\n<\/table>\n<\/li>\n<\/ul>","protected":false},"excerpt":{"rendered":"<p>\u041e\u0441\u043d\u043e\u0432\u043d\u044b\u0435 \u0445\u0430\u0440\u0430\u043a\u0442\u0435\u0440\u0438\u0441\u0442\u0438\u043a\u0438: \u0422\u0438\u043f \u043c\u0438\u043a\u0440\u043e\u0441\u0445\u0435\u043c\u044b \u043e\u043f\u0435\u0440\u0430\u0446\u0438\u043e\u043d\u043d\u044b\u0439 \u0443\u0441\u0438\u043b\u0438\u0442\u0435\u043b\u044c \u041f\u043e\u043b\u043e\u0441\u0430 \u043f\u0435\u0440\u0435\u0434\u0430\u0432\u0430\u0435\u043c\u044b\u0445 \u0447\u0430\u0441\u0442\u043e\u0442 155\u043a\u0413\u0446 \u0423\u0441\u0438\u043b\u0435\u043d\u0438\u0435 115\u0434\u0411 \u041c\u043e\u043d\u0442\u0430\u0436 SMD \u041a\u043e\u043b-\u0432\u043e \u043a\u0430\u043d\u0430\u043b\u043e\u0432 2 \u041a\u043e\u0440\u043f\u0443\u0441 SO8 \u0421\u043a\u043e\u0440\u043e\u0441\u0442\u044c \u043d\u0430\u0440\u0430\u0441\u0442\u0430\u043d\u0438\u044f \u043d\u0430\u043f\u0440\u044f\u0436\u0435\u043d\u0438\u044f 80\u043c\u0412\/\u043c\u043a\u0441 \u0422\u043e\u043a \u043f\u043e\u043a\u043e\u044f 25\u043c\u043a\u0410 \u0412\u0445\u043e\u0434\u043d\u043e\u0435 \u043d\u0430\u043f\u0440\u044f\u0436\u0435\u043d\u0438\u0435 \u0441\u043c\u0435\u0449\u0435\u043d\u0438\u044f 250\u043c\u043a\u0412 \u0425\u0430\u0440\u0430\u043a\u0442\u0435\u0440\u0438\u0441\u0442\u0438\u043a\u0438 \u0438\u043d\u0442\u0435\u0433\u0440\u0430\u043b\u044c\u043d\u044b\u0445 \u0441\u0445\u0435\u043c rail-to-rail output \u0420\u0430\u0431\u043e\u0447\u0435\u0435 \u043d\u0430\u043f\u0440\u044f\u0436\u0435\u043d\u0438\u0435 2,5&#8230;5,5\u0412<\/p>","protected":false},"featured_media":19083,"comment_status":"open","ping_status":"closed","template":"","meta":[],"product_brand":[],"product_cat":[779],"product_tag":[3144],"class_list":{"0":"post-19082","1":"product","2":"type-product","3":"status-publish","4":"has-post-thumbnail","6":"product_cat-chip","7":"product_tag-mcp607","10":"instock","11":"shipping-taxable","12":"purchasable","13":"product-type-simple"},"yoast_head":"<title>MCP607 &#8211; \u0420\u0415\u0413\u041c\u0406\u041a, \u041d\u0412\u0424, \u041f\u041f<\/title>\n<meta name=\"description\" content=\"\u041e\u0441\u043d\u043e\u0432\u043d\u044b\u0435 \u0445\u0430\u0440\u0430\u043a\u0442\u0435\u0440\u0438\u0441\u0442\u0438\u043a\u0438: \u0422\u0438\u043f \u043c\u0438\u043a\u0440\u043e\u0441\u0445\u0435\u043c\u044b \u043e\u043f\u0435\u0440\u0430\u0446\u0438\u043e\u043d\u043d\u044b\u0439 \u0443\u0441\u0438\u043b\u0438\u0442\u0435\u043b\u044c \u041f\u043e\u043b\u043e\u0441\u0430 \u043f\u0435\u0440\u0435\u0434\u0430\u0432\u0430\u0435\u043c\u044b\u0445 \u0447\u0430\u0441\u0442\u043e\u0442 155\u043a\u0413\u0446 \u0423\u0441\u0438\u043b\u0435\u043d\u0438\u0435 115\u0434\u0411 \u041c\u043e\u043d\u0442\u0430\u0436 SMD \u041a\u043e\u043b-\u0432\u043e \u043a\u0430\u043d\u0430\u043b\u043e\u0432 2 \u041a\u043e\u0440\u043f\u0443\u0441 SO8\" \/>\n<meta name=\"robots\" content=\"index, follow, max-snippet:-1, max-image-preview:large, max-video-preview:-1\" \/>\n<link rel=\"canonical\" href=\"https:\/\/regmik.ua\/pl\/product\/mcp607\/\" \/>\n<script type=\"application\/ld+json\" class=\"yoast-schema-graph\">{\"@context\":\"https:\\\/\\\/schema.org\",\"@graph\":[{\"@type\":\"WebPage\",\"@id\":\"https:\\\/\\\/regmik.ua\\\/product\\\/mcp607\\\/\",\"url\":\"https:\\\/\\\/regmik.ua\\\/product\\\/mcp607\\\/\",\"name\":\"MCP607 &#8211; \u0420\u0415\u0413\u041c\u0406\u041a, \u041d\u0412\u0424, \u041f\u041f\",\"isPartOf\":{\"@id\":\"https:\\\/\\\/regmik.ua\\\/uk\\\/#website\"},\"primaryImageOfPage\":{\"@id\":\"https:\\\/\\\/regmik.ua\\\/product\\\/mcp607\\\/#primaryimage\"},\"image\":{\"@id\":\"https:\\\/\\\/regmik.ua\\\/product\\\/mcp607\\\/#primaryimage\"},\"thumbnailUrl\":\"https:\\\/\\\/regmik.ua\\\/wp-content\\\/uploads\\\/2019\\\/05\\\/medium-MCP607-SOIC-8.png\",\"datePublished\":\"2019-06-06T14:04:06+00:00\",\"dateModified\":\"2020-08-20T05:23:07+00:00\",\"description\":\"\u041e\u0441\u043d\u043e\u0432\u043d\u044b\u0435 \u0445\u0430\u0440\u0430\u043a\u0442\u0435\u0440\u0438\u0441\u0442\u0438\u043a\u0438: \u0422\u0438\u043f \u043c\u0438\u043a\u0440\u043e\u0441\u0445\u0435\u043c\u044b \u043e\u043f\u0435\u0440\u0430\u0446\u0438\u043e\u043d\u043d\u044b\u0439 \u0443\u0441\u0438\u043b\u0438\u0442\u0435\u043b\u044c \u041f\u043e\u043b\u043e\u0441\u0430 \u043f\u0435\u0440\u0435\u0434\u0430\u0432\u0430\u0435\u043c\u044b\u0445 \u0447\u0430\u0441\u0442\u043e\u0442 155\u043a\u0413\u0446 \u0423\u0441\u0438\u043b\u0435\u043d\u0438\u0435 115\u0434\u0411 \u041c\u043e\u043d\u0442\u0430\u0436 SMD \u041a\u043e\u043b-\u0432\u043e \u043a\u0430\u043d\u0430\u043b\u043e\u0432 2 \u041a\u043e\u0440\u043f\u0443\u0441 SO8\",\"breadcrumb\":{\"@id\":\"https:\\\/\\\/regmik.ua\\\/product\\\/mcp607\\\/#breadcrumb\"},\"inLanguage\":\"pl-PL\",\"potentialAction\":[{\"@type\":\"ReadAction\",\"target\":[\"https:\\\/\\\/regmik.ua\\\/product\\\/mcp607\\\/\"]}]},{\"@type\":\"ImageObject\",\"inLanguage\":\"pl-PL\",\"@id\":\"https:\\\/\\\/regmik.ua\\\/product\\\/mcp607\\\/#primaryimage\",\"url\":\"https:\\\/\\\/regmik.ua\\\/wp-content\\\/uploads\\\/2019\\\/05\\\/medium-MCP607-SOIC-8.png\",\"contentUrl\":\"https:\\\/\\\/regmik.ua\\\/wp-content\\\/uploads\\\/2019\\\/05\\\/medium-MCP607-SOIC-8.png\",\"width\":312,\"height\":313,\"caption\":\"MCP607\"},{\"@type\":\"BreadcrumbList\",\"@id\":\"https:\\\/\\\/regmik.ua\\\/product\\\/mcp607\\\/#breadcrumb\",\"itemListElement\":[{\"@type\":\"ListItem\",\"position\":1,\"name\":\"\u0413\u043b\u0430\u0432\u043d\u0430\u044f \u0441\u0442\u0440\u0430\u043d\u0438\u0446\u0430\",\"item\":\"https:\\\/\\\/regmik.ua\\\/\"},{\"@type\":\"ListItem\",\"position\":2,\"name\":\"\u041f\u0440\u043e\u0434\u0443\u043a\u0446\u0438\u044f\",\"item\":\"https:\\\/\\\/regmik.ua\\\/uk\\\/products\\\/\"},{\"@type\":\"ListItem\",\"position\":3,\"name\":\"MCP607\"}]},{\"@type\":\"WebSite\",\"@id\":\"https:\\\/\\\/regmik.ua\\\/uk\\\/#website\",\"url\":\"https:\\\/\\\/regmik.ua\\\/uk\\\/\",\"name\":\"REGMIK\",\"description\":\"\u0418\u0437\u043c\u0435\u0440\u0438\u0442\u0435\u043b\u044c\u043d\u044b\u0435 \u043f\u0440\u0438\u0431\u043e\u0440\u044b \u0438 \u0434\u0430\u0442\u0447\u0438\u043a\u0438 \u0442\u0435\u043c\u043f\u0435\u0440\u0430\u0442\u0443\u0440\u044b\",\"publisher\":{\"@id\":\"https:\\\/\\\/regmik.ua\\\/uk\\\/#organization\"},\"alternateName\":\"REGMIK\",\"potentialAction\":[{\"@type\":\"SearchAction\",\"target\":{\"@type\":\"EntryPoint\",\"urlTemplate\":\"https:\\\/\\\/regmik.ua\\\/uk\\\/?s={search_term_string}\"},\"query-input\":{\"@type\":\"PropertyValueSpecification\",\"valueRequired\":true,\"valueName\":\"search_term_string\"}}],\"inLanguage\":\"pl-PL\"},{\"@type\":\"Organization\",\"@id\":\"https:\\\/\\\/regmik.ua\\\/uk\\\/#organization\",\"name\":\"REGMIK\",\"alternateName\":\"\u0420\u0415\u0413\u041c\u0418\u041a\",\"url\":\"https:\\\/\\\/regmik.ua\\\/uk\\\/\",\"logo\":{\"@type\":\"ImageObject\",\"inLanguage\":\"pl-PL\",\"@id\":\"https:\\\/\\\/regmik.ua\\\/uk\\\/#\\\/schema\\\/logo\\\/image\\\/\",\"url\":\"https:\\\/\\\/regmik.ua\\\/wp-content\\\/uploads\\\/2020\\\/03\\\/regmik_logo.png\",\"contentUrl\":\"https:\\\/\\\/regmik.ua\\\/wp-content\\\/uploads\\\/2020\\\/03\\\/regmik_logo.png\",\"width\":194,\"height\":45,\"caption\":\"REGMIK\"},\"image\":{\"@id\":\"https:\\\/\\\/regmik.ua\\\/uk\\\/#\\\/schema\\\/logo\\\/image\\\/\"},\"sameAs\":[\"https:\\\/\\\/www.facebook.com\\\/regmik.npf\",\"https:\\\/\\\/x.com\\\/regmiknpf\",\"https:\\\/\\\/www.youtube.com\\\/channel\\\/UC_SrY98SKAmR3Kt95GcVKcw\"]}]}<\/script>","yoast_head_json":{"title":"MCP607 &#8211; \u0420\u0415\u0413\u041c\u0406\u041a, \u041d\u0412\u0424, \u041f\u041f","description":"Najwa\u017cniejsze cechy: Typ chipa Wzmacniacz operacyjny Pasmo 155kHz Wzmocnienie 115dB Monta\u017c SMD Liczba kana\u0142\u00f3w 2 Pakiet SO8","robots":{"index":"index","follow":"follow","max-snippet":"max-snippet:-1","max-image-preview":"max-image-preview:large","max-video-preview":"max-video-preview:-1"},"canonical":"https:\/\/regmik.ua\/pl\/product\/mcp607\/","schema":{"@context":"https:\/\/schema.org","@graph":[{"@type":"WebPage","@id":"https:\/\/regmik.ua\/product\/mcp607\/","url":"https:\/\/regmik.ua\/product\/mcp607\/","name":"MCP607 &#8211; \u0420\u0415\u0413\u041c\u0406\u041a, \u041d\u0412\u0424, \u041f\u041f","isPartOf":{"@id":"https:\/\/regmik.ua\/uk\/#website"},"primaryImageOfPage":{"@id":"https:\/\/regmik.ua\/product\/mcp607\/#primaryimage"},"image":{"@id":"https:\/\/regmik.ua\/product\/mcp607\/#primaryimage"},"thumbnailUrl":"https:\/\/regmik.ua\/wp-content\/uploads\/2019\/05\/medium-MCP607-SOIC-8.png","datePublished":"2019-06-06T14:04:06+00:00","dateModified":"2020-08-20T05:23:07+00:00","description":"Najwa\u017cniejsze cechy: Typ chipa Wzmacniacz operacyjny Pasmo 155kHz Wzmocnienie 115dB Monta\u017c SMD Liczba kana\u0142\u00f3w 2 Pakiet SO8","breadcrumb":{"@id":"https:\/\/regmik.ua\/product\/mcp607\/#breadcrumb"},"inLanguage":"pl-PL","potentialAction":[{"@type":"ReadAction","target":["https:\/\/regmik.ua\/product\/mcp607\/"]}]},{"@type":"ImageObject","inLanguage":"pl-PL","@id":"https:\/\/regmik.ua\/product\/mcp607\/#primaryimage","url":"https:\/\/regmik.ua\/wp-content\/uploads\/2019\/05\/medium-MCP607-SOIC-8.png","contentUrl":"https:\/\/regmik.ua\/wp-content\/uploads\/2019\/05\/medium-MCP607-SOIC-8.png","width":312,"height":313,"caption":"MCP607"},{"@type":"BreadcrumbList","@id":"https:\/\/regmik.ua\/product\/mcp607\/#breadcrumb","itemListElement":[{"@type":"ListItem","position":1,"name":"\u0413\u043b\u0430\u0432\u043d\u0430\u044f \u0441\u0442\u0440\u0430\u043d\u0438\u0446\u0430","item":"https:\/\/regmik.ua\/"},{"@type":"ListItem","position":2,"name":"\u041f\u0440\u043e\u0434\u0443\u043a\u0446\u0438\u044f","item":"https:\/\/regmik.ua\/uk\/products\/"},{"@type":"ListItem","position":3,"name":"MCP607"}]},{"@type":"WebSite","@id":"https:\/\/regmik.ua\/uk\/#website","url":"https:\/\/regmik.ua\/uk\/","name":"REGMIK","description":"Przyrz\u0105dy pomiarowe i czujniki temperatury","publisher":{"@id":"https:\/\/regmik.ua\/uk\/#organization"},"alternateName":"REGMIK","potentialAction":[{"@type":"SearchAction","target":{"@type":"EntryPoint","urlTemplate":"https:\/\/regmik.ua\/uk\/?s={search_term_string}"},"query-input":{"@type":"PropertyValueSpecification","valueRequired":true,"valueName":"search_term_string"}}],"inLanguage":"pl-PL"},{"@type":"Organization","@id":"https:\/\/regmik.ua\/uk\/#organization","name":"REGMIK","alternateName":"\u0420\u0415\u0413\u041c\u0418\u041a","url":"https:\/\/regmik.ua\/uk\/","logo":{"@type":"ImageObject","inLanguage":"pl-PL","@id":"https:\/\/regmik.ua\/uk\/#\/schema\/logo\/image\/","url":"https:\/\/regmik.ua\/wp-content\/uploads\/2020\/03\/regmik_logo.png","contentUrl":"https:\/\/regmik.ua\/wp-content\/uploads\/2020\/03\/regmik_logo.png","width":194,"height":45,"caption":"REGMIK"},"image":{"@id":"https:\/\/regmik.ua\/uk\/#\/schema\/logo\/image\/"},"sameAs":["https:\/\/www.facebook.com\/regmik.npf","https:\/\/x.com\/regmiknpf","https:\/\/www.youtube.com\/channel\/UC_SrY98SKAmR3Kt95GcVKcw"]}]}},"_links":{"self":[{"href":"https:\/\/regmik.ua\/pl\/wp-json\/wp\/v2\/product\/19082","targetHints":{"allow":["GET"]}}],"collection":[{"href":"https:\/\/regmik.ua\/pl\/wp-json\/wp\/v2\/product"}],"about":[{"href":"https:\/\/regmik.ua\/pl\/wp-json\/wp\/v2\/types\/product"}],"replies":[{"embeddable":true,"href":"https:\/\/regmik.ua\/pl\/wp-json\/wp\/v2\/comments?post=19082"}],"version-history":[{"count":0,"href":"https:\/\/regmik.ua\/pl\/wp-json\/wp\/v2\/product\/19082\/revisions"}],"wp:featuredmedia":[{"embeddable":true,"href":"https:\/\/regmik.ua\/pl\/wp-json\/wp\/v2\/media\/19083"}],"wp:attachment":[{"href":"https:\/\/regmik.ua\/pl\/wp-json\/wp\/v2\/media?parent=19082"}],"wp:term":[{"taxonomy":"product_brand","embeddable":true,"href":"https:\/\/regmik.ua\/pl\/wp-json\/wp\/v2\/product_brand?post=19082"},{"taxonomy":"product_cat","embeddable":true,"href":"https:\/\/regmik.ua\/pl\/wp-json\/wp\/v2\/product_cat?post=19082"},{"taxonomy":"product_tag","embeddable":true,"href":"https:\/\/regmik.ua\/pl\/wp-json\/wp\/v2\/product_tag?post=19082"}],"curies":[{"name":"wp","href":"https:\/\/api.w.org\/{rel}","templated":true}]}}