{"id":19071,"date":"2019-06-07T07:40:51","date_gmt":"2019-06-07T05:40:51","guid":{"rendered":"https:\/\/regmik.com.ua\/?post_type=product&#038;p=19071"},"modified":"2020-08-20T07:23:06","modified_gmt":"2020-08-20T05:23:06","slug":"mc3403d","status":"publish","type":"product","link":"https:\/\/regmik.ua\/pl\/product\/mc3403d\/","title":{"rendered":"MC3403D"},"content":{"rendered":"<div id=\"headingOne\" class=\"panel-heading panel-accordion-heading pdp-product-specs-header\" role=\"tab\"><\/div>\n<form id=\"formProductSpecs\" action=\"https:\/\/ru.mouser.com\/Product\/Product\/ShowSimilar\" method=\"post\" novalidate=\"novalidate\">\n<div id=\"collapseProductSpecs\" class=\"panel-collapse collapse in pdp-product-specs\" role=\"tabpanel\" aria-expanded=\"true\">\n<div class=\"panel-body\">\n<div class=\"div-table specs-table\">\n<div class=\"div-table-body\">\n<div class=\"div-table-row\">\n<div class=\"row\">\n<div class=\"col-xs-5\">\n<table style=\"height: 497px;\" width=\"723\">\n<tbody>\n<tr>\n<td width=\"40%\">Producent<\/td>\n<td width=\"60%\">STMicroelectronics<\/td>\n<\/tr>\n<tr>\n<td><\/td>\n<td><\/td>\n<\/tr>\n<tr>\n<td>Typ wzmacniacza<\/td>\n<td>Og\u00f3lny cel<\/td>\n<\/tr>\n<tr>\n<td>Liczba kana\u0142\u00f3w<\/td>\n<td>4<\/td>\n<\/tr>\n<tr>\n<td>Szybko\u015b\u0107 narastania<\/td>\n<td>0,5V\/\u00b5s<\/td>\n<\/tr>\n<tr>\n<td>Pasmo<\/td>\n<td>1 MHz<\/td>\n<\/tr>\n<tr>\n<td>Pr\u0105d - odchylenie wej\u015bciowe<\/td>\n<td>40nA<\/td>\n<\/tr>\n<tr>\n<td>Napi\u0119cie -<\/td>\n<td>1000\u00b5V<\/td>\n<\/tr>\n<tr>\n<td>Pr\u0105d wyj\u015bciowy<\/td>\n<td>2,8 mA<\/td>\n<\/tr>\n<tr>\n<td>Wyj\u015bcie pr\u0105dowe\/kana\u0142<\/td>\n<td>30mA<\/td>\n<\/tr>\n<tr>\n<td>Wyj\u015bcie napi\u0119ciowe, pojedyncze \/ podw\u00f3jne (\u00b1)<\/td>\n<td>3 V ~ 36 V, \u00b11,5 V ~ 18 V<\/td>\n<\/tr>\n<tr>\n<td>Temperatura pracy<\/td>\n<td>0\u00b0C ~ 70\u00b0C<\/td>\n<\/tr>\n<tr>\n<td>Mieszkaniowy<\/td>\n<td>14-SOIC (szeroko\u015b\u0107 3,9 mm), 14-SOL<\/td>\n<\/tr>\n<tr>\n<td><\/td>\n<td><\/td>\n<\/tr>\n<tr>\n<td colspan=\"2\"><img decoding=\"async\" src=\"https:\/\/www.chipfind.ru\/static\/-.gif\" width=\"1\" height=\"5\" \/><\/td>\n<\/tr>\n<\/tbody>\n<\/table>\n<\/div>\n<\/div>\n<\/div>\n<\/div>\n<\/div>\n<\/div>\n<\/div>\n<\/form>","protected":false},"excerpt":{"rendered":"<p>\u041f\u0440\u043e\u0438\u0437\u0432\u043e\u0434\u0438\u0442\u0435\u043b\u044c STMicroelectronics \u0422\u0438\u043f \u0443\u0441\u0438\u043b\u0438\u0442\u0435\u043b\u044f General Purpose \u0427\u0438\u0441\u043b\u043e \u041a\u0430\u043d\u0430\u043b\u043e\u0432 4 \u0421\u043a\u043e\u0440\u043e\u0441\u0442\u044c \u043d\u0430\u0440\u0430\u0441\u0442\u0430\u043d\u0438\u044f \u0432\u044b\u0445\u043e\u0434\u043d\u043e\u0433\u043e \u043d\u0430\u043f\u0440\u044f\u0436\u0435\u043d\u0438\u044f 0.5 V\/\u00b5s \u041f\u043e\u043b\u043e\u0441\u0430 \u043f\u0440\u043e\u043f\u0443\u0441\u043a\u0430\u043d\u0438\u044f 1MHz \u0422\u043e\u043a &#8211; \u0432\u0445\u043e\u0434\u043d\u043e\u0433\u043e \u0441\u043c\u0435\u0449\u0435\u043d\u0438\u044f 40nA \u041d\u0430\u043f\u0440\u044f\u0436\u0435\u043d\u0438\u0435 &#8211; 1000\u00b5V \u0422\u043e\u043a \u0432\u044b\u0445\u043e\u0434\u043d\u043e\u0439 2.8mA \u0422\u043e\u043a \u0432\u044b\u0445\u043e\u0434\u043d\u043e\u0439 \/ \u043a\u0430\u043d\u0430\u043b 30mA \u041d\u0430\u043f\u0440\u044f\u0436\u0435\u043d\u0438\u0435-\u0432\u044b\u0445\u043e\u0434\u043d\u043e\u0435, Single\/Dual (\u00b1) 3 V ~ 36 V, \u00b11.5 V ~ 18 V \u0420\u0430\u0431\u043e\u0447\u0430\u044f \u0442\u0435\u043c\u043f\u0435\u0440\u0430\u0442\u0443\u0440\u0430 0\u00b0C ~ 70\u00b0C \u041a\u043e\u0440\u043f\u0443\u0441 14-SOIC (3.9\u043c\u043c &hellip; <a href=\"https:\/\/regmik.ua\/pl\/product\/mc3403d\/\" class=\"more-link\">Kontynuuj czytanie <span class=\"screen-reader-text\">MC3403D<\/span><\/a><\/p>","protected":false},"featured_media":19344,"comment_status":"open","ping_status":"closed","template":"","meta":[],"product_brand":[],"product_cat":[779],"product_tag":[3134],"class_list":{"0":"post-19071","1":"product","2":"type-product","3":"status-publish","4":"has-post-thumbnail","6":"product_cat-chip","7":"product_tag-mc3403d","10":"instock","11":"shipping-taxable","12":"purchasable","13":"product-type-simple"},"yoast_head":"<title>MC3403D &#8211; \u0420\u0415\u0413\u041c\u0406\u041a, \u041d\u0412\u0424, \u041f\u041f<\/title>\n<meta name=\"description\" content=\"\u041f\u0440\u043e\u0438\u0437\u0432\u043e\u0434\u0438\u0442\u0435\u043b\u044c STMicroelectronics \u0422\u0438\u043f \u0443\u0441\u0438\u043b\u0438\u0442\u0435\u043b\u044f General Purpose \u0427\u0438\u0441\u043b\u043e \u041a\u0430\u043d\u0430\u043b\u043e\u0432 4 \u0421\u043a\u043e\u0440\u043e\u0441\u0442\u044c \u043d\u0430\u0440\u0430\u0441\u0442\u0430\u043d\u0438\u044f \u0432\u044b\u0445\u043e\u0434\u043d\u043e\u0433\u043e \u043d\u0430\u043f\u0440\u044f\u0436\u0435\u043d\u0438\u044f 0.5 V\/\u00b5s \u041f\u043e\u043b\u043e\u0441\u0430 \u043f\u0440\u043e\u043f\u0443\u0441\u043a\u0430\u043d\u0438\u044f 1MHz\" \/>\n<meta name=\"robots\" content=\"index, follow, max-snippet:-1, max-image-preview:large, max-video-preview:-1\" \/>\n<link rel=\"canonical\" href=\"https:\/\/regmik.ua\/pl\/produkt\/mc3403d\/\" \/>\n<script type=\"application\/ld+json\" class=\"yoast-schema-graph\">{\"@context\":\"https:\\\/\\\/schema.org\",\"@graph\":[{\"@type\":\"WebPage\",\"@id\":\"https:\\\/\\\/regmik.ua\\\/de\\\/produkt\\\/mc3403d\\\/\",\"url\":\"https:\\\/\\\/regmik.ua\\\/de\\\/produkt\\\/mc3403d\\\/\",\"name\":\"MC3403D &#8211; \u0420\u0415\u0413\u041c\u0406\u041a, \u041d\u0412\u0424, \u041f\u041f\",\"isPartOf\":{\"@id\":\"https:\\\/\\\/regmik.ua\\\/uk\\\/#website\"},\"primaryImageOfPage\":{\"@id\":\"https:\\\/\\\/regmik.ua\\\/de\\\/produkt\\\/mc3403d\\\/#primaryimage\"},\"image\":{\"@id\":\"https:\\\/\\\/regmik.ua\\\/de\\\/produkt\\\/mc3403d\\\/#primaryimage\"},\"thumbnailUrl\":\"https:\\\/\\\/regmik.ua\\\/wp-content\\\/uploads\\\/2019\\\/06\\\/7788.jpg\",\"datePublished\":\"2019-06-07T05:40:51+00:00\",\"dateModified\":\"2020-08-20T05:23:06+00:00\",\"description\":\"\u041f\u0440\u043e\u0438\u0437\u0432\u043e\u0434\u0438\u0442\u0435\u043b\u044c STMicroelectronics \u0422\u0438\u043f \u0443\u0441\u0438\u043b\u0438\u0442\u0435\u043b\u044f General Purpose \u0427\u0438\u0441\u043b\u043e \u041a\u0430\u043d\u0430\u043b\u043e\u0432 4 \u0421\u043a\u043e\u0440\u043e\u0441\u0442\u044c \u043d\u0430\u0440\u0430\u0441\u0442\u0430\u043d\u0438\u044f \u0432\u044b\u0445\u043e\u0434\u043d\u043e\u0433\u043e \u043d\u0430\u043f\u0440\u044f\u0436\u0435\u043d\u0438\u044f 0.5 V\\\/\u00b5s \u041f\u043e\u043b\u043e\u0441\u0430 \u043f\u0440\u043e\u043f\u0443\u0441\u043a\u0430\u043d\u0438\u044f 1MHz\",\"breadcrumb\":{\"@id\":\"https:\\\/\\\/regmik.ua\\\/de\\\/produkt\\\/mc3403d\\\/#breadcrumb\"},\"inLanguage\":\"pl-PL\",\"potentialAction\":[{\"@type\":\"ReadAction\",\"target\":[\"https:\\\/\\\/regmik.ua\\\/de\\\/produkt\\\/mc3403d\\\/\"]}]},{\"@type\":\"ImageObject\",\"inLanguage\":\"pl-PL\",\"@id\":\"https:\\\/\\\/regmik.ua\\\/de\\\/produkt\\\/mc3403d\\\/#primaryimage\",\"url\":\"https:\\\/\\\/regmik.ua\\\/wp-content\\\/uploads\\\/2019\\\/06\\\/7788.jpg\",\"contentUrl\":\"https:\\\/\\\/regmik.ua\\\/wp-content\\\/uploads\\\/2019\\\/06\\\/7788.jpg\",\"width\":640,\"height\":640,\"caption\":\"MC3403D\"},{\"@type\":\"BreadcrumbList\",\"@id\":\"https:\\\/\\\/regmik.ua\\\/de\\\/produkt\\\/mc3403d\\\/#breadcrumb\",\"itemListElement\":[{\"@type\":\"ListItem\",\"position\":1,\"name\":\"\u0413\u043b\u0430\u0432\u043d\u0430\u044f \u0441\u0442\u0440\u0430\u043d\u0438\u0446\u0430\",\"item\":\"https:\\\/\\\/regmik.ua\\\/\"},{\"@type\":\"ListItem\",\"position\":2,\"name\":\"\u041f\u0440\u043e\u0434\u0443\u043a\u0446\u0438\u044f\",\"item\":\"https:\\\/\\\/regmik.ua\\\/uk\\\/products\\\/\"},{\"@type\":\"ListItem\",\"position\":3,\"name\":\"MC3403D\"}]},{\"@type\":\"WebSite\",\"@id\":\"https:\\\/\\\/regmik.ua\\\/uk\\\/#website\",\"url\":\"https:\\\/\\\/regmik.ua\\\/uk\\\/\",\"name\":\"REGMIK\",\"description\":\"\u0418\u0437\u043c\u0435\u0440\u0438\u0442\u0435\u043b\u044c\u043d\u044b\u0435 \u043f\u0440\u0438\u0431\u043e\u0440\u044b \u0438 \u0434\u0430\u0442\u0447\u0438\u043a\u0438 \u0442\u0435\u043c\u043f\u0435\u0440\u0430\u0442\u0443\u0440\u044b\",\"publisher\":{\"@id\":\"https:\\\/\\\/regmik.ua\\\/uk\\\/#organization\"},\"alternateName\":\"REGMIK\",\"potentialAction\":[{\"@type\":\"SearchAction\",\"target\":{\"@type\":\"EntryPoint\",\"urlTemplate\":\"https:\\\/\\\/regmik.ua\\\/uk\\\/?s={search_term_string}\"},\"query-input\":{\"@type\":\"PropertyValueSpecification\",\"valueRequired\":true,\"valueName\":\"search_term_string\"}}],\"inLanguage\":\"pl-PL\"},{\"@type\":\"Organization\",\"@id\":\"https:\\\/\\\/regmik.ua\\\/uk\\\/#organization\",\"name\":\"REGMIK\",\"alternateName\":\"\u0420\u0415\u0413\u041c\u0418\u041a\",\"url\":\"https:\\\/\\\/regmik.ua\\\/uk\\\/\",\"logo\":{\"@type\":\"ImageObject\",\"inLanguage\":\"pl-PL\",\"@id\":\"https:\\\/\\\/regmik.ua\\\/uk\\\/#\\\/schema\\\/logo\\\/image\\\/\",\"url\":\"https:\\\/\\\/regmik.ua\\\/wp-content\\\/uploads\\\/2020\\\/03\\\/regmik_logo.png\",\"contentUrl\":\"https:\\\/\\\/regmik.ua\\\/wp-content\\\/uploads\\\/2020\\\/03\\\/regmik_logo.png\",\"width\":194,\"height\":45,\"caption\":\"REGMIK\"},\"image\":{\"@id\":\"https:\\\/\\\/regmik.ua\\\/uk\\\/#\\\/schema\\\/logo\\\/image\\\/\"},\"sameAs\":[\"https:\\\/\\\/www.facebook.com\\\/regmik.npf\",\"https:\\\/\\\/x.com\\\/regmiknpf\",\"https:\\\/\\\/www.youtube.com\\\/channel\\\/UC_SrY98SKAmR3Kt95GcVKcw\"]}]}<\/script>","yoast_head_json":{"title":"MC3403D &#8211; \u0420\u0415\u0413\u041c\u0406\u041a, \u041d\u0412\u0424, \u041f\u041f","description":"Producent STMicroelectronics Typ wzmacniacza Og\u00f3lne przeznaczenie Liczba kana\u0142\u00f3w 4 Szybko\u015b\u0107 narastania 0,5 V\/\u00b5s Szeroko\u015b\u0107 pasma 1 MHz","robots":{"index":"index","follow":"follow","max-snippet":"max-snippet:-1","max-image-preview":"max-image-preview:large","max-video-preview":"max-video-preview:-1"},"canonical":"https:\/\/regmik.ua\/pl\/produkt\/mc3403d\/","schema":{"@context":"https:\/\/schema.org","@graph":[{"@type":"WebPage","@id":"https:\/\/regmik.ua\/de\/produkt\/mc3403d\/","url":"https:\/\/regmik.ua\/de\/produkt\/mc3403d\/","name":"MC3403D &#8211; \u0420\u0415\u0413\u041c\u0406\u041a, \u041d\u0412\u0424, \u041f\u041f","isPartOf":{"@id":"https:\/\/regmik.ua\/uk\/#website"},"primaryImageOfPage":{"@id":"https:\/\/regmik.ua\/de\/produkt\/mc3403d\/#primaryimage"},"image":{"@id":"https:\/\/regmik.ua\/de\/produkt\/mc3403d\/#primaryimage"},"thumbnailUrl":"https:\/\/regmik.ua\/wp-content\/uploads\/2019\/06\/7788.jpg","datePublished":"2019-06-07T05:40:51+00:00","dateModified":"2020-08-20T05:23:06+00:00","description":"Producent STMicroelectronics Typ wzmacniacza Og\u00f3lne przeznaczenie Liczba kana\u0142\u00f3w 4 Szybko\u015b\u0107 narastania 0,5 V\/\u00b5s Szeroko\u015b\u0107 pasma 1 MHz","breadcrumb":{"@id":"https:\/\/regmik.ua\/de\/produkt\/mc3403d\/#breadcrumb"},"inLanguage":"pl-PL","potentialAction":[{"@type":"ReadAction","target":["https:\/\/regmik.ua\/de\/produkt\/mc3403d\/"]}]},{"@type":"ImageObject","inLanguage":"pl-PL","@id":"https:\/\/regmik.ua\/de\/produkt\/mc3403d\/#primaryimage","url":"https:\/\/regmik.ua\/wp-content\/uploads\/2019\/06\/7788.jpg","contentUrl":"https:\/\/regmik.ua\/wp-content\/uploads\/2019\/06\/7788.jpg","width":640,"height":640,"caption":"MC3403D"},{"@type":"BreadcrumbList","@id":"https:\/\/regmik.ua\/de\/produkt\/mc3403d\/#breadcrumb","itemListElement":[{"@type":"ListItem","position":1,"name":"\u0413\u043b\u0430\u0432\u043d\u0430\u044f \u0441\u0442\u0440\u0430\u043d\u0438\u0446\u0430","item":"https:\/\/regmik.ua\/"},{"@type":"ListItem","position":2,"name":"\u041f\u0440\u043e\u0434\u0443\u043a\u0446\u0438\u044f","item":"https:\/\/regmik.ua\/uk\/products\/"},{"@type":"ListItem","position":3,"name":"MC3403D"}]},{"@type":"WebSite","@id":"https:\/\/regmik.ua\/uk\/#website","url":"https:\/\/regmik.ua\/uk\/","name":"REGMIK","description":"Przyrz\u0105dy pomiarowe i czujniki temperatury","publisher":{"@id":"https:\/\/regmik.ua\/uk\/#organization"},"alternateName":"REGMIK","potentialAction":[{"@type":"SearchAction","target":{"@type":"EntryPoint","urlTemplate":"https:\/\/regmik.ua\/uk\/?s={search_term_string}"},"query-input":{"@type":"PropertyValueSpecification","valueRequired":true,"valueName":"search_term_string"}}],"inLanguage":"pl-PL"},{"@type":"Organization","@id":"https:\/\/regmik.ua\/uk\/#organization","name":"REGMIK","alternateName":"\u0420\u0415\u0413\u041c\u0418\u041a","url":"https:\/\/regmik.ua\/uk\/","logo":{"@type":"ImageObject","inLanguage":"pl-PL","@id":"https:\/\/regmik.ua\/uk\/#\/schema\/logo\/image\/","url":"https:\/\/regmik.ua\/wp-content\/uploads\/2020\/03\/regmik_logo.png","contentUrl":"https:\/\/regmik.ua\/wp-content\/uploads\/2020\/03\/regmik_logo.png","width":194,"height":45,"caption":"REGMIK"},"image":{"@id":"https:\/\/regmik.ua\/uk\/#\/schema\/logo\/image\/"},"sameAs":["https:\/\/www.facebook.com\/regmik.npf","https:\/\/x.com\/regmiknpf","https:\/\/www.youtube.com\/channel\/UC_SrY98SKAmR3Kt95GcVKcw"]}]}},"_links":{"self":[{"href":"https:\/\/regmik.ua\/pl\/wp-json\/wp\/v2\/product\/19071","targetHints":{"allow":["GET"]}}],"collection":[{"href":"https:\/\/regmik.ua\/pl\/wp-json\/wp\/v2\/product"}],"about":[{"href":"https:\/\/regmik.ua\/pl\/wp-json\/wp\/v2\/types\/product"}],"replies":[{"embeddable":true,"href":"https:\/\/regmik.ua\/pl\/wp-json\/wp\/v2\/comments?post=19071"}],"version-history":[{"count":0,"href":"https:\/\/regmik.ua\/pl\/wp-json\/wp\/v2\/product\/19071\/revisions"}],"wp:featuredmedia":[{"embeddable":true,"href":"https:\/\/regmik.ua\/pl\/wp-json\/wp\/v2\/media\/19344"}],"wp:attachment":[{"href":"https:\/\/regmik.ua\/pl\/wp-json\/wp\/v2\/media?parent=19071"}],"wp:term":[{"taxonomy":"product_brand","embeddable":true,"href":"https:\/\/regmik.ua\/pl\/wp-json\/wp\/v2\/product_brand?post=19071"},{"taxonomy":"product_cat","embeddable":true,"href":"https:\/\/regmik.ua\/pl\/wp-json\/wp\/v2\/product_cat?post=19071"},{"taxonomy":"product_tag","embeddable":true,"href":"https:\/\/regmik.ua\/pl\/wp-json\/wp\/v2\/product_tag?post=19071"}],"curies":[{"name":"wp","href":"https:\/\/api.w.org\/{rel}","templated":true}]}}