{"id":19049,"date":"2019-06-07T08:30:29","date_gmt":"2019-06-07T06:30:29","guid":{"rendered":"https:\/\/regmik.com.ua\/?post_type=product&#038;p=19049"},"modified":"2020-08-20T07:23:05","modified_gmt":"2020-08-20T05:23:05","slug":"mur820g","status":"publish","type":"product","link":"https:\/\/regmik.ua\/pl\/product\/mur820g\/","title":{"rendered":"MUR820G"},"content":{"rendered":"<table cellspacing=\"5\">\n<tbody>\n<tr>\n<td class=\"ktp\"><span class=\"ktl\">Rodzaj diody wed\u0142ug przeznaczenia<\/span><\/td>\n<td class=\"ktv\">Standard<\/td>\n<\/tr>\n<tr>\n<td class=\"ktp\"><span class=\"ktl\">Maksymalne napi\u0119cie wsteczne diody<\/span><\/td>\n<td class=\"ktv\">200 <span class=\"kdimm\">W<\/span><\/td>\n<\/tr>\n<tr>\n<td class=\"ktp\"><span class=\"ktl\">Spadek napi\u0119cia przewodzenia<\/span><\/td>\n<td class=\"ktv\">975 <span class=\"kdimm\">mV<\/span><\/td>\n<\/tr>\n<tr>\n<td class=\"ktp\"><span class=\"ktl\">Pr\u0105d przewodzenia diody (\u015bredni)<\/span><\/td>\n<td class=\"ktv\">8 <span class=\"kdimm\">ZA<\/span><\/td>\n<\/tr>\n<tr>\n<td class=\"ktp\"><span class=\"ktl\">Liczba diod w obudowie<\/span><\/td>\n<td class=\"ktv\">1<\/td>\n<\/tr>\n<tr>\n<td class=\"ktp\"><span class=\"ktl\">Odwrotny czas powrotu diod<\/span><\/td>\n<td class=\"ktv\">35 <span class=\"kdimm\">ns<\/span><\/td>\n<\/tr>\n<\/tbody>\n<\/table>\n<p>&nbsp;<\/p>","protected":false},"excerpt":{"rendered":"<p>\u0422\u0438\u043f \u0434\u0438\u043e\u0434\u0430 \u043f\u043e \u043d\u0430\u0437\u043d\u0430\u0447\u0435\u043d\u0438\u044e Standard \u041c\u0430\u043a\u0441\u0438\u043c\u0430\u043b\u044c\u043d\u043e\u0435 \u043e\u0431\u0440\u0430\u0442\u043d\u043e\u0435 \u043d\u0430\u043f\u0440\u044f\u0436\u0435\u043d\u0438\u0435 \u0434\u0438\u043e\u0434\u0430 200 \u0412 \u041f\u0440\u044f\u043c\u043e\u0435 \u043f\u0430\u0434\u0435\u043d\u0438\u0435 \u043d\u0430\u043f\u0440\u044f\u0436\u0435\u043d\u0438\u044f 975 \u043c\u0412 \u041f\u0440\u044f\u043c\u043e\u0439 \u0442\u043e\u043a \u0434\u0438\u043e\u0434\u0430 (\u0441\u0440\u0435\u0434\u043d) 8 \u0410 \u041a\u043e\u043b-\u0432\u043e \u0434\u0438\u043e\u0434\u043e\u0432 \u0432 \u043a\u043e\u0440\u043f\u0443\u0441\u0435 1 \u0412\u0440\u0435\u043c\u044f \u043e\u0431\u0440\u0430\u0442\u043d\u043e\u0433\u043e \u0432\u043e\u0441\u0441\u0442\u0430\u043d\u043e\u0432\u043b\u0435\u043d\u0438\u044f \u0434\u0438\u043e\u0434\u043e\u0432 35 \u043d\u0441 &nbsp;<\/p>","protected":false},"featured_media":19050,"comment_status":"open","ping_status":"closed","template":"","meta":[],"product_brand":[],"product_cat":[792],"product_tag":[3123],"class_list":{"0":"post-19049","1":"product","2":"type-product","3":"status-publish","4":"has-post-thumbnail","6":"product_cat-diody","7":"product_tag-mur820g","10":"instock","11":"shipping-taxable","12":"purchasable","13":"product-type-simple"},"yoast_head":"<title>MUR820G &#8211; \u0420\u0415\u0413\u041c\u0406\u041a, \u041d\u0412\u0424, \u041f\u041f<\/title>\n<meta name=\"description\" content=\"\u0422\u0438\u043f \u0434\u0438\u043e\u0434\u0430 \u043f\u043e \u043d\u0430\u0437\u043d\u0430\u0447\u0435\u043d\u0438\u044e Standard \u041c\u0430\u043a\u0441\u0438\u043c\u0430\u043b\u044c\u043d\u043e\u0435 \u043e\u0431\u0440\u0430\u0442\u043d\u043e\u0435 \u043d\u0430\u043f\u0440\u044f\u0436\u0435\u043d\u0438\u0435 \u0434\u0438\u043e\u0434\u0430 200 \u0412 \u041f\u0440\u044f\u043c\u043e\u0435 \u043f\u0430\u0434\u0435\u043d\u0438\u0435 \u043d\u0430\u043f\u0440\u044f\u0436\u0435\u043d\u0438\u044f 975 \u043c\u0412 \u041f\u0440\u044f\u043c\u043e\u0439 \u0442\u043e\u043a \u0434\u0438\u043e\u0434\u0430 (\u0441\u0440\u0435\u0434\u043d) 8 \u0410 \u041a\u043e\u043b-\u0432\u043e \u0434\u0438\u043e\u0434\u043e\u0432\" \/>\n<meta name=\"robots\" content=\"index, follow, max-snippet:-1, max-image-preview:large, max-video-preview:-1\" \/>\n<link rel=\"canonical\" href=\"https:\/\/regmik.ua\/pl\/ar\/product\/mur820g\/\" \/>\n<script type=\"application\/ld+json\" class=\"yoast-schema-graph\">{\"@context\":\"https:\\\/\\\/schema.org\",\"@graph\":[{\"@type\":\"WebPage\",\"@id\":\"https:\\\/\\\/regmik.ua\\\/ar\\\/product\\\/mur820g\\\/\",\"url\":\"https:\\\/\\\/regmik.ua\\\/ar\\\/product\\\/mur820g\\\/\",\"name\":\"MUR820G &#8211; \u0420\u0415\u0413\u041c\u0406\u041a, \u041d\u0412\u0424, \u041f\u041f\",\"isPartOf\":{\"@id\":\"https:\\\/\\\/regmik.ua\\\/uk\\\/#website\"},\"primaryImageOfPage\":{\"@id\":\"https:\\\/\\\/regmik.ua\\\/ar\\\/product\\\/mur820g\\\/#primaryimage\"},\"image\":{\"@id\":\"https:\\\/\\\/regmik.ua\\\/ar\\\/product\\\/mur820g\\\/#primaryimage\"},\"thumbnailUrl\":\"https:\\\/\\\/regmik.ua\\\/wp-content\\\/uploads\\\/2019\\\/05\\\/DOC001209167.jpg\",\"datePublished\":\"2019-06-07T06:30:29+00:00\",\"dateModified\":\"2020-08-20T05:23:05+00:00\",\"description\":\"\u0422\u0438\u043f \u0434\u0438\u043e\u0434\u0430 \u043f\u043e \u043d\u0430\u0437\u043d\u0430\u0447\u0435\u043d\u0438\u044e Standard \u041c\u0430\u043a\u0441\u0438\u043c\u0430\u043b\u044c\u043d\u043e\u0435 \u043e\u0431\u0440\u0430\u0442\u043d\u043e\u0435 \u043d\u0430\u043f\u0440\u044f\u0436\u0435\u043d\u0438\u0435 \u0434\u0438\u043e\u0434\u0430 200 \u0412 \u041f\u0440\u044f\u043c\u043e\u0435 \u043f\u0430\u0434\u0435\u043d\u0438\u0435 \u043d\u0430\u043f\u0440\u044f\u0436\u0435\u043d\u0438\u044f 975 \u043c\u0412 \u041f\u0440\u044f\u043c\u043e\u0439 \u0442\u043e\u043a \u0434\u0438\u043e\u0434\u0430 (\u0441\u0440\u0435\u0434\u043d) 8 \u0410 \u041a\u043e\u043b-\u0432\u043e \u0434\u0438\u043e\u0434\u043e\u0432\",\"breadcrumb\":{\"@id\":\"https:\\\/\\\/regmik.ua\\\/ar\\\/product\\\/mur820g\\\/#breadcrumb\"},\"inLanguage\":\"pl-PL\",\"potentialAction\":[{\"@type\":\"ReadAction\",\"target\":[\"https:\\\/\\\/regmik.ua\\\/ar\\\/product\\\/mur820g\\\/\"]}]},{\"@type\":\"ImageObject\",\"inLanguage\":\"pl-PL\",\"@id\":\"https:\\\/\\\/regmik.ua\\\/ar\\\/product\\\/mur820g\\\/#primaryimage\",\"url\":\"https:\\\/\\\/regmik.ua\\\/wp-content\\\/uploads\\\/2019\\\/05\\\/DOC001209167.jpg\",\"contentUrl\":\"https:\\\/\\\/regmik.ua\\\/wp-content\\\/uploads\\\/2019\\\/05\\\/DOC001209167.jpg\",\"width\":280,\"height\":192,\"caption\":\"MUR820G\"},{\"@type\":\"BreadcrumbList\",\"@id\":\"https:\\\/\\\/regmik.ua\\\/ar\\\/product\\\/mur820g\\\/#breadcrumb\",\"itemListElement\":[{\"@type\":\"ListItem\",\"position\":1,\"name\":\"\u0413\u043b\u0430\u0432\u043d\u0430\u044f \u0441\u0442\u0440\u0430\u043d\u0438\u0446\u0430\",\"item\":\"https:\\\/\\\/regmik.ua\\\/\"},{\"@type\":\"ListItem\",\"position\":2,\"name\":\"\u041f\u0440\u043e\u0434\u0443\u043a\u0446\u0438\u044f\",\"item\":\"https:\\\/\\\/regmik.ua\\\/uk\\\/products\\\/\"},{\"@type\":\"ListItem\",\"position\":3,\"name\":\"MUR820G\"}]},{\"@type\":\"WebSite\",\"@id\":\"https:\\\/\\\/regmik.ua\\\/uk\\\/#website\",\"url\":\"https:\\\/\\\/regmik.ua\\\/uk\\\/\",\"name\":\"REGMIK\",\"description\":\"\u0418\u0437\u043c\u0435\u0440\u0438\u0442\u0435\u043b\u044c\u043d\u044b\u0435 \u043f\u0440\u0438\u0431\u043e\u0440\u044b \u0438 \u0434\u0430\u0442\u0447\u0438\u043a\u0438 \u0442\u0435\u043c\u043f\u0435\u0440\u0430\u0442\u0443\u0440\u044b\",\"publisher\":{\"@id\":\"https:\\\/\\\/regmik.ua\\\/uk\\\/#organization\"},\"alternateName\":\"REGMIK\",\"potentialAction\":[{\"@type\":\"SearchAction\",\"target\":{\"@type\":\"EntryPoint\",\"urlTemplate\":\"https:\\\/\\\/regmik.ua\\\/uk\\\/?s={search_term_string}\"},\"query-input\":{\"@type\":\"PropertyValueSpecification\",\"valueRequired\":true,\"valueName\":\"search_term_string\"}}],\"inLanguage\":\"pl-PL\"},{\"@type\":\"Organization\",\"@id\":\"https:\\\/\\\/regmik.ua\\\/uk\\\/#organization\",\"name\":\"REGMIK\",\"alternateName\":\"\u0420\u0415\u0413\u041c\u0418\u041a\",\"url\":\"https:\\\/\\\/regmik.ua\\\/uk\\\/\",\"logo\":{\"@type\":\"ImageObject\",\"inLanguage\":\"pl-PL\",\"@id\":\"https:\\\/\\\/regmik.ua\\\/uk\\\/#\\\/schema\\\/logo\\\/image\\\/\",\"url\":\"https:\\\/\\\/regmik.ua\\\/wp-content\\\/uploads\\\/2020\\\/03\\\/regmik_logo.png\",\"contentUrl\":\"https:\\\/\\\/regmik.ua\\\/wp-content\\\/uploads\\\/2020\\\/03\\\/regmik_logo.png\",\"width\":194,\"height\":45,\"caption\":\"REGMIK\"},\"image\":{\"@id\":\"https:\\\/\\\/regmik.ua\\\/uk\\\/#\\\/schema\\\/logo\\\/image\\\/\"},\"sameAs\":[\"https:\\\/\\\/www.facebook.com\\\/regmik.npf\",\"https:\\\/\\\/x.com\\\/regmiknpf\",\"https:\\\/\\\/www.youtube.com\\\/channel\\\/UC_SrY98SKAmR3Kt95GcVKcw\"]}]}<\/script>","yoast_head_json":{"title":"MUR820G &#8211; \u0420\u0415\u0413\u041c\u0406\u041a, \u041d\u0412\u0424, \u041f\u041f","description":"Typ diody wed\u0142ug przeznaczenia Standard Maksymalne napi\u0119cie wsteczne diody 200 V Spadek napi\u0119cia przewodzenia 975 mV Pr\u0105d diody przewodzenia (\u015bredni) 8 A Liczba diod","robots":{"index":"index","follow":"follow","max-snippet":"max-snippet:-1","max-image-preview":"max-image-preview:large","max-video-preview":"max-video-preview:-1"},"canonical":"https:\/\/regmik.ua\/pl\/ar\/product\/mur820g\/","schema":{"@context":"https:\/\/schema.org","@graph":[{"@type":"WebPage","@id":"https:\/\/regmik.ua\/ar\/product\/mur820g\/","url":"https:\/\/regmik.ua\/ar\/product\/mur820g\/","name":"MUR820G &#8211; \u0420\u0415\u0413\u041c\u0406\u041a, \u041d\u0412\u0424, \u041f\u041f","isPartOf":{"@id":"https:\/\/regmik.ua\/uk\/#website"},"primaryImageOfPage":{"@id":"https:\/\/regmik.ua\/ar\/product\/mur820g\/#primaryimage"},"image":{"@id":"https:\/\/regmik.ua\/ar\/product\/mur820g\/#primaryimage"},"thumbnailUrl":"https:\/\/regmik.ua\/wp-content\/uploads\/2019\/05\/DOC001209167.jpg","datePublished":"2019-06-07T06:30:29+00:00","dateModified":"2020-08-20T05:23:05+00:00","description":"Typ diody wed\u0142ug przeznaczenia Standard Maksymalne napi\u0119cie wsteczne diody 200 V Spadek napi\u0119cia przewodzenia 975 mV Pr\u0105d diody przewodzenia (\u015bredni) 8 A Liczba diod","breadcrumb":{"@id":"https:\/\/regmik.ua\/ar\/product\/mur820g\/#breadcrumb"},"inLanguage":"pl-PL","potentialAction":[{"@type":"ReadAction","target":["https:\/\/regmik.ua\/ar\/product\/mur820g\/"]}]},{"@type":"ImageObject","inLanguage":"pl-PL","@id":"https:\/\/regmik.ua\/ar\/product\/mur820g\/#primaryimage","url":"https:\/\/regmik.ua\/wp-content\/uploads\/2019\/05\/DOC001209167.jpg","contentUrl":"https:\/\/regmik.ua\/wp-content\/uploads\/2019\/05\/DOC001209167.jpg","width":280,"height":192,"caption":"MUR820G"},{"@type":"BreadcrumbList","@id":"https:\/\/regmik.ua\/ar\/product\/mur820g\/#breadcrumb","itemListElement":[{"@type":"ListItem","position":1,"name":"\u0413\u043b\u0430\u0432\u043d\u0430\u044f \u0441\u0442\u0440\u0430\u043d\u0438\u0446\u0430","item":"https:\/\/regmik.ua\/"},{"@type":"ListItem","position":2,"name":"\u041f\u0440\u043e\u0434\u0443\u043a\u0446\u0438\u044f","item":"https:\/\/regmik.ua\/uk\/products\/"},{"@type":"ListItem","position":3,"name":"MUR820G"}]},{"@type":"WebSite","@id":"https:\/\/regmik.ua\/uk\/#website","url":"https:\/\/regmik.ua\/uk\/","name":"REGMIK","description":"Przyrz\u0105dy pomiarowe i czujniki temperatury","publisher":{"@id":"https:\/\/regmik.ua\/uk\/#organization"},"alternateName":"REGMIK","potentialAction":[{"@type":"SearchAction","target":{"@type":"EntryPoint","urlTemplate":"https:\/\/regmik.ua\/uk\/?s={search_term_string}"},"query-input":{"@type":"PropertyValueSpecification","valueRequired":true,"valueName":"search_term_string"}}],"inLanguage":"pl-PL"},{"@type":"Organization","@id":"https:\/\/regmik.ua\/uk\/#organization","name":"REGMIK","alternateName":"\u0420\u0415\u0413\u041c\u0418\u041a","url":"https:\/\/regmik.ua\/uk\/","logo":{"@type":"ImageObject","inLanguage":"pl-PL","@id":"https:\/\/regmik.ua\/uk\/#\/schema\/logo\/image\/","url":"https:\/\/regmik.ua\/wp-content\/uploads\/2020\/03\/regmik_logo.png","contentUrl":"https:\/\/regmik.ua\/wp-content\/uploads\/2020\/03\/regmik_logo.png","width":194,"height":45,"caption":"REGMIK"},"image":{"@id":"https:\/\/regmik.ua\/uk\/#\/schema\/logo\/image\/"},"sameAs":["https:\/\/www.facebook.com\/regmik.npf","https:\/\/x.com\/regmiknpf","https:\/\/www.youtube.com\/channel\/UC_SrY98SKAmR3Kt95GcVKcw"]}]}},"_links":{"self":[{"href":"https:\/\/regmik.ua\/pl\/wp-json\/wp\/v2\/product\/19049","targetHints":{"allow":["GET"]}}],"collection":[{"href":"https:\/\/regmik.ua\/pl\/wp-json\/wp\/v2\/product"}],"about":[{"href":"https:\/\/regmik.ua\/pl\/wp-json\/wp\/v2\/types\/product"}],"replies":[{"embeddable":true,"href":"https:\/\/regmik.ua\/pl\/wp-json\/wp\/v2\/comments?post=19049"}],"version-history":[{"count":0,"href":"https:\/\/regmik.ua\/pl\/wp-json\/wp\/v2\/product\/19049\/revisions"}],"wp:featuredmedia":[{"embeddable":true,"href":"https:\/\/regmik.ua\/pl\/wp-json\/wp\/v2\/media\/19050"}],"wp:attachment":[{"href":"https:\/\/regmik.ua\/pl\/wp-json\/wp\/v2\/media?parent=19049"}],"wp:term":[{"taxonomy":"product_brand","embeddable":true,"href":"https:\/\/regmik.ua\/pl\/wp-json\/wp\/v2\/product_brand?post=19049"},{"taxonomy":"product_cat","embeddable":true,"href":"https:\/\/regmik.ua\/pl\/wp-json\/wp\/v2\/product_cat?post=19049"},{"taxonomy":"product_tag","embeddable":true,"href":"https:\/\/regmik.ua\/pl\/wp-json\/wp\/v2\/product_tag?post=19049"}],"curies":[{"name":"wp","href":"https:\/\/api.w.org\/{rel}","templated":true}]}}