{"id":19047,"date":"2019-06-07T09:13:39","date_gmt":"2019-06-07T07:13:39","guid":{"rendered":"https:\/\/regmik.com.ua\/?post_type=product&#038;p=19047"},"modified":"2020-08-20T07:23:05","modified_gmt":"2020-08-20T05:23:05","slug":"ds80c320mng","status":"publish","type":"product","link":"https:\/\/regmik.ua\/pl\/product\/ds80c320mng\/","title":{"rendered":"DS80C320MNG"},"content":{"rendered":"<table width=\"100%\">\n<tbody>\n<tr>\n<td width=\"40%\">Producent<\/td>\n<td width=\"60%\">Produkty zintegrowane Maxim<\/td>\n<\/tr>\n<tr>\n<td colspan=\"2\"><img decoding=\"async\" src=\"https:\/\/www.chipfind.ru\/static\/-.gif\" width=\"1\" height=\"5\" \/><\/td>\n<\/tr>\n<tr>\n<td>Seria<\/td>\n<td>80 stopni Celsjusza<\/td>\n<\/tr>\n<tr>\n<td>Procesor<\/td>\n<td>8051<\/td>\n<\/tr>\n<tr>\n<td>Rozmiar rdzenia<\/td>\n<td>8-bitowy<\/td>\n<\/tr>\n<tr>\n<td>Pr\u0119dko\u015b\u0107<\/td>\n<td>25MHz<\/td>\n<\/tr>\n<tr>\n<td>Typ po\u0142\u0105czenia<\/td>\n<td>SIO, UART\/USART<\/td>\n<\/tr>\n<tr>\n<td>Obrze\u017ce<\/td>\n<td>Resetowanie w przypadku awarii zasilania, WDT<\/td>\n<\/tr>\n<tr>\n<td>Liczba wej\u015b\u0107\/wyj\u015b\u0107<\/td>\n<td>32<\/td>\n<\/tr>\n<tr>\n<td>Programowalny typ pami\u0119ci<\/td>\n<td>Bez ROM-u<\/td>\n<\/tr>\n<tr>\n<td>Rozmiar pami\u0119ci<\/td>\n<td>256x8<\/td>\n<\/tr>\n<tr>\n<td>Napi\u0119cie \u017ar\u00f3d\u0142owe (Vcc\/Vdd)<\/td>\n<td>4,5 V~5,5 V<\/td>\n<\/tr>\n<tr>\n<td>Typ oscylatora<\/td>\n<td>Zewn\u0119trzny<\/td>\n<\/tr>\n<tr>\n<td>Temperatura pracy<\/td>\n<td>-40 \u00b0 C ~ 85 \u00b0 C<\/td>\n<\/tr>\n<tr>\n<td>Mieszkaniowy<\/td>\n<td>40-DIP (600 mil)<\/td>\n<\/tr>\n<tr>\n<td>Mo\u017cna j\u0105 znale\u017a\u0107 pod nazw\u0105.<\/td>\n<td>DS80C320MNG<\/td>\n<\/tr>\n<tr>\n<td colspan=\"2\"><img decoding=\"async\" src=\"https:\/\/www.chipfind.ru\/static\/-.gif\" width=\"1\" height=\"5\" \/><\/td>\n<\/tr>\n<\/tbody>\n<\/table>","protected":false},"excerpt":{"rendered":"<p>\u041f\u0440\u043e\u0438\u0437\u0432\u043e\u0434\u0438\u0442\u0435\u043b\u044c Maxim Integrated Products \u0421\u0435\u0440\u0438\u044f 80C \u041f\u0440\u043e\u0446\u0435\u0441\u0441\u043e\u0440 8051 \u0420\u0430\u0437\u043c\u0435\u0440 \u044f\u0434\u0440\u0430 8-Bit \u0421\u043a\u043e\u0440\u043e\u0441\u0442\u044c 25MHz \u0422\u0438\u043f \u043f\u043e\u0434\u043a\u043b\u044e\u0447\u0435\u043d\u0438\u044f SIO, UART\/USART \u041f\u0435\u0440\u0438\u0444\u0435\u0440\u0438\u044f Power-Fail Reset, WDT \u0427\u0438\u0441\u043b\u043e \u0432\u0432\u043e\u0434\u043e\u0432\/\u0432\u044b\u0432\u043e\u0434\u043e\u0432 32 \u0422\u0438\u043f \u043f\u0440\u043e\u0433\u0440\u0430\u043c\u043c\u0438\u0440\u0443\u0435\u043c\u043e\u0439 \u043f\u0430\u043c\u044f\u0442\u0438 ROMless \u0420\u0430\u0437\u043c\u0435\u0440 \u043f\u0430\u043c\u044f\u0442\u0438 256 x 8 \u041d\u0430\u043f\u0440\u044f\u0436\u0435\u043d\u0438\u0435 \u0438\u0441\u0442\u043e\u0447\u043d\u0438\u043a\u0430 (Vcc\/Vdd) 4.5 V ~ 5.5 V \u0422\u0438\u043f \u043e\u0441\u0446\u0438\u043b\u044f\u0442\u043e\u0440\u0430 External \u0420\u0430\u0431\u043e\u0447\u0430\u044f \u0442\u0435\u043c\u043f\u0435\u0440\u0430\u0442\u0443\u0440\u0430 -40\u00b0C ~ 85\u00b0C \u041a\u043e\u0440\u043f\u0443\u0441 40-DIP (600 mil) \u0412\u0441\u0442\u0440\u0435\u0447\u0430\u0435\u0442\u0441\u044f \u043f\u043e\u0434 &hellip; <a href=\"https:\/\/regmik.ua\/pl\/product\/ds80c320mng\/\" class=\"more-link\">Kontynuuj czytanie <span class=\"screen-reader-text\">DS80C320MNG<\/span><\/a><\/p>","protected":false},"featured_media":19048,"comment_status":"open","ping_status":"closed","template":"","meta":[],"product_brand":[],"product_cat":[784],"product_tag":[3122],"class_list":{"0":"post-19047","1":"product","2":"type-product","3":"status-publish","4":"has-post-thumbnail","6":"product_cat-mikrokontrollery","7":"product_tag-ds80c320mng","10":"instock","11":"shipping-taxable","12":"purchasable","13":"product-type-simple"},"yoast_head":"<title>DS80C320MNG &#8211; \u0420\u0415\u0413\u041c\u0406\u041a, \u041d\u0412\u0424, \u041f\u041f<\/title>\n<meta name=\"description\" content=\"\u041f\u0440\u043e\u0438\u0437\u0432\u043e\u0434\u0438\u0442\u0435\u043b\u044c Maxim Integrated Products \u0421\u0435\u0440\u0438\u044f 80C \u041f\u0440\u043e\u0446\u0435\u0441\u0441\u043e\u0440 8051 \u0420\u0430\u0437\u043c\u0435\u0440 \u044f\u0434\u0440\u0430 8-Bit \u0421\u043a\u043e\u0440\u043e\u0441\u0442\u044c 25MHz \u0422\u0438\u043f \u043f\u043e\u0434\u043a\u043b\u044e\u0447\u0435\u043d\u0438\u044f SIO, UART\/USART \u041f\u0435\u0440\u0438\u0444\u0435\u0440\u0438\u044f Power-Fail\" \/>\n<meta name=\"robots\" content=\"index, follow, max-snippet:-1, max-image-preview:large, max-video-preview:-1\" \/>\n<link rel=\"canonical\" href=\"https:\/\/regmik.ua\/pl\/product\/ds80c320mng\/\" \/>\n<script type=\"application\/ld+json\" class=\"yoast-schema-graph\">{\"@context\":\"https:\\\/\\\/schema.org\",\"@graph\":[{\"@type\":\"WebPage\",\"@id\":\"https:\\\/\\\/regmik.ua\\\/product\\\/ds80c320mng\\\/\",\"url\":\"https:\\\/\\\/regmik.ua\\\/product\\\/ds80c320mng\\\/\",\"name\":\"DS80C320MNG &#8211; \u0420\u0415\u0413\u041c\u0406\u041a, \u041d\u0412\u0424, \u041f\u041f\",\"isPartOf\":{\"@id\":\"https:\\\/\\\/regmik.ua\\\/uk\\\/#website\"},\"primaryImageOfPage\":{\"@id\":\"https:\\\/\\\/regmik.ua\\\/product\\\/ds80c320mng\\\/#primaryimage\"},\"image\":{\"@id\":\"https:\\\/\\\/regmik.ua\\\/product\\\/ds80c320mng\\\/#primaryimage\"},\"thumbnailUrl\":\"https:\\\/\\\/regmik.ua\\\/wp-content\\\/uploads\\\/2019\\\/05\\\/10387.gif\",\"datePublished\":\"2019-06-07T07:13:39+00:00\",\"dateModified\":\"2020-08-20T05:23:05+00:00\",\"description\":\"\u041f\u0440\u043e\u0438\u0437\u0432\u043e\u0434\u0438\u0442\u0435\u043b\u044c Maxim Integrated Products \u0421\u0435\u0440\u0438\u044f 80C \u041f\u0440\u043e\u0446\u0435\u0441\u0441\u043e\u0440 8051 \u0420\u0430\u0437\u043c\u0435\u0440 \u044f\u0434\u0440\u0430 8-Bit \u0421\u043a\u043e\u0440\u043e\u0441\u0442\u044c 25MHz \u0422\u0438\u043f \u043f\u043e\u0434\u043a\u043b\u044e\u0447\u0435\u043d\u0438\u044f SIO, UART\\\/USART \u041f\u0435\u0440\u0438\u0444\u0435\u0440\u0438\u044f Power-Fail\",\"breadcrumb\":{\"@id\":\"https:\\\/\\\/regmik.ua\\\/product\\\/ds80c320mng\\\/#breadcrumb\"},\"inLanguage\":\"pl-PL\",\"potentialAction\":[{\"@type\":\"ReadAction\",\"target\":[\"https:\\\/\\\/regmik.ua\\\/product\\\/ds80c320mng\\\/\"]}]},{\"@type\":\"ImageObject\",\"inLanguage\":\"pl-PL\",\"@id\":\"https:\\\/\\\/regmik.ua\\\/product\\\/ds80c320mng\\\/#primaryimage\",\"url\":\"https:\\\/\\\/regmik.ua\\\/wp-content\\\/uploads\\\/2019\\\/05\\\/10387.gif\",\"contentUrl\":\"https:\\\/\\\/regmik.ua\\\/wp-content\\\/uploads\\\/2019\\\/05\\\/10387.gif\",\"width\":120,\"height\":120,\"caption\":\"DS80C320MNG\"},{\"@type\":\"BreadcrumbList\",\"@id\":\"https:\\\/\\\/regmik.ua\\\/product\\\/ds80c320mng\\\/#breadcrumb\",\"itemListElement\":[{\"@type\":\"ListItem\",\"position\":1,\"name\":\"\u0413\u043b\u0430\u0432\u043d\u0430\u044f \u0441\u0442\u0440\u0430\u043d\u0438\u0446\u0430\",\"item\":\"https:\\\/\\\/regmik.ua\\\/\"},{\"@type\":\"ListItem\",\"position\":2,\"name\":\"\u041f\u0440\u043e\u0434\u0443\u043a\u0446\u0438\u044f\",\"item\":\"https:\\\/\\\/regmik.ua\\\/uk\\\/products\\\/\"},{\"@type\":\"ListItem\",\"position\":3,\"name\":\"DS80C320MNG\"}]},{\"@type\":\"WebSite\",\"@id\":\"https:\\\/\\\/regmik.ua\\\/uk\\\/#website\",\"url\":\"https:\\\/\\\/regmik.ua\\\/uk\\\/\",\"name\":\"REGMIK\",\"description\":\"\u0418\u0437\u043c\u0435\u0440\u0438\u0442\u0435\u043b\u044c\u043d\u044b\u0435 \u043f\u0440\u0438\u0431\u043e\u0440\u044b \u0438 \u0434\u0430\u0442\u0447\u0438\u043a\u0438 \u0442\u0435\u043c\u043f\u0435\u0440\u0430\u0442\u0443\u0440\u044b\",\"publisher\":{\"@id\":\"https:\\\/\\\/regmik.ua\\\/uk\\\/#organization\"},\"alternateName\":\"REGMIK\",\"potentialAction\":[{\"@type\":\"SearchAction\",\"target\":{\"@type\":\"EntryPoint\",\"urlTemplate\":\"https:\\\/\\\/regmik.ua\\\/uk\\\/?s={search_term_string}\"},\"query-input\":{\"@type\":\"PropertyValueSpecification\",\"valueRequired\":true,\"valueName\":\"search_term_string\"}}],\"inLanguage\":\"pl-PL\"},{\"@type\":\"Organization\",\"@id\":\"https:\\\/\\\/regmik.ua\\\/uk\\\/#organization\",\"name\":\"REGMIK\",\"alternateName\":\"\u0420\u0415\u0413\u041c\u0418\u041a\",\"url\":\"https:\\\/\\\/regmik.ua\\\/uk\\\/\",\"logo\":{\"@type\":\"ImageObject\",\"inLanguage\":\"pl-PL\",\"@id\":\"https:\\\/\\\/regmik.ua\\\/uk\\\/#\\\/schema\\\/logo\\\/image\\\/\",\"url\":\"https:\\\/\\\/regmik.ua\\\/wp-content\\\/uploads\\\/2020\\\/03\\\/regmik_logo.png\",\"contentUrl\":\"https:\\\/\\\/regmik.ua\\\/wp-content\\\/uploads\\\/2020\\\/03\\\/regmik_logo.png\",\"width\":194,\"height\":45,\"caption\":\"REGMIK\"},\"image\":{\"@id\":\"https:\\\/\\\/regmik.ua\\\/uk\\\/#\\\/schema\\\/logo\\\/image\\\/\"},\"sameAs\":[\"https:\\\/\\\/www.facebook.com\\\/regmik.npf\",\"https:\\\/\\\/x.com\\\/regmiknpf\",\"https:\\\/\\\/www.youtube.com\\\/channel\\\/UC_SrY98SKAmR3Kt95GcVKcw\"]}]}<\/script>","yoast_head_json":{"title":"DS80C320MNG &#8211; \u0420\u0415\u0413\u041c\u0406\u041a, \u041d\u0412\u0424, \u041f\u041f","description":"Producent Maxim Integrated Products Seria 80C Procesor 8051 Rozmiar rdzenia 8-bit Pr\u0119dko\u015b\u0107 25MHz Typ po\u0142\u0105czenia SIO, UART\/USART Urz\u0105dzenia peryferyjne Power-Fail","robots":{"index":"index","follow":"follow","max-snippet":"max-snippet:-1","max-image-preview":"max-image-preview:large","max-video-preview":"max-video-preview:-1"},"canonical":"https:\/\/regmik.ua\/pl\/product\/ds80c320mng\/","schema":{"@context":"https:\/\/schema.org","@graph":[{"@type":"WebPage","@id":"https:\/\/regmik.ua\/product\/ds80c320mng\/","url":"https:\/\/regmik.ua\/product\/ds80c320mng\/","name":"DS80C320MNG &#8211; \u0420\u0415\u0413\u041c\u0406\u041a, \u041d\u0412\u0424, \u041f\u041f","isPartOf":{"@id":"https:\/\/regmik.ua\/uk\/#website"},"primaryImageOfPage":{"@id":"https:\/\/regmik.ua\/product\/ds80c320mng\/#primaryimage"},"image":{"@id":"https:\/\/regmik.ua\/product\/ds80c320mng\/#primaryimage"},"thumbnailUrl":"https:\/\/regmik.ua\/wp-content\/uploads\/2019\/05\/10387.gif","datePublished":"2019-06-07T07:13:39+00:00","dateModified":"2020-08-20T05:23:05+00:00","description":"Producent Maxim Integrated Products Seria 80C Procesor 8051 Rozmiar rdzenia 8-bit Pr\u0119dko\u015b\u0107 25MHz Typ po\u0142\u0105czenia SIO, UART\/USART Urz\u0105dzenia peryferyjne Power-Fail","breadcrumb":{"@id":"https:\/\/regmik.ua\/product\/ds80c320mng\/#breadcrumb"},"inLanguage":"pl-PL","potentialAction":[{"@type":"ReadAction","target":["https:\/\/regmik.ua\/product\/ds80c320mng\/"]}]},{"@type":"ImageObject","inLanguage":"pl-PL","@id":"https:\/\/regmik.ua\/product\/ds80c320mng\/#primaryimage","url":"https:\/\/regmik.ua\/wp-content\/uploads\/2019\/05\/10387.gif","contentUrl":"https:\/\/regmik.ua\/wp-content\/uploads\/2019\/05\/10387.gif","width":120,"height":120,"caption":"DS80C320MNG"},{"@type":"BreadcrumbList","@id":"https:\/\/regmik.ua\/product\/ds80c320mng\/#breadcrumb","itemListElement":[{"@type":"ListItem","position":1,"name":"\u0413\u043b\u0430\u0432\u043d\u0430\u044f \u0441\u0442\u0440\u0430\u043d\u0438\u0446\u0430","item":"https:\/\/regmik.ua\/"},{"@type":"ListItem","position":2,"name":"\u041f\u0440\u043e\u0434\u0443\u043a\u0446\u0438\u044f","item":"https:\/\/regmik.ua\/uk\/products\/"},{"@type":"ListItem","position":3,"name":"DS80C320MNG"}]},{"@type":"WebSite","@id":"https:\/\/regmik.ua\/uk\/#website","url":"https:\/\/regmik.ua\/uk\/","name":"REGMIK","description":"Przyrz\u0105dy pomiarowe i czujniki temperatury","publisher":{"@id":"https:\/\/regmik.ua\/uk\/#organization"},"alternateName":"REGMIK","potentialAction":[{"@type":"SearchAction","target":{"@type":"EntryPoint","urlTemplate":"https:\/\/regmik.ua\/uk\/?s={search_term_string}"},"query-input":{"@type":"PropertyValueSpecification","valueRequired":true,"valueName":"search_term_string"}}],"inLanguage":"pl-PL"},{"@type":"Organization","@id":"https:\/\/regmik.ua\/uk\/#organization","name":"REGMIK","alternateName":"\u0420\u0415\u0413\u041c\u0418\u041a","url":"https:\/\/regmik.ua\/uk\/","logo":{"@type":"ImageObject","inLanguage":"pl-PL","@id":"https:\/\/regmik.ua\/uk\/#\/schema\/logo\/image\/","url":"https:\/\/regmik.ua\/wp-content\/uploads\/2020\/03\/regmik_logo.png","contentUrl":"https:\/\/regmik.ua\/wp-content\/uploads\/2020\/03\/regmik_logo.png","width":194,"height":45,"caption":"REGMIK"},"image":{"@id":"https:\/\/regmik.ua\/uk\/#\/schema\/logo\/image\/"},"sameAs":["https:\/\/www.facebook.com\/regmik.npf","https:\/\/x.com\/regmiknpf","https:\/\/www.youtube.com\/channel\/UC_SrY98SKAmR3Kt95GcVKcw"]}]}},"_links":{"self":[{"href":"https:\/\/regmik.ua\/pl\/wp-json\/wp\/v2\/product\/19047","targetHints":{"allow":["GET"]}}],"collection":[{"href":"https:\/\/regmik.ua\/pl\/wp-json\/wp\/v2\/product"}],"about":[{"href":"https:\/\/regmik.ua\/pl\/wp-json\/wp\/v2\/types\/product"}],"replies":[{"embeddable":true,"href":"https:\/\/regmik.ua\/pl\/wp-json\/wp\/v2\/comments?post=19047"}],"version-history":[{"count":0,"href":"https:\/\/regmik.ua\/pl\/wp-json\/wp\/v2\/product\/19047\/revisions"}],"wp:featuredmedia":[{"embeddable":true,"href":"https:\/\/regmik.ua\/pl\/wp-json\/wp\/v2\/media\/19048"}],"wp:attachment":[{"href":"https:\/\/regmik.ua\/pl\/wp-json\/wp\/v2\/media?parent=19047"}],"wp:term":[{"taxonomy":"product_brand","embeddable":true,"href":"https:\/\/regmik.ua\/pl\/wp-json\/wp\/v2\/product_brand?post=19047"},{"taxonomy":"product_cat","embeddable":true,"href":"https:\/\/regmik.ua\/pl\/wp-json\/wp\/v2\/product_cat?post=19047"},{"taxonomy":"product_tag","embeddable":true,"href":"https:\/\/regmik.ua\/pl\/wp-json\/wp\/v2\/product_tag?post=19047"}],"curies":[{"name":"wp","href":"https:\/\/api.w.org\/{rel}","templated":true}]}}