{"id":19036,"date":"2019-05-31T07:56:56","date_gmt":"2019-05-31T05:56:56","guid":{"rendered":"https:\/\/regmik.com.ua\/?post_type=product&#038;p=19036"},"modified":"2020-08-20T07:23:52","modified_gmt":"2020-08-20T05:23:52","slug":"adg411bn","status":"publish","type":"product","link":"https:\/\/regmik.ua\/pl\/product\/adg411bn\/","title":{"rendered":"ADG411BN"},"content":{"rendered":"<h3>Specyfikacje ADG411BN<\/h3>\n<table class=\"pricelist\">\n<tbody>\n<tr>\n<th>\n<div>Parametr<\/div>\n<\/th>\n<th>\n<div>Warto\u015b\u0107<\/div>\n<\/th>\n<\/tr>\n<tr class=\"even\">\n<td>Status bezo\u0142owiowy \/ status RoHS<\/td>\n<td>Niezgodny z RoHS<\/td>\n<\/tr>\n<tr class=\"odd\">\n<td>Seria<\/td>\n<td>LC\u00b2MOS<\/td>\n<\/tr>\n<tr class=\"even\">\n<td>Funkcjonowa\u0107<\/td>\n<td>prze\u0142\u0105cznik<\/td>\n<\/tr>\n<tr class=\"odd\">\n<td>Kana\u0142y<\/td>\n<td>4 x SPST-NC<\/td>\n<\/tr>\n<tr class=\"even\">\n<td>Op\u00f3r (stan w\u0142\u0105czenia)<\/td>\n<td>35 om\u00f3w<\/td>\n<\/tr>\n<tr class=\"odd\">\n<td>Napi\u0119cie zasilania<\/td>\n<td>Pojedyncze, podw\u00f3jne zasilanie<\/td>\n<\/tr>\n<tr class=\"even\">\n<td>Wyj\u015bcie napi\u0119ciowe, pojedyncze \/ podw\u00f3jne (\u00b1)<\/td>\n<td>12V,\u00b115V<\/td>\n<\/tr>\n<tr class=\"odd\">\n<td>Pr\u0105d wyj\u015bciowy<\/td>\n<td>100pA<\/td>\n<\/tr>\n<tr class=\"even\">\n<td>Temperatura pracy<\/td>\n<td>-40 \u00b0 C ~ 85 \u00b0 C<\/td>\n<\/tr>\n<tr class=\"odd\">\n<td>Typ mocowania<\/td>\n<td>Wynik<\/td>\n<\/tr>\n<tr class=\"even\">\n<td>Wymiar sprawy)<\/td>\n<td>16-DIP (0,300\u2033, 7,62mm)<\/td>\n<\/tr>\n<tr class=\"odd\">\n<td>Mieszkaniowy<\/td>\n<td>16PDIP<\/td>\n<\/tr>\n<\/tbody>\n<\/table>","protected":false},"excerpt":{"rendered":"<p>\u0422\u0435\u0445\u043d\u0438\u0447\u0435\u0441\u043a\u0438\u0435 \u0445\u0430\u0440\u0430\u043a\u0442\u0435\u0440\u0438\u0441\u0442\u0438\u043a\u0438 ADG411BN \u041f\u0430\u0440\u0430\u043c\u0435\u0442\u0440 \u0417\u043d\u0430\u0447\u0435\u043d\u0438\u0435 Lead Free Status \/ RoHS Status RoHS non-compliant \u0421\u0435\u0440\u0438\u044f LC\u00b2MOS \u0424\u0443\u043d\u043a\u0446\u0438\u044f Switch \u041a\u0430\u043d\u0430\u043b\u044b 4 x SPST &#8211; NC \u0421\u043e\u043f\u0440\u043e\u0442\u0438\u0432\u043b\u0435\u043d\u0438\u0435 (On-State) 35 Ohm \u041d\u0430\u043f\u0440\u044f\u0436\u0435\u043d\u0438\u0435 \u043f\u0438\u0442\u0430\u043d\u0438\u044f \u0438\u0441\u0442\u043e\u0447\u043d\u0438\u043a\u0430 Single, Dual Supply \u041d\u0430\u043f\u0440\u044f\u0436\u0435\u043d\u0438\u0435-\u0432\u044b\u0445\u043e\u0434\u043d\u043e\u0435, Single\/Dual (\u00b1) 12V, \u00b115V \u0422\u043e\u043a \u0432\u044b\u0445\u043e\u0434\u043d\u043e\u0439 100pA \u0420\u0430\u0431\u043e\u0447\u0430\u044f \u0442\u0435\u043c\u043f\u0435\u0440\u0430\u0442\u0443\u0440\u0430 -40\u00b0C ~ 85\u00b0C \u0422\u0438\u043f \u043c\u043e\u043d\u0442\u0430\u0436\u0430 \u0412\u044b\u0432\u043e\u0434\u043d\u043e\u0439 \u041a\u043e\u0440\u043f\u0443\u0441 (\u0440\u0430\u0437\u043c\u0435\u0440) 16-DIP (0.300&#8243;, 7.62mm) \u041a\u043e\u0440\u043f\u0443\u0441 &hellip; <a href=\"https:\/\/regmik.ua\/pl\/product\/adg411bn\/\" class=\"more-link\">Kontynuuj czytanie <span class=\"screen-reader-text\">ADG411BN<\/span><\/a><\/p>","protected":false},"featured_media":19038,"comment_status":"open","ping_status":"closed","template":"","meta":[],"product_brand":[],"product_cat":[779,781],"product_tag":[3179],"class_list":{"0":"post-19036","1":"product","2":"type-product","3":"status-publish","4":"has-post-thumbnail","6":"product_cat-chip","7":"product_cat-multipleksory","8":"product_tag-adg411bn","11":"instock","12":"shipping-taxable","13":"purchasable","14":"product-type-simple"},"yoast_head":"<title>ADG411BN &#8211; \u0420\u0415\u0413\u041c\u0406\u041a, \u041d\u0412\u0424, \u041f\u041f<\/title>\n<meta name=\"description\" content=\"\u0422\u0435\u0445\u043d\u0438\u0447\u0435\u0441\u043a\u0438\u0435 \u0445\u0430\u0440\u0430\u043a\u0442\u0435\u0440\u0438\u0441\u0442\u0438\u043a\u0438 ADG411BN \u041f\u0430\u0440\u0430\u043c\u0435\u0442\u0440 \u0417\u043d\u0430\u0447\u0435\u043d\u0438\u0435 Lead Free Status \/ RoHS Status RoHS non-compliant \u0421\u0435\u0440\u0438\u044f LC\u00b2MOS \u0424\u0443\u043d\u043a\u0446\u0438\u044f Switch \u041a\u0430\u043d\u0430\u043b\u044b 4 x SPST - NC\" \/>\n<meta name=\"robots\" content=\"index, follow, max-snippet:-1, max-image-preview:large, max-video-preview:-1\" \/>\n<link rel=\"canonical\" href=\"https:\/\/regmik.ua\/pl\/produkt\/adg411bn\/\" \/>\n<script type=\"application\/ld+json\" class=\"yoast-schema-graph\">{\"@context\":\"https:\\\/\\\/schema.org\",\"@graph\":[{\"@type\":\"WebPage\",\"@id\":\"https:\\\/\\\/regmik.ua\\\/pl\\\/produkt\\\/adg411bn\\\/\",\"url\":\"https:\\\/\\\/regmik.ua\\\/pl\\\/produkt\\\/adg411bn\\\/\",\"name\":\"ADG411BN &#8211; \u0420\u0415\u0413\u041c\u0406\u041a, \u041d\u0412\u0424, \u041f\u041f\",\"isPartOf\":{\"@id\":\"https:\\\/\\\/regmik.ua\\\/uk\\\/#website\"},\"primaryImageOfPage\":{\"@id\":\"https:\\\/\\\/regmik.ua\\\/pl\\\/produkt\\\/adg411bn\\\/#primaryimage\"},\"image\":{\"@id\":\"https:\\\/\\\/regmik.ua\\\/pl\\\/produkt\\\/adg411bn\\\/#primaryimage\"},\"thumbnailUrl\":\"https:\\\/\\\/regmik.ua\\\/wp-content\\\/uploads\\\/2019\\\/05\\\/ADG411BN_200x200.jpg\",\"datePublished\":\"2019-05-31T05:56:56+00:00\",\"dateModified\":\"2020-08-20T05:23:52+00:00\",\"description\":\"\u0422\u0435\u0445\u043d\u0438\u0447\u0435\u0441\u043a\u0438\u0435 \u0445\u0430\u0440\u0430\u043a\u0442\u0435\u0440\u0438\u0441\u0442\u0438\u043a\u0438 ADG411BN \u041f\u0430\u0440\u0430\u043c\u0435\u0442\u0440 \u0417\u043d\u0430\u0447\u0435\u043d\u0438\u0435 Lead Free Status \\\/ RoHS Status RoHS non-compliant \u0421\u0435\u0440\u0438\u044f LC\u00b2MOS \u0424\u0443\u043d\u043a\u0446\u0438\u044f Switch \u041a\u0430\u043d\u0430\u043b\u044b 4 x SPST - NC\",\"breadcrumb\":{\"@id\":\"https:\\\/\\\/regmik.ua\\\/pl\\\/produkt\\\/adg411bn\\\/#breadcrumb\"},\"inLanguage\":\"pl-PL\",\"potentialAction\":[{\"@type\":\"ReadAction\",\"target\":[\"https:\\\/\\\/regmik.ua\\\/pl\\\/produkt\\\/adg411bn\\\/\"]}]},{\"@type\":\"ImageObject\",\"inLanguage\":\"pl-PL\",\"@id\":\"https:\\\/\\\/regmik.ua\\\/pl\\\/produkt\\\/adg411bn\\\/#primaryimage\",\"url\":\"https:\\\/\\\/regmik.ua\\\/wp-content\\\/uploads\\\/2019\\\/05\\\/ADG411BN_200x200.jpg\",\"contentUrl\":\"https:\\\/\\\/regmik.ua\\\/wp-content\\\/uploads\\\/2019\\\/05\\\/ADG411BN_200x200.jpg\",\"width\":200,\"height\":168,\"caption\":\"ADG411BN\"},{\"@type\":\"BreadcrumbList\",\"@id\":\"https:\\\/\\\/regmik.ua\\\/pl\\\/produkt\\\/adg411bn\\\/#breadcrumb\",\"itemListElement\":[{\"@type\":\"ListItem\",\"position\":1,\"name\":\"\u0413\u043b\u0430\u0432\u043d\u0430\u044f \u0441\u0442\u0440\u0430\u043d\u0438\u0446\u0430\",\"item\":\"https:\\\/\\\/regmik.ua\\\/\"},{\"@type\":\"ListItem\",\"position\":2,\"name\":\"\u041f\u0440\u043e\u0434\u0443\u043a\u0446\u0438\u044f\",\"item\":\"https:\\\/\\\/regmik.ua\\\/uk\\\/products\\\/\"},{\"@type\":\"ListItem\",\"position\":3,\"name\":\"ADG411BN\"}]},{\"@type\":\"WebSite\",\"@id\":\"https:\\\/\\\/regmik.ua\\\/uk\\\/#website\",\"url\":\"https:\\\/\\\/regmik.ua\\\/uk\\\/\",\"name\":\"REGMIK\",\"description\":\"\u0418\u0437\u043c\u0435\u0440\u0438\u0442\u0435\u043b\u044c\u043d\u044b\u0435 \u043f\u0440\u0438\u0431\u043e\u0440\u044b \u0438 \u0434\u0430\u0442\u0447\u0438\u043a\u0438 \u0442\u0435\u043c\u043f\u0435\u0440\u0430\u0442\u0443\u0440\u044b\",\"publisher\":{\"@id\":\"https:\\\/\\\/regmik.ua\\\/uk\\\/#organization\"},\"alternateName\":\"REGMIK\",\"potentialAction\":[{\"@type\":\"SearchAction\",\"target\":{\"@type\":\"EntryPoint\",\"urlTemplate\":\"https:\\\/\\\/regmik.ua\\\/uk\\\/?s={search_term_string}\"},\"query-input\":{\"@type\":\"PropertyValueSpecification\",\"valueRequired\":true,\"valueName\":\"search_term_string\"}}],\"inLanguage\":\"pl-PL\"},{\"@type\":\"Organization\",\"@id\":\"https:\\\/\\\/regmik.ua\\\/uk\\\/#organization\",\"name\":\"REGMIK\",\"alternateName\":\"\u0420\u0415\u0413\u041c\u0418\u041a\",\"url\":\"https:\\\/\\\/regmik.ua\\\/uk\\\/\",\"logo\":{\"@type\":\"ImageObject\",\"inLanguage\":\"pl-PL\",\"@id\":\"https:\\\/\\\/regmik.ua\\\/uk\\\/#\\\/schema\\\/logo\\\/image\\\/\",\"url\":\"https:\\\/\\\/regmik.ua\\\/wp-content\\\/uploads\\\/2020\\\/03\\\/regmik_logo.png\",\"contentUrl\":\"https:\\\/\\\/regmik.ua\\\/wp-content\\\/uploads\\\/2020\\\/03\\\/regmik_logo.png\",\"width\":194,\"height\":45,\"caption\":\"REGMIK\"},\"image\":{\"@id\":\"https:\\\/\\\/regmik.ua\\\/uk\\\/#\\\/schema\\\/logo\\\/image\\\/\"},\"sameAs\":[\"https:\\\/\\\/www.facebook.com\\\/regmik.npf\",\"https:\\\/\\\/x.com\\\/regmiknpf\",\"https:\\\/\\\/www.youtube.com\\\/channel\\\/UC_SrY98SKAmR3Kt95GcVKcw\"]}]}<\/script>","yoast_head_json":{"title":"ADG411BN &#8211; \u0420\u0415\u0413\u041c\u0406\u041a, \u041d\u0412\u0424, \u041f\u041f","description":"Specyfikacje ADG411BN Parametr Warto\u015b\u0107 Stan bezo\u0142owiowy \/ Stan RoHS Niezgodny z RoHS Seria LC\u00b2MOS Prze\u0142\u0105cznik Funkcja Kana\u0142y 4 x SPST - NC","robots":{"index":"index","follow":"follow","max-snippet":"max-snippet:-1","max-image-preview":"max-image-preview:large","max-video-preview":"max-video-preview:-1"},"canonical":"https:\/\/regmik.ua\/pl\/produkt\/adg411bn\/","schema":{"@context":"https:\/\/schema.org","@graph":[{"@type":"WebPage","@id":"https:\/\/regmik.ua\/pl\/produkt\/adg411bn\/","url":"https:\/\/regmik.ua\/pl\/produkt\/adg411bn\/","name":"ADG411BN &#8211; \u0420\u0415\u0413\u041c\u0406\u041a, \u041d\u0412\u0424, \u041f\u041f","isPartOf":{"@id":"https:\/\/regmik.ua\/uk\/#website"},"primaryImageOfPage":{"@id":"https:\/\/regmik.ua\/pl\/produkt\/adg411bn\/#primaryimage"},"image":{"@id":"https:\/\/regmik.ua\/pl\/produkt\/adg411bn\/#primaryimage"},"thumbnailUrl":"https:\/\/regmik.ua\/wp-content\/uploads\/2019\/05\/ADG411BN_200x200.jpg","datePublished":"2019-05-31T05:56:56+00:00","dateModified":"2020-08-20T05:23:52+00:00","description":"Specyfikacje ADG411BN Parametr Warto\u015b\u0107 Stan bezo\u0142owiowy \/ Stan RoHS Niezgodny z RoHS Seria LC\u00b2MOS Prze\u0142\u0105cznik Funkcja Kana\u0142y 4 x SPST - NC","breadcrumb":{"@id":"https:\/\/regmik.ua\/pl\/produkt\/adg411bn\/#breadcrumb"},"inLanguage":"pl-PL","potentialAction":[{"@type":"ReadAction","target":["https:\/\/regmik.ua\/pl\/produkt\/adg411bn\/"]}]},{"@type":"ImageObject","inLanguage":"pl-PL","@id":"https:\/\/regmik.ua\/pl\/produkt\/adg411bn\/#primaryimage","url":"https:\/\/regmik.ua\/wp-content\/uploads\/2019\/05\/ADG411BN_200x200.jpg","contentUrl":"https:\/\/regmik.ua\/wp-content\/uploads\/2019\/05\/ADG411BN_200x200.jpg","width":200,"height":168,"caption":"ADG411BN"},{"@type":"BreadcrumbList","@id":"https:\/\/regmik.ua\/pl\/produkt\/adg411bn\/#breadcrumb","itemListElement":[{"@type":"ListItem","position":1,"name":"\u0413\u043b\u0430\u0432\u043d\u0430\u044f \u0441\u0442\u0440\u0430\u043d\u0438\u0446\u0430","item":"https:\/\/regmik.ua\/"},{"@type":"ListItem","position":2,"name":"\u041f\u0440\u043e\u0434\u0443\u043a\u0446\u0438\u044f","item":"https:\/\/regmik.ua\/uk\/products\/"},{"@type":"ListItem","position":3,"name":"ADG411BN"}]},{"@type":"WebSite","@id":"https:\/\/regmik.ua\/uk\/#website","url":"https:\/\/regmik.ua\/uk\/","name":"REGMIK","description":"Przyrz\u0105dy pomiarowe i czujniki temperatury","publisher":{"@id":"https:\/\/regmik.ua\/uk\/#organization"},"alternateName":"REGMIK","potentialAction":[{"@type":"SearchAction","target":{"@type":"EntryPoint","urlTemplate":"https:\/\/regmik.ua\/uk\/?s={search_term_string}"},"query-input":{"@type":"PropertyValueSpecification","valueRequired":true,"valueName":"search_term_string"}}],"inLanguage":"pl-PL"},{"@type":"Organization","@id":"https:\/\/regmik.ua\/uk\/#organization","name":"REGMIK","alternateName":"\u0420\u0415\u0413\u041c\u0418\u041a","url":"https:\/\/regmik.ua\/uk\/","logo":{"@type":"ImageObject","inLanguage":"pl-PL","@id":"https:\/\/regmik.ua\/uk\/#\/schema\/logo\/image\/","url":"https:\/\/regmik.ua\/wp-content\/uploads\/2020\/03\/regmik_logo.png","contentUrl":"https:\/\/regmik.ua\/wp-content\/uploads\/2020\/03\/regmik_logo.png","width":194,"height":45,"caption":"REGMIK"},"image":{"@id":"https:\/\/regmik.ua\/uk\/#\/schema\/logo\/image\/"},"sameAs":["https:\/\/www.facebook.com\/regmik.npf","https:\/\/x.com\/regmiknpf","https:\/\/www.youtube.com\/channel\/UC_SrY98SKAmR3Kt95GcVKcw"]}]}},"_links":{"self":[{"href":"https:\/\/regmik.ua\/pl\/wp-json\/wp\/v2\/product\/19036","targetHints":{"allow":["GET"]}}],"collection":[{"href":"https:\/\/regmik.ua\/pl\/wp-json\/wp\/v2\/product"}],"about":[{"href":"https:\/\/regmik.ua\/pl\/wp-json\/wp\/v2\/types\/product"}],"replies":[{"embeddable":true,"href":"https:\/\/regmik.ua\/pl\/wp-json\/wp\/v2\/comments?post=19036"}],"version-history":[{"count":0,"href":"https:\/\/regmik.ua\/pl\/wp-json\/wp\/v2\/product\/19036\/revisions"}],"wp:featuredmedia":[{"embeddable":true,"href":"https:\/\/regmik.ua\/pl\/wp-json\/wp\/v2\/media\/19038"}],"wp:attachment":[{"href":"https:\/\/regmik.ua\/pl\/wp-json\/wp\/v2\/media?parent=19036"}],"wp:term":[{"taxonomy":"product_brand","embeddable":true,"href":"https:\/\/regmik.ua\/pl\/wp-json\/wp\/v2\/product_brand?post=19036"},{"taxonomy":"product_cat","embeddable":true,"href":"https:\/\/regmik.ua\/pl\/wp-json\/wp\/v2\/product_cat?post=19036"},{"taxonomy":"product_tag","embeddable":true,"href":"https:\/\/regmik.ua\/pl\/wp-json\/wp\/v2\/product_tag?post=19036"}],"curies":[{"name":"wp","href":"https:\/\/api.w.org\/{rel}","templated":true}]}}