{"id":18937,"date":"2019-01-28T16:15:00","date_gmt":"2019-01-28T14:15:00","guid":{"rendered":"https:\/\/regmik.com.ua\/?post_type=product&#038;p=18937"},"modified":"2024-03-07T08:04:00","modified_gmt":"2024-03-07T06:04:00","slug":"vysokotemperaturnyj-keramicheskij-datchik-tha-br-small-modifikatsiya-021","status":"publish","type":"product","link":"https:\/\/regmik.ua\/pl\/product\/vysokotemperaturnyj-keramicheskij-datchik-tha-br-small-modifikatsiya-021\/","title":{"rendered":"Ceramiczny czujnik wysokotemperaturowy \u0422\u0425\u0410-021, \u0422\u0425\u041a-021, \u0422\u0416\u041a-021"},"content":{"rendered":"<p>Ceramiczny czujnik wysokiej temperatury <strong>THA-021, THK-021, TJK-021<\/strong> przeznaczone s\u0105 do pomiaru temperatury do 1200 \u00b0 C<\/p>\n<p>Czujniki pozwalaj\u0105 na pomiar temperatury medi\u00f3w gazowych i nieagresywnych chemicznie do materia\u0142u armatury ochronnej.<\/p>\n<p>Temperatura jest najcz\u0119\u015bciej mierzonym parametrem, a przegrzanie jest jednym z najbardziej negatywnych czynnik\u00f3w w dzia\u0142aniu sprz\u0119tu, dlatego istnieje ogromna liczba sposob\u00f3w i miejsc stosowania czujnik\u00f3w temperatury.<\/p>\n<h3>Jak dzia\u0142a termopara<\/h3>\n<p>Zasada dzia\u0142ania termopary opiera si\u0119 na termoelektryce<a href=\"http:\/\/u.wikipedia.org\/wiki\/\u042d\u0444\u0444\u0435\u043a\u0442_\u0417\u0435\u0435\u0431\u0435\u043a\u0430#:~:text=\u042d\u0444\u0444\u0435\u043a\u0442%20\u0417\u0435\u0435\u0431\u0435\u043a\u0430%20\u2014%20\u044f\u0432\u043b\u0435\u043d\u0438\u0435%20\u0432\u043e\u0437\u043d\u0438\u043a\u043d\u043e\u0432\u0435\u043d\u0438\u044f%20\u042d\u0414\u0421,\u0438\u043d\u043e\u0433\u0434\u0430%20\u043d\u0430\u0437\u044b\u0432\u0430\u044e\u0442%20\u043f\u0440\u043e\u0441\u0442\u043e%20\u0442\u0435\u0440\u043c\u043e\u044d\u043b\u0435\u043a\u0442\u0440\u0438\u0447\u0435\u0441\u043a\u0438\u043c%20\u044d\u0444\u0444\u0435\u043a\u0442\u043e\u043c.\"> Efekt Seebeck<\/a>... Termopara ma dwa lutowane ko\u0144ce, jeden koniec jest umieszczony w \u015brodowisku pomiarowym i nazywany jest z\u0142\u0105czem roboczym lub gor\u0105cym, a drugi koniec, w miejscu pod\u0142\u0105czenia do wej\u015bcia urz\u0105dzenia, jest z\u0142\u0105czem zimnym. Metody wytwarzania z\u0142\u0105cza gor\u0105cego przedstawiono na rysunku 1. Gdy w obwodzie wyst\u0105pi r\u00f3\u017cnica temperatur pomi\u0119dzy z\u0142\u0105czem zimnym i gor\u0105cym, pojawia si\u0119 termo-EMF, kt\u00f3rego warto\u015b\u0107 jest podawana na wej\u015bcie.<\/p>\n<p><a href=\"https:\/\/regmik.ua\/wp-content\/uploads\/2017\/02\/sposoby-izgotovleniya-goryachego-spaya.jpg\"><img decoding=\"async\" class=\"alignnone size-medium wp-image-26208\" src=\"https:\/\/regmik.ua\/wp-content\/uploads\/2017\/02\/sposoby-izgotovleniya-goryachego-spaya-280x144.jpg\" alt=\"\" width=\"280\" height=\"144\" \/><\/a><\/p>\n<p>Obrazek 1 -\u00a0<strong>Metody wytwarzania z\u0142\u0105czy na gor\u0105co<\/strong><\/p>\n<p>Z\u0142\u0105cze robocze czujnik\u00f3w wysokotemperaturowych umieszczone jest w oprawach ochronnych. Z\u0142\u0105cza termopar produkowane s\u0105 w r\u00f3\u017cnych konfiguracjach. Z\u0142\u0105cza mog\u0105 by\u0107 uziemione lub nieuziemione, a termopary dwuelementowe mog\u0105 by\u0107 izolowane lub nieizolowane. Konfiguracje po\u0142\u0105cze\u0144 gor\u0105cych pokazano na rysunku 2.<\/p>\n<p><a href=\"https:\/\/regmik.ua\/wp-content\/uploads\/2017\/02\/konfiguracii-goryachih-spaev.jpg\"><img fetchpriority=\"high\" decoding=\"async\" class=\"alignnone size-medium wp-image-26209\" src=\"https:\/\/regmik.ua\/wp-content\/uploads\/2017\/02\/konfiguracii-goryachih-spaev-280x233.jpg\" alt=\"\" width=\"280\" height=\"233\" \/><\/a><\/p>\n<p>Rysunek 2 -\u00a0<strong>Konfiguracje po\u0142\u0105cze\u0144 gor\u0105cych<\/strong><\/p>\n<p>Uziemione z\u0142\u0105cze termopary powstaje, gdy z\u0142\u0105cze termoelementu jest po\u0142\u0105czone z os\u0142on\u0105 czujnika. Uziemione z\u0142\u0105cza maj\u0105 lepsz\u0105 przewodno\u015b\u0107 ciepln\u0105, co z kolei poprawia czas odpowiedzi. Jednak uziemienie sprawia, \u017ce obwody termopar s\u0105 r\u00f3wnie\u017c bardziej podatne na zak\u0142\u00f3cenia elektryczne, kt\u00f3re mog\u0105 zniekszta\u0142ca\u0107 sygna\u0142 napi\u0119cia termopary, je\u015bli tester nie zapewnia izolacji. Wszystkie wysokiej jako\u015bci przetworniki i karty I \/ O s\u0105 standardowo izolowane elektrycznie. Uziemione z\u0142\u0105cze jest r\u00f3wnie\u017c z czasem bardziej podatne na zanieczyszczenie chemiczne.<\/p>\n<p>Przetworniki termoelektryczne z otwartym z\u0142\u0105czem maj\u0105 gor\u0105ce z\u0142\u0105cze wystaj\u0105ce z uszczelnionego ko\u0144ca os\u0142ony, co zapewnia d\u0142ugi czas odpowiedzi. Uszczelnienie zapobiega przedostawaniu si\u0119 wilgoci lub innych zanieczyszcze\u0144 do skorupy. Zazwyczaj te termopary s\u0105 u\u017cywane tylko w gazach nie powoduj\u0105cych korozji, takich jak kana\u0142y.<\/p>\n<p>Nieuziemione z\u0142\u0105cza uzyskuje si\u0119, gdy elementy termopary nie s\u0105 po\u0142\u0105czone z os\u0142on\u0105 g\u0142\u00f3wnego przetwornika, ale s\u0105 otoczone proszkiem izolacyjnym.<\/p>\n<h3>Cechy wysokotemperaturowego czujnika ceramicznego \u0422\u0425\u0410-021, \u0422\u0425\u041a-021, \u0422\u0416\u041a-021:<\/h3>\n<ul>\n<li>Posiada g\u0142owic\u0119 zaciskow\u0105, kt\u00f3ra pozwala w wygodny spos\u00f3b pod\u0142\u0105czy\u0107 przew\u00f3d do czujnika i zabezpieczy\u0107 po\u0142\u0105czenie.<\/li>\n<li>Kr\u00f3tkotrwa\u0142a praca czujnika jest mo\u017cliwa przy 1200 \u00b0 C.<\/li>\n<li>Model nie ma wysokiej temperatury na ca\u0142ej swojej d\u0142ugo\u015bci, wi\u0119c w gor\u0105cej strefie powinna znajdowa\u0107 si\u0119 tylko cz\u0119\u015b\u0107 ceramiczna.<\/li>\n<li>Podczas monta\u017cu i eksploatacji nale\u017cy unika\u0107 uderze\u0144 konwertera termicznego, poniewa\u017c cz\u0119\u015b\u0107 osprz\u0119tu ochronnego jest wykonana z ceramiki.<\/li>\n<li>Nie dotyczy pomiaru temperatury cieczy, a tak\u017ce agresywnych gaz\u00f3w - parowanie kwas\u00f3w, zasad.<\/li>\n<\/ul>","protected":false},"excerpt":{"rendered":"<p>Czujniki wysokotemperaturowe modyfikacji \u0422\u0425\u0410-021 s\u0142u\u017c\u0105 do zmiany temperatury obiekt\u00f3w do 1200 \u00b0 \u0421.<\/p>","protected":false},"featured_media":18942,"comment_status":"open","ping_status":"closed","template":"","meta":[],"product_brand":[],"product_cat":[681,38],"product_tag":[685,686,675],"class_list":{"0":"post-18937","1":"product","2":"type-product","3":"status-publish","4":"has-post-thumbnail","6":"product_cat-high-temperature-sensors","7":"product_cat-sensors","8":"product_tag-vysokotemperaturnyj-dachik-temperatury","9":"product_tag-keramicheskij-datchik-temperatury","10":"product_tag-tha","11":"pa_diameter-mounting-part-d-m-436","12":"pa_head-type-dural","13":"pa_length-of-installed-part-l-372","14":"pa_length-of-installed-part-l-377","15":"pa_length-of-installed-part-l-379","16":"pa_thermal-inertia-ne-bolee-20-sekund","17":"pa_type-of-nsh-tha","18":"pa_working-range-of-temperatur-40-1200","21":"instock","22":"shipping-taxable","23":"purchasable","24":"product-type-variable"},"yoast_head":"<title>\u0412\u044b\u0441\u043e\u043a\u043e\u0442\u0435\u043c\u043f\u0435\u0440\u0430\u0442\u0443\u0440\u043d\u044b\u0439 \u043a\u0435\u0440\u0430\u043c\u0438\u0447\u0435\u0441\u043a\u0438\u0439 \u0434\u0430\u0442\u0447\u0438\u043a \u0422\u0425\u0410-021<\/title>\n<meta name=\"description\" content=\"\u0412\u044b\u0441\u043e\u043a\u043e\u0442\u0435\u043c\u043f\u0435\u0440\u0430\u0442\u0443\u0440\u043d\u044b\u0439 \u043a\u0435\u0440\u0430\u043c\u0438\u0447\u0435\u0441\u043a\u0438\u0439 \u0434\u0430\u0442\u0447\u0438\u043a \u0422\u0425\u0410-021, \u0422\u0425\u041a-021, \u0422\u0416\u041a-021\u043f\u0440\u0435\u0434\u043d\u0430\u0437\u043d\u0430\u0447\u0435\u043d\u044b \u0434\u043b\u044f \u0438\u0437\u043c\u0435\u0440\u0435\u043d\u0438\u044f \u0442\u0435\u043c\u043f\u0435\u0440\u0430\u0442\u0443\u0440 \u0434\u043e 1200\u00b0\u0421.\" \/>\n<meta name=\"robots\" content=\"index, follow, max-snippet:-1, max-image-preview:large, max-video-preview:-1\" \/>\n<link rel=\"canonical\" href=\"https:\/\/regmik.ua\/pl\/product\/vysokotemperaturnyj-keramicheskij-datchik-tha-br-small-modifikatsiya-021\/\" \/>\n<script type=\"application\/ld+json\" class=\"yoast-schema-graph\">{\"@context\":\"https:\\\/\\\/schema.org\",\"@graph\":[{\"@type\":\"WebPage\",\"@id\":\"https:\\\/\\\/regmik.ua\\\/product\\\/vysokotemperaturnyj-keramicheskij-datchik-tha-br-small-modifikatsiya-021\\\/\",\"url\":\"https:\\\/\\\/regmik.ua\\\/product\\\/vysokotemperaturnyj-keramicheskij-datchik-tha-br-small-modifikatsiya-021\\\/\",\"name\":\"\u0412\u044b\u0441\u043e\u043a\u043e\u0442\u0435\u043c\u043f\u0435\u0440\u0430\u0442\u0443\u0440\u043d\u044b\u0439 \u043a\u0435\u0440\u0430\u043c\u0438\u0447\u0435\u0441\u043a\u0438\u0439 \u0434\u0430\u0442\u0447\u0438\u043a \u0422\u0425\u0410-021\",\"isPartOf\":{\"@id\":\"https:\\\/\\\/regmik.ua\\\/uk\\\/#website\"},\"primaryImageOfPage\":{\"@id\":\"https:\\\/\\\/regmik.ua\\\/product\\\/vysokotemperaturnyj-keramicheskij-datchik-tha-br-small-modifikatsiya-021\\\/#primaryimage\"},\"image\":{\"@id\":\"https:\\\/\\\/regmik.ua\\\/product\\\/vysokotemperaturnyj-keramicheskij-datchik-tha-br-small-modifikatsiya-021\\\/#primaryimage\"},\"thumbnailUrl\":\"https:\\\/\\\/regmik.ua\\\/wp-content\\\/uploads\\\/2019\\\/01\\\/THH021.png\",\"datePublished\":\"2019-01-28T14:15:00+00:00\",\"dateModified\":\"2024-03-07T06:04:00+00:00\",\"description\":\"\u0412\u044b\u0441\u043e\u043a\u043e\u0442\u0435\u043c\u043f\u0435\u0440\u0430\u0442\u0443\u0440\u043d\u044b\u0439 \u043a\u0435\u0440\u0430\u043c\u0438\u0447\u0435\u0441\u043a\u0438\u0439 \u0434\u0430\u0442\u0447\u0438\u043a \u0422\u0425\u0410-021, \u0422\u0425\u041a-021, \u0422\u0416\u041a-021\u043f\u0440\u0435\u0434\u043d\u0430\u0437\u043d\u0430\u0447\u0435\u043d\u044b \u0434\u043b\u044f \u0438\u0437\u043c\u0435\u0440\u0435\u043d\u0438\u044f \u0442\u0435\u043c\u043f\u0435\u0440\u0430\u0442\u0443\u0440 \u0434\u043e 1200\u00b0\u0421.\",\"breadcrumb\":{\"@id\":\"https:\\\/\\\/regmik.ua\\\/product\\\/vysokotemperaturnyj-keramicheskij-datchik-tha-br-small-modifikatsiya-021\\\/#breadcrumb\"},\"inLanguage\":\"pl-PL\",\"potentialAction\":[{\"@type\":\"ReadAction\",\"target\":[\"https:\\\/\\\/regmik.ua\\\/product\\\/vysokotemperaturnyj-keramicheskij-datchik-tha-br-small-modifikatsiya-021\\\/\"]}]},{\"@type\":\"ImageObject\",\"inLanguage\":\"pl-PL\",\"@id\":\"https:\\\/\\\/regmik.ua\\\/product\\\/vysokotemperaturnyj-keramicheskij-datchik-tha-br-small-modifikatsiya-021\\\/#primaryimage\",\"url\":\"https:\\\/\\\/regmik.ua\\\/wp-content\\\/uploads\\\/2019\\\/01\\\/THH021.png\",\"contentUrl\":\"https:\\\/\\\/regmik.ua\\\/wp-content\\\/uploads\\\/2019\\\/01\\\/THH021.png\",\"width\":800,\"height\":1024,\"caption\":\"\u0412\u044b\u0441\u043e\u043a\u043e\u0442\u0435\u043c\u043f\u0435\u0440\u0430\u0442\u0443\u0440\u043d\u044b\u0439 \u043a\u0435\u0440\u0430\u043c\u0438\u0447\u0435\u0441\u043a\u0438\u0439 \u0434\u0430\u0442\u0447\u0438\u043a \u0422\u0425\u0410-021\"},{\"@type\":\"BreadcrumbList\",\"@id\":\"https:\\\/\\\/regmik.ua\\\/product\\\/vysokotemperaturnyj-keramicheskij-datchik-tha-br-small-modifikatsiya-021\\\/#breadcrumb\",\"itemListElement\":[{\"@type\":\"ListItem\",\"position\":1,\"name\":\"\u0413\u043b\u0430\u0432\u043d\u0430\u044f \u0441\u0442\u0440\u0430\u043d\u0438\u0446\u0430\",\"item\":\"https:\\\/\\\/regmik.ua\\\/\"},{\"@type\":\"ListItem\",\"position\":2,\"name\":\"\u041f\u0440\u043e\u0434\u0443\u043a\u0446\u0438\u044f\",\"item\":\"https:\\\/\\\/regmik.ua\\\/uk\\\/products\\\/\"},{\"@type\":\"ListItem\",\"position\":3,\"name\":\"\u0412\u044b\u0441\u043e\u043a\u043e\u0442\u0435\u043c\u043f\u0435\u0440\u0430\u0442\u0443\u0440\u043d\u044b\u0439 \u043a\u0435\u0440\u0430\u043c\u0438\u0447\u0435\u0441\u043a\u0438\u0439 \u0434\u0430\u0442\u0447\u0438\u043a \u0422\u0425\u0410-021, \u0422\u0425\u041a-021, \u0422\u0416\u041a-021\"}]},{\"@type\":\"WebSite\",\"@id\":\"https:\\\/\\\/regmik.ua\\\/uk\\\/#website\",\"url\":\"https:\\\/\\\/regmik.ua\\\/uk\\\/\",\"name\":\"REGMIK\",\"description\":\"\u0418\u0437\u043c\u0435\u0440\u0438\u0442\u0435\u043b\u044c\u043d\u044b\u0435 \u043f\u0440\u0438\u0431\u043e\u0440\u044b \u0438 \u0434\u0430\u0442\u0447\u0438\u043a\u0438 \u0442\u0435\u043c\u043f\u0435\u0440\u0430\u0442\u0443\u0440\u044b\",\"publisher\":{\"@id\":\"https:\\\/\\\/regmik.ua\\\/uk\\\/#organization\"},\"alternateName\":\"REGMIK\",\"potentialAction\":[{\"@type\":\"SearchAction\",\"target\":{\"@type\":\"EntryPoint\",\"urlTemplate\":\"https:\\\/\\\/regmik.ua\\\/uk\\\/?s={search_term_string}\"},\"query-input\":{\"@type\":\"PropertyValueSpecification\",\"valueRequired\":true,\"valueName\":\"search_term_string\"}}],\"inLanguage\":\"pl-PL\"},{\"@type\":\"Organization\",\"@id\":\"https:\\\/\\\/regmik.ua\\\/uk\\\/#organization\",\"name\":\"REGMIK\",\"alternateName\":\"\u0420\u0415\u0413\u041c\u0418\u041a\",\"url\":\"https:\\\/\\\/regmik.ua\\\/uk\\\/\",\"logo\":{\"@type\":\"ImageObject\",\"inLanguage\":\"pl-PL\",\"@id\":\"https:\\\/\\\/regmik.ua\\\/uk\\\/#\\\/schema\\\/logo\\\/image\\\/\",\"url\":\"https:\\\/\\\/regmik.ua\\\/wp-content\\\/uploads\\\/2020\\\/03\\\/regmik_logo.png\",\"contentUrl\":\"https:\\\/\\\/regmik.ua\\\/wp-content\\\/uploads\\\/2020\\\/03\\\/regmik_logo.png\",\"width\":194,\"height\":45,\"caption\":\"REGMIK\"},\"image\":{\"@id\":\"https:\\\/\\\/regmik.ua\\\/uk\\\/#\\\/schema\\\/logo\\\/image\\\/\"},\"sameAs\":[\"https:\\\/\\\/www.facebook.com\\\/regmik.npf\",\"https:\\\/\\\/x.com\\\/regmiknpf\",\"https:\\\/\\\/www.youtube.com\\\/channel\\\/UC_SrY98SKAmR3Kt95GcVKcw\"]}]}<\/script>","yoast_head_json":{"title":"Wysokotemperaturowy czujnik ceramiczny TXA-021","description":"Wysokotemperaturowe czujniki ceramiczne \u0422\u0425\u0410-021, \u0422\u0425\u041a-021, \u0422\u0416\u041a-021 przeznaczone s\u0105 do pomiaru temperatury do 1200 \u00b0 \u0421.","robots":{"index":"index","follow":"follow","max-snippet":"max-snippet:-1","max-image-preview":"max-image-preview:large","max-video-preview":"max-video-preview:-1"},"canonical":"https:\/\/regmik.ua\/pl\/product\/vysokotemperaturnyj-keramicheskij-datchik-tha-br-small-modifikatsiya-021\/","schema":{"@context":"https:\/\/schema.org","@graph":[{"@type":"WebPage","@id":"https:\/\/regmik.ua\/product\/vysokotemperaturnyj-keramicheskij-datchik-tha-br-small-modifikatsiya-021\/","url":"https:\/\/regmik.ua\/product\/vysokotemperaturnyj-keramicheskij-datchik-tha-br-small-modifikatsiya-021\/","name":"Wysokotemperaturowy czujnik ceramiczny TXA-021","isPartOf":{"@id":"https:\/\/regmik.ua\/uk\/#website"},"primaryImageOfPage":{"@id":"https:\/\/regmik.ua\/product\/vysokotemperaturnyj-keramicheskij-datchik-tha-br-small-modifikatsiya-021\/#primaryimage"},"image":{"@id":"https:\/\/regmik.ua\/product\/vysokotemperaturnyj-keramicheskij-datchik-tha-br-small-modifikatsiya-021\/#primaryimage"},"thumbnailUrl":"https:\/\/regmik.ua\/wp-content\/uploads\/2019\/01\/THH021.png","datePublished":"2019-01-28T14:15:00+00:00","dateModified":"2024-03-07T06:04:00+00:00","description":"Wysokotemperaturowe czujniki ceramiczne \u0422\u0425\u0410-021, \u0422\u0425\u041a-021, \u0422\u0416\u041a-021 przeznaczone s\u0105 do pomiaru temperatury do 1200 \u00b0 \u0421.","breadcrumb":{"@id":"https:\/\/regmik.ua\/product\/vysokotemperaturnyj-keramicheskij-datchik-tha-br-small-modifikatsiya-021\/#breadcrumb"},"inLanguage":"pl-PL","potentialAction":[{"@type":"ReadAction","target":["https:\/\/regmik.ua\/product\/vysokotemperaturnyj-keramicheskij-datchik-tha-br-small-modifikatsiya-021\/"]}]},{"@type":"ImageObject","inLanguage":"pl-PL","@id":"https:\/\/regmik.ua\/product\/vysokotemperaturnyj-keramicheskij-datchik-tha-br-small-modifikatsiya-021\/#primaryimage","url":"https:\/\/regmik.ua\/wp-content\/uploads\/2019\/01\/THH021.png","contentUrl":"https:\/\/regmik.ua\/wp-content\/uploads\/2019\/01\/THH021.png","width":800,"height":1024,"caption":"\u0412\u044b\u0441\u043e\u043a\u043e\u0442\u0435\u043c\u043f\u0435\u0440\u0430\u0442\u0443\u0440\u043d\u044b\u0439 \u043a\u0435\u0440\u0430\u043c\u0438\u0447\u0435\u0441\u043a\u0438\u0439 \u0434\u0430\u0442\u0447\u0438\u043a \u0422\u0425\u0410-021"},{"@type":"BreadcrumbList","@id":"https:\/\/regmik.ua\/product\/vysokotemperaturnyj-keramicheskij-datchik-tha-br-small-modifikatsiya-021\/#breadcrumb","itemListElement":[{"@type":"ListItem","position":1,"name":"\u0413\u043b\u0430\u0432\u043d\u0430\u044f \u0441\u0442\u0440\u0430\u043d\u0438\u0446\u0430","item":"https:\/\/regmik.ua\/"},{"@type":"ListItem","position":2,"name":"\u041f\u0440\u043e\u0434\u0443\u043a\u0446\u0438\u044f","item":"https:\/\/regmik.ua\/uk\/products\/"},{"@type":"ListItem","position":3,"name":"\u0412\u044b\u0441\u043e\u043a\u043e\u0442\u0435\u043c\u043f\u0435\u0440\u0430\u0442\u0443\u0440\u043d\u044b\u0439 \u043a\u0435\u0440\u0430\u043c\u0438\u0447\u0435\u0441\u043a\u0438\u0439 \u0434\u0430\u0442\u0447\u0438\u043a \u0422\u0425\u0410-021, \u0422\u0425\u041a-021, \u0422\u0416\u041a-021"}]},{"@type":"WebSite","@id":"https:\/\/regmik.ua\/uk\/#website","url":"https:\/\/regmik.ua\/uk\/","name":"REGMIK","description":"Przyrz\u0105dy pomiarowe i czujniki temperatury","publisher":{"@id":"https:\/\/regmik.ua\/uk\/#organization"},"alternateName":"REGMIK","potentialAction":[{"@type":"SearchAction","target":{"@type":"EntryPoint","urlTemplate":"https:\/\/regmik.ua\/uk\/?s={search_term_string}"},"query-input":{"@type":"PropertyValueSpecification","valueRequired":true,"valueName":"search_term_string"}}],"inLanguage":"pl-PL"},{"@type":"Organization","@id":"https:\/\/regmik.ua\/uk\/#organization","name":"REGMIK","alternateName":"\u0420\u0415\u0413\u041c\u0418\u041a","url":"https:\/\/regmik.ua\/uk\/","logo":{"@type":"ImageObject","inLanguage":"pl-PL","@id":"https:\/\/regmik.ua\/uk\/#\/schema\/logo\/image\/","url":"https:\/\/regmik.ua\/wp-content\/uploads\/2020\/03\/regmik_logo.png","contentUrl":"https:\/\/regmik.ua\/wp-content\/uploads\/2020\/03\/regmik_logo.png","width":194,"height":45,"caption":"REGMIK"},"image":{"@id":"https:\/\/regmik.ua\/uk\/#\/schema\/logo\/image\/"},"sameAs":["https:\/\/www.facebook.com\/regmik.npf","https:\/\/x.com\/regmiknpf","https:\/\/www.youtube.com\/channel\/UC_SrY98SKAmR3Kt95GcVKcw"]}]}},"_links":{"self":[{"href":"https:\/\/regmik.ua\/pl\/wp-json\/wp\/v2\/product\/18937","targetHints":{"allow":["GET"]}}],"collection":[{"href":"https:\/\/regmik.ua\/pl\/wp-json\/wp\/v2\/product"}],"about":[{"href":"https:\/\/regmik.ua\/pl\/wp-json\/wp\/v2\/types\/product"}],"replies":[{"embeddable":true,"href":"https:\/\/regmik.ua\/pl\/wp-json\/wp\/v2\/comments?post=18937"}],"version-history":[{"count":0,"href":"https:\/\/regmik.ua\/pl\/wp-json\/wp\/v2\/product\/18937\/revisions"}],"wp:featuredmedia":[{"embeddable":true,"href":"https:\/\/regmik.ua\/pl\/wp-json\/wp\/v2\/media\/18942"}],"wp:attachment":[{"href":"https:\/\/regmik.ua\/pl\/wp-json\/wp\/v2\/media?parent=18937"}],"wp:term":[{"taxonomy":"product_brand","embeddable":true,"href":"https:\/\/regmik.ua\/pl\/wp-json\/wp\/v2\/product_brand?post=18937"},{"taxonomy":"product_cat","embeddable":true,"href":"https:\/\/regmik.ua\/pl\/wp-json\/wp\/v2\/product_cat?post=18937"},{"taxonomy":"product_tag","embeddable":true,"href":"https:\/\/regmik.ua\/pl\/wp-json\/wp\/v2\/product_tag?post=18937"}],"curies":[{"name":"wp","href":"https:\/\/api.w.org\/{rel}","templated":true}]}}