{"id":18871,"date":"2020-02-05T12:10:18","date_gmt":"2020-02-05T10:10:18","guid":{"rendered":"https:\/\/regmik.com.ua\/?post_type=product&#038;p=18871"},"modified":"2022-06-02T16:10:21","modified_gmt":"2022-06-02T13:10:21","slug":"vitratomir-lichilnik-elektromagnitnij-ers-50","status":"publish","type":"product","link":"https:\/\/regmik.ua\/pl\/product\/vitratomir-lichilnik-elektromagnitnij-ers-50\/","title":{"rendered":"Przep\u0142ywomierz-licznik elektromagnetyczny ERS-50 (NIO-35)"},"content":{"rendered":"<div data-elementor-type=\"wp-post\" data-elementor-id=\"18871\" class=\"elementor elementor-18871\">\n\t\t\t\t\t\t<section class=\"elementor-section elementor-top-section elementor-element elementor-element-36868aff elementor-section-boxed elementor-section-height-default elementor-section-height-default\" data-id=\"36868aff\" data-element_type=\"section\" data-e-type=\"section\">\n\t\t\t\t\t\t<div class=\"elementor-container elementor-column-gap-default\">\n\t\t\t\t\t<div class=\"elementor-column elementor-col-100 elementor-top-column elementor-element elementor-element-684d57c7\" data-id=\"684d57c7\" data-element_type=\"column\" data-e-type=\"column\">\n\t\t\t<div class=\"elementor-widget-wrap elementor-element-populated\">\n\t\t\t\t\t\t<div class=\"elementor-element elementor-element-22a1f2cb elementor-widget elementor-widget-text-editor\" data-id=\"22a1f2cb\" data-element_type=\"widget\" data-e-type=\"widget\" data-widget_type=\"text-editor.default\">\n\t\t\t\t\t\t\t\t\t<div class=\"page\" title=\"Strona 5\">\n<div class=\"layoutArea\">\n<div class=\"column\">\n<p><a href=\"https:\/\/ru.wikipedia.org\/wiki\/Flowmeter\">Przep\u0142ywomierz-licznik<\/a> elektromagnetyczny ERS-50 (przep\u0142ywomierz ERS-50) (NIO-35) przeznaczony jest do pomiaru \u015bredniego obj\u0119to\u015bciowego nat\u0119\u017cenia przep\u0142ywu i obj\u0119to\u015bci r\u00f3\u017cnych medi\u00f3w ciek\u0142ych o przewodno\u015bci w\u0142a\u015bciwej od 10 do 10 Cm \/ m.<\/p>\n<p>Przep\u0142ywomierze ERS-50 znajduj\u0105 zastosowanie w przemy\u015ble spo\u017cywczym, mleczarskim i innych, do cel\u00f3w handlowych, a tak\u017ce w r\u00f3\u017cnych procesach technologicznych.<\/p>\n<div class=\"page\" title=\"Strona 13\">\n<div class=\"layoutArea\">\n<div class=\"column\">\n<h3>Zasada dzia\u0142ania Przep\u0142ywomierz-licznik ERS-50<\/h3>\n<p>Zasada dzia\u0142ania przep\u0142ywomierzy elektromagnetycznych ERS-50 opiera si\u0119 na prawie indukcji elektromagnetycznej, kt\u00f3ra polega na tym, \u017ce gdy ciecz przewodz\u0105ca pr\u0105d elektryczny przechodzi przez pole magnetyczne, indukowana jest w nim si\u0142a elektromotoryczna (SEM), podobnie jak w poruszaj\u0105cym si\u0119 przewodniku, proporcjonalna do \u015bredniej pr\u0119dko\u015bci cieczy.<\/p>\n<p>Aby zrealizowa\u0107 t\u0119 zasad\u0119, odcinek ruroci\u0105gu jest wykonany z materia\u0142u niemagnetycznego, na kt\u00f3rego wewn\u0119trznej powierzchni na\u0142o\u017cona jest pow\u0142oka elektroizolacyjna. Do ruroci\u0105gu wprowadza si\u0119 dwie elektrody, umieszczone po przeciwnych stronach \u015brednicy w jednym z jego przekroj\u00f3w.<\/p>\n<p>Ruroci\u0105g jest umieszczony mi\u0119dzy biegunami uk\u0142adu magnetycznego, a elektrody s\u0105 umieszczone prostopadle do kierunku linii si\u0142 generowanego pola magnetycznego. Napi\u0119cie na elektrodach (E) jest opisane stosunkiem:<\/p>\n<div class=\"page\" title=\"Strona 14\">\n<div class=\"layoutArea\">\n<div class=\"column\">\n<p><strong>E = B\u22c5D\u22c5W = 4\u22c5B\u22c5Q \u03c0D<\/strong>, (1)<\/p>\n<p>Gdzie <strong>W<\/strong> - Indukcja magnetyczna;<br>\n<strong>re<\/strong> - \u015brednica nominalna ruroci\u0105gu;<br>\n<strong>W.<\/strong> i <strong>Q<\/strong> - odpowiednio \u015bredni\u0105 pr\u0119dko\u015b\u0107 i \u015brednie obj\u0119to\u015bciowe nat\u0119\u017cenie przep\u0142ywu cieczy.<\/p>\n<p>\u015arednie obj\u0119to\u015bciowe nat\u0119\u017cenie przep\u0142ywu i ilo\u015b\u0107 (V) cieczy przep\u0142ywaj\u0105cej przez ruroci\u0105g EMD s\u0105 okre\u015blone przez wsp\u00f3\u0142czynniki:<\/p>\n<p><strong>Q = (Ni - \u041d\u0423) \u22c5\u03bb\u22c5\u041f\u0420 + \u0421\u041d;<\/strong> (2)<\/p>\n<p><strong>V = Q\u22c5t\u0436<\/strong>, (3)<\/p>\n<p>Gdzie <strong>Ni<\/strong> - kod proporcjonalny do napi\u0119cia na elektrodach (E);<br>\n<strong>DOBRZE<\/strong> - pocz\u0105tkowa warto\u015b\u0107 zerowego poziomu kodu Ni, zmierzona podczas certyfikacji EDS u producenta, a tak\u017ce podczas jego okresowej weryfikacji lub kalibracji;<br>\n<strong>\u03bb<\/strong> - wsp\u00f3\u0142czynnik obliczony na etapie projektowania;<br>\n<strong>ITP<\/strong> i <strong>CH<\/strong> - odpowiednio wsp\u00f3\u0142czynnik proporcjonalno\u015bci i przesuni\u0119cie punktu zerowego, kt\u00f3re okre\u015blaj\u0105 nominaln\u0105 charakterystyk\u0119 statyczn\u0105. Wsp\u00f3\u0142czynniki te s\u0105 okre\u015blane z du\u017c\u0105 dok\u0142adno\u015bci\u0105 w zak\u0142adzie produkcyjnym podczas certyfikacji EDS. Mo\u017cna je aktualizowa\u0107 podczas pracy;<br>\n<strong>tzh<\/strong> - czas przep\u0142ywu p\u0142ynu.<\/p>\n<p>Aby zminimalizowa\u0107 polaryzacj\u0119 elektrod w EMD, stosuje si\u0119 pulsuj\u0105ce pole magnetyczne o niskiej cz\u0119stotliwo\u015bci.<\/p>\n<div class=\"page\" title=\"Strona 14\">\n<div class=\"layoutArea\">\n<div class=\"column\">\n<h3>Konstrukcja \u042d\u0420\u0421-50<\/h3>\n<p><span lang=\"ru\">Licznik przep\u0142ywomierzy ERS-50<\/span> <span lang=\"ru\">sk\u0142ada si\u0119 z elektromagnetycznego czujnika przep\u0142ywu (EMF) i elektronicznego przetwornika wt\u00f3rnego (PV), po\u0142\u0105czonych kablem o d\u0142ugo\u015bci 5 m. Maksymalna mo\u017cliwa d\u0142ugo\u015b\u0107 kabla wynosi 30 m.<\/span><\/p>\n<p>Elektromagnetyczny czujnik przep\u0142ywu sk\u0142ada si\u0119 z nast\u0119puj\u0105cych g\u0142\u00f3wnych zespo\u0142\u00f3w: kana\u0142u pomiarowego, uk\u0142adu magnetycznego i obudowy.<\/p>\n<\/div>\n<\/div>\n<\/div>\n<\/div>\n<\/div>\n<\/div>\n<\/div>\n<\/div>\n<\/div>\n<\/div>\n<\/div>\n<\/div>\n<div class=\"page\" title=\"Strona 15\">\n<div class=\"layoutArea\">\n<div class=\"column\">\n<p>Rura wykonana z niemagnetycznej stali nierdzewnej 12X18H10T GOST 9941-81 jest u\u017cywana jako jednostka kana\u0142u pomiarowego, kt\u00f3rego wewn\u0119trzna powierzchnia jest pokryta materia\u0142em elektroizolacyjnym (fluoroplastik F4D TU 6-65-1937-82).<\/p>\n<p>Elektrody s\u0105 wykonane z tytanu VT 5 OST 1.90173-75. Znajduj\u0105 si\u0119 one po przeciwnej stronie \u015brednicy w \u015brodkowej cz\u0119\u015bci zespo\u0142u kana\u0142u pomiarowego i s\u0105 odizolowane od jego \u015bciany.<\/p>\n<p>Uk\u0142ad magnetyczny sk\u0142ada si\u0119 z cewek polowych i obwodu magnetycznego. Cewki wzbudzaj\u0105ce wykonane s\u0105 z miedzianego drutu nawojowego i umieszczone s\u0105 na ruroci\u0105gu zespo\u0142u kana\u0142u pomiarowego po przeciwnej stronie \u015brednicy.<\/p>\n<p>Budynek str<span lang=\"ru\">Przep\u0142ywomierz-licznik elektromagnetyczny ERS-50&nbsp;<\/span>wykonane ze stali nierdzewnej i przyspawane do ruroci\u0105gu zespo\u0142u kana\u0142u pomiarowego.<\/p>\n<p>EMD jest mocowany do ruroci\u0105gu za pomoc\u0105 po\u0142\u0105czenia gwintowanego lub ko\u0142nierzowego.<\/p>\n<p>Przetwornik wt\u00f3rny jest wykonany w aluminiowej obudowie sk\u0142adaj\u0105cej si\u0119 z podstawy i pokrywy, pomi\u0119dzy kt\u00f3rymi uszczelka jest zaopatrzona w gumow\u0105 uszczelk\u0119. Podstawa i pokrywa s\u0105 po\u0142\u0105czone ze sob\u0105 za pomoc\u0105 czterech niewypadaj\u0105cych \u015brub.<\/p>\n<p>P\u0142ytka zasilacza i urz\u0105dzenia do konwersji sygna\u0142u z listwami zaciskowymi do pod\u0142\u0105czenia zasilacza, EMD i urz\u0105dze\u0144 zewn\u0119trznych jest zainstalowana wewn\u0105trz podstawy.<\/p>\n<p>Po wewn\u0119trznej stronie pokrywy znajduje si\u0119 p\u0142ytka kontrolna z jednostk\u0105 sygnalizacyjn\u0105, a jej wska\u017anik p\u00f3\u0142przewodnikowy jest zamontowany przed przezroczystym okienkiem.&nbsp;<span lang=\"ru\">W Przep\u0142ywomierzu-Liczniku ERS-50 wyniki pomiar\u00f3w s\u0105 wy\u015bwietlane na 9-cyfrowym wy\u015bwietlaczu p\u00f3\u0142przewodnikowym. Istnieje mo\u017cliwo\u015b\u0107 dodatkowego monta\u017cu zewn\u0119trznego (do 100 m) wska\u017anika, kt\u00f3ry wy\u015bwietla warto\u015b\u0107 aktualnej obj\u0119to\u015bci.<\/span><\/p>\n<p>Na przedniej powierzchni znajduj\u0105 si\u0119 trzy klawisze wielofunkcyjne, kt\u00f3re s\u0142u\u017c\u0105 do sterowania trybami pracy przep\u0142ywomierza ERS-50.<\/p>\n<p>Po\u0142\u0105czenie mi\u0119dzy p\u0142yt\u0105 a wy\u015bwietlaczem odbywa si\u0119 za pomoc\u0105 kabla ze z\u0142\u0105czami.<\/p>\n<\/div>\n<p>Przep\u0142ywomierz-licznik ERS-50 zapewnia du\u017c\u0105 dok\u0142adno\u015b\u0107 pomiaru pr\u0105du i obj\u0119to\u015bci ca\u0142kowitej w litrach, \u015brednie obj\u0119to\u015bciowe nat\u0119\u017cenie przep\u0142ywu wl \/ si m3 \/ h, autodiagnostyk\u0119. W trybie dozowania ERS zapewnia ustalenie warto\u015bci dawki cieczy przep\u0142ywaj\u0105cej do sterowania si\u0142ownikiem zewn\u0119trznym o napi\u0119ciu w obwodach \u0142\u0105czeniowych do 380V<\/p>\n<p>W przep\u0142ywomierzu ERS<span lang=\"ru\">&nbsp;posiada interfejs RS-232 do komunikacji z komputerem osobistym oraz wyj\u015bcie impulsowe z regulacj\u0105 od 1 do 100 imp.\/l. Elektromagnetyczny czujnik przep\u0142ywu (EMF) to prosta rura pomiarowa z pow\u0142ok\u0105 fluoroplastyczn\u0105 bez cz\u0119\u015bci ruchomych i wystaj\u0105cych, kt\u00f3ra umo\u017cliwia czyszczenie CIP gor\u0105cymi detergentami, przedmuchiwanie powietrza i sterylizacj\u0119 parow\u0105, a tak\u017ce eliminacj\u0119 dodatkowych strat ci\u015bnienia.<\/span><\/p>\n<\/div>\n<\/div>\n<div class=\"page\" title=\"Strona 13\">\n<div class=\"layoutArea\">\n<div class=\"column\">\n<p>Przep\u0142ywomierz-licznik elektromagnetyczny ERS-50 posiada wyj\u015bcie pr\u0105dowe 4-20 mA, co odpowiada zakresowi nat\u0119\u017cenia przep\u0142ywu od 0 do g\u00f3rnej granicy zakresu pomiarowego.<\/p>\n<\/div>\n<\/div>\n<\/div>\n<p><span lang=\"ru\">EMF pod\u0142\u0105cza si\u0119 do ruroci\u0105gu za pomoc\u0105 gwintowanego ko\u0142nierza Rd78 ST SEV 307-76, kt\u00f3ry jest zawarty w zestawie dostawy.<\/span><\/p>\n<p><span lang=\"ru\">Przep\u0142ywomierz-licznik elektromagnetyczny ERS-50 zapewnia parametry metrologiczne przy zastosowaniu uk\u0142adu separacji powietrza, co wyklucza obecno\u015b\u0107 powietrza w mierzonym medium.<\/span><\/p>\n<p><span lang=\"ru\">Eksploatacj\u0119 przep\u0142ywomierza elektromagnetycznego ERS-50 w zak\u0142adach mleczarskich na Ukrainie rozpocz\u0119to w 1994 roku<\/span>.<\/p>\n<p>Przedsi\u0119biorstwo REGMIK wydaje zaktualizowan\u0105 i znacznie ulepszon\u0105 wersj\u0119&nbsp;<a href=\"https:\/\/regmik.ua\/vimiryuvach-elektromagnitnogo-potoku\/\">Przep\u0142ywomierz elektromagnetyczny EPC-50.<\/a><\/p>\t\t\t\t\t\t\t\t<\/div>\n\t\t\t\t\t<\/div>\n\t\t<\/div>\n\t\t\t\t\t<\/div>\n\t\t<\/section>\n\t\t\t\t<\/div>","protected":false},"excerpt":{"rendered":"<p id=\"tw-target-text\" class=\"tw-data-text tw-text-large tw-ta\" dir=\"ltr\" data-placeholder=\"\u041f\u0435\u0440\u0435\u043a\u043b\u0430\u0434\"><span lang=\"ru\">Przep\u0142ywomierz elektromagnetyczny ERS-50 przeznaczony jest do pomiaru \u015bredniego przep\u0142ywu obj\u0119to\u015bciowego, obj\u0119to\u015bciowego, dozowania medi\u00f3w ciek\u0142ych o okre\u015blonej przewodno\u015bci elektrycznej od 10-3 do 10 cm\/m: wody, mleka, nabia\u0142u, sok\u00f3w owocowych i innych sk\u0142adnik\u00f3w \u017cywno\u015bci, oraz kwasy, zasady i pulpy w procesach technologicznych oraz w obliczeniach handlowych. Klasa dok\u0142adno\u015bci - 0,5.<\/span><\/p>","protected":false},"featured_media":18876,"comment_status":"open","ping_status":"closed","template":"","meta":[],"product_brand":[],"product_cat":[767],"product_tag":[3216,3215,3217],"class_list":{"0":"post-18871","1":"product","2":"type-product","3":"status-publish","4":"has-post-thumbnail","6":"product_cat-schetchiki-elektromagnitnye","7":"product_tag-rashodomer-schetchik","8":"product_tag-rashodomer-schetchik-elektromagnitnyj-ers-50","9":"product_tag-ers-50","12":"instock","13":"shipping-taxable","14":"purchasable","15":"product-type-simple"},"yoast_head":"<title>\u0420\u0430\u0441\u0445\u043e\u0434\u043e\u043c\u0435\u0440-\u0441\u0447\u0435\u0442\u0447\u0438\u043a \u044d\u043b\u0435\u043a\u0442\u0440\u043e\u043c\u0430\u0433\u043d\u0438\u0442\u043d\u044b\u0439 \u042d\u0420\u0421-50 (\u041d\u0418\u041e-35) &#8211; \u0420\u0415\u0413\u041c\u0406\u041a, \u041d\u0412\u0424, \u041f\u041f<\/title>\n<meta name=\"description\" content=\"\u0420\u0430\u0441\u0445\u043e\u0434\u043e\u043c\u0435\u0440-\u0441\u0447\u0435\u0442\u0447\u0438\u043a \u042d\u0420\u0421-50 \u043f\u0440\u0435\u0434\u043d\u0430\u0437\u043d\u0430\u0447\u0435\u043d \u0434\u043b\u044f \u0438\u0437\u043c\u0435\u0440\u0435\u043d\u0438\u044f \u0441\u0440\u0435\u0434\u043d\u0435\u0433\u043e \u043e\u0431\u044a\u0435\u043c\u043d\u043e\u0433\u043e \u0440\u0430\u0441\u0445\u043e\u0434\u0430, \u043e\u0431\u044a\u0435\u043c\u0430, \u043e\u0431\u0435\u0441\u043f\u0435\u0447\u0435\u043d\u0438\u044f \u0434\u043e\u0437\u0438\u0440\u043e\u0432\u0430\u043d\u0438\u044f \u0436\u0438\u0434\u043a\u0438\u0445 \u044d\u043b\u0435\u043a\u0442\u0440\u043e\u043f\u0440\u043e\u0432\u043e\u0434\u044f\u0449\u0438\u0445 \u0441\u0440\u0435\u0434\" \/>\n<meta name=\"robots\" content=\"index, follow, max-snippet:-1, max-image-preview:large, max-video-preview:-1\" \/>\n<link rel=\"canonical\" href=\"https:\/\/regmik.ua\/pl\/product\/vitratomir-lichilnik-elektromagnitnij-ers-50\/\" \/>\n<script type=\"application\/ld+json\" class=\"yoast-schema-graph\">{\"@context\":\"https:\\\/\\\/schema.org\",\"@graph\":[{\"@type\":\"WebPage\",\"@id\":\"https:\\\/\\\/regmik.ua\\\/product\\\/vitratomir-lichilnik-elektromagnitnij-ers-50\\\/\",\"url\":\"https:\\\/\\\/regmik.ua\\\/product\\\/vitratomir-lichilnik-elektromagnitnij-ers-50\\\/\",\"name\":\"\u0420\u0430\u0441\u0445\u043e\u0434\u043e\u043c\u0435\u0440-\u0441\u0447\u0435\u0442\u0447\u0438\u043a \u044d\u043b\u0435\u043a\u0442\u0440\u043e\u043c\u0430\u0433\u043d\u0438\u0442\u043d\u044b\u0439 \u042d\u0420\u0421-50 (\u041d\u0418\u041e-35) &#8211; \u0420\u0415\u0413\u041c\u0406\u041a, \u041d\u0412\u0424, \u041f\u041f\",\"isPartOf\":{\"@id\":\"https:\\\/\\\/regmik.ua\\\/uk\\\/#website\"},\"primaryImageOfPage\":{\"@id\":\"https:\\\/\\\/regmik.ua\\\/product\\\/vitratomir-lichilnik-elektromagnitnij-ers-50\\\/#primaryimage\"},\"image\":{\"@id\":\"https:\\\/\\\/regmik.ua\\\/product\\\/vitratomir-lichilnik-elektromagnitnij-ers-50\\\/#primaryimage\"},\"thumbnailUrl\":\"https:\\\/\\\/regmik.ua\\\/wp-content\\\/uploads\\\/2018\\\/12\\\/ERS-50_schetchik.png\",\"datePublished\":\"2020-02-05T10:10:18+00:00\",\"dateModified\":\"2022-06-02T13:10:21+00:00\",\"description\":\"\u0420\u0430\u0441\u0445\u043e\u0434\u043e\u043c\u0435\u0440-\u0441\u0447\u0435\u0442\u0447\u0438\u043a \u042d\u0420\u0421-50 \u043f\u0440\u0435\u0434\u043d\u0430\u0437\u043d\u0430\u0447\u0435\u043d \u0434\u043b\u044f \u0438\u0437\u043c\u0435\u0440\u0435\u043d\u0438\u044f \u0441\u0440\u0435\u0434\u043d\u0435\u0433\u043e \u043e\u0431\u044a\u0435\u043c\u043d\u043e\u0433\u043e \u0440\u0430\u0441\u0445\u043e\u0434\u0430, \u043e\u0431\u044a\u0435\u043c\u0430, \u043e\u0431\u0435\u0441\u043f\u0435\u0447\u0435\u043d\u0438\u044f \u0434\u043e\u0437\u0438\u0440\u043e\u0432\u0430\u043d\u0438\u044f \u0436\u0438\u0434\u043a\u0438\u0445 \u044d\u043b\u0435\u043a\u0442\u0440\u043e\u043f\u0440\u043e\u0432\u043e\u0434\u044f\u0449\u0438\u0445 \u0441\u0440\u0435\u0434\",\"breadcrumb\":{\"@id\":\"https:\\\/\\\/regmik.ua\\\/product\\\/vitratomir-lichilnik-elektromagnitnij-ers-50\\\/#breadcrumb\"},\"inLanguage\":\"pl-PL\",\"potentialAction\":[{\"@type\":\"ReadAction\",\"target\":[\"https:\\\/\\\/regmik.ua\\\/product\\\/vitratomir-lichilnik-elektromagnitnij-ers-50\\\/\"]}]},{\"@type\":\"ImageObject\",\"inLanguage\":\"pl-PL\",\"@id\":\"https:\\\/\\\/regmik.ua\\\/product\\\/vitratomir-lichilnik-elektromagnitnij-ers-50\\\/#primaryimage\",\"url\":\"https:\\\/\\\/regmik.ua\\\/wp-content\\\/uploads\\\/2018\\\/12\\\/ERS-50_schetchik.png\",\"contentUrl\":\"https:\\\/\\\/regmik.ua\\\/wp-content\\\/uploads\\\/2018\\\/12\\\/ERS-50_schetchik.png\",\"width\":800,\"height\":1024,\"caption\":\"\u0420\u0430\u0441\u0445\u043e\u0434\u043e\u043c\u0435\u0440-\u0441\u0447\u0435\u0442\u0447\u0438\u043a \u044d\u043b\u0435\u043a\u0442\u0440\u043e\u043c\u0430\u0433\u043d\u0438\u0442\u043d\u044b\u0439 \u042d\u0420\u0421-50 (\u041d\u0418\u041e-35)\"},{\"@type\":\"BreadcrumbList\",\"@id\":\"https:\\\/\\\/regmik.ua\\\/product\\\/vitratomir-lichilnik-elektromagnitnij-ers-50\\\/#breadcrumb\",\"itemListElement\":[{\"@type\":\"ListItem\",\"position\":1,\"name\":\"\u0413\u043b\u0430\u0432\u043d\u0430\u044f \u0441\u0442\u0440\u0430\u043d\u0438\u0446\u0430\",\"item\":\"https:\\\/\\\/regmik.ua\\\/\"},{\"@type\":\"ListItem\",\"position\":2,\"name\":\"\u041f\u0440\u043e\u0434\u0443\u043a\u0446\u0438\u044f\",\"item\":\"https:\\\/\\\/regmik.ua\\\/uk\\\/products\\\/\"},{\"@type\":\"ListItem\",\"position\":3,\"name\":\"\u0420\u0430\u0441\u0445\u043e\u0434\u043e\u043c\u0435\u0440-\u0441\u0447\u0435\u0442\u0447\u0438\u043a \u044d\u043b\u0435\u043a\u0442\u0440\u043e\u043c\u0430\u0433\u043d\u0438\u0442\u043d\u044b\u0439 \u042d\u0420\u0421-50 (\u041d\u0418\u041e-35)\"}]},{\"@type\":\"WebSite\",\"@id\":\"https:\\\/\\\/regmik.ua\\\/uk\\\/#website\",\"url\":\"https:\\\/\\\/regmik.ua\\\/uk\\\/\",\"name\":\"REGMIK\",\"description\":\"\u0418\u0437\u043c\u0435\u0440\u0438\u0442\u0435\u043b\u044c\u043d\u044b\u0435 \u043f\u0440\u0438\u0431\u043e\u0440\u044b \u0438 \u0434\u0430\u0442\u0447\u0438\u043a\u0438 \u0442\u0435\u043c\u043f\u0435\u0440\u0430\u0442\u0443\u0440\u044b\",\"publisher\":{\"@id\":\"https:\\\/\\\/regmik.ua\\\/uk\\\/#organization\"},\"alternateName\":\"REGMIK\",\"potentialAction\":[{\"@type\":\"SearchAction\",\"target\":{\"@type\":\"EntryPoint\",\"urlTemplate\":\"https:\\\/\\\/regmik.ua\\\/uk\\\/?s={search_term_string}\"},\"query-input\":{\"@type\":\"PropertyValueSpecification\",\"valueRequired\":true,\"valueName\":\"search_term_string\"}}],\"inLanguage\":\"pl-PL\"},{\"@type\":\"Organization\",\"@id\":\"https:\\\/\\\/regmik.ua\\\/uk\\\/#organization\",\"name\":\"REGMIK\",\"alternateName\":\"\u0420\u0415\u0413\u041c\u0418\u041a\",\"url\":\"https:\\\/\\\/regmik.ua\\\/uk\\\/\",\"logo\":{\"@type\":\"ImageObject\",\"inLanguage\":\"pl-PL\",\"@id\":\"https:\\\/\\\/regmik.ua\\\/uk\\\/#\\\/schema\\\/logo\\\/image\\\/\",\"url\":\"https:\\\/\\\/regmik.ua\\\/wp-content\\\/uploads\\\/2020\\\/03\\\/regmik_logo.png\",\"contentUrl\":\"https:\\\/\\\/regmik.ua\\\/wp-content\\\/uploads\\\/2020\\\/03\\\/regmik_logo.png\",\"width\":194,\"height\":45,\"caption\":\"REGMIK\"},\"image\":{\"@id\":\"https:\\\/\\\/regmik.ua\\\/uk\\\/#\\\/schema\\\/logo\\\/image\\\/\"},\"sameAs\":[\"https:\\\/\\\/www.facebook.com\\\/regmik.npf\",\"https:\\\/\\\/x.com\\\/regmiknpf\",\"https:\\\/\\\/www.youtube.com\\\/channel\\\/UC_SrY98SKAmR3Kt95GcVKcw\"]}]}<\/script>","yoast_head_json":{"title":"\u0420\u0430\u0441\u0445\u043e\u0434\u043e\u043c\u0435\u0440-\u0441\u0447\u0435\u0442\u0447\u0438\u043a \u044d\u043b\u0435\u043a\u0442\u0440\u043e\u043c\u0430\u0433\u043d\u0438\u0442\u043d\u044b\u0439 \u042d\u0420\u0421-50 (\u041d\u0418\u041e-35) &#8211; \u0420\u0415\u0413\u041c\u0406\u041a, \u041d\u0412\u0424, \u041f\u041f","description":"Przep\u0142ywomierz ERS-50 przeznaczony jest do pomiaru \u015bredniego obj\u0119to\u015bciowego nat\u0119\u017cenia przep\u0142ywu, obj\u0119to\u015bci oraz zapewnienia dozowania cieczy przewodz\u0105cych media","robots":{"index":"index","follow":"follow","max-snippet":"max-snippet:-1","max-image-preview":"max-image-preview:large","max-video-preview":"max-video-preview:-1"},"canonical":"https:\/\/regmik.ua\/pl\/product\/vitratomir-lichilnik-elektromagnitnij-ers-50\/","schema":{"@context":"https:\/\/schema.org","@graph":[{"@type":"WebPage","@id":"https:\/\/regmik.ua\/product\/vitratomir-lichilnik-elektromagnitnij-ers-50\/","url":"https:\/\/regmik.ua\/product\/vitratomir-lichilnik-elektromagnitnij-ers-50\/","name":"\u0420\u0430\u0441\u0445\u043e\u0434\u043e\u043c\u0435\u0440-\u0441\u0447\u0435\u0442\u0447\u0438\u043a \u044d\u043b\u0435\u043a\u0442\u0440\u043e\u043c\u0430\u0433\u043d\u0438\u0442\u043d\u044b\u0439 \u042d\u0420\u0421-50 (\u041d\u0418\u041e-35) &#8211; \u0420\u0415\u0413\u041c\u0406\u041a, \u041d\u0412\u0424, \u041f\u041f","isPartOf":{"@id":"https:\/\/regmik.ua\/uk\/#website"},"primaryImageOfPage":{"@id":"https:\/\/regmik.ua\/product\/vitratomir-lichilnik-elektromagnitnij-ers-50\/#primaryimage"},"image":{"@id":"https:\/\/regmik.ua\/product\/vitratomir-lichilnik-elektromagnitnij-ers-50\/#primaryimage"},"thumbnailUrl":"https:\/\/regmik.ua\/wp-content\/uploads\/2018\/12\/ERS-50_schetchik.png","datePublished":"2020-02-05T10:10:18+00:00","dateModified":"2022-06-02T13:10:21+00:00","description":"Przep\u0142ywomierz ERS-50 przeznaczony jest do pomiaru \u015bredniego obj\u0119to\u015bciowego nat\u0119\u017cenia przep\u0142ywu, obj\u0119to\u015bci oraz zapewnienia dozowania cieczy przewodz\u0105cych media","breadcrumb":{"@id":"https:\/\/regmik.ua\/product\/vitratomir-lichilnik-elektromagnitnij-ers-50\/#breadcrumb"},"inLanguage":"pl-PL","potentialAction":[{"@type":"ReadAction","target":["https:\/\/regmik.ua\/product\/vitratomir-lichilnik-elektromagnitnij-ers-50\/"]}]},{"@type":"ImageObject","inLanguage":"pl-PL","@id":"https:\/\/regmik.ua\/product\/vitratomir-lichilnik-elektromagnitnij-ers-50\/#primaryimage","url":"https:\/\/regmik.ua\/wp-content\/uploads\/2018\/12\/ERS-50_schetchik.png","contentUrl":"https:\/\/regmik.ua\/wp-content\/uploads\/2018\/12\/ERS-50_schetchik.png","width":800,"height":1024,"caption":"\u0420\u0430\u0441\u0445\u043e\u0434\u043e\u043c\u0435\u0440-\u0441\u0447\u0435\u0442\u0447\u0438\u043a \u044d\u043b\u0435\u043a\u0442\u0440\u043e\u043c\u0430\u0433\u043d\u0438\u0442\u043d\u044b\u0439 \u042d\u0420\u0421-50 (\u041d\u0418\u041e-35)"},{"@type":"BreadcrumbList","@id":"https:\/\/regmik.ua\/product\/vitratomir-lichilnik-elektromagnitnij-ers-50\/#breadcrumb","itemListElement":[{"@type":"ListItem","position":1,"name":"\u0413\u043b\u0430\u0432\u043d\u0430\u044f \u0441\u0442\u0440\u0430\u043d\u0438\u0446\u0430","item":"https:\/\/regmik.ua\/"},{"@type":"ListItem","position":2,"name":"\u041f\u0440\u043e\u0434\u0443\u043a\u0446\u0438\u044f","item":"https:\/\/regmik.ua\/uk\/products\/"},{"@type":"ListItem","position":3,"name":"\u0420\u0430\u0441\u0445\u043e\u0434\u043e\u043c\u0435\u0440-\u0441\u0447\u0435\u0442\u0447\u0438\u043a \u044d\u043b\u0435\u043a\u0442\u0440\u043e\u043c\u0430\u0433\u043d\u0438\u0442\u043d\u044b\u0439 \u042d\u0420\u0421-50 (\u041d\u0418\u041e-35)"}]},{"@type":"WebSite","@id":"https:\/\/regmik.ua\/uk\/#website","url":"https:\/\/regmik.ua\/uk\/","name":"REGMIK","description":"Przyrz\u0105dy pomiarowe i czujniki temperatury","publisher":{"@id":"https:\/\/regmik.ua\/uk\/#organization"},"alternateName":"REGMIK","potentialAction":[{"@type":"SearchAction","target":{"@type":"EntryPoint","urlTemplate":"https:\/\/regmik.ua\/uk\/?s={search_term_string}"},"query-input":{"@type":"PropertyValueSpecification","valueRequired":true,"valueName":"search_term_string"}}],"inLanguage":"pl-PL"},{"@type":"Organization","@id":"https:\/\/regmik.ua\/uk\/#organization","name":"REGMIK","alternateName":"\u0420\u0415\u0413\u041c\u0418\u041a","url":"https:\/\/regmik.ua\/uk\/","logo":{"@type":"ImageObject","inLanguage":"pl-PL","@id":"https:\/\/regmik.ua\/uk\/#\/schema\/logo\/image\/","url":"https:\/\/regmik.ua\/wp-content\/uploads\/2020\/03\/regmik_logo.png","contentUrl":"https:\/\/regmik.ua\/wp-content\/uploads\/2020\/03\/regmik_logo.png","width":194,"height":45,"caption":"REGMIK"},"image":{"@id":"https:\/\/regmik.ua\/uk\/#\/schema\/logo\/image\/"},"sameAs":["https:\/\/www.facebook.com\/regmik.npf","https:\/\/x.com\/regmiknpf","https:\/\/www.youtube.com\/channel\/UC_SrY98SKAmR3Kt95GcVKcw"]}]}},"_links":{"self":[{"href":"https:\/\/regmik.ua\/pl\/wp-json\/wp\/v2\/product\/18871","targetHints":{"allow":["GET"]}}],"collection":[{"href":"https:\/\/regmik.ua\/pl\/wp-json\/wp\/v2\/product"}],"about":[{"href":"https:\/\/regmik.ua\/pl\/wp-json\/wp\/v2\/types\/product"}],"replies":[{"embeddable":true,"href":"https:\/\/regmik.ua\/pl\/wp-json\/wp\/v2\/comments?post=18871"}],"version-history":[{"count":0,"href":"https:\/\/regmik.ua\/pl\/wp-json\/wp\/v2\/product\/18871\/revisions"}],"wp:featuredmedia":[{"embeddable":true,"href":"https:\/\/regmik.ua\/pl\/wp-json\/wp\/v2\/media\/18876"}],"wp:attachment":[{"href":"https:\/\/regmik.ua\/pl\/wp-json\/wp\/v2\/media?parent=18871"}],"wp:term":[{"taxonomy":"product_brand","embeddable":true,"href":"https:\/\/regmik.ua\/pl\/wp-json\/wp\/v2\/product_brand?post=18871"},{"taxonomy":"product_cat","embeddable":true,"href":"https:\/\/regmik.ua\/pl\/wp-json\/wp\/v2\/product_cat?post=18871"},{"taxonomy":"product_tag","embeddable":true,"href":"https:\/\/regmik.ua\/pl\/wp-json\/wp\/v2\/product_tag?post=18871"}],"curies":[{"name":"wp","href":"https:\/\/api.w.org\/{rel}","templated":true}]}}