{"id":16605,"date":"2017-01-30T08:33:43","date_gmt":"2017-01-30T06:33:43","guid":{"rendered":"https:\/\/regmik.com.ua\/product\/komplekt-termopreobrazovateley-soprotivleniya-podobrannyih_par-modifikatsiya-001\/"},"modified":"2020-09-14T16:59:18","modified_gmt":"2020-09-14T13:59:18","slug":"komplekt-termopreobrazovateley-soprotivleniya-podobrannaya-para-dlya-teploschetchika-modifikatsiya-001","status":"publish","type":"product","link":"https:\/\/regmik.ua\/pl\/product\/komplekt-termopreobrazovateley-soprotivleniya-podobrannaya-para-dlya-teploschetchika-modifikatsiya-001\/","title":{"rendered":"Zestaw termopar rezystancyjnych (dobrana para dla ciep\u0142omierza) KTSP-001"},"content":{"rendered":"<p>Przedsi\u0119biorstwo &quot;REGMIK&quot; produkuje zestawy platynowych termopar oporowych &quot;REGMIK KTSP-\u2026&quot; (KTSP), kt\u00f3re s\u0105 przetwornikiem pomiarowym o wysokich w\u0142a\u015bciwo\u015bciach metrologicznych.<br \/>\nZestaw termopar rezystancyjnych s\u0142u\u017cy do zamiany informacji o temperaturze i r\u00f3\u017cnicy temperatur na zmian\u0119 rezystancji elektrycznej wra\u017cliwych element\u00f3w w ramach licznik\u00f3w ciep\u0142a i innych urz\u0105dze\u0144 pomiarowo-kontrolnych energii cieplnej organizacji zaopatruj\u0105cych w ciep\u0142o i zu\u017cywaj\u0105cych ciep\u0142o. KTSP mo\u017ce by\u0107 stosowany w systemach rozliczania i kontroli energii cieplnej organizacji dostarczaj\u0105cych ciep\u0142o i korzystaj\u0105cych z ciep\u0142a.<\/p>\n<p>1.1.3 KTSP odnosi si\u0119 do przyrz\u0105d\u00f3w pomiarowych, kt\u00f3re s\u0105 przeznaczone do u\u017cytku w terenie i \/ lub poza zakresem prawnie regulowanej metrologii.<\/p>","protected":false},"excerpt":{"rendered":"<p>Przedsi\u0119biorstwo \u201eREGMIK\u201d produkuje zestawy platynowych termopar rezystancyjnych \u201eREGMIK KTSP-\u2026\u201d (RTSP), kt\u00f3re s\u0105 przetwornikami pomiarowymi o wysokich parametrach metrologicznych. Zestaw rezystancyjnych przetwornik\u00f3w termicznych s\u0142u\u017cy do przetwarzania informacji o temperaturze i r\u00f3\u017cnicy temperatur na zmian\u0119 rezystancji elektrycznej wra\u017cliwych element\u00f3w wchodz\u0105cych w sk\u0142ad ciep\u0142omierzy i innych urz\u0105dze\u0144 pomiarowo-regulacyjnych energii cieplnej organizacji dostarczaj\u0105cych i zu\u017cywaj\u0105cych ciep\u0142o. CTSP mo\u017ce by\u0107 u\u017cywany w ... <a href=\"https:\/\/regmik.ua\/pl\/product\/komplekt-termopreobrazovateley-soprotivleniya-podobrannaya-para-dlya-teploschetchika-modifikatsiya-001\/\" class=\"more-link\">Kontynuuj czytanie <span class=\"screen-reader-text\">Zestaw termopar rezystancyjnych (dobrana para dla ciep\u0142omierza) KTSP-001<\/span><\/a><\/p>","protected":false},"featured_media":12499,"comment_status":"open","ping_status":"closed","template":"","meta":[],"product_brand":[],"product_cat":[476,627],"product_tag":[89,684,683,633],"class_list":{"0":"post-16605","1":"product","2":"type-product","3":"status-publish","4":"has-post-thumbnail","6":"product_cat-temperature-sensors","7":"product_cat-podobrannyie-paryi","8":"product_tag-datchik","9":"product_tag-komplekt-termopreobrazovatelej-soprotivleniya","10":"product_tag-podobrannaya-para","11":"product_tag-teploschetchik","12":"pa_accuracy-class-b","13":"pa_accuracy-class-a","14":"pa_diameter-mounting-part-d-m-387","15":"pa_diameter-mounting-part-d-m-389","16":"pa_diameter-mounting-part-d-m-385","17":"pa_diameter-mounting-part-d-m-386","18":"pa_length-of-installed-part-l-652","19":"pa_length-of-installed-part-l-371","20":"pa_thermal-inertia-15-45","21":"pa_type-of-nsh-tsp-pt100-pt500-pt1000","22":"pa_working-range-of-temperatur-0-150","25":"instock","26":"shipping-taxable","27":"product-type-simple"},"yoast_head":"<title>\u0420\u0415\u0413\u041c\u0406\u041a, \u041d\u0412\u0424, \u041f\u041f \u041a\u043e\u043c\u043f\u043b\u0435\u043a\u0442 \u0442\u0435\u0440\u043c\u043e\u043f\u0440\u0435\u043e\u0431\u0440\u0430\u0437\u043e\u0432\u0430\u0442\u0435\u043b\u0435\u0439 \u0441\u043e\u043f\u0440\u043e\u0442\u0438\u0432\u043b\u0435\u043d\u0438\u044f \u0422\u0421\u041f-001<\/title>\n<meta name=\"description\" content=\"\u041a\u0422\u0421\u041f \u043c\u043e\u0433\u0443\u0442 \u043f\u0440\u0438\u043c\u0435\u043d\u044f\u0442\u044c\u0441\u044f \u0432 \u0441\u0438\u0441\u0442\u0435\u043c\u0430\u0445 \u0443\u0447\u0435\u0442\u0430 \u0438 \u043a\u043e\u043d\u0442\u0440\u043e\u043b\u044f \u0442\u0435\u043f\u043b\u043e\u0432\u043e\u0439 \u044d\u043d\u0435\u0440\u0433\u0438\u0438 \u0432 \u0441\u043e\u0441\u0442\u0430\u0432\u0435 \u0442\u0435\u043f\u043b\u043e\u0441\u0447\u0435\u0442\u0447\u0438\u043a\u043e\u0432 \u0438 \u0434\u0440\u0443\u0433\u0438\u0445 \u043f\u0440\u0438\u0431\u043e\u0440\u043e\u0432 \u043e\u0440\u0433\u0430\u043d\u0438\u0437\u0430\u0446\u0438\u0439.\" \/>\n<meta name=\"robots\" content=\"index, follow, max-snippet:-1, max-image-preview:large, max-video-preview:-1\" \/>\n<link rel=\"canonical\" href=\"https:\/\/regmik.ua\/pl\/ar\/product\/komplekt-termopreobrazovateley-soprotivleniya-podobrannaya-para-dlya-teploschetchika-modifikatsiya-001\/\" \/>\n<script type=\"application\/ld+json\" class=\"yoast-schema-graph\">{\"@context\":\"https:\\\/\\\/schema.org\",\"@graph\":[{\"@type\":\"WebPage\",\"@id\":\"https:\\\/\\\/regmik.ua\\\/ar\\\/product\\\/komplekt-termopreobrazovateley-soprotivleniya-podobrannaya-para-dlya-teploschetchika-modifikatsiya-001\\\/\",\"url\":\"https:\\\/\\\/regmik.ua\\\/ar\\\/product\\\/komplekt-termopreobrazovateley-soprotivleniya-podobrannaya-para-dlya-teploschetchika-modifikatsiya-001\\\/\",\"name\":\"\u0420\u0415\u0413\u041c\u0406\u041a, \u041d\u0412\u0424, \u041f\u041f \u041a\u043e\u043c\u043f\u043b\u0435\u043a\u0442 \u0442\u0435\u0440\u043c\u043e\u043f\u0440\u0435\u043e\u0431\u0440\u0430\u0437\u043e\u0432\u0430\u0442\u0435\u043b\u0435\u0439 \u0441\u043e\u043f\u0440\u043e\u0442\u0438\u0432\u043b\u0435\u043d\u0438\u044f \u0422\u0421\u041f-001\",\"isPartOf\":{\"@id\":\"https:\\\/\\\/regmik.ua\\\/uk\\\/#website\"},\"primaryImageOfPage\":{\"@id\":\"https:\\\/\\\/regmik.ua\\\/ar\\\/product\\\/komplekt-termopreobrazovateley-soprotivleniya-podobrannaya-para-dlya-teploschetchika-modifikatsiya-001\\\/#primaryimage\"},\"image\":{\"@id\":\"https:\\\/\\\/regmik.ua\\\/ar\\\/product\\\/komplekt-termopreobrazovateley-soprotivleniya-podobrannaya-para-dlya-teploschetchika-modifikatsiya-001\\\/#primaryimage\"},\"thumbnailUrl\":\"https:\\\/\\\/regmik.ua\\\/wp-content\\\/uploads\\\/2015\\\/08\\\/Txx001.gif\",\"datePublished\":\"2017-01-30T06:33:43+00:00\",\"dateModified\":\"2020-09-14T13:59:18+00:00\",\"description\":\"\u041a\u0422\u0421\u041f \u043c\u043e\u0433\u0443\u0442 \u043f\u0440\u0438\u043c\u0435\u043d\u044f\u0442\u044c\u0441\u044f \u0432 \u0441\u0438\u0441\u0442\u0435\u043c\u0430\u0445 \u0443\u0447\u0435\u0442\u0430 \u0438 \u043a\u043e\u043d\u0442\u0440\u043e\u043b\u044f \u0442\u0435\u043f\u043b\u043e\u0432\u043e\u0439 \u044d\u043d\u0435\u0440\u0433\u0438\u0438 \u0432 \u0441\u043e\u0441\u0442\u0430\u0432\u0435 \u0442\u0435\u043f\u043b\u043e\u0441\u0447\u0435\u0442\u0447\u0438\u043a\u043e\u0432 \u0438 \u0434\u0440\u0443\u0433\u0438\u0445 \u043f\u0440\u0438\u0431\u043e\u0440\u043e\u0432 \u043e\u0440\u0433\u0430\u043d\u0438\u0437\u0430\u0446\u0438\u0439.\",\"breadcrumb\":{\"@id\":\"https:\\\/\\\/regmik.ua\\\/ar\\\/product\\\/komplekt-termopreobrazovateley-soprotivleniya-podobrannaya-para-dlya-teploschetchika-modifikatsiya-001\\\/#breadcrumb\"},\"inLanguage\":\"pl-PL\",\"potentialAction\":[{\"@type\":\"ReadAction\",\"target\":[\"https:\\\/\\\/regmik.ua\\\/ar\\\/product\\\/komplekt-termopreobrazovateley-soprotivleniya-podobrannaya-para-dlya-teploschetchika-modifikatsiya-001\\\/\"]}]},{\"@type\":\"ImageObject\",\"inLanguage\":\"pl-PL\",\"@id\":\"https:\\\/\\\/regmik.ua\\\/ar\\\/product\\\/komplekt-termopreobrazovateley-soprotivleniya-podobrannaya-para-dlya-teploschetchika-modifikatsiya-001\\\/#primaryimage\",\"url\":\"https:\\\/\\\/regmik.ua\\\/wp-content\\\/uploads\\\/2015\\\/08\\\/Txx001.gif\",\"contentUrl\":\"https:\\\/\\\/regmik.ua\\\/wp-content\\\/uploads\\\/2015\\\/08\\\/Txx001.gif\",\"width\":800,\"height\":1024,\"caption\":\"\u0414\u0430\u0442\u0447\u0438\u043a \u0442\u0435\u043c\u043f\u0435\u0440\u0430\u0442\u0443\u0440\u044b \u0422\u0421\u041c \u0422\u0421\u041f \u0422\u0425\u041a \u0422\u0425\u0410 \u0422\u0416\u041a \u0422\u041f 001\"},{\"@type\":\"BreadcrumbList\",\"@id\":\"https:\\\/\\\/regmik.ua\\\/ar\\\/product\\\/komplekt-termopreobrazovateley-soprotivleniya-podobrannaya-para-dlya-teploschetchika-modifikatsiya-001\\\/#breadcrumb\",\"itemListElement\":[{\"@type\":\"ListItem\",\"position\":1,\"name\":\"\u0413\u043b\u0430\u0432\u043d\u0430\u044f \u0441\u0442\u0440\u0430\u043d\u0438\u0446\u0430\",\"item\":\"https:\\\/\\\/regmik.ua\\\/\"},{\"@type\":\"ListItem\",\"position\":2,\"name\":\"\u041f\u0440\u043e\u0434\u0443\u043a\u0446\u0438\u044f\",\"item\":\"https:\\\/\\\/regmik.ua\\\/uk\\\/products\\\/\"},{\"@type\":\"ListItem\",\"position\":3,\"name\":\"\u041a\u043e\u043c\u043f\u043b\u0435\u043a\u0442 \u0442\u0435\u0440\u043c\u043e\u043f\u0440\u0435\u043e\u0431\u0440\u0430\u0437\u043e\u0432\u0430\u0442\u0435\u043b\u0435\u0439 \u0441\u043e\u043f\u0440\u043e\u0442\u0438\u0432\u043b\u0435\u043d\u0438\u044f (\u043f\u043e\u0434\u043e\u0431\u0440\u0430\u043d\u043d\u0430\u044f \u043f\u0430\u0440\u0430 \u0434\u043b\u044f \u0442\u0435\u043f\u043b\u043e\u0441\u0447\u0435\u0442\u0447\u0438\u043a\u0430) \u041a\u0422\u0421\u041f-001\"}]},{\"@type\":\"WebSite\",\"@id\":\"https:\\\/\\\/regmik.ua\\\/uk\\\/#website\",\"url\":\"https:\\\/\\\/regmik.ua\\\/uk\\\/\",\"name\":\"REGMIK\",\"description\":\"\u0418\u0437\u043c\u0435\u0440\u0438\u0442\u0435\u043b\u044c\u043d\u044b\u0435 \u043f\u0440\u0438\u0431\u043e\u0440\u044b \u0438 \u0434\u0430\u0442\u0447\u0438\u043a\u0438 \u0442\u0435\u043c\u043f\u0435\u0440\u0430\u0442\u0443\u0440\u044b\",\"publisher\":{\"@id\":\"https:\\\/\\\/regmik.ua\\\/uk\\\/#organization\"},\"alternateName\":\"REGMIK\",\"potentialAction\":[{\"@type\":\"SearchAction\",\"target\":{\"@type\":\"EntryPoint\",\"urlTemplate\":\"https:\\\/\\\/regmik.ua\\\/uk\\\/?s={search_term_string}\"},\"query-input\":{\"@type\":\"PropertyValueSpecification\",\"valueRequired\":true,\"valueName\":\"search_term_string\"}}],\"inLanguage\":\"pl-PL\"},{\"@type\":\"Organization\",\"@id\":\"https:\\\/\\\/regmik.ua\\\/uk\\\/#organization\",\"name\":\"REGMIK\",\"alternateName\":\"\u0420\u0415\u0413\u041c\u0418\u041a\",\"url\":\"https:\\\/\\\/regmik.ua\\\/uk\\\/\",\"logo\":{\"@type\":\"ImageObject\",\"inLanguage\":\"pl-PL\",\"@id\":\"https:\\\/\\\/regmik.ua\\\/uk\\\/#\\\/schema\\\/logo\\\/image\\\/\",\"url\":\"https:\\\/\\\/regmik.ua\\\/wp-content\\\/uploads\\\/2020\\\/03\\\/regmik_logo.png\",\"contentUrl\":\"https:\\\/\\\/regmik.ua\\\/wp-content\\\/uploads\\\/2020\\\/03\\\/regmik_logo.png\",\"width\":194,\"height\":45,\"caption\":\"REGMIK\"},\"image\":{\"@id\":\"https:\\\/\\\/regmik.ua\\\/uk\\\/#\\\/schema\\\/logo\\\/image\\\/\"},\"sameAs\":[\"https:\\\/\\\/www.facebook.com\\\/regmik.npf\",\"https:\\\/\\\/x.com\\\/regmiknpf\",\"https:\\\/\\\/www.youtube.com\\\/channel\\\/UC_SrY98SKAmR3Kt95GcVKcw\"]}]}<\/script>","yoast_head_json":{"title":"\u0420\u0415\u0413\u041c\u0406\u041a, \u041d\u0412\u0424, \u041f\u041f \u041a\u043e\u043c\u043f\u043b\u0435\u043a\u0442 \u0442\u0435\u0440\u043c\u043e\u043f\u0440\u0435\u043e\u0431\u0440\u0430\u0437\u043e\u0432\u0430\u0442\u0435\u043b\u0435\u0439 \u0441\u043e\u043f\u0440\u043e\u0442\u0438\u0432\u043b\u0435\u043d\u0438\u044f \u0422\u0421\u041f-001","description":"KTSP mo\u017ce by\u0107 stosowany w systemach pomiaru i regulacji energii cieplnej jako element ciep\u0142omierzy i innych urz\u0105dze\u0144 organizacji.","robots":{"index":"index","follow":"follow","max-snippet":"max-snippet:-1","max-image-preview":"max-image-preview:large","max-video-preview":"max-video-preview:-1"},"canonical":"https:\/\/regmik.ua\/pl\/ar\/product\/komplekt-termopreobrazovateley-soprotivleniya-podobrannaya-para-dlya-teploschetchika-modifikatsiya-001\/","schema":{"@context":"https:\/\/schema.org","@graph":[{"@type":"WebPage","@id":"https:\/\/regmik.ua\/ar\/product\/komplekt-termopreobrazovateley-soprotivleniya-podobrannaya-para-dlya-teploschetchika-modifikatsiya-001\/","url":"https:\/\/regmik.ua\/ar\/product\/komplekt-termopreobrazovateley-soprotivleniya-podobrannaya-para-dlya-teploschetchika-modifikatsiya-001\/","name":"\u0420\u0415\u0413\u041c\u0406\u041a, \u041d\u0412\u0424, \u041f\u041f \u041a\u043e\u043c\u043f\u043b\u0435\u043a\u0442 \u0442\u0435\u0440\u043c\u043e\u043f\u0440\u0435\u043e\u0431\u0440\u0430\u0437\u043e\u0432\u0430\u0442\u0435\u043b\u0435\u0439 \u0441\u043e\u043f\u0440\u043e\u0442\u0438\u0432\u043b\u0435\u043d\u0438\u044f \u0422\u0421\u041f-001","isPartOf":{"@id":"https:\/\/regmik.ua\/uk\/#website"},"primaryImageOfPage":{"@id":"https:\/\/regmik.ua\/ar\/product\/komplekt-termopreobrazovateley-soprotivleniya-podobrannaya-para-dlya-teploschetchika-modifikatsiya-001\/#primaryimage"},"image":{"@id":"https:\/\/regmik.ua\/ar\/product\/komplekt-termopreobrazovateley-soprotivleniya-podobrannaya-para-dlya-teploschetchika-modifikatsiya-001\/#primaryimage"},"thumbnailUrl":"https:\/\/regmik.ua\/wp-content\/uploads\/2015\/08\/Txx001.gif","datePublished":"2017-01-30T06:33:43+00:00","dateModified":"2020-09-14T13:59:18+00:00","description":"KTSP mo\u017ce by\u0107 stosowany w systemach pomiaru i regulacji energii cieplnej jako element ciep\u0142omierzy i innych urz\u0105dze\u0144 organizacji.","breadcrumb":{"@id":"https:\/\/regmik.ua\/ar\/product\/komplekt-termopreobrazovateley-soprotivleniya-podobrannaya-para-dlya-teploschetchika-modifikatsiya-001\/#breadcrumb"},"inLanguage":"pl-PL","potentialAction":[{"@type":"ReadAction","target":["https:\/\/regmik.ua\/ar\/product\/komplekt-termopreobrazovateley-soprotivleniya-podobrannaya-para-dlya-teploschetchika-modifikatsiya-001\/"]}]},{"@type":"ImageObject","inLanguage":"pl-PL","@id":"https:\/\/regmik.ua\/ar\/product\/komplekt-termopreobrazovateley-soprotivleniya-podobrannaya-para-dlya-teploschetchika-modifikatsiya-001\/#primaryimage","url":"https:\/\/regmik.ua\/wp-content\/uploads\/2015\/08\/Txx001.gif","contentUrl":"https:\/\/regmik.ua\/wp-content\/uploads\/2015\/08\/Txx001.gif","width":800,"height":1024,"caption":"\u0414\u0430\u0442\u0447\u0438\u043a \u0442\u0435\u043c\u043f\u0435\u0440\u0430\u0442\u0443\u0440\u044b \u0422\u0421\u041c \u0422\u0421\u041f \u0422\u0425\u041a \u0422\u0425\u0410 \u0422\u0416\u041a \u0422\u041f 001"},{"@type":"BreadcrumbList","@id":"https:\/\/regmik.ua\/ar\/product\/komplekt-termopreobrazovateley-soprotivleniya-podobrannaya-para-dlya-teploschetchika-modifikatsiya-001\/#breadcrumb","itemListElement":[{"@type":"ListItem","position":1,"name":"\u0413\u043b\u0430\u0432\u043d\u0430\u044f \u0441\u0442\u0440\u0430\u043d\u0438\u0446\u0430","item":"https:\/\/regmik.ua\/"},{"@type":"ListItem","position":2,"name":"\u041f\u0440\u043e\u0434\u0443\u043a\u0446\u0438\u044f","item":"https:\/\/regmik.ua\/uk\/products\/"},{"@type":"ListItem","position":3,"name":"\u041a\u043e\u043c\u043f\u043b\u0435\u043a\u0442 \u0442\u0435\u0440\u043c\u043e\u043f\u0440\u0435\u043e\u0431\u0440\u0430\u0437\u043e\u0432\u0430\u0442\u0435\u043b\u0435\u0439 \u0441\u043e\u043f\u0440\u043e\u0442\u0438\u0432\u043b\u0435\u043d\u0438\u044f (\u043f\u043e\u0434\u043e\u0431\u0440\u0430\u043d\u043d\u0430\u044f \u043f\u0430\u0440\u0430 \u0434\u043b\u044f \u0442\u0435\u043f\u043b\u043e\u0441\u0447\u0435\u0442\u0447\u0438\u043a\u0430) \u041a\u0422\u0421\u041f-001"}]},{"@type":"WebSite","@id":"https:\/\/regmik.ua\/uk\/#website","url":"https:\/\/regmik.ua\/uk\/","name":"REGMIK","description":"Przyrz\u0105dy pomiarowe i czujniki temperatury","publisher":{"@id":"https:\/\/regmik.ua\/uk\/#organization"},"alternateName":"REGMIK","potentialAction":[{"@type":"SearchAction","target":{"@type":"EntryPoint","urlTemplate":"https:\/\/regmik.ua\/uk\/?s={search_term_string}"},"query-input":{"@type":"PropertyValueSpecification","valueRequired":true,"valueName":"search_term_string"}}],"inLanguage":"pl-PL"},{"@type":"Organization","@id":"https:\/\/regmik.ua\/uk\/#organization","name":"REGMIK","alternateName":"\u0420\u0415\u0413\u041c\u0418\u041a","url":"https:\/\/regmik.ua\/uk\/","logo":{"@type":"ImageObject","inLanguage":"pl-PL","@id":"https:\/\/regmik.ua\/uk\/#\/schema\/logo\/image\/","url":"https:\/\/regmik.ua\/wp-content\/uploads\/2020\/03\/regmik_logo.png","contentUrl":"https:\/\/regmik.ua\/wp-content\/uploads\/2020\/03\/regmik_logo.png","width":194,"height":45,"caption":"REGMIK"},"image":{"@id":"https:\/\/regmik.ua\/uk\/#\/schema\/logo\/image\/"},"sameAs":["https:\/\/www.facebook.com\/regmik.npf","https:\/\/x.com\/regmiknpf","https:\/\/www.youtube.com\/channel\/UC_SrY98SKAmR3Kt95GcVKcw"]}]}},"_links":{"self":[{"href":"https:\/\/regmik.ua\/pl\/wp-json\/wp\/v2\/product\/16605","targetHints":{"allow":["GET"]}}],"collection":[{"href":"https:\/\/regmik.ua\/pl\/wp-json\/wp\/v2\/product"}],"about":[{"href":"https:\/\/regmik.ua\/pl\/wp-json\/wp\/v2\/types\/product"}],"replies":[{"embeddable":true,"href":"https:\/\/regmik.ua\/pl\/wp-json\/wp\/v2\/comments?post=16605"}],"version-history":[{"count":0,"href":"https:\/\/regmik.ua\/pl\/wp-json\/wp\/v2\/product\/16605\/revisions"}],"wp:featuredmedia":[{"embeddable":true,"href":"https:\/\/regmik.ua\/pl\/wp-json\/wp\/v2\/media\/12499"}],"wp:attachment":[{"href":"https:\/\/regmik.ua\/pl\/wp-json\/wp\/v2\/media?parent=16605"}],"wp:term":[{"taxonomy":"product_brand","embeddable":true,"href":"https:\/\/regmik.ua\/pl\/wp-json\/wp\/v2\/product_brand?post=16605"},{"taxonomy":"product_cat","embeddable":true,"href":"https:\/\/regmik.ua\/pl\/wp-json\/wp\/v2\/product_cat?post=16605"},{"taxonomy":"product_tag","embeddable":true,"href":"https:\/\/regmik.ua\/pl\/wp-json\/wp\/v2\/product_tag?post=16605"}],"curies":[{"name":"wp","href":"https:\/\/api.w.org\/{rel}","templated":true}]}}