{"id":16604,"date":"2017-01-27T15:24:40","date_gmt":"2017-01-27T13:24:40","guid":{"rendered":"https:\/\/regmik.com.ua\/index.php\/product\/datchik-toka\/"},"modified":"2024-09-21T22:53:16","modified_gmt":"2024-09-21T20:53:16","slug":"datchiki-toka-dth","status":"publish","type":"product","link":"https:\/\/regmik.ua\/pl\/product\/datchiki-toka-dth\/","title":{"rendered":"Czujnik pr\u0105du DTH"},"content":{"rendered":"<p>Czujnik pr\u0105du DTX jest konwerterem pr\u0105du na napi\u0119cie. Czujnik przeznaczony jest do pomiaru pr\u0105du przemiennego, sta\u0142ego lub impulsowego, nie wi\u0119cej ni\u017c 625 A.<\/p>\n<p>Czujniki DTH s\u0105 u\u017cywane w systemach monitorowania zasilania, aby szybko reagowa\u0107 lub zapobiega\u0107 wypadkom. Urz\u0105dzenie wykorzystuje zintegrowany czujnik oparty na <a href=\"https:\/\/ru.wikipedia.org\/wiki\/%D0%AD%D1%84%D1%84%D0%B5%D0%BA%D1%82_%D0%A5%D0%BE%D0%BB%D0%BB%D0%B0\">efekt halla,<\/a>\u00a0kt\u00f3ry mierzy si\u0142\u0119 pola magnetycznego w pobli\u017cu powierzchni przewodnika z pr\u0105dem. Dzi\u0119ki temu obwody sygna\u0142owe i zasilaj\u0105ce s\u0105 izolowane galwanicznie.<\/p>\n<p>DTH to integralny przek\u0142adnik pr\u0105dowy dzia\u0142aj\u0105cy w oparciu o efekt Halla, kt\u00f3ry przeznaczony jest do pomiaru nat\u0119\u017cenia pr\u0105du sta\u0142ego, przemiennego lub pulsuj\u0105cego w obwodach elektroenergetycznych. Czujnik mierzy pr\u0105d w przewodniku i przekszta\u0142ca poziom pola magnetycznego wok\u00f3\u0142 przewodnika przewodz\u0105cego pr\u0105d na warto\u015b\u0107 sygna\u0142u interfejsu przemys\u0142owego (0-10V\/0-20mA\/4-20mA). Brak bocznika pomiarowego i z\u0142\u0105cz zasilaj\u0105cych zwi\u0119ksza wydajno\u015b\u0107 i niezawodno\u015b\u0107 systemu.<\/p>\n<p>Czujnik DTH zasilany jest sta\u0142ym napi\u0119ciem 24V, sygna\u0142 wyj\u015bciowy jest odniesiony do \u201eminusu\u201d zasilania.<\/p>\n<p>Czujniki pr\u0105dowe DTH typu kompensacyjnego lub czujniki zerowego przep\u0142ywu maj\u0105 wbudowany uk\u0142ad kompensacyjny, kt\u00f3ry mo\u017ce znacznie poprawi\u0107 dzia\u0142anie czujnik\u00f3w. Pr\u0105d wyj\u015bciowy proporcjonalny do napi\u0119cia Halla dzia\u0142a jako sygna\u0142 zwrotny. Ze wzgl\u0119du na jego dzia\u0142anie, wynikowy strumie\u0144 magnetyczny w obwodzie magnetycznym praktycznie nie wyst\u0119puje. Kompensowane czujniki pr\u0105dowe s\u0105 w stanie mierzy\u0107 pr\u0105dy od kilku amper\u00f3w do kilkuset tysi\u0119cy amper\u00f3w. Wyr\u00f3\u017cniaj\u0105 si\u0119 wysok\u0105 dok\u0142adno\u015bci\u0105, dobr\u0105 liniowo\u015bci\u0105, niskim dryftem temperaturowym, szybkim czasem odpowiedzi i szerokim zakresem cz\u0119stotliwo\u015bci.<\/p>\n<p>Charakterystyka czujnik\u00f3w pr\u0105du DTH:<\/p>\n<ul>\n<li>Bezdotykowy pomiar pr\u0105du (brak element\u00f3w bocznikowych);<\/li>\n<li>Izolacja galwaniczna do 3000V;<\/li>\n<li>2 interfejsy informacyjne: analogowy i RS-485 (model DTH-04);<\/li>\n<li>protok\u00f3\u0142 komunikacyjny dla interfejsu RS-485: Modbus RTU;<\/li>\n<li>Dodatkowe wej\u015bcie pomiarowe 0-10V (model DTH-04);<\/li>\n<li>b\u0142\u0105d pomiaru 1%;<\/li>\n<li>monta\u017c na szynie DIN (szeroko\u015b\u0107 urz\u0105dzenia 35mm).<\/li>\n<\/ul>\n<p>Czujnik pr\u0105du DTX jest czujnikiem bezdotykowym, kt\u00f3rego g\u0142\u00f3wn\u0105 zalet\u0105 jest brak bocznika pomiarowego, a tak\u017ce brak z\u0142\u0105cz zasilaj\u0105cych, co zwi\u0119ksza wydajno\u015b\u0107 i niezawodno\u015b\u0107 systemu.<\/p>\n<p>Nomenklatura obejmuje modyfikacje ze standardowymi wyj\u015bciami analogowymi 0..10V lub 4..20mA.<br \/>\nCa\u0142kowite wymiary czujnika na wysoko\u015b\u0107 zale\u017c\u0105 od pr\u0105du, dla kt\u00f3rego czujnik jest zaprojektowany.<\/p>\n<p>Wszystkie czujniki mog\u0105 wsp\u00f3\u0142pracowa\u0107 z urz\u0105dzeniami \u201d<a href=\"https:\/\/regmik.ua\/product-category\/devices\/\">REGMIK<\/a>\u201e, posiadaj\u0105cy wej\u015bcie analogowe.<\/p>\n<p>&nbsp;<\/p>","protected":false},"excerpt":{"rendered":"<p>Bezdotykowe czujniki pr\u0105dowe s\u0105 przeznaczone do pomiaru i kontroli pr\u0105d\u00f3w AC, DC lub pr\u0105d\u00f3w pulsacyjnych w szerokim zakresie z du\u017c\u0105 dok\u0142adno\u015bci\u0105. Czujniki DTH umo\u017cliwiaj\u0105 tworzenie system\u00f3w sprz\u0119\u017cenia zwrotnego do sterowania i ochrony urz\u0105dze\u0144 nap\u0119du elektrycznego.<\/p>","protected":false},"featured_media":15059,"comment_status":"open","ping_status":"closed","template":"","meta":[],"product_brand":[],"product_cat":[38,647],"product_tag":[3077],"class_list":{"0":"post-16604","1":"product","2":"type-product","3":"status-publish","4":"has-post-thumbnail","6":"product_cat-sensors","7":"product_cat-datchiki-toka","8":"product_tag-datchiki-toka","9":"pa_maksimalnyiy-vhodnoy-tok-a-641","10":"pa_maksimalnyiy-vhodnoy-tok-a-642","11":"pa_maksimalnyiy-vhodnoy-tok-a-643","12":"pa_maksimalnyiy-vhodnoy-tok-a-644","13":"pa_maksimalnyiy-vhodnoy-tok-a-638","14":"pa_maksimalnyiy-vhodnoy-tok-a-645","15":"pa_maksimalnyiy-vhodnoy-tok-a-639","16":"pa_maksimalnyiy-vhodnoy-tok-a-646","17":"pa_maksimalnyiy-vhodnoy-tok-a-640","18":"pa_outputs1-0-10vrs485","19":"pa_outputs1-an2","20":"pa_outputs1-at2","21":"pa_outputs1-at3","22":"pa_tip-izmeryaemogo-toka-peremennyiy","23":"pa_tip-izmeryaemogo-toka-postoyannyiy","26":"instock","27":"shipping-taxable","28":"purchasable","29":"product-type-variable","30":"has-default-attributes"},"yoast_head":"<title>\u0414\u0430\u0442\u0447\u0438\u043a \u0442\u043e\u043a\u0430 \u0414\u0422\u0425, \u043f\u0440\u0435\u043e\u0431\u0440\u0430\u0437\u043e\u0432\u0430\u0442\u0435\u043b\u0438 \u0442\u043e\u043a\u0430 \u0432 \u043d\u0430\u043f\u0440\u044f\u0436\u0435\u043d\u0438\u0435. \u0420\u0415\u0413\u041c\u0406\u041a, \u041d\u0412\u0424, \u041f\u041f<\/title>\n<meta name=\"description\" content=\"\u0414\u0430\u0442\u0447\u0438\u043a \u0442\u043e\u043a\u0430 \u0414\u0422\u0425 \u043f\u0440\u0435\u0434\u043d\u0430\u0437\u043d\u0430\u0447\u0435\u043d \u0434\u043b\u044f \u0438\u0437\u043c\u0435\u0440\u0435\u043d\u0438\u044f \u043f\u0435\u0440\u0435\u043c\u0435\u043d\u043d\u043e\u0433\u043e, \u043f\u043e\u0441\u0442\u043e\u044f\u043d\u043d\u043e\u0433\u043e \u0438\u043b\u0438 \u0438\u043c\u043f\u0443\u043b\u044c\u0441\u043d\u043e\u0433\u043e \u0442\u043e\u043a\u0430 \u0434\u043e 625\u0410. \u0414\u0430\u0442\u0447\u0438\u043a\u0438 \u0414\u0422\u0425 \u043f\u0440\u0438\u043c\u0435\u043d\u044f\u044e\u0442\u0441\u044f \u0432 \u0441\u0438\u0441\u0442\u0435\u043c\u0430\u0445 \u043c\u043e\u043d\u0438\u0442\u043e\u0440\u0438\u043d\u0433\u0430.\" \/>\n<meta name=\"robots\" content=\"index, follow, max-snippet:-1, max-image-preview:large, max-video-preview:-1\" \/>\n<link rel=\"canonical\" href=\"https:\/\/regmik.ua\/pl\/product\/datchiki-toka-dth\/\" \/>\n<script type=\"application\/ld+json\" class=\"yoast-schema-graph\">{\"@context\":\"https:\\\/\\\/schema.org\",\"@graph\":[{\"@type\":\"WebPage\",\"@id\":\"https:\\\/\\\/regmik.ua\\\/product\\\/datchiki-toka-dth\\\/\",\"url\":\"https:\\\/\\\/regmik.ua\\\/product\\\/datchiki-toka-dth\\\/\",\"name\":\"\u0414\u0430\u0442\u0447\u0438\u043a \u0442\u043e\u043a\u0430 \u0414\u0422\u0425, \u043f\u0440\u0435\u043e\u0431\u0440\u0430\u0437\u043e\u0432\u0430\u0442\u0435\u043b\u0438 \u0442\u043e\u043a\u0430 \u0432 \u043d\u0430\u043f\u0440\u044f\u0436\u0435\u043d\u0438\u0435. \u0420\u0415\u0413\u041c\u0406\u041a, \u041d\u0412\u0424, \u041f\u041f\",\"isPartOf\":{\"@id\":\"https:\\\/\\\/regmik.ua\\\/uk\\\/#website\"},\"primaryImageOfPage\":{\"@id\":\"https:\\\/\\\/regmik.ua\\\/product\\\/datchiki-toka-dth\\\/#primaryimage\"},\"image\":{\"@id\":\"https:\\\/\\\/regmik.ua\\\/product\\\/datchiki-toka-dth\\\/#primaryimage\"},\"thumbnailUrl\":\"https:\\\/\\\/regmik.ua\\\/wp-content\\\/uploads\\\/2015\\\/08\\\/DTH_front.png\",\"datePublished\":\"2017-01-27T13:24:40+00:00\",\"dateModified\":\"2024-09-21T20:53:16+00:00\",\"description\":\"\u0414\u0430\u0442\u0447\u0438\u043a \u0442\u043e\u043a\u0430 \u0414\u0422\u0425 \u043f\u0440\u0435\u0434\u043d\u0430\u0437\u043d\u0430\u0447\u0435\u043d \u0434\u043b\u044f \u0438\u0437\u043c\u0435\u0440\u0435\u043d\u0438\u044f \u043f\u0435\u0440\u0435\u043c\u0435\u043d\u043d\u043e\u0433\u043e, \u043f\u043e\u0441\u0442\u043e\u044f\u043d\u043d\u043e\u0433\u043e \u0438\u043b\u0438 \u0438\u043c\u043f\u0443\u043b\u044c\u0441\u043d\u043e\u0433\u043e \u0442\u043e\u043a\u0430 \u0434\u043e 625\u0410. \u0414\u0430\u0442\u0447\u0438\u043a\u0438 \u0414\u0422\u0425 \u043f\u0440\u0438\u043c\u0435\u043d\u044f\u044e\u0442\u0441\u044f \u0432 \u0441\u0438\u0441\u0442\u0435\u043c\u0430\u0445 \u043c\u043e\u043d\u0438\u0442\u043e\u0440\u0438\u043d\u0433\u0430.\",\"breadcrumb\":{\"@id\":\"https:\\\/\\\/regmik.ua\\\/product\\\/datchiki-toka-dth\\\/#breadcrumb\"},\"inLanguage\":\"pl-PL\",\"potentialAction\":[{\"@type\":\"ReadAction\",\"target\":[\"https:\\\/\\\/regmik.ua\\\/product\\\/datchiki-toka-dth\\\/\"]}]},{\"@type\":\"ImageObject\",\"inLanguage\":\"pl-PL\",\"@id\":\"https:\\\/\\\/regmik.ua\\\/product\\\/datchiki-toka-dth\\\/#primaryimage\",\"url\":\"https:\\\/\\\/regmik.ua\\\/wp-content\\\/uploads\\\/2015\\\/08\\\/DTH_front.png\",\"contentUrl\":\"https:\\\/\\\/regmik.ua\\\/wp-content\\\/uploads\\\/2015\\\/08\\\/DTH_front.png\",\"width\":800,\"height\":1024,\"caption\":\"\u0414\u0430\u0442\u0447\u0438\u043a \u0442\u043e\u043a\u0430 \u0414\u0422\u0425-\u0445\u0445\u0445\"},{\"@type\":\"BreadcrumbList\",\"@id\":\"https:\\\/\\\/regmik.ua\\\/product\\\/datchiki-toka-dth\\\/#breadcrumb\",\"itemListElement\":[{\"@type\":\"ListItem\",\"position\":1,\"name\":\"\u0413\u043b\u0430\u0432\u043d\u0430\u044f \u0441\u0442\u0440\u0430\u043d\u0438\u0446\u0430\",\"item\":\"https:\\\/\\\/regmik.ua\\\/\"},{\"@type\":\"ListItem\",\"position\":2,\"name\":\"\u041f\u0440\u043e\u0434\u0443\u043a\u0446\u0438\u044f\",\"item\":\"https:\\\/\\\/regmik.ua\\\/uk\\\/products\\\/\"},{\"@type\":\"ListItem\",\"position\":3,\"name\":\"\u0414\u0430\u0442\u0447\u0438\u043a \u0442\u043e\u043a\u0430 \u0414\u0422\u0425\"}]},{\"@type\":\"WebSite\",\"@id\":\"https:\\\/\\\/regmik.ua\\\/uk\\\/#website\",\"url\":\"https:\\\/\\\/regmik.ua\\\/uk\\\/\",\"name\":\"REGMIK\",\"description\":\"\u0418\u0437\u043c\u0435\u0440\u0438\u0442\u0435\u043b\u044c\u043d\u044b\u0435 \u043f\u0440\u0438\u0431\u043e\u0440\u044b \u0438 \u0434\u0430\u0442\u0447\u0438\u043a\u0438 \u0442\u0435\u043c\u043f\u0435\u0440\u0430\u0442\u0443\u0440\u044b\",\"publisher\":{\"@id\":\"https:\\\/\\\/regmik.ua\\\/uk\\\/#organization\"},\"alternateName\":\"REGMIK\",\"potentialAction\":[{\"@type\":\"SearchAction\",\"target\":{\"@type\":\"EntryPoint\",\"urlTemplate\":\"https:\\\/\\\/regmik.ua\\\/uk\\\/?s={search_term_string}\"},\"query-input\":{\"@type\":\"PropertyValueSpecification\",\"valueRequired\":true,\"valueName\":\"search_term_string\"}}],\"inLanguage\":\"pl-PL\"},{\"@type\":\"Organization\",\"@id\":\"https:\\\/\\\/regmik.ua\\\/uk\\\/#organization\",\"name\":\"REGMIK\",\"alternateName\":\"\u0420\u0415\u0413\u041c\u0418\u041a\",\"url\":\"https:\\\/\\\/regmik.ua\\\/uk\\\/\",\"logo\":{\"@type\":\"ImageObject\",\"inLanguage\":\"pl-PL\",\"@id\":\"https:\\\/\\\/regmik.ua\\\/uk\\\/#\\\/schema\\\/logo\\\/image\\\/\",\"url\":\"https:\\\/\\\/regmik.ua\\\/wp-content\\\/uploads\\\/2020\\\/03\\\/regmik_logo.png\",\"contentUrl\":\"https:\\\/\\\/regmik.ua\\\/wp-content\\\/uploads\\\/2020\\\/03\\\/regmik_logo.png\",\"width\":194,\"height\":45,\"caption\":\"REGMIK\"},\"image\":{\"@id\":\"https:\\\/\\\/regmik.ua\\\/uk\\\/#\\\/schema\\\/logo\\\/image\\\/\"},\"sameAs\":[\"https:\\\/\\\/www.facebook.com\\\/regmik.npf\",\"https:\\\/\\\/x.com\\\/regmiknpf\",\"https:\\\/\\\/www.youtube.com\\\/channel\\\/UC_SrY98SKAmR3Kt95GcVKcw\"]}]}<\/script>","yoast_head_json":{"title":"Czujnik pr\u0105du DTX, przetworniki pr\u0105du na napi\u0119cie. REGMIK, NVF, PP","description":"Czujnik pr\u0105du DTH przeznaczony jest do pomiaru pr\u0105du przemiennego, sta\u0142ego lub pulsacyjnego do 625A. Czujniki DTX znajduj\u0105 zastosowanie w systemach monitoringu.","robots":{"index":"index","follow":"follow","max-snippet":"max-snippet:-1","max-image-preview":"max-image-preview:large","max-video-preview":"max-video-preview:-1"},"canonical":"https:\/\/regmik.ua\/pl\/product\/datchiki-toka-dth\/","schema":{"@context":"https:\/\/schema.org","@graph":[{"@type":"WebPage","@id":"https:\/\/regmik.ua\/product\/datchiki-toka-dth\/","url":"https:\/\/regmik.ua\/product\/datchiki-toka-dth\/","name":"Czujnik pr\u0105du DTX, przetworniki pr\u0105du na napi\u0119cie. REGMIK, NVF, PP","isPartOf":{"@id":"https:\/\/regmik.ua\/uk\/#website"},"primaryImageOfPage":{"@id":"https:\/\/regmik.ua\/product\/datchiki-toka-dth\/#primaryimage"},"image":{"@id":"https:\/\/regmik.ua\/product\/datchiki-toka-dth\/#primaryimage"},"thumbnailUrl":"https:\/\/regmik.ua\/wp-content\/uploads\/2015\/08\/DTH_front.png","datePublished":"2017-01-27T13:24:40+00:00","dateModified":"2024-09-21T20:53:16+00:00","description":"Czujnik pr\u0105du DTH przeznaczony jest do pomiaru pr\u0105du przemiennego, sta\u0142ego lub pulsacyjnego do 625A. Czujniki DTX znajduj\u0105 zastosowanie w systemach monitoringu.","breadcrumb":{"@id":"https:\/\/regmik.ua\/product\/datchiki-toka-dth\/#breadcrumb"},"inLanguage":"pl-PL","potentialAction":[{"@type":"ReadAction","target":["https:\/\/regmik.ua\/product\/datchiki-toka-dth\/"]}]},{"@type":"ImageObject","inLanguage":"pl-PL","@id":"https:\/\/regmik.ua\/product\/datchiki-toka-dth\/#primaryimage","url":"https:\/\/regmik.ua\/wp-content\/uploads\/2015\/08\/DTH_front.png","contentUrl":"https:\/\/regmik.ua\/wp-content\/uploads\/2015\/08\/DTH_front.png","width":800,"height":1024,"caption":"\u0414\u0430\u0442\u0447\u0438\u043a \u0442\u043e\u043a\u0430 \u0414\u0422\u0425-\u0445\u0445\u0445"},{"@type":"BreadcrumbList","@id":"https:\/\/regmik.ua\/product\/datchiki-toka-dth\/#breadcrumb","itemListElement":[{"@type":"ListItem","position":1,"name":"\u0413\u043b\u0430\u0432\u043d\u0430\u044f \u0441\u0442\u0440\u0430\u043d\u0438\u0446\u0430","item":"https:\/\/regmik.ua\/"},{"@type":"ListItem","position":2,"name":"\u041f\u0440\u043e\u0434\u0443\u043a\u0446\u0438\u044f","item":"https:\/\/regmik.ua\/uk\/products\/"},{"@type":"ListItem","position":3,"name":"\u0414\u0430\u0442\u0447\u0438\u043a \u0442\u043e\u043a\u0430 \u0414\u0422\u0425"}]},{"@type":"WebSite","@id":"https:\/\/regmik.ua\/uk\/#website","url":"https:\/\/regmik.ua\/uk\/","name":"REGMIK","description":"Przyrz\u0105dy pomiarowe i czujniki temperatury","publisher":{"@id":"https:\/\/regmik.ua\/uk\/#organization"},"alternateName":"REGMIK","potentialAction":[{"@type":"SearchAction","target":{"@type":"EntryPoint","urlTemplate":"https:\/\/regmik.ua\/uk\/?s={search_term_string}"},"query-input":{"@type":"PropertyValueSpecification","valueRequired":true,"valueName":"search_term_string"}}],"inLanguage":"pl-PL"},{"@type":"Organization","@id":"https:\/\/regmik.ua\/uk\/#organization","name":"REGMIK","alternateName":"\u0420\u0415\u0413\u041c\u0418\u041a","url":"https:\/\/regmik.ua\/uk\/","logo":{"@type":"ImageObject","inLanguage":"pl-PL","@id":"https:\/\/regmik.ua\/uk\/#\/schema\/logo\/image\/","url":"https:\/\/regmik.ua\/wp-content\/uploads\/2020\/03\/regmik_logo.png","contentUrl":"https:\/\/regmik.ua\/wp-content\/uploads\/2020\/03\/regmik_logo.png","width":194,"height":45,"caption":"REGMIK"},"image":{"@id":"https:\/\/regmik.ua\/uk\/#\/schema\/logo\/image\/"},"sameAs":["https:\/\/www.facebook.com\/regmik.npf","https:\/\/x.com\/regmiknpf","https:\/\/www.youtube.com\/channel\/UC_SrY98SKAmR3Kt95GcVKcw"]}]}},"_links":{"self":[{"href":"https:\/\/regmik.ua\/pl\/wp-json\/wp\/v2\/product\/16604","targetHints":{"allow":["GET"]}}],"collection":[{"href":"https:\/\/regmik.ua\/pl\/wp-json\/wp\/v2\/product"}],"about":[{"href":"https:\/\/regmik.ua\/pl\/wp-json\/wp\/v2\/types\/product"}],"replies":[{"embeddable":true,"href":"https:\/\/regmik.ua\/pl\/wp-json\/wp\/v2\/comments?post=16604"}],"version-history":[{"count":0,"href":"https:\/\/regmik.ua\/pl\/wp-json\/wp\/v2\/product\/16604\/revisions"}],"wp:featuredmedia":[{"embeddable":true,"href":"https:\/\/regmik.ua\/pl\/wp-json\/wp\/v2\/media\/15059"}],"wp:attachment":[{"href":"https:\/\/regmik.ua\/pl\/wp-json\/wp\/v2\/media?parent=16604"}],"wp:term":[{"taxonomy":"product_brand","embeddable":true,"href":"https:\/\/regmik.ua\/pl\/wp-json\/wp\/v2\/product_brand?post=16604"},{"taxonomy":"product_cat","embeddable":true,"href":"https:\/\/regmik.ua\/pl\/wp-json\/wp\/v2\/product_cat?post=16604"},{"taxonomy":"product_tag","embeddable":true,"href":"https:\/\/regmik.ua\/pl\/wp-json\/wp\/v2\/product_tag?post=16604"}],"curies":[{"name":"wp","href":"https:\/\/api.w.org\/{rel}","templated":true}]}}