{"id":16547,"date":"2017-01-26T15:47:43","date_gmt":"2017-01-26T13:47:43","guid":{"rendered":"https:\/\/regmik.com.ua\/index.php\/product\/datchik-temperaturyi-s-unifitsirovannyim-vyihodnyim-signalom-s-klemmnoy-golovkoy-iz-dyuralyuminiya-modifikatsiya-003\/"},"modified":"2024-01-05T16:19:09","modified_gmt":"2024-01-05T14:19:09","slug":"datchik-temperaturyi-s-unifitsirovannyim-vyihodnyim-signalom-s-klemmnoy-golovkoy-iz-dyuralyuminiya-modifikatsiya-003","status":"publish","type":"product","link":"https:\/\/regmik.ua\/pl\/product\/datchik-temperaturyi-s-unifitsirovannyim-vyihodnyim-signalom-s-klemmnoy-golovkoy-iz-dyuralyuminiya-modifikatsiya-003\/","title":{"rendered":"Czujnik temperatury ze zunifikowanym sygna\u0142em wyj\u015bciowym THAU-003, THKU-003, TGKU-003"},"content":{"rendered":"<p><a href=\"https:\/\/uk.wikipedia.org\/wiki\/%D0%A2%D0%B5%D1%80%D0%BC%D0%BE%D0%BF%D0%B0%D1%80%D0%B0\">Termoelement<\/a>\u00a0z wyj\u015bciem 4-20 mA (termoelektryczny przetwornik temperatury, czujnik temperatury z ujednoliconym wyj\u015bciowym sygna\u0142em pr\u0105dowym 4-20 mA)\u00a0<strong>THOU-003<\/strong>,\u00a0<strong>THKU-003<\/strong>,\u00a0<strong>TZHKU-003<\/strong>\u00a0jest przeznaczony do zamiany temperatury ko\u0144ca roboczego termoelementu na termo-EMF i p\u00f3\u017aniejszej konwersji na zunifikowany wyj\u015bciowy sygna\u0142 pr\u0105dowy 4-20 mA.<\/p>\n<p>Termopary s\u0142u\u017c\u0105 do pomiaru temperatury medi\u00f3w p\u0142ynnych, sypkich i gazowych, kt\u00f3re nie zawieraj\u0105 substancji oddzia\u0142uj\u0105cych z materia\u0142em osprz\u0119tu ochronnego i przewodu \u0142\u0105cz\u0105cego.<\/p>\n<p>Zakres zastosowania termopar ze zunifikowanym sygna\u0142em wyj\u015bciowym 4-20 mA - uk\u0142ady do monitorowania i regulacji temperatury proces\u00f3w technologicznych w r\u00f3\u017cnych dziedzinach przemys\u0142u, rolnictwa i us\u0142ug komunalnych, \u017cycia codziennego.<\/p>\n<h3>Jak dzia\u0142a termopara<\/h3>\n<p>Zasada dzia\u0142ania termopary opiera si\u0119 na efekcie termoelektrycznym Seebecka. Termopara ma dwa lutowane ko\u0144ce, jeden koniec jest umieszczony w \u015brodowisku pomiarowym i nazywany jest z\u0142\u0105czem roboczym lub gor\u0105cym, a drugi koniec, w miejscu pod\u0142\u0105czenia do wej\u015bcia urz\u0105dzenia, jest z\u0142\u0105czem zimnym. Metody wytwarzania z\u0142\u0105cza gor\u0105cego przedstawiono na rysunku 1. Gdy w obwodzie wyst\u0105pi r\u00f3\u017cnica temperatur pomi\u0119dzy z\u0142\u0105czem zimnym i gor\u0105cym, pojawia si\u0119 termo-EMF, kt\u00f3rego warto\u015b\u0107 jest podawana na wej\u015bcie.<\/p>\n<p><a href=\"https:\/\/regmik.ua\/wp-content\/uploads\/2017\/02\/sposoby-izgotovleniya-goryachego-spaya.jpg\"><img decoding=\"async\" class=\"alignnone size-medium wp-image-26208\" src=\"https:\/\/regmik.ua\/wp-content\/uploads\/2017\/02\/sposoby-izgotovleniya-goryachego-spaya-280x144.jpg\" alt=\"\" width=\"280\" height=\"144\" \/><\/a><\/p>\n<p>Obrazek 1 -\u00a0<strong>Metody wytwarzania z\u0142\u0105czy na gor\u0105co<\/strong><\/p>\n<p>Z\u0142\u0105cze robocze jest umieszczone w armaturze ochronnej. Z\u0142\u0105cze termopary jest dost\u0119pne w r\u00f3\u017cnych konfiguracjach. Z\u0142\u0105cze mo\u017ce by\u0107 uziemione lub nieuziemione, a dwuelementowe termopary mog\u0105 by\u0107 izolowane lub nieizolowane. Konfiguracje po\u0142\u0105cze\u0144 gor\u0105cych przedstawiono na rysunku 2.<\/p>\n<p><a href=\"https:\/\/regmik.ua\/wp-content\/uploads\/2017\/02\/konfiguracii-goryachih-spaev.jpg\"><img fetchpriority=\"high\" decoding=\"async\" class=\"alignnone size-medium wp-image-26209\" src=\"https:\/\/regmik.ua\/wp-content\/uploads\/2017\/02\/konfiguracii-goryachih-spaev-280x233.jpg\" alt=\"\" width=\"280\" height=\"233\" \/><\/a><\/p>\n<p>Rysunek 2 -\u00a0<strong>Konfiguracje po\u0142\u0105cze\u0144 gor\u0105cych<\/strong><\/p>\n<p>Uziemione z\u0142\u0105cze termopary powstaje, gdy z\u0142\u0105cze termoelementu jest po\u0142\u0105czone z os\u0142on\u0105 czujnika. Uziemione z\u0142\u0105cza maj\u0105 lepsz\u0105 przewodno\u015b\u0107 ciepln\u0105, co z kolei poprawia czas odpowiedzi. Jednak uziemienie sprawia, \u017ce obwody termopar s\u0105 r\u00f3wnie\u017c bardziej podatne na zak\u0142\u00f3cenia elektryczne, kt\u00f3re mog\u0105 zniekszta\u0142ca\u0107 sygna\u0142 napi\u0119cia termopary, je\u015bli tester nie zapewnia izolacji. Wszystkie wysokiej jako\u015bci przetworniki i karty I \/ O s\u0105 standardowo izolowane elektrycznie. Uziemione z\u0142\u0105cze jest r\u00f3wnie\u017c z czasem bardziej podatne na zanieczyszczenie chemiczne.<\/p>\n<p>Przetworniki termoelektryczne z otwartym z\u0142\u0105czem maj\u0105 gor\u0105ce z\u0142\u0105cze wystaj\u0105ce z uszczelnionego ko\u0144ca os\u0142ony, co zapewnia d\u0142ugi czas odpowiedzi. Uszczelnienie zapobiega przedostawaniu si\u0119 wilgoci lub innych zanieczyszcze\u0144 do skorupy. Zazwyczaj te termopary s\u0105 u\u017cywane tylko w gazach nie powoduj\u0105cych korozji, takich jak kana\u0142y.<\/p>\n<p>Nieuziemione z\u0142\u0105cza uzyskuje si\u0119, gdy elementy termopary nie s\u0105 po\u0142\u0105czone z pow\u0142ok\u0105 przetwornika pierwotnego, ale s\u0105 otoczone proszkiem izolacyjnym. Po\u0142\u0105czenia nieuziemione s\u0105 nieco wolniejsze ni\u017c z\u0142\u0105cza uziemione, ale s\u0105 mniej wra\u017cliwe na szum elektryczny.<\/p>\n<p>Formalnie\u00a0<a href=\"https:\/\/uk.wikipedia.org\/wiki\/%D0%A2%D0%B5%D1%80%D0%BC%D0%BE%D0%BF%D0%B0%D1%80%D0%B0\">termoelement<\/a> z wyj\u015bciem 4-20 mA (opcja - 003) s\u0105 czujnikami temperatury <a href=\"https:\/\/regmik.ua\/ru\/product\/datchik-temperaturyi-modifikatsiya-002\/\">Modyfikacje 002<\/a>\u00a0z p\u0142ytk\u0105 PCB 4-20 mA wbudowan\u0105 w g\u0142owic\u0119 zacisk\u00f3w.<\/p>\n<h3>Czujniki temperatury z ujednoliconym sygna\u0142em wyj\u015bciowym:<\/h3>\n<ul>\n<li>konwersja warto\u015bci rezystancji na sygna\u0142 pr\u0105dowy (4..20mA) proporcjonalny do warto\u015bci temperatury;<\/li>\n<li>pomiar i transmisja zmierzonej warto\u015bci temperatury poprzez interfejs RS-485 (protok\u00f3\u0142 ModBus RTU).<\/li>\n<\/ul>\n<h3>Funkcje czujnika:<\/h3>\n<ul>\n<li>minimalna d\u0142ugo\u015b\u0107 cz\u0119\u015bci monta\u017cowej to 60mm;<\/li>\n<li>zasilanie ze \u017ar\u00f3d\u0142a napi\u0119cia sta\u0142ego 24V.<\/li>\n<\/ul>\n<p>&nbsp;<\/p>","protected":false},"excerpt":{"rendered":"<p>Czujniki temperatury z ujednoliconym sygna\u0142em wyj\u015bciowym pozwalaj\u0105 na pod\u0142\u0105czenie czujnik\u00f3w temperatury do dowolnych urz\u0105dze\u0144 z wej\u015bciami 4..20mA lub RS-485.<\/p>","protected":false},"featured_media":16203,"comment_status":"open","ping_status":"closed","template":"","meta":[],"product_brand":[],"product_cat":[38,601],"product_tag":[],"class_list":{"0":"post-16547","1":"product","2":"type-product","3":"status-publish","4":"has-post-thumbnail","6":"product_cat-sensors","7":"product_cat-sensors-with-standardized-output-signal","8":"pa_accuracy-clas-0-2","9":"pa_accuracy-clas-0-5","10":"pa_length-of-installed-part-l-381","11":"pa_length-of-installed-part-l-372","12":"pa_length-of-installed-part-l-382","13":"pa_length-of-installed-part-l-383","14":"pa_length-of-installed-part-l-428","15":"pa_length-of-installed-part-l-374","16":"pa_length-of-installed-part-l-384","17":"pa_length-of-installed-part-l-375","18":"pa_length-of-installed-part-l-376","19":"pa_length-of-installed-part-l-377","20":"pa_length-of-installed-part-l-378","21":"pa_length-of-installed-part-l-371","22":"pa_length-of-installed-part-l-379","23":"pa_length-of-installed-part-l-380","24":"pa_power-supply-ip24","25":"pa_type-of-nsh-tjk","26":"pa_type-of-nsh-tsm-50m100m","27":"pa_type-of-nsh-tsp-pt100-pt500-pt1000","28":"pa_type-of-nsh-tha","29":"pa_type-of-nsh-thk","30":"pa_unif-signal-resistance-current","31":"pa_unif-signal-resistance-rs485","34":"instock","35":"shipping-taxable","36":"purchasable","37":"product-type-simple"},"yoast_head":"<title>\u0420\u0415\u0413\u041c\u0406\u041a, \u041d\u0412\u0424, \u041f\u041f \u0414\u0430\u0442\u0447\u0438\u043a \u0442\u0435\u043c\u043f\u0435\u0440\u0430\u0442\u0443\u0440\u044b \u0441 \u0443\u043d\u0438\u0444\u0438\u0446\u0438\u0440\u043e\u0432\u0430\u043d\u043d\u044b\u043c \u0432\u044b\u0445\u043e\u0434\u043d\u044b\u043c \u0441\u0438\u0433\u043d\u0430\u043b\u043e\u043c<\/title>\n<meta name=\"description\" content=\"\u0414\u0430\u0442\u0447\u0438\u043a\u0438 \u0442\u0435\u043c\u043f\u0435\u0440\u0430\u0442\u0443\u0440\u044b \u0441 \u0443\u043d\u0438\u0444\u0438\u0446\u0438\u0440\u043e\u0432\u0430\u043d\u043d\u044b\u043c \u0432\u044b\u0445\u043e\u0434\u043d\u044b\u043c \u0441\u0438\u0433\u043d\u0430\u043b\u043e\u043c \u043f\u043e\u0437\u0432\u043e\u043b\u044f\u044e\u0442 \u043f\u043e\u0434\u043a\u043b\u044e\u0447\u0430\u0442\u044c \u0434\u0430\u0442\u0447\u0438\u043a\u0438 \u0442\u0435\u043c\u043f\u0435\u0440\u0430\u0442\u0443\u0440\u044b \u043a \u043b\u044e\u0431\u044b\u043c \u043f\u0440\u0438\u0431\u043e\u0440\u0430\u043c \u0441\u043e \u0432\u0445\u043e\u0434\u0430\u043c\u0438 4..20\u043c\u0410 \u0438\u043b\u0438 RS-485.\" \/>\n<meta name=\"robots\" content=\"index, follow, max-snippet:-1, max-image-preview:large, max-video-preview:-1\" \/>\n<link rel=\"canonical\" href=\"https:\/\/regmik.ua\/pl\/product\/datchik-temperaturyi-s-unifitsirovannyim-vyihodnyim-signalom-s-klemmnoy-golovkoy-iz-dyuralyuminiya-modifikatsiya-003\/\" \/>\n<script type=\"application\/ld+json\" class=\"yoast-schema-graph\">{\"@context\":\"https:\\\/\\\/schema.org\",\"@graph\":[{\"@type\":\"WebPage\",\"@id\":\"https:\\\/\\\/regmik.ua\\\/product\\\/datchik-temperaturyi-s-unifitsirovannyim-vyihodnyim-signalom-s-klemmnoy-golovkoy-iz-dyuralyuminiya-modifikatsiya-003\\\/\",\"url\":\"https:\\\/\\\/regmik.ua\\\/product\\\/datchik-temperaturyi-s-unifitsirovannyim-vyihodnyim-signalom-s-klemmnoy-golovkoy-iz-dyuralyuminiya-modifikatsiya-003\\\/\",\"name\":\"\u0420\u0415\u0413\u041c\u0406\u041a, \u041d\u0412\u0424, \u041f\u041f \u0414\u0430\u0442\u0447\u0438\u043a \u0442\u0435\u043c\u043f\u0435\u0440\u0430\u0442\u0443\u0440\u044b \u0441 \u0443\u043d\u0438\u0444\u0438\u0446\u0438\u0440\u043e\u0432\u0430\u043d\u043d\u044b\u043c \u0432\u044b\u0445\u043e\u0434\u043d\u044b\u043c \u0441\u0438\u0433\u043d\u0430\u043b\u043e\u043c\",\"isPartOf\":{\"@id\":\"https:\\\/\\\/regmik.ua\\\/uk\\\/#website\"},\"primaryImageOfPage\":{\"@id\":\"https:\\\/\\\/regmik.ua\\\/product\\\/datchik-temperaturyi-s-unifitsirovannyim-vyihodnyim-signalom-s-klemmnoy-golovkoy-iz-dyuralyuminiya-modifikatsiya-003\\\/#primaryimage\"},\"image\":{\"@id\":\"https:\\\/\\\/regmik.ua\\\/product\\\/datchik-temperaturyi-s-unifitsirovannyim-vyihodnyim-signalom-s-klemmnoy-golovkoy-iz-dyuralyuminiya-modifikatsiya-003\\\/#primaryimage\"},\"thumbnailUrl\":\"https:\\\/\\\/regmik.ua\\\/wp-content\\\/uploads\\\/2017\\\/01\\\/Txx003D.png\",\"datePublished\":\"2017-01-26T13:47:43+00:00\",\"dateModified\":\"2024-01-05T14:19:09+00:00\",\"description\":\"\u0414\u0430\u0442\u0447\u0438\u043a\u0438 \u0442\u0435\u043c\u043f\u0435\u0440\u0430\u0442\u0443\u0440\u044b \u0441 \u0443\u043d\u0438\u0444\u0438\u0446\u0438\u0440\u043e\u0432\u0430\u043d\u043d\u044b\u043c \u0432\u044b\u0445\u043e\u0434\u043d\u044b\u043c \u0441\u0438\u0433\u043d\u0430\u043b\u043e\u043c \u043f\u043e\u0437\u0432\u043e\u043b\u044f\u044e\u0442 \u043f\u043e\u0434\u043a\u043b\u044e\u0447\u0430\u0442\u044c \u0434\u0430\u0442\u0447\u0438\u043a\u0438 \u0442\u0435\u043c\u043f\u0435\u0440\u0430\u0442\u0443\u0440\u044b \u043a \u043b\u044e\u0431\u044b\u043c \u043f\u0440\u0438\u0431\u043e\u0440\u0430\u043c \u0441\u043e \u0432\u0445\u043e\u0434\u0430\u043c\u0438 4..20\u043c\u0410 \u0438\u043b\u0438 RS-485.\",\"breadcrumb\":{\"@id\":\"https:\\\/\\\/regmik.ua\\\/product\\\/datchik-temperaturyi-s-unifitsirovannyim-vyihodnyim-signalom-s-klemmnoy-golovkoy-iz-dyuralyuminiya-modifikatsiya-003\\\/#breadcrumb\"},\"inLanguage\":\"pl-PL\",\"potentialAction\":[{\"@type\":\"ReadAction\",\"target\":[\"https:\\\/\\\/regmik.ua\\\/product\\\/datchik-temperaturyi-s-unifitsirovannyim-vyihodnyim-signalom-s-klemmnoy-golovkoy-iz-dyuralyuminiya-modifikatsiya-003\\\/\"]}]},{\"@type\":\"ImageObject\",\"inLanguage\":\"pl-PL\",\"@id\":\"https:\\\/\\\/regmik.ua\\\/product\\\/datchik-temperaturyi-s-unifitsirovannyim-vyihodnyim-signalom-s-klemmnoy-golovkoy-iz-dyuralyuminiya-modifikatsiya-003\\\/#primaryimage\",\"url\":\"https:\\\/\\\/regmik.ua\\\/wp-content\\\/uploads\\\/2017\\\/01\\\/Txx003D.png\",\"contentUrl\":\"https:\\\/\\\/regmik.ua\\\/wp-content\\\/uploads\\\/2017\\\/01\\\/Txx003D.png\",\"width\":800,\"height\":1024,\"caption\":\"\u0414\u0430\u0442\u0447\u0438\u043a \u0442\u0435\u043c\u043f\u0435\u0440\u0430\u0442\u0443\u0440\u044b \u0441 \u043a\u043b\u0435\u043c\u043c\u043d\u043e\u0439 \u0433\u043e\u043b\u043e\u0432\u043a\u043e\u0439 \u0438\u0437 \u0434\u044e\u0440\u0430\u043b\u044e\u043c\u0438\u043d\u0438\u044f (\u041c\u043e\u0434\u0438\u0444\u0438\u043a\u0430\u0446\u0438\u044f 003)\"},{\"@type\":\"BreadcrumbList\",\"@id\":\"https:\\\/\\\/regmik.ua\\\/product\\\/datchik-temperaturyi-s-unifitsirovannyim-vyihodnyim-signalom-s-klemmnoy-golovkoy-iz-dyuralyuminiya-modifikatsiya-003\\\/#breadcrumb\",\"itemListElement\":[{\"@type\":\"ListItem\",\"position\":1,\"name\":\"\u0413\u043b\u0430\u0432\u043d\u0430\u044f \u0441\u0442\u0440\u0430\u043d\u0438\u0446\u0430\",\"item\":\"https:\\\/\\\/regmik.ua\\\/\"},{\"@type\":\"ListItem\",\"position\":2,\"name\":\"\u041f\u0440\u043e\u0434\u0443\u043a\u0446\u0438\u044f\",\"item\":\"https:\\\/\\\/regmik.ua\\\/uk\\\/products\\\/\"},{\"@type\":\"ListItem\",\"position\":3,\"name\":\"\u0414\u0430\u0442\u0447\u0438\u043a \u0442\u0435\u043c\u043f\u0435\u0440\u0430\u0442\u0443\u0440\u044b \u0441 \u0443\u043d\u0438\u0444\u0438\u0446\u0438\u0440\u043e\u0432\u0430\u043d\u043d\u044b\u043c \u0432\u044b\u0445\u043e\u0434\u043d\u044b\u043c \u0441\u0438\u0433\u043d\u0430\u043b\u043e\u043c \u0422\u0425\u0410\u0423-003, \u0422\u0425\u041a\u0423-003, \u0422\u0416\u041a\u0423-003\"}]},{\"@type\":\"WebSite\",\"@id\":\"https:\\\/\\\/regmik.ua\\\/uk\\\/#website\",\"url\":\"https:\\\/\\\/regmik.ua\\\/uk\\\/\",\"name\":\"REGMIK\",\"description\":\"\u0418\u0437\u043c\u0435\u0440\u0438\u0442\u0435\u043b\u044c\u043d\u044b\u0435 \u043f\u0440\u0438\u0431\u043e\u0440\u044b \u0438 \u0434\u0430\u0442\u0447\u0438\u043a\u0438 \u0442\u0435\u043c\u043f\u0435\u0440\u0430\u0442\u0443\u0440\u044b\",\"publisher\":{\"@id\":\"https:\\\/\\\/regmik.ua\\\/uk\\\/#organization\"},\"alternateName\":\"REGMIK\",\"potentialAction\":[{\"@type\":\"SearchAction\",\"target\":{\"@type\":\"EntryPoint\",\"urlTemplate\":\"https:\\\/\\\/regmik.ua\\\/uk\\\/?s={search_term_string}\"},\"query-input\":{\"@type\":\"PropertyValueSpecification\",\"valueRequired\":true,\"valueName\":\"search_term_string\"}}],\"inLanguage\":\"pl-PL\"},{\"@type\":\"Organization\",\"@id\":\"https:\\\/\\\/regmik.ua\\\/uk\\\/#organization\",\"name\":\"REGMIK\",\"alternateName\":\"\u0420\u0415\u0413\u041c\u0418\u041a\",\"url\":\"https:\\\/\\\/regmik.ua\\\/uk\\\/\",\"logo\":{\"@type\":\"ImageObject\",\"inLanguage\":\"pl-PL\",\"@id\":\"https:\\\/\\\/regmik.ua\\\/uk\\\/#\\\/schema\\\/logo\\\/image\\\/\",\"url\":\"https:\\\/\\\/regmik.ua\\\/wp-content\\\/uploads\\\/2020\\\/03\\\/regmik_logo.png\",\"contentUrl\":\"https:\\\/\\\/regmik.ua\\\/wp-content\\\/uploads\\\/2020\\\/03\\\/regmik_logo.png\",\"width\":194,\"height\":45,\"caption\":\"REGMIK\"},\"image\":{\"@id\":\"https:\\\/\\\/regmik.ua\\\/uk\\\/#\\\/schema\\\/logo\\\/image\\\/\"},\"sameAs\":[\"https:\\\/\\\/www.facebook.com\\\/regmik.npf\",\"https:\\\/\\\/x.com\\\/regmiknpf\",\"https:\\\/\\\/www.youtube.com\\\/channel\\\/UC_SrY98SKAmR3Kt95GcVKcw\"]}]}<\/script>","yoast_head_json":{"title":"\u0420\u0415\u0413\u041c\u0406\u041a, \u041d\u0412\u0424, \u041f\u041f \u0414\u0430\u0442\u0447\u0438\u043a \u0442\u0435\u043c\u043f\u0435\u0440\u0430\u0442\u0443\u0440\u044b \u0441 \u0443\u043d\u0438\u0444\u0438\u0446\u0438\u0440\u043e\u0432\u0430\u043d\u043d\u044b\u043c \u0432\u044b\u0445\u043e\u0434\u043d\u044b\u043c \u0441\u0438\u0433\u043d\u0430\u043b\u043e\u043c","description":"Czujniki temperatury z ujednoliconym sygna\u0142em wyj\u015bciowym pozwalaj\u0105 na pod\u0142\u0105czenie czujnik\u00f3w temperatury do dowolnych urz\u0105dze\u0144 z wej\u015bciami 4..20mA lub RS-485.","robots":{"index":"index","follow":"follow","max-snippet":"max-snippet:-1","max-image-preview":"max-image-preview:large","max-video-preview":"max-video-preview:-1"},"canonical":"https:\/\/regmik.ua\/pl\/product\/datchik-temperaturyi-s-unifitsirovannyim-vyihodnyim-signalom-s-klemmnoy-golovkoy-iz-dyuralyuminiya-modifikatsiya-003\/","schema":{"@context":"https:\/\/schema.org","@graph":[{"@type":"WebPage","@id":"https:\/\/regmik.ua\/product\/datchik-temperaturyi-s-unifitsirovannyim-vyihodnyim-signalom-s-klemmnoy-golovkoy-iz-dyuralyuminiya-modifikatsiya-003\/","url":"https:\/\/regmik.ua\/product\/datchik-temperaturyi-s-unifitsirovannyim-vyihodnyim-signalom-s-klemmnoy-golovkoy-iz-dyuralyuminiya-modifikatsiya-003\/","name":"\u0420\u0415\u0413\u041c\u0406\u041a, \u041d\u0412\u0424, \u041f\u041f \u0414\u0430\u0442\u0447\u0438\u043a \u0442\u0435\u043c\u043f\u0435\u0440\u0430\u0442\u0443\u0440\u044b \u0441 \u0443\u043d\u0438\u0444\u0438\u0446\u0438\u0440\u043e\u0432\u0430\u043d\u043d\u044b\u043c \u0432\u044b\u0445\u043e\u0434\u043d\u044b\u043c \u0441\u0438\u0433\u043d\u0430\u043b\u043e\u043c","isPartOf":{"@id":"https:\/\/regmik.ua\/uk\/#website"},"primaryImageOfPage":{"@id":"https:\/\/regmik.ua\/product\/datchik-temperaturyi-s-unifitsirovannyim-vyihodnyim-signalom-s-klemmnoy-golovkoy-iz-dyuralyuminiya-modifikatsiya-003\/#primaryimage"},"image":{"@id":"https:\/\/regmik.ua\/product\/datchik-temperaturyi-s-unifitsirovannyim-vyihodnyim-signalom-s-klemmnoy-golovkoy-iz-dyuralyuminiya-modifikatsiya-003\/#primaryimage"},"thumbnailUrl":"https:\/\/regmik.ua\/wp-content\/uploads\/2017\/01\/Txx003D.png","datePublished":"2017-01-26T13:47:43+00:00","dateModified":"2024-01-05T14:19:09+00:00","description":"Czujniki temperatury z ujednoliconym sygna\u0142em wyj\u015bciowym pozwalaj\u0105 na pod\u0142\u0105czenie czujnik\u00f3w temperatury do dowolnych urz\u0105dze\u0144 z wej\u015bciami 4..20mA lub RS-485.","breadcrumb":{"@id":"https:\/\/regmik.ua\/product\/datchik-temperaturyi-s-unifitsirovannyim-vyihodnyim-signalom-s-klemmnoy-golovkoy-iz-dyuralyuminiya-modifikatsiya-003\/#breadcrumb"},"inLanguage":"pl-PL","potentialAction":[{"@type":"ReadAction","target":["https:\/\/regmik.ua\/product\/datchik-temperaturyi-s-unifitsirovannyim-vyihodnyim-signalom-s-klemmnoy-golovkoy-iz-dyuralyuminiya-modifikatsiya-003\/"]}]},{"@type":"ImageObject","inLanguage":"pl-PL","@id":"https:\/\/regmik.ua\/product\/datchik-temperaturyi-s-unifitsirovannyim-vyihodnyim-signalom-s-klemmnoy-golovkoy-iz-dyuralyuminiya-modifikatsiya-003\/#primaryimage","url":"https:\/\/regmik.ua\/wp-content\/uploads\/2017\/01\/Txx003D.png","contentUrl":"https:\/\/regmik.ua\/wp-content\/uploads\/2017\/01\/Txx003D.png","width":800,"height":1024,"caption":"\u0414\u0430\u0442\u0447\u0438\u043a \u0442\u0435\u043c\u043f\u0435\u0440\u0430\u0442\u0443\u0440\u044b \u0441 \u043a\u043b\u0435\u043c\u043c\u043d\u043e\u0439 \u0433\u043e\u043b\u043e\u0432\u043a\u043e\u0439 \u0438\u0437 \u0434\u044e\u0440\u0430\u043b\u044e\u043c\u0438\u043d\u0438\u044f (\u041c\u043e\u0434\u0438\u0444\u0438\u043a\u0430\u0446\u0438\u044f 003)"},{"@type":"BreadcrumbList","@id":"https:\/\/regmik.ua\/product\/datchik-temperaturyi-s-unifitsirovannyim-vyihodnyim-signalom-s-klemmnoy-golovkoy-iz-dyuralyuminiya-modifikatsiya-003\/#breadcrumb","itemListElement":[{"@type":"ListItem","position":1,"name":"\u0413\u043b\u0430\u0432\u043d\u0430\u044f \u0441\u0442\u0440\u0430\u043d\u0438\u0446\u0430","item":"https:\/\/regmik.ua\/"},{"@type":"ListItem","position":2,"name":"\u041f\u0440\u043e\u0434\u0443\u043a\u0446\u0438\u044f","item":"https:\/\/regmik.ua\/uk\/products\/"},{"@type":"ListItem","position":3,"name":"\u0414\u0430\u0442\u0447\u0438\u043a \u0442\u0435\u043c\u043f\u0435\u0440\u0430\u0442\u0443\u0440\u044b \u0441 \u0443\u043d\u0438\u0444\u0438\u0446\u0438\u0440\u043e\u0432\u0430\u043d\u043d\u044b\u043c \u0432\u044b\u0445\u043e\u0434\u043d\u044b\u043c \u0441\u0438\u0433\u043d\u0430\u043b\u043e\u043c \u0422\u0425\u0410\u0423-003, \u0422\u0425\u041a\u0423-003, \u0422\u0416\u041a\u0423-003"}]},{"@type":"WebSite","@id":"https:\/\/regmik.ua\/uk\/#website","url":"https:\/\/regmik.ua\/uk\/","name":"REGMIK","description":"Przyrz\u0105dy pomiarowe i czujniki temperatury","publisher":{"@id":"https:\/\/regmik.ua\/uk\/#organization"},"alternateName":"REGMIK","potentialAction":[{"@type":"SearchAction","target":{"@type":"EntryPoint","urlTemplate":"https:\/\/regmik.ua\/uk\/?s={search_term_string}"},"query-input":{"@type":"PropertyValueSpecification","valueRequired":true,"valueName":"search_term_string"}}],"inLanguage":"pl-PL"},{"@type":"Organization","@id":"https:\/\/regmik.ua\/uk\/#organization","name":"REGMIK","alternateName":"\u0420\u0415\u0413\u041c\u0418\u041a","url":"https:\/\/regmik.ua\/uk\/","logo":{"@type":"ImageObject","inLanguage":"pl-PL","@id":"https:\/\/regmik.ua\/uk\/#\/schema\/logo\/image\/","url":"https:\/\/regmik.ua\/wp-content\/uploads\/2020\/03\/regmik_logo.png","contentUrl":"https:\/\/regmik.ua\/wp-content\/uploads\/2020\/03\/regmik_logo.png","width":194,"height":45,"caption":"REGMIK"},"image":{"@id":"https:\/\/regmik.ua\/uk\/#\/schema\/logo\/image\/"},"sameAs":["https:\/\/www.facebook.com\/regmik.npf","https:\/\/x.com\/regmiknpf","https:\/\/www.youtube.com\/channel\/UC_SrY98SKAmR3Kt95GcVKcw"]}]}},"_links":{"self":[{"href":"https:\/\/regmik.ua\/pl\/wp-json\/wp\/v2\/product\/16547","targetHints":{"allow":["GET"]}}],"collection":[{"href":"https:\/\/regmik.ua\/pl\/wp-json\/wp\/v2\/product"}],"about":[{"href":"https:\/\/regmik.ua\/pl\/wp-json\/wp\/v2\/types\/product"}],"replies":[{"embeddable":true,"href":"https:\/\/regmik.ua\/pl\/wp-json\/wp\/v2\/comments?post=16547"}],"version-history":[{"count":0,"href":"https:\/\/regmik.ua\/pl\/wp-json\/wp\/v2\/product\/16547\/revisions"}],"wp:featuredmedia":[{"embeddable":true,"href":"https:\/\/regmik.ua\/pl\/wp-json\/wp\/v2\/media\/16203"}],"wp:attachment":[{"href":"https:\/\/regmik.ua\/pl\/wp-json\/wp\/v2\/media?parent=16547"}],"wp:term":[{"taxonomy":"product_brand","embeddable":true,"href":"https:\/\/regmik.ua\/pl\/wp-json\/wp\/v2\/product_brand?post=16547"},{"taxonomy":"product_cat","embeddable":true,"href":"https:\/\/regmik.ua\/pl\/wp-json\/wp\/v2\/product_cat?post=16547"},{"taxonomy":"product_tag","embeddable":true,"href":"https:\/\/regmik.ua\/pl\/wp-json\/wp\/v2\/product_tag?post=16547"}],"curies":[{"name":"wp","href":"https:\/\/api.w.org\/{rel}","templated":true}]}}