{"id":15323,"date":"2016-12-26T11:24:52","date_gmt":"2016-12-26T09:24:52","guid":{"rendered":"\/\/index.php\/product\/izmeriteli-indikatoryi-avariynyih-signalov-s-funktsiey-gsm-loggera-i4l-gsm-i8l-gsm-i16l-gsm\/"},"modified":"2023-10-16T20:25:29","modified_gmt":"2023-10-16T17:25:29","slug":"izmeriteli-indikatoryi-avariynyih-signalov-s-funktsiey-gsm-loggera-i4l-gsm-i8l-gsm-i16l-gsm-i32l-gsm","status":"publish","type":"product","link":"https:\/\/regmik.ua\/pl\/product\/izmeriteli-indikatoryi-avariynyih-signalov-s-funktsiey-gsm-loggera-i4l-gsm-i8l-gsm-i16l-gsm-i32l-gsm\/","title":{"rendered":"Mierniki \/ wska\u017aniki alarm\u00f3w z funkcj\u0105 rejestratora GSM (I4l-GSM, I8l-GSM, I16l-GSM, I32l-GSM)"},"content":{"rendered":"<p>Mierniki \/ wska\u017aniki alarm\u00f3w z funkcj\u0105 rejestratora GSM s\u0105 przeznaczone do wsp\u00f3\u0142pracy z czujnikami posiadaj\u0105cymi wyj\u015bcie RS-485 (protok\u00f3\u0142 ModBus RTU) i wy\u015bwietlaj\u0105 zmierzone warto\u015bci na wy\u015bwietlaczu ciek\u0142okrystalicznym. Rejestratory GSM mog\u0105 mie\u0107 4, 8, 16 lub 32 kana\u0142y.<\/p>\n<h3>Og\u00f3lne funkcje i tryby pracy<\/h3>\n<ul>\n<li>wskazanie warto\u015bci mierzonych za pomoc\u0105 czujnik\u00f3w z wyj\u015bciem RS-485 od 1 do 32 kana\u0142\u00f3w;<\/li>\n<li>tworzenie si\u0119 sygna\u0142u \u201eAlarm\u201d, gdy kontrolowany parametr przekroczy dopuszczalne warto\u015bci;<\/li>\n<li>wysy\u0142anie wiadomo\u015bci SMS w nag\u0142ych przypadkach na okre\u015blone numery;<\/li>\n<li>dzwonienie do abonenta w nag\u0142ych przypadkach;<\/li>\n<li>zapis mierzonych warto\u015bci w nieulotnej pami\u0119ci w okre\u015blonych odst\u0119pach czasu;<\/li>\n<li>wbudowany cyfrowy zegar czasu rzeczywistego (przechowywanie zmierzonych warto\u015bci z odniesieniem do czasu);<\/li>\n<li>automatyczna korekta godzin dziennie przez okre\u015blony czas;<\/li>\n<li>wymiana danych z komputerem osobistym (ustawienie parametr\u00f3w wewn\u0119trznych) poprzez interfejs USB;<\/li>\n<li>transfer danych do serwera FTP przy u\u017cyciu po\u0142\u0105czenia GPRS;<\/li>\n<li>w\u0142\u0105czenie urz\u0105dzenia wyj\u015bciowego w przypadku awarii;<\/li>\n<li>sterowanie urz\u0105dzeniem wyj\u015bciowym poprzez SMS;<\/li>\n<li>mo\u017cliwo\u015b\u0107 wysy\u0142ania statusu SMS na \u017c\u0105danie SMS;<\/li>\n<li>zasilanie ze \u017ar\u00f3d\u0142a napi\u0119cia sta\u0142ego 24V.<\/li>\n<li>4-kana\u0142owe urz\u0105dzenie mo\u017ce przechowywa\u0107 w pami\u0119ci wewn\u0119trznej 59500 warto\u015bci;<\/li>\n<li>8-kana\u0142owe urz\u0105dzenie mo\u017ce przechowywa\u0107 w pami\u0119ci wewn\u0119trznej 59500 warto\u015bci;<\/li>\n<li>16-kana\u0142owe urz\u0105dzenie mo\u017ce przechowywa\u0107 w pami\u0119ci wewn\u0119trznej 53200 warto\u015bci;<\/li>\n<li>32-kana\u0142owe urz\u0105dzenie mo\u017ce przechowywa\u0107 28650 warto\u015bci w pami\u0119ci wewn\u0119trznej;<\/li>\n<\/ul>","protected":false},"excerpt":{"rendered":"<p>Mierniki \/ wska\u017aniki alarm\u00f3w z funkcj\u0105 rejestratora GSM przeznaczone s\u0105 do wsp\u00f3\u0142pracy z czujnikami posiadaj\u0105cymi interfejs RS-485 (protok\u00f3\u0142 ModBus RTU) i pozwalaj\u0105 w nag\u0142ych przypadkach na wykonywanie po\u0142\u0105cze\u0144 i (lub) wysy\u0142anie wiadomo\u015bci SMS na okre\u015blone numery telefon\u00f3w.<\/p>","protected":false},"featured_media":15392,"comment_status":"open","ping_status":"closed","template":"","meta":[],"product_brand":[],"product_cat":[59,60],"product_tag":[599,600,94,88,598,356,91],"class_list":{"0":"post-15323","1":"product","2":"type-product","3":"status-publish","4":"has-post-thumbnail","6":"product_cat-gsm","7":"product_cat-logger","8":"product_tag-gsm","9":"product_tag-rs-485","10":"product_tag-avariya","11":"product_tag-izmeritel","12":"product_tag-indikator","13":"product_tag-logger","14":"product_tag-obekt","15":"pa_number-of-inputs-248","16":"pa_number-of-inputs-3378","17":"pa_number-of-inputs-246","18":"pa_number-of-inputs-247","19":"pa_number-of-outputs-249","20":"pa_outputs1-r","21":"pa_power-supply-ip24","22":"pa_rs485-rs485i","23":"pa_types-of-inputs-rs485","26":"instock","27":"shipping-taxable","28":"purchasable","29":"product-type-variable","30":"has-default-attributes"},"yoast_head":"<title>\u0418\u0437\u043c\u0435\u0440\u0438\u0442\u0435\u043b\u0438\/\u0438\u043d\u0434\u0438\u043a\u0430\u0442\u043e\u0440\u044b \u0430\u0432\u0430\u0440\u0438\u0439\u043d\u044b\u0445 \u0441\u0438\u0433\u043d\u0430\u043b\u043e\u0432 \u0441 \u0444\u0443\u043d\u043a\u0446\u0438\u0435\u0439 GSM-\u043b\u043e\u0433\u0433\u0435\u0440\u0430 \u04184\u043b-GSM, \u04188\u043b-GSM, \u041816\u043b-GSM, \u041832\u043b-GSM &#8211; \u0420\u0415\u0413\u041c\u0406\u041a, \u041d\u0412\u0424, \u041f\u041f (\u0418\u0437\u0433\u043e\u0442\u043e\u0432\u043b\u0435\u043d\u043e \u0432 \u0423\u043a\u0440\u0430\u0438\u043d\u0435)<\/title>\n<meta name=\"description\" content=\"\u0418\u0437\u043c\u0435\u0440\u0438\u0442\u0435\u043b\u0438\/\u0438\u043d\u0434\u0438\u043a\u0430\u0442\u043e\u0440\u044b \u0430\u0432\u0430\u0440\u0438\u0439\u043d\u044b\u0445 \u0441\u0438\u0433\u043d\u0430\u043b\u043e\u0432 \u0441 \u0444\u0443\u043d\u043a\u0446\u0438\u0435\u0439 GSM-\u043b\u043e\u0433\u0433\u0435\u0440\u0430 \u043f\u0440\u0435\u0434\u043d\u0430\u0437\u043d\u0430\u0447\u0435\u043d\u044b \u0434\u043b\u044f \u0440\u0430\u0431\u043e\u0442\u044b \u0441 \u0434\u0430\u0442\u0447\u0438\u043a\u0430\u043c\u0438, \u043a\u043e\u0442\u043e\u0440\u044b\u0435 \u0438\u043c\u0435\u044e\u0442 \u0438\u043d\u0442\u0435\u0440\u0444\u0435\u0439\u0441 RS-485 (\u043f\u0440\u043e\u0442\u043e\u043a\u043e\u043b ModBus RTU) \u0438 \u043f\u043e\u0437\u0432\u043e\u043b\u044f\u044e\u0442 \u0432 \u0441\u043b\u0443\u0447\u0430\u0435 \u0430\u0432\u0430\u0440\u0438\u0439\u043d\u043e\u0439 \u0441\u0438\u0442\u0443\u0430\u0446\u0438\u0438 \u043e\u0441\u0443\u0449\u0435\u0441\u0442\u0432\u043b\u044f\u0442\u044c \u0437\u0432\u043e\u043d\u043a\u0438 \u0438 (\u0438\u043b\u0438) \u043e\u0442\u043f\u0440\u0430\u0432\u043b\u044f\u0442\u044c \u0421\u041c\u0421 \u043d\u0430 \u0437\u0430\u0434\u0430\u043d\u043d\u044b\u0435 \u043d\u043e\u043c\u0435\u0440\u0430 \u0442\u0435\u043b\u0435\u0444\u043e\u043d\u043e\u0432.\" \/>\n<meta name=\"robots\" content=\"index, follow, max-snippet:-1, max-image-preview:large, max-video-preview:-1\" \/>\n<link rel=\"canonical\" href=\"https:\/\/regmik.ua\/pl\/product\/izmeriteli-indikatoryi-avariynyih-signalov-s-funktsiey-gsm-loggera-i4l-gsm-i8l-gsm-i16l-gsm-i32l-gsm\/\" \/>\n<script type=\"application\/ld+json\" class=\"yoast-schema-graph\">{\"@context\":\"https:\\\/\\\/schema.org\",\"@graph\":[{\"@type\":\"WebPage\",\"@id\":\"https:\\\/\\\/regmik.ua\\\/product\\\/izmeriteli-indikatoryi-avariynyih-signalov-s-funktsiey-gsm-loggera-i4l-gsm-i8l-gsm-i16l-gsm-i32l-gsm\\\/\",\"url\":\"https:\\\/\\\/regmik.ua\\\/product\\\/izmeriteli-indikatoryi-avariynyih-signalov-s-funktsiey-gsm-loggera-i4l-gsm-i8l-gsm-i16l-gsm-i32l-gsm\\\/\",\"name\":\"\u0418\u0437\u043c\u0435\u0440\u0438\u0442\u0435\u043b\u0438\\\/\u0438\u043d\u0434\u0438\u043a\u0430\u0442\u043e\u0440\u044b \u0430\u0432\u0430\u0440\u0438\u0439\u043d\u044b\u0445 \u0441\u0438\u0433\u043d\u0430\u043b\u043e\u0432 \u0441 \u0444\u0443\u043d\u043a\u0446\u0438\u0435\u0439 GSM-\u043b\u043e\u0433\u0433\u0435\u0440\u0430 \u04184\u043b-GSM, \u04188\u043b-GSM, \u041816\u043b-GSM, \u041832\u043b-GSM &#8211; \u0420\u0415\u0413\u041c\u0406\u041a, \u041d\u0412\u0424, \u041f\u041f (\u0418\u0437\u0433\u043e\u0442\u043e\u0432\u043b\u0435\u043d\u043e \u0432 \u0423\u043a\u0440\u0430\u0438\u043d\u0435)\",\"isPartOf\":{\"@id\":\"https:\\\/\\\/regmik.ua\\\/uk\\\/#website\"},\"primaryImageOfPage\":{\"@id\":\"https:\\\/\\\/regmik.ua\\\/product\\\/izmeriteli-indikatoryi-avariynyih-signalov-s-funktsiey-gsm-loggera-i4l-gsm-i8l-gsm-i16l-gsm-i32l-gsm\\\/#primaryimage\"},\"image\":{\"@id\":\"https:\\\/\\\/regmik.ua\\\/product\\\/izmeriteli-indikatoryi-avariynyih-signalov-s-funktsiey-gsm-loggera-i4l-gsm-i8l-gsm-i16l-gsm-i32l-gsm\\\/#primaryimage\"},\"thumbnailUrl\":\"https:\\\/\\\/regmik.ua\\\/wp-content\\\/uploads\\\/2016\\\/12\\\/GSM1.png\",\"datePublished\":\"2016-12-26T09:24:52+00:00\",\"dateModified\":\"2023-10-16T17:25:29+00:00\",\"description\":\"\u0418\u0437\u043c\u0435\u0440\u0438\u0442\u0435\u043b\u0438\\\/\u0438\u043d\u0434\u0438\u043a\u0430\u0442\u043e\u0440\u044b \u0430\u0432\u0430\u0440\u0438\u0439\u043d\u044b\u0445 \u0441\u0438\u0433\u043d\u0430\u043b\u043e\u0432 \u0441 \u0444\u0443\u043d\u043a\u0446\u0438\u0435\u0439 GSM-\u043b\u043e\u0433\u0433\u0435\u0440\u0430 \u043f\u0440\u0435\u0434\u043d\u0430\u0437\u043d\u0430\u0447\u0435\u043d\u044b \u0434\u043b\u044f \u0440\u0430\u0431\u043e\u0442\u044b \u0441 \u0434\u0430\u0442\u0447\u0438\u043a\u0430\u043c\u0438, \u043a\u043e\u0442\u043e\u0440\u044b\u0435 \u0438\u043c\u0435\u044e\u0442 \u0438\u043d\u0442\u0435\u0440\u0444\u0435\u0439\u0441 RS-485 (\u043f\u0440\u043e\u0442\u043e\u043a\u043e\u043b ModBus RTU) \u0438 \u043f\u043e\u0437\u0432\u043e\u043b\u044f\u044e\u0442 \u0432 \u0441\u043b\u0443\u0447\u0430\u0435 \u0430\u0432\u0430\u0440\u0438\u0439\u043d\u043e\u0439 \u0441\u0438\u0442\u0443\u0430\u0446\u0438\u0438 \u043e\u0441\u0443\u0449\u0435\u0441\u0442\u0432\u043b\u044f\u0442\u044c \u0437\u0432\u043e\u043d\u043a\u0438 \u0438 (\u0438\u043b\u0438) \u043e\u0442\u043f\u0440\u0430\u0432\u043b\u044f\u0442\u044c \u0421\u041c\u0421 \u043d\u0430 \u0437\u0430\u0434\u0430\u043d\u043d\u044b\u0435 \u043d\u043e\u043c\u0435\u0440\u0430 \u0442\u0435\u043b\u0435\u0444\u043e\u043d\u043e\u0432.\",\"breadcrumb\":{\"@id\":\"https:\\\/\\\/regmik.ua\\\/product\\\/izmeriteli-indikatoryi-avariynyih-signalov-s-funktsiey-gsm-loggera-i4l-gsm-i8l-gsm-i16l-gsm-i32l-gsm\\\/#breadcrumb\"},\"inLanguage\":\"pl-PL\",\"potentialAction\":[{\"@type\":\"ReadAction\",\"target\":[\"https:\\\/\\\/regmik.ua\\\/product\\\/izmeriteli-indikatoryi-avariynyih-signalov-s-funktsiey-gsm-loggera-i4l-gsm-i8l-gsm-i16l-gsm-i32l-gsm\\\/\"]}]},{\"@type\":\"ImageObject\",\"inLanguage\":\"pl-PL\",\"@id\":\"https:\\\/\\\/regmik.ua\\\/product\\\/izmeriteli-indikatoryi-avariynyih-signalov-s-funktsiey-gsm-loggera-i4l-gsm-i8l-gsm-i16l-gsm-i32l-gsm\\\/#primaryimage\",\"url\":\"https:\\\/\\\/regmik.ua\\\/wp-content\\\/uploads\\\/2016\\\/12\\\/GSM1.png\",\"contentUrl\":\"https:\\\/\\\/regmik.ua\\\/wp-content\\\/uploads\\\/2016\\\/12\\\/GSM1.png\",\"width\":800,\"height\":1024,\"caption\":\"\u0418\u0437\u043c\u0435\u0440\u0438\u0442\u0435\u043b\u0438\\\/\u0438\u043d\u0434\u0438\u043a\u0430\u0442\u043e\u0440\u044b \u0430\u0432\u0430\u0440\u0438\u0439\u043d\u044b\u0445 \u0441\u0438\u0433\u043d\u0430\u043b\u043e\u0432\"},{\"@type\":\"BreadcrumbList\",\"@id\":\"https:\\\/\\\/regmik.ua\\\/product\\\/izmeriteli-indikatoryi-avariynyih-signalov-s-funktsiey-gsm-loggera-i4l-gsm-i8l-gsm-i16l-gsm-i32l-gsm\\\/#breadcrumb\",\"itemListElement\":[{\"@type\":\"ListItem\",\"position\":1,\"name\":\"\u0413\u043b\u0430\u0432\u043d\u0430\u044f \u0441\u0442\u0440\u0430\u043d\u0438\u0446\u0430\",\"item\":\"https:\\\/\\\/regmik.ua\\\/\"},{\"@type\":\"ListItem\",\"position\":2,\"name\":\"\u041f\u0440\u043e\u0434\u0443\u043a\u0446\u0438\u044f\",\"item\":\"https:\\\/\\\/regmik.ua\\\/uk\\\/products\\\/\"},{\"@type\":\"ListItem\",\"position\":3,\"name\":\"\u0418\u0437\u043c\u0435\u0440\u0438\u0442\u0435\u043b\u0438\\\/\u0438\u043d\u0434\u0438\u043a\u0430\u0442\u043e\u0440\u044b \u0430\u0432\u0430\u0440\u0438\u0439\u043d\u044b\u0445 \u0441\u0438\u0433\u043d\u0430\u043b\u043e\u0432 \u0441 \u0444\u0443\u043d\u043a\u0446\u0438\u0435\u0439 GSM-\u043b\u043e\u0433\u0433\u0435\u0440\u0430 \u04184\u043b-GSM, \u04188\u043b-GSM, \u041816\u043b-GSM, \u041832\u043b-GSM\"}]},{\"@type\":\"WebSite\",\"@id\":\"https:\\\/\\\/regmik.ua\\\/uk\\\/#website\",\"url\":\"https:\\\/\\\/regmik.ua\\\/uk\\\/\",\"name\":\"REGMIK\",\"description\":\"\u0418\u0437\u043c\u0435\u0440\u0438\u0442\u0435\u043b\u044c\u043d\u044b\u0435 \u043f\u0440\u0438\u0431\u043e\u0440\u044b \u0438 \u0434\u0430\u0442\u0447\u0438\u043a\u0438 \u0442\u0435\u043c\u043f\u0435\u0440\u0430\u0442\u0443\u0440\u044b\",\"publisher\":{\"@id\":\"https:\\\/\\\/regmik.ua\\\/uk\\\/#organization\"},\"alternateName\":\"REGMIK\",\"potentialAction\":[{\"@type\":\"SearchAction\",\"target\":{\"@type\":\"EntryPoint\",\"urlTemplate\":\"https:\\\/\\\/regmik.ua\\\/uk\\\/?s={search_term_string}\"},\"query-input\":{\"@type\":\"PropertyValueSpecification\",\"valueRequired\":true,\"valueName\":\"search_term_string\"}}],\"inLanguage\":\"pl-PL\"},{\"@type\":\"Organization\",\"@id\":\"https:\\\/\\\/regmik.ua\\\/uk\\\/#organization\",\"name\":\"REGMIK\",\"alternateName\":\"\u0420\u0415\u0413\u041c\u0418\u041a\",\"url\":\"https:\\\/\\\/regmik.ua\\\/uk\\\/\",\"logo\":{\"@type\":\"ImageObject\",\"inLanguage\":\"pl-PL\",\"@id\":\"https:\\\/\\\/regmik.ua\\\/uk\\\/#\\\/schema\\\/logo\\\/image\\\/\",\"url\":\"https:\\\/\\\/regmik.ua\\\/wp-content\\\/uploads\\\/2020\\\/03\\\/regmik_logo.png\",\"contentUrl\":\"https:\\\/\\\/regmik.ua\\\/wp-content\\\/uploads\\\/2020\\\/03\\\/regmik_logo.png\",\"width\":194,\"height\":45,\"caption\":\"REGMIK\"},\"image\":{\"@id\":\"https:\\\/\\\/regmik.ua\\\/uk\\\/#\\\/schema\\\/logo\\\/image\\\/\"},\"sameAs\":[\"https:\\\/\\\/www.facebook.com\\\/regmik.npf\",\"https:\\\/\\\/x.com\\\/regmiknpf\",\"https:\\\/\\\/www.youtube.com\\\/channel\\\/UC_SrY98SKAmR3Kt95GcVKcw\"]}]}<\/script>","yoast_head_json":{"title":"\u0418\u0437\u043c\u0435\u0440\u0438\u0442\u0435\u043b\u0438\/\u0438\u043d\u0434\u0438\u043a\u0430\u0442\u043e\u0440\u044b \u0430\u0432\u0430\u0440\u0438\u0439\u043d\u044b\u0445 \u0441\u0438\u0433\u043d\u0430\u043b\u043e\u0432 \u0441 \u0444\u0443\u043d\u043a\u0446\u0438\u0435\u0439 GSM-\u043b\u043e\u0433\u0433\u0435\u0440\u0430 \u04184\u043b-GSM, \u04188\u043b-GSM, \u041816\u043b-GSM, \u041832\u043b-GSM &#8211; \u0420\u0415\u0413\u041c\u0406\u041a, \u041d\u0412\u0424, \u041f\u041f (\u0418\u0437\u0433\u043e\u0442\u043e\u0432\u043b\u0435\u043d\u043e \u0432 \u0423\u043a\u0440\u0430\u0438\u043d\u0435)","description":"Mierniki \/ wska\u017aniki alarm\u00f3w z funkcj\u0105 rejestratora GSM przeznaczone s\u0105 do wsp\u00f3\u0142pracy z czujnikami posiadaj\u0105cymi interfejs RS-485 (protok\u00f3\u0142 ModBus RTU) i pozwalaj\u0105 w nag\u0142ych przypadkach na wykonywanie po\u0142\u0105cze\u0144 i (lub) wysy\u0142anie wiadomo\u015bci SMS na okre\u015blone numery telefon\u00f3w.","robots":{"index":"index","follow":"follow","max-snippet":"max-snippet:-1","max-image-preview":"max-image-preview:large","max-video-preview":"max-video-preview:-1"},"canonical":"https:\/\/regmik.ua\/pl\/product\/izmeriteli-indikatoryi-avariynyih-signalov-s-funktsiey-gsm-loggera-i4l-gsm-i8l-gsm-i16l-gsm-i32l-gsm\/","schema":{"@context":"https:\/\/schema.org","@graph":[{"@type":"WebPage","@id":"https:\/\/regmik.ua\/product\/izmeriteli-indikatoryi-avariynyih-signalov-s-funktsiey-gsm-loggera-i4l-gsm-i8l-gsm-i16l-gsm-i32l-gsm\/","url":"https:\/\/regmik.ua\/product\/izmeriteli-indikatoryi-avariynyih-signalov-s-funktsiey-gsm-loggera-i4l-gsm-i8l-gsm-i16l-gsm-i32l-gsm\/","name":"\u0418\u0437\u043c\u0435\u0440\u0438\u0442\u0435\u043b\u0438\/\u0438\u043d\u0434\u0438\u043a\u0430\u0442\u043e\u0440\u044b \u0430\u0432\u0430\u0440\u0438\u0439\u043d\u044b\u0445 \u0441\u0438\u0433\u043d\u0430\u043b\u043e\u0432 \u0441 \u0444\u0443\u043d\u043a\u0446\u0438\u0435\u0439 GSM-\u043b\u043e\u0433\u0433\u0435\u0440\u0430 \u04184\u043b-GSM, \u04188\u043b-GSM, \u041816\u043b-GSM, \u041832\u043b-GSM &#8211; \u0420\u0415\u0413\u041c\u0406\u041a, \u041d\u0412\u0424, \u041f\u041f (\u0418\u0437\u0433\u043e\u0442\u043e\u0432\u043b\u0435\u043d\u043e \u0432 \u0423\u043a\u0440\u0430\u0438\u043d\u0435)","isPartOf":{"@id":"https:\/\/regmik.ua\/uk\/#website"},"primaryImageOfPage":{"@id":"https:\/\/regmik.ua\/product\/izmeriteli-indikatoryi-avariynyih-signalov-s-funktsiey-gsm-loggera-i4l-gsm-i8l-gsm-i16l-gsm-i32l-gsm\/#primaryimage"},"image":{"@id":"https:\/\/regmik.ua\/product\/izmeriteli-indikatoryi-avariynyih-signalov-s-funktsiey-gsm-loggera-i4l-gsm-i8l-gsm-i16l-gsm-i32l-gsm\/#primaryimage"},"thumbnailUrl":"https:\/\/regmik.ua\/wp-content\/uploads\/2016\/12\/GSM1.png","datePublished":"2016-12-26T09:24:52+00:00","dateModified":"2023-10-16T17:25:29+00:00","description":"Mierniki \/ wska\u017aniki alarm\u00f3w z funkcj\u0105 rejestratora GSM przeznaczone s\u0105 do wsp\u00f3\u0142pracy z czujnikami posiadaj\u0105cymi interfejs RS-485 (protok\u00f3\u0142 ModBus RTU) i pozwalaj\u0105 w nag\u0142ych przypadkach na wykonywanie po\u0142\u0105cze\u0144 i (lub) wysy\u0142anie wiadomo\u015bci SMS na okre\u015blone numery telefon\u00f3w.","breadcrumb":{"@id":"https:\/\/regmik.ua\/product\/izmeriteli-indikatoryi-avariynyih-signalov-s-funktsiey-gsm-loggera-i4l-gsm-i8l-gsm-i16l-gsm-i32l-gsm\/#breadcrumb"},"inLanguage":"pl-PL","potentialAction":[{"@type":"ReadAction","target":["https:\/\/regmik.ua\/product\/izmeriteli-indikatoryi-avariynyih-signalov-s-funktsiey-gsm-loggera-i4l-gsm-i8l-gsm-i16l-gsm-i32l-gsm\/"]}]},{"@type":"ImageObject","inLanguage":"pl-PL","@id":"https:\/\/regmik.ua\/product\/izmeriteli-indikatoryi-avariynyih-signalov-s-funktsiey-gsm-loggera-i4l-gsm-i8l-gsm-i16l-gsm-i32l-gsm\/#primaryimage","url":"https:\/\/regmik.ua\/wp-content\/uploads\/2016\/12\/GSM1.png","contentUrl":"https:\/\/regmik.ua\/wp-content\/uploads\/2016\/12\/GSM1.png","width":800,"height":1024,"caption":"\u0418\u0437\u043c\u0435\u0440\u0438\u0442\u0435\u043b\u0438\/\u0438\u043d\u0434\u0438\u043a\u0430\u0442\u043e\u0440\u044b \u0430\u0432\u0430\u0440\u0438\u0439\u043d\u044b\u0445 \u0441\u0438\u0433\u043d\u0430\u043b\u043e\u0432"},{"@type":"BreadcrumbList","@id":"https:\/\/regmik.ua\/product\/izmeriteli-indikatoryi-avariynyih-signalov-s-funktsiey-gsm-loggera-i4l-gsm-i8l-gsm-i16l-gsm-i32l-gsm\/#breadcrumb","itemListElement":[{"@type":"ListItem","position":1,"name":"\u0413\u043b\u0430\u0432\u043d\u0430\u044f \u0441\u0442\u0440\u0430\u043d\u0438\u0446\u0430","item":"https:\/\/regmik.ua\/"},{"@type":"ListItem","position":2,"name":"\u041f\u0440\u043e\u0434\u0443\u043a\u0446\u0438\u044f","item":"https:\/\/regmik.ua\/uk\/products\/"},{"@type":"ListItem","position":3,"name":"\u0418\u0437\u043c\u0435\u0440\u0438\u0442\u0435\u043b\u0438\/\u0438\u043d\u0434\u0438\u043a\u0430\u0442\u043e\u0440\u044b \u0430\u0432\u0430\u0440\u0438\u0439\u043d\u044b\u0445 \u0441\u0438\u0433\u043d\u0430\u043b\u043e\u0432 \u0441 \u0444\u0443\u043d\u043a\u0446\u0438\u0435\u0439 GSM-\u043b\u043e\u0433\u0433\u0435\u0440\u0430 \u04184\u043b-GSM, \u04188\u043b-GSM, \u041816\u043b-GSM, \u041832\u043b-GSM"}]},{"@type":"WebSite","@id":"https:\/\/regmik.ua\/uk\/#website","url":"https:\/\/regmik.ua\/uk\/","name":"REGMIK","description":"Przyrz\u0105dy pomiarowe i czujniki temperatury","publisher":{"@id":"https:\/\/regmik.ua\/uk\/#organization"},"alternateName":"REGMIK","potentialAction":[{"@type":"SearchAction","target":{"@type":"EntryPoint","urlTemplate":"https:\/\/regmik.ua\/uk\/?s={search_term_string}"},"query-input":{"@type":"PropertyValueSpecification","valueRequired":true,"valueName":"search_term_string"}}],"inLanguage":"pl-PL"},{"@type":"Organization","@id":"https:\/\/regmik.ua\/uk\/#organization","name":"REGMIK","alternateName":"\u0420\u0415\u0413\u041c\u0418\u041a","url":"https:\/\/regmik.ua\/uk\/","logo":{"@type":"ImageObject","inLanguage":"pl-PL","@id":"https:\/\/regmik.ua\/uk\/#\/schema\/logo\/image\/","url":"https:\/\/regmik.ua\/wp-content\/uploads\/2020\/03\/regmik_logo.png","contentUrl":"https:\/\/regmik.ua\/wp-content\/uploads\/2020\/03\/regmik_logo.png","width":194,"height":45,"caption":"REGMIK"},"image":{"@id":"https:\/\/regmik.ua\/uk\/#\/schema\/logo\/image\/"},"sameAs":["https:\/\/www.facebook.com\/regmik.npf","https:\/\/x.com\/regmiknpf","https:\/\/www.youtube.com\/channel\/UC_SrY98SKAmR3Kt95GcVKcw"]}]}},"_links":{"self":[{"href":"https:\/\/regmik.ua\/pl\/wp-json\/wp\/v2\/product\/15323","targetHints":{"allow":["GET"]}}],"collection":[{"href":"https:\/\/regmik.ua\/pl\/wp-json\/wp\/v2\/product"}],"about":[{"href":"https:\/\/regmik.ua\/pl\/wp-json\/wp\/v2\/types\/product"}],"replies":[{"embeddable":true,"href":"https:\/\/regmik.ua\/pl\/wp-json\/wp\/v2\/comments?post=15323"}],"version-history":[{"count":0,"href":"https:\/\/regmik.ua\/pl\/wp-json\/wp\/v2\/product\/15323\/revisions"}],"wp:featuredmedia":[{"embeddable":true,"href":"https:\/\/regmik.ua\/pl\/wp-json\/wp\/v2\/media\/15392"}],"wp:attachment":[{"href":"https:\/\/regmik.ua\/pl\/wp-json\/wp\/v2\/media?parent=15323"}],"wp:term":[{"taxonomy":"product_brand","embeddable":true,"href":"https:\/\/regmik.ua\/pl\/wp-json\/wp\/v2\/product_brand?post=15323"},{"taxonomy":"product_cat","embeddable":true,"href":"https:\/\/regmik.ua\/pl\/wp-json\/wp\/v2\/product_cat?post=15323"},{"taxonomy":"product_tag","embeddable":true,"href":"https:\/\/regmik.ua\/pl\/wp-json\/wp\/v2\/product_tag?post=15323"}],"curies":[{"name":"wp","href":"https:\/\/api.w.org\/{rel}","templated":true}]}}