{"id":14745,"date":"2016-11-07T08:03:45","date_gmt":"2016-11-07T06:03:45","guid":{"rendered":"http:\/\/test.regmik.com.ua\/index.php\/product\/datchik-urovnja-modifikacija-du-002\/"},"modified":"2023-11-23T15:42:40","modified_gmt":"2023-11-23T13:42:40","slug":"datchik-urovnja-modifikacija-du-002","status":"publish","type":"product","link":"https:\/\/regmik.ua\/pl\/product\/datchik-urovnja-modifikacija-du-002\/","title":{"rendered":"Czujnik poziomu DU-002"},"content":{"rendered":"<p><a href=\"regmik.ua\/product-category\/sensors\/level-sensors\/\">Czujniki poziomu<\/a>\u00a0 DU-002 s\u0105 przeznaczone do sygnalizacji poziomu <a href=\"https:\/\/ru.wikipedia.org\/wiki\/%D0%AD%D0%BB%D0%B5%D0%BA%D1%82%D1%80%D0%BE%D0%BF%D1%80%D0%BE%D0%B2%D0%BE%D0%B4%D0%BD%D0%BE%D1%81%D1%82%D1%8C\">ciecze elektroprzewodz\u0105ce<\/a> (woda, mleko, produkty spo\u017cywcze - lekko kwa\u015bne, zasadowe itp.).<\/p>\n<p>Czujnik poziomu DU-002 w najprostszej postaci wykonany jest z elektrod ze stali nierdzewnej, z kt\u00f3rych jedna s\u0142u\u017cy jako wsp\u00f3lna w obwodzie steruj\u0105cym i jest zamontowany w zbiorniku tak, \u017ce jego cz\u0119\u015b\u0107 robocza ma sta\u0142y kontakt z ciecz\u0105, w szczeg\u00f3lno\u015bci przewodz\u0105cy korpus zbiornika mo\u017ce sta\u0107 si\u0119 wsp\u00f3ln\u0105 elektrod\u0105 z p\u0142ynem. Inne elektrody b\u0119d\u0105 sygnalizowa\u0107 i znajduj\u0105 si\u0119 na pewnych poziomach, kt\u00f3re wymagaj\u0105 monitorowania.<\/p>\n<p>Czujniki poziomu z jedn\u0105 elektrod\u0105 nadaj\u0105 si\u0119 do stosowania w zamkni\u0119tych lub otwartych metalowych pojemnikach.<\/p>\n<p>Konduktometryczny czujnik poziomu DU-002 produkowany jest z gwintami monta\u017cowymi: metrycznym wg GOST 24705, rurowym cylindrycznym wg GOST 6357 i sto\u017ckowym calowym wg GOST 6111. Na \u017cyczenie Klienta gwint monta\u017cowy mo\u017ce by\u0107 wykonany wed\u0142ug innych norm.<\/p>\n<p>Do monta\u017cu na miejscu czujniki poziomu maj\u0105 standardowe gwinty M20x1,5, M16x1,5 lub G1 \/ 2.<br \/>\nMo\u017cliwy jest monta\u017c konduktometrycznego czujnika poziomu ze z\u0142\u0105czem DU-002 zar\u00f3wno w poziomie, jak iw pionie.<br \/>\nAby przed\u0142u\u017cy\u0107 cz\u0119\u015b\u0107 robocz\u0105 elektrod czujnika poziomu przez u\u017cytkownika, na ko\u0144cu elektrody zapewniono gwint.<\/p>\n<p>Konduktometryczne czujniki poziomu wykonane s\u0105 ze stali 12\u042518\u041d10\u0422 zgodnie z GOST 5632. Na \u017cyczenie Klienta istnieje mo\u017cliwo\u015b\u0107 wykonania tulejek termometrycznych z innych stali.<\/p>\n<p><strong>AISI 321 12\u042518\u041d10\u0422 08\u042518\u041d10\u0422\u00a0<\/strong>Stal \u017caroodporna, odporna na korozj\u0119 i \u017caroodporno\u015b\u0107 w klasie austenitycznej. Posiada wysok\u0105 wytrzyma\u0142o\u015b\u0107 i trwa\u0142o\u015b\u0107. Jest stosowany w temperaturach do 600 \u00b0 \u0421, aw bardzo agresywnych \u015brodowiskach do 350 \u00b0 \u0421.<br \/>\n<strong>AISI 304 08-18\u041d10\u00a0<\/strong>\u017baroodporna, odporna na korozj\u0119 stal austenityczna. Stosowany jest w temperaturach do 400 \u00b0 C w mediach o \u015bredniej aktywno\u015bci.<br \/>\n<strong>AISI 316L 03\u042517\u041d14\u041c3\u00a0<\/strong>Stal austenityczna odporna na korozj\u0119. Jest stosowany w temperaturach do 450 \u00b0 C w wi\u0119kszo\u015bci agresywnych \u015brodowisk.<br \/>\n<strong>AISI 316Ti 10\u042517\u041d13\u041c2\u0422\u00a0<\/strong>Stal austenityczna odporna na korozj\u0119. Jest stosowany w temperaturach do 600 \u00b0 C w bardzo agresywnych \u015brodowiskach.<br \/>\n<strong>AISI 430 12X17\u00a0<\/strong>\u017baroodporna, odporna na korozj\u0119 stal ferrytyczna. Jest stosowany w temperaturach do 400 \u00b0 C w lekko agresywnych \u015brodowiskach.<br \/>\n<strong>12X1MF\u00a0<\/strong>Stal \u017caroodporna perlityczna odporna na d\u0142ugotrwa\u0142e dzia\u0142anie wysokich temperatur. Jest stosowany w temperaturach do 600 \u00b0 C.<\/p>\n<p>\u015arednica elektrody 6 mm.<br \/>\nCzujniki poziomu Du-002 produkowane s\u0105 z regulowan\u0105 temperatur\u0105 medium do 125 \u00b0 C i \u015brednim ci\u015bnieniem roboczym do 0,8 MPa.<br \/>\nW\u0142a\u015bciwa przewodno\u015b\u0107 elektryczna medium musi wynosi\u0107 co najmniej 0,015 S \/ m.<\/p>\n<table class=\"reg-product-table\">\n<tbody>\n<tr>\n<th>Opis cech<\/th>\n<th>Warto\u015b\u0107 warto\u015bci<\/th>\n<\/tr>\n<tr>\n<td>Temperatura pracy, \u00b0 \u0421<\/td>\n<td style=\"text-align: center;\">0 ... 125<\/td>\n<\/tr>\n<tr>\n<td>Ci\u015bnienie robocze, MPa<\/td>\n<td style=\"text-align: center;\">0,8<\/td>\n<\/tr>\n<tr>\n<td>\u015arednica elektrody, mm<\/td>\n<td style=\"text-align: center;\">6<\/td>\n<\/tr>\n<tr>\n<td>Materia\u0142 po\u0142\u0105czenia<\/td>\n<td>stal nierdzewna 12\u042518\u041d10\u0422<\/td>\n<\/tr>\n<\/tbody>\n<\/table>\n<div id=\"product-related\" class=\"related products tbay-element tbay-element-product\">\n<div class=\"tbay-element-content woocommerce\">\n<div class=\"owl-carousel products related row-1 slick-initialized slick-slider\" data-items=\"4\" data-desktopslick=\"4\" data-desktopsmallslick=\"4\" data-tabletslick=\"3\" data-landscapeslick=\"2\" data-mobileslick=\"2\" data-carousel=\"owl\" data-rows=\"1\" data-nav=\"1\" data-pagination=\"\" data-loop=\"\" data-auto=\"\" data-unslick=\"\">\n<div class=\"slick-list draggable\">\n<div class=\"slick-track\">\n<div class=\"item slick-slide slick-current slick-active\" data-slick-index=\"0\" aria-hidden=\"false\">\n<div class=\"products-grid product type-product post-12236 status-publish instock product_cat-devices product_cat-regulators product_cat-level-controls product_tag-du product_tag-konduktometricheskij-datchik product_tag-napolnenie product_tag-osushenie product_tag-regulyator product_tag-ru product_tag-uroven has-post-thumbnail shipping-taxable purchasable product-type-variable has-default-attributes\">\n<div class=\"product-block grid product v1\" data-product-id=\"12236\">\n<div class=\"product-content\">\n<div class=\"block-inner\">\n<div class=\"group-buttons\">\n<div class=\"add-cart\" title=\"Wybierz ...\"><\/div>\n<\/div>\n<\/div>\n<\/div>\n<\/div>\n<\/div>\n<\/div>\n<\/div>\n<\/div>\n<\/div>\n<\/div>\n<\/div>\n<footer id=\"tbay-footer\" class=\"tbay-footer elementor-20915\">\n<div class=\"elementor elementor-20915\" data-elementor-type=\"wp-post\" data-elementor-id=\"20915\" data-elementor-settings=\"[]\">\n<div class=\"elementor-section-wrap\">\n<section class=\"elementor-section elementor-top-section elementor-element elementor-element-726de1b0 elementor-section-stretched elementor-section-height-min-height elementor-section-boxed elementor-section-height-default elementor-section-items-middle\" data-id=\"726de1b0\" data-element_type=\"section\" data-settings=\"{&quot;stretch_section&quot;:&quot;section-stretched&quot;,&quot;background_background&quot;:&quot;classic&quot;}\">\n<div class=\"elementor-container elementor-column-gap-default\">\n<div class=\"elementor-column elementor-col-33 elementor-top-column elementor-element elementor-element-d5ffe6c\" data-id=\"d5ffe6c\" data-element_type=\"column\">\n<div class=\"elementor-widget-wrap elementor-element-populated\">\n<section class=\"elementor-section elementor-inner-section elementor-element elementor-element-311ee48f elementor-section-boxed elementor-section-height-default elementor-section-height-default\" data-id=\"311ee48f\" data-element_type=\"section\">\n<div class=\"elementor-container elementor-column-gap-default\">\n<div class=\"elementor-column elementor-col-50 elementor-inner-column elementor-element elementor-element-1c33fcb\" data-id=\"1c33fcb\" data-element_type=\"column\">\n<div class=\"elementor-widget-wrap elementor-element-populated\">\n<div class=\"elementor-element elementor-element-6563a300 elementor-widget elementor-widget-besa-heading\" data-id=\"6563a300\" data-element_type=\"widget\" data-widget_type=\"besa-heading.default\">\n<div class=\"elementor-widget-container\"><\/div>\n<\/div>\n<\/div>\n<\/div>\n<\/div>\n<\/section>\n<\/div>\n<\/div>\n<\/div>\n<\/section>\n<\/div>\n<\/div>\n<\/footer>\n<p>&nbsp;<\/p>","protected":false},"excerpt":{"rendered":"<p>Konduktometryczne czujniki poziomu DU s\u0105 przeznaczone do wsp\u00f3\u0142pracy z regulatorami poziomu <a href=\"regmik.ua\/product\/regulyator-urovnya-dvuhkanalnyiy-ru2\/\">RU<\/a>.<br \/>\nAby przed\u0142u\u017cy\u0107 cz\u0119\u015b\u0107 robocz\u0105 elektrod czujnika poziomu przez u\u017cytkownika, na ko\u0144cu elektrody zapewniono gwint.<br \/>\nKoszt czujnik\u00f3w poziomu powy\u017cej 100mm to 350 UAH + 30 UAH. na ka\u017cde 100 mm.<\/p>","protected":false},"featured_media":14674,"comment_status":"open","ping_status":"closed","template":"","meta":[],"product_brand":[],"product_cat":[38,551],"product_tag":[552,3439],"class_list":{"0":"post-14745","1":"product","2":"type-product","3":"status-publish","4":"has-post-thumbnail","6":"product_cat-sensors","7":"product_cat-level-sensors","8":"product_tag-datchik-urovnya","9":"product_tag-3439","12":"instock","13":"shipping-taxable","14":"purchasable","15":"product-type-simple"},"yoast_head":"<title>\u0420\u0415\u0413\u041c\u0406\u041a, \u041d\u0412\u0424, \u041f\u041f &#8211; \u0414\u0430\u0442\u0447\u0438\u043a \u0443\u0440\u043e\u0432\u043d\u044f (\u041c\u043e\u0434\u0438\u0444\u0438\u043a\u0430\u0446\u0438\u044f \u0414\u0423-002)<\/title>\n<meta name=\"description\" content=\"\u0414\u0430\u0442\u0447\u0438\u043a\u0438 \u0443\u0440\u043e\u0432\u043d\u044f \u0414\u0423-002\u00a0 \u043f\u0440\u0435\u0434\u043d\u0430\u0437\u043d\u0430\u0447\u0435\u043d\u044b \u0434\u043b\u044f \u0441\u0438\u0433\u043d\u0430\u043b\u0438\u0437\u0430\u0446\u0438\u0438 \u0443\u0440\u043e\u0432\u043d\u0435\u0439 \u044d\u043b\u0435\u043a\u0442\u0440\u043e\u043f\u0440\u043e\u0432\u043e\u0434\u043d\u044b\u0445 \u0436\u0438\u0434\u043a\u043e\u0441\u0442\u0435\u0439 (\u0432\u043e\u0434\u0430, \u043c\u043e\u043b\u043e\u043a\u043e, \u043f\u0438\u0449\u0435\u0432\u044b\u0435 \u043f\u0440\u043e\u0434\u0443\u043a\u0442\u044b).\" \/>\n<meta name=\"robots\" content=\"index, follow, max-snippet:-1, max-image-preview:large, max-video-preview:-1\" \/>\n<link rel=\"canonical\" href=\"https:\/\/regmik.ua\/pl\/product\/datchik-urovnja-modifikacija-du-002\/\" \/>\n<script type=\"application\/ld+json\" class=\"yoast-schema-graph\">{\"@context\":\"https:\\\/\\\/schema.org\",\"@graph\":[{\"@type\":\"WebPage\",\"@id\":\"https:\\\/\\\/regmik.ua\\\/product\\\/datchik-urovnja-modifikacija-du-002\\\/\",\"url\":\"https:\\\/\\\/regmik.ua\\\/product\\\/datchik-urovnja-modifikacija-du-002\\\/\",\"name\":\"\u0420\u0415\u0413\u041c\u0406\u041a, \u041d\u0412\u0424, \u041f\u041f &#8211; \u0414\u0430\u0442\u0447\u0438\u043a \u0443\u0440\u043e\u0432\u043d\u044f (\u041c\u043e\u0434\u0438\u0444\u0438\u043a\u0430\u0446\u0438\u044f \u0414\u0423-002)\",\"isPartOf\":{\"@id\":\"https:\\\/\\\/regmik.ua\\\/uk\\\/#website\"},\"primaryImageOfPage\":{\"@id\":\"https:\\\/\\\/regmik.ua\\\/product\\\/datchik-urovnja-modifikacija-du-002\\\/#primaryimage\"},\"image\":{\"@id\":\"https:\\\/\\\/regmik.ua\\\/product\\\/datchik-urovnja-modifikacija-du-002\\\/#primaryimage\"},\"thumbnailUrl\":\"https:\\\/\\\/regmik.ua\\\/wp-content\\\/uploads\\\/2016\\\/11\\\/DY-001.png\",\"datePublished\":\"2016-11-07T06:03:45+00:00\",\"dateModified\":\"2023-11-23T13:42:40+00:00\",\"description\":\"\u0414\u0430\u0442\u0447\u0438\u043a\u0438 \u0443\u0440\u043e\u0432\u043d\u044f \u0414\u0423-002\u00a0 \u043f\u0440\u0435\u0434\u043d\u0430\u0437\u043d\u0430\u0447\u0435\u043d\u044b \u0434\u043b\u044f \u0441\u0438\u0433\u043d\u0430\u043b\u0438\u0437\u0430\u0446\u0438\u0438 \u0443\u0440\u043e\u0432\u043d\u0435\u0439 \u044d\u043b\u0435\u043a\u0442\u0440\u043e\u043f\u0440\u043e\u0432\u043e\u0434\u043d\u044b\u0445 \u0436\u0438\u0434\u043a\u043e\u0441\u0442\u0435\u0439 (\u0432\u043e\u0434\u0430, \u043c\u043e\u043b\u043e\u043a\u043e, \u043f\u0438\u0449\u0435\u0432\u044b\u0435 \u043f\u0440\u043e\u0434\u0443\u043a\u0442\u044b).\",\"breadcrumb\":{\"@id\":\"https:\\\/\\\/regmik.ua\\\/product\\\/datchik-urovnja-modifikacija-du-002\\\/#breadcrumb\"},\"inLanguage\":\"pl-PL\",\"potentialAction\":[{\"@type\":\"ReadAction\",\"target\":[\"https:\\\/\\\/regmik.ua\\\/product\\\/datchik-urovnja-modifikacija-du-002\\\/\"]}]},{\"@type\":\"ImageObject\",\"inLanguage\":\"pl-PL\",\"@id\":\"https:\\\/\\\/regmik.ua\\\/product\\\/datchik-urovnja-modifikacija-du-002\\\/#primaryimage\",\"url\":\"https:\\\/\\\/regmik.ua\\\/wp-content\\\/uploads\\\/2016\\\/11\\\/DY-001.png\",\"contentUrl\":\"https:\\\/\\\/regmik.ua\\\/wp-content\\\/uploads\\\/2016\\\/11\\\/DY-001.png\",\"width\":800,\"height\":1024,\"caption\":\"\u0414\u0430\u0442\u0447\u0438\u043a \u0443\u0440\u043e\u0432\u043d\u044f \u0414\u0423-001\"},{\"@type\":\"BreadcrumbList\",\"@id\":\"https:\\\/\\\/regmik.ua\\\/product\\\/datchik-urovnja-modifikacija-du-002\\\/#breadcrumb\",\"itemListElement\":[{\"@type\":\"ListItem\",\"position\":1,\"name\":\"\u0413\u043b\u0430\u0432\u043d\u0430\u044f \u0441\u0442\u0440\u0430\u043d\u0438\u0446\u0430\",\"item\":\"https:\\\/\\\/regmik.ua\\\/\"},{\"@type\":\"ListItem\",\"position\":2,\"name\":\"\u041f\u0440\u043e\u0434\u0443\u043a\u0446\u0438\u044f\",\"item\":\"https:\\\/\\\/regmik.ua\\\/uk\\\/products\\\/\"},{\"@type\":\"ListItem\",\"position\":3,\"name\":\"\u0414\u0430\u0442\u0447\u0438\u043a \u0443\u0440\u043e\u0432\u043d\u044f \u0414\u0423-002\"}]},{\"@type\":\"WebSite\",\"@id\":\"https:\\\/\\\/regmik.ua\\\/uk\\\/#website\",\"url\":\"https:\\\/\\\/regmik.ua\\\/uk\\\/\",\"name\":\"REGMIK\",\"description\":\"\u0418\u0437\u043c\u0435\u0440\u0438\u0442\u0435\u043b\u044c\u043d\u044b\u0435 \u043f\u0440\u0438\u0431\u043e\u0440\u044b \u0438 \u0434\u0430\u0442\u0447\u0438\u043a\u0438 \u0442\u0435\u043c\u043f\u0435\u0440\u0430\u0442\u0443\u0440\u044b\",\"publisher\":{\"@id\":\"https:\\\/\\\/regmik.ua\\\/uk\\\/#organization\"},\"alternateName\":\"REGMIK\",\"potentialAction\":[{\"@type\":\"SearchAction\",\"target\":{\"@type\":\"EntryPoint\",\"urlTemplate\":\"https:\\\/\\\/regmik.ua\\\/uk\\\/?s={search_term_string}\"},\"query-input\":{\"@type\":\"PropertyValueSpecification\",\"valueRequired\":true,\"valueName\":\"search_term_string\"}}],\"inLanguage\":\"pl-PL\"},{\"@type\":\"Organization\",\"@id\":\"https:\\\/\\\/regmik.ua\\\/uk\\\/#organization\",\"name\":\"REGMIK\",\"alternateName\":\"\u0420\u0415\u0413\u041c\u0418\u041a\",\"url\":\"https:\\\/\\\/regmik.ua\\\/uk\\\/\",\"logo\":{\"@type\":\"ImageObject\",\"inLanguage\":\"pl-PL\",\"@id\":\"https:\\\/\\\/regmik.ua\\\/uk\\\/#\\\/schema\\\/logo\\\/image\\\/\",\"url\":\"https:\\\/\\\/regmik.ua\\\/wp-content\\\/uploads\\\/2020\\\/03\\\/regmik_logo.png\",\"contentUrl\":\"https:\\\/\\\/regmik.ua\\\/wp-content\\\/uploads\\\/2020\\\/03\\\/regmik_logo.png\",\"width\":194,\"height\":45,\"caption\":\"REGMIK\"},\"image\":{\"@id\":\"https:\\\/\\\/regmik.ua\\\/uk\\\/#\\\/schema\\\/logo\\\/image\\\/\"},\"sameAs\":[\"https:\\\/\\\/www.facebook.com\\\/regmik.npf\",\"https:\\\/\\\/x.com\\\/regmiknpf\",\"https:\\\/\\\/www.youtube.com\\\/channel\\\/UC_SrY98SKAmR3Kt95GcVKcw\"]}]}<\/script>","yoast_head_json":{"title":"\u0420\u0415\u0413\u041c\u0406\u041a, \u041d\u0412\u0424, \u041f\u041f &#8211; \u0414\u0430\u0442\u0447\u0438\u043a \u0443\u0440\u043e\u0432\u043d\u044f (\u041c\u043e\u0434\u0438\u0444\u0438\u043a\u0430\u0446\u0438\u044f \u0414\u0423-002)","description":"Czujniki poziomu DU-002 przeznaczone s\u0105 do sygnalizacji poziomu cieczy przewodz\u0105cych pr\u0105d (woda, mleko, \u017cywno\u015b\u0107).","robots":{"index":"index","follow":"follow","max-snippet":"max-snippet:-1","max-image-preview":"max-image-preview:large","max-video-preview":"max-video-preview:-1"},"canonical":"https:\/\/regmik.ua\/pl\/product\/datchik-urovnja-modifikacija-du-002\/","schema":{"@context":"https:\/\/schema.org","@graph":[{"@type":"WebPage","@id":"https:\/\/regmik.ua\/product\/datchik-urovnja-modifikacija-du-002\/","url":"https:\/\/regmik.ua\/product\/datchik-urovnja-modifikacija-du-002\/","name":"\u0420\u0415\u0413\u041c\u0406\u041a, \u041d\u0412\u0424, \u041f\u041f &#8211; \u0414\u0430\u0442\u0447\u0438\u043a \u0443\u0440\u043e\u0432\u043d\u044f (\u041c\u043e\u0434\u0438\u0444\u0438\u043a\u0430\u0446\u0438\u044f \u0414\u0423-002)","isPartOf":{"@id":"https:\/\/regmik.ua\/uk\/#website"},"primaryImageOfPage":{"@id":"https:\/\/regmik.ua\/product\/datchik-urovnja-modifikacija-du-002\/#primaryimage"},"image":{"@id":"https:\/\/regmik.ua\/product\/datchik-urovnja-modifikacija-du-002\/#primaryimage"},"thumbnailUrl":"https:\/\/regmik.ua\/wp-content\/uploads\/2016\/11\/DY-001.png","datePublished":"2016-11-07T06:03:45+00:00","dateModified":"2023-11-23T13:42:40+00:00","description":"Czujniki poziomu DU-002 przeznaczone s\u0105 do sygnalizacji poziomu cieczy przewodz\u0105cych pr\u0105d (woda, mleko, \u017cywno\u015b\u0107).","breadcrumb":{"@id":"https:\/\/regmik.ua\/product\/datchik-urovnja-modifikacija-du-002\/#breadcrumb"},"inLanguage":"pl-PL","potentialAction":[{"@type":"ReadAction","target":["https:\/\/regmik.ua\/product\/datchik-urovnja-modifikacija-du-002\/"]}]},{"@type":"ImageObject","inLanguage":"pl-PL","@id":"https:\/\/regmik.ua\/product\/datchik-urovnja-modifikacija-du-002\/#primaryimage","url":"https:\/\/regmik.ua\/wp-content\/uploads\/2016\/11\/DY-001.png","contentUrl":"https:\/\/regmik.ua\/wp-content\/uploads\/2016\/11\/DY-001.png","width":800,"height":1024,"caption":"\u0414\u0430\u0442\u0447\u0438\u043a \u0443\u0440\u043e\u0432\u043d\u044f \u0414\u0423-001"},{"@type":"BreadcrumbList","@id":"https:\/\/regmik.ua\/product\/datchik-urovnja-modifikacija-du-002\/#breadcrumb","itemListElement":[{"@type":"ListItem","position":1,"name":"\u0413\u043b\u0430\u0432\u043d\u0430\u044f \u0441\u0442\u0440\u0430\u043d\u0438\u0446\u0430","item":"https:\/\/regmik.ua\/"},{"@type":"ListItem","position":2,"name":"\u041f\u0440\u043e\u0434\u0443\u043a\u0446\u0438\u044f","item":"https:\/\/regmik.ua\/uk\/products\/"},{"@type":"ListItem","position":3,"name":"\u0414\u0430\u0442\u0447\u0438\u043a \u0443\u0440\u043e\u0432\u043d\u044f \u0414\u0423-002"}]},{"@type":"WebSite","@id":"https:\/\/regmik.ua\/uk\/#website","url":"https:\/\/regmik.ua\/uk\/","name":"REGMIK","description":"Przyrz\u0105dy pomiarowe i czujniki temperatury","publisher":{"@id":"https:\/\/regmik.ua\/uk\/#organization"},"alternateName":"REGMIK","potentialAction":[{"@type":"SearchAction","target":{"@type":"EntryPoint","urlTemplate":"https:\/\/regmik.ua\/uk\/?s={search_term_string}"},"query-input":{"@type":"PropertyValueSpecification","valueRequired":true,"valueName":"search_term_string"}}],"inLanguage":"pl-PL"},{"@type":"Organization","@id":"https:\/\/regmik.ua\/uk\/#organization","name":"REGMIK","alternateName":"\u0420\u0415\u0413\u041c\u0418\u041a","url":"https:\/\/regmik.ua\/uk\/","logo":{"@type":"ImageObject","inLanguage":"pl-PL","@id":"https:\/\/regmik.ua\/uk\/#\/schema\/logo\/image\/","url":"https:\/\/regmik.ua\/wp-content\/uploads\/2020\/03\/regmik_logo.png","contentUrl":"https:\/\/regmik.ua\/wp-content\/uploads\/2020\/03\/regmik_logo.png","width":194,"height":45,"caption":"REGMIK"},"image":{"@id":"https:\/\/regmik.ua\/uk\/#\/schema\/logo\/image\/"},"sameAs":["https:\/\/www.facebook.com\/regmik.npf","https:\/\/x.com\/regmiknpf","https:\/\/www.youtube.com\/channel\/UC_SrY98SKAmR3Kt95GcVKcw"]}]}},"_links":{"self":[{"href":"https:\/\/regmik.ua\/pl\/wp-json\/wp\/v2\/product\/14745","targetHints":{"allow":["GET"]}}],"collection":[{"href":"https:\/\/regmik.ua\/pl\/wp-json\/wp\/v2\/product"}],"about":[{"href":"https:\/\/regmik.ua\/pl\/wp-json\/wp\/v2\/types\/product"}],"replies":[{"embeddable":true,"href":"https:\/\/regmik.ua\/pl\/wp-json\/wp\/v2\/comments?post=14745"}],"version-history":[{"count":0,"href":"https:\/\/regmik.ua\/pl\/wp-json\/wp\/v2\/product\/14745\/revisions"}],"wp:featuredmedia":[{"embeddable":true,"href":"https:\/\/regmik.ua\/pl\/wp-json\/wp\/v2\/media\/14674"}],"wp:attachment":[{"href":"https:\/\/regmik.ua\/pl\/wp-json\/wp\/v2\/media?parent=14745"}],"wp:term":[{"taxonomy":"product_brand","embeddable":true,"href":"https:\/\/regmik.ua\/pl\/wp-json\/wp\/v2\/product_brand?post=14745"},{"taxonomy":"product_cat","embeddable":true,"href":"https:\/\/regmik.ua\/pl\/wp-json\/wp\/v2\/product_cat?post=14745"},{"taxonomy":"product_tag","embeddable":true,"href":"https:\/\/regmik.ua\/pl\/wp-json\/wp\/v2\/product_tag?post=14745"}],"curies":[{"name":"wp","href":"https:\/\/api.w.org\/{rel}","templated":true}]}}