{"id":14632,"date":"2016-11-04T15:34:25","date_gmt":"2016-11-04T13:34:25","guid":{"rendered":"http:\/\/test.regmik.com.ua\/index.php\/product\/datchik-urovnja-modifikacija-du002\/"},"modified":"2023-11-23T15:44:23","modified_gmt":"2023-11-23T13:44:23","slug":"datchik-urovnja-modifikacija-du001","status":"publish","type":"product","link":"https:\/\/regmik.ua\/pl\/product\/datchik-urovnja-modifikacija-du001\/","title":{"rendered":"Czujnik poziomu DU-001"},"content":{"rendered":"<p><a href=\"regmik.ua\/product-category\/sensors\/level-sensors\/\">Czujnik poziomu<\/a>\u00a0 DU-001 jest przeznaczony do sygnalizacji poziom\u00f3w <a href=\"https:\/\/uk.wikipedia.org\/wiki\/\u0415\u043b\u0435\u043a\u0442\u0440\u043e\u043f\u0440\u043e\u0432\u0456\u0434\u043d\u0456\u0441\u0442\u044c\">ciecze elektroprzewodz\u0105ce<\/a> (woda, mleko, produkty spo\u017cywcze - lekko kwa\u015bne, zasadowe itp.).<\/p>\n<p>Czujnik poziomu DU-001 w najprostszej postaci sk\u0142ada si\u0119 z elektrod ze stali nierdzewnej, z kt\u00f3rych jedna s\u0142u\u017cy jako wsp\u00f3lna w obwodzie steruj\u0105cym i jest zamontowana w zbiorniku tak, \u017ce jego cz\u0119\u015b\u0107 robocza ma sta\u0142y kontakt z ciecz\u0105, w szczeg\u00f3lno\u015bci przewodz\u0105cy korpus zbiornika mo\u017ce sta\u0107 si\u0119 wsp\u00f3ln\u0105 elektrod\u0105 z p\u0142ynem. Inne elektrody b\u0119d\u0105 sygnalizowa\u0107 i znajduj\u0105 si\u0119 na pewnych poziomach, kt\u00f3re wymagaj\u0105 monitorowania.<\/p>\n<p>Pojedyncza elektroda <a href=\"https:\/\/regmik.ua\/product-category\/sensors\/level-sensors\/\">czujniki poziomu DU-001<\/a> nadaje si\u0119 do pracy w zamkni\u0119tych lub otwartych metalowych pojemnikach.<\/p>\n<p>Konduktometryczny czujnik poziomu DU-001 produkowany jest z gwintami monta\u017cowymi: metrycznym zgodnym z GOST 24705, rurowym cylindrycznym zgodnym z GOST 6357 oraz sto\u017ckowym calowym zgodnym z GOST 6111. Na \u017cyczenie Klienta gwint monta\u017cowy mo\u017ce zosta\u0107 wykonany wed\u0142ug innych norm .<\/p>\n<p>Do monta\u017cu na miejscu czujniki poziomu maj\u0105 standardowe gwinty M20x1,5, M16x1,5 lub G1 \/ 2.<br \/>\nMo\u017cliwy jest monta\u017c konduktometrycznego czujnika poziomu DU-001 zar\u00f3wno w poziomie, jak iw pionie.<br \/>\nAby przed\u0142u\u017cy\u0107 cz\u0119\u015b\u0107 robocz\u0105 elektrod czujnika poziomu przez u\u017cytkownika, na ko\u0144cu elektrody zapewniono gwint.<\/p>\n<p>Konduktometryczne czujniki poziomu wykonane s\u0105 ze stali 12\u042518\u041d10\u0422 zgodnie z GOST 5632. Na \u017cyczenie Klienta istnieje mo\u017cliwo\u015b\u0107 wykonania tulejek termometrycznych z innych stali.<\/p>\n<p><strong>AISI 321 12\u042518\u041d10\u0422 08\u042518\u041d10\u0422\u00a0<\/strong>Stal \u017caroodporna, odporna na korozj\u0119 i \u017caroodporno\u015b\u0107 w klasie austenitycznej. Posiada wysok\u0105 wytrzyma\u0142o\u015b\u0107 i trwa\u0142o\u015b\u0107. Jest stosowany w temperaturach do 600 \u00b0 \u0421, aw bardzo agresywnych \u015brodowiskach do 350 \u00b0 \u0421.<br \/>\n<strong>AISI 304 08-18\u041d10\u00a0<\/strong>\u017baroodporna, odporna na korozj\u0119 stal austenityczna. Stosowany jest w temperaturach do 400 \u00b0 C w mediach o \u015bredniej aktywno\u015bci.<br \/>\n<strong>AISI 316L 03\u042517\u041d14\u041c3\u00a0<\/strong>Stal austenityczna odporna na korozj\u0119. Jest stosowany w temperaturach do 450 \u00b0 C w wi\u0119kszo\u015bci agresywnych \u015brodowisk.<br \/>\n<strong>AISI 316Ti 10\u042517\u041d13\u041c2\u0422\u00a0<\/strong>Stal austenityczna odporna na korozj\u0119. Jest stosowany w temperaturach do 600 \u00b0 C w bardzo agresywnych \u015brodowiskach.<br \/>\n<strong>AISI 430 12X17\u00a0<\/strong>\u017baroodporna, odporna na korozj\u0119 stal ferrytyczna. Jest stosowany w temperaturach do 400 \u00b0 C w lekko agresywnych \u015brodowiskach.<br \/>\n<strong>12X1MF\u00a0<\/strong>Stal \u017caroodporna perlityczna odporna na d\u0142ugotrwa\u0142e dzia\u0142anie wysokich temperatur. Jest stosowany w temperaturach do 600 \u00b0 C.<\/p>\n<p>\u015arednica elektrody 6 mm.<br \/>\nCzujniki poziomu Du-001 produkowane s\u0105 z temperatur\u0105 kontrolowanego medium do 125 \u00b0 C i ci\u015bnieniem roboczym medium do 0,8 MPa.<br \/>\nW\u0142a\u015bciwa przewodno\u015b\u0107 elektryczna medium musi wynosi\u0107 co najmniej 0,015 S \/ m.<\/p>\n<table class=\"reg-product-table\">\n<tbody>\n<tr>\n<th>Opis cech<\/th>\n<th>Warto\u015b\u0107 warto\u015bci<\/th>\n<\/tr>\n<tr>\n<td>Temperatura pracy, \u00b0 \u0421<\/td>\n<td style=\"text-align: center;\">0 ... 125<\/td>\n<\/tr>\n<tr>\n<td>Ci\u015bnienie robocze, MPa<\/td>\n<td style=\"text-align: center;\">0,8<\/td>\n<\/tr>\n<tr>\n<td>\u015arednica elektrody, mm<\/td>\n<td style=\"text-align: center;\">6<\/td>\n<\/tr>\n<tr>\n<td>Materia\u0142 po\u0142\u0105czenia<\/td>\n<td>stal nierdzewna 12\u042518\u041d10\u0422<\/td>\n<\/tr>\n<\/tbody>\n<\/table>\n<p>Mo\u017cesz by\u0107 zainteresowany innymi wersjami czujnik\u00f3w poziomu - <a href=\"\/product\/datchik-urovnja-modifikacija-du-002\/\">DU-002<\/a>, <a href=\"\/product\/datchik-urovnja-modifikacija-du-003\/\">DU-003<\/a>, <a href=\"\/product\/datchik-urovnja-modifikacija-du-004\/\">DU004<\/a>.<\/p>","protected":false},"excerpt":{"rendered":"<p>Konduktometryczne czujniki poziomu DU s\u0105 przeznaczone do wsp\u00f3\u0142pracy z regulatorami poziomu <a href=\"https:\/\/regmik.ua\/product-category\/devices\/regulators\/level-controls\/\">RU<\/a>.<\/p>\n<p>Koszt czujnik\u00f3w poziomu z d\u0142ugo\u015bci\u0105 elektrody powy\u017cej 100 mm wynosi 320 UAH + 30 UAH. na ka\u017cde 100 mm.<\/p>","protected":false},"featured_media":14674,"comment_status":"open","ping_status":"closed","template":"","meta":[],"product_brand":[],"product_cat":[38,551],"product_tag":[552],"class_list":{"0":"post-14632","1":"product","2":"type-product","3":"status-publish","4":"has-post-thumbnail","6":"product_cat-sensors","7":"product_cat-level-sensors","8":"product_tag-datchik-urovnya","11":"instock","12":"shipping-taxable","13":"purchasable","14":"product-type-simple"},"yoast_head":"<title>\u0414\u0430\u0442\u0447\u0438\u043a \u0443\u0440\u043e\u0432\u043d\u044f \u0414\u0423-001<\/title>\n<meta name=\"description\" content=\"\u0414\u0430\u0442\u0447\u0438\u043a \u0443\u0440\u043e\u0432\u043d\u044f\u00a0 \u0414\u0423-001\u00a0 \u043f\u0440\u0435\u0434\u043d\u0430\u0437\u043d\u0430\u0447\u0435\u043d \u0434\u043b\u044f \u0441\u0438\u0433\u043d\u0430\u043b\u0438\u0437\u0430\u0446\u0438\u0438 \u0443\u0440\u043e\u0432\u043d\u0435\u0439 \u044d\u043b\u0435\u043a\u0442\u0440\u043e\u043f\u0440\u043e\u0432\u043e\u0434\u043d\u044b\u0445 \u0436\u0438\u0434\u043a\u043e\u0441\u0442\u0435\u0439 (\u0432\u043e\u0434\u0430, \u043c\u043e\u043b\u043e\u043a\u043e, \u043f\u0438\u0449\u0435\u0432\u044b\u0435 \u043f\u0440\u043e\u0434\u0443\u043a\u0442\u044b)\" \/>\n<meta name=\"robots\" content=\"index, follow, max-snippet:-1, max-image-preview:large, max-video-preview:-1\" \/>\n<link rel=\"canonical\" href=\"https:\/\/regmik.ua\/pl\/product\/datchik-urovnja-modifikacija-du001\/\" \/>\n<script type=\"application\/ld+json\" class=\"yoast-schema-graph\">{\"@context\":\"https:\\\/\\\/schema.org\",\"@graph\":[{\"@type\":\"WebPage\",\"@id\":\"https:\\\/\\\/regmik.ua\\\/product\\\/datchik-urovnja-modifikacija-du001\\\/\",\"url\":\"https:\\\/\\\/regmik.ua\\\/product\\\/datchik-urovnja-modifikacija-du001\\\/\",\"name\":\"\u0414\u0430\u0442\u0447\u0438\u043a \u0443\u0440\u043e\u0432\u043d\u044f \u0414\u0423-001\",\"isPartOf\":{\"@id\":\"https:\\\/\\\/regmik.ua\\\/uk\\\/#website\"},\"primaryImageOfPage\":{\"@id\":\"https:\\\/\\\/regmik.ua\\\/product\\\/datchik-urovnja-modifikacija-du001\\\/#primaryimage\"},\"image\":{\"@id\":\"https:\\\/\\\/regmik.ua\\\/product\\\/datchik-urovnja-modifikacija-du001\\\/#primaryimage\"},\"thumbnailUrl\":\"https:\\\/\\\/regmik.ua\\\/wp-content\\\/uploads\\\/2016\\\/11\\\/DY-001.png\",\"datePublished\":\"2016-11-04T13:34:25+00:00\",\"dateModified\":\"2023-11-23T13:44:23+00:00\",\"description\":\"\u0414\u0430\u0442\u0447\u0438\u043a \u0443\u0440\u043e\u0432\u043d\u044f\u00a0 \u0414\u0423-001\u00a0 \u043f\u0440\u0435\u0434\u043d\u0430\u0437\u043d\u0430\u0447\u0435\u043d \u0434\u043b\u044f \u0441\u0438\u0433\u043d\u0430\u043b\u0438\u0437\u0430\u0446\u0438\u0438 \u0443\u0440\u043e\u0432\u043d\u0435\u0439 \u044d\u043b\u0435\u043a\u0442\u0440\u043e\u043f\u0440\u043e\u0432\u043e\u0434\u043d\u044b\u0445 \u0436\u0438\u0434\u043a\u043e\u0441\u0442\u0435\u0439 (\u0432\u043e\u0434\u0430, \u043c\u043e\u043b\u043e\u043a\u043e, \u043f\u0438\u0449\u0435\u0432\u044b\u0435 \u043f\u0440\u043e\u0434\u0443\u043a\u0442\u044b)\",\"breadcrumb\":{\"@id\":\"https:\\\/\\\/regmik.ua\\\/product\\\/datchik-urovnja-modifikacija-du001\\\/#breadcrumb\"},\"inLanguage\":\"pl-PL\",\"potentialAction\":[{\"@type\":\"ReadAction\",\"target\":[\"https:\\\/\\\/regmik.ua\\\/product\\\/datchik-urovnja-modifikacija-du001\\\/\"]}]},{\"@type\":\"ImageObject\",\"inLanguage\":\"pl-PL\",\"@id\":\"https:\\\/\\\/regmik.ua\\\/product\\\/datchik-urovnja-modifikacija-du001\\\/#primaryimage\",\"url\":\"https:\\\/\\\/regmik.ua\\\/wp-content\\\/uploads\\\/2016\\\/11\\\/DY-001.png\",\"contentUrl\":\"https:\\\/\\\/regmik.ua\\\/wp-content\\\/uploads\\\/2016\\\/11\\\/DY-001.png\",\"width\":800,\"height\":1024,\"caption\":\"\u0414\u0430\u0442\u0447\u0438\u043a \u0443\u0440\u043e\u0432\u043d\u044f \u0414\u0423-001\"},{\"@type\":\"BreadcrumbList\",\"@id\":\"https:\\\/\\\/regmik.ua\\\/product\\\/datchik-urovnja-modifikacija-du001\\\/#breadcrumb\",\"itemListElement\":[{\"@type\":\"ListItem\",\"position\":1,\"name\":\"\u0413\u043b\u0430\u0432\u043d\u0430\u044f \u0441\u0442\u0440\u0430\u043d\u0438\u0446\u0430\",\"item\":\"https:\\\/\\\/regmik.ua\\\/\"},{\"@type\":\"ListItem\",\"position\":2,\"name\":\"\u041f\u0440\u043e\u0434\u0443\u043a\u0446\u0438\u044f\",\"item\":\"https:\\\/\\\/regmik.ua\\\/uk\\\/products\\\/\"},{\"@type\":\"ListItem\",\"position\":3,\"name\":\"\u0414\u0430\u0442\u0447\u0438\u043a \u0443\u0440\u043e\u0432\u043d\u044f \u0414\u0423-001\"}]},{\"@type\":\"WebSite\",\"@id\":\"https:\\\/\\\/regmik.ua\\\/uk\\\/#website\",\"url\":\"https:\\\/\\\/regmik.ua\\\/uk\\\/\",\"name\":\"REGMIK\",\"description\":\"\u0418\u0437\u043c\u0435\u0440\u0438\u0442\u0435\u043b\u044c\u043d\u044b\u0435 \u043f\u0440\u0438\u0431\u043e\u0440\u044b \u0438 \u0434\u0430\u0442\u0447\u0438\u043a\u0438 \u0442\u0435\u043c\u043f\u0435\u0440\u0430\u0442\u0443\u0440\u044b\",\"publisher\":{\"@id\":\"https:\\\/\\\/regmik.ua\\\/uk\\\/#organization\"},\"alternateName\":\"REGMIK\",\"potentialAction\":[{\"@type\":\"SearchAction\",\"target\":{\"@type\":\"EntryPoint\",\"urlTemplate\":\"https:\\\/\\\/regmik.ua\\\/uk\\\/?s={search_term_string}\"},\"query-input\":{\"@type\":\"PropertyValueSpecification\",\"valueRequired\":true,\"valueName\":\"search_term_string\"}}],\"inLanguage\":\"pl-PL\"},{\"@type\":\"Organization\",\"@id\":\"https:\\\/\\\/regmik.ua\\\/uk\\\/#organization\",\"name\":\"REGMIK\",\"alternateName\":\"\u0420\u0415\u0413\u041c\u0418\u041a\",\"url\":\"https:\\\/\\\/regmik.ua\\\/uk\\\/\",\"logo\":{\"@type\":\"ImageObject\",\"inLanguage\":\"pl-PL\",\"@id\":\"https:\\\/\\\/regmik.ua\\\/uk\\\/#\\\/schema\\\/logo\\\/image\\\/\",\"url\":\"https:\\\/\\\/regmik.ua\\\/wp-content\\\/uploads\\\/2020\\\/03\\\/regmik_logo.png\",\"contentUrl\":\"https:\\\/\\\/regmik.ua\\\/wp-content\\\/uploads\\\/2020\\\/03\\\/regmik_logo.png\",\"width\":194,\"height\":45,\"caption\":\"REGMIK\"},\"image\":{\"@id\":\"https:\\\/\\\/regmik.ua\\\/uk\\\/#\\\/schema\\\/logo\\\/image\\\/\"},\"sameAs\":[\"https:\\\/\\\/www.facebook.com\\\/regmik.npf\",\"https:\\\/\\\/x.com\\\/regmiknpf\",\"https:\\\/\\\/www.youtube.com\\\/channel\\\/UC_SrY98SKAmR3Kt95GcVKcw\"]}]}<\/script>","yoast_head_json":{"title":"Czujnik poziomu DU-001","description":"Czujnik poziomu DU-001 przeznaczony jest do sygnalizacji poziomu cieczy przewodz\u0105cych pr\u0105d elektryczny (woda, mleko, produkty spo\u017cywcze)","robots":{"index":"index","follow":"follow","max-snippet":"max-snippet:-1","max-image-preview":"max-image-preview:large","max-video-preview":"max-video-preview:-1"},"canonical":"https:\/\/regmik.ua\/pl\/product\/datchik-urovnja-modifikacija-du001\/","schema":{"@context":"https:\/\/schema.org","@graph":[{"@type":"WebPage","@id":"https:\/\/regmik.ua\/product\/datchik-urovnja-modifikacija-du001\/","url":"https:\/\/regmik.ua\/product\/datchik-urovnja-modifikacija-du001\/","name":"Czujnik poziomu DU-001","isPartOf":{"@id":"https:\/\/regmik.ua\/uk\/#website"},"primaryImageOfPage":{"@id":"https:\/\/regmik.ua\/product\/datchik-urovnja-modifikacija-du001\/#primaryimage"},"image":{"@id":"https:\/\/regmik.ua\/product\/datchik-urovnja-modifikacija-du001\/#primaryimage"},"thumbnailUrl":"https:\/\/regmik.ua\/wp-content\/uploads\/2016\/11\/DY-001.png","datePublished":"2016-11-04T13:34:25+00:00","dateModified":"2023-11-23T13:44:23+00:00","description":"Czujnik poziomu DU-001 przeznaczony jest do sygnalizacji poziomu cieczy przewodz\u0105cych pr\u0105d elektryczny (woda, mleko, produkty spo\u017cywcze)","breadcrumb":{"@id":"https:\/\/regmik.ua\/product\/datchik-urovnja-modifikacija-du001\/#breadcrumb"},"inLanguage":"pl-PL","potentialAction":[{"@type":"ReadAction","target":["https:\/\/regmik.ua\/product\/datchik-urovnja-modifikacija-du001\/"]}]},{"@type":"ImageObject","inLanguage":"pl-PL","@id":"https:\/\/regmik.ua\/product\/datchik-urovnja-modifikacija-du001\/#primaryimage","url":"https:\/\/regmik.ua\/wp-content\/uploads\/2016\/11\/DY-001.png","contentUrl":"https:\/\/regmik.ua\/wp-content\/uploads\/2016\/11\/DY-001.png","width":800,"height":1024,"caption":"\u0414\u0430\u0442\u0447\u0438\u043a \u0443\u0440\u043e\u0432\u043d\u044f \u0414\u0423-001"},{"@type":"BreadcrumbList","@id":"https:\/\/regmik.ua\/product\/datchik-urovnja-modifikacija-du001\/#breadcrumb","itemListElement":[{"@type":"ListItem","position":1,"name":"\u0413\u043b\u0430\u0432\u043d\u0430\u044f \u0441\u0442\u0440\u0430\u043d\u0438\u0446\u0430","item":"https:\/\/regmik.ua\/"},{"@type":"ListItem","position":2,"name":"\u041f\u0440\u043e\u0434\u0443\u043a\u0446\u0438\u044f","item":"https:\/\/regmik.ua\/uk\/products\/"},{"@type":"ListItem","position":3,"name":"\u0414\u0430\u0442\u0447\u0438\u043a \u0443\u0440\u043e\u0432\u043d\u044f \u0414\u0423-001"}]},{"@type":"WebSite","@id":"https:\/\/regmik.ua\/uk\/#website","url":"https:\/\/regmik.ua\/uk\/","name":"REGMIK","description":"Przyrz\u0105dy pomiarowe i czujniki temperatury","publisher":{"@id":"https:\/\/regmik.ua\/uk\/#organization"},"alternateName":"REGMIK","potentialAction":[{"@type":"SearchAction","target":{"@type":"EntryPoint","urlTemplate":"https:\/\/regmik.ua\/uk\/?s={search_term_string}"},"query-input":{"@type":"PropertyValueSpecification","valueRequired":true,"valueName":"search_term_string"}}],"inLanguage":"pl-PL"},{"@type":"Organization","@id":"https:\/\/regmik.ua\/uk\/#organization","name":"REGMIK","alternateName":"\u0420\u0415\u0413\u041c\u0418\u041a","url":"https:\/\/regmik.ua\/uk\/","logo":{"@type":"ImageObject","inLanguage":"pl-PL","@id":"https:\/\/regmik.ua\/uk\/#\/schema\/logo\/image\/","url":"https:\/\/regmik.ua\/wp-content\/uploads\/2020\/03\/regmik_logo.png","contentUrl":"https:\/\/regmik.ua\/wp-content\/uploads\/2020\/03\/regmik_logo.png","width":194,"height":45,"caption":"REGMIK"},"image":{"@id":"https:\/\/regmik.ua\/uk\/#\/schema\/logo\/image\/"},"sameAs":["https:\/\/www.facebook.com\/regmik.npf","https:\/\/x.com\/regmiknpf","https:\/\/www.youtube.com\/channel\/UC_SrY98SKAmR3Kt95GcVKcw"]}]}},"_links":{"self":[{"href":"https:\/\/regmik.ua\/pl\/wp-json\/wp\/v2\/product\/14632","targetHints":{"allow":["GET"]}}],"collection":[{"href":"https:\/\/regmik.ua\/pl\/wp-json\/wp\/v2\/product"}],"about":[{"href":"https:\/\/regmik.ua\/pl\/wp-json\/wp\/v2\/types\/product"}],"replies":[{"embeddable":true,"href":"https:\/\/regmik.ua\/pl\/wp-json\/wp\/v2\/comments?post=14632"}],"version-history":[{"count":0,"href":"https:\/\/regmik.ua\/pl\/wp-json\/wp\/v2\/product\/14632\/revisions"}],"wp:featuredmedia":[{"embeddable":true,"href":"https:\/\/regmik.ua\/pl\/wp-json\/wp\/v2\/media\/14674"}],"wp:attachment":[{"href":"https:\/\/regmik.ua\/pl\/wp-json\/wp\/v2\/media?parent=14632"}],"wp:term":[{"taxonomy":"product_brand","embeddable":true,"href":"https:\/\/regmik.ua\/pl\/wp-json\/wp\/v2\/product_brand?post=14632"},{"taxonomy":"product_cat","embeddable":true,"href":"https:\/\/regmik.ua\/pl\/wp-json\/wp\/v2\/product_cat?post=14632"},{"taxonomy":"product_tag","embeddable":true,"href":"https:\/\/regmik.ua\/pl\/wp-json\/wp\/v2\/product_tag?post=14632"}],"curies":[{"name":"wp","href":"https:\/\/api.w.org\/{rel}","templated":true}]}}