{"id":14484,"date":"2016-10-25T07:58:51","date_gmt":"2016-10-25T05:58:51","guid":{"rendered":"http:\/\/test.regmik.com.ua\/index.php\/product\/elektrokotlyi-buran-k\/"},"modified":"2023-05-02T12:31:19","modified_gmt":"2023-05-02T09:31:19","slug":"elektrokotlyi-buran-k","status":"publish","type":"product","link":"https:\/\/regmik.ua\/pl\/product\/elektrokotlyi-buran-k\/","title":{"rendered":"Kot\u0142y elektryczne BURAN-K"},"content":{"rendered":"<p>REGMIK opracowuje i produkuje domowe urz\u0105dzenia do podgrzewania wody (kot\u0142y elektryczne) BVP * BURAN * przeznaczone do ogrzewania pomieszcze\u0144 mieszkalnych wyposa\u017conych w instalacj\u0119 grzewcz\u0105 wykorzystuj\u0105c\u0105 wod\u0119 lub specjalny p\u0142yn (zalecany) jako no\u015bnik ciep\u0142a. Dob\u00f3r kot\u0142a elektrycznego odbywa si\u0119 na podstawie bilansu cieplnego obiektu.<\/p>\n<p>Elektryczny kocio\u0142 grzewczy to mo\u017cliwo\u015b\u0107 zastosowania przyjaznego dla \u015brodowiska \u017ar\u00f3d\u0142a, kt\u00f3re nie zanieczyszcza \u015brodowiska szkodliwymi substancjami odpadowymi, jako \u017ar\u00f3d\u0142a ciep\u0142a w r\u00f3\u017cnych systemach ogrzewania bezpo\u015bredniego, akumulacyjnego i mieszanego, a tak\u017ce w po\u0142\u0105czeniu ze zbiornikami akumulacyjnymi. Kocio\u0142 elektryczny mo\u017ce s\u0142u\u017cy\u0107 do przygotowania ciep\u0142ej wody w zbiornikach ogrzewania po\u015bredniego, a tak\u017ce mo\u017ce s\u0142u\u017cy\u0107 jako zapasowe \u017ar\u00f3d\u0142o ciep\u0142a.<br \/>\nG\u0142\u00f3wnymi elementami kot\u0142a elektrycznego s\u0105 - wymiennik ciep\u0142a, sk\u0142adaj\u0105cy si\u0119 ze zbiornika z zamocowanymi w nim elektrodami, zespo\u0142u steruj\u0105co-regulacyjnego. Kot\u0142y elektryczne BVP * BURAN * s\u0105 dostarczane jako zestaw: BVP, jednostka automatyki, czujniki temperatury zasilania i powrotu.<\/p>\n<p>Kot\u0142y elektryczne przeznaczone s\u0105 do ogrzewania dowolnych pomieszcze\u0144: mieszka\u0144, dom\u00f3w jednorodzinnych, domk\u00f3w jednorodzinnych, domk\u00f3w letniskowych, r\u00f3\u017cnych obiekt\u00f3w handlowych, czy to sklep\u00f3w, kawiarni, lokali biurowych czy zak\u0142ad\u00f3w przemys\u0142owych.<\/p>\n<p>Kot\u0142y elektryczne to urz\u0105dzenia niskotemperaturowe pracuj\u0105ce w zamkni\u0119tych i otwartych systemach grzewczych z wymuszon\u0105 cyrkulacj\u0105 ch\u0142odziwa. Sprawno\u015b\u0107 (sprawno\u015b\u0107) kot\u0142a elektrycznego si\u0119ga 95-98%.<\/p>\n<p>Kocio\u0142 elektryczny dzia\u0142a w trybie automatycznym i wymaga minimum czynno\u015bci konserwacyjnych. Kot\u0142y elektryczne wyposa\u017cone s\u0105 w systemy zapobiegaj\u0105ce awariom instalacji elektrycznej i instalacji grzewczej.<\/p>\n<p>Kot\u0142y elektryczne BVP * BURAN * mog\u0105 by\u0107 na \u017cyczenie klienta wyposa\u017cone w pomp\u0119 obiegow\u0105, manometr, naczynie wzbiorcze, automatyczny odpowietrznik, zaw\u00f3r przeciwwybuchowy i czujnik temperatury pokojowej.<\/p>\n<h3>Zalety kot\u0142\u00f3w elektrycznych<\/h3>\n<ul>\n<li>Zastosowanie - kot\u0142y elektryczne produkowane s\u0105 w szerokim zakresie mocy od 3 kW do ponad 60 kW. Modele do 20 kW s\u0105 idealne do indywidualnych system\u00f3w grzewczych, a modele powy\u017cej 30 kW do obiekt\u00f3w przemys\u0142owych i handlowych. Zastosowanie kot\u0142\u00f3w elektrycznych jako \u017ar\u00f3d\u0142a ciep\u0142a umo\u017cliwia zamontowanie kaskadowego systemu grzewczego z wykorzystaniem kilku kot\u0142\u00f3w w wi\u0105zce, co zapewni wysok\u0105 niezawodno\u015b\u0107 i produktywno\u015b\u0107 systemu grzewczego.<\/li>\n<li>Energooszcz\u0119dno\u015b\u0107 i oszcz\u0119dno\u015b\u0107 - pomimo ogromnej krytyki kot\u0142\u00f3w elektrycznych za ich nieefektywno\u015b\u0107, maj\u0105 najwy\u017cszy poziom sprawno\u015bci do 99%, a nowoczesne kot\u0142y elektryczne posiadaj\u0105 skokowy poziom mocy, co zapewnia du\u017c\u0105 oszcz\u0119dno\u015b\u0107 energii podczas pracy kot\u0142a elektrycznego.<\/li>\n<li>Przyjazne dla \u015brodowiska - kot\u0142y elektryczne zapewniaj\u0105 najwy\u017cszy stopie\u0144 przyjazno\u015bci dla \u015brodowiska ze wzgl\u0119du na brak emisji produkt\u00f3w spalania. Istotny aspekt, gdy\u017c do obs\u0142ugi jednostek elektrycznych nie jest potrzebne dodatkowe pomieszczenie oraz monta\u017c komin\u00f3w typu kominkowego lub z turbodo\u0142adowaniem (wsp\u00f3\u0142osiowym), co pozwala na oszcz\u0119dno\u015b\u0107 miejsca i monta\u017c komina, jest szczeg\u00f3lnie wa\u017cny w przypadku obiekt\u00f3w handlowych.<\/li>\n<li>Komfortowe sterowanie - w pe\u0142ni automatyczna praca dzi\u0119ki regulacji za pomoc\u0105 termostat\u00f3w oraz mo\u017cliwo\u015bci pod\u0142\u0105czenia termostat\u00f3w pokojowych i zewn\u0119trznych lub programator\u00f3w, kt\u00f3re zapewniaj\u0105 nie tylko komfort, ale r\u00f3wnie\u017c pozwalaj\u0105 na prac\u0119 kot\u0142a w bardziej ekonomicznym trybie.<\/li>\n<li>Woda grzewcza - kot\u0142y elektryczne opr\u00f3cz funkcji grzewczej mog\u0105 pe\u0142ni\u0107 funkcj\u0119 dostarczania ciep\u0142ej wody. Ciep\u0142a woda jest przygotowywana za pomoc\u0105 zewn\u0119trznego kot\u0142a buforowego o wymaganej obj\u0119to\u015bci.<\/li>\n<li>Wygoda - \u0142atwo\u015b\u0107 obs\u0142ugi, cicha praca, niezawodno\u015b\u0107, trwa\u0142o\u015b\u0107 i niska cena dope\u0142niaj\u0105 list\u0119 powy\u017cszych zalet kot\u0142\u00f3w elektrycznych. W naszych kot\u0142ach elektrycznych nie ma element\u00f3w grzejnych, kt\u00f3re cz\u0119sto wymagaj\u0105 wymiany.<\/li>\n<\/ul>\n<h3>Wady kot\u0142\u00f3w elektrycznych<\/h3>\n<ul>\n<li>Wysoki koszt energii elektrycznej. Ca\u0142a wygoda korzystania z kot\u0142a elektrycznego jest przekre\u015blona kosztem zu\u017cywanej energii elektrycznej. Stosowanie kot\u0142a elektrycznego jest dla konsument\u00f3w dro\u017csze ni\u017c u\u017cywanie kot\u0142\u00f3w gazowych lub na paliwo sta\u0142e. Wyj\u015bciem z tej sytuacji jest zastosowanie zbiornik\u00f3w akumulacyjnych (akumulator\u00f3w ciep\u0142a) nadmiaru ciep\u0142a, kt\u00f3re znacznie oszcz\u0119dzaj\u0105 na zu\u017cyciu energii elektrycznej, a tak\u017ce zastosowanie wielotaryfowego licznika energii elektrycznej (praca kot\u0142\u00f3w odbywa si\u0119 w * taryfie nocnej *, kt\u00f3ra jest znacznie ni\u017csza od zwyk\u0142ej taryfy).<\/li>\n<li>Ca\u0142kowita zale\u017cno\u015b\u0107 od elektryczno\u015bci. Wybieraj\u0105c kocio\u0142 elektryczny nale\u017cy rozumie\u0107, \u017ce jego dzia\u0142anie jest ca\u0142kowicie uzale\u017cnione od energii elektrycznej, wy\u0142\u0105czenie lub przerwa w dostawie energii elektrycznej spowoduje, \u017ce kocio\u0142 i ca\u0142y system grzewczy przestan\u0105 dzia\u0142a\u0107, co nie powinno by\u0107 dozwolone w okresie zimowym. W przypadku stosowania kot\u0142a elektrycznego jako g\u0142\u00f3wnego kot\u0142a instalacji grzewczej, wskazane jest zastosowanie alternatywnego \u017ar\u00f3d\u0142a energii, aby zapobiec wych\u0142odzeniu budynku. Alternatywnym \u017ar\u00f3d\u0142em energii mo\u017ce by\u0107 kocio\u0142 na paliwo sta\u0142e, a w przypadku ma\u0142ych dom\u00f3w kominek opalany drewnem. W przypadku obiekt\u00f3w autonomicznych bez alternatywnego \u017ar\u00f3d\u0142a ogrzewania zaleca si\u0119 stosowanie w systemie grzewczym niezamarzaj\u0105cego p\u0142ynu ch\u0142odz\u0105cego (specjalnego \u015brodka przeciw zamarzaniu).<\/li>\n<li>Obecno\u015b\u0107 niezb\u0119dnego okablowania elektrycznego. W zale\u017cno\u015bci od mocy nagrzewnicy mo\u017ce by\u0107 przeznaczona do zasilania jednofazowego lub tr\u00f3jfazowego. W przypadku nowo budowanego budynku istnieje mo\u017cliwo\u015b\u0107 uwzgl\u0119dnienia instalacji elektrycznej budynku do pracy kot\u0142a elektrycznego o wymaganej mocy, ale w przypadku ju\u017c wybudowanego budynku mog\u0105 pojawi\u0107 si\u0119 trudno\u015bci z doborem urz\u0105dzenia grzewczego do istniej\u0105cych mo\u017cliwo\u015bci lokalnej sieci energetycznej.<\/li>\n<\/ul>\n<h3>Ogrzewanie kot\u0142\u00f3w elektrycznych BVP *BURAN-K*<\/h3>\n<p>Buran-6k, Buran-9k, Buran-12k, Buran-15k, Buran-25k<\/p>\n<h3>Funkcje:<\/h3>\n<ul>\n<li>Wysoka dok\u0142adno\u015b\u0107 utrzymania temperatury dzi\u0119ki zastosowaniu termostatu z wbudowan\u0105 adaptacyjn\u0105 logik\u0105 pracy. Zastosowanie tego regulatora dodatkowo zmniejsza pob\u00f3r mocy przez kocio\u0142 elektryczny.<\/li>\n<li>Tryb pracy kot\u0142a elektrycznego \u201eZima \/ Lato\u201d zapobiega zablokowaniu pompy obiegowej.<\/li>\n<li>Zastosowanie stycznika ochronnego zapobiega mo\u017cliwo\u015bci awarii kot\u0142a elektrycznego w przypadku uszkodzenia stycznika g\u0142\u00f3wnego (triak) lub termostatu.<\/li>\n<li>Zastosowanie bimetalicznego bezpiecznika termicznego dodatkowo zapobiega ewentualnej przegrzaniu wewn\u0105trz kot\u0142a elektrycznego.<\/li>\n<li>Obecno\u015b\u0107 zaworu bezpiecze\u0144stwa nadci\u015bnienia zapewnia bezpiecze\u0144stwo pracy miedzi elektrycznej.<\/li>\n<\/ul>\n<h3>Podstawowe wyposa\u017cenie kot\u0142a elektrycznego<\/h3>\n<ul>\n<li>czujniki temperatury zasilania i powrotu;<\/li>\n<li>czujniki pr\u0105du;<\/li>\n<li>nadci\u015bnieniowy zaw\u00f3r bezpiecze\u0144stwa;<\/li>\n<li>pompa obiegowa;<\/li>\n<li>stycznik ochronny;<\/li>\n<li>bimetaliczny bezpiecznik termiczny;<\/li>\n<li>zaw\u00f3r spustowy\/nape\u0142niaj\u0105cy;<\/li>\n<li>manometr;<\/li>\n<li>elektroniczny termostat;<\/li>\n<li>Wska\u017aniki LED grzania, stanu pompy, tryb\u00f3w pracy;<\/li>\n<li>automatyczny prze\u0142\u0105cznik w obwodzie zasilania kot\u0142a elektrycznego;<\/li>\n<li>automatyczny wy\u0142\u0105cznik w obwodzie pompy obiegowej i termostatu.<\/li>\n<\/ul>\n<h3>Ogrzewanie kot\u0142\u00f3w elektrycznych BVP *BURAN-K GSM*<\/h3>\n<p>Buran-6K GSM, Buran-9K GSM, Buran-12K GSM, Buran-15K GSM, Buran-25K GSM<\/p>\n<h3>Funkcje:<\/h3>\n<ul>\n<li>Mo\u017cliwo\u015b\u0107 sterowania kot\u0142em elektrycznym za pomoc\u0105 telefonu kom\u00f3rkowego. Wysy\u0142aj\u0105c zwyk\u0142y SMS mo\u017cna w\u0142\u0105czy\u0107\/wy\u0142\u0105czy\u0107 kocio\u0142 elektryczny, zmieni\u0107 tryb pracy, odczyta\u0107 temperatur\u0119 w pomieszczeniu, sprawdzi\u0107 stan kot\u0142a elektrycznego. W przypadku awarii uzyskaj informacje na sw\u00f3j telefon kom\u00f3rkowy.<\/li>\n<li>Wysoka dok\u0142adno\u015b\u0107 utrzymywania temperatury dzi\u0119ki zastosowaniu termostatu z wbudowan\u0105 adaptacyjn\u0105 logik\u0105 dzia\u0142ania. Korzystanie z tego regulatora dodatkowo zmniejsza zu\u017cycie energii.<\/li>\n<li>Tryb pracy bojlera elektrycznego *Zima\/lato* zapobiega zacinaniu si\u0119 pompy cyrkulacyjnej, gdy bojler elektryczny jest wy\u0142\u0105czony przez d\u0142u\u017cszy czas.<\/li>\n<li>Zastosowanie stycznika ochronnego zapobiega mo\u017cliwo\u015bci awarii kot\u0142a elektrycznego, w przypadku awarii stycznika g\u0142\u00f3wnego (triaka) lub termostatu<\/li>\n<li>Zastosowanie bimetalicznego bezpiecznika termicznego zapobiega ewentualnej przegrzaniu wewn\u0105trz kot\u0142a elektrycznego.<\/li>\n<li>Obecno\u015b\u0107 zaworu bezpiecze\u0144stwa nadci\u015bnienia zapewnia bezpiecze\u0144stwo pracy miedzi elektrycznej.<\/li>\n<\/ul>\n<h3>Podstawowe wyposa\u017cenie kot\u0142a elektrycznego<\/h3>\n<ul>\n<li>czujniki temperatury zasilania i powrotu;<\/li>\n<li>czujniki pr\u0105du;<\/li>\n<li>nadci\u015bnieniowy zaw\u00f3r bezpiecze\u0144stwa;<\/li>\n<li>pompa obiegowa;<\/li>\n<li>stycznik ochronny;<\/li>\n<li>bezpiecznik termiczny;<\/li>\n<li>zaw\u00f3r spustowy\/nape\u0142niaj\u0105cy;<\/li>\n<li>manometr;<\/li>\n<li>elektroniczny termostat;<\/li>\n<li>Wska\u017aniki LED grzania, stanu pompy, tryb\u00f3w pracy;<\/li>\n<li>automatyczny prze\u0142\u0105cznik w obwodzie zasilania kot\u0142a elektrycznego;<\/li>\n<li>wy\u0142\u0105cznik bezpiecze\u0144stwa w obwodzie pompy obiegowej i termostatu;<\/li>\n<li>Jednostka komunikacyjna GSM.<\/li>\n<\/ul>","protected":false},"excerpt":{"rendered":"<p>Elektrodowy podgrzewacz wody BURAN-K-kompletny jest wyposa\u017cony w pomp\u0119 cyrkulacyjn\u0105, programator, zaw\u00f3r bezpiecze\u0144stwa, automatyk\u0119 zabezpieczaj\u0105c\u0105 i manometr (mo\u017cliwe jest r\u00f3wnie\u017c zamontowanie modu\u0142u GSM) i jest przeznaczony do ogrzewania pomieszcze\u0144 mieszkalnych wyposa\u017conych w system grzewczy wykorzystuj\u0105cy wod\u0119 lub specjalny p\u0142yn jako no\u015bnik ciep\u0142a.<\/p>","protected":false},"featured_media":14566,"comment_status":"open","ping_status":"closed","template":"","meta":[],"product_brand":[],"product_cat":[137],"product_tag":[534,535],"class_list":{"0":"post-14484","1":"product","2":"type-product","3":"status-publish","4":"has-post-thumbnail","6":"product_cat-heating-electric-boils","7":"product_tag-elektricheskij-kotel","8":"product_tag-elektrodnyj","9":"pa_power-kwt-504","10":"pa_power-kwt-505","11":"pa_power-kwt-506","12":"pa_power-kwt-500","13":"pa_power-kwt-501","14":"pa_power-kwt-502","15":"pa_power-kwt-503","18":"instock","19":"shipping-taxable","20":"purchasable","21":"product-type-variable","22":"has-default-attributes"},"yoast_head":"<title>\u0420\u0415\u0413\u041c\u0406\u041a, \u041d\u0412\u0424, \u041f\u041f &#8211; \u042d\u043b\u0435\u043a\u0442\u0440\u043e\u043a\u043e\u0442\u043b\u044b \u0411\u0423\u0420\u0410\u041d-\u041a<\/title>\n<meta name=\"description\" content=\"\u042d\u043a\u043e\u043d\u043e\u043c\u043d\u044b\u0435 \u044d\u043b\u0435\u043a\u0442\u0440\u043e\u043a\u043e\u0442\u043b\u044b \u043e\u0442 \u043f\u0440\u043e\u0438\u0437\u0432\u043e\u0434\u0438\u0442\u0435\u043b\u044f \u0446\u0435\u043d\u0430 \u043e\u0442 7000\u0433\u0440\u043d. \u041f\u043e\u0434\u0431\u043e\u0440 \u044d\u043b\u0435\u043a\u0442\u0440\u043e\u043a\u043e\u0442\u043b\u043e\u0432 \u00b7 \u0411\u0435\u0441\u043f\u043b\u0430\u0442\u043d\u0430\u044f \u043a\u043e\u043d\u0441\u0443\u043b\u044c\u0442\u0430\u0446\u0438\u044f \u260e+38(0462)614-863\" \/>\n<meta name=\"robots\" content=\"index, follow, max-snippet:-1, max-image-preview:large, max-video-preview:-1\" \/>\n<link rel=\"canonical\" href=\"https:\/\/regmik.ua\/pl\/product\/elektrokotlyi-buran-k\/\" \/>\n<script type=\"application\/ld+json\" class=\"yoast-schema-graph\">{\"@context\":\"https:\\\/\\\/schema.org\",\"@graph\":[{\"@type\":\"WebPage\",\"@id\":\"https:\\\/\\\/regmik.ua\\\/en\\\/product\\\/elektrokotlyi-buran-k\\\/\",\"url\":\"https:\\\/\\\/regmik.ua\\\/en\\\/product\\\/elektrokotlyi-buran-k\\\/\",\"name\":\"\u0420\u0415\u0413\u041c\u0406\u041a, \u041d\u0412\u0424, \u041f\u041f &#8211; \u042d\u043b\u0435\u043a\u0442\u0440\u043e\u043a\u043e\u0442\u043b\u044b \u0411\u0423\u0420\u0410\u041d-\u041a\",\"isPartOf\":{\"@id\":\"https:\\\/\\\/regmik.ua\\\/uk\\\/#website\"},\"primaryImageOfPage\":{\"@id\":\"https:\\\/\\\/regmik.ua\\\/en\\\/product\\\/elektrokotlyi-buran-k\\\/#primaryimage\"},\"image\":{\"@id\":\"https:\\\/\\\/regmik.ua\\\/en\\\/product\\\/elektrokotlyi-buran-k\\\/#primaryimage\"},\"thumbnailUrl\":\"https:\\\/\\\/regmik.ua\\\/wp-content\\\/uploads\\\/2016\\\/10\\\/BURAN.png\",\"datePublished\":\"2016-10-25T05:58:51+00:00\",\"dateModified\":\"2023-05-02T09:31:19+00:00\",\"description\":\"\u042d\u043a\u043e\u043d\u043e\u043c\u043d\u044b\u0435 \u044d\u043b\u0435\u043a\u0442\u0440\u043e\u043a\u043e\u0442\u043b\u044b \u043e\u0442 \u043f\u0440\u043e\u0438\u0437\u0432\u043e\u0434\u0438\u0442\u0435\u043b\u044f \u0446\u0435\u043d\u0430 \u043e\u0442 7000\u0433\u0440\u043d. \u041f\u043e\u0434\u0431\u043e\u0440 \u044d\u043b\u0435\u043a\u0442\u0440\u043e\u043a\u043e\u0442\u043b\u043e\u0432 \u00b7 \u0411\u0435\u0441\u043f\u043b\u0430\u0442\u043d\u0430\u044f \u043a\u043e\u043d\u0441\u0443\u043b\u044c\u0442\u0430\u0446\u0438\u044f \u260e+38(0462)614-863\",\"breadcrumb\":{\"@id\":\"https:\\\/\\\/regmik.ua\\\/en\\\/product\\\/elektrokotlyi-buran-k\\\/#breadcrumb\"},\"inLanguage\":\"pl-PL\",\"potentialAction\":[{\"@type\":\"ReadAction\",\"target\":[\"https:\\\/\\\/regmik.ua\\\/en\\\/product\\\/elektrokotlyi-buran-k\\\/\"]}]},{\"@type\":\"ImageObject\",\"inLanguage\":\"pl-PL\",\"@id\":\"https:\\\/\\\/regmik.ua\\\/en\\\/product\\\/elektrokotlyi-buran-k\\\/#primaryimage\",\"url\":\"https:\\\/\\\/regmik.ua\\\/wp-content\\\/uploads\\\/2016\\\/10\\\/BURAN.png\",\"contentUrl\":\"https:\\\/\\\/regmik.ua\\\/wp-content\\\/uploads\\\/2016\\\/10\\\/BURAN.png\",\"width\":800,\"height\":1024,\"caption\":\"\u042d\u043b\u0435\u043a\u0442\u0440\u0438\u0447\u0435\u0441\u043a\u0438\u0439 \u044d\u043b\u0435\u043a\u0442\u0440\u043e\u0434\u043d\u044b\u0439 \u043e\u0442\u043e\u043f\u0438\u0442\u0435\u043b\u044c\u043d\u044b\u0439 \u043a\u043e\u0442\u0435\u043b\"},{\"@type\":\"BreadcrumbList\",\"@id\":\"https:\\\/\\\/regmik.ua\\\/en\\\/product\\\/elektrokotlyi-buran-k\\\/#breadcrumb\",\"itemListElement\":[{\"@type\":\"ListItem\",\"position\":1,\"name\":\"\u0413\u043b\u0430\u0432\u043d\u0430\u044f \u0441\u0442\u0440\u0430\u043d\u0438\u0446\u0430\",\"item\":\"https:\\\/\\\/regmik.ua\\\/\"},{\"@type\":\"ListItem\",\"position\":2,\"name\":\"\u041f\u0440\u043e\u0434\u0443\u043a\u0446\u0438\u044f\",\"item\":\"https:\\\/\\\/regmik.ua\\\/uk\\\/products\\\/\"},{\"@type\":\"ListItem\",\"position\":3,\"name\":\"\u042d\u043b\u0435\u043a\u0442\u0440\u043e\u043a\u043e\u0442\u043b\u044b \u0411\u0423\u0420\u0410\u041d-\u041a\"}]},{\"@type\":\"WebSite\",\"@id\":\"https:\\\/\\\/regmik.ua\\\/uk\\\/#website\",\"url\":\"https:\\\/\\\/regmik.ua\\\/uk\\\/\",\"name\":\"REGMIK\",\"description\":\"\u0418\u0437\u043c\u0435\u0440\u0438\u0442\u0435\u043b\u044c\u043d\u044b\u0435 \u043f\u0440\u0438\u0431\u043e\u0440\u044b \u0438 \u0434\u0430\u0442\u0447\u0438\u043a\u0438 \u0442\u0435\u043c\u043f\u0435\u0440\u0430\u0442\u0443\u0440\u044b\",\"publisher\":{\"@id\":\"https:\\\/\\\/regmik.ua\\\/uk\\\/#organization\"},\"alternateName\":\"REGMIK\",\"potentialAction\":[{\"@type\":\"SearchAction\",\"target\":{\"@type\":\"EntryPoint\",\"urlTemplate\":\"https:\\\/\\\/regmik.ua\\\/uk\\\/?s={search_term_string}\"},\"query-input\":{\"@type\":\"PropertyValueSpecification\",\"valueRequired\":true,\"valueName\":\"search_term_string\"}}],\"inLanguage\":\"pl-PL\"},{\"@type\":\"Organization\",\"@id\":\"https:\\\/\\\/regmik.ua\\\/uk\\\/#organization\",\"name\":\"REGMIK\",\"alternateName\":\"\u0420\u0415\u0413\u041c\u0418\u041a\",\"url\":\"https:\\\/\\\/regmik.ua\\\/uk\\\/\",\"logo\":{\"@type\":\"ImageObject\",\"inLanguage\":\"pl-PL\",\"@id\":\"https:\\\/\\\/regmik.ua\\\/uk\\\/#\\\/schema\\\/logo\\\/image\\\/\",\"url\":\"https:\\\/\\\/regmik.ua\\\/wp-content\\\/uploads\\\/2020\\\/03\\\/regmik_logo.png\",\"contentUrl\":\"https:\\\/\\\/regmik.ua\\\/wp-content\\\/uploads\\\/2020\\\/03\\\/regmik_logo.png\",\"width\":194,\"height\":45,\"caption\":\"REGMIK\"},\"image\":{\"@id\":\"https:\\\/\\\/regmik.ua\\\/uk\\\/#\\\/schema\\\/logo\\\/image\\\/\"},\"sameAs\":[\"https:\\\/\\\/www.facebook.com\\\/regmik.npf\",\"https:\\\/\\\/x.com\\\/regmiknpf\",\"https:\\\/\\\/www.youtube.com\\\/channel\\\/UC_SrY98SKAmR3Kt95GcVKcw\"]}]}<\/script>","yoast_head_json":{"title":"\u0420\u0415\u0413\u041c\u0406\u041a, \u041d\u0412\u0424, \u041f\u041f &#8211; \u042d\u043b\u0435\u043a\u0442\u0440\u043e\u043a\u043e\u0442\u043b\u044b \u0411\u0423\u0420\u0410\u041d-\u041a","description":"Ekonomiczne kot\u0142y elektryczne od ceny producenta od 7000 UAH. Wyb\u00f3r kot\u0142\u00f3w elektrycznych Bezp\u0142atna konsultacja \u260e+38(0462)614-863","robots":{"index":"index","follow":"follow","max-snippet":"max-snippet:-1","max-image-preview":"max-image-preview:large","max-video-preview":"max-video-preview:-1"},"canonical":"https:\/\/regmik.ua\/pl\/product\/elektrokotlyi-buran-k\/","schema":{"@context":"https:\/\/schema.org","@graph":[{"@type":"WebPage","@id":"https:\/\/regmik.ua\/en\/product\/elektrokotlyi-buran-k\/","url":"https:\/\/regmik.ua\/en\/product\/elektrokotlyi-buran-k\/","name":"\u0420\u0415\u0413\u041c\u0406\u041a, \u041d\u0412\u0424, \u041f\u041f &#8211; \u042d\u043b\u0435\u043a\u0442\u0440\u043e\u043a\u043e\u0442\u043b\u044b \u0411\u0423\u0420\u0410\u041d-\u041a","isPartOf":{"@id":"https:\/\/regmik.ua\/uk\/#website"},"primaryImageOfPage":{"@id":"https:\/\/regmik.ua\/en\/product\/elektrokotlyi-buran-k\/#primaryimage"},"image":{"@id":"https:\/\/regmik.ua\/en\/product\/elektrokotlyi-buran-k\/#primaryimage"},"thumbnailUrl":"https:\/\/regmik.ua\/wp-content\/uploads\/2016\/10\/BURAN.png","datePublished":"2016-10-25T05:58:51+00:00","dateModified":"2023-05-02T09:31:19+00:00","description":"Ekonomiczne kot\u0142y elektryczne od ceny producenta od 7000 UAH. Wyb\u00f3r kot\u0142\u00f3w elektrycznych Bezp\u0142atna konsultacja \u260e+38(0462)614-863","breadcrumb":{"@id":"https:\/\/regmik.ua\/en\/product\/elektrokotlyi-buran-k\/#breadcrumb"},"inLanguage":"pl-PL","potentialAction":[{"@type":"ReadAction","target":["https:\/\/regmik.ua\/en\/product\/elektrokotlyi-buran-k\/"]}]},{"@type":"ImageObject","inLanguage":"pl-PL","@id":"https:\/\/regmik.ua\/en\/product\/elektrokotlyi-buran-k\/#primaryimage","url":"https:\/\/regmik.ua\/wp-content\/uploads\/2016\/10\/BURAN.png","contentUrl":"https:\/\/regmik.ua\/wp-content\/uploads\/2016\/10\/BURAN.png","width":800,"height":1024,"caption":"\u042d\u043b\u0435\u043a\u0442\u0440\u0438\u0447\u0435\u0441\u043a\u0438\u0439 \u044d\u043b\u0435\u043a\u0442\u0440\u043e\u0434\u043d\u044b\u0439 \u043e\u0442\u043e\u043f\u0438\u0442\u0435\u043b\u044c\u043d\u044b\u0439 \u043a\u043e\u0442\u0435\u043b"},{"@type":"BreadcrumbList","@id":"https:\/\/regmik.ua\/en\/product\/elektrokotlyi-buran-k\/#breadcrumb","itemListElement":[{"@type":"ListItem","position":1,"name":"\u0413\u043b\u0430\u0432\u043d\u0430\u044f \u0441\u0442\u0440\u0430\u043d\u0438\u0446\u0430","item":"https:\/\/regmik.ua\/"},{"@type":"ListItem","position":2,"name":"\u041f\u0440\u043e\u0434\u0443\u043a\u0446\u0438\u044f","item":"https:\/\/regmik.ua\/uk\/products\/"},{"@type":"ListItem","position":3,"name":"\u042d\u043b\u0435\u043a\u0442\u0440\u043e\u043a\u043e\u0442\u043b\u044b \u0411\u0423\u0420\u0410\u041d-\u041a"}]},{"@type":"WebSite","@id":"https:\/\/regmik.ua\/uk\/#website","url":"https:\/\/regmik.ua\/uk\/","name":"REGMIK","description":"Przyrz\u0105dy pomiarowe i czujniki temperatury","publisher":{"@id":"https:\/\/regmik.ua\/uk\/#organization"},"alternateName":"REGMIK","potentialAction":[{"@type":"SearchAction","target":{"@type":"EntryPoint","urlTemplate":"https:\/\/regmik.ua\/uk\/?s={search_term_string}"},"query-input":{"@type":"PropertyValueSpecification","valueRequired":true,"valueName":"search_term_string"}}],"inLanguage":"pl-PL"},{"@type":"Organization","@id":"https:\/\/regmik.ua\/uk\/#organization","name":"REGMIK","alternateName":"\u0420\u0415\u0413\u041c\u0418\u041a","url":"https:\/\/regmik.ua\/uk\/","logo":{"@type":"ImageObject","inLanguage":"pl-PL","@id":"https:\/\/regmik.ua\/uk\/#\/schema\/logo\/image\/","url":"https:\/\/regmik.ua\/wp-content\/uploads\/2020\/03\/regmik_logo.png","contentUrl":"https:\/\/regmik.ua\/wp-content\/uploads\/2020\/03\/regmik_logo.png","width":194,"height":45,"caption":"REGMIK"},"image":{"@id":"https:\/\/regmik.ua\/uk\/#\/schema\/logo\/image\/"},"sameAs":["https:\/\/www.facebook.com\/regmik.npf","https:\/\/x.com\/regmiknpf","https:\/\/www.youtube.com\/channel\/UC_SrY98SKAmR3Kt95GcVKcw"]}]}},"_links":{"self":[{"href":"https:\/\/regmik.ua\/pl\/wp-json\/wp\/v2\/product\/14484","targetHints":{"allow":["GET"]}}],"collection":[{"href":"https:\/\/regmik.ua\/pl\/wp-json\/wp\/v2\/product"}],"about":[{"href":"https:\/\/regmik.ua\/pl\/wp-json\/wp\/v2\/types\/product"}],"replies":[{"embeddable":true,"href":"https:\/\/regmik.ua\/pl\/wp-json\/wp\/v2\/comments?post=14484"}],"version-history":[{"count":0,"href":"https:\/\/regmik.ua\/pl\/wp-json\/wp\/v2\/product\/14484\/revisions"}],"wp:featuredmedia":[{"embeddable":true,"href":"https:\/\/regmik.ua\/pl\/wp-json\/wp\/v2\/media\/14566"}],"wp:attachment":[{"href":"https:\/\/regmik.ua\/pl\/wp-json\/wp\/v2\/media?parent=14484"}],"wp:term":[{"taxonomy":"product_brand","embeddable":true,"href":"https:\/\/regmik.ua\/pl\/wp-json\/wp\/v2\/product_brand?post=14484"},{"taxonomy":"product_cat","embeddable":true,"href":"https:\/\/regmik.ua\/pl\/wp-json\/wp\/v2\/product_cat?post=14484"},{"taxonomy":"product_tag","embeddable":true,"href":"https:\/\/regmik.ua\/pl\/wp-json\/wp\/v2\/product_tag?post=14484"}],"curies":[{"name":"wp","href":"https:\/\/api.w.org\/{rel}","templated":true}]}}