{"id":14165,"date":"2016-10-13T16:42:53","date_gmt":"2016-10-13T14:42:53","guid":{"rendered":"http:\/\/test.regmik.com.ua\/index.php\/product\/gilzyi-modifikatsiya-gpp-003\/"},"modified":"2023-11-21T19:58:26","modified_gmt":"2023-11-21T17:58:26","slug":"immersion_sleeve_gz","status":"publish","type":"product","link":"https:\/\/regmik.ua\/pl\/product\/immersion_sleeve_gz\/","title":{"rendered":"Tuleje ochronne GZ-001, GZ-002, GZ-003, GZ-004, GZ-101, GZ-102, GZ-103, GZ-104"},"content":{"rendered":"<div data-elementor-type=\"wp-post\" data-elementor-id=\"14165\" class=\"elementor elementor-14165\">\n\t\t\t\t\t\t<section class=\"elementor-section elementor-top-section elementor-element elementor-element-1489caef elementor-section-boxed elementor-section-height-default elementor-section-height-default\" data-id=\"1489caef\" data-element_type=\"section\" data-e-type=\"section\">\n\t\t\t\t\t\t<div class=\"elementor-container elementor-column-gap-default\">\n\t\t\t\t\t<div class=\"elementor-column elementor-col-100 elementor-top-column elementor-element elementor-element-20bf78e9\" data-id=\"20bf78e9\" data-element_type=\"column\" data-e-type=\"column\">\n\t\t\t<div class=\"elementor-widget-wrap elementor-element-populated\">\n\t\t\t\t\t\t<div class=\"elementor-element elementor-element-4ff8ebb3 elementor-widget elementor-widget-text-editor\" data-id=\"4ff8ebb3\" data-element_type=\"widget\" data-e-type=\"widget\" data-widget_type=\"text-editor.default\">\n\t\t\t\t\t\t\t\t\t<p>Tuleje ochronne (monta\u017cowe, termometryczne, <a href=\"https:\/\/en.wikipedia.org\/wiki\/Thermowell\">os\u0142ona termometryczna<\/a>) GZ-001, GZ-002, GZ-003, GZ-004, GZ-101, GZ-102, GZ-103, GZ-104 (zwane dalej tulejami ochronnymi GZ) przeznaczone s\u0105 do monta\u017cu termometr\u00f3w rezystancyjnych, termoelektrycznych konwertery (<a style=\"font-family: var(--tb-text-primary-font);\" href=\"https:\/\/ru.wikipedia.org\/wiki\/%D0%A2%D0%B5%D1%80%D0%BC%D0%BE%D0%BF%D0%B0%D1%80%D0%B0\">termoelement<\/a><span style=\"font-family: var(--tb-text-primary-font);\">), termometry szklane, czujniki bimetaliczne, manometry. Tuleje ochronne \u0413\u0417 chroni\u0105 zamontowane urz\u0105dzenia przed mechanicznym i chemicznym dzia\u0142aniem \u015brodowiska pracy oraz zwi\u0119kszonymi obci\u0105\u017ceniami dynamicznymi.<\/span><\/p>\n<p>Monta\u017c czujnik\u00f3w temperatury za pomoc\u0105 tulei ochronnych GZ mo\u017ce znacznie wyd\u0142u\u017cy\u0107 \u017cywotno\u015b\u0107 tych czujnik\u00f3w. Tuleje termometryczne GZ mog\u0105 by\u0107 montowane w zbiornikach ci\u015bnieniowych, kot\u0142ach parowych, ruroci\u0105gach, zbiornikach i innych obiektach. Tuleje montuje si\u0119 za pomoc\u0105 <strong>gwintowany<\/strong> (<span style=\"font-family: var(--tb-text-primary-font);\">GZ-001, GZ-002, GZ-003, GZ-004<\/span><span style=\"font-family: var(--tb-text-primary-font);\">) lub <strong>spawane<\/strong> <strong>znajomo\u015bci<\/strong> (<\/span><span style=\"font-family: var(--tb-text-primary-font);\">GZ-101, GZ-102, GZ-103, GZ-104<\/span><span style=\"font-family: var(--tb-text-primary-font);\">).<\/span><\/p>\n<p>Aby zmniejszy\u0107 bezw\u0142adno\u015b\u0107 ciepln\u0105 mo\u017cna wykona\u0107 tuleje z przej\u015bciem na mniejsz\u0105 \u015brednic\u0119 w strefie monta\u017cu obszaru roboczego czujnika temperatury lub innego urz\u0105dzenia montowanego w tulei.<span style=\"font-family: var(--tb-text-primary-font);\"><br><\/span><\/p>\n<div title=\"Strona 2\">\n<div>\n<div>\n<div>\n<p>Tuleje termometryczne produkowane s\u0105 z gwintami monta\u017cowymi: metrycznymi zgodnie z GOST 24705, rur\u0105 cylindryczn\u0105 zgodnie z GOST 6357 i calow\u0105 sto\u017ckow\u0105 zgodnie z GOST 6111. Gwint monta\u017cowy mo\u017cna wykona\u0107 na \u017cyczenie Klienta wed\u0142ug innych standard\u00f3w.<\/p>\n<\/div>\n<\/div>\n<\/div>\n<\/div>\n<p>Tuleje ochronne GZ mog\u0105 by\u0107 stosowane w po\u0142\u0105czeniu z czujnikami temperatury modele 002, 003 i&nbsp;<a href=\"https:\/\/regmik.ua\/?product_cat=sensors&amp;s=101&amp;post_type=product\">101<\/a>.<\/p>\n<div title=\"Strona 2\">\n<div>\n<div>\n<div>\n<p>Tuleje ochronne GZ wykonane s\u0105 ze stali 12X18H10T zgodnie z GOST 5632. Na \u017cyczenie Klienta istnieje mo\u017cliwo\u015b\u0107 wykonania tulei termometrycznych z innych stali.<\/p>\n<\/div>\n<\/div>\n<div>\n<div>\n<p><strong>AISI 321 12\u042518\u041d10\u0422 08\u042518\u041d10\u0422&nbsp;<\/strong>Stal \u017caroodporna, odporna na korozj\u0119 i \u017caroodporno\u015b\u0107 w klasie austenitycznej. Posiada wysok\u0105 wytrzyma\u0142o\u015b\u0107 i trwa\u0142o\u015b\u0107. Jest stosowany w temperaturach do 600 \u00b0 \u0421, aw bardzo agresywnych \u015brodowiskach do 350 \u00b0 \u0421.<br><strong>AISI 304 08-18\u041d10&nbsp;<\/strong>\u017baroodporna, odporna na korozj\u0119 stal austenityczna. Stosowany jest w temperaturach do 400 \u00b0 C w mediach o \u015bredniej aktywno\u015bci.<br><strong>AISI 316L 03\u042517\u041d14\u041c3&nbsp;<\/strong>Stal austenityczna odporna na korozj\u0119. Jest stosowany w temperaturach do 450 \u00b0 C w wi\u0119kszo\u015bci agresywnych \u015brodowisk.<br><strong>AISI 316Ti 10\u042517\u041d13\u041c2\u0422&nbsp;<\/strong>Stal austenityczna odporna na korozj\u0119. Jest stosowany w temperaturach do 600 \u00b0 C w bardzo agresywnych \u015brodowiskach.<br><strong>AISI 430 12X17&nbsp;<\/strong>\u017baroodporna, odporna na korozj\u0119 stal ferrytyczna. Jest stosowany w temperaturach do 400 \u00b0 C w lekko agresywnych \u015brodowiskach.<br><strong>12X1MF&nbsp;<\/strong>Stal \u017caroodporna perlityczna odporna na d\u0142ugotrwa\u0142e dzia\u0142anie wysokich temperatur. Jest stosowany w temperaturach do 600 \u00b0 C.<\/p>\n<\/div>\n<\/div>\n<p>Tuleje monta\u017cowe GZ musz\u0105 by\u0107 eksploatowane przy przep\u0142ywach i ci\u015bnieniach nie przekraczaj\u0105cych warto\u015bci podanych w tabelach dla poszczeg\u00f3lnych modyfikacji tulei. Maksymalne nat\u0119\u017cenie przep\u0142ywu i ci\u015bnienie nominalne czynnika roboczego okre\u015blane s\u0105 w oparciu o warunek zapewnienia wytrzyma\u0142o\u015bci statycznej tulei.<\/p>\n<\/div>\n<\/div>\n<div title=\"Strona 2\">\n<div>\n<div>\n<div>\n<p>Tulejki termometryczne \u0413\u0417 wszystkich modyfikacji s\u0105 uszczelnione. Podlegaj\u0105 one pr\u00f3bom odbiorczym pod ci\u015bnieniem pr\u00f3bnym \u0420\u0440 i musz\u0105 by\u0107 eksploatowane pod ci\u015bnieniem roboczym \u0420\u0440 zgodnie z GOST 3634-79.<\/p>\n<\/div>\n<\/div>\n<\/div>\n<\/div>\n<p>Oznaczenie tulei ochronnych GZ wg TUU 26.5-32195027-008:2016:<\/p>\n<p><strong>REGMIK GPP-GZ- {modyfikacja} .D.D1.d.d1.L.M1.S.M2. {stal_gatunek}<\/strong>,<\/p>\n<p>gdzie D, D1 - \u015brednica zewn\u0119trzna cz\u0119\u015bci monta\u017cowej, mm<br>d, d1 - wewn\u0119trzna \u015brednica cz\u0119\u015bci mocuj\u0105cej, mm<br>L, L1 - d\u0142ugo\u015b\u0107 cz\u0119\u015bci monta\u017cowej, mm<br>M1 - rodzaj gwintu zewn\u0119trznego lub \u015brednica cz\u0119\u015bci spawanej<br>M2 - rodzaj gwintu wewn\u0119trznego<br>a1 - d\u0142ugo\u015b\u0107 cz\u0119\u015bci zewn\u0119trznej gwintowanej lub spawanej, mm<br>a2 - d\u0142ugo\u015b\u0107 cz\u0119\u015bci z gwintem wewn\u0119trznym, mm<br>S - szesnastkowy.<\/p>\t\t\t\t\t\t\t\t<\/div>\n\t\t\t\t\t<\/div>\n\t\t<\/div>\n\t\t\t\t\t<\/div>\n\t\t<\/section>\n\t\t\t\t<\/div>","protected":false},"excerpt":{"rendered":"<p>Tuleje ochronne (monta\u017cowe, termometryczne, zanurzeniowe) GZ przeznaczone s\u0105 do mocowania termometr\u00f3w oporowych, termopar, termometr\u00f3w szklanych, czujnik\u00f3w bimetalicznych, manometr\u00f3w.<\/p>","protected":false},"featured_media":13987,"comment_status":"open","ping_status":"closed","template":"","meta":[],"product_brand":[],"product_cat":[467,38],"product_tag":[472,89,471],"class_list":{"0":"post-14165","1":"product","2":"type-product","3":"status-publish","4":"has-post-thumbnail","6":"product_cat-protective-fittings","7":"product_cat-sensors","8":"product_tag-gilza","9":"product_tag-datchik","10":"product_tag-zashhitnaya-armatura","13":"instock","14":"shipping-taxable","15":"purchasable","16":"product-type-simple"},"yoast_head":"<title>\u0413\u0438\u043b\u044c\u0437\u044b \u0437\u0430\u0449\u0438\u0442\u043d\u044b\u0435 \u0413\u0417 &#8211; \u0420\u0415\u0413\u041c\u0406\u041a, \u041d\u0412\u0424, \u041f\u041f (\u0418\u0437\u0433\u043e\u0442\u043e\u0432\u043b\u0435\u043d\u043e \u0432 \u0423\u043a\u0440\u0430\u0438\u043d\u0435)<\/title>\n<meta name=\"description\" content=\"\u0413\u0438\u043b\u044c\u0437\u044b \u0437\u0430\u0449\u0438\u0442\u043d\u044b\u0435 \u0413\u0417 \u043f\u0440\u0435\u0434\u043d\u0430\u0437\u043d\u0430\u0447\u0435\u043d\u044b \u0434\u043b\u044f \u043c\u043e\u043d\u0442\u0430\u0436\u0430\u00a0\u0434\u0430\u0442\u0447\u0438\u043a\u043e\u0432 \u0442\u0435\u043c\u043f\u0435\u0440\u0430\u0442\u0443\u0440\u044b \u0442\u0435\u0440\u043c\u043e\u043c\u0435\u0442\u0440\u043e\u0432 \u0441\u0442\u0435\u043a\u043b\u044f\u043d\u043d\u044b\u0445, \u0431\u0438\u043c\u0435\u0442\u0430\u043b\u043b\u0438\u0447\u0435\u0441\u043a\u0438\u0445 \u0438 \u043c\u0430\u043d\u043e\u043c\u0435\u0442\u0440\u0438\u0447\u0435\u0441\u043a\u0438\u0445.\" \/>\n<meta name=\"robots\" content=\"index, follow, max-snippet:-1, max-image-preview:large, max-video-preview:-1\" \/>\n<link rel=\"canonical\" href=\"https:\/\/regmik.ua\/pl\/product\/immersion_sleeve_gz\/\" \/>\n<script type=\"application\/ld+json\" class=\"yoast-schema-graph\">{\"@context\":\"https:\\\/\\\/schema.org\",\"@graph\":[{\"@type\":\"WebPage\",\"@id\":\"https:\\\/\\\/regmik.ua\\\/product\\\/immersion_sleeve_gz\\\/\",\"url\":\"https:\\\/\\\/regmik.ua\\\/product\\\/immersion_sleeve_gz\\\/\",\"name\":\"\u0413\u0438\u043b\u044c\u0437\u044b \u0437\u0430\u0449\u0438\u0442\u043d\u044b\u0435 \u0413\u0417 &#8211; \u0420\u0415\u0413\u041c\u0406\u041a, \u041d\u0412\u0424, \u041f\u041f (\u0418\u0437\u0433\u043e\u0442\u043e\u0432\u043b\u0435\u043d\u043e \u0432 \u0423\u043a\u0440\u0430\u0438\u043d\u0435)\",\"isPartOf\":{\"@id\":\"https:\\\/\\\/regmik.ua\\\/uk\\\/#website\"},\"primaryImageOfPage\":{\"@id\":\"https:\\\/\\\/regmik.ua\\\/product\\\/immersion_sleeve_gz\\\/#primaryimage\"},\"image\":{\"@id\":\"https:\\\/\\\/regmik.ua\\\/product\\\/immersion_sleeve_gz\\\/#primaryimage\"},\"thumbnailUrl\":\"https:\\\/\\\/regmik.ua\\\/wp-content\\\/uploads\\\/2015\\\/08\\\/GZ002.png\",\"datePublished\":\"2016-10-13T14:42:53+00:00\",\"dateModified\":\"2023-11-21T17:58:26+00:00\",\"description\":\"\u0413\u0438\u043b\u044c\u0437\u044b \u0437\u0430\u0449\u0438\u0442\u043d\u044b\u0435 \u0413\u0417 \u043f\u0440\u0435\u0434\u043d\u0430\u0437\u043d\u0430\u0447\u0435\u043d\u044b \u0434\u043b\u044f \u043c\u043e\u043d\u0442\u0430\u0436\u0430\u00a0\u0434\u0430\u0442\u0447\u0438\u043a\u043e\u0432 \u0442\u0435\u043c\u043f\u0435\u0440\u0430\u0442\u0443\u0440\u044b \u0442\u0435\u0440\u043c\u043e\u043c\u0435\u0442\u0440\u043e\u0432 \u0441\u0442\u0435\u043a\u043b\u044f\u043d\u043d\u044b\u0445, \u0431\u0438\u043c\u0435\u0442\u0430\u043b\u043b\u0438\u0447\u0435\u0441\u043a\u0438\u0445 \u0438 \u043c\u0430\u043d\u043e\u043c\u0435\u0442\u0440\u0438\u0447\u0435\u0441\u043a\u0438\u0445.\",\"breadcrumb\":{\"@id\":\"https:\\\/\\\/regmik.ua\\\/product\\\/immersion_sleeve_gz\\\/#breadcrumb\"},\"inLanguage\":\"pl-PL\",\"potentialAction\":[{\"@type\":\"ReadAction\",\"target\":[\"https:\\\/\\\/regmik.ua\\\/product\\\/immersion_sleeve_gz\\\/\"]}]},{\"@type\":\"ImageObject\",\"inLanguage\":\"pl-PL\",\"@id\":\"https:\\\/\\\/regmik.ua\\\/product\\\/immersion_sleeve_gz\\\/#primaryimage\",\"url\":\"https:\\\/\\\/regmik.ua\\\/wp-content\\\/uploads\\\/2015\\\/08\\\/GZ002.png\",\"contentUrl\":\"https:\\\/\\\/regmik.ua\\\/wp-content\\\/uploads\\\/2015\\\/08\\\/GZ002.png\",\"width\":800,\"height\":1024,\"caption\":\"\u0413\u0438\u043b\u044c\u0437\u044b \u0437\u0430\u0449\u0438\u0442\u043d\u044b\u0435 \u0413\u0417-002\"},{\"@type\":\"BreadcrumbList\",\"@id\":\"https:\\\/\\\/regmik.ua\\\/product\\\/immersion_sleeve_gz\\\/#breadcrumb\",\"itemListElement\":[{\"@type\":\"ListItem\",\"position\":1,\"name\":\"\u0413\u043b\u0430\u0432\u043d\u0430\u044f \u0441\u0442\u0440\u0430\u043d\u0438\u0446\u0430\",\"item\":\"https:\\\/\\\/regmik.ua\\\/\"},{\"@type\":\"ListItem\",\"position\":2,\"name\":\"\u041f\u0440\u043e\u0434\u0443\u043a\u0446\u0438\u044f\",\"item\":\"https:\\\/\\\/regmik.ua\\\/uk\\\/products\\\/\"},{\"@type\":\"ListItem\",\"position\":3,\"name\":\"\u0413\u0438\u043b\u044c\u0437\u044b \u0437\u0430\u0449\u0438\u0442\u043d\u044b\u0435 \u0413\u0417-001, \u0413\u0417-002, \u0413\u0417-003, \u0413\u0417-004, \u0413\u0417-101, \u0413\u0417-102, \u0413\u0417-103, \u0413\u0417-104\"}]},{\"@type\":\"WebSite\",\"@id\":\"https:\\\/\\\/regmik.ua\\\/uk\\\/#website\",\"url\":\"https:\\\/\\\/regmik.ua\\\/uk\\\/\",\"name\":\"REGMIK\",\"description\":\"\u0418\u0437\u043c\u0435\u0440\u0438\u0442\u0435\u043b\u044c\u043d\u044b\u0435 \u043f\u0440\u0438\u0431\u043e\u0440\u044b \u0438 \u0434\u0430\u0442\u0447\u0438\u043a\u0438 \u0442\u0435\u043c\u043f\u0435\u0440\u0430\u0442\u0443\u0440\u044b\",\"publisher\":{\"@id\":\"https:\\\/\\\/regmik.ua\\\/uk\\\/#organization\"},\"alternateName\":\"REGMIK\",\"potentialAction\":[{\"@type\":\"SearchAction\",\"target\":{\"@type\":\"EntryPoint\",\"urlTemplate\":\"https:\\\/\\\/regmik.ua\\\/uk\\\/?s={search_term_string}\"},\"query-input\":{\"@type\":\"PropertyValueSpecification\",\"valueRequired\":true,\"valueName\":\"search_term_string\"}}],\"inLanguage\":\"pl-PL\"},{\"@type\":\"Organization\",\"@id\":\"https:\\\/\\\/regmik.ua\\\/uk\\\/#organization\",\"name\":\"REGMIK\",\"alternateName\":\"\u0420\u0415\u0413\u041c\u0418\u041a\",\"url\":\"https:\\\/\\\/regmik.ua\\\/uk\\\/\",\"logo\":{\"@type\":\"ImageObject\",\"inLanguage\":\"pl-PL\",\"@id\":\"https:\\\/\\\/regmik.ua\\\/uk\\\/#\\\/schema\\\/logo\\\/image\\\/\",\"url\":\"https:\\\/\\\/regmik.ua\\\/wp-content\\\/uploads\\\/2020\\\/03\\\/regmik_logo.png\",\"contentUrl\":\"https:\\\/\\\/regmik.ua\\\/wp-content\\\/uploads\\\/2020\\\/03\\\/regmik_logo.png\",\"width\":194,\"height\":45,\"caption\":\"REGMIK\"},\"image\":{\"@id\":\"https:\\\/\\\/regmik.ua\\\/uk\\\/#\\\/schema\\\/logo\\\/image\\\/\"},\"sameAs\":[\"https:\\\/\\\/www.facebook.com\\\/regmik.npf\",\"https:\\\/\\\/x.com\\\/regmiknpf\",\"https:\\\/\\\/www.youtube.com\\\/channel\\\/UC_SrY98SKAmR3Kt95GcVKcw\"]}]}<\/script>","yoast_head_json":{"title":"\u0413\u0438\u043b\u044c\u0437\u044b \u0437\u0430\u0449\u0438\u0442\u043d\u044b\u0435 \u0413\u0417 &#8211; \u0420\u0415\u0413\u041c\u0406\u041a, \u041d\u0412\u0424, \u041f\u041f (\u0418\u0437\u0433\u043e\u0442\u043e\u0432\u043b\u0435\u043d\u043e \u0432 \u0423\u043a\u0440\u0430\u0438\u043d\u0435)","description":"Tulejki ochronne GZ przeznaczone s\u0105 do monta\u017cu czujnik\u00f3w temperatury termometr\u00f3w szklanych, bimetalicznych i manometrycznych.","robots":{"index":"index","follow":"follow","max-snippet":"max-snippet:-1","max-image-preview":"max-image-preview:large","max-video-preview":"max-video-preview:-1"},"canonical":"https:\/\/regmik.ua\/pl\/product\/immersion_sleeve_gz\/","schema":{"@context":"https:\/\/schema.org","@graph":[{"@type":"WebPage","@id":"https:\/\/regmik.ua\/product\/immersion_sleeve_gz\/","url":"https:\/\/regmik.ua\/product\/immersion_sleeve_gz\/","name":"\u0413\u0438\u043b\u044c\u0437\u044b \u0437\u0430\u0449\u0438\u0442\u043d\u044b\u0435 \u0413\u0417 &#8211; \u0420\u0415\u0413\u041c\u0406\u041a, \u041d\u0412\u0424, \u041f\u041f (\u0418\u0437\u0433\u043e\u0442\u043e\u0432\u043b\u0435\u043d\u043e \u0432 \u0423\u043a\u0440\u0430\u0438\u043d\u0435)","isPartOf":{"@id":"https:\/\/regmik.ua\/uk\/#website"},"primaryImageOfPage":{"@id":"https:\/\/regmik.ua\/product\/immersion_sleeve_gz\/#primaryimage"},"image":{"@id":"https:\/\/regmik.ua\/product\/immersion_sleeve_gz\/#primaryimage"},"thumbnailUrl":"https:\/\/regmik.ua\/wp-content\/uploads\/2015\/08\/GZ002.png","datePublished":"2016-10-13T14:42:53+00:00","dateModified":"2023-11-21T17:58:26+00:00","description":"Tulejki ochronne GZ przeznaczone s\u0105 do monta\u017cu czujnik\u00f3w temperatury termometr\u00f3w szklanych, bimetalicznych i manometrycznych.","breadcrumb":{"@id":"https:\/\/regmik.ua\/product\/immersion_sleeve_gz\/#breadcrumb"},"inLanguage":"pl-PL","potentialAction":[{"@type":"ReadAction","target":["https:\/\/regmik.ua\/product\/immersion_sleeve_gz\/"]}]},{"@type":"ImageObject","inLanguage":"pl-PL","@id":"https:\/\/regmik.ua\/product\/immersion_sleeve_gz\/#primaryimage","url":"https:\/\/regmik.ua\/wp-content\/uploads\/2015\/08\/GZ002.png","contentUrl":"https:\/\/regmik.ua\/wp-content\/uploads\/2015\/08\/GZ002.png","width":800,"height":1024,"caption":"\u0413\u0438\u043b\u044c\u0437\u044b \u0437\u0430\u0449\u0438\u0442\u043d\u044b\u0435 \u0413\u0417-002"},{"@type":"BreadcrumbList","@id":"https:\/\/regmik.ua\/product\/immersion_sleeve_gz\/#breadcrumb","itemListElement":[{"@type":"ListItem","position":1,"name":"\u0413\u043b\u0430\u0432\u043d\u0430\u044f \u0441\u0442\u0440\u0430\u043d\u0438\u0446\u0430","item":"https:\/\/regmik.ua\/"},{"@type":"ListItem","position":2,"name":"\u041f\u0440\u043e\u0434\u0443\u043a\u0446\u0438\u044f","item":"https:\/\/regmik.ua\/uk\/products\/"},{"@type":"ListItem","position":3,"name":"\u0413\u0438\u043b\u044c\u0437\u044b \u0437\u0430\u0449\u0438\u0442\u043d\u044b\u0435 \u0413\u0417-001, \u0413\u0417-002, \u0413\u0417-003, \u0413\u0417-004, \u0413\u0417-101, \u0413\u0417-102, \u0413\u0417-103, \u0413\u0417-104"}]},{"@type":"WebSite","@id":"https:\/\/regmik.ua\/uk\/#website","url":"https:\/\/regmik.ua\/uk\/","name":"REGMIK","description":"Przyrz\u0105dy pomiarowe i czujniki temperatury","publisher":{"@id":"https:\/\/regmik.ua\/uk\/#organization"},"alternateName":"REGMIK","potentialAction":[{"@type":"SearchAction","target":{"@type":"EntryPoint","urlTemplate":"https:\/\/regmik.ua\/uk\/?s={search_term_string}"},"query-input":{"@type":"PropertyValueSpecification","valueRequired":true,"valueName":"search_term_string"}}],"inLanguage":"pl-PL"},{"@type":"Organization","@id":"https:\/\/regmik.ua\/uk\/#organization","name":"REGMIK","alternateName":"\u0420\u0415\u0413\u041c\u0418\u041a","url":"https:\/\/regmik.ua\/uk\/","logo":{"@type":"ImageObject","inLanguage":"pl-PL","@id":"https:\/\/regmik.ua\/uk\/#\/schema\/logo\/image\/","url":"https:\/\/regmik.ua\/wp-content\/uploads\/2020\/03\/regmik_logo.png","contentUrl":"https:\/\/regmik.ua\/wp-content\/uploads\/2020\/03\/regmik_logo.png","width":194,"height":45,"caption":"REGMIK"},"image":{"@id":"https:\/\/regmik.ua\/uk\/#\/schema\/logo\/image\/"},"sameAs":["https:\/\/www.facebook.com\/regmik.npf","https:\/\/x.com\/regmiknpf","https:\/\/www.youtube.com\/channel\/UC_SrY98SKAmR3Kt95GcVKcw"]}]}},"_links":{"self":[{"href":"https:\/\/regmik.ua\/pl\/wp-json\/wp\/v2\/product\/14165","targetHints":{"allow":["GET"]}}],"collection":[{"href":"https:\/\/regmik.ua\/pl\/wp-json\/wp\/v2\/product"}],"about":[{"href":"https:\/\/regmik.ua\/pl\/wp-json\/wp\/v2\/types\/product"}],"replies":[{"embeddable":true,"href":"https:\/\/regmik.ua\/pl\/wp-json\/wp\/v2\/comments?post=14165"}],"version-history":[{"count":0,"href":"https:\/\/regmik.ua\/pl\/wp-json\/wp\/v2\/product\/14165\/revisions"}],"wp:featuredmedia":[{"embeddable":true,"href":"https:\/\/regmik.ua\/pl\/wp-json\/wp\/v2\/media\/13987"}],"wp:attachment":[{"href":"https:\/\/regmik.ua\/pl\/wp-json\/wp\/v2\/media?parent=14165"}],"wp:term":[{"taxonomy":"product_brand","embeddable":true,"href":"https:\/\/regmik.ua\/pl\/wp-json\/wp\/v2\/product_brand?post=14165"},{"taxonomy":"product_cat","embeddable":true,"href":"https:\/\/regmik.ua\/pl\/wp-json\/wp\/v2\/product_cat?post=14165"},{"taxonomy":"product_tag","embeddable":true,"href":"https:\/\/regmik.ua\/pl\/wp-json\/wp\/v2\/product_tag?post=14165"}],"curies":[{"name":"wp","href":"https:\/\/api.w.org\/{rel}","templated":true}]}}