{"id":13799,"date":"2016-10-07T11:08:10","date_gmt":"2016-10-07T09:08:10","guid":{"rendered":"http:\/\/test.regmik.com.ua\/index.php\/product\/datchiki-temperaturyi-modifikatsiya-205\/"},"modified":"2025-10-17T10:00:16","modified_gmt":"2025-10-17T08:00:16","slug":"datchiki-temperatury-205","status":"publish","type":"product","link":"https:\/\/regmik.ua\/pl\/product\/datchiki-temperatury-205\/","title":{"rendered":"Czujniki temperatury \u0422\u0421\u041c-205, \u0422\u0421\u041f-205, \u0422\u0425\u0410-205, \u0422\u0425\u041a-205, \u0422\u0416\u041a-205"},"content":{"rendered":"<p><a href=\"http:\/\/regmik.ua\/product-category\/sensors\/temperature-sensors\/\">Czujniki temperatury<\/a> \u0422\u0421\u041c-205, \u0422\u0421\u041f-205, \u0422\u0425\u0410-205, \u0422\u0425\u041a-205, \u0422\u0416\u041a-205 grupa 2 s\u0105 przeznaczone do pomiaru temperatury powierzchni cia\u0142 sta\u0142ych w r\u00f3\u017cnych ga\u0142\u0119ziach przemys\u0142u. Charakteryzuj\u0105 si\u0119 ma\u0142ymi gabarytami, poprawion\u0105 bezw\u0142adno\u015bci\u0105 ciepln\u0105, nie wymagaj\u0105 skomplikowanych prac instalacyjnych przy monta\u017cu na miejscu.<\/p>\n<p>Temperatura jest najcz\u0119\u015bciej mierzonym parametrem, a przegrzanie jest jednym z najbardziej negatywnych czynnik\u00f3w w dzia\u0142aniu sprz\u0119tu, dlatego istnieje ogromna liczba sposob\u00f3w i miejsc stosowania czujnik\u00f3w temperatury.<\/p>\n<p>Zasada dzia\u0142ania termopar oporowych polega na zmianie rezystancji elektrycznej przewodnik\u00f3w i p\u00f3\u0142przewodnik\u00f3w w zale\u017cno\u015bci od temperatury. Materia\u0142 z jakiego wykonany jest taki czujnik powinien mie\u0107 wysoki wsp\u00f3\u0142czynnik temperaturowy rezystancji, mo\u017cliwie liniow\u0105 zale\u017cno\u015b\u0107 rezystancji od temperatury, dobr\u0105 odtwarzalno\u015b\u0107 w\u0142a\u015bciwo\u015bci oraz oboj\u0119tno\u015b\u0107 na wp\u0142ywy otoczenia. W najwi\u0119kszym stopniu platyna spe\u0142nia wszystkie powy\u017csze w\u0142a\u015bciwo\u015bci; nieco mniej miedzi.<\/p>\n<p><a href=\"https:\/\/ru.wikipedia.org\/wiki\/%D0%A2%D0%B5%D1%80%D0%BC%D0%BE%D0%BF%D0%B0%D1%80%D0%B0\">Termoelement<\/a>\u00a0S\u0105 wy\u0142\u0105cznie r\u00f3\u017cnicowymi czujnikami temperatury. Generuj\u0105 sygna\u0142 elektryczny proporcjonalny do r\u00f3\u017cnicy temperatur mi\u0119dzy dwoma r\u00f3\u017cnymi punktami. Dlatego z\u0142\u0105cze (skrzy\u017cowanie), kt\u00f3rego u\u017cywamy do pomiaru wymaganej temperatury, nazywa si\u0119 z\u0142\u0105czem \u201egor\u0105cym\u201d, podczas gdy drugie z\u0142\u0105cze (z kt\u00f3rego nie mo\u017cemy uciec) nazywa si\u0119 \u201ezimnym\u201d.<\/p>\n<h3>Klasyfikacja czujnik\u00f3w temperatury \u0422\u0421\u041c-205, \u0422\u0421\u041f-205, \u0422\u0425\u0410-205, \u0422\u0425\u041a-205, \u0422\u0416\u041a-205 REGMIK wed\u0142ug rodzaju elementu pomiarowego (czu\u0142ego)<\/h3>\n<ul>\n<li>termopary oporowe (termometry) - TSM, TSP;<\/li>\n<li>termoelektryczne termoelementy (termopary) - THA, THK, TJK;<\/li>\n<li>konwertery p\u00f3\u0142przewodnikowe - TP.<\/li>\n<\/ul>\n<h3>G\u0142\u00f3wne parametry techniczne czujnik\u00f3w temperatury \u0422\u0421\u041c-205, \u0422\u0421\u041f-205, \u0422\u0425\u0410-205, \u0422\u0425\u041a-205, \u0422\u0416\u041a-205:<\/h3>\n<ul>\n<li>Schemat pod\u0142\u0105czenia CHE - dwu-, trzy-, czteroprzewodowy;<\/li>\n<li>wed\u0142ug rodzaju SE dzieli si\u0119 na:\n<ul>\n<li>\u00a0termopary rezystancyjne (RTD, termometry rezystancyjne, termometry, czujniki temperatury) (50M, 100M, 50P, 100P, Pt100, Pt500, Pt1000, Pt2000, Pt10000);<\/li>\n<li>konwertery termoelektryczne (TP, konwertery termoelektryczne, termopary, czujniki temperatury) (\u0422\u0425\u0410 (\u041a), \u0422\u0425\u041a (L));<\/li>\n<li>p\u00f3\u0142przewodnik (DS18B20);<\/li>\n<\/ul>\n<\/li>\n<li>stopie\u0144 ochrony przed py\u0142em i wod\u0105 - IP54;<\/li>\n<li>konstrukcja przetwornik\u00f3w termicznych (czujnik\u00f3w temperatury) - nieroz\u0142\u0105cznych;<\/li>\n<li>\u00a0rezystancja izolacji - nie mniej ni\u017c 100 megaom\u00f3w;<\/li>\n<li>klasy tolerancji - A, B, C (dla pojazdu), 1, 2 (dla TP).<\/li>\n<\/ul>","protected":false},"excerpt":{"rendered":"<p>Czujniki temperatury \u0422\u0421\u041c-205, \u0422\u0421\u041f-205, \u0422\u0425\u0410-205, \u0422\u0425\u041a-205, \u0422\u0416\u041a-205 z grupy 2 s\u0105 przeznaczone do pomiaru temperatury powierzchni cia\u0142 sta\u0142ych w r\u00f3\u017cnych ga\u0142\u0119ziach przemys\u0142u. Charakteryzuj\u0105 si\u0119 ma\u0142ymi gabarytami, poprawion\u0105 bezw\u0142adno\u015bci\u0105 ciepln\u0105, nie wymagaj\u0105 skomplikowanych prac instalacyjnych przy monta\u017cu na miejscu. Temperatura jest najcz\u0119\u015bciej mierzonym parametrem, a przegrzanie jest jednym z najbardziej negatywnych czynnik\u00f3w w dzia\u0142aniu sprz\u0119tu,... <a href=\"https:\/\/regmik.ua\/pl\/product\/datchiki-temperatury-205\/\" class=\"more-link\">Kontynuuj czytanie <span class=\"screen-reader-text\">Czujniki temperatury \u0422\u0421\u041c-205, \u0422\u0421\u041f-205, \u0422\u0425\u0410-205, \u0422\u0425\u041a-205, \u0422\u0416\u041a-205<\/span><\/a><\/p>","protected":false},"featured_media":13803,"comment_status":"open","ping_status":"closed","template":"","meta":[],"product_brand":[],"product_cat":[38,131],"product_tag":[3191,3078],"class_list":{"0":"post-13799","1":"product","2":"type-product","3":"status-publish","4":"has-post-thumbnail","6":"product_cat-sensors","7":"product_cat-surface","8":"product_tag-3191","9":"product_tag-temperature-sensors","10":"pa_accuracy-class-417","11":"pa_accuracy-class-418","12":"pa_accuracy-class-abb3","13":"pa_thermal-inertia-6-8","14":"pa_type-of-nsh-tsm-50m100m","15":"pa_type-of-nsh-tsp-pt100-pt500-pt1000","16":"pa_type-of-nsh-thktha","17":"pa_working-range-of-temperatur-40-270","20":"instock","21":"shipping-taxable","22":"purchasable","23":"product-type-variable"},"yoast_head":"<title>\u0414\u0430\u0442\u0447\u0438\u043a\u0438 \u0442\u0435\u043c\u043f\u0435\u0440\u0430\u0442\u0443\u0440\u044b \u0422\u0421\u041c-205, \u0422\u0421\u041f-205, \u0422\u0425\u0410-205, \u0422\u0425\u041a-205, \u0422\u0416\u041a-205 &#8211; \u0420\u0415\u0413\u041c\u0406\u041a, \u041d\u0412\u0424, \u041f\u041f (\u0418\u0437\u0433\u043e\u0442\u043e\u0432\u043b\u0435\u043d\u043e \u0432 \u0423\u043a\u0440\u0430\u0438\u043d\u0435)<\/title>\n<meta name=\"description\" content=\"\u0414\u0430\u0442\u0447\u0438\u043a\u0438 \u0442\u0435\u043c\u043f\u0435\u0440\u0430\u0442\u0443\u0440\u044b 205 \u043f\u0440\u0435\u0434\u043d\u0430\u0437\u043d\u0430\u0447\u0435\u043d\u044b \u0434\u043b\u044f \u0438\u0437\u043c\u0435\u0440\u0435\u043d\u0438\u044f \u0442\u0435\u043c\u043f\u0435\u0440\u0430\u0442\u0443\u0440\u044b \u043f\u043e\u0432\u0435\u0440\u0445\u043d\u043e\u0441\u0442\u0438 \u0442\u0432\u0435\u0440\u0434\u044b\u0445 \u0442\u0435\u043b \u0432 \u0440\u0430\u0437\u043b\u0438\u0447\u043d\u044b\u0445 \u043e\u0442\u0440\u0430\u0441\u043b\u044f\u0445 \u043f\u0440\u043e\u043c\u044b\u0448\u043b\u0435\u043d\u043d\u043e\u0441\u0442\u0438.\" \/>\n<meta name=\"robots\" content=\"index, follow, max-snippet:-1, max-image-preview:large, max-video-preview:-1\" \/>\n<link rel=\"canonical\" href=\"https:\/\/regmik.ua\/pl\/product\/datchiki-temperatury-205\/\" \/>\n<script type=\"application\/ld+json\" class=\"yoast-schema-graph\">{\"@context\":\"https:\\\/\\\/schema.org\",\"@graph\":[{\"@type\":\"WebPage\",\"@id\":\"https:\\\/\\\/regmik.ua\\\/product\\\/datchiki-temperatury-205\\\/\",\"url\":\"https:\\\/\\\/regmik.ua\\\/product\\\/datchiki-temperatury-205\\\/\",\"name\":\"\u0414\u0430\u0442\u0447\u0438\u043a\u0438 \u0442\u0435\u043c\u043f\u0435\u0440\u0430\u0442\u0443\u0440\u044b \u0422\u0421\u041c-205, \u0422\u0421\u041f-205, \u0422\u0425\u0410-205, \u0422\u0425\u041a-205, \u0422\u0416\u041a-205 &#8211; \u0420\u0415\u0413\u041c\u0406\u041a, \u041d\u0412\u0424, \u041f\u041f (\u0418\u0437\u0433\u043e\u0442\u043e\u0432\u043b\u0435\u043d\u043e \u0432 \u0423\u043a\u0440\u0430\u0438\u043d\u0435)\",\"isPartOf\":{\"@id\":\"https:\\\/\\\/regmik.ua\\\/uk\\\/#website\"},\"primaryImageOfPage\":{\"@id\":\"https:\\\/\\\/regmik.ua\\\/product\\\/datchiki-temperatury-205\\\/#primaryimage\"},\"image\":{\"@id\":\"https:\\\/\\\/regmik.ua\\\/product\\\/datchiki-temperatury-205\\\/#primaryimage\"},\"thumbnailUrl\":\"https:\\\/\\\/regmik.ua\\\/wp-content\\\/uploads\\\/2015\\\/08\\\/Txx205.gif\",\"datePublished\":\"2016-10-07T09:08:10+00:00\",\"dateModified\":\"2025-10-17T08:00:16+00:00\",\"description\":\"\u0414\u0430\u0442\u0447\u0438\u043a\u0438 \u0442\u0435\u043c\u043f\u0435\u0440\u0430\u0442\u0443\u0440\u044b 205 \u043f\u0440\u0435\u0434\u043d\u0430\u0437\u043d\u0430\u0447\u0435\u043d\u044b \u0434\u043b\u044f \u0438\u0437\u043c\u0435\u0440\u0435\u043d\u0438\u044f \u0442\u0435\u043c\u043f\u0435\u0440\u0430\u0442\u0443\u0440\u044b \u043f\u043e\u0432\u0435\u0440\u0445\u043d\u043e\u0441\u0442\u0438 \u0442\u0432\u0435\u0440\u0434\u044b\u0445 \u0442\u0435\u043b \u0432 \u0440\u0430\u0437\u043b\u0438\u0447\u043d\u044b\u0445 \u043e\u0442\u0440\u0430\u0441\u043b\u044f\u0445 \u043f\u0440\u043e\u043c\u044b\u0448\u043b\u0435\u043d\u043d\u043e\u0441\u0442\u0438.\",\"breadcrumb\":{\"@id\":\"https:\\\/\\\/regmik.ua\\\/product\\\/datchiki-temperatury-205\\\/#breadcrumb\"},\"inLanguage\":\"pl-PL\",\"potentialAction\":[{\"@type\":\"ReadAction\",\"target\":[\"https:\\\/\\\/regmik.ua\\\/product\\\/datchiki-temperatury-205\\\/\"]}]},{\"@type\":\"ImageObject\",\"inLanguage\":\"pl-PL\",\"@id\":\"https:\\\/\\\/regmik.ua\\\/product\\\/datchiki-temperatury-205\\\/#primaryimage\",\"url\":\"https:\\\/\\\/regmik.ua\\\/wp-content\\\/uploads\\\/2015\\\/08\\\/Txx205.gif\",\"contentUrl\":\"https:\\\/\\\/regmik.ua\\\/wp-content\\\/uploads\\\/2015\\\/08\\\/Txx205.gif\",\"width\":800,\"height\":1024,\"caption\":\"\u0414\u0430\u0442\u0447\u0438\u043a \u0442\u0435\u043c\u043f\u0435\u0440\u0430\u0442\u0443\u0440\u044b (\u041c\u043e\u0434\u0438\u0444\u0438\u043a\u0430\u0446\u0438\u044f 205)\"},{\"@type\":\"BreadcrumbList\",\"@id\":\"https:\\\/\\\/regmik.ua\\\/product\\\/datchiki-temperatury-205\\\/#breadcrumb\",\"itemListElement\":[{\"@type\":\"ListItem\",\"position\":1,\"name\":\"\u0413\u043b\u0430\u0432\u043d\u0430\u044f \u0441\u0442\u0440\u0430\u043d\u0438\u0446\u0430\",\"item\":\"https:\\\/\\\/regmik.ua\\\/\"},{\"@type\":\"ListItem\",\"position\":2,\"name\":\"\u041f\u0440\u043e\u0434\u0443\u043a\u0446\u0438\u044f\",\"item\":\"https:\\\/\\\/regmik.ua\\\/uk\\\/products\\\/\"},{\"@type\":\"ListItem\",\"position\":3,\"name\":\"\u0414\u0430\u0442\u0447\u0438\u043a\u0438 \u0442\u0435\u043c\u043f\u0435\u0440\u0430\u0442\u0443\u0440\u044b \u0422\u0421\u041c-205, \u0422\u0421\u041f-205, \u0422\u0425\u0410-205, \u0422\u0425\u041a-205, \u0422\u0416\u041a-205\"}]},{\"@type\":\"WebSite\",\"@id\":\"https:\\\/\\\/regmik.ua\\\/uk\\\/#website\",\"url\":\"https:\\\/\\\/regmik.ua\\\/uk\\\/\",\"name\":\"REGMIK\",\"description\":\"\u0418\u0437\u043c\u0435\u0440\u0438\u0442\u0435\u043b\u044c\u043d\u044b\u0435 \u043f\u0440\u0438\u0431\u043e\u0440\u044b \u0438 \u0434\u0430\u0442\u0447\u0438\u043a\u0438 \u0442\u0435\u043c\u043f\u0435\u0440\u0430\u0442\u0443\u0440\u044b\",\"publisher\":{\"@id\":\"https:\\\/\\\/regmik.ua\\\/uk\\\/#organization\"},\"alternateName\":\"REGMIK\",\"potentialAction\":[{\"@type\":\"SearchAction\",\"target\":{\"@type\":\"EntryPoint\",\"urlTemplate\":\"https:\\\/\\\/regmik.ua\\\/uk\\\/?s={search_term_string}\"},\"query-input\":{\"@type\":\"PropertyValueSpecification\",\"valueRequired\":true,\"valueName\":\"search_term_string\"}}],\"inLanguage\":\"pl-PL\"},{\"@type\":\"Organization\",\"@id\":\"https:\\\/\\\/regmik.ua\\\/uk\\\/#organization\",\"name\":\"REGMIK\",\"alternateName\":\"\u0420\u0415\u0413\u041c\u0418\u041a\",\"url\":\"https:\\\/\\\/regmik.ua\\\/uk\\\/\",\"logo\":{\"@type\":\"ImageObject\",\"inLanguage\":\"pl-PL\",\"@id\":\"https:\\\/\\\/regmik.ua\\\/uk\\\/#\\\/schema\\\/logo\\\/image\\\/\",\"url\":\"https:\\\/\\\/regmik.ua\\\/wp-content\\\/uploads\\\/2020\\\/03\\\/regmik_logo.png\",\"contentUrl\":\"https:\\\/\\\/regmik.ua\\\/wp-content\\\/uploads\\\/2020\\\/03\\\/regmik_logo.png\",\"width\":194,\"height\":45,\"caption\":\"REGMIK\"},\"image\":{\"@id\":\"https:\\\/\\\/regmik.ua\\\/uk\\\/#\\\/schema\\\/logo\\\/image\\\/\"},\"sameAs\":[\"https:\\\/\\\/www.facebook.com\\\/regmik.npf\",\"https:\\\/\\\/x.com\\\/regmiknpf\",\"https:\\\/\\\/www.youtube.com\\\/channel\\\/UC_SrY98SKAmR3Kt95GcVKcw\"]}]}<\/script>","yoast_head_json":{"title":"Czujniki temperatury TSM-205, TSP-205, TXA-205, THK-205, TZhK-205 \u2013 REGMIK, NVF, PP (Wyprodukowano na Ukrainie)","description":"Czujniki temperatury 205 s\u0105 przeznaczone do pomiaru temperatury powierzchni cia\u0142 sta\u0142ych w r\u00f3\u017cnych ga\u0142\u0119ziach przemys\u0142u.","robots":{"index":"index","follow":"follow","max-snippet":"max-snippet:-1","max-image-preview":"max-image-preview:large","max-video-preview":"max-video-preview:-1"},"canonical":"https:\/\/regmik.ua\/pl\/product\/datchiki-temperatury-205\/","schema":{"@context":"https:\/\/schema.org","@graph":[{"@type":"WebPage","@id":"https:\/\/regmik.ua\/product\/datchiki-temperatury-205\/","url":"https:\/\/regmik.ua\/product\/datchiki-temperatury-205\/","name":"Czujniki temperatury TSM-205, TSP-205, TXA-205, THK-205, TZhK-205 \u2013 REGMIK, NVF, PP (Wyprodukowano na Ukrainie)","isPartOf":{"@id":"https:\/\/regmik.ua\/uk\/#website"},"primaryImageOfPage":{"@id":"https:\/\/regmik.ua\/product\/datchiki-temperatury-205\/#primaryimage"},"image":{"@id":"https:\/\/regmik.ua\/product\/datchiki-temperatury-205\/#primaryimage"},"thumbnailUrl":"https:\/\/regmik.ua\/wp-content\/uploads\/2015\/08\/Txx205.gif","datePublished":"2016-10-07T09:08:10+00:00","dateModified":"2025-10-17T08:00:16+00:00","description":"Czujniki temperatury 205 s\u0105 przeznaczone do pomiaru temperatury powierzchni cia\u0142 sta\u0142ych w r\u00f3\u017cnych ga\u0142\u0119ziach przemys\u0142u.","breadcrumb":{"@id":"https:\/\/regmik.ua\/product\/datchiki-temperatury-205\/#breadcrumb"},"inLanguage":"pl-PL","potentialAction":[{"@type":"ReadAction","target":["https:\/\/regmik.ua\/product\/datchiki-temperatury-205\/"]}]},{"@type":"ImageObject","inLanguage":"pl-PL","@id":"https:\/\/regmik.ua\/product\/datchiki-temperatury-205\/#primaryimage","url":"https:\/\/regmik.ua\/wp-content\/uploads\/2015\/08\/Txx205.gif","contentUrl":"https:\/\/regmik.ua\/wp-content\/uploads\/2015\/08\/Txx205.gif","width":800,"height":1024,"caption":"\u0414\u0430\u0442\u0447\u0438\u043a \u0442\u0435\u043c\u043f\u0435\u0440\u0430\u0442\u0443\u0440\u044b (\u041c\u043e\u0434\u0438\u0444\u0438\u043a\u0430\u0446\u0438\u044f 205)"},{"@type":"BreadcrumbList","@id":"https:\/\/regmik.ua\/product\/datchiki-temperatury-205\/#breadcrumb","itemListElement":[{"@type":"ListItem","position":1,"name":"\u0413\u043b\u0430\u0432\u043d\u0430\u044f \u0441\u0442\u0440\u0430\u043d\u0438\u0446\u0430","item":"https:\/\/regmik.ua\/"},{"@type":"ListItem","position":2,"name":"\u041f\u0440\u043e\u0434\u0443\u043a\u0446\u0438\u044f","item":"https:\/\/regmik.ua\/uk\/products\/"},{"@type":"ListItem","position":3,"name":"\u0414\u0430\u0442\u0447\u0438\u043a\u0438 \u0442\u0435\u043c\u043f\u0435\u0440\u0430\u0442\u0443\u0440\u044b \u0422\u0421\u041c-205, \u0422\u0421\u041f-205, \u0422\u0425\u0410-205, \u0422\u0425\u041a-205, \u0422\u0416\u041a-205"}]},{"@type":"WebSite","@id":"https:\/\/regmik.ua\/uk\/#website","url":"https:\/\/regmik.ua\/uk\/","name":"REGMIK","description":"Przyrz\u0105dy pomiarowe i czujniki temperatury","publisher":{"@id":"https:\/\/regmik.ua\/uk\/#organization"},"alternateName":"REGMIK","potentialAction":[{"@type":"SearchAction","target":{"@type":"EntryPoint","urlTemplate":"https:\/\/regmik.ua\/uk\/?s={search_term_string}"},"query-input":{"@type":"PropertyValueSpecification","valueRequired":true,"valueName":"search_term_string"}}],"inLanguage":"pl-PL"},{"@type":"Organization","@id":"https:\/\/regmik.ua\/uk\/#organization","name":"REGMIK","alternateName":"\u0420\u0415\u0413\u041c\u0418\u041a","url":"https:\/\/regmik.ua\/uk\/","logo":{"@type":"ImageObject","inLanguage":"pl-PL","@id":"https:\/\/regmik.ua\/uk\/#\/schema\/logo\/image\/","url":"https:\/\/regmik.ua\/wp-content\/uploads\/2020\/03\/regmik_logo.png","contentUrl":"https:\/\/regmik.ua\/wp-content\/uploads\/2020\/03\/regmik_logo.png","width":194,"height":45,"caption":"REGMIK"},"image":{"@id":"https:\/\/regmik.ua\/uk\/#\/schema\/logo\/image\/"},"sameAs":["https:\/\/www.facebook.com\/regmik.npf","https:\/\/x.com\/regmiknpf","https:\/\/www.youtube.com\/channel\/UC_SrY98SKAmR3Kt95GcVKcw"]}]}},"_links":{"self":[{"href":"https:\/\/regmik.ua\/pl\/wp-json\/wp\/v2\/product\/13799","targetHints":{"allow":["GET"]}}],"collection":[{"href":"https:\/\/regmik.ua\/pl\/wp-json\/wp\/v2\/product"}],"about":[{"href":"https:\/\/regmik.ua\/pl\/wp-json\/wp\/v2\/types\/product"}],"replies":[{"embeddable":true,"href":"https:\/\/regmik.ua\/pl\/wp-json\/wp\/v2\/comments?post=13799"}],"version-history":[{"count":0,"href":"https:\/\/regmik.ua\/pl\/wp-json\/wp\/v2\/product\/13799\/revisions"}],"wp:featuredmedia":[{"embeddable":true,"href":"https:\/\/regmik.ua\/pl\/wp-json\/wp\/v2\/media\/13803"}],"wp:attachment":[{"href":"https:\/\/regmik.ua\/pl\/wp-json\/wp\/v2\/media?parent=13799"}],"wp:term":[{"taxonomy":"product_brand","embeddable":true,"href":"https:\/\/regmik.ua\/pl\/wp-json\/wp\/v2\/product_brand?post=13799"},{"taxonomy":"product_cat","embeddable":true,"href":"https:\/\/regmik.ua\/pl\/wp-json\/wp\/v2\/product_cat?post=13799"},{"taxonomy":"product_tag","embeddable":true,"href":"https:\/\/regmik.ua\/pl\/wp-json\/wp\/v2\/product_tag?post=13799"}],"curies":[{"name":"wp","href":"https:\/\/api.w.org\/{rel}","templated":true}]}}