{"id":12585,"date":"2016-10-06T12:34:57","date_gmt":"2016-10-06T10:34:57","guid":{"rendered":"http:\/\/test.regmik.com.ua\/index.php\/product\/datchik-temperaturyi-modifikatsiya-002\/"},"modified":"2025-05-09T12:03:02","modified_gmt":"2025-05-09T10:03:02","slug":"datchiki-temperatury-002","status":"publish","type":"product","link":"https:\/\/regmik.ua\/pl\/product\/datchiki-temperatury-002\/","title":{"rendered":"Czujnik temperatury \u0422\u0421\u041c-002, \u0422\u0421\u041f-002, \u0422\u0425\u0410-002, \u0422\u0425\u041a-002, \u0422\u0416\u041a-002"},"content":{"rendered":"<div data-elementor-type=\"wp-post\" data-elementor-id=\"12585\" class=\"elementor elementor-12585\">\n\t\t\t\t\t\t<section class=\"elementor-section elementor-top-section elementor-element elementor-element-3f881ba6 elementor-section-boxed elementor-section-height-default elementor-section-height-default\" data-id=\"3f881ba6\" data-element_type=\"section\" data-e-type=\"section\">\n\t\t\t\t\t\t<div class=\"elementor-container elementor-column-gap-default\">\n\t\t\t\t\t<div class=\"elementor-column elementor-col-100 elementor-top-column elementor-element elementor-element-352d1675\" data-id=\"352d1675\" data-element_type=\"column\" data-e-type=\"column\">\n\t\t\t<div class=\"elementor-widget-wrap elementor-element-populated\">\n\t\t\t\t\t\t<div class=\"elementor-element elementor-element-7adde081 elementor-widget elementor-widget-text-editor\" data-id=\"7adde081\" data-element_type=\"widget\" data-e-type=\"widget\" data-widget_type=\"text-editor.default\">\n\t\t\t\t\t\t\t\t\t<p>Czujnik temperatury TSM-002, TSP-002, TXA-002, TJK-002, TZHK-002<span style=\"font-family: var(--tb-text-primary-font);\">,TP-002<\/span><span style=\"font-family: var(--tb-text-primary-font);\">&nbsp;Grupy 0 przeznaczone s\u0105 do pomiaru temperatury otoczenia, medi\u00f3w ciek\u0142ych, gazowych i sypkich nieagresywnych chemicznie, a tak\u017ce powierzchni cia\u0142 sta\u0142ych w r\u00f3\u017cnych ga\u0142\u0119ziach przemys\u0142u.<\/span><\/p>\n<p>Temperatura jest najcz\u0119\u015bciej mierzonym parametrem, a przegrzanie jest jednym z najbardziej negatywnych czynnik\u00f3w w dzia\u0142aniu sprz\u0119tu, dlatego istnieje ogromna liczba sposob\u00f3w i miejsc wykorzystania czujnik\u00f3w temperatury.<\/p>\n<p>Zasada dzia\u0142ania <strong>termopary oporowe<\/strong>&nbsp; w oparciu o zmian\u0119 rezystancji elektrycznej przewodnik\u00f3w i p\u00f3\u0142przewodnik\u00f3w w zale\u017cno\u015bci od temperatury. Materia\u0142, z kt\u00f3rego wykonany jest taki czujnik, powinien charakteryzowa\u0107 si\u0119 wysokim wsp\u00f3\u0142czynnikiem temperaturowym rezystancji, mo\u017cliwie liniow\u0105 zale\u017cno\u015bci\u0105 rezystancji od temperatury, dobr\u0105 powtarzalno\u015bci\u0105 w\u0142a\u015bciwo\u015bci oraz oboj\u0119tno\u015bci\u0105 na wp\u0142ywy \u015brodowiska. W najwi\u0119kszym stopniu wszystkie powy\u017csze w\u0142a\u015bciwo\u015bci spe\u0142nia platyna, w mniejszym stopniu \u2013 mied\u017a.<\/p>\n<p><a href=\"https:\/\/ru.wikipedia.org\/wiki\/%D0%A2%D0%B5%D1%80%D0%BC%D0%BE%D0%BF%D0%B0%D1%80%D0%B0\"><strong>Termoelement<\/strong><\/a>&nbsp;S\u0105 wy\u0142\u0105cznie r\u00f3\u017cnicowymi czujnikami temperatury. Generuj\u0105 sygna\u0142 elektryczny proporcjonalny do r\u00f3\u017cnicy temperatur mi\u0119dzy dwoma r\u00f3\u017cnymi punktami. Dlatego z\u0142\u0105cze (skrzy\u017cowanie), kt\u00f3rego u\u017cywamy do pomiaru wymaganej temperatury, nazywa si\u0119 z\u0142\u0105czem \u201egor\u0105cym\u201d, podczas gdy drugie z\u0142\u0105cze (z kt\u00f3rego nie mo\u017cemy uciec) nazywa si\u0119 \u201ezimnym\u201d.<\/p><p>Czujniki temperatury \u0422\u0421\u041c-002, \u0422\u0421\u041f-002, \u0422\u0425\u0410-002, \u0422\u0416\u041a-002, \u0422\u0416\u041a-002, \u0422\u041f-002 mog\u0105 by\u0107 wyposa\u017cone w g\u0142owic\u0119 zaciskow\u0105 wykonan\u0105 z materia\u0142u prasowanego, tworzywa sztucznego lub aluminium w zale\u017cno\u015bci od temperatury pracy czujnika.<br><\/p>\n<h3>Klasyfikacja czujnik\u00f3w temperatury TSM-002, TSP-002, TXA-002, TZHK-002, TJK-002, TP-002 wed\u0142ug rodzaju elementu pomiarowego (czu\u0142ego)<\/h3>\n<ul>\n<li>termopary oporowe (termometry) - TSM-002, TSP-002;<\/li>\n<li>termopary termoelektryczne (termopary) - \u0422\u0425\u0410-002, \u0422\u0425\u041a-002, \u0422\u0416\u041a-002;<\/li>\n<li>konwertery p\u00f3\u0142przewodnikowe - TP-002.<\/li>\n<\/ul>\n<h3>G\u0142\u00f3wne parametry techniczne czujnik\u00f3w temperatury 002:<\/h3>\n<ul>\n<li>Schemat pod\u0142\u0105czenia CHE - dwu-, trzy-, czteroprzewodowy;<\/li>\n<li>wed\u0142ug rodzaju SE dzieli si\u0119 na:<\/li>\n<\/ul>\n<p>- termopary oporowe (TC, rezystancje termiczne, termometry, czujniki temperatury) (50M, 100M, 50P, 100P, Pt100, Pt500, Pt1000, Pt2000, Pt10000);<\/p>\n<p>- przetworniki termoelektryczne (TP, przetworniki termoelektryczne, termopary, czujniki temperatury) (TXA (K), TXK (L));<\/p>\n<p>- p\u00f3\u0142przewodnik (DS18B20);<\/p>\n<ul>\n<li>materia\u0142 oku\u0107 ochronnych - stal nierdzewna 12X18H10T;<\/li>\n<li>stopie\u0144 ochrony przed kurzem i wod\u0105 \u2013 IP54;<\/li>\n<li>konstrukcja przetwornik\u00f3w termicznych (czujnik\u00f3w temperatury) - nieroz\u0142\u0105cznych;<\/li>\n<li>&nbsp;rezystancja izolacji - nie mniej ni\u017c 100 megaom\u00f3w;<\/li>\n<li>klasy tolerancji - A, B, C (dla pojazdu), 1, 2 (dla TP).<\/li>\n<\/ul>\n<div>Czujniki temperatury TSM-002, TSP-002, TXA-002, TJK-002, TZHK-002 s\u0105 certyfikowane na Ukrainie. <a href=\"\/NEW\/Sertifikat-perevirki-tipu-REGMIK-TSM-...-REGMIK-TSP-...pdf\">Certyfikat zgodno\u015bci<\/a>.<\/div>\t\t\t\t\t\t\t\t<\/div>\n\t\t\t\t\t<\/div>\n\t\t<\/div>\n\t\t\t\t\t<\/div>\n\t\t<\/section>\n\t\t\t\t<\/div>","protected":false},"excerpt":{"rendered":"<p>Czujniki temperatury \u0422\u0421\u041c-002, \u0422\u0421\u041f-002, \u0422\u0425\u0410-002, \u0422\u0425\u041a-002, \u0422\u0416\u041a-002, \u0422\u041f-002 z grupy 0 przeznaczone s\u0105 do pomiaru temperatury otoczenia, ciek\u0142ych, gazowych i sypkich medi\u00f3w nieagresywnych chemicznie w r\u00f3\u017cnych ga\u0142\u0119ziach przemys\u0142u.<\/p>","protected":false},"featured_media":12500,"comment_status":"open","ping_status":"closed","template":"","meta":[],"product_brand":[],"product_cat":[38,129],"product_tag":[],"class_list":{"0":"post-12585","1":"product","2":"type-product","3":"status-publish","4":"has-post-thumbnail","6":"product_cat-sensors","7":"product_cat-submersible","8":"pa_accuracy-class-417","9":"pa_accuracy-class-418","10":"pa_accuracy-class-abb3","11":"pa_diameter-mounting-part-d-m-387","12":"pa_diameter-mounting-part-d-m-385","13":"pa_diameter-mounting-part-d-m-386","14":"pa_length-of-installed-part-l-381","15":"pa_length-of-installed-part-l-372","16":"pa_length-of-installed-part-l-382","17":"pa_length-of-installed-part-l-383","18":"pa_length-of-installed-part-l-428","19":"pa_length-of-installed-part-l-374","20":"pa_length-of-installed-part-l-384","21":"pa_length-of-installed-part-l-375","22":"pa_length-of-installed-part-l-376","23":"pa_length-of-installed-part-l-377","24":"pa_length-of-installed-part-l-378","25":"pa_length-of-installed-part-l-371","26":"pa_length-of-installed-part-l-379","27":"pa_length-of-installed-part-l-380","28":"pa_thermal-inertia-15-45","29":"pa_thread-type-m20x15","30":"pa_type-of-nsh-tsm-50m100m","31":"pa_type-of-nsh-tsp-50p100p","32":"pa_type-of-nsh-tsp-pt100-pt500-pt1000","33":"pa_type-of-nsh-thktha","34":"pa_working-range-of-temperatur-40-100","35":"pa_working-range-of-temperatur-40-1000","36":"pa_working-range-of-temperatur-40-180","37":"pa_working-range-of-temperatur-40-500","38":"pa_working-range-of-temperatur-40-600","39":"pa_working-range-of-temperatur-40-800","42":"instock","43":"shipping-taxable","44":"purchasable","45":"product-type-simple"},"yoast_head":"<title>\u0414\u0430\u0442\u0447\u0438\u043a \u0442\u0435\u043c\u043f\u0435\u0440\u0430\u0442\u0443\u0440\u044b \u0422\u0421\u041c-002 \u0422\u0421\u041f-002 \u0422\u0425\u0410-002 \u0422\u0425\u041a-002 \u0422\u0416\u041a-002<\/title>\n<meta name=\"description\" content=\"\u0414\u0430\u0442\u0447\u0438\u043a \u0442\u0435\u043c\u043f\u0435\u0440\u0430\u0442\u0443\u0440\u044b \u0422\u0421\u041c-002, \u0422\u0421\u041f-002, \u0422\u0425\u0410-002, \u0422\u0425\u041a-002, \u0422\u0416\u041a-002, \u0422\u041f-002 \u0434\u043b\u044f \u0438\u0437\u043c\u0435\u0440\u0435\u043d\u0438\u044f \u0442\u0435\u043c\u043f\u0435\u0440\u0430\u0442\u0443\u0440\u044b \u043e\u043a\u0440\u0443\u0436\u0430\u044e\u0449\u0435\u0439 \u0441\u0440\u0435\u0434\u044b, \u0436\u0438\u0434\u043a\u0438\u0445, \u0433\u0430\u0437\u043e\u043e\u0431\u0440\u0430\u0437\u043d\u044b\u0445 \u0438 \u0441\u044b\u043f\u0443\u0447\u0438\u0445 \u0441\u0440\u0435\u0434\" \/>\n<meta name=\"robots\" content=\"index, follow, max-snippet:-1, max-image-preview:large, max-video-preview:-1\" \/>\n<link rel=\"canonical\" href=\"https:\/\/regmik.ua\/pl\/product\/datchiki-temperatury-002\/\" \/>\n<script type=\"application\/ld+json\" class=\"yoast-schema-graph\">{\"@context\":\"https:\\\/\\\/schema.org\",\"@graph\":[{\"@type\":\"WebPage\",\"@id\":\"https:\\\/\\\/regmik.ua\\\/product\\\/datchiki-temperatury-002\\\/\",\"url\":\"https:\\\/\\\/regmik.ua\\\/product\\\/datchiki-temperatury-002\\\/\",\"name\":\"\u0414\u0430\u0442\u0447\u0438\u043a \u0442\u0435\u043c\u043f\u0435\u0440\u0430\u0442\u0443\u0440\u044b \u0422\u0421\u041c-002 \u0422\u0421\u041f-002 \u0422\u0425\u0410-002 \u0422\u0425\u041a-002 \u0422\u0416\u041a-002\",\"isPartOf\":{\"@id\":\"https:\\\/\\\/regmik.ua\\\/uk\\\/#website\"},\"primaryImageOfPage\":{\"@id\":\"https:\\\/\\\/regmik.ua\\\/product\\\/datchiki-temperatury-002\\\/#primaryimage\"},\"image\":{\"@id\":\"https:\\\/\\\/regmik.ua\\\/product\\\/datchiki-temperatury-002\\\/#primaryimage\"},\"thumbnailUrl\":\"https:\\\/\\\/regmik.ua\\\/wp-content\\\/uploads\\\/2015\\\/08\\\/Txx002.gif\",\"datePublished\":\"2016-10-06T10:34:57+00:00\",\"dateModified\":\"2025-05-09T10:03:02+00:00\",\"description\":\"\u0414\u0430\u0442\u0447\u0438\u043a \u0442\u0435\u043c\u043f\u0435\u0440\u0430\u0442\u0443\u0440\u044b \u0422\u0421\u041c-002, \u0422\u0421\u041f-002, \u0422\u0425\u0410-002, \u0422\u0425\u041a-002, \u0422\u0416\u041a-002, \u0422\u041f-002 \u0434\u043b\u044f \u0438\u0437\u043c\u0435\u0440\u0435\u043d\u0438\u044f \u0442\u0435\u043c\u043f\u0435\u0440\u0430\u0442\u0443\u0440\u044b \u043e\u043a\u0440\u0443\u0436\u0430\u044e\u0449\u0435\u0439 \u0441\u0440\u0435\u0434\u044b, \u0436\u0438\u0434\u043a\u0438\u0445, \u0433\u0430\u0437\u043e\u043e\u0431\u0440\u0430\u0437\u043d\u044b\u0445 \u0438 \u0441\u044b\u043f\u0443\u0447\u0438\u0445 \u0441\u0440\u0435\u0434\",\"breadcrumb\":{\"@id\":\"https:\\\/\\\/regmik.ua\\\/product\\\/datchiki-temperatury-002\\\/#breadcrumb\"},\"inLanguage\":\"pl-PL\",\"potentialAction\":[{\"@type\":\"ReadAction\",\"target\":[\"https:\\\/\\\/regmik.ua\\\/product\\\/datchiki-temperatury-002\\\/\"]}]},{\"@type\":\"ImageObject\",\"inLanguage\":\"pl-PL\",\"@id\":\"https:\\\/\\\/regmik.ua\\\/product\\\/datchiki-temperatury-002\\\/#primaryimage\",\"url\":\"https:\\\/\\\/regmik.ua\\\/wp-content\\\/uploads\\\/2015\\\/08\\\/Txx002.gif\",\"contentUrl\":\"https:\\\/\\\/regmik.ua\\\/wp-content\\\/uploads\\\/2015\\\/08\\\/Txx002.gif\",\"width\":800,\"height\":1024,\"caption\":\"\u0414\u0430\u0442\u0447\u0438\u043a\u0438 \u0442\u0435\u043c\u043f\u0435\u0440\u0430\u0442\u0443\u0440\u044b, \u0442\u0435\u0440\u043c\u043e\u043f\u0430\u0440\u044b\"},{\"@type\":\"BreadcrumbList\",\"@id\":\"https:\\\/\\\/regmik.ua\\\/product\\\/datchiki-temperatury-002\\\/#breadcrumb\",\"itemListElement\":[{\"@type\":\"ListItem\",\"position\":1,\"name\":\"\u0413\u043b\u0430\u0432\u043d\u0430\u044f \u0441\u0442\u0440\u0430\u043d\u0438\u0446\u0430\",\"item\":\"https:\\\/\\\/regmik.ua\\\/\"},{\"@type\":\"ListItem\",\"position\":2,\"name\":\"\u041f\u0440\u043e\u0434\u0443\u043a\u0446\u0438\u044f\",\"item\":\"https:\\\/\\\/regmik.ua\\\/uk\\\/products\\\/\"},{\"@type\":\"ListItem\",\"position\":3,\"name\":\"\u0414\u0430\u0442\u0447\u0438\u043a \u0442\u0435\u043c\u043f\u0435\u0440\u0430\u0442\u0443\u0440\u044b \u0422\u0421\u041c-002, \u0422\u0421\u041f-002, \u0422\u0425\u0410-002, \u0422\u0425\u041a-002, \u0422\u0416\u041a-002\"}]},{\"@type\":\"WebSite\",\"@id\":\"https:\\\/\\\/regmik.ua\\\/uk\\\/#website\",\"url\":\"https:\\\/\\\/regmik.ua\\\/uk\\\/\",\"name\":\"REGMIK\",\"description\":\"\u0418\u0437\u043c\u0435\u0440\u0438\u0442\u0435\u043b\u044c\u043d\u044b\u0435 \u043f\u0440\u0438\u0431\u043e\u0440\u044b \u0438 \u0434\u0430\u0442\u0447\u0438\u043a\u0438 \u0442\u0435\u043c\u043f\u0435\u0440\u0430\u0442\u0443\u0440\u044b\",\"publisher\":{\"@id\":\"https:\\\/\\\/regmik.ua\\\/uk\\\/#organization\"},\"alternateName\":\"REGMIK\",\"potentialAction\":[{\"@type\":\"SearchAction\",\"target\":{\"@type\":\"EntryPoint\",\"urlTemplate\":\"https:\\\/\\\/regmik.ua\\\/uk\\\/?s={search_term_string}\"},\"query-input\":{\"@type\":\"PropertyValueSpecification\",\"valueRequired\":true,\"valueName\":\"search_term_string\"}}],\"inLanguage\":\"pl-PL\"},{\"@type\":\"Organization\",\"@id\":\"https:\\\/\\\/regmik.ua\\\/uk\\\/#organization\",\"name\":\"REGMIK\",\"alternateName\":\"\u0420\u0415\u0413\u041c\u0418\u041a\",\"url\":\"https:\\\/\\\/regmik.ua\\\/uk\\\/\",\"logo\":{\"@type\":\"ImageObject\",\"inLanguage\":\"pl-PL\",\"@id\":\"https:\\\/\\\/regmik.ua\\\/uk\\\/#\\\/schema\\\/logo\\\/image\\\/\",\"url\":\"https:\\\/\\\/regmik.ua\\\/wp-content\\\/uploads\\\/2020\\\/03\\\/regmik_logo.png\",\"contentUrl\":\"https:\\\/\\\/regmik.ua\\\/wp-content\\\/uploads\\\/2020\\\/03\\\/regmik_logo.png\",\"width\":194,\"height\":45,\"caption\":\"REGMIK\"},\"image\":{\"@id\":\"https:\\\/\\\/regmik.ua\\\/uk\\\/#\\\/schema\\\/logo\\\/image\\\/\"},\"sameAs\":[\"https:\\\/\\\/www.facebook.com\\\/regmik.npf\",\"https:\\\/\\\/x.com\\\/regmiknpf\",\"https:\\\/\\\/www.youtube.com\\\/channel\\\/UC_SrY98SKAmR3Kt95GcVKcw\"]}]}<\/script>","yoast_head_json":{"title":"Czujnik temperatury TSM-002 TSP-002 THA-002 TKhK-002 TJK-002","description":"Czujnik temperatury TSM-002, TSP-002, TXA-002, TXK-002, TJK-002, TP-002 do pomiaru temperatury otoczenia, medi\u00f3w ciek\u0142ych, gazowych i ziarnistych","robots":{"index":"index","follow":"follow","max-snippet":"max-snippet:-1","max-image-preview":"max-image-preview:large","max-video-preview":"max-video-preview:-1"},"canonical":"https:\/\/regmik.ua\/pl\/product\/datchiki-temperatury-002\/","schema":{"@context":"https:\/\/schema.org","@graph":[{"@type":"WebPage","@id":"https:\/\/regmik.ua\/product\/datchiki-temperatury-002\/","url":"https:\/\/regmik.ua\/product\/datchiki-temperatury-002\/","name":"Czujnik temperatury TSM-002 TSP-002 THA-002 TKhK-002 TJK-002","isPartOf":{"@id":"https:\/\/regmik.ua\/uk\/#website"},"primaryImageOfPage":{"@id":"https:\/\/regmik.ua\/product\/datchiki-temperatury-002\/#primaryimage"},"image":{"@id":"https:\/\/regmik.ua\/product\/datchiki-temperatury-002\/#primaryimage"},"thumbnailUrl":"https:\/\/regmik.ua\/wp-content\/uploads\/2015\/08\/Txx002.gif","datePublished":"2016-10-06T10:34:57+00:00","dateModified":"2025-05-09T10:03:02+00:00","description":"Czujnik temperatury TSM-002, TSP-002, TXA-002, TXK-002, TJK-002, TP-002 do pomiaru temperatury otoczenia, medi\u00f3w ciek\u0142ych, gazowych i ziarnistych","breadcrumb":{"@id":"https:\/\/regmik.ua\/product\/datchiki-temperatury-002\/#breadcrumb"},"inLanguage":"pl-PL","potentialAction":[{"@type":"ReadAction","target":["https:\/\/regmik.ua\/product\/datchiki-temperatury-002\/"]}]},{"@type":"ImageObject","inLanguage":"pl-PL","@id":"https:\/\/regmik.ua\/product\/datchiki-temperatury-002\/#primaryimage","url":"https:\/\/regmik.ua\/wp-content\/uploads\/2015\/08\/Txx002.gif","contentUrl":"https:\/\/regmik.ua\/wp-content\/uploads\/2015\/08\/Txx002.gif","width":800,"height":1024,"caption":"\u0414\u0430\u0442\u0447\u0438\u043a\u0438 \u0442\u0435\u043c\u043f\u0435\u0440\u0430\u0442\u0443\u0440\u044b, \u0442\u0435\u0440\u043c\u043e\u043f\u0430\u0440\u044b"},{"@type":"BreadcrumbList","@id":"https:\/\/regmik.ua\/product\/datchiki-temperatury-002\/#breadcrumb","itemListElement":[{"@type":"ListItem","position":1,"name":"\u0413\u043b\u0430\u0432\u043d\u0430\u044f \u0441\u0442\u0440\u0430\u043d\u0438\u0446\u0430","item":"https:\/\/regmik.ua\/"},{"@type":"ListItem","position":2,"name":"\u041f\u0440\u043e\u0434\u0443\u043a\u0446\u0438\u044f","item":"https:\/\/regmik.ua\/uk\/products\/"},{"@type":"ListItem","position":3,"name":"\u0414\u0430\u0442\u0447\u0438\u043a \u0442\u0435\u043c\u043f\u0435\u0440\u0430\u0442\u0443\u0440\u044b \u0422\u0421\u041c-002, \u0422\u0421\u041f-002, \u0422\u0425\u0410-002, \u0422\u0425\u041a-002, \u0422\u0416\u041a-002"}]},{"@type":"WebSite","@id":"https:\/\/regmik.ua\/uk\/#website","url":"https:\/\/regmik.ua\/uk\/","name":"REGMIK","description":"Przyrz\u0105dy pomiarowe i czujniki temperatury","publisher":{"@id":"https:\/\/regmik.ua\/uk\/#organization"},"alternateName":"REGMIK","potentialAction":[{"@type":"SearchAction","target":{"@type":"EntryPoint","urlTemplate":"https:\/\/regmik.ua\/uk\/?s={search_term_string}"},"query-input":{"@type":"PropertyValueSpecification","valueRequired":true,"valueName":"search_term_string"}}],"inLanguage":"pl-PL"},{"@type":"Organization","@id":"https:\/\/regmik.ua\/uk\/#organization","name":"REGMIK","alternateName":"\u0420\u0415\u0413\u041c\u0418\u041a","url":"https:\/\/regmik.ua\/uk\/","logo":{"@type":"ImageObject","inLanguage":"pl-PL","@id":"https:\/\/regmik.ua\/uk\/#\/schema\/logo\/image\/","url":"https:\/\/regmik.ua\/wp-content\/uploads\/2020\/03\/regmik_logo.png","contentUrl":"https:\/\/regmik.ua\/wp-content\/uploads\/2020\/03\/regmik_logo.png","width":194,"height":45,"caption":"REGMIK"},"image":{"@id":"https:\/\/regmik.ua\/uk\/#\/schema\/logo\/image\/"},"sameAs":["https:\/\/www.facebook.com\/regmik.npf","https:\/\/x.com\/regmiknpf","https:\/\/www.youtube.com\/channel\/UC_SrY98SKAmR3Kt95GcVKcw"]}]}},"_links":{"self":[{"href":"https:\/\/regmik.ua\/pl\/wp-json\/wp\/v2\/product\/12585","targetHints":{"allow":["GET"]}}],"collection":[{"href":"https:\/\/regmik.ua\/pl\/wp-json\/wp\/v2\/product"}],"about":[{"href":"https:\/\/regmik.ua\/pl\/wp-json\/wp\/v2\/types\/product"}],"replies":[{"embeddable":true,"href":"https:\/\/regmik.ua\/pl\/wp-json\/wp\/v2\/comments?post=12585"}],"version-history":[{"count":0,"href":"https:\/\/regmik.ua\/pl\/wp-json\/wp\/v2\/product\/12585\/revisions"}],"wp:featuredmedia":[{"embeddable":true,"href":"https:\/\/regmik.ua\/pl\/wp-json\/wp\/v2\/media\/12500"}],"wp:attachment":[{"href":"https:\/\/regmik.ua\/pl\/wp-json\/wp\/v2\/media?parent=12585"}],"wp:term":[{"taxonomy":"product_brand","embeddable":true,"href":"https:\/\/regmik.ua\/pl\/wp-json\/wp\/v2\/product_brand?post=12585"},{"taxonomy":"product_cat","embeddable":true,"href":"https:\/\/regmik.ua\/pl\/wp-json\/wp\/v2\/product_cat?post=12585"},{"taxonomy":"product_tag","embeddable":true,"href":"https:\/\/regmik.ua\/pl\/wp-json\/wp\/v2\/product_tag?post=12585"}],"curies":[{"name":"wp","href":"https:\/\/api.w.org\/{rel}","templated":true}]}}