{"id":11751,"date":"2016-09-09T11:36:40","date_gmt":"2016-09-09T09:36:40","guid":{"rendered":"http:\/\/test.regmik.com.ua\/?post_type=product&#038;p=11751"},"modified":"2023-04-10T20:56:23","modified_gmt":"2023-04-10T17:56:23","slug":"gama-treker-gsm-01","status":"publish","type":"product","link":"https:\/\/regmik.ua\/pl\/product\/gama-treker-gsm-01\/","title":{"rendered":"Lokalizator GPS \u201eGAMA GSM-01\u201d: \u015bledzenie transportu i pas\u00f3w ruchu w czasie rzeczywistym"},"content":{"rendered":"<p><!DOCTYPE html PUBLIC \"-\/\/W3C\/\/DTD HTML 4.0 Transitional\/\/EN\" \"http:\/\/www.w3.org\/TR\/REC-html40\/loose.dtd\"><br \/>\n<html><body><\/p>\n<p>Lokalizator GPS \u201eGAMA GSM-01\u201d to wydajne urz\u0105dzenie, kt\u00f3re pozwala \u015bledzi\u0107 ruch na innych pasach ruchu w czasie rzeczywistym. Mo\u017cesz otrzymywa\u0107 informacje o lokalizacji obiektu za po\u015brednictwem aplikacji mobilnej lub interfejsu internetowego. Lokalizator GPS \u201eGAMA GSM-01\u201d ma ma\u0142\u0105 obudow\u0119, d\u0142ugi czas dzia\u0142ania i mo\u017ce by\u0107 u\u017cywany w trybie akwizycji do 5 lat.<\/p>\n<p><\/body><\/html><\/p>","protected":false},"excerpt":{"rendered":"<p>Lokalizator GPS GAMA GSM-01<\/p>","protected":false},"featured_media":18193,"comment_status":"open","ping_status":"closed","template":"","meta":[],"product_brand":[],"product_cat":[194],"product_tag":[3422,599,3428,3424,3423,3427,3426,3209],"class_list":{"0":"post-11751","1":"product","2":"type-product","3":"status-publish","4":"has-post-thumbnail","6":"product_cat-gps-monitoring","7":"product_tag-gps-","8":"product_tag-gsm","9":"product_tag-3428","10":"product_tag-3424","11":"product_tag--gsm-01","12":"product_tag-3427","13":"product_tag-3426","14":"product_tag-treker","15":"pa_additional-functions-gps-active-ant","16":"pa_additional-functions-gsm-ant","17":"pa_additional-functions-push-button","18":"pa_additional-functions-relay","19":"pa_additional-functions-rs485","20":"pa_additional-functions-without-additional-functions","21":"pa_configure-basic","22":"pa_configure-portable","23":"pa_internal-battery-yes","24":"pa_internal-battery-no","27":"instock","28":"featured","29":"shipping-taxable","30":"purchasable","31":"product-type-variable","32":"has-default-attributes"},"yoast_head":"<title>\u0420\u0415\u0413\u041c\u0406\u041a, \u041d\u0412\u0424, \u041f\u041f &#8211; GPS \u0442\u0440\u0435\u043a\u0435\u0440 &quot;\u0413\u0410\u041c\u0410 GSM-01&quot;<\/title>\n<meta name=\"description\" content=\"\u0413\u0410\u041c\u0410 \u0442\u0440\u0435\u043a\u0435\u0440\u00a0\u043f\u0440\u0435\u0434\u043d\u0430\u0437\u043d\u0430\u0447\u0435\u043d \u0434\u043b\u044f \u0440\u0430\u0431\u043e\u0442\u044b \u0432\u00a0\u043a\u0430\u0447\u0435\u0441\u0442\u0432\u0435 \u0430\u0432\u0442\u043e\u043c\u043e\u0431\u0438\u043b\u044c\u043d\u043e\u0433\u043e GSM\/GPS-\u0442\u0440\u0435\u043a\u0435\u0440\u0430 \u0438 \u043f\u043e\u0437\u0432\u043e\u043b\u044f\u0435\u0442 \u043a\u043e\u043d\u0442\u0440\u043e\u043b\u0438\u0440\u043e\u0432\u0430\u0442\u044c \u043c\u0435\u0441\u0442\u043e\u043f\u043e\u043b\u043e\u0436\u0435\u043d\u0438\u0435 \u043e\u0431\u044a\u0435\u043a\u0442\u0430, \u0441\u043a\u043e\u0440\u043e\u0441\u0442\u044c, \u0442\u0435\u043c\u043f\u0435\u0440\u0430\u0442\u0443\u0440\u0443, \u043a\u043e\u043b\u0438\u0447\u0435\u0441\u0442\u0432\u043e \u0442\u043e\u043f\u043b\u0438\u0432\u0430,\u0438 \u0442. \u0434\" \/>\n<meta name=\"robots\" content=\"index, follow, max-snippet:-1, max-image-preview:large, max-video-preview:-1\" \/>\n<link rel=\"canonical\" href=\"https:\/\/regmik.ua\/pl\/product\/gama-treker-gsm-01\/\" \/>\n<script type=\"application\/ld+json\" class=\"yoast-schema-graph\">{\"@context\":\"https:\\\/\\\/schema.org\",\"@graph\":[{\"@type\":\"WebPage\",\"@id\":\"https:\\\/\\\/regmik.ua\\\/product\\\/gama-treker-gsm-01\\\/\",\"url\":\"https:\\\/\\\/regmik.ua\\\/product\\\/gama-treker-gsm-01\\\/\",\"name\":\"\u0420\u0415\u0413\u041c\u0406\u041a, \u041d\u0412\u0424, \u041f\u041f &#8211; GPS \u0442\u0440\u0435\u043a\u0435\u0440 \\\"\u0413\u0410\u041c\u0410 GSM-01\\\"\",\"isPartOf\":{\"@id\":\"https:\\\/\\\/regmik.ua\\\/uk\\\/#website\"},\"primaryImageOfPage\":{\"@id\":\"https:\\\/\\\/regmik.ua\\\/product\\\/gama-treker-gsm-01\\\/#primaryimage\"},\"image\":{\"@id\":\"https:\\\/\\\/regmik.ua\\\/product\\\/gama-treker-gsm-01\\\/#primaryimage\"},\"thumbnailUrl\":\"https:\\\/\\\/regmik.ua\\\/wp-content\\\/uploads\\\/2016\\\/09\\\/GPS_01.jpg\",\"datePublished\":\"2016-09-09T09:36:40+00:00\",\"dateModified\":\"2023-04-10T17:56:23+00:00\",\"description\":\"\u0413\u0410\u041c\u0410 \u0442\u0440\u0435\u043a\u0435\u0440\u00a0\u043f\u0440\u0435\u0434\u043d\u0430\u0437\u043d\u0430\u0447\u0435\u043d \u0434\u043b\u044f \u0440\u0430\u0431\u043e\u0442\u044b \u0432\u00a0\u043a\u0430\u0447\u0435\u0441\u0442\u0432\u0435 \u0430\u0432\u0442\u043e\u043c\u043e\u0431\u0438\u043b\u044c\u043d\u043e\u0433\u043e GSM\\\/GPS-\u0442\u0440\u0435\u043a\u0435\u0440\u0430 \u0438 \u043f\u043e\u0437\u0432\u043e\u043b\u044f\u0435\u0442 \u043a\u043e\u043d\u0442\u0440\u043e\u043b\u0438\u0440\u043e\u0432\u0430\u0442\u044c \u043c\u0435\u0441\u0442\u043e\u043f\u043e\u043b\u043e\u0436\u0435\u043d\u0438\u0435 \u043e\u0431\u044a\u0435\u043a\u0442\u0430, \u0441\u043a\u043e\u0440\u043e\u0441\u0442\u044c, \u0442\u0435\u043c\u043f\u0435\u0440\u0430\u0442\u0443\u0440\u0443, \u043a\u043e\u043b\u0438\u0447\u0435\u0441\u0442\u0432\u043e \u0442\u043e\u043f\u043b\u0438\u0432\u0430,\u0438 \u0442. \u0434\",\"breadcrumb\":{\"@id\":\"https:\\\/\\\/regmik.ua\\\/product\\\/gama-treker-gsm-01\\\/#breadcrumb\"},\"inLanguage\":\"pl-PL\",\"potentialAction\":[{\"@type\":\"ReadAction\",\"target\":[\"https:\\\/\\\/regmik.ua\\\/product\\\/gama-treker-gsm-01\\\/\"]}]},{\"@type\":\"ImageObject\",\"inLanguage\":\"pl-PL\",\"@id\":\"https:\\\/\\\/regmik.ua\\\/product\\\/gama-treker-gsm-01\\\/#primaryimage\",\"url\":\"https:\\\/\\\/regmik.ua\\\/wp-content\\\/uploads\\\/2016\\\/09\\\/GPS_01.jpg\",\"contentUrl\":\"https:\\\/\\\/regmik.ua\\\/wp-content\\\/uploads\\\/2016\\\/09\\\/GPS_01.jpg\",\"width\":800,\"height\":1024,\"caption\":\"GPS \u0442\u0440\u0435\u043a\u0435\u0440 \u00ab\u0413\u0410\u041c\u0410 GSM-01\u00bb\"},{\"@type\":\"BreadcrumbList\",\"@id\":\"https:\\\/\\\/regmik.ua\\\/product\\\/gama-treker-gsm-01\\\/#breadcrumb\",\"itemListElement\":[{\"@type\":\"ListItem\",\"position\":1,\"name\":\"\u0413\u043b\u0430\u0432\u043d\u0430\u044f \u0441\u0442\u0440\u0430\u043d\u0438\u0446\u0430\",\"item\":\"https:\\\/\\\/regmik.ua\\\/\"},{\"@type\":\"ListItem\",\"position\":2,\"name\":\"\u041f\u0440\u043e\u0434\u0443\u043a\u0446\u0438\u044f\",\"item\":\"https:\\\/\\\/regmik.ua\\\/uk\\\/products\\\/\"},{\"@type\":\"ListItem\",\"position\":3,\"name\":\"GPS \u0442\u0440\u0435\u043a\u0435\u0440 &#8220;\u0413\u0410\u041c\u0410 GSM-01&#8221;: \u0432\u0456\u0434\u0441\u0442\u0435\u0436\u0443\u0432\u0430\u043d\u043d\u044f \u0442\u0440\u0430\u043d\u0441\u043f\u043e\u0440\u0442\u0443 \u0442\u0430 \u043c\u0430\u0439\u043d\u0430 \u0432 \u0440\u0435\u0436\u0438\u043c\u0456 \u0440\u0435\u0430\u043b\u044c\u043d\u043e\u0433\u043e \u0447\u0430\u0441\u0443\"}]},{\"@type\":\"WebSite\",\"@id\":\"https:\\\/\\\/regmik.ua\\\/uk\\\/#website\",\"url\":\"https:\\\/\\\/regmik.ua\\\/uk\\\/\",\"name\":\"REGMIK\",\"description\":\"\u0418\u0437\u043c\u0435\u0440\u0438\u0442\u0435\u043b\u044c\u043d\u044b\u0435 \u043f\u0440\u0438\u0431\u043e\u0440\u044b \u0438 \u0434\u0430\u0442\u0447\u0438\u043a\u0438 \u0442\u0435\u043c\u043f\u0435\u0440\u0430\u0442\u0443\u0440\u044b\",\"publisher\":{\"@id\":\"https:\\\/\\\/regmik.ua\\\/uk\\\/#organization\"},\"alternateName\":\"REGMIK\",\"potentialAction\":[{\"@type\":\"SearchAction\",\"target\":{\"@type\":\"EntryPoint\",\"urlTemplate\":\"https:\\\/\\\/regmik.ua\\\/uk\\\/?s={search_term_string}\"},\"query-input\":{\"@type\":\"PropertyValueSpecification\",\"valueRequired\":true,\"valueName\":\"search_term_string\"}}],\"inLanguage\":\"pl-PL\"},{\"@type\":\"Organization\",\"@id\":\"https:\\\/\\\/regmik.ua\\\/uk\\\/#organization\",\"name\":\"REGMIK\",\"alternateName\":\"\u0420\u0415\u0413\u041c\u0418\u041a\",\"url\":\"https:\\\/\\\/regmik.ua\\\/uk\\\/\",\"logo\":{\"@type\":\"ImageObject\",\"inLanguage\":\"pl-PL\",\"@id\":\"https:\\\/\\\/regmik.ua\\\/uk\\\/#\\\/schema\\\/logo\\\/image\\\/\",\"url\":\"https:\\\/\\\/regmik.ua\\\/wp-content\\\/uploads\\\/2020\\\/03\\\/regmik_logo.png\",\"contentUrl\":\"https:\\\/\\\/regmik.ua\\\/wp-content\\\/uploads\\\/2020\\\/03\\\/regmik_logo.png\",\"width\":194,\"height\":45,\"caption\":\"REGMIK\"},\"image\":{\"@id\":\"https:\\\/\\\/regmik.ua\\\/uk\\\/#\\\/schema\\\/logo\\\/image\\\/\"},\"sameAs\":[\"https:\\\/\\\/www.facebook.com\\\/regmik.npf\",\"https:\\\/\\\/x.com\\\/regmiknpf\",\"https:\\\/\\\/www.youtube.com\\\/channel\\\/UC_SrY98SKAmR3Kt95GcVKcw\"]}]}<\/script>","yoast_head_json":{"title":"\u0420\u0415\u0413\u041c\u0406\u041a, \u041d\u0412\u0424, \u041f\u041f &#8211; GPS \u0442\u0440\u0435\u043a\u0435\u0440 \"\u0413\u0410\u041c\u0410 GSM-01\"","description":"Lokalizator GAMA przeznaczony jest do pracy jako samochodowy lokalizator GSM \/ GPS i pozwala na monitorowanie lokalizacji obiektu, pr\u0119dko\u015bci, temperatury, ilo\u015bci paliwa itp.","robots":{"index":"index","follow":"follow","max-snippet":"max-snippet:-1","max-image-preview":"max-image-preview:large","max-video-preview":"max-video-preview:-1"},"canonical":"https:\/\/regmik.ua\/pl\/product\/gama-treker-gsm-01\/","schema":{"@context":"https:\/\/schema.org","@graph":[{"@type":"WebPage","@id":"https:\/\/regmik.ua\/product\/gama-treker-gsm-01\/","url":"https:\/\/regmik.ua\/product\/gama-treker-gsm-01\/","name":"\u0420\u0415\u0413\u041c\u0406\u041a, \u041d\u0412\u0424, \u041f\u041f &#8211; GPS \u0442\u0440\u0435\u043a\u0435\u0440 \"\u0413\u0410\u041c\u0410 GSM-01\"","isPartOf":{"@id":"https:\/\/regmik.ua\/uk\/#website"},"primaryImageOfPage":{"@id":"https:\/\/regmik.ua\/product\/gama-treker-gsm-01\/#primaryimage"},"image":{"@id":"https:\/\/regmik.ua\/product\/gama-treker-gsm-01\/#primaryimage"},"thumbnailUrl":"https:\/\/regmik.ua\/wp-content\/uploads\/2016\/09\/GPS_01.jpg","datePublished":"2016-09-09T09:36:40+00:00","dateModified":"2023-04-10T17:56:23+00:00","description":"Lokalizator GAMA przeznaczony jest do pracy jako samochodowy lokalizator GSM \/ GPS i pozwala na monitorowanie lokalizacji obiektu, pr\u0119dko\u015bci, temperatury, ilo\u015bci paliwa itp.","breadcrumb":{"@id":"https:\/\/regmik.ua\/product\/gama-treker-gsm-01\/#breadcrumb"},"inLanguage":"pl-PL","potentialAction":[{"@type":"ReadAction","target":["https:\/\/regmik.ua\/product\/gama-treker-gsm-01\/"]}]},{"@type":"ImageObject","inLanguage":"pl-PL","@id":"https:\/\/regmik.ua\/product\/gama-treker-gsm-01\/#primaryimage","url":"https:\/\/regmik.ua\/wp-content\/uploads\/2016\/09\/GPS_01.jpg","contentUrl":"https:\/\/regmik.ua\/wp-content\/uploads\/2016\/09\/GPS_01.jpg","width":800,"height":1024,"caption":"GPS \u0442\u0440\u0435\u043a\u0435\u0440 \u00ab\u0413\u0410\u041c\u0410 GSM-01\u00bb"},{"@type":"BreadcrumbList","@id":"https:\/\/regmik.ua\/product\/gama-treker-gsm-01\/#breadcrumb","itemListElement":[{"@type":"ListItem","position":1,"name":"\u0413\u043b\u0430\u0432\u043d\u0430\u044f \u0441\u0442\u0440\u0430\u043d\u0438\u0446\u0430","item":"https:\/\/regmik.ua\/"},{"@type":"ListItem","position":2,"name":"\u041f\u0440\u043e\u0434\u0443\u043a\u0446\u0438\u044f","item":"https:\/\/regmik.ua\/uk\/products\/"},{"@type":"ListItem","position":3,"name":"GPS \u0442\u0440\u0435\u043a\u0435\u0440 &#8220;\u0413\u0410\u041c\u0410 GSM-01&#8221;: \u0432\u0456\u0434\u0441\u0442\u0435\u0436\u0443\u0432\u0430\u043d\u043d\u044f \u0442\u0440\u0430\u043d\u0441\u043f\u043e\u0440\u0442\u0443 \u0442\u0430 \u043c\u0430\u0439\u043d\u0430 \u0432 \u0440\u0435\u0436\u0438\u043c\u0456 \u0440\u0435\u0430\u043b\u044c\u043d\u043e\u0433\u043e \u0447\u0430\u0441\u0443"}]},{"@type":"WebSite","@id":"https:\/\/regmik.ua\/uk\/#website","url":"https:\/\/regmik.ua\/uk\/","name":"REGMIK","description":"Przyrz\u0105dy pomiarowe i czujniki temperatury","publisher":{"@id":"https:\/\/regmik.ua\/uk\/#organization"},"alternateName":"REGMIK","potentialAction":[{"@type":"SearchAction","target":{"@type":"EntryPoint","urlTemplate":"https:\/\/regmik.ua\/uk\/?s={search_term_string}"},"query-input":{"@type":"PropertyValueSpecification","valueRequired":true,"valueName":"search_term_string"}}],"inLanguage":"pl-PL"},{"@type":"Organization","@id":"https:\/\/regmik.ua\/uk\/#organization","name":"REGMIK","alternateName":"\u0420\u0415\u0413\u041c\u0418\u041a","url":"https:\/\/regmik.ua\/uk\/","logo":{"@type":"ImageObject","inLanguage":"pl-PL","@id":"https:\/\/regmik.ua\/uk\/#\/schema\/logo\/image\/","url":"https:\/\/regmik.ua\/wp-content\/uploads\/2020\/03\/regmik_logo.png","contentUrl":"https:\/\/regmik.ua\/wp-content\/uploads\/2020\/03\/regmik_logo.png","width":194,"height":45,"caption":"REGMIK"},"image":{"@id":"https:\/\/regmik.ua\/uk\/#\/schema\/logo\/image\/"},"sameAs":["https:\/\/www.facebook.com\/regmik.npf","https:\/\/x.com\/regmiknpf","https:\/\/www.youtube.com\/channel\/UC_SrY98SKAmR3Kt95GcVKcw"]}]}},"_links":{"self":[{"href":"https:\/\/regmik.ua\/pl\/wp-json\/wp\/v2\/product\/11751","targetHints":{"allow":["GET"]}}],"collection":[{"href":"https:\/\/regmik.ua\/pl\/wp-json\/wp\/v2\/product"}],"about":[{"href":"https:\/\/regmik.ua\/pl\/wp-json\/wp\/v2\/types\/product"}],"replies":[{"embeddable":true,"href":"https:\/\/regmik.ua\/pl\/wp-json\/wp\/v2\/comments?post=11751"}],"version-history":[{"count":0,"href":"https:\/\/regmik.ua\/pl\/wp-json\/wp\/v2\/product\/11751\/revisions"}],"wp:featuredmedia":[{"embeddable":true,"href":"https:\/\/regmik.ua\/pl\/wp-json\/wp\/v2\/media\/18193"}],"wp:attachment":[{"href":"https:\/\/regmik.ua\/pl\/wp-json\/wp\/v2\/media?parent=11751"}],"wp:term":[{"taxonomy":"product_brand","embeddable":true,"href":"https:\/\/regmik.ua\/pl\/wp-json\/wp\/v2\/product_brand?post=11751"},{"taxonomy":"product_cat","embeddable":true,"href":"https:\/\/regmik.ua\/pl\/wp-json\/wp\/v2\/product_cat?post=11751"},{"taxonomy":"product_tag","embeddable":true,"href":"https:\/\/regmik.ua\/pl\/wp-json\/wp\/v2\/product_tag?post=11751"}],"curies":[{"name":"wp","href":"https:\/\/api.w.org\/{rel}","templated":true}]}}