{"id":11450,"date":"2016-08-31T07:16:12","date_gmt":"2016-08-31T05:16:12","guid":{"rendered":"http:\/\/test.regmik.com.ua\/index.php\/product\/reguljator-moshhnosti-rm1\/"},"modified":"2025-03-18T15:05:26","modified_gmt":"2025-03-18T13:05:26","slug":"reguljator-moshhnosti-rm1","status":"publish","type":"product","link":"https:\/\/regmik.ua\/pl\/product\/reguljator-moshhnosti-rm1\/","title":{"rendered":"Regulator mocy PM1"},"content":{"rendered":"<h2>Cel, pow\u00f3d:<\/h2>\n<p>Regulatory mocy przeznaczone s\u0105 do:<\/p>\n<ul>\n<li>kontrola mocy w obci\u0105\u017ceniu czynnym, triaki mocy pod\u0142\u0105czone do urz\u0105dzenia;<\/li>\n<li>stosowa\u0107 jako urz\u0105dzenie nastawcze mocy dla grzejnika sterowanego r\u0119cznie, a tak\u017ce do automatycznego utrzymywania temperatury obiektu wraz z termostatami (np. RD1, RP1 itp.).<\/li>\n<\/ul>\n<h2>Og\u00f3lne funkcje i tryby pracy:<\/h2>\n<p>Regulator mocy pracuje w trybie automatycznym. Przy\u0142o\u017cenie napi\u0119cia 0 ... 10V na wej\u015bcie steruj\u0105ce reguluje proporcjonalnie moc wyj\u015bciow\u0105 obci\u0105\u017cenia czynnego w zakresie 0 ... 100%.<\/p>\n<p>Urz\u0105dzenie zapewnia p\u0142ynne wyj\u015bcie do ustawionej mocy. Jest to konieczne, aby unikn\u0105\u0107 nag\u0142ych przeci\u0105\u017ce\u0144 sieci zasilaj\u0105cej. Gdy urz\u0105dzenie jest w\u0142\u0105czone lub gdy poziom sygna\u0142u gwa\u0142townie si\u0119 zmienia na wej\u015bciu steruj\u0105cym urz\u0105dzenia, moc obci\u0105\u017cenia ro\u015bnie nie gwa\u0142townie, ale p\u0142ynnie. Czas do osi\u0105gni\u0119cia ustawionej mocy jest regulowany w zakresie od 0,1 do 60 sekund, kt\u00f3ry ustawia si\u0119 za pomoc\u0105 pokr\u0119t\u0142a na panelu przednim urz\u0105dzenia.<\/p>\n<p>Sygna\u0142 wej\u015bciowy \u201eblokada\u201d blokuje wyzwalanie impuls\u00f3w steruj\u0105cych. Po jej zdj\u0119ciu nast\u0105pi p\u0142ynne wyj\u015bcie do danego poziomu mocy. Jako \u017ar\u00f3d\u0142o sygna\u0142u \u201eblokuj\u0105cego\u201d mo\u017cna wykorzysta\u0107 tranzystor typu n - p - n z wyj\u015bciem typu otwarty kolektor lub styki przycisku, prze\u0142\u0105cznika bistabilnego, kontaktronu, przeka\u017anika.<\/p>\n<p>Tryb pracy jest wy\u015bwietlany na panelu przednim urz\u0105dzenia i jest zmieniany przez oprogramowanie. Fabryka przeprowadza wst\u0119pn\u0105 kalibracj\u0119 wej\u015b\u0107 analogowych z zachowaniem ustawie\u0144 fabrycznych.<br \/>\nAby regulowa\u0107 moc obci\u0105\u017cenia, urz\u0105dzenie pozwala na generowanie sygna\u0142\u00f3w steruj\u0105cych triakami dwiema metodami: faz\u0105 lub liczb\u0105 p\u00f3\u0142okres\u00f3w.<\/p>\n<p>Metoda fazowa s\u0142u\u017cy do sterowania obiektami o niskiej bezw\u0142adno\u015bci, kt\u00f3re s\u0105 odpowiedzialne za zmian\u0119 napi\u0119cia na obci\u0105\u017ceniu, a tak\u017ce podczas sterowania o\u015bwietleniem. W metodzie fazowej urz\u0105dzenie zmienia k\u0105t rozwarcia triaka w zale\u017cno\u015bci od warto\u015bci sygna\u0142u na wej\u015bciu steruj\u0105cym, zmieniaj\u0105c tym samym poziom mocy na obci\u0105\u017ceniu.<\/p>\n<p>Metod\u0119 sterowania p\u00f3\u0142okresem stosuje si\u0119 tylko do obci\u0105\u017ce\u0144 bezw\u0142adno\u015bciowych. Liczba p\u00f3\u0142okres\u00f3w na obci\u0105\u017ceniu zale\u017cy od warto\u015bci sygna\u0142u na wej\u015bciu steruj\u0105cym: przy minimalnym poziomie mocy (0%) p\u00f3\u0142fale napi\u0119cia nie s\u0105 odbierane, przy maksymalnym poziomie mocy (100%) do obci\u0105\u017cenia podawanych jest 100 p\u00f3\u0142fal, a przy mocy 50% - 50 p\u00f3\u0142falek napi\u0119cia zasilaj\u0105cego.<\/p>\n<h3 id=\"desc\" class=\"attr\">Charakterystyka<\/h3>\n<p><span class=\"body_left_page\"><strong>Parametry wej\u015b\u0107 analogowych<\/strong><\/span><\/p>\n<table class=\"reg-product-table\" cellspacing=\"0\" cellpadding=\"0\">\n<tbody>\n<tr bgcolor=\"#DDDDDD\">\n<th><span class=\"body_left_page\"><strong>Charakterystyka<\/strong><\/span><\/th>\n<th><span class=\"body_left_page\"><strong>NA<\/strong><\/span><\/th>\n<th><span class=\"body_left_page\"><strong>W<\/strong><\/span><\/th>\n<\/tr>\n<tr>\n<td><span class=\"body_left_page\">Godziny pracy<\/span><\/td>\n<td><span class=\"body_left_page\">2<\/span><\/td>\n<td><span class=\"body_left_page\">3<\/span><\/td>\n<\/tr>\n<tr>\n<td><span class=\"body_left_page\">Ustawienia fabryczne<\/span><\/td>\n<td><span class=\"body_left_page\">0 ... 10 V.<\/span><\/td>\n<td><span class=\"body_left_page\">4 ... 20 mA<\/span><\/td>\n<\/tr>\n<tr>\n<td><span class=\"body_left_page\">Minimalna warto\u015b\u0107 kalibracji<\/span><\/td>\n<td><span class=\"body_left_page\">0 w<\/span><\/td>\n<td><span class=\"body_left_page\">0 mA<\/span><\/td>\n<\/tr>\n<tr>\n<td><span class=\"body_left_page\">Maksymalna warto\u015b\u0107 kalibracji<\/span><\/td>\n<td><span class=\"body_left_page\">10 w<\/span><\/td>\n<td><span class=\"body_left_page\">20 mA<\/span><\/td>\n<\/tr>\n<\/tbody>\n<\/table>\n<p>&nbsp;<\/p>\n<p><span class=\"body_left_page\"><strong>G\u0142\u00f3wne parametry techniczne regulatora mocy<\/strong><\/span><\/p>\n<table class=\"reg-product-table\" cellspacing=\"0\" cellpadding=\"0\">\n<tbody>\n<tr bgcolor=\"#DDDDDD\">\n<th><span class=\"body_left_page\"><strong>Opis cech<\/strong><\/span><\/th>\n<th><span class=\"body_left_page\"><strong>Warto\u015b\u0107<\/strong><\/span><\/th>\n<\/tr>\n<tr>\n<td><span class=\"body_left_page\">Napi\u0119cie zasilania (z sieci AC), V.<\/span><\/td>\n<td><span class=\"body_left_page\">220 (\u00b1 15)<\/span><\/td>\n<\/tr>\n<tr>\n<td><span class=\"body_left_page\">Cz\u0119stotliwo\u015b\u0107 sieciowa, Hz<\/span><\/td>\n<td><span class=\"body_left_page\">50 (\u00b1 10)<\/span><\/td>\n<\/tr>\n<tr>\n<td><span class=\"body_left_page\">Pob\u00f3r mocy, W.<\/span><\/td>\n<td><span class=\"body_left_page\">nie wi\u0119cej ni\u017c 3 <\/span><\/td>\n<\/tr>\n<tr>\n<td><span class=\"body_left_page\">Tryb sterowania przyrz\u0105dem <\/span><\/td>\n<td><span class=\"body_left_page\">sygna\u0142 steruj\u0105cy 0 ... 10 V <\/span><\/td>\n<\/tr>\n<tr>\n<td>Metoda sterowania triakiem mocy<\/td>\n<td><span class=\"body_left_page\">tryb nr 1 - faza<br \/>\ntryb numer 2 - impulsowy (wed\u0142ug liczby okres\u00f3w) <\/span><\/td>\n<\/tr>\n<tr>\n<td>Szeroko\u015b\u0107 urz\u0105dzenia, mm<\/td>\n<td><span class=\"body_left_page\">67 <\/span><\/td>\n<\/tr>\n<tr>\n<td>Waga, g (nie wi\u0119cej)<\/td>\n<td><span class=\"body_left_page\">400 <\/span><\/td>\n<\/tr>\n<\/tbody>\n<\/table>","protected":false},"excerpt":{"rendered":"<p>Urz\u0105dzenie kontroluje i reguluje moc w obci\u0105\u017ceniu czynnym na jednym kanale. Jako sterownik mo\u017cna wykorzysta\u0107 czujniki z ujednoliconym pr\u0105dowym lub napi\u0119ciowym sygna\u0142em wyj\u015bciowym.<\/p>","protected":false},"featured_media":11381,"comment_status":"open","ping_status":"closed","template":"","meta":[],"product_brand":[],"product_cat":[140,39],"product_tag":[3394,3392,3393,116,43,139,45,3395],"class_list":{"0":"post-11450","1":"product","2":"type-product","3":"status-publish","4":"has-post-thumbnail","6":"product_cat-reguljatory_moshhnosti","7":"product_cat-regulators","8":"product_tag-3394","9":"product_tag-3392","10":"product_tag-3393","11":"product_tag-nagrevatel","12":"product_tag-regulyator","13":"product_tag-regulyator-moshhnosti","14":"product_tag-temperatura","15":"product_tag-3395","18":"instock","19":"shipping-taxable","20":"purchasable","21":"product-type-simple"},"yoast_head":"<title>\u0420\u0435\u0433\u0443\u043b\u044f\u0442\u043e\u0440 \u043c\u043e\u0449\u043d\u043e\u0441\u0442\u0438 \u0420\u041c1 &#8211; \u0420\u0415\u0413\u041c\u0406\u041a, \u041d\u0412\u0424, \u041f\u041f<\/title>\n<meta name=\"description\" content=\"\u0420\u0435\u0433\u0443\u043b\u044f\u0442\u043e\u0440 \u043c\u043e\u0449\u043d\u043e\u0441\u0442\u0438 \u041a\u0423\u041f\u0418\u0422\u042c. \u042d\u043b\u0435\u043a\u0442\u0440\u043e\u043d\u043d\u044b\u0439 \u0440\u0435\u0433\u0443\u043b\u044f\u0442\u043e\u0440 \u043c\u043e\u0449\u043d\u043e\u0441\u0442\u0438 220\u0432 \u041f\u0440\u0438\u0431\u043e\u0440 \u0430\u0432\u0442\u043e\u043c\u0430\u0442\u0438\u0447\u0435\u0441\u043a\u0438 \u0440\u0435\u0433\u0443\u043b\u0438\u0440\u0443\u0435\u0442 \u043c\u043e\u0449\u043d\u043e\u0441\u0442\u044c\u044e \u0432 \u043d\u0430\u0433\u0440\u0443\u0437\u043a\u0435 \u043d\u0430 \u043e\u0441\u043d\u043e\u0432\u0430\u043d\u0438\u0438 \u0437\u0430\u0434\u0430\u044e\u0449\u0435\u0433\u043e \u0441\u0438\u0433\u043d\u0430\u043b\u0430.\" \/>\n<meta name=\"robots\" content=\"index, follow, max-snippet:-1, max-image-preview:large, max-video-preview:-1\" \/>\n<link rel=\"canonical\" href=\"https:\/\/regmik.ua\/pl\/product\/reguljator-moshhnosti-rm1\/\" \/>\n<script type=\"application\/ld+json\" class=\"yoast-schema-graph\">{\"@context\":\"https:\\\/\\\/schema.org\",\"@graph\":[{\"@type\":\"WebPage\",\"@id\":\"https:\\\/\\\/regmik.ua\\\/product\\\/reguljator-moshhnosti-rm1\\\/\",\"url\":\"https:\\\/\\\/regmik.ua\\\/product\\\/reguljator-moshhnosti-rm1\\\/\",\"name\":\"\u0420\u0435\u0433\u0443\u043b\u044f\u0442\u043e\u0440 \u043c\u043e\u0449\u043d\u043e\u0441\u0442\u0438 \u0420\u041c1 &#8211; \u0420\u0415\u0413\u041c\u0406\u041a, \u041d\u0412\u0424, \u041f\u041f\",\"isPartOf\":{\"@id\":\"https:\\\/\\\/regmik.ua\\\/uk\\\/#website\"},\"primaryImageOfPage\":{\"@id\":\"https:\\\/\\\/regmik.ua\\\/product\\\/reguljator-moshhnosti-rm1\\\/#primaryimage\"},\"image\":{\"@id\":\"https:\\\/\\\/regmik.ua\\\/product\\\/reguljator-moshhnosti-rm1\\\/#primaryimage\"},\"thumbnailUrl\":\"https:\\\/\\\/regmik.ua\\\/wp-content\\\/uploads\\\/2015\\\/08\\\/rm1_front.png\",\"datePublished\":\"2016-08-31T05:16:12+00:00\",\"dateModified\":\"2025-03-18T13:05:26+00:00\",\"description\":\"\u0420\u0435\u0433\u0443\u043b\u044f\u0442\u043e\u0440 \u043c\u043e\u0449\u043d\u043e\u0441\u0442\u0438 \u041a\u0423\u041f\u0418\u0422\u042c. \u042d\u043b\u0435\u043a\u0442\u0440\u043e\u043d\u043d\u044b\u0439 \u0440\u0435\u0433\u0443\u043b\u044f\u0442\u043e\u0440 \u043c\u043e\u0449\u043d\u043e\u0441\u0442\u0438 220\u0432 \u041f\u0440\u0438\u0431\u043e\u0440 \u0430\u0432\u0442\u043e\u043c\u0430\u0442\u0438\u0447\u0435\u0441\u043a\u0438 \u0440\u0435\u0433\u0443\u043b\u0438\u0440\u0443\u0435\u0442 \u043c\u043e\u0449\u043d\u043e\u0441\u0442\u044c\u044e \u0432 \u043d\u0430\u0433\u0440\u0443\u0437\u043a\u0435 \u043d\u0430 \u043e\u0441\u043d\u043e\u0432\u0430\u043d\u0438\u0438 \u0437\u0430\u0434\u0430\u044e\u0449\u0435\u0433\u043e \u0441\u0438\u0433\u043d\u0430\u043b\u0430.\",\"breadcrumb\":{\"@id\":\"https:\\\/\\\/regmik.ua\\\/product\\\/reguljator-moshhnosti-rm1\\\/#breadcrumb\"},\"inLanguage\":\"pl-PL\",\"potentialAction\":[{\"@type\":\"ReadAction\",\"target\":[\"https:\\\/\\\/regmik.ua\\\/product\\\/reguljator-moshhnosti-rm1\\\/\"]}]},{\"@type\":\"ImageObject\",\"inLanguage\":\"pl-PL\",\"@id\":\"https:\\\/\\\/regmik.ua\\\/product\\\/reguljator-moshhnosti-rm1\\\/#primaryimage\",\"url\":\"https:\\\/\\\/regmik.ua\\\/wp-content\\\/uploads\\\/2015\\\/08\\\/rm1_front.png\",\"contentUrl\":\"https:\\\/\\\/regmik.ua\\\/wp-content\\\/uploads\\\/2015\\\/08\\\/rm1_front.png\",\"width\":800,\"height\":1024,\"caption\":\"\u0420\u0415\u0413\u0423\u041b\u042f\u0422\u041e\u0420 \u041c\u041e\u0429\u041d\u041e\u0421\u0422\u0418 (\u0420\u041c1) front\"},{\"@type\":\"BreadcrumbList\",\"@id\":\"https:\\\/\\\/regmik.ua\\\/product\\\/reguljator-moshhnosti-rm1\\\/#breadcrumb\",\"itemListElement\":[{\"@type\":\"ListItem\",\"position\":1,\"name\":\"\u0413\u043b\u0430\u0432\u043d\u0430\u044f \u0441\u0442\u0440\u0430\u043d\u0438\u0446\u0430\",\"item\":\"https:\\\/\\\/regmik.ua\\\/\"},{\"@type\":\"ListItem\",\"position\":2,\"name\":\"\u041f\u0440\u043e\u0434\u0443\u043a\u0446\u0438\u044f\",\"item\":\"https:\\\/\\\/regmik.ua\\\/uk\\\/products\\\/\"},{\"@type\":\"ListItem\",\"position\":3,\"name\":\"\u0420\u0435\u0433\u0443\u043b\u044f\u0442\u043e\u0440 \u043c\u043e\u0449\u043d\u043e\u0441\u0442\u0438 \u0420\u041c1\"}]},{\"@type\":\"WebSite\",\"@id\":\"https:\\\/\\\/regmik.ua\\\/uk\\\/#website\",\"url\":\"https:\\\/\\\/regmik.ua\\\/uk\\\/\",\"name\":\"REGMIK\",\"description\":\"\u0418\u0437\u043c\u0435\u0440\u0438\u0442\u0435\u043b\u044c\u043d\u044b\u0435 \u043f\u0440\u0438\u0431\u043e\u0440\u044b \u0438 \u0434\u0430\u0442\u0447\u0438\u043a\u0438 \u0442\u0435\u043c\u043f\u0435\u0440\u0430\u0442\u0443\u0440\u044b\",\"publisher\":{\"@id\":\"https:\\\/\\\/regmik.ua\\\/uk\\\/#organization\"},\"alternateName\":\"REGMIK\",\"potentialAction\":[{\"@type\":\"SearchAction\",\"target\":{\"@type\":\"EntryPoint\",\"urlTemplate\":\"https:\\\/\\\/regmik.ua\\\/uk\\\/?s={search_term_string}\"},\"query-input\":{\"@type\":\"PropertyValueSpecification\",\"valueRequired\":true,\"valueName\":\"search_term_string\"}}],\"inLanguage\":\"pl-PL\"},{\"@type\":\"Organization\",\"@id\":\"https:\\\/\\\/regmik.ua\\\/uk\\\/#organization\",\"name\":\"REGMIK\",\"alternateName\":\"\u0420\u0415\u0413\u041c\u0418\u041a\",\"url\":\"https:\\\/\\\/regmik.ua\\\/uk\\\/\",\"logo\":{\"@type\":\"ImageObject\",\"inLanguage\":\"pl-PL\",\"@id\":\"https:\\\/\\\/regmik.ua\\\/uk\\\/#\\\/schema\\\/logo\\\/image\\\/\",\"url\":\"https:\\\/\\\/regmik.ua\\\/wp-content\\\/uploads\\\/2020\\\/03\\\/regmik_logo.png\",\"contentUrl\":\"https:\\\/\\\/regmik.ua\\\/wp-content\\\/uploads\\\/2020\\\/03\\\/regmik_logo.png\",\"width\":194,\"height\":45,\"caption\":\"REGMIK\"},\"image\":{\"@id\":\"https:\\\/\\\/regmik.ua\\\/uk\\\/#\\\/schema\\\/logo\\\/image\\\/\"},\"sameAs\":[\"https:\\\/\\\/www.facebook.com\\\/regmik.npf\",\"https:\\\/\\\/x.com\\\/regmiknpf\",\"https:\\\/\\\/www.youtube.com\\\/channel\\\/UC_SrY98SKAmR3Kt95GcVKcw\"]}]}<\/script>","yoast_head_json":{"title":"\u0420\u0435\u0433\u0443\u043b\u044f\u0442\u043e\u0440 \u043c\u043e\u0449\u043d\u043e\u0441\u0442\u0438 \u0420\u041c1 &#8211; \u0420\u0415\u0413\u041c\u0406\u041a, \u041d\u0412\u0424, \u041f\u041f","description":"Regulator mocy KUP. Elektroniczny regulator mocy 220v Urz\u0105dzenie automatycznie reguluje moc obci\u0105\u017cenia na podstawie sygna\u0142u odniesienia.","robots":{"index":"index","follow":"follow","max-snippet":"max-snippet:-1","max-image-preview":"max-image-preview:large","max-video-preview":"max-video-preview:-1"},"canonical":"https:\/\/regmik.ua\/pl\/product\/reguljator-moshhnosti-rm1\/","schema":{"@context":"https:\/\/schema.org","@graph":[{"@type":"WebPage","@id":"https:\/\/regmik.ua\/product\/reguljator-moshhnosti-rm1\/","url":"https:\/\/regmik.ua\/product\/reguljator-moshhnosti-rm1\/","name":"\u0420\u0435\u0433\u0443\u043b\u044f\u0442\u043e\u0440 \u043c\u043e\u0449\u043d\u043e\u0441\u0442\u0438 \u0420\u041c1 &#8211; \u0420\u0415\u0413\u041c\u0406\u041a, \u041d\u0412\u0424, \u041f\u041f","isPartOf":{"@id":"https:\/\/regmik.ua\/uk\/#website"},"primaryImageOfPage":{"@id":"https:\/\/regmik.ua\/product\/reguljator-moshhnosti-rm1\/#primaryimage"},"image":{"@id":"https:\/\/regmik.ua\/product\/reguljator-moshhnosti-rm1\/#primaryimage"},"thumbnailUrl":"https:\/\/regmik.ua\/wp-content\/uploads\/2015\/08\/rm1_front.png","datePublished":"2016-08-31T05:16:12+00:00","dateModified":"2025-03-18T13:05:26+00:00","description":"Regulator mocy KUP. Elektroniczny regulator mocy 220v Urz\u0105dzenie automatycznie reguluje moc obci\u0105\u017cenia na podstawie sygna\u0142u odniesienia.","breadcrumb":{"@id":"https:\/\/regmik.ua\/product\/reguljator-moshhnosti-rm1\/#breadcrumb"},"inLanguage":"pl-PL","potentialAction":[{"@type":"ReadAction","target":["https:\/\/regmik.ua\/product\/reguljator-moshhnosti-rm1\/"]}]},{"@type":"ImageObject","inLanguage":"pl-PL","@id":"https:\/\/regmik.ua\/product\/reguljator-moshhnosti-rm1\/#primaryimage","url":"https:\/\/regmik.ua\/wp-content\/uploads\/2015\/08\/rm1_front.png","contentUrl":"https:\/\/regmik.ua\/wp-content\/uploads\/2015\/08\/rm1_front.png","width":800,"height":1024,"caption":"\u0420\u0415\u0413\u0423\u041b\u042f\u0422\u041e\u0420 \u041c\u041e\u0429\u041d\u041e\u0421\u0422\u0418 (\u0420\u041c1) front"},{"@type":"BreadcrumbList","@id":"https:\/\/regmik.ua\/product\/reguljator-moshhnosti-rm1\/#breadcrumb","itemListElement":[{"@type":"ListItem","position":1,"name":"\u0413\u043b\u0430\u0432\u043d\u0430\u044f \u0441\u0442\u0440\u0430\u043d\u0438\u0446\u0430","item":"https:\/\/regmik.ua\/"},{"@type":"ListItem","position":2,"name":"\u041f\u0440\u043e\u0434\u0443\u043a\u0446\u0438\u044f","item":"https:\/\/regmik.ua\/uk\/products\/"},{"@type":"ListItem","position":3,"name":"\u0420\u0435\u0433\u0443\u043b\u044f\u0442\u043e\u0440 \u043c\u043e\u0449\u043d\u043e\u0441\u0442\u0438 \u0420\u041c1"}]},{"@type":"WebSite","@id":"https:\/\/regmik.ua\/uk\/#website","url":"https:\/\/regmik.ua\/uk\/","name":"REGMIK","description":"Przyrz\u0105dy pomiarowe i czujniki temperatury","publisher":{"@id":"https:\/\/regmik.ua\/uk\/#organization"},"alternateName":"REGMIK","potentialAction":[{"@type":"SearchAction","target":{"@type":"EntryPoint","urlTemplate":"https:\/\/regmik.ua\/uk\/?s={search_term_string}"},"query-input":{"@type":"PropertyValueSpecification","valueRequired":true,"valueName":"search_term_string"}}],"inLanguage":"pl-PL"},{"@type":"Organization","@id":"https:\/\/regmik.ua\/uk\/#organization","name":"REGMIK","alternateName":"\u0420\u0415\u0413\u041c\u0418\u041a","url":"https:\/\/regmik.ua\/uk\/","logo":{"@type":"ImageObject","inLanguage":"pl-PL","@id":"https:\/\/regmik.ua\/uk\/#\/schema\/logo\/image\/","url":"https:\/\/regmik.ua\/wp-content\/uploads\/2020\/03\/regmik_logo.png","contentUrl":"https:\/\/regmik.ua\/wp-content\/uploads\/2020\/03\/regmik_logo.png","width":194,"height":45,"caption":"REGMIK"},"image":{"@id":"https:\/\/regmik.ua\/uk\/#\/schema\/logo\/image\/"},"sameAs":["https:\/\/www.facebook.com\/regmik.npf","https:\/\/x.com\/regmiknpf","https:\/\/www.youtube.com\/channel\/UC_SrY98SKAmR3Kt95GcVKcw"]}]}},"_links":{"self":[{"href":"https:\/\/regmik.ua\/pl\/wp-json\/wp\/v2\/product\/11450","targetHints":{"allow":["GET"]}}],"collection":[{"href":"https:\/\/regmik.ua\/pl\/wp-json\/wp\/v2\/product"}],"about":[{"href":"https:\/\/regmik.ua\/pl\/wp-json\/wp\/v2\/types\/product"}],"replies":[{"embeddable":true,"href":"https:\/\/regmik.ua\/pl\/wp-json\/wp\/v2\/comments?post=11450"}],"version-history":[{"count":0,"href":"https:\/\/regmik.ua\/pl\/wp-json\/wp\/v2\/product\/11450\/revisions"}],"wp:featuredmedia":[{"embeddable":true,"href":"https:\/\/regmik.ua\/pl\/wp-json\/wp\/v2\/media\/11381"}],"wp:attachment":[{"href":"https:\/\/regmik.ua\/pl\/wp-json\/wp\/v2\/media?parent=11450"}],"wp:term":[{"taxonomy":"product_brand","embeddable":true,"href":"https:\/\/regmik.ua\/pl\/wp-json\/wp\/v2\/product_brand?post=11450"},{"taxonomy":"product_cat","embeddable":true,"href":"https:\/\/regmik.ua\/pl\/wp-json\/wp\/v2\/product_cat?post=11450"},{"taxonomy":"product_tag","embeddable":true,"href":"https:\/\/regmik.ua\/pl\/wp-json\/wp\/v2\/product_tag?post=11450"}],"curies":[{"name":"wp","href":"https:\/\/api.w.org\/{rel}","templated":true}]}}