{"id":23178,"date":"2020-09-28T09:40:27","date_gmt":"2020-09-28T06:40:27","guid":{"rendered":"https:\/\/regmik.ua\/?page_id=23178"},"modified":"2020-09-28T09:46:16","modified_gmt":"2020-09-28T06:46:16","slug":"politika-konfidentsijnosti","status":"publish","type":"page","link":"https:\/\/regmik.ua\/pl\/politika-konfidentsijnosti\/","title":{"rendered":"Polityka prywatno\u015bci"},"content":{"rendered":"<h2 class=\"wp-block-heading\">Hto mi<\/h2>\n\n\n\n<p>Adres naszej strony internetowej: https:\/\/regmik.ua.<\/p>\n\n\n\n<h2 class=\"wp-block-heading\">Podarowano mi specja\u0142y z yaki, wi\u0119c mnie<\/h2>\n\n\n\n<h3 class=\"wp-block-heading\">Komentarze<\/h3>\n\n\n\n<p>Je\u015bli zamieszczasz komentarze w serwisie, zbierasz dane, kt\u00f3re pojawiaj\u0105 si\u0119 w postaci komentarzy, a tak\u017ce adresy IP agenta przegl\u0105darki, co pomo\u017ce Ci wykry\u0107 spam.<\/p>\n\n\n\n<p>Anonimowy wiersz, dla twojego adresu e-mail (zwanego r\u00f3wnie\u017c hashem), mo\u017cesz uzyska\u0107 us\u0142ug\u0119 Gravatar, po prostu zgarnij, je\u015bli odniesiesz zwyci\u0119stwo. Polityka prywatno\u015bci Gravatar jest dost\u0119pna tutaj: https:\/\/automattic.com\/privacy\/. Po pobraniu komentarza tw\u00f3j obrazek profilowy b\u0119dzie widoczny dla spo\u0142eczno\u015bci w kontek\u015bcie twojego komentarza.<\/p>\n\n\n\n<h3 class=\"wp-block-heading\">Pliki medialne<\/h3>\n\n\n\n<p>Jak tylko dodasz obrazy do witryny, powiniene\u015b by\u0107 w stanie unicinowa\u0107 obrazy z utworzonych danych o obrazie (EXIF GPS). Wprowad\u017a witryn\u0119 do witryny, mo\u017cesz doda\u0107 informacje o procesie wyszukiwania z obrazu na stronie.<\/p>\n\n\n\n<h3 class=\"wp-block-heading\">Formularz kontaktowy<\/h3>\n\n\n\n<h3 class=\"wp-block-heading\">Ciasteczka<\/h3>\n\n\n\n<p>Je\u015bli zamie\u015bcisz komentarz na naszej stronie, mo\u017cesz zapisa\u0107 swoje imi\u0119 i nazwisko, adres e-mail i stron\u0119 internetow\u0105 w plikach cookie. To dla Ciebie, wi\u0119c nie musisz ponownie przechowywa\u0107 swoich danych, je\u015bli przegapisz kolejny komentarz. Ciasteczka s\u0105 zapisywane na 1 pik.<\/p>\n\n\n\n<p>Tak d\u0142ugo, jak masz wpis online w witrynie i wprowadzisz nowy, zostanie zainstalowany czasowy plik cookie, aby umo\u017cliwi\u0107 odbieranie plik\u00f3w cookie przez Twoj\u0105 przegl\u0105dark\u0119, plik cookie nie b\u0119dzie pokazywany \u017cadnych specjalnych informacji i b\u0119dzie wy\u015bwietlany kiedy twoja przegl\u0105darka jest zamkni\u0119ta.<\/p>\n\n\n\n<p>Je\u015bli wejdziesz do systemu, zostanie r\u00f3wnie\u017c zainstalowana naklejka cookie, dzi\u0119ki czemu informacje o Twoim logowaniu i ustawieniach ekranu zostan\u0105 zapisane. Pliki cookie logowania trwaj\u0105 2 dni, a pliki cookie dla nowego ekranu - 1 dzie\u0144. Jak tylko wibrujesz \u201eZapam&#039;yatati mene\u201d, tw\u00f3j login zostanie zaj\u0119ty przez 2 tyzhnivy. Gdy tylko zobaczysz to na swoim koncie, pliki cookie b\u0119d\u0105 widoczne dla Twojego loginu.<\/p>\n\n\n\n<p>Gdy tylko wyedytujesz lub opublikujesz artyku\u0142, Twoja przegl\u0105darka internetowa zapisze plik cookie. Ten plik cookie nie m\u015bci si\u0119 na specjalnych trybutach, po prostu dodaje identyfikator statystyczny, tak jak zwykle by\u0142 edytowany. Termin Yogo diii zako\u0144czy si\u0119 za 1 dzie\u0144.<\/p>\n\n\n\n<h3 class=\"wp-block-heading\">Kupowanie na innych stronach internetowych<\/h3>\n\n\n\n<p>Zemst\u0105 za pomys\u0142y mog\u0105 by\u0107 statystyki w ca\u0142ej witrynie (na przyk\u0142ad: wideo, obrazy, statystyki). Vbuudovaniya vm_st z innych witryn zachowuje si\u0119 tak, jak jest, tak jak otworzy\u0142 witryn\u0119 bi corystuvach.<\/p>\n\n\n\n<p>Witryna mo\u017ce zbiera\u0107 informacje o tobie, wiktorystach, plikach cookie, dodawa\u0107 dodatkowe informacje o stronach trzecich i krokach twoich interakcji z ca\u0142ym procesem. Zokrema v\u0456dstezhuvati vzamod\u0456yu z vbudovanim vm\u0456stom, o ile masz nie\u015bwiadomy zapis i przeszed\u0142e\u015b do ca\u0142ej witryny.<\/p>\n\n\n\n<h3 class=\"wp-block-heading\">Analityka<\/h3>\n\n\n\n<h2 class=\"wp-block-heading\">Z kim mi dimosya tw\u00f3j danimi<\/h2>\n\n\n\n<h2 class=\"wp-block-heading\">Yak dovgo mi zberigaemo Twoje dania<\/h2>\n\n\n\n<p>Jak tylko opublikujesz komentarz, wygraj, \u017ce metadan jest zaj\u0119ty przez rozci\u0105ganie nieprzypisanego terminu. Maj\u0105c tak\u0105 rang\u0119, mo\u017cemy automatycznie zainicjowa\u0107 to twardnienie sk\u00f3ry w obra\u017aliwych komentarzach zamiast tego, \u017ce trimati znajduje si\u0119 w \u015brodku umiaru.<\/p>\n\n\n\n<p>W przypadku koristuvach\u0456v, kt\u00f3rzy przeprowadzaj\u0105 restrukturyzacj\u0119 na naszej stronie (yaksh\u043e tak\u0456 \u0454), przeka\u017c\u0119 im dane osobowe z profilu corystuvach. Wszyscy koristuvachi mog\u0105 zerkn\u0105\u0107, redaguvati lub zobaczy\u0107 w\u0142asne specjalne ho\u0142dy o ka\u017cdej porze (win\u0119 za to, \u017ce smr\u00f3d nie mo\u017ce zmieni\u0107 twojego wizerunku koristuvach). Administrator witryny mo\u017ce r\u00f3wnie\u017c przegl\u0105da\u0107 ponownie narysowane informacje.<\/p>\n\n\n\n<h2 class=\"wp-block-heading\">Yaki prava vi maute wprawdzie jego ho\u0142d<\/h2>\n\n\n\n<p>Dop\u00f3ki masz nie\u015bwiadomy zapis na ca\u0142ej stronie, je\u015bli zapomnia\u0142e\u015b komentarzy, mo\u017cesz wys\u0142a\u0107 kana\u0142 do wyeksportowanego otrimanny pliku specjalnych ho\u0142d\u00f3w, kt\u00f3re s\u0105 o tobie, w tym wszystkie daniny, kt\u00f3re nam przekaza\u0142e\u015b. Mo\u017cesz tak\u017ce wimagati, dzi\u0119ki czemu wymazali\u015bmy, czy jeste\u015b wyj\u0105tkow\u0105 osob\u0105, tak\u0105 jak ty. Nie obejmuje to tego, czy jest to-yak\u0456 dan\u0456, takie jak wola \u0456sber\u0456gati w celach administracyjnych, prawnych i bezpiecze\u0144stwa.<\/p>\n\n\n\n<h2 class=\"wp-block-heading\">Kudi mi kieruje twoimi danymi<\/h2>\n\n\n\n<p>Komentarze dotycz\u0105ce wykrywania spamu mog\u0105 by\u0107 przekierowywane do dodatkowej us\u0142ugi w celu automatycznego wykrywania spamu.<\/p>\n\n\n\n<h2 class=\"wp-block-heading\">Twoje dane kontaktowe<\/h2>\n\n\n\n<h2 class=\"wp-block-heading\">Dodatkova - informacje<\/h2>\n\n\n\n<h3 class=\"wp-block-heading\">Yak mi zdob\u0105d\u017a swoje dane<\/h3>\n\n\n\n<h3 class=\"wp-block-heading\">Yaki post\u0119puje przeciwko ho\u0142dowi z\u0142o\u017conemu przez mojego vikoristovu\u0454mo<\/h3>\n\n\n\n<h3 class=\"wp-block-heading\">Z jakich trzecich stron rozpoznamy<\/h3>\n\n\n\n<h3 class=\"wp-block-heading\">Yake jest automatycznie wybierany, aby wzi\u0105\u0107 \/ lub profilvannya mi robimo z danymi koristuvatsky<\/h3>\n\n\n\n<h3 class=\"wp-block-heading\">Vimogi przed otwarciem galuzev normatywnego vimoga<\/h3>","protected":false},"excerpt":{"rendered":"<p>Kto mi Adres naszej strony: https:\/\/regmik.ua. Zbieramy okre\u015blone dane, dlatego je wybieramy. Anonimowy wiersz, kreacje za Twoim adresem e-mail (zwany r\u00f3wnie\u017c hashem), mog\u0105 ... <a href=\"https:\/\/regmik.ua\/pl\/politika-konfidentsijnosti\/\" class=\"more-link\">Kontynuuj czytanie <span class=\"screen-reader-text\">Polityka prywatno\u015bci<\/span><\/a><\/p>","protected":false},"author":1755,"featured_media":0,"parent":0,"menu_order":0,"comment_status":"closed","ping_status":"closed","template":"","meta":{"footnotes":""},"class_list":["post-23178","page","type-page","status-publish","hentry"],"yoast_head":"<title>\u041f\u043e\u043b\u0456\u0442\u0438\u043a\u0430 \u043a\u043e\u043d\u0444\u0456\u0434\u0435\u043d\u0446\u0456\u0439\u043d\u043e\u0441\u0442\u0456 &#8211; \u0420\u0415\u0413\u041c\u0406\u041a, \u041d\u0412\u0424, \u041f\u041f<\/title>\n<meta name=\"description\" content=\"\u0425\u0442\u043e \u043c\u0438 \u041d\u0430\u0448\u0430 \u0430\u0434\u0440\u0435\u0441\u0430 \u0441\u0430\u0439\u0442\u0443: https:\/\/regmik.ua. \u042f\u043a\u0456 \u043e\u0441\u043e\u0431\u0438\u0441\u0442\u0456 \u0434\u0430\u043d\u0456 \u043c\u0438 \u0437\u0431\u0438\u0440\u0430\u0454\u043c\u043e \u0442\u0430 \u0447\u043e\u043c\u0443 \u043c\u0438 \u0457\u0445 \u0437\u0431\u0438\u0440\u0430\u0454\u043c\u043e \u041a\u043e\u043c\u0435\u043d\u0442\u0430\u0440\u0456 \u041a\u043e\u043b\u0438 \u0432\u0456\u0434\u0432\u0456\u0434\u0443\u0432\u0430\u0447\u0456 \u0437\u0430\u043b\u0438\u0448\u0430\u044e\u0442\u044c \u043a\u043e\u043c\u0435\u043d\u0442\u0430\u0440\u0456 \u043d\u0430 \u0441\u0430\u0439\u0442\u0456,\" \/>\n<meta name=\"robots\" content=\"index, follow, max-snippet:-1, max-image-preview:large, max-video-preview:-1\" \/>\n<link rel=\"canonical\" href=\"https:\/\/regmik.ua\/pl\/politika-konfidentsijnosti\/\" \/>\n<script type=\"application\/ld+json\" class=\"yoast-schema-graph\">{\"@context\":\"https:\\\/\\\/schema.org\",\"@graph\":[{\"@type\":\"WebPage\",\"@id\":\"https:\\\/\\\/regmik.ua\\\/politika-konfidentsijnosti\\\/\",\"url\":\"https:\\\/\\\/regmik.ua\\\/politika-konfidentsijnosti\\\/\",\"name\":\"\u041f\u043e\u043b\u0456\u0442\u0438\u043a\u0430 \u043a\u043e\u043d\u0444\u0456\u0434\u0435\u043d\u0446\u0456\u0439\u043d\u043e\u0441\u0442\u0456 &#8211; \u0420\u0415\u0413\u041c\u0406\u041a, \u041d\u0412\u0424, \u041f\u041f\",\"isPartOf\":{\"@id\":\"https:\\\/\\\/regmik.ua\\\/uk\\\/#website\"},\"datePublished\":\"2020-09-28T06:40:27+00:00\",\"dateModified\":\"2020-09-28T06:46:16+00:00\",\"description\":\"\u0425\u0442\u043e \u043c\u0438 \u041d\u0430\u0448\u0430 \u0430\u0434\u0440\u0435\u0441\u0430 \u0441\u0430\u0439\u0442\u0443: https:\\\/\\\/regmik.ua. \u042f\u043a\u0456 \u043e\u0441\u043e\u0431\u0438\u0441\u0442\u0456 \u0434\u0430\u043d\u0456 \u043c\u0438 \u0437\u0431\u0438\u0440\u0430\u0454\u043c\u043e \u0442\u0430 \u0447\u043e\u043c\u0443 \u043c\u0438 \u0457\u0445 \u0437\u0431\u0438\u0440\u0430\u0454\u043c\u043e \u041a\u043e\u043c\u0435\u043d\u0442\u0430\u0440\u0456 \u041a\u043e\u043b\u0438 \u0432\u0456\u0434\u0432\u0456\u0434\u0443\u0432\u0430\u0447\u0456 \u0437\u0430\u043b\u0438\u0448\u0430\u044e\u0442\u044c \u043a\u043e\u043c\u0435\u043d\u0442\u0430\u0440\u0456 \u043d\u0430 \u0441\u0430\u0439\u0442\u0456,\",\"breadcrumb\":{\"@id\":\"https:\\\/\\\/regmik.ua\\\/politika-konfidentsijnosti\\\/#breadcrumb\"},\"inLanguage\":\"pl-PL\",\"potentialAction\":[{\"@type\":\"ReadAction\",\"target\":[\"https:\\\/\\\/regmik.ua\\\/politika-konfidentsijnosti\\\/\"]}]},{\"@type\":\"BreadcrumbList\",\"@id\":\"https:\\\/\\\/regmik.ua\\\/politika-konfidentsijnosti\\\/#breadcrumb\",\"itemListElement\":[{\"@type\":\"ListItem\",\"position\":1,\"name\":\"\u0413\u043b\u0430\u0432\u043d\u0430\u044f \u0441\u0442\u0440\u0430\u043d\u0438\u0446\u0430\",\"item\":\"https:\\\/\\\/regmik.ua\\\/\"},{\"@type\":\"ListItem\",\"position\":2,\"name\":\"\u041f\u043e\u043b\u0456\u0442\u0438\u043a\u0430 \u043a\u043e\u043d\u0444\u0456\u0434\u0435\u043d\u0446\u0456\u0439\u043d\u043e\u0441\u0442\u0456\"}]},{\"@type\":\"WebSite\",\"@id\":\"https:\\\/\\\/regmik.ua\\\/uk\\\/#website\",\"url\":\"https:\\\/\\\/regmik.ua\\\/uk\\\/\",\"name\":\"REGMIK\",\"description\":\"\u0418\u0437\u043c\u0435\u0440\u0438\u0442\u0435\u043b\u044c\u043d\u044b\u0435 \u043f\u0440\u0438\u0431\u043e\u0440\u044b \u0438 \u0434\u0430\u0442\u0447\u0438\u043a\u0438 \u0442\u0435\u043c\u043f\u0435\u0440\u0430\u0442\u0443\u0440\u044b\",\"publisher\":{\"@id\":\"https:\\\/\\\/regmik.ua\\\/uk\\\/#organization\"},\"alternateName\":\"REGMIK\",\"potentialAction\":[{\"@type\":\"SearchAction\",\"target\":{\"@type\":\"EntryPoint\",\"urlTemplate\":\"https:\\\/\\\/regmik.ua\\\/uk\\\/?s={search_term_string}\"},\"query-input\":{\"@type\":\"PropertyValueSpecification\",\"valueRequired\":true,\"valueName\":\"search_term_string\"}}],\"inLanguage\":\"pl-PL\"},{\"@type\":\"Organization\",\"@id\":\"https:\\\/\\\/regmik.ua\\\/uk\\\/#organization\",\"name\":\"REGMIK\",\"alternateName\":\"\u0420\u0415\u0413\u041c\u0418\u041a\",\"url\":\"https:\\\/\\\/regmik.ua\\\/uk\\\/\",\"logo\":{\"@type\":\"ImageObject\",\"inLanguage\":\"pl-PL\",\"@id\":\"https:\\\/\\\/regmik.ua\\\/uk\\\/#\\\/schema\\\/logo\\\/image\\\/\",\"url\":\"https:\\\/\\\/regmik.ua\\\/wp-content\\\/uploads\\\/2020\\\/03\\\/regmik_logo.png\",\"contentUrl\":\"https:\\\/\\\/regmik.ua\\\/wp-content\\\/uploads\\\/2020\\\/03\\\/regmik_logo.png\",\"width\":194,\"height\":45,\"caption\":\"REGMIK\"},\"image\":{\"@id\":\"https:\\\/\\\/regmik.ua\\\/uk\\\/#\\\/schema\\\/logo\\\/image\\\/\"},\"sameAs\":[\"https:\\\/\\\/www.facebook.com\\\/regmik.npf\",\"https:\\\/\\\/x.com\\\/regmiknpf\",\"https:\\\/\\\/www.youtube.com\\\/channel\\\/UC_SrY98SKAmR3Kt95GcVKcw\"]}]}<\/script>","yoast_head_json":{"title":"Polityka budowania zaufania - REGMlK, NVF, PP","description":"Adresy naszych stron internetowych to: https:\/\/regmik.ua. Niekt\u00f3re specjalno\u015bci s\u0105 przyznawane wybranemu.","robots":{"index":"index","follow":"follow","max-snippet":"max-snippet:-1","max-image-preview":"max-image-preview:large","max-video-preview":"max-video-preview:-1"},"canonical":"https:\/\/regmik.ua\/pl\/politika-konfidentsijnosti\/","schema":{"@context":"https:\/\/schema.org","@graph":[{"@type":"WebPage","@id":"https:\/\/regmik.ua\/politika-konfidentsijnosti\/","url":"https:\/\/regmik.ua\/politika-konfidentsijnosti\/","name":"Polityka budowania zaufania - REGMlK, NVF, PP","isPartOf":{"@id":"https:\/\/regmik.ua\/uk\/#website"},"datePublished":"2020-09-28T06:40:27+00:00","dateModified":"2020-09-28T06:46:16+00:00","description":"Adresy naszych stron internetowych to: https:\/\/regmik.ua. Niekt\u00f3re specjalno\u015bci s\u0105 przyznawane wybranemu.","breadcrumb":{"@id":"https:\/\/regmik.ua\/politika-konfidentsijnosti\/#breadcrumb"},"inLanguage":"pl-PL","potentialAction":[{"@type":"ReadAction","target":["https:\/\/regmik.ua\/politika-konfidentsijnosti\/"]}]},{"@type":"BreadcrumbList","@id":"https:\/\/regmik.ua\/politika-konfidentsijnosti\/#breadcrumb","itemListElement":[{"@type":"ListItem","position":1,"name":"\u0413\u043b\u0430\u0432\u043d\u0430\u044f \u0441\u0442\u0440\u0430\u043d\u0438\u0446\u0430","item":"https:\/\/regmik.ua\/"},{"@type":"ListItem","position":2,"name":"\u041f\u043e\u043b\u0456\u0442\u0438\u043a\u0430 \u043a\u043e\u043d\u0444\u0456\u0434\u0435\u043d\u0446\u0456\u0439\u043d\u043e\u0441\u0442\u0456"}]},{"@type":"WebSite","@id":"https:\/\/regmik.ua\/uk\/#website","url":"https:\/\/regmik.ua\/uk\/","name":"REGMIK","description":"Przyrz\u0105dy pomiarowe i czujniki temperatury","publisher":{"@id":"https:\/\/regmik.ua\/uk\/#organization"},"alternateName":"REGMIK","potentialAction":[{"@type":"SearchAction","target":{"@type":"EntryPoint","urlTemplate":"https:\/\/regmik.ua\/uk\/?s={search_term_string}"},"query-input":{"@type":"PropertyValueSpecification","valueRequired":true,"valueName":"search_term_string"}}],"inLanguage":"pl-PL"},{"@type":"Organization","@id":"https:\/\/regmik.ua\/uk\/#organization","name":"REGMIK","alternateName":"\u0420\u0415\u0413\u041c\u0418\u041a","url":"https:\/\/regmik.ua\/uk\/","logo":{"@type":"ImageObject","inLanguage":"pl-PL","@id":"https:\/\/regmik.ua\/uk\/#\/schema\/logo\/image\/","url":"https:\/\/regmik.ua\/wp-content\/uploads\/2020\/03\/regmik_logo.png","contentUrl":"https:\/\/regmik.ua\/wp-content\/uploads\/2020\/03\/regmik_logo.png","width":194,"height":45,"caption":"REGMIK"},"image":{"@id":"https:\/\/regmik.ua\/uk\/#\/schema\/logo\/image\/"},"sameAs":["https:\/\/www.facebook.com\/regmik.npf","https:\/\/x.com\/regmiknpf","https:\/\/www.youtube.com\/channel\/UC_SrY98SKAmR3Kt95GcVKcw"]}]}},"_links":{"self":[{"href":"https:\/\/regmik.ua\/pl\/wp-json\/wp\/v2\/pages\/23178","targetHints":{"allow":["GET"]}}],"collection":[{"href":"https:\/\/regmik.ua\/pl\/wp-json\/wp\/v2\/pages"}],"about":[{"href":"https:\/\/regmik.ua\/pl\/wp-json\/wp\/v2\/types\/page"}],"author":[{"embeddable":true,"href":"https:\/\/regmik.ua\/pl\/wp-json\/wp\/v2\/users\/1755"}],"replies":[{"embeddable":true,"href":"https:\/\/regmik.ua\/pl\/wp-json\/wp\/v2\/comments?post=23178"}],"version-history":[{"count":0,"href":"https:\/\/regmik.ua\/pl\/wp-json\/wp\/v2\/pages\/23178\/revisions"}],"wp:attachment":[{"href":"https:\/\/regmik.ua\/pl\/wp-json\/wp\/v2\/media?parent=23178"}],"curies":[{"name":"wp","href":"https:\/\/api.w.org\/{rel}","templated":true}]}}