{"id":20805,"date":"2020-07-22T08:13:50","date_gmt":"2020-07-22T06:13:50","guid":{"rendered":"https:\/\/regmik.com.ua\/?page_id=20805"},"modified":"2026-03-15T09:28:36","modified_gmt":"2026-03-15T07:28:36","slug":"contact","status":"publish","type":"page","link":"https:\/\/regmik.ua\/pl\/contact\/","title":{"rendered":"\u0141\u0105czno\u015b\u0107"},"content":{"rendered":"<div data-elementor-type=\"wp-post\" data-elementor-id=\"20805\" class=\"elementor elementor-20805\">\n\t\t\t\t\t\t<section class=\"elementor-section elementor-top-section elementor-element elementor-element-7f253db elementor-section-boxed elementor-section-height-default elementor-section-height-default\" data-id=\"7f253db\" data-element_type=\"section\" data-e-type=\"section\">\n\t\t\t\t\t\t<div class=\"elementor-container elementor-column-gap-default\">\n\t\t\t\t\t<div class=\"elementor-column elementor-col-100 elementor-top-column elementor-element elementor-element-c5a8bf1\" data-id=\"c5a8bf1\" data-element_type=\"column\" data-e-type=\"column\">\n\t\t\t<div class=\"elementor-widget-wrap\">\n\t\t\t\t\t\t\t<\/div>\n\t\t<\/div>\n\t\t\t\t\t<\/div>\n\t\t<\/section>\n\t\t\t\t<section class=\"elementor-section elementor-top-section elementor-element elementor-element-c390ebf elementor-section-boxed elementor-section-height-default elementor-section-height-default\" data-id=\"c390ebf\" data-element_type=\"section\" data-e-type=\"section\">\n\t\t\t\t\t\t<div class=\"elementor-container elementor-column-gap-default\">\n\t\t\t\t\t<div class=\"elementor-column elementor-col-100 elementor-top-column elementor-element elementor-element-4ba468a elementor-invisible\" data-id=\"4ba468a\" data-element_type=\"column\" data-e-type=\"column\" data-settings=\"{&quot;animation&quot;:&quot;rollIn&quot;}\">\n\t\t\t<div class=\"elementor-widget-wrap elementor-element-populated\">\n\t\t\t\t\t\t<div class=\"elementor-element elementor-element-4a5adf3 elementor-widget elementor-widget-google_maps\" data-id=\"4a5adf3\" data-element_type=\"widget\" data-e-type=\"widget\" data-widget_type=\"google_maps.default\">\n\t\t\t\t\t\t\t<div class=\"elementor-custom-embed\">\n\t\t\t<iframe loading=\"lazy\"\n\t\t\t\t\tsrc=\"https:\/\/www.google.com\/maps\/embed\/v1\/place?key=AIzaSyDRUevrjm1EPuMmnXT0u0yLAOey9FMJdD4&#038;q=%D0%A0%D0%95%D0%93%D0%9C%D0%86%D0%9A%2C%20%D0%9D%D0%92%D0%A4%2C%20%D0%9F%D0%9F&#038;zoom=10\"\n\t\t\t\t\ttitle=\"REGMIK, NVF, PP\"\n\t\t\t\t\taria-label=\"REGMIK, NVF, PP\"\n\t\t\t><\/iframe>\n\t\t<\/div>\n\t\t\t\t\t\t<\/div>\n\t\t\t\t\t<\/div>\n\t\t<\/div>\n\t\t\t\t\t<\/div>\n\t\t<\/section>\n\t\t\t\t<section class=\"elementor-section elementor-top-section elementor-element elementor-element-15f3731 elementor-section-boxed elementor-section-height-default elementor-section-height-default\" data-id=\"15f3731\" data-element_type=\"section\" data-e-type=\"section\">\n\t\t\t\t\t\t<div class=\"elementor-container elementor-column-gap-default\">\n\t\t\t\t\t<div class=\"elementor-column elementor-col-100 elementor-top-column elementor-element elementor-element-c8465ab\" data-id=\"c8465ab\" data-element_type=\"column\" data-e-type=\"column\">\n\t\t\t<div class=\"elementor-widget-wrap elementor-element-populated\">\n\t\t\t\t\t\t<div class=\"elementor-element elementor-element-8d84a42 elementor-tabs-view-horizontal elementor-widget elementor-widget-tabs\" data-id=\"8d84a42\" data-element_type=\"widget\" data-e-type=\"widget\" data-widget_type=\"tabs.default\">\n\t\t\t\t\t\t\t<div class=\"elementor-tabs\">\n\t\t\t<div class=\"elementor-tabs-wrapper\" role=\"tablist\" >\n\t\t\t\t\t\t\t\t\t<div id=\"elementor-tab-title-1481\" class=\"elementor-tab-title elementor-tab-desktop-title\" aria-selected=\"true\" data-tab=\"1\" role=\"tab\" tabindex=\"0\" aria-controls=\"elementor-tab-content-1481\" aria-expanded=\"false\">PRZEWODNIK<\/div>\n\t\t\t\t\t\t\t\t\t<div id=\"elementor-tab-title-1482\" class=\"elementor-tab-title elementor-tab-desktop-title\" aria-selected=\"false\" data-tab=\"2\" role=\"tab\" tabindex=\"-1\" aria-controls=\"elementor-tab-content-1482\" aria-expanded=\"false\">DZIA\u0141 WSPARCIA TECHNICZNEGO<\/div>\n\t\t\t\t\t\t\t\t\t<div id=\"elementor-tab-title-1483\" class=\"elementor-tab-title elementor-tab-desktop-title\" aria-selected=\"false\" data-tab=\"3\" role=\"tab\" tabindex=\"-1\" aria-controls=\"elementor-tab-content-1483\" aria-expanded=\"false\">DZIA\u0141 SPRZEDA\u017bY<\/div>\n\t\t\t\t\t\t\t<\/div>\n\t\t\t<div class=\"elementor-tabs-content-wrapper\" role=\"tablist\" aria-orientation=\"vertical\">\n\t\t\t\t\t\t\t\t\t<div class=\"elementor-tab-title elementor-tab-mobile-title\" aria-selected=\"true\" data-tab=\"1\" role=\"tab\" tabindex=\"0\" aria-controls=\"elementor-tab-content-1481\" aria-expanded=\"false\">PRZEWODNIK<\/div>\n\t\t\t\t\t<div id=\"elementor-tab-content-1481\" class=\"elementor-tab-content elementor-clearfix\" data-tab=\"1\" role=\"tabpanel\" aria-labelledby=\"elementor-tab-title-1481\" tabindex=\"0\" hidden=\"false\"><table><tbody><tr><td><h4>Dyrektor<\/h4><p>Szko\u0142a Eleny<\/p><p><a href=\"mailto:Lena@regmik.ua\"><span class=\"vc_icon_element-icon fa fa-envelope\">\u00a0Lena@regmik.ua<\/span><\/a><\/p><\/td><td><h4>Dyrektor techniczny<\/h4><p>Szko\u0142a Igora<\/p><p><a href=\"mailto:Ihor@regmik.ua\"><span class=\"vc_icon_element-icon fa fa-envelope\">\u00a0Ihor@regmik.ua<\/span><\/a><\/p><\/td><td><h4>G\u0142\u00f3wny ksi\u0119gowy<\/h4><p><a href=\"mailto:buh@regmik.ua\"><span class=\"vc_icon_element-icon fa fa-envelope\">\u00a0buh@regmik.ua<\/span><\/a><\/p><\/td><\/tr><\/tbody><\/table><\/div>\n\t\t\t\t\t\t\t\t\t<div class=\"elementor-tab-title elementor-tab-mobile-title\" aria-selected=\"false\" data-tab=\"2\" role=\"tab\" tabindex=\"-1\" aria-controls=\"elementor-tab-content-1482\" aria-expanded=\"false\">DZIA\u0141 WSPARCIA TECHNICZNEGO<\/div>\n\t\t\t\t\t<div id=\"elementor-tab-content-1482\" class=\"elementor-tab-content elementor-clearfix\" data-tab=\"2\" role=\"tabpanel\" aria-labelledby=\"elementor-tab-title-1482\" tabindex=\"0\" hidden=\"hidden\"><table><tbody><tr><td><h4>Wsparcie techniczne<\/h4><p><a href=\"mailto:Oleg@regmik.ua\"><span class=\"vc_icon_element-icon fa fa-envelope\">\u00a0support@regmik.ua<\/span><\/a><\/p><p><a href=\"mailto:office@regmik.ua\"><span class=\"vc_icon_element-icon fa fa-envelope\">\u00a0office@regmik.ua<\/span><\/a><\/p><\/td><\/tr><\/tbody><\/table><\/div>\n\t\t\t\t\t\t\t\t\t<div class=\"elementor-tab-title elementor-tab-mobile-title\" aria-selected=\"false\" data-tab=\"3\" role=\"tab\" tabindex=\"-1\" aria-controls=\"elementor-tab-content-1483\" aria-expanded=\"false\">DZIA\u0141 SPRZEDA\u017bY<\/div>\n\t\t\t\t\t<div id=\"elementor-tab-content-1483\" class=\"elementor-tab-content elementor-clearfix\" data-tab=\"3\" role=\"tabpanel\" aria-labelledby=\"elementor-tab-title-1483\" tabindex=\"0\" hidden=\"hidden\"><table><tbody><tr><td><h4>Mened\u017cer<\/h4><p>Percewa Oksana<\/p><p><a href=\"mailto:office@regmik.ua\"><span class=\"vc_icon_element-icon fa fa-envelope\">\u00a0office@regmik.ua<\/span><\/a><\/p><p><span class=\"vc_icon_element-icon fa fa-phone-square\">\u00a0+38 (0462) 614-863, +38 (050) 465-40-35<\/span><\/p><\/td><\/tr><\/tbody><\/table><\/div>\n\t\t\t\t\t\t\t<\/div>\n\t\t<\/div>\n\t\t\t\t\t\t<\/div>\n\t\t\t\t<div class=\"elementor-element elementor-element-5cb94f9 elementor-widget elementor-widget-heading\" data-id=\"5cb94f9\" data-element_type=\"widget\" data-e-type=\"widget\" data-widget_type=\"heading.default\">\n\t\t\t\t\t<h2 class=\"elementor-heading-title elementor-size-default\">Nasi przedstawiciele<\/h2>\t\t\t\t<\/div>\n\t\t\t\t<div class=\"elementor-element elementor-element-e4c7fd3 elementor-tabs-view-horizontal elementor-widget elementor-widget-tabs\" data-id=\"e4c7fd3\" data-element_type=\"widget\" data-e-type=\"widget\" data-widget_type=\"tabs.default\">\n\t\t\t\t\t\t\t<div class=\"elementor-tabs\">\n\t\t\t<div class=\"elementor-tabs-wrapper\" role=\"tablist\" >\n\t\t\t\t\t\t\t\t\t<div id=\"elementor-tab-title-2391\" class=\"elementor-tab-title elementor-tab-desktop-title\" aria-selected=\"true\" data-tab=\"1\" role=\"tab\" tabindex=\"0\" aria-controls=\"elementor-tab-content-2391\" aria-expanded=\"false\">KIJ\u00d3W<\/div>\n\t\t\t\t\t\t\t\t\t<div id=\"elementor-tab-title-2392\" class=\"elementor-tab-title elementor-tab-desktop-title\" aria-selected=\"false\" data-tab=\"2\" role=\"tab\" tabindex=\"-1\" aria-controls=\"elementor-tab-content-2392\" aria-expanded=\"false\">DNIEPR<\/div>\n\t\t\t\t\t\t\t\t\t<div id=\"elementor-tab-title-2393\" class=\"elementor-tab-title elementor-tab-desktop-title\" aria-selected=\"false\" data-tab=\"3\" role=\"tab\" tabindex=\"-1\" aria-controls=\"elementor-tab-content-2393\" aria-expanded=\"false\">ODESSA<\/div>\n\t\t\t\t\t\t\t\t\t<div id=\"elementor-tab-title-2394\" class=\"elementor-tab-title elementor-tab-desktop-title\" aria-selected=\"false\" data-tab=\"4\" role=\"tab\" tabindex=\"-1\" aria-controls=\"elementor-tab-content-2394\" aria-expanded=\"false\">SUMY<\/div>\n\t\t\t\t\t\t\t\t\t<div id=\"elementor-tab-title-2395\" class=\"elementor-tab-title elementor-tab-desktop-title\" aria-selected=\"false\" data-tab=\"5\" role=\"tab\" tabindex=\"-1\" aria-controls=\"elementor-tab-content-2395\" aria-expanded=\"false\">CHARK\u00d3W<\/div>\n\t\t\t\t\t\t\t\t\t<div id=\"elementor-tab-title-2396\" class=\"elementor-tab-title elementor-tab-desktop-title\" aria-selected=\"false\" data-tab=\"6\" role=\"tab\" tabindex=\"-1\" aria-controls=\"elementor-tab-content-2396\" aria-expanded=\"false\">LW\u00d3W<\/div>\n\t\t\t\t\t\t\t<\/div>\n\t\t\t<div class=\"elementor-tabs-content-wrapper\" role=\"tablist\" aria-orientation=\"vertical\">\n\t\t\t\t\t\t\t\t\t<div class=\"elementor-tab-title elementor-tab-mobile-title\" aria-selected=\"true\" data-tab=\"1\" role=\"tab\" tabindex=\"0\" aria-controls=\"elementor-tab-content-2391\" aria-expanded=\"false\">KIJ\u00d3W<\/div>\n\t\t\t\t\t<div id=\"elementor-tab-content-2391\" class=\"elementor-tab-content elementor-clearfix\" data-tab=\"1\" role=\"tabpanel\" aria-labelledby=\"elementor-tab-title-2391\" tabindex=\"0\" hidden=\"false\"><table><tbody><tr><td><h4><strong>ThermoKIPcontrol<\/strong><\/h4><p><span class=\"vc_icon_element-icon fa fa-home\"> 04112, Kij\u00f3w, ul.Oranzhereinaya, 1<br \/><\/span><\/p><p><span class=\"vc_icon_element-icon fa fa-phone-square\">\u00a0<strong>+38 (0<\/strong><\/span><strong>50) 385-81-17<\/strong><\/p><p><a href=\"https:\/\/termokip.com.ua\"><span class=\"vc_icon_element-icon fa fa-globe\">\u00a0https:\/\/termokip.com.ua<\/span><\/a><\/p><p><a href=\"mailto:termokip@ukr.net\"><span class=\"vc_icon_element-icon fa fa-envelope\">\u00a0termokip@ukr.net<\/span><\/a><\/p><\/td><td><h4><strong>UKRTEHPRIBOR TD<\/strong><\/h4><p><span class=\"vc_icon_element-icon fa fa-home\"> 02121, Kij\u00f3w, autostrada Chark\u00f3w, 145<\/span><\/p><p><span class=\"vc_icon_element-icon fa fa-phone-square\">\u00a0+38 (044) 230-05-52, +38 (044) 230-05-62, +38 (044) 230-05-72<\/span><\/p><p><a href=\"https:\/\/ukrteh.kiev.ua\"><span class=\"vc_icon_element-icon fa fa-globe\"> https:\/\/ukrteh.kiev.ua<\/span><\/a><\/p><p><a href=\"mailto:pribor@ukrteh.kiev.ua\"><span class=\"vc_icon_element-icon fa fa-envelope\"> pribor@ukrteh.kiev.ua<\/span><\/a><\/p><\/td><\/tr><\/tbody><\/table><\/div>\n\t\t\t\t\t\t\t\t\t<div class=\"elementor-tab-title elementor-tab-mobile-title\" aria-selected=\"false\" data-tab=\"2\" role=\"tab\" tabindex=\"-1\" aria-controls=\"elementor-tab-content-2392\" aria-expanded=\"false\">DNIEPR<\/div>\n\t\t\t\t\t<div id=\"elementor-tab-content-2392\" class=\"elementor-tab-content elementor-clearfix\" data-tab=\"2\" role=\"tabpanel\" aria-labelledby=\"elementor-tab-title-2392\" tabindex=\"0\" hidden=\"hidden\"><table><tbody><tr><td><h4><strong>SYSTEMY WEKTOROWE<\/strong><\/h4><p><span class=\"vc_icon_element-icon fa fa-home\"> 49019, Dniepr, ul. Akademik Belelyubsky, 70 lat, biuro 205<br \/><br \/><\/span><br \/><span class=\"vc_icon_element-icon fa fa-phone-square\">\u00a0+38 (056) 785-31-43, +38 (097) 373-71-43, +38 (066) 759-45-00<br \/><\/span><\/p><p><a href=\"https:\/\/vector-systems.com.ua\"><span class=\"vc_icon_element-icon fa fa-globe\"> https:\/\/vector-systems.com.ua<\/span><\/a><\/p><p><a href=\"mailto:vector-systems@ukr.net\"><span class=\"vc_icon_element-icon fa fa-envelope\">\u00a0vector-systems@ukr.net<\/span><\/a><\/p><\/td><\/tr><\/tbody><\/table><\/div>\n\t\t\t\t\t\t\t\t\t<div class=\"elementor-tab-title elementor-tab-mobile-title\" aria-selected=\"false\" data-tab=\"3\" role=\"tab\" tabindex=\"-1\" aria-controls=\"elementor-tab-content-2393\" aria-expanded=\"false\">ODESSA<\/div>\n\t\t\t\t\t<div id=\"elementor-tab-content-2393\" class=\"elementor-tab-content elementor-clearfix\" data-tab=\"3\" role=\"tabpanel\" aria-labelledby=\"elementor-tab-title-2393\" tabindex=\"0\" hidden=\"hidden\"><table><tbody><tr><td><h4 style=\"text-align: left;\" align=\"center\"><strong>Przedsi\u0119biorstwo handlowe &quot;ELT&quot;<\/strong><\/h4><p><span class=\"vc_icon_element-icon fa fa-home\"> 65039, Odessa, ul. Artilleriyskaya, 3, biuro 12<\/span><\/p><p><span class=\"vc_icon_element-icon fa fa-phone-square\">\u00a0+38 (048) 737-55-20, +38 (050) 391-39-29<\/span><\/p><p><a href=\"http:\/\/www.elt.od.ua\" target=\"_blank\" rel=\"noopener\"><span lang=\"EN-US\"><span class=\"vc_icon_element-icon fa fa-globe\"> https:\/\/elt.od.ua<\/span><\/span><\/a><\/p><p><a href=\"mailto:info@elt.od.ua\"><span class=\"vc_icon_element-icon fa fa-envelope\">\u00a0info@elt.od.ua<\/span><\/a><\/p><\/td><\/tr><\/tbody><\/table><p>\u00a0<\/p><\/div>\n\t\t\t\t\t\t\t\t\t<div class=\"elementor-tab-title elementor-tab-mobile-title\" aria-selected=\"false\" data-tab=\"4\" role=\"tab\" tabindex=\"-1\" aria-controls=\"elementor-tab-content-2394\" aria-expanded=\"false\">SUMY<\/div>\n\t\t\t\t\t<div id=\"elementor-tab-content-2394\" class=\"elementor-tab-content elementor-clearfix\" data-tab=\"4\" role=\"tabpanel\" aria-labelledby=\"elementor-tab-title-2394\" tabindex=\"0\" hidden=\"hidden\"><table><tbody><tr><td><h4><strong>RADIOCOM-SUMY (PE Burdyugov)<\/strong><\/h4><p><span class=\"vc_icon_element-icon fa fa-home\"> 40030, Sumy, ul. Antonowa, 3\/1, biuro 21<\/span><\/p><p><span class=\"vc_icon_element-icon fa fa-phone-square\">\u00a0+38 (0542) 78-77-64, +38 (0542) 61-90-14, +38 (0542) 79-10-56, +38 (094) 970-90-56, +38 (067) 542-02-64<\/span><\/p><p><a href=\"mailto:brl@elline.sumy.ua\"><span class=\"vc_icon_element-icon fa fa-envelope\">\u00a0brl@elline.sumy.ua<\/span><\/a><\/p><\/td><\/tr><\/tbody><\/table><p>\u00a0<\/p><\/div>\n\t\t\t\t\t\t\t\t\t<div class=\"elementor-tab-title elementor-tab-mobile-title\" aria-selected=\"false\" data-tab=\"5\" role=\"tab\" tabindex=\"-1\" aria-controls=\"elementor-tab-content-2395\" aria-expanded=\"false\">CHARK\u00d3W<\/div>\n\t\t\t\t\t<div id=\"elementor-tab-content-2395\" class=\"elementor-tab-content elementor-clearfix\" data-tab=\"5\" role=\"tabpanel\" aria-labelledby=\"elementor-tab-title-2395\" tabindex=\"0\" hidden=\"hidden\"><table><tbody><tr><td><h4 style=\"text-align: left;\"><strong>Zestaw Electroradio<\/strong><\/h4><p><span class=\"vc_icon_element-icon fa fa-home\"> 61000, Chark\u00f3w, ul. Mleko, 38 lat<\/span><\/p><p><span class=\"vc_icon_element-icon fa fa-phone-square\">\u00a0+38 (050) 908-84-09, +38 (057) 754-58-75<\/span><\/p><p><a href=\"mailto:office@radiocomplect.com\"><span class=\"vc_icon_element-icon fa fa-envelope\">\u00a0office@radiocomplect.com<\/span><\/a><\/p><\/td><\/tr><\/tbody><\/table><\/div>\n\t\t\t\t\t\t\t\t\t<div class=\"elementor-tab-title elementor-tab-mobile-title\" aria-selected=\"false\" data-tab=\"6\" role=\"tab\" tabindex=\"-1\" aria-controls=\"elementor-tab-content-2396\" aria-expanded=\"false\">LW\u00d3W<\/div>\n\t\t\t\t\t<div id=\"elementor-tab-content-2396\" class=\"elementor-tab-content elementor-clearfix\" data-tab=\"6\" role=\"tabpanel\" aria-labelledby=\"elementor-tab-title-2396\" tabindex=\"0\" hidden=\"hidden\"><\/div>\n\t\t\t\t\t\t\t<\/div>\n\t\t<\/div>\n\t\t\t\t\t\t<\/div>\n\t\t\t\t\t<\/div>\n\t\t<\/div>\n\t\t\t\t\t<\/div>\n\t\t<\/section>\n\t\t\t\t<\/div>","protected":false},"excerpt":{"rendered":"<p>\u0420\u0423\u041a\u041e\u0412\u041e\u0414\u0421\u0422\u0412\u041e \u041e\u0422\u0414\u0415\u041b \u0422\u0415\u0425\u041d\u0418\u0427\u0415\u0421\u041a\u041e\u0419 \u041f\u041e\u0414\u0414\u0415\u0420\u0416\u041a\u0418 \u041e\u0422\u0414\u0415\u041b \u041f\u0420\u041e\u0414\u0410\u0416 \u0420\u0423\u041a\u041e\u0412\u041e\u0414\u0421\u0422\u0412\u041e \u0414\u0438\u0440\u0435\u043a\u0442\u043e\u0440 \u0428\u043a\u043e\u043b\u0430 \u0415\u043b\u0435\u043d\u0430 \u00a0Lena@regmik.ua \u0414\u0438\u0440\u0435\u043a\u0442\u043e\u0440 \u0442\u0435\u0445\u043d\u0438\u0447\u0435\u0441\u043a\u0438\u0439 \u0428\u043a\u043e\u043b\u0430 \u0418\u0433\u043e\u0440\u044c \u00a0Ihor@regmik.ua \u0413\u043b\u0430\u0432\u043d\u044b\u0439 \u0431\u0443\u0445\u0433\u0430\u043b\u0442\u0435\u0440 \u00a0buh@regmik.ua \u041e\u0422\u0414\u0415\u041b \u0422\u0415\u0425\u041d\u0418\u0427\u0415\u0421\u041a\u041e\u0419 \u041f\u041e\u0414\u0414\u0415\u0420\u0416\u041a\u0418 \u0422\u0435\u0445\u043d\u0438\u0447\u0435\u0441\u043a\u0430\u044f \u043f\u043e\u0434\u0434\u0435\u0440\u0436\u043a\u0430 \u00a0support@regmik.ua \u00a0office@regmik.ua \u041e\u0422\u0414\u0415\u041b \u041f\u0420\u041e\u0414\u0410\u0416 \u041c\u0435\u043d\u0435\u0434\u0436\u0435\u0440 \u041f\u0435\u0440\u0446\u0435\u0432\u0430 \u041e\u043a\u0441\u0430\u043d\u0430 \u00a0office@regmik.ua \u00a0+38 (0462) 614-863, +38 (050) 465-40-35 \u041d\u0430\u0448\u0438 \u043f\u0440\u0435\u0434\u0441\u0442\u0430\u0432\u0438\u0442\u0435\u043b\u0438 \u041a\u0418\u0415\u0412 \u0414\u041d\u0415\u041f\u0420 \u041e\u0414\u0415\u0421\u0421\u0410 \u0421\u0423\u041c\u042b \u0425\u0410\u0420\u042c\u041a\u041e\u0412 \u041b\u042c\u0412\u0406\u0412 \u041a\u0418\u0415\u0412 \u0422\u0435\u0440\u043c\u043e\u041a\u0418\u041f\u043a\u043e\u043d\u0442\u0440\u043e\u043b 04112, \u0433. \u041a\u0438\u0435\u0432, \u0443\u043b.\u041e\u0440\u0430\u043d\u0436\u0435\u0440\u0435\u0439\u043d\u0430\u044f, 1 \u00a0+38 (050) &hellip; <a href=\"https:\/\/regmik.ua\/pl\/contact\/\" class=\"more-link\">Kontynuuj czytanie <span class=\"screen-reader-text\">\u0141\u0105czno\u015b\u0107<\/span><\/a><\/p>","protected":false},"author":1,"featured_media":0,"parent":0,"menu_order":0,"comment_status":"closed","ping_status":"closed","template":"elementor_header_footer","meta":{"footnotes":""},"class_list":["post-20805","page","type-page","status-publish","hentry"],"yoast_head":"<title>\u041a\u043e\u043d\u0442\u0430\u043a\u0442\u044b &#8211; \u0420\u0415\u0413\u041c\u0406\u041a, \u041d\u0412\u0424, \u041f\u041f<\/title>\n<meta name=\"description\" content=\"\u0420\u0423\u041a\u041e\u0412\u041e\u0414\u0421\u0422\u0412\u041e \u041e\u0422\u0414\u0415\u041b \u0422\u0415\u0425\u041d\u0418\u0427\u0415\u0421\u041a\u041e\u0419 \u041f\u041e\u0414\u0414\u0415\u0420\u0416\u041a\u0418 \u041e\u0422\u0414\u0415\u041b \u041f\u0420\u041e\u0414\u0410\u0416 \u0420\u0423\u041a\u041e\u0412\u041e\u0414\u0421\u0422\u0412\u041e \u0414\u0438\u0440\u0435\u043a\u0442\u043e\u0440\u0428\u043a\u043e\u043b\u0430 \u0415\u043b\u0435\u043d\u0430\u00a0Lena@regmik.ua\u0414\u0438\u0440\u0435\u043a\u0442\u043e\u0440 \u0442\u0435\u0445\u043d\u0438\u0447\u0435\u0441\u043a\u0438\u0439\u0428\u043a\u043e\u043b\u0430 \u0418\u0433\u043e\u0440\u044c\u00a0Ihor@regmik.ua\u0413\u043b\u0430\u0432\u043d\u044b\u0439\" \/>\n<meta name=\"robots\" content=\"index, follow, max-snippet:-1, max-image-preview:large, max-video-preview:-1\" \/>\n<link rel=\"canonical\" href=\"https:\/\/regmik.ua\/pl\/contact\/\" \/>\n<script type=\"application\/ld+json\" class=\"yoast-schema-graph\">{\"@context\":\"https:\\\/\\\/schema.org\",\"@graph\":[{\"@type\":\"WebPage\",\"@id\":\"https:\\\/\\\/regmik.ua\\\/contact\\\/\",\"url\":\"https:\\\/\\\/regmik.ua\\\/contact\\\/\",\"name\":\"\u041a\u043e\u043d\u0442\u0430\u043a\u0442\u044b &#8211; \u0420\u0415\u0413\u041c\u0406\u041a, \u041d\u0412\u0424, \u041f\u041f\",\"isPartOf\":{\"@id\":\"https:\\\/\\\/regmik.ua\\\/uk\\\/#website\"},\"datePublished\":\"2020-07-22T06:13:50+00:00\",\"dateModified\":\"2026-03-15T07:28:36+00:00\",\"description\":\"\u0420\u0423\u041a\u041e\u0412\u041e\u0414\u0421\u0422\u0412\u041e \u041e\u0422\u0414\u0415\u041b \u0422\u0415\u0425\u041d\u0418\u0427\u0415\u0421\u041a\u041e\u0419 \u041f\u041e\u0414\u0414\u0415\u0420\u0416\u041a\u0418 \u041e\u0422\u0414\u0415\u041b \u041f\u0420\u041e\u0414\u0410\u0416 \u0420\u0423\u041a\u041e\u0412\u041e\u0414\u0421\u0422\u0412\u041e \u0414\u0438\u0440\u0435\u043a\u0442\u043e\u0440\u0428\u043a\u043e\u043b\u0430 \u0415\u043b\u0435\u043d\u0430\u00a0Lena@regmik.ua\u0414\u0438\u0440\u0435\u043a\u0442\u043e\u0440 \u0442\u0435\u0445\u043d\u0438\u0447\u0435\u0441\u043a\u0438\u0439\u0428\u043a\u043e\u043b\u0430 \u0418\u0433\u043e\u0440\u044c\u00a0Ihor@regmik.ua\u0413\u043b\u0430\u0432\u043d\u044b\u0439\",\"breadcrumb\":{\"@id\":\"https:\\\/\\\/regmik.ua\\\/contact\\\/#breadcrumb\"},\"inLanguage\":\"pl-PL\",\"potentialAction\":[{\"@type\":\"ReadAction\",\"target\":[\"https:\\\/\\\/regmik.ua\\\/contact\\\/\"]}]},{\"@type\":\"BreadcrumbList\",\"@id\":\"https:\\\/\\\/regmik.ua\\\/contact\\\/#breadcrumb\",\"itemListElement\":[{\"@type\":\"ListItem\",\"position\":1,\"name\":\"\u0413\u043b\u0430\u0432\u043d\u0430\u044f \u0441\u0442\u0440\u0430\u043d\u0438\u0446\u0430\",\"item\":\"https:\\\/\\\/regmik.ua\\\/\"},{\"@type\":\"ListItem\",\"position\":2,\"name\":\"\u041a\u043e\u043d\u0442\u0430\u043a\u0442\u044b\"}]},{\"@type\":\"WebSite\",\"@id\":\"https:\\\/\\\/regmik.ua\\\/uk\\\/#website\",\"url\":\"https:\\\/\\\/regmik.ua\\\/uk\\\/\",\"name\":\"REGMIK\",\"description\":\"\u0418\u0437\u043c\u0435\u0440\u0438\u0442\u0435\u043b\u044c\u043d\u044b\u0435 \u043f\u0440\u0438\u0431\u043e\u0440\u044b \u0438 \u0434\u0430\u0442\u0447\u0438\u043a\u0438 \u0442\u0435\u043c\u043f\u0435\u0440\u0430\u0442\u0443\u0440\u044b\",\"publisher\":{\"@id\":\"https:\\\/\\\/regmik.ua\\\/uk\\\/#organization\"},\"alternateName\":\"REGMIK\",\"potentialAction\":[{\"@type\":\"SearchAction\",\"target\":{\"@type\":\"EntryPoint\",\"urlTemplate\":\"https:\\\/\\\/regmik.ua\\\/uk\\\/?s={search_term_string}\"},\"query-input\":{\"@type\":\"PropertyValueSpecification\",\"valueRequired\":true,\"valueName\":\"search_term_string\"}}],\"inLanguage\":\"pl-PL\"},{\"@type\":\"Organization\",\"@id\":\"https:\\\/\\\/regmik.ua\\\/uk\\\/#organization\",\"name\":\"REGMIK\",\"alternateName\":\"\u0420\u0415\u0413\u041c\u0418\u041a\",\"url\":\"https:\\\/\\\/regmik.ua\\\/uk\\\/\",\"logo\":{\"@type\":\"ImageObject\",\"inLanguage\":\"pl-PL\",\"@id\":\"https:\\\/\\\/regmik.ua\\\/uk\\\/#\\\/schema\\\/logo\\\/image\\\/\",\"url\":\"https:\\\/\\\/regmik.ua\\\/wp-content\\\/uploads\\\/2020\\\/03\\\/regmik_logo.png\",\"contentUrl\":\"https:\\\/\\\/regmik.ua\\\/wp-content\\\/uploads\\\/2020\\\/03\\\/regmik_logo.png\",\"width\":194,\"height\":45,\"caption\":\"REGMIK\"},\"image\":{\"@id\":\"https:\\\/\\\/regmik.ua\\\/uk\\\/#\\\/schema\\\/logo\\\/image\\\/\"},\"sameAs\":[\"https:\\\/\\\/www.facebook.com\\\/regmik.npf\",\"https:\\\/\\\/x.com\\\/regmiknpf\",\"https:\\\/\\\/www.youtube.com\\\/channel\\\/UC_SrY98SKAmR3Kt95GcVKcw\"]}]}<\/script>","yoast_head_json":{"title":"Kontakty \u2013 REGMIK, NVF, PP","description":"KIEROWNICTWO DZIA\u0141 WSPARCIA TECHNICZNEGO DZIA\u0141 SPRZEDA\u017bY ZARZ\u0104DZANIE DyrektorSzko\u0142a Elena Lena@regmik.uaDyrektor technicznySzko\u0142a Igor Ihor@regmik.uaKierownik","robots":{"index":"index","follow":"follow","max-snippet":"max-snippet:-1","max-image-preview":"max-image-preview:large","max-video-preview":"max-video-preview:-1"},"canonical":"https:\/\/regmik.ua\/pl\/contact\/","schema":{"@context":"https:\/\/schema.org","@graph":[{"@type":"WebPage","@id":"https:\/\/regmik.ua\/contact\/","url":"https:\/\/regmik.ua\/contact\/","name":"Kontakty \u2013 REGMIK, NVF, PP","isPartOf":{"@id":"https:\/\/regmik.ua\/uk\/#website"},"datePublished":"2020-07-22T06:13:50+00:00","dateModified":"2026-03-15T07:28:36+00:00","description":"KIEROWNICTWO DZIA\u0141 WSPARCIA TECHNICZNEGO DZIA\u0141 SPRZEDA\u017bY ZARZ\u0104DZANIE DyrektorSzko\u0142a Elena Lena@regmik.uaDyrektor technicznySzko\u0142a Igor Ihor@regmik.uaKierownik","breadcrumb":{"@id":"https:\/\/regmik.ua\/contact\/#breadcrumb"},"inLanguage":"pl-PL","potentialAction":[{"@type":"ReadAction","target":["https:\/\/regmik.ua\/contact\/"]}]},{"@type":"BreadcrumbList","@id":"https:\/\/regmik.ua\/contact\/#breadcrumb","itemListElement":[{"@type":"ListItem","position":1,"name":"\u0413\u043b\u0430\u0432\u043d\u0430\u044f \u0441\u0442\u0440\u0430\u043d\u0438\u0446\u0430","item":"https:\/\/regmik.ua\/"},{"@type":"ListItem","position":2,"name":"\u041a\u043e\u043d\u0442\u0430\u043a\u0442\u044b"}]},{"@type":"WebSite","@id":"https:\/\/regmik.ua\/uk\/#website","url":"https:\/\/regmik.ua\/uk\/","name":"REGMIK","description":"Przyrz\u0105dy pomiarowe i czujniki temperatury","publisher":{"@id":"https:\/\/regmik.ua\/uk\/#organization"},"alternateName":"REGMIK","potentialAction":[{"@type":"SearchAction","target":{"@type":"EntryPoint","urlTemplate":"https:\/\/regmik.ua\/uk\/?s={search_term_string}"},"query-input":{"@type":"PropertyValueSpecification","valueRequired":true,"valueName":"search_term_string"}}],"inLanguage":"pl-PL"},{"@type":"Organization","@id":"https:\/\/regmik.ua\/uk\/#organization","name":"REGMIK","alternateName":"\u0420\u0415\u0413\u041c\u0418\u041a","url":"https:\/\/regmik.ua\/uk\/","logo":{"@type":"ImageObject","inLanguage":"pl-PL","@id":"https:\/\/regmik.ua\/uk\/#\/schema\/logo\/image\/","url":"https:\/\/regmik.ua\/wp-content\/uploads\/2020\/03\/regmik_logo.png","contentUrl":"https:\/\/regmik.ua\/wp-content\/uploads\/2020\/03\/regmik_logo.png","width":194,"height":45,"caption":"REGMIK"},"image":{"@id":"https:\/\/regmik.ua\/uk\/#\/schema\/logo\/image\/"},"sameAs":["https:\/\/www.facebook.com\/regmik.npf","https:\/\/x.com\/regmiknpf","https:\/\/www.youtube.com\/channel\/UC_SrY98SKAmR3Kt95GcVKcw"]}]}},"_links":{"self":[{"href":"https:\/\/regmik.ua\/pl\/wp-json\/wp\/v2\/pages\/20805","targetHints":{"allow":["GET"]}}],"collection":[{"href":"https:\/\/regmik.ua\/pl\/wp-json\/wp\/v2\/pages"}],"about":[{"href":"https:\/\/regmik.ua\/pl\/wp-json\/wp\/v2\/types\/page"}],"author":[{"embeddable":true,"href":"https:\/\/regmik.ua\/pl\/wp-json\/wp\/v2\/users\/1"}],"replies":[{"embeddable":true,"href":"https:\/\/regmik.ua\/pl\/wp-json\/wp\/v2\/comments?post=20805"}],"version-history":[{"count":9,"href":"https:\/\/regmik.ua\/pl\/wp-json\/wp\/v2\/pages\/20805\/revisions"}],"predecessor-version":[{"id":29617,"href":"https:\/\/regmik.ua\/pl\/wp-json\/wp\/v2\/pages\/20805\/revisions\/29617"}],"wp:attachment":[{"href":"https:\/\/regmik.ua\/pl\/wp-json\/wp\/v2\/media?parent=20805"}],"curies":[{"name":"wp","href":"https:\/\/api.w.org\/{rel}","templated":true}]}}