{"id":29336,"date":"2025-05-19T19:25:36","date_gmt":"2025-05-19T17:25:36","guid":{"rendered":"https:\/\/regmik.ua\/?post_type=product&#038;p=29336"},"modified":"2025-05-23T10:35:01","modified_gmt":"2025-05-23T08:35:01","slug":"sensor-contact-dk-101","status":"publish","type":"product","link":"https:\/\/regmik.ua\/de\/product\/sensor-contact-dk-101\/","title":{"rendered":"Kontaktsensor DK-101"},"content":{"rendered":"<p><em><strong>Kontaktsensor DK-101 (Magnetkontaktsensor, Reedschalter)<\/strong><\/em><\/p>\n<p><strong>Prinzip<\/strong>: funktionieren mit Hilfe eines Magneten und eines Reedschalters. Bei Ann\u00e4herung des Magneten schlie\u00dfen sich die Kontakte.<br \/>\n<strong>Anwendung:<\/strong> Sicherheitsalarme (\u00d6ffnen von T\u00fcren\/Fenstern).<\/p>\n<p><strong>Vorteile:<\/strong> preiswert, einfach zu installieren.<br \/>\n<strong>Nachteile:<\/strong> kann aufgrund starker Vibrationen Fehlalarme ausl\u00f6sen.<\/p>\n<p>F\u00fcr die Montage vor Ort verf\u00fcgen die Kontaktsensoren standardm\u00e4\u00dfig \u00fcber ein M8-Gewinde.<br \/>\nSowohl die horizontale als auch die vertikale Montage des Kontaktsensors DK-101 ist m\u00f6glich.<\/p>\n<table class=\"reg-product-table\">\n<tbody>\n<tr>\n<th>Beschreibung der Eigenschaften<\/th>\n<th>Wert Wert<\/th>\n<\/tr>\n<tr>\n<td>Ausgang<\/td>\n<td style=\"text-align: center;\">NO \u2013 normalerweise offen, NC \u2013 normalerweise geschlossen<\/td>\n<\/tr>\n<tr>\n<td>Schaltspannung, nicht mehr als V<\/td>\n<td style=\"text-align: center;\">220<\/td>\n<\/tr>\n<tr>\n<td>Schaltleistung, nicht mehr als W<\/td>\n<td style=\"text-align: center;\">10<\/td>\n<\/tr>\n<tr>\n<td>Empfindlichkeitsbereich, AT<\/td>\n<td style=\"text-align: center;\">10\u202630<\/td>\n<\/tr>\n<tr>\n<td>Kontaktwiderstand, mOhm<\/td>\n<td style=\"text-align: center;\">100<\/td>\n<\/tr>\n<tr>\n<td>Isolationswiderstand, Ohm<\/td>\n<td style=\"text-align: center;\">10 x 10^12<\/td>\n<\/tr>\n<tr>\n<td>Montageteil, L, mm<\/td>\n<td style=\"text-align: center;\">22<\/td>\n<\/tr>\n<tr>\n<td>Verbindungsthread<\/td>\n<td style=\"text-align: center;\">M8<\/td>\n<\/tr>\n<tr>\n<td>Anschlussart f\u00fcr die Verbindung<\/td>\n<td style=\"text-align: center;\">PHU-2, Nest<\/td>\n<\/tr>\n<tr>\n<td>Sensormaterial<\/td>\n<td style=\"text-align: center;\">Messing LS59-1<\/td>\n<\/tr>\n<\/tbody>\n<\/table>\n<h3 class=\"\" data-start=\"1456\" data-end=\"1484\">Anwendungsbeispiele<\/h3>\n<ul data-start=\"1486\" data-end=\"1703\">\n<li class=\"\" data-start=\"1486\" data-end=\"1531\">\n<p class=\"\" data-start=\"1488\" data-end=\"1531\"><strong data-start=\"1488\" data-end=\"1498\">Sicherheit<\/strong>Alarm beim \u00d6ffnen eines Fensters.<\/p>\n<\/li>\n<li class=\"\" data-start=\"1532\" data-end=\"1590\">\n<p class=\"\" data-start=\"1534\" data-end=\"1590\"><strong data-start=\"1534\" data-end=\"1552\">Industrie<\/strong>: Kontrolle der T\u00fcrposition an der Maschine.<\/p>\n<\/li>\n<li class=\"\" data-start=\"1591\" data-end=\"1645\">\n<p class=\"\" data-start=\"1593\" data-end=\"1645\"><strong data-start=\"1593\" data-end=\"1600\">Alltag<\/strong>: Steuerung des Schlie\u00dfens des Waschmaschinendeckels.<\/p>\n<\/li>\n<li class=\"\" data-start=\"1646\" data-end=\"1703\">\n<p class=\"\" data-start=\"1648\" data-end=\"1703\"><strong data-start=\"1648\" data-end=\"1665\">Robotik<\/strong>: Feststellung von Ber\u00fchrung oder Hindernis.<\/p>\n<\/li>\n<\/ul>\n<hr class=\"\" data-start=\"1705\" data-end=\"1708\" \/>\n<h3 class=\"\" data-start=\"1710\" data-end=\"1728\">\ud83d\udd27 Verbindung<\/h3>\n<p class=\"\" data-start=\"1730\" data-end=\"1928\">Typischerweise besitzen Kontaktsensoren zwei Pins und werden an einen Mikrocontroller (z. B. einen Arduino) oder einen SPS-Eingang angeschlossen. Sie arbeiten h\u00e4ufig im... <strong data-start=\"1864\" data-end=\"1894\">\u201cnormalerweise offen\u201d (NEIN)<\/strong> oder <strong data-start=\"1899\" data-end=\"1927\">\u201cnormalerweise geschlossen (NC)<\/strong>.<\/p>","protected":false},"excerpt":{"rendered":"<p><em><strong>Kontaktsensor DK-101 (Magnetkontaktsensor, Reedschalter)<\/strong><\/em><\/p>\n<p><strong>Prinzip<\/strong>: funktionieren mit Hilfe eines Magneten und eines Reedschalters. Bei Ann\u00e4herung des Magneten schlie\u00dfen sich die Kontakte.<br \/>\n<strong>Anwendung:<\/strong> Sicherheitsalarme (\u00d6ffnen von T\u00fcren\/Fenstern).<\/p>","protected":false},"featured_media":29337,"comment_status":"open","ping_status":"closed","template":"","meta":[],"product_brand":[3454],"product_cat":[38,3461],"product_tag":[3464,3462,3463],"class_list":{"0":"post-29336","1":"product","2":"type-product","3":"status-publish","4":"has-post-thumbnail","6":"product_brand-regmik","7":"product_cat-sensors","8":"product_cat-sensor-contact","9":"product_tag-3464","10":"product_tag-3462","11":"product_tag-3463","14":"instock","15":"featured","16":"shipping-taxable","17":"purchasable","18":"product-type-simple"},"yoast_head":"<title>\u0414\u0430\u0442\u0447\u0438\u043a \u043a\u043e\u043d\u0442\u0430\u043a\u0442\u043d\u044b\u0439 \u0414\u041a-101<\/title>\n<meta name=\"description\" content=\"\u0414\u0430\u0442\u0447\u0438\u043a \u043a\u043e\u043d\u0442\u0430\u043a\u0442\u043d\u044b\u0439 \u0414\u041a-101 (\u043c\u0430\u0433\u043d\u0438\u0442\u043e\u043a\u043e\u043d\u0442\u0430\u043a\u0442\u043d\u044b\u0439 \u0434\u0430\u0442\u0447\u0438\u043a, \u0433\u0435\u0440\u043a\u043e\u043d) \u041f\u0440\u0438\u043d\u0446\u0438\u043f: \u0440\u0430\u0431\u043e\u0442\u0430\u044e\u0442 \u0441 \u043f\u043e\u043c\u043e\u0449\u044c\u044e \u043c\u0430\u0433\u043d\u0438\u0442\u0430 \u0438 \u0433\u0435\u0440\u043a\u043e\u043d\u0430. \u041f\u0440\u0438 \u043f\u0440\u0438\u0431\u043b\u0438\u0436\u0435\u043d\u0438\u0438 \u043c\u0430\u0433\u043d\u0438\u0442\u0430 \u043a\u043e\u043d\u0442\u0430\u043a\u0442\u044b \u0437\u0430\u043c\u044b\u043a\u0430\u044e\u0442\u0441\u044f.\" \/>\n<meta name=\"robots\" content=\"index, follow, max-snippet:-1, max-image-preview:large, max-video-preview:-1\" \/>\n<link rel=\"canonical\" href=\"https:\/\/regmik.ua\/de\/product\/sensor-contact-dk-101\/\" \/>\n<script type=\"application\/ld+json\" class=\"yoast-schema-graph\">{\"@context\":\"https:\\\/\\\/schema.org\",\"@graph\":[{\"@type\":\"WebPage\",\"@id\":\"https:\\\/\\\/regmik.ua\\\/product\\\/sensor-contact-dk-101\\\/\",\"url\":\"https:\\\/\\\/regmik.ua\\\/product\\\/sensor-contact-dk-101\\\/\",\"name\":\"\u0414\u0430\u0442\u0447\u0438\u043a \u043a\u043e\u043d\u0442\u0430\u043a\u0442\u043d\u044b\u0439 \u0414\u041a-101\",\"isPartOf\":{\"@id\":\"https:\\\/\\\/regmik.ua\\\/uk\\\/#website\"},\"primaryImageOfPage\":{\"@id\":\"https:\\\/\\\/regmik.ua\\\/product\\\/sensor-contact-dk-101\\\/#primaryimage\"},\"image\":{\"@id\":\"https:\\\/\\\/regmik.ua\\\/product\\\/sensor-contact-dk-101\\\/#primaryimage\"},\"thumbnailUrl\":\"https:\\\/\\\/regmik.ua\\\/wp-content\\\/uploads\\\/Screenshot-2025-05-19-at-20.46.55.png\",\"datePublished\":\"2025-05-19T17:25:36+00:00\",\"dateModified\":\"2025-05-23T08:35:01+00:00\",\"description\":\"\u0414\u0430\u0442\u0447\u0438\u043a \u043a\u043e\u043d\u0442\u0430\u043a\u0442\u043d\u044b\u0439 \u0414\u041a-101 (\u043c\u0430\u0433\u043d\u0438\u0442\u043e\u043a\u043e\u043d\u0442\u0430\u043a\u0442\u043d\u044b\u0439 \u0434\u0430\u0442\u0447\u0438\u043a, \u0433\u0435\u0440\u043a\u043e\u043d) \u041f\u0440\u0438\u043d\u0446\u0438\u043f: \u0440\u0430\u0431\u043e\u0442\u0430\u044e\u0442 \u0441 \u043f\u043e\u043c\u043e\u0449\u044c\u044e \u043c\u0430\u0433\u043d\u0438\u0442\u0430 \u0438 \u0433\u0435\u0440\u043a\u043e\u043d\u0430. \u041f\u0440\u0438 \u043f\u0440\u0438\u0431\u043b\u0438\u0436\u0435\u043d\u0438\u0438 \u043c\u0430\u0433\u043d\u0438\u0442\u0430 \u043a\u043e\u043d\u0442\u0430\u043a\u0442\u044b \u0437\u0430\u043c\u044b\u043a\u0430\u044e\u0442\u0441\u044f.\",\"breadcrumb\":{\"@id\":\"https:\\\/\\\/regmik.ua\\\/product\\\/sensor-contact-dk-101\\\/#breadcrumb\"},\"inLanguage\":\"de\",\"potentialAction\":[{\"@type\":\"ReadAction\",\"target\":[\"https:\\\/\\\/regmik.ua\\\/product\\\/sensor-contact-dk-101\\\/\"]}]},{\"@type\":\"ImageObject\",\"inLanguage\":\"de\",\"@id\":\"https:\\\/\\\/regmik.ua\\\/product\\\/sensor-contact-dk-101\\\/#primaryimage\",\"url\":\"https:\\\/\\\/regmik.ua\\\/wp-content\\\/uploads\\\/Screenshot-2025-05-19-at-20.46.55.png\",\"contentUrl\":\"https:\\\/\\\/regmik.ua\\\/wp-content\\\/uploads\\\/Screenshot-2025-05-19-at-20.46.55.png\",\"width\":896,\"height\":486},{\"@type\":\"BreadcrumbList\",\"@id\":\"https:\\\/\\\/regmik.ua\\\/product\\\/sensor-contact-dk-101\\\/#breadcrumb\",\"itemListElement\":[{\"@type\":\"ListItem\",\"position\":1,\"name\":\"\u0413\u043b\u0430\u0432\u043d\u0430\u044f \u0441\u0442\u0440\u0430\u043d\u0438\u0446\u0430\",\"item\":\"https:\\\/\\\/regmik.ua\\\/\"},{\"@type\":\"ListItem\",\"position\":2,\"name\":\"\u041f\u0440\u043e\u0434\u0443\u043a\u0446\u0438\u044f\",\"item\":\"https:\\\/\\\/regmik.ua\\\/uk\\\/products\\\/\"},{\"@type\":\"ListItem\",\"position\":3,\"name\":\"\u0414\u0430\u0442\u0447\u0438\u043a \u043a\u043e\u043d\u0442\u0430\u043a\u0442\u043d\u044b\u0439 \u0414\u041a-101\"}]},{\"@type\":\"WebSite\",\"@id\":\"https:\\\/\\\/regmik.ua\\\/uk\\\/#website\",\"url\":\"https:\\\/\\\/regmik.ua\\\/uk\\\/\",\"name\":\"REGMIK\",\"description\":\"\u0418\u0437\u043c\u0435\u0440\u0438\u0442\u0435\u043b\u044c\u043d\u044b\u0435 \u043f\u0440\u0438\u0431\u043e\u0440\u044b \u0438 \u0434\u0430\u0442\u0447\u0438\u043a\u0438 \u0442\u0435\u043c\u043f\u0435\u0440\u0430\u0442\u0443\u0440\u044b\",\"publisher\":{\"@id\":\"https:\\\/\\\/regmik.ua\\\/uk\\\/#organization\"},\"alternateName\":\"REGMIK\",\"potentialAction\":[{\"@type\":\"SearchAction\",\"target\":{\"@type\":\"EntryPoint\",\"urlTemplate\":\"https:\\\/\\\/regmik.ua\\\/uk\\\/?s={search_term_string}\"},\"query-input\":{\"@type\":\"PropertyValueSpecification\",\"valueRequired\":true,\"valueName\":\"search_term_string\"}}],\"inLanguage\":\"de\"},{\"@type\":\"Organization\",\"@id\":\"https:\\\/\\\/regmik.ua\\\/uk\\\/#organization\",\"name\":\"REGMIK\",\"alternateName\":\"\u0420\u0415\u0413\u041c\u0418\u041a\",\"url\":\"https:\\\/\\\/regmik.ua\\\/uk\\\/\",\"logo\":{\"@type\":\"ImageObject\",\"inLanguage\":\"de\",\"@id\":\"https:\\\/\\\/regmik.ua\\\/uk\\\/#\\\/schema\\\/logo\\\/image\\\/\",\"url\":\"https:\\\/\\\/regmik.ua\\\/wp-content\\\/uploads\\\/2020\\\/03\\\/regmik_logo.png\",\"contentUrl\":\"https:\\\/\\\/regmik.ua\\\/wp-content\\\/uploads\\\/2020\\\/03\\\/regmik_logo.png\",\"width\":194,\"height\":45,\"caption\":\"REGMIK\"},\"image\":{\"@id\":\"https:\\\/\\\/regmik.ua\\\/uk\\\/#\\\/schema\\\/logo\\\/image\\\/\"},\"sameAs\":[\"https:\\\/\\\/www.facebook.com\\\/regmik.npf\",\"https:\\\/\\\/x.com\\\/regmiknpf\",\"https:\\\/\\\/www.youtube.com\\\/channel\\\/UC_SrY98SKAmR3Kt95GcVKcw\"]}]}<\/script>","yoast_head_json":{"title":"Kontaktsensor DK-101","description":"Kontaktsensor DK-101 (Magnetkontaktsensor, Reedschalter) Prinzip: funktioniert mit einem Magneten und einem Reedschalter. Bei Ann\u00e4herung des Magneten schlie\u00dfen sich die Kontakte.","robots":{"index":"index","follow":"follow","max-snippet":"max-snippet:-1","max-image-preview":"max-image-preview:large","max-video-preview":"max-video-preview:-1"},"canonical":"https:\/\/regmik.ua\/de\/product\/sensor-contact-dk-101\/","schema":{"@context":"https:\/\/schema.org","@graph":[{"@type":"WebPage","@id":"https:\/\/regmik.ua\/product\/sensor-contact-dk-101\/","url":"https:\/\/regmik.ua\/product\/sensor-contact-dk-101\/","name":"Kontaktsensor DK-101","isPartOf":{"@id":"https:\/\/regmik.ua\/uk\/#website"},"primaryImageOfPage":{"@id":"https:\/\/regmik.ua\/product\/sensor-contact-dk-101\/#primaryimage"},"image":{"@id":"https:\/\/regmik.ua\/product\/sensor-contact-dk-101\/#primaryimage"},"thumbnailUrl":"https:\/\/regmik.ua\/wp-content\/uploads\/Screenshot-2025-05-19-at-20.46.55.png","datePublished":"2025-05-19T17:25:36+00:00","dateModified":"2025-05-23T08:35:01+00:00","description":"Kontaktsensor DK-101 (Magnetkontaktsensor, Reedschalter) Prinzip: funktioniert mit einem Magneten und einem Reedschalter. Bei Ann\u00e4herung des Magneten schlie\u00dfen sich die Kontakte.","breadcrumb":{"@id":"https:\/\/regmik.ua\/product\/sensor-contact-dk-101\/#breadcrumb"},"inLanguage":"de","potentialAction":[{"@type":"ReadAction","target":["https:\/\/regmik.ua\/product\/sensor-contact-dk-101\/"]}]},{"@type":"ImageObject","inLanguage":"de","@id":"https:\/\/regmik.ua\/product\/sensor-contact-dk-101\/#primaryimage","url":"https:\/\/regmik.ua\/wp-content\/uploads\/Screenshot-2025-05-19-at-20.46.55.png","contentUrl":"https:\/\/regmik.ua\/wp-content\/uploads\/Screenshot-2025-05-19-at-20.46.55.png","width":896,"height":486},{"@type":"BreadcrumbList","@id":"https:\/\/regmik.ua\/product\/sensor-contact-dk-101\/#breadcrumb","itemListElement":[{"@type":"ListItem","position":1,"name":"\u0413\u043b\u0430\u0432\u043d\u0430\u044f \u0441\u0442\u0440\u0430\u043d\u0438\u0446\u0430","item":"https:\/\/regmik.ua\/"},{"@type":"ListItem","position":2,"name":"\u041f\u0440\u043e\u0434\u0443\u043a\u0446\u0438\u044f","item":"https:\/\/regmik.ua\/uk\/products\/"},{"@type":"ListItem","position":3,"name":"\u0414\u0430\u0442\u0447\u0438\u043a \u043a\u043e\u043d\u0442\u0430\u043a\u0442\u043d\u044b\u0439 \u0414\u041a-101"}]},{"@type":"WebSite","@id":"https:\/\/regmik.ua\/uk\/#website","url":"https:\/\/regmik.ua\/uk\/","name":"REGMIK","description":"Messger\u00e4te und Temperatursensoren","publisher":{"@id":"https:\/\/regmik.ua\/uk\/#organization"},"alternateName":"REGMIK","potentialAction":[{"@type":"SearchAction","target":{"@type":"EntryPoint","urlTemplate":"https:\/\/regmik.ua\/uk\/?s={search_term_string}"},"query-input":{"@type":"PropertyValueSpecification","valueRequired":true,"valueName":"search_term_string"}}],"inLanguage":"de"},{"@type":"Organization","@id":"https:\/\/regmik.ua\/uk\/#organization","name":"REGMIK","alternateName":"\u0420\u0415\u0413\u041c\u0418\u041a","url":"https:\/\/regmik.ua\/uk\/","logo":{"@type":"ImageObject","inLanguage":"de","@id":"https:\/\/regmik.ua\/uk\/#\/schema\/logo\/image\/","url":"https:\/\/regmik.ua\/wp-content\/uploads\/2020\/03\/regmik_logo.png","contentUrl":"https:\/\/regmik.ua\/wp-content\/uploads\/2020\/03\/regmik_logo.png","width":194,"height":45,"caption":"REGMIK"},"image":{"@id":"https:\/\/regmik.ua\/uk\/#\/schema\/logo\/image\/"},"sameAs":["https:\/\/www.facebook.com\/regmik.npf","https:\/\/x.com\/regmiknpf","https:\/\/www.youtube.com\/channel\/UC_SrY98SKAmR3Kt95GcVKcw"]}]}},"_links":{"self":[{"href":"https:\/\/regmik.ua\/de\/wp-json\/wp\/v2\/product\/29336","targetHints":{"allow":["GET"]}}],"collection":[{"href":"https:\/\/regmik.ua\/de\/wp-json\/wp\/v2\/product"}],"about":[{"href":"https:\/\/regmik.ua\/de\/wp-json\/wp\/v2\/types\/product"}],"replies":[{"embeddable":true,"href":"https:\/\/regmik.ua\/de\/wp-json\/wp\/v2\/comments?post=29336"}],"version-history":[{"count":0,"href":"https:\/\/regmik.ua\/de\/wp-json\/wp\/v2\/product\/29336\/revisions"}],"wp:featuredmedia":[{"embeddable":true,"href":"https:\/\/regmik.ua\/de\/wp-json\/wp\/v2\/media\/29337"}],"wp:attachment":[{"href":"https:\/\/regmik.ua\/de\/wp-json\/wp\/v2\/media?parent=29336"}],"wp:term":[{"taxonomy":"product_brand","embeddable":true,"href":"https:\/\/regmik.ua\/de\/wp-json\/wp\/v2\/product_brand?post=29336"},{"taxonomy":"product_cat","embeddable":true,"href":"https:\/\/regmik.ua\/de\/wp-json\/wp\/v2\/product_cat?post=29336"},{"taxonomy":"product_tag","embeddable":true,"href":"https:\/\/regmik.ua\/de\/wp-json\/wp\/v2\/product_tag?post=29336"}],"curies":[{"name":"wp","href":"https:\/\/api.w.org\/{rel}","templated":true}]}}