{"id":29140,"date":"2025-03-20T19:41:29","date_gmt":"2025-03-20T17:41:29","guid":{"rendered":"https:\/\/regmik.ua\/?post_type=product&#038;p=29140"},"modified":"2025-04-10T11:47:26","modified_gmt":"2025-04-10T09:47:26","slug":"dvt-304","status":"publish","type":"product","link":"https:\/\/regmik.ua\/de\/product\/dvt-304\/","title":{"rendered":"Feuchte- und Temperatursensor DVT-304"},"content":{"rendered":"<p>Die Firma \"REGMIK\" produziert Feuchte- und Temperatursensoren DVT-304 mit analogem F\u00fchlerelement. In den Sensoren DVT-304 wird das Honeywell-Element als empfindliches Element f\u00fcr die Feuchtemessung verwendet. F\u00fcr die Temperaturmessung werden die Temperatursensoren der deutschen Firma Heraeus verwendet.<\/p>\n<p>Der Feuchtigkeitssensor DVT-304 wird in Systemen zur automatischen Regelung und Steuerung von technologischen Prozessen in der Industrie eingesetzt.  Auch in Systemen zur Steuerung und \u00dcberwachung des Mikroklimas von R\u00e4umen, in Trockenkammern. Die Schutzabdeckung des Sensors besteht aus gesch\u00e4umten Edelstahlpartikeln mit feiner Porosit\u00e4t, die nicht oxidieren.<\/p>\n<p>Dadurch ist das Sensorelement vor kleinen Staubpartikeln und vor Spritzern, die in alle Richtungen fallen, gesch\u00fctzt. Sollten Harz, S\u00e4gesp\u00e4ne, Schmutz usw. an der Schutzabdeckung haften, kann diese vorsichtig entfernt und in L\u00f6sungsmittel gewaschen werden. Vor dem Wiedereinbau muss sie jedoch getrocknet werden.<\/p>\n<p>Feuchtigkeits- und Temperatursensoren dienen dazu, den Wert der relativen Luftfeuchtigkeit der Gasumgebung und ihrer Temperatur (mit Ausnahme aggressiver Gase) in elektrische Standardsignale umzuwandeln:<\/p>\n<ul>\n<li class=\"a\">analoge Spannung (gemessener Spannungswert am Feuchtigkeitssensor);<\/li>\n<li class=\"a\"><a href=\"https:\/\/uk.wikipedia.org\/wiki\/I%C2%B2C\">\u04062\u0421<\/a>\u00a0- digitale Sensoren;<\/li>\n<li class=\"a\">Spannung 0-10V - f\u00fcr digitale und analoge Sensoren;<\/li>\n<li class=\"a\">Strom 4-20mA - f\u00fcr digitale und analoge Sensoren;<\/li>\n<li class=\"a\">Widerstand (Temperaturwert von einem Pt100-, Pt500- oder Pt1000-Temperatursensor) - f\u00fcr analoge Sensoren;<\/li>\n<li class=\"a\"><a href=\"https:\/\/uk.wikipedia.org\/wiki\/RS-485\">RS-485<\/a>\u00a0(ModBus RTU-Protokoll) - f\u00fcr digitale Sensoren.<\/li>\n<\/ul>\n<p>Der Anwendungsbereich von Luftfeuchtigkeitssensoren ist sehr breit und umfasst:<\/p>\n<ul>\n<li>Aufrechterhaltung eines Mikroklimas innerhalb bestimmter Grenzen in einer Produktion, die mit feuchtigkeitsempfindlichen elektronischen Ger\u00e4ten ausgestattet ist;<\/li>\n<li>Kontrolle \u00fcber die Feuchtigkeitsindikatoren in B\u00fcror\u00e4umen im Alltag;<\/li>\n<li>Im Bereich Wohnen und kommunale Dienstleistungen - in Kesselh\u00e4usern und in Wasseraufbereitungsanlagen - verhindern sie die Bildung von Kondensat;<\/li>\n<li>Regelm\u00e4\u00dfige Kontrolle verhindert das Auftreten von Schimmel, Schimmel an den W\u00e4nden des Geb\u00e4udes oder im Lagerhaus.<\/li>\n<li>Kontrolle technologischer Prozesse;<\/li>\n<li>\u00dcberwachung von Umgebungsparametern usw.<\/li>\n<\/ul>\n<p>Das Material der Schutzarmatur der Sensoren besteht aus rostfreiem Stahl der G\u00fcte 12X18N10T. Die Feuchte- und Temperatursensoren DVT-304 lassen keine Feuchtigkeitskondensation zu.<\/p>\n<p>Die mehrschichtige Konstruktion des Feuchtesensorelements bietet eine hervorragende Best\u00e4ndigkeit gegen die meisten Anwendungsrisiken wie N\u00e4sse, Staub, Schmutz, \u00d6le und g\u00e4ngige Chemikalien in der Umgebung. Hauptmerkmale der elementbasierten Sensoren von Honeywell:<\/p>\n<ul>\n<li>Formk\u00f6rper aus duroplastischem Kunststoff;<\/li>\n<li>Fast lineare Ausgangsspannung gegen relative Luftfeuchtigkeit;<\/li>\n<li>Austauschbar mit Laser Fit;<\/li>\n<li>Low Power Design;<\/li>\n<li>Erh\u00f6hte Genauigkeit;<\/li>\n<li>Schnelle Reaktionszeit;<\/li>\n<li>Stabile Leistung bei geringer Drift;<\/li>\n<li>Chemische Resistenz.<\/li>\n<\/ul>\n<p>Der Messumformer arbeitet stabil innerhalb des empfohlenen Messbereichs f\u00fcr Luftfeuchtigkeit und Temperatur. Eine l\u00e4ngere Exposition gegen\u00fcber Bedingungen au\u00dferhalb des normalen Bereichs, insbesondere Luftfeuchtigkeit&gt; 80%, kann die Messunsicherheit vor\u00fcbergehend erh\u00f6hen. Sobald der normale Bereich wiederhergestellt ist, werden die Werkseinstellungen langsam wiederhergestellt.<\/p>\n<p>Besondere Vorsicht ist geboten, wenn der Sender unter feuchten Bedingungen (&gt; 98%) und in der N\u00e4he des Taupunkts verwendet wird Bei N\u00e4sse kann das Sensorelement irreparabel besch\u00e4digt werden.<\/p>\n<p>Es sind auch andere Modifikationen von Feuchtigkeitssensoren erh\u00e4ltlich, mit denen Sie sich vertraut machen k\u00f6nnen\u00a0<a href=\"https:\/\/regmik.ua\/product-category\/sensors\/humidity-sensors\/?filter_tip-che=sht&amp;query_type_tip-che=or\">Verkn\u00fcpfung ...<\/a><\/p>","protected":false},"excerpt":{"rendered":"<p>Der Temperatur- und Feuchtigkeitssensor REGMIK DVT-304 ist f\u00fcr die Messung von Lufttemperaturen von -40 bis +85 \u00b0C und relativer Luftfeuchtigkeit von 0 bis 100 \u00b0C ausgelegt. Die Schutzart des Sensors bei Installation mit der Schutzabdeckung nach unten betr\u00e4gt IP64.<\/p>","protected":false},"featured_media":29191,"comment_status":"open","ping_status":"closed","template":"","meta":[],"product_brand":[],"product_cat":[492],"product_tag":[89,553,3080],"class_list":{"0":"post-29140","1":"product","2":"type-product","3":"status-publish","4":"has-post-thumbnail","6":"product_cat-humidity-sensors","7":"product_tag-datchik","8":"product_tag-datchik-vlazhnosti","9":"product_tag-datchik-vlazhnosti-i-temperatury","10":"pa_tip-che-hih","11":"pa_unif-signal-dvt-sht-i2c","12":"pa_unif-signal-resistance-rs485","13":"pa_unif-signal-dvt-sht-rs485","14":"pa_unif-signal-tc-hih-resistance-analog-voltage","15":"pa_unif-signal-dvt-ts-hih-soprotivlenie-tok-4-20ma","16":"pa_unif-signal-dvt-sht-napryazhenie-0-10v-napryazhenie-0-10v","17":"pa_unif-signal-dvt-ts-hih-napryazhenie-0-10v-napryazhenie-0-10v","18":"pa_unif-signal-dvt-sht-tok-4-20ma-tok-4-20ma","19":"pa_unif-signal-dvt-ts-hih-tok-4-20ma-tok-4-20ma","20":"pa_vid-metrologicheskoy-620","23":"instock","24":"shipping-taxable","25":"purchasable","26":"product-type-variable","27":"has-default-attributes"},"yoast_head":"<title>\u0414\u0430\u0442\u0447\u0438\u043a \u0432\u043b\u0430\u0436\u043d\u043e\u0441\u0442\u0438 \u0438 \u0442\u0435\u043c\u043f\u0435\u0440\u0430\u0442\u0443\u0440\u044b \u0414\u0412\u0422-304<\/title>\n<meta name=\"description\" content=\"\u0420\u0415\u0413\u041c\u0418\u041a \u0414\u0412\u0422-304 \u2013 \u0434\u0430\u0442\u0447\u0438\u043a \u0442\u0435\u043c\u043f\u0435\u0440\u0430\u0442\u0443\u0440\u044b \u0438 \u0432\u043b\u0430\u0436\u043d\u043e\u0441\u0442\u0438 \u043f\u0440\u0435\u0434\u043d\u0430\u0437\u043d\u0430\u0447\u0435\u043d \u0434\u043b\u044f \u0438\u0437\u043c\u0435\u0440\u0435\u043d\u0438\u044f \u0442\u0435\u043c\u043f\u0435\u0440\u0430\u0442\u0443\u0440\u044b \u0432\u043e\u0437\u0434\u0443\u0445\u0430 \u043e\u0442 -40 \u0434\u043e +85\u00b0\u0421 \u0438 \u043e\u0442\u043d\u043e\u0441\u0438\u0442\u0435\u043b\u044c\u043d\u043e\u0439 \u0432\u043b\u0430\u0436\u043d\u043e\u0441\u0442\u0438 \u043e\u0442 0 \u0434\u043e 100 %. \u0421\u0442\u0435\u043f\u0435\u043d\u044c \u0437\u0430\u0449\u0438\u0442\u044b \u0434\u0430\u0442\u0447\u0438\u043a\u0430 \u043f\u0440\u0438 \u0443\u0441\u0442\u0430\u043d\u043e\u0432\u043a\u0435 \u0437\u0430\u0449\u0438\u0442\u043d\u044b\u043c \u0447\u0435\u0445\u043b\u043e\u043c \u0447\u0443\u0432\u0441\u0442\u0432\u0438\u0442\u0435\u043b\u044c\u043d\u043e\u0433\u043e \u044d\u043b\u0435\u043c\u0435\u043d\u0442\u0430 \u0432\u043d\u0438\u0437 - IP64.\" \/>\n<meta name=\"robots\" content=\"index, follow, max-snippet:-1, max-image-preview:large, max-video-preview:-1\" \/>\n<link rel=\"canonical\" href=\"https:\/\/regmik.ua\/de\/product\/dvt-304\/\" \/>\n<script type=\"application\/ld+json\" class=\"yoast-schema-graph\">{\"@context\":\"https:\\\/\\\/schema.org\",\"@graph\":[{\"@type\":\"WebPage\",\"@id\":\"https:\\\/\\\/regmik.ua\\\/product\\\/dvt-304\\\/\",\"url\":\"https:\\\/\\\/regmik.ua\\\/product\\\/dvt-304\\\/\",\"name\":\"\u0414\u0430\u0442\u0447\u0438\u043a \u0432\u043b\u0430\u0436\u043d\u043e\u0441\u0442\u0438 \u0438 \u0442\u0435\u043c\u043f\u0435\u0440\u0430\u0442\u0443\u0440\u044b \u0414\u0412\u0422-304\",\"isPartOf\":{\"@id\":\"https:\\\/\\\/regmik.ua\\\/uk\\\/#website\"},\"primaryImageOfPage\":{\"@id\":\"https:\\\/\\\/regmik.ua\\\/product\\\/dvt-304\\\/#primaryimage\"},\"image\":{\"@id\":\"https:\\\/\\\/regmik.ua\\\/product\\\/dvt-304\\\/#primaryimage\"},\"thumbnailUrl\":\"https:\\\/\\\/regmik.ua\\\/wp-content\\\/uploads\\\/\u0414\u0412\u0422\u0446-304-600\u0445768.jpg\",\"datePublished\":\"2025-03-20T17:41:29+00:00\",\"dateModified\":\"2025-04-10T09:47:26+00:00\",\"description\":\"\u0420\u0415\u0413\u041c\u0418\u041a \u0414\u0412\u0422-304 \u2013 \u0434\u0430\u0442\u0447\u0438\u043a \u0442\u0435\u043c\u043f\u0435\u0440\u0430\u0442\u0443\u0440\u044b \u0438 \u0432\u043b\u0430\u0436\u043d\u043e\u0441\u0442\u0438 \u043f\u0440\u0435\u0434\u043d\u0430\u0437\u043d\u0430\u0447\u0435\u043d \u0434\u043b\u044f \u0438\u0437\u043c\u0435\u0440\u0435\u043d\u0438\u044f \u0442\u0435\u043c\u043f\u0435\u0440\u0430\u0442\u0443\u0440\u044b \u0432\u043e\u0437\u0434\u0443\u0445\u0430 \u043e\u0442 -40 \u0434\u043e +85\u00b0\u0421 \u0438 \u043e\u0442\u043d\u043e\u0441\u0438\u0442\u0435\u043b\u044c\u043d\u043e\u0439 \u0432\u043b\u0430\u0436\u043d\u043e\u0441\u0442\u0438 \u043e\u0442 0 \u0434\u043e 100 %. \u0421\u0442\u0435\u043f\u0435\u043d\u044c \u0437\u0430\u0449\u0438\u0442\u044b \u0434\u0430\u0442\u0447\u0438\u043a\u0430 \u043f\u0440\u0438 \u0443\u0441\u0442\u0430\u043d\u043e\u0432\u043a\u0435 \u0437\u0430\u0449\u0438\u0442\u043d\u044b\u043c \u0447\u0435\u0445\u043b\u043e\u043c \u0447\u0443\u0432\u0441\u0442\u0432\u0438\u0442\u0435\u043b\u044c\u043d\u043e\u0433\u043e \u044d\u043b\u0435\u043c\u0435\u043d\u0442\u0430 \u0432\u043d\u0438\u0437 - IP64.\",\"breadcrumb\":{\"@id\":\"https:\\\/\\\/regmik.ua\\\/product\\\/dvt-304\\\/#breadcrumb\"},\"inLanguage\":\"de\",\"potentialAction\":[{\"@type\":\"ReadAction\",\"target\":[\"https:\\\/\\\/regmik.ua\\\/product\\\/dvt-304\\\/\"]}]},{\"@type\":\"ImageObject\",\"inLanguage\":\"de\",\"@id\":\"https:\\\/\\\/regmik.ua\\\/product\\\/dvt-304\\\/#primaryimage\",\"url\":\"https:\\\/\\\/regmik.ua\\\/wp-content\\\/uploads\\\/\u0414\u0412\u0422\u0446-304-600\u0445768.jpg\",\"contentUrl\":\"https:\\\/\\\/regmik.ua\\\/wp-content\\\/uploads\\\/\u0414\u0412\u0422\u0446-304-600\u0445768.jpg\",\"width\":600,\"height\":768,\"caption\":\"\u0414\u0412\u0422(\u0446)-304\"},{\"@type\":\"BreadcrumbList\",\"@id\":\"https:\\\/\\\/regmik.ua\\\/product\\\/dvt-304\\\/#breadcrumb\",\"itemListElement\":[{\"@type\":\"ListItem\",\"position\":1,\"name\":\"\u0413\u043b\u0430\u0432\u043d\u0430\u044f \u0441\u0442\u0440\u0430\u043d\u0438\u0446\u0430\",\"item\":\"https:\\\/\\\/regmik.ua\\\/\"},{\"@type\":\"ListItem\",\"position\":2,\"name\":\"\u041f\u0440\u043e\u0434\u0443\u043a\u0446\u0438\u044f\",\"item\":\"https:\\\/\\\/regmik.ua\\\/uk\\\/products\\\/\"},{\"@type\":\"ListItem\",\"position\":3,\"name\":\"\u0414\u0430\u0442\u0447\u0438\u043a \u0432\u043b\u0430\u0436\u043d\u043e\u0441\u0442\u0438 \u0438 \u0442\u0435\u043c\u043f\u0435\u0440\u0430\u0442\u0443\u0440\u044b \u0414\u0412\u0422-304\"}]},{\"@type\":\"WebSite\",\"@id\":\"https:\\\/\\\/regmik.ua\\\/uk\\\/#website\",\"url\":\"https:\\\/\\\/regmik.ua\\\/uk\\\/\",\"name\":\"REGMIK\",\"description\":\"\u0418\u0437\u043c\u0435\u0440\u0438\u0442\u0435\u043b\u044c\u043d\u044b\u0435 \u043f\u0440\u0438\u0431\u043e\u0440\u044b \u0438 \u0434\u0430\u0442\u0447\u0438\u043a\u0438 \u0442\u0435\u043c\u043f\u0435\u0440\u0430\u0442\u0443\u0440\u044b\",\"publisher\":{\"@id\":\"https:\\\/\\\/regmik.ua\\\/uk\\\/#organization\"},\"alternateName\":\"REGMIK\",\"potentialAction\":[{\"@type\":\"SearchAction\",\"target\":{\"@type\":\"EntryPoint\",\"urlTemplate\":\"https:\\\/\\\/regmik.ua\\\/uk\\\/?s={search_term_string}\"},\"query-input\":{\"@type\":\"PropertyValueSpecification\",\"valueRequired\":true,\"valueName\":\"search_term_string\"}}],\"inLanguage\":\"de\"},{\"@type\":\"Organization\",\"@id\":\"https:\\\/\\\/regmik.ua\\\/uk\\\/#organization\",\"name\":\"REGMIK\",\"alternateName\":\"\u0420\u0415\u0413\u041c\u0418\u041a\",\"url\":\"https:\\\/\\\/regmik.ua\\\/uk\\\/\",\"logo\":{\"@type\":\"ImageObject\",\"inLanguage\":\"de\",\"@id\":\"https:\\\/\\\/regmik.ua\\\/uk\\\/#\\\/schema\\\/logo\\\/image\\\/\",\"url\":\"https:\\\/\\\/regmik.ua\\\/wp-content\\\/uploads\\\/2020\\\/03\\\/regmik_logo.png\",\"contentUrl\":\"https:\\\/\\\/regmik.ua\\\/wp-content\\\/uploads\\\/2020\\\/03\\\/regmik_logo.png\",\"width\":194,\"height\":45,\"caption\":\"REGMIK\"},\"image\":{\"@id\":\"https:\\\/\\\/regmik.ua\\\/uk\\\/#\\\/schema\\\/logo\\\/image\\\/\"},\"sameAs\":[\"https:\\\/\\\/www.facebook.com\\\/regmik.npf\",\"https:\\\/\\\/x.com\\\/regmiknpf\",\"https:\\\/\\\/www.youtube.com\\\/channel\\\/UC_SrY98SKAmR3Kt95GcVKcw\"]}]}<\/script>","yoast_head_json":{"title":"Feuchte- und Temperatursensor DVT-304","description":"REGMIK DVT-304 - Temperatur- und Feuchtigkeitssensor ist f\u00fcr die Messung der Lufttemperatur von -40 bis +85\u00b0C und der relativen Feuchtigkeit von 0 bis 100 % bestimmt. Der Schutzgrad des Sensors bei der Installation mit der Schutzabdeckung des empfindlichen Elements nach unten ist IP64.","robots":{"index":"index","follow":"follow","max-snippet":"max-snippet:-1","max-image-preview":"max-image-preview:large","max-video-preview":"max-video-preview:-1"},"canonical":"https:\/\/regmik.ua\/de\/product\/dvt-304\/","schema":{"@context":"https:\/\/schema.org","@graph":[{"@type":"WebPage","@id":"https:\/\/regmik.ua\/product\/dvt-304\/","url":"https:\/\/regmik.ua\/product\/dvt-304\/","name":"Feuchte- und Temperatursensor DVT-304","isPartOf":{"@id":"https:\/\/regmik.ua\/uk\/#website"},"primaryImageOfPage":{"@id":"https:\/\/regmik.ua\/product\/dvt-304\/#primaryimage"},"image":{"@id":"https:\/\/regmik.ua\/product\/dvt-304\/#primaryimage"},"thumbnailUrl":"https:\/\/regmik.ua\/wp-content\/uploads\/\u0414\u0412\u0422\u0446-304-600\u0445768.jpg","datePublished":"2025-03-20T17:41:29+00:00","dateModified":"2025-04-10T09:47:26+00:00","description":"REGMIK DVT-304 - Temperatur- und Feuchtigkeitssensor ist f\u00fcr die Messung der Lufttemperatur von -40 bis +85\u00b0C und der relativen Feuchtigkeit von 0 bis 100 % bestimmt. Der Schutzgrad des Sensors bei der Installation mit der Schutzabdeckung des empfindlichen Elements nach unten ist IP64.","breadcrumb":{"@id":"https:\/\/regmik.ua\/product\/dvt-304\/#breadcrumb"},"inLanguage":"de","potentialAction":[{"@type":"ReadAction","target":["https:\/\/regmik.ua\/product\/dvt-304\/"]}]},{"@type":"ImageObject","inLanguage":"de","@id":"https:\/\/regmik.ua\/product\/dvt-304\/#primaryimage","url":"https:\/\/regmik.ua\/wp-content\/uploads\/\u0414\u0412\u0422\u0446-304-600\u0445768.jpg","contentUrl":"https:\/\/regmik.ua\/wp-content\/uploads\/\u0414\u0412\u0422\u0446-304-600\u0445768.jpg","width":600,"height":768,"caption":"\u0414\u0412\u0422(\u0446)-304"},{"@type":"BreadcrumbList","@id":"https:\/\/regmik.ua\/product\/dvt-304\/#breadcrumb","itemListElement":[{"@type":"ListItem","position":1,"name":"\u0413\u043b\u0430\u0432\u043d\u0430\u044f \u0441\u0442\u0440\u0430\u043d\u0438\u0446\u0430","item":"https:\/\/regmik.ua\/"},{"@type":"ListItem","position":2,"name":"\u041f\u0440\u043e\u0434\u0443\u043a\u0446\u0438\u044f","item":"https:\/\/regmik.ua\/uk\/products\/"},{"@type":"ListItem","position":3,"name":"\u0414\u0430\u0442\u0447\u0438\u043a \u0432\u043b\u0430\u0436\u043d\u043e\u0441\u0442\u0438 \u0438 \u0442\u0435\u043c\u043f\u0435\u0440\u0430\u0442\u0443\u0440\u044b \u0414\u0412\u0422-304"}]},{"@type":"WebSite","@id":"https:\/\/regmik.ua\/uk\/#website","url":"https:\/\/regmik.ua\/uk\/","name":"REGMIK","description":"Messger\u00e4te und Temperatursensoren","publisher":{"@id":"https:\/\/regmik.ua\/uk\/#organization"},"alternateName":"REGMIK","potentialAction":[{"@type":"SearchAction","target":{"@type":"EntryPoint","urlTemplate":"https:\/\/regmik.ua\/uk\/?s={search_term_string}"},"query-input":{"@type":"PropertyValueSpecification","valueRequired":true,"valueName":"search_term_string"}}],"inLanguage":"de"},{"@type":"Organization","@id":"https:\/\/regmik.ua\/uk\/#organization","name":"REGMIK","alternateName":"\u0420\u0415\u0413\u041c\u0418\u041a","url":"https:\/\/regmik.ua\/uk\/","logo":{"@type":"ImageObject","inLanguage":"de","@id":"https:\/\/regmik.ua\/uk\/#\/schema\/logo\/image\/","url":"https:\/\/regmik.ua\/wp-content\/uploads\/2020\/03\/regmik_logo.png","contentUrl":"https:\/\/regmik.ua\/wp-content\/uploads\/2020\/03\/regmik_logo.png","width":194,"height":45,"caption":"REGMIK"},"image":{"@id":"https:\/\/regmik.ua\/uk\/#\/schema\/logo\/image\/"},"sameAs":["https:\/\/www.facebook.com\/regmik.npf","https:\/\/x.com\/regmiknpf","https:\/\/www.youtube.com\/channel\/UC_SrY98SKAmR3Kt95GcVKcw"]}]}},"_links":{"self":[{"href":"https:\/\/regmik.ua\/de\/wp-json\/wp\/v2\/product\/29140","targetHints":{"allow":["GET"]}}],"collection":[{"href":"https:\/\/regmik.ua\/de\/wp-json\/wp\/v2\/product"}],"about":[{"href":"https:\/\/regmik.ua\/de\/wp-json\/wp\/v2\/types\/product"}],"replies":[{"embeddable":true,"href":"https:\/\/regmik.ua\/de\/wp-json\/wp\/v2\/comments?post=29140"}],"version-history":[{"count":0,"href":"https:\/\/regmik.ua\/de\/wp-json\/wp\/v2\/product\/29140\/revisions"}],"wp:featuredmedia":[{"embeddable":true,"href":"https:\/\/regmik.ua\/de\/wp-json\/wp\/v2\/media\/29191"}],"wp:attachment":[{"href":"https:\/\/regmik.ua\/de\/wp-json\/wp\/v2\/media?parent=29140"}],"wp:term":[{"taxonomy":"product_brand","embeddable":true,"href":"https:\/\/regmik.ua\/de\/wp-json\/wp\/v2\/product_brand?post=29140"},{"taxonomy":"product_cat","embeddable":true,"href":"https:\/\/regmik.ua\/de\/wp-json\/wp\/v2\/product_cat?post=29140"},{"taxonomy":"product_tag","embeddable":true,"href":"https:\/\/regmik.ua\/de\/wp-json\/wp\/v2\/product_tag?post=29140"}],"curies":[{"name":"wp","href":"https:\/\/api.w.org\/{rel}","templated":true}]}}