{"id":26434,"date":"2022-07-07T10:08:00","date_gmt":"2022-07-07T07:08:00","guid":{"rendered":"https:\/\/regmik.ua\/?post_type=product&#038;p=26434"},"modified":"2024-05-04T08:44:44","modified_gmt":"2024-05-04T06:44:44","slug":"epc-i","status":"publish","type":"product","link":"https:\/\/regmik.ua\/de\/product\/epc-i\/","title":{"rendered":"Fernanzeige f\u00fcr magnetisch-induktiven Durchflussmesser EPC-I"},"content":{"rendered":"<div data-elementor-type=\"wp-post\" data-elementor-id=\"26434\" class=\"elementor elementor-26434\">\n\t\t\t\t\t\t<section class=\"elementor-section elementor-top-section elementor-element elementor-element-65d24f2d elementor-section-boxed elementor-section-height-default elementor-section-height-default\" data-id=\"65d24f2d\" data-element_type=\"section\" data-e-type=\"section\">\n\t\t\t\t\t\t<div class=\"elementor-container elementor-column-gap-default\">\n\t\t\t\t\t<div class=\"elementor-column elementor-col-100 elementor-top-column elementor-element elementor-element-1b0900a0\" data-id=\"1b0900a0\" data-element_type=\"column\" data-e-type=\"column\">\n\t\t\t<div class=\"elementor-widget-wrap elementor-element-populated\">\n\t\t\t\t\t\t<div class=\"elementor-element elementor-element-54f0f144 elementor-widget elementor-widget-text-editor\" data-id=\"54f0f144\" data-element_type=\"widget\" data-e-type=\"widget\" data-widget_type=\"text-editor.default\">\n\t\t\t\t\t\t\t\t\t<p>Der Fernanzeiger EPC-I dient zur Anzeige des Volumenstroms der gewonnenen Fl\u00fcssigkeit <a href=\"https:\/\/ru.wikipedia.org\/wiki\/Flowmeter\">Durchflussmesser<\/a>\u00a0elektromagnetische Durchflussmesser EPC. Mit der EPC-I-Anzeige k\u00f6nnen Sie Informationen anzeigen, die von 10 EPC-Instrumenten gesammelt wurden.<\/p><p>EPC-I bietet eine RS-485-Schnittstelle mit dem ModBus RTU-Protokoll f\u00fcr den Aufbau von Informationserfassungssystemen. F\u00fcr den Anschluss an einen PC wird die Verwendung von Schnittstellenkonvertern empfohlen <a href=\"https:\/\/regmik.ua\/product\/preobrazovatel-interfejsov-pi-rs458usb-2\/\">PI-485<\/a> oder <a href=\"https:\/\/regmik.ua\/product\/preobrazovatel-interfejsov-pi-rs485-ethernet\/\">PI-RS-485 \/ Ethernet<\/a>.<\/p><p>Der Durchflussmesser wird beispielsweise von einer externen Quelle gespeist <a href=\"https:\/\/regmik.ua\/product\/impulsnyj-blok-pitanija-bp2-50-24v\/\">BP2-50 24V<\/a>.<\/p><h4><strong>Hauptmerkmale des elektromagnetischen Durchflussmessers EPC:<\/strong><\/h4><div title=\"Seite 3\"><div><div><ul><li>Der EPC-I-Indikator hat ein eingebautes Display und eine Tastatur. N\u00fctzliche Informationen werden auf einem gut ablesbaren grafischen LCD-Display mit gro\u00dfen Zeichen angezeigt. Dar\u00fcber hinaus lassen sich alle einstellbaren Parameter w\u00e4hrend des Betriebs bequem \u00fcber die Vier-Tasten-Tastatur \u00e4ndern.<\/li><li><strong>Isolierte RS-485-Schnittstelle<\/strong> mit ModBus RTU-Protokoll.<\/li><li><strong>Logger-Funktion<\/strong>\u00a0mit der M\u00f6glichkeit, Daten auf einer microSD-Karte mit bis zu 32 GB (optional) aufzuzeichnen.<\/li><li>Schutz vor unbefugten Eingriffen.<\/li><li><strong>Schutzart des Geh\u00e4uses - IP68<\/strong>.<\/li><li>Das Ger\u00e4t wird mit 24 VDC betrieben.<\/li><\/ul><p>Der EPC-I-Indikator hat eine erweiterte Garantie von bis zu 36 Monaten mit anschlie\u00dfendem Service.\u00a0<\/p><\/div><\/div><\/div>\t\t\t\t\t\t\t\t<\/div>\n\t\t\t\t\t<\/div>\n\t\t<\/div>\n\t\t\t\t\t<\/div>\n\t\t<\/section>\n\t\t\t\t<\/div>","protected":false},"excerpt":{"rendered":"<p style=\"text-align: left;\">Der Fernanzeiger EPC-I dient zur Anzeige des Volumendurchflusses der Fl\u00fcssigkeit, der von magnetisch-induktiven Durchflussmessern EPC erhalten wird.<\/p>","protected":false},"featured_media":26436,"comment_status":"open","ping_status":"closed","template":"","meta":[],"product_brand":[],"product_cat":[767],"product_tag":[3332,751,3216,3350,3351,3035],"class_list":{"0":"post-26434","1":"product","2":"type-product","3":"status-publish","4":"has-post-thumbnail","6":"product_cat-schetchiki-elektromagnitnye","7":"product_tag-ers","8":"product_tag-rashodomer","9":"product_tag-rashodomer-schetchik","10":"product_tag-schetchik-zhidkosti","11":"product_tag-schetchik-moloka","12":"product_tag-elektromagnitnyj-rashodomer-ers-50","15":"instock","16":"featured","17":"shipping-taxable","18":"purchasable","19":"product-type-simple"},"yoast_head":"<title>\u0412\u044b\u043d\u043e\u0441\u043d\u043e\u0439 \u0438\u043d\u0434\u0438\u043a\u0430\u0442\u043e\u0440 \u0434\u043b\u044f \u0440\u0430\u0441\u0445\u043e\u0434\u043e\u043c\u0435\u0440\u0430 \u0415\u0420\u0421-I<\/title>\n<meta name=\"description\" content=\"\u0412\u044b\u043d\u043e\u0441\u043d\u043e\u0439 \u0438\u043d\u0434\u0438\u043a\u0430\u0442\u043e\u0440 EPC-I \u043f\u0440\u0435\u0434\u043d\u0430\u0437\u043d\u0430\u0447\u0435\u043d \u0434\u043b\u044f \u043e\u0442\u043e\u0431\u0440\u0430\u0436\u0435\u043d\u0438\u044f \u043e\u0431\u044a\u0435\u043c\u043d\u043e\u0433\u043e \u0440\u0430\u0441\u0445\u043e\u0434\u0430 \u0436\u0438\u0434\u043a\u043e\u0441\u0442\u0438, \u043f\u043e\u043b\u0443\u0447\u0435\u043d\u043d\u043e\u0433\u043e \u043e\u0442\u00a0\u0440\u0430\u0441\u0445\u043e\u0434\u043e\u043c\u0435\u0440\u043e\u0432 \u044d\u043b\u0435\u043a\u0442\u0440\u043e\u043c\u0430\u0433\u043d\u0438\u0442\u043d\u044b\u0445 \u0415\u0420\u0421\" \/>\n<meta name=\"robots\" content=\"index, follow, max-snippet:-1, max-image-preview:large, max-video-preview:-1\" \/>\n<link rel=\"canonical\" href=\"https:\/\/regmik.ua\/de\/product\/epc-i\/\" \/>\n<script type=\"application\/ld+json\" class=\"yoast-schema-graph\">{\"@context\":\"https:\\\/\\\/schema.org\",\"@graph\":[{\"@type\":\"WebPage\",\"@id\":\"https:\\\/\\\/regmik.ua\\\/product\\\/epc-i\\\/\",\"url\":\"https:\\\/\\\/regmik.ua\\\/product\\\/epc-i\\\/\",\"name\":\"\u0412\u044b\u043d\u043e\u0441\u043d\u043e\u0439 \u0438\u043d\u0434\u0438\u043a\u0430\u0442\u043e\u0440 \u0434\u043b\u044f \u0440\u0430\u0441\u0445\u043e\u0434\u043e\u043c\u0435\u0440\u0430 \u0415\u0420\u0421-I\",\"isPartOf\":{\"@id\":\"https:\\\/\\\/regmik.ua\\\/uk\\\/#website\"},\"primaryImageOfPage\":{\"@id\":\"https:\\\/\\\/regmik.ua\\\/product\\\/epc-i\\\/#primaryimage\"},\"image\":{\"@id\":\"https:\\\/\\\/regmik.ua\\\/product\\\/epc-i\\\/#primaryimage\"},\"thumbnailUrl\":\"https:\\\/\\\/regmik.ua\\\/wp-content\\\/uploads\\\/2022\\\/07\\\/EPC-I.png\",\"datePublished\":\"2022-07-07T07:08:00+00:00\",\"dateModified\":\"2024-05-04T06:44:44+00:00\",\"description\":\"\u0412\u044b\u043d\u043e\u0441\u043d\u043e\u0439 \u0438\u043d\u0434\u0438\u043a\u0430\u0442\u043e\u0440 EPC-I \u043f\u0440\u0435\u0434\u043d\u0430\u0437\u043d\u0430\u0447\u0435\u043d \u0434\u043b\u044f \u043e\u0442\u043e\u0431\u0440\u0430\u0436\u0435\u043d\u0438\u044f \u043e\u0431\u044a\u0435\u043c\u043d\u043e\u0433\u043e \u0440\u0430\u0441\u0445\u043e\u0434\u0430 \u0436\u0438\u0434\u043a\u043e\u0441\u0442\u0438, \u043f\u043e\u043b\u0443\u0447\u0435\u043d\u043d\u043e\u0433\u043e \u043e\u0442\u00a0\u0440\u0430\u0441\u0445\u043e\u0434\u043e\u043c\u0435\u0440\u043e\u0432 \u044d\u043b\u0435\u043a\u0442\u0440\u043e\u043c\u0430\u0433\u043d\u0438\u0442\u043d\u044b\u0445 \u0415\u0420\u0421\",\"breadcrumb\":{\"@id\":\"https:\\\/\\\/regmik.ua\\\/product\\\/epc-i\\\/#breadcrumb\"},\"inLanguage\":\"de\",\"potentialAction\":[{\"@type\":\"ReadAction\",\"target\":[\"https:\\\/\\\/regmik.ua\\\/product\\\/epc-i\\\/\"]}]},{\"@type\":\"ImageObject\",\"inLanguage\":\"de\",\"@id\":\"https:\\\/\\\/regmik.ua\\\/product\\\/epc-i\\\/#primaryimage\",\"url\":\"https:\\\/\\\/regmik.ua\\\/wp-content\\\/uploads\\\/2022\\\/07\\\/EPC-I.png\",\"contentUrl\":\"https:\\\/\\\/regmik.ua\\\/wp-content\\\/uploads\\\/2022\\\/07\\\/EPC-I.png\",\"width\":586,\"height\":752,\"caption\":\"EPC-I\"},{\"@type\":\"BreadcrumbList\",\"@id\":\"https:\\\/\\\/regmik.ua\\\/product\\\/epc-i\\\/#breadcrumb\",\"itemListElement\":[{\"@type\":\"ListItem\",\"position\":1,\"name\":\"\u0413\u043b\u0430\u0432\u043d\u0430\u044f \u0441\u0442\u0440\u0430\u043d\u0438\u0446\u0430\",\"item\":\"https:\\\/\\\/regmik.ua\\\/\"},{\"@type\":\"ListItem\",\"position\":2,\"name\":\"\u041f\u0440\u043e\u0434\u0443\u043a\u0446\u0438\u044f\",\"item\":\"https:\\\/\\\/regmik.ua\\\/uk\\\/products\\\/\"},{\"@type\":\"ListItem\",\"position\":3,\"name\":\"\u042d\u043b\u0435\u043a\u0442\u0440\u043e\u043c\u0430\u0433\u043d\u0438\u0442\u043d\u044b\u0439 \u0440\u0430\u0441\u0445\u043e\u0434\u043e\u043c\u0435\u0440 \u0415\u0420\u0421-50\"}]},{\"@type\":\"WebSite\",\"@id\":\"https:\\\/\\\/regmik.ua\\\/uk\\\/#website\",\"url\":\"https:\\\/\\\/regmik.ua\\\/uk\\\/\",\"name\":\"REGMIK\",\"description\":\"\u0418\u0437\u043c\u0435\u0440\u0438\u0442\u0435\u043b\u044c\u043d\u044b\u0435 \u043f\u0440\u0438\u0431\u043e\u0440\u044b \u0438 \u0434\u0430\u0442\u0447\u0438\u043a\u0438 \u0442\u0435\u043c\u043f\u0435\u0440\u0430\u0442\u0443\u0440\u044b\",\"publisher\":{\"@id\":\"https:\\\/\\\/regmik.ua\\\/uk\\\/#organization\"},\"alternateName\":\"REGMIK\",\"potentialAction\":[{\"@type\":\"SearchAction\",\"target\":{\"@type\":\"EntryPoint\",\"urlTemplate\":\"https:\\\/\\\/regmik.ua\\\/uk\\\/?s={search_term_string}\"},\"query-input\":{\"@type\":\"PropertyValueSpecification\",\"valueRequired\":true,\"valueName\":\"search_term_string\"}}],\"inLanguage\":\"de\"},{\"@type\":\"Organization\",\"@id\":\"https:\\\/\\\/regmik.ua\\\/uk\\\/#organization\",\"name\":\"REGMIK\",\"alternateName\":\"\u0420\u0415\u0413\u041c\u0418\u041a\",\"url\":\"https:\\\/\\\/regmik.ua\\\/uk\\\/\",\"logo\":{\"@type\":\"ImageObject\",\"inLanguage\":\"de\",\"@id\":\"https:\\\/\\\/regmik.ua\\\/uk\\\/#\\\/schema\\\/logo\\\/image\\\/\",\"url\":\"https:\\\/\\\/regmik.ua\\\/wp-content\\\/uploads\\\/2020\\\/03\\\/regmik_logo.png\",\"contentUrl\":\"https:\\\/\\\/regmik.ua\\\/wp-content\\\/uploads\\\/2020\\\/03\\\/regmik_logo.png\",\"width\":194,\"height\":45,\"caption\":\"REGMIK\"},\"image\":{\"@id\":\"https:\\\/\\\/regmik.ua\\\/uk\\\/#\\\/schema\\\/logo\\\/image\\\/\"},\"sameAs\":[\"https:\\\/\\\/www.facebook.com\\\/regmik.npf\",\"https:\\\/\\\/x.com\\\/regmiknpf\",\"https:\\\/\\\/www.youtube.com\\\/channel\\\/UC_SrY98SKAmR3Kt95GcVKcw\"]}]}<\/script>","yoast_head_json":{"title":"Fernanzeige f\u00fcr Durchflussmesser EPC-I","description":"Der Fernanzeiger EPC-I dient zur Anzeige des Volumendurchflusses der Fl\u00fcssigkeit, der von magnetisch-induktiven Durchflussmessern EPC erhalten wird","robots":{"index":"index","follow":"follow","max-snippet":"max-snippet:-1","max-image-preview":"max-image-preview:large","max-video-preview":"max-video-preview:-1"},"canonical":"https:\/\/regmik.ua\/de\/product\/epc-i\/","schema":{"@context":"https:\/\/schema.org","@graph":[{"@type":"WebPage","@id":"https:\/\/regmik.ua\/product\/epc-i\/","url":"https:\/\/regmik.ua\/product\/epc-i\/","name":"Fernanzeige f\u00fcr Durchflussmesser EPC-I","isPartOf":{"@id":"https:\/\/regmik.ua\/uk\/#website"},"primaryImageOfPage":{"@id":"https:\/\/regmik.ua\/product\/epc-i\/#primaryimage"},"image":{"@id":"https:\/\/regmik.ua\/product\/epc-i\/#primaryimage"},"thumbnailUrl":"https:\/\/regmik.ua\/wp-content\/uploads\/2022\/07\/EPC-I.png","datePublished":"2022-07-07T07:08:00+00:00","dateModified":"2024-05-04T06:44:44+00:00","description":"Der Fernanzeiger EPC-I dient zur Anzeige des Volumendurchflusses der Fl\u00fcssigkeit, der von magnetisch-induktiven Durchflussmessern EPC erhalten wird","breadcrumb":{"@id":"https:\/\/regmik.ua\/product\/epc-i\/#breadcrumb"},"inLanguage":"de","potentialAction":[{"@type":"ReadAction","target":["https:\/\/regmik.ua\/product\/epc-i\/"]}]},{"@type":"ImageObject","inLanguage":"de","@id":"https:\/\/regmik.ua\/product\/epc-i\/#primaryimage","url":"https:\/\/regmik.ua\/wp-content\/uploads\/2022\/07\/EPC-I.png","contentUrl":"https:\/\/regmik.ua\/wp-content\/uploads\/2022\/07\/EPC-I.png","width":586,"height":752,"caption":"EPC-I"},{"@type":"BreadcrumbList","@id":"https:\/\/regmik.ua\/product\/epc-i\/#breadcrumb","itemListElement":[{"@type":"ListItem","position":1,"name":"\u0413\u043b\u0430\u0432\u043d\u0430\u044f \u0441\u0442\u0440\u0430\u043d\u0438\u0446\u0430","item":"https:\/\/regmik.ua\/"},{"@type":"ListItem","position":2,"name":"\u041f\u0440\u043e\u0434\u0443\u043a\u0446\u0438\u044f","item":"https:\/\/regmik.ua\/uk\/products\/"},{"@type":"ListItem","position":3,"name":"\u042d\u043b\u0435\u043a\u0442\u0440\u043e\u043c\u0430\u0433\u043d\u0438\u0442\u043d\u044b\u0439 \u0440\u0430\u0441\u0445\u043e\u0434\u043e\u043c\u0435\u0440 \u0415\u0420\u0421-50"}]},{"@type":"WebSite","@id":"https:\/\/regmik.ua\/uk\/#website","url":"https:\/\/regmik.ua\/uk\/","name":"REGMIK","description":"Messger\u00e4te und Temperatursensoren","publisher":{"@id":"https:\/\/regmik.ua\/uk\/#organization"},"alternateName":"REGMIK","potentialAction":[{"@type":"SearchAction","target":{"@type":"EntryPoint","urlTemplate":"https:\/\/regmik.ua\/uk\/?s={search_term_string}"},"query-input":{"@type":"PropertyValueSpecification","valueRequired":true,"valueName":"search_term_string"}}],"inLanguage":"de"},{"@type":"Organization","@id":"https:\/\/regmik.ua\/uk\/#organization","name":"REGMIK","alternateName":"\u0420\u0415\u0413\u041c\u0418\u041a","url":"https:\/\/regmik.ua\/uk\/","logo":{"@type":"ImageObject","inLanguage":"de","@id":"https:\/\/regmik.ua\/uk\/#\/schema\/logo\/image\/","url":"https:\/\/regmik.ua\/wp-content\/uploads\/2020\/03\/regmik_logo.png","contentUrl":"https:\/\/regmik.ua\/wp-content\/uploads\/2020\/03\/regmik_logo.png","width":194,"height":45,"caption":"REGMIK"},"image":{"@id":"https:\/\/regmik.ua\/uk\/#\/schema\/logo\/image\/"},"sameAs":["https:\/\/www.facebook.com\/regmik.npf","https:\/\/x.com\/regmiknpf","https:\/\/www.youtube.com\/channel\/UC_SrY98SKAmR3Kt95GcVKcw"]}]}},"_links":{"self":[{"href":"https:\/\/regmik.ua\/de\/wp-json\/wp\/v2\/product\/26434","targetHints":{"allow":["GET"]}}],"collection":[{"href":"https:\/\/regmik.ua\/de\/wp-json\/wp\/v2\/product"}],"about":[{"href":"https:\/\/regmik.ua\/de\/wp-json\/wp\/v2\/types\/product"}],"replies":[{"embeddable":true,"href":"https:\/\/regmik.ua\/de\/wp-json\/wp\/v2\/comments?post=26434"}],"version-history":[{"count":0,"href":"https:\/\/regmik.ua\/de\/wp-json\/wp\/v2\/product\/26434\/revisions"}],"wp:featuredmedia":[{"embeddable":true,"href":"https:\/\/regmik.ua\/de\/wp-json\/wp\/v2\/media\/26436"}],"wp:attachment":[{"href":"https:\/\/regmik.ua\/de\/wp-json\/wp\/v2\/media?parent=26434"}],"wp:term":[{"taxonomy":"product_brand","embeddable":true,"href":"https:\/\/regmik.ua\/de\/wp-json\/wp\/v2\/product_brand?post=26434"},{"taxonomy":"product_cat","embeddable":true,"href":"https:\/\/regmik.ua\/de\/wp-json\/wp\/v2\/product_cat?post=26434"},{"taxonomy":"product_tag","embeddable":true,"href":"https:\/\/regmik.ua\/de\/wp-json\/wp\/v2\/product_tag?post=26434"}],"curies":[{"name":"wp","href":"https:\/\/api.w.org\/{rel}","templated":true}]}}