{"id":26121,"date":"2022-02-06T09:01:28","date_gmt":"2022-02-06T06:01:28","guid":{"rendered":"https:\/\/regmik.ua\/?post_type=product&#038;p=26121"},"modified":"2025-04-10T12:04:24","modified_gmt":"2025-04-10T10:04:24","slug":"dvt-304-lora","status":"publish","type":"product","link":"https:\/\/regmik.ua\/de\/product\/dvt-304-lora\/","title":{"rendered":"Drahtloser Temperatur- und Feuchtigkeitssensor DVTts-304-LoRa"},"content":{"rendered":"<p>Der drahtlose Temperatur- und Feuchtigkeitssensor DVTts-304-LoRa wurde entwickelt, um Feuchtigkeit und Lufttemperatur zu messen. DVTts-304-LoRa-Sensoren \u00fcbertragen Informationen \u00fcber das LoRa-Protokoll an <a href=\"\/product\/besprovodnoj-preobrazovatel-interfejsov-lora\/\">drahtloser LoRa-Schnittstellenkonverter.<\/a><\/p>\n<p>Der Anwendungsbereich von Luftfeuchtigkeitssensoren ist sehr breit und umfasst:<\/p>\n<ul>\n<li>Aufrechterhaltung eines Mikroklimas innerhalb bestimmter Grenzen in einer Produktion, die mit feuchtigkeitsempfindlichen elektronischen Ger\u00e4ten ausgestattet ist;<\/li>\n<li>Kontrolle \u00fcber die Feuchtigkeitsindikatoren in B\u00fcror\u00e4umen im Alltag;<\/li>\n<li>Im Bereich Wohnen und kommunale Dienstleistungen - in Kesselh\u00e4usern und in Wasseraufbereitungsanlagen - verhindern sie die Bildung von Kondensat;<\/li>\n<li>Regelm\u00e4\u00dfige Kontrolle verhindert das Auftreten von Schimmel, Schimmel an den W\u00e4nden des Geb\u00e4udes oder im Lagerhaus.<\/li>\n<li>Kontrolle technologischer Prozesse;<\/li>\n<li>\u00dcberwachung von Umgebungsparametern usw.<\/li>\n<\/ul>\n<p>Modulationsmethode <a href=\"https:\/\/ru.wikipedia.org\/wiki\/LoRa\">LoRa<\/a> (Long Range) bietet eine deutlich gr\u00f6\u00dfere Kommunikationsreichweite als andere Konkurrenzverfahren.<\/p>\n<p>Auch Best\u00e4ndigkeit gegen \u00e4u\u00dfere St\u00f6rungen und L\u00e4rm, wodurch diese Methode in verschiedenen Branchen eingesetzt werden kann.<\/p>\n<p>Feuchtigkeits- und Temperatursensoren DVTts-304-LoRa lassen keine Feuchtigkeitskondensation zu.<\/p>\n<h3><strong>Messelement\u00a0<\/strong><strong>zur Feuchtemessung <\/strong><strong>Sensoren DVTts-304-LoRa<\/strong><\/h3>\n<p>HIH4xxx Messelemente (hergestellt von <i lang=\"en\">Honeywell International, Inc., USA<\/i>) oder SHTxxx (<em>Sensirion, Schweiz<\/em>).<\/p>\n<p>Schichtaufbau <strong>Sensorelement HIH4xxx<\/strong> bietet eine hervorragende Best\u00e4ndigkeit gegen die meisten Anwendungsgefahren wie N\u00e4sse, Staub, Schmutz, \u00d6le und \u00fcbliche Umweltchemikalien. Die Hauptmerkmale von Sensoren, die auf Elementen der HIH4xxx-Serie basieren:<\/p>\n<ul>\n<li>Formk\u00f6rper aus duroplastischem Kunststoff;<\/li>\n<li>Fast lineare Ausgangsspannung gegen relative Luftfeuchtigkeit;<\/li>\n<li>Austauschbar mit Laser Fit;<\/li>\n<li>Low Power Design;<\/li>\n<li>Erh\u00f6hte Genauigkeit;<\/li>\n<li>Schnelle Reaktionszeit;<\/li>\n<li>Stabile Leistung bei geringer Drift;<\/li>\n<li>Chemische Resistenz.<\/li>\n<\/ul>\n<div class=\"page\" title=\"Seite 1\">\n<div class=\"layoutArea\">\n<div class=\"column\">\n<div class=\"page\" title=\"Seite 1\">\n<div class=\"layoutArea\">\n<div class=\"column\">\n<p>Feuchtigkeits- und Temperatursensoren DVTts-304-LoRa basierend auf <strong>Elemente der SHTxxx-Serie<\/strong> haben folgende Besonderheiten:<\/p>\n<ul>\n<li>Hohe Zuverl\u00e4ssigkeit und Langzeitstabilit\u00e4t;<\/li>\n<li>Branchenerprobte Technologie mit \u00fcber 10 Jahren Erfahrung;<\/li>\n<li>Entwickelt f\u00fcr die Massenproduktion;<\/li>\n<li>Optimiert f\u00fcr die niedrigsten Kosten;<\/li>\n<li>Niedriger Signalrauschpegel.<\/li>\n<\/ul>\n<\/div>\n<\/div>\n<\/div>\n<\/div>\n<\/div>\n<\/div>\n<p>Der Messumformer arbeitet stabil innerhalb des empfohlenen Messbereichs f\u00fcr Luftfeuchtigkeit und Temperatur. Eine l\u00e4ngere Exposition gegen\u00fcber Bedingungen au\u00dferhalb des normalen Bereichs, insbesondere Luftfeuchtigkeit&gt; 80%, kann die Messunsicherheit vor\u00fcbergehend erh\u00f6hen. Sobald der normale Bereich wiederhergestellt ist, werden die Werkseinstellungen langsam wiederhergestellt.<\/p>\n<p>Besondere Vorsicht ist geboten, wenn der Sender unter feuchten Bedingungen (&gt; 98%) und in der N\u00e4he des Taupunkts verwendet wird Bei N\u00e4sse kann das Sensorelement irreparabel besch\u00e4digt werden.<\/p>\n<p>Es wird empfohlen, DVTts-304-LoRa-Sensoren mit der Schutzabdeckung des empfindlichen Elements nach unten zu installieren, wodurch Sensorsch\u00e4den bei hoher Luftfeuchtigkeit und in der N\u00e4he des Taupunkts minimiert werden. Der Sensor ist so montiert, dass die Luft frei um ihn herum zirkulieren kann. Bei der Wahl eines Platzes an der Wand m\u00fcssen Zugluft, direkte Sonneneinstrahlung und andere W\u00e4rmequellen darauf vermieden werden. Die Montage erfolgt direkt an der Wand.<\/p>\n<h3>Metrologische Eigenschaften digitaler Sensoren DVTts-304-LoRa<\/h3>\n<table class=\"reg-product-table\">\n<tbody>\n<tr>\n<th colspan=\"2\" rowspan=\"2\">Name des Indikators<\/th>\n<th colspan=\"2\">Metrologischer Typ<br \/>\nEigenschaften<\/th>\n<\/tr>\n<tr>\n<th>1<\/th>\n<th>2<\/th>\n<\/tr>\n<tr>\n<th colspan=\"4\">Temperatursensor<\/th>\n<\/tr>\n<tr>\n<td colspan=\"2\">Sensorelementtyp<\/td>\n<td colspan=\"2\">D\u00fcnnfilm, Keramik<\/td>\n<\/tr>\n<tr>\n<td rowspan=\"2\"><\/td>\n<td>Arbeiten<\/td>\n<td>von +5 bis +60<\/td>\n<td>von +5 bis +60<\/td>\n<\/tr>\n<tr>\n<td>verl\u00e4ngert<\/td>\n<td>von -40 bis +100<\/td>\n<td>von -40 bis +100<\/td>\n<\/tr>\n<tr>\n<td rowspan=\"2\">Grundfehler f\u00fcr Unterbereich, \u00b0 \u0421, nicht mehr<\/td>\n<td>Arbeiter<\/td>\n<td>\u00b1 0,5<\/td>\n<td>\u00b1 0,4<\/td>\n<\/tr>\n<tr>\n<td>erweitert<\/td>\n<td>\u00b1 1,8<\/td>\n<td>\u00b1 1,5<\/td>\n<\/tr>\n<tr>\n<th colspan=\"4\">Sensor f\u00fcr relative Luftfeuchtigkeit<\/th>\n<\/tr>\n<tr>\n<td colspan=\"2\">Sensorelementtyp<\/td>\n<td colspan=\"2\">Halbleiter<\/td>\n<\/tr>\n<tr>\n<td rowspan=\"2\">Bereich %<\/td>\n<td>Arbeiten<\/td>\n<td>von 20 bis 80<\/td>\n<td>von 20 bis 80<\/td>\n<\/tr>\n<tr>\n<td>verl\u00e4ngert<\/td>\n<td>von 0 bis 100<\/td>\n<td>von 0 bis 100<\/td>\n<\/tr>\n<tr>\n<td rowspan=\"2\">Grundfehler f\u00fcr Subband, %, nicht mehr<\/td>\n<td>Arbeiter<\/td>\n<td>5<\/td>\n<td>3<\/td>\n<\/tr>\n<tr>\n<td>erweitert<\/td>\n<td>7<\/td>\n<td>5<\/td>\n<\/tr>\n<\/tbody>\n<\/table>\n<h3><strong>Umfang der Temperatur- und Feuchtigkeitssensoren DVTts-304-LoRa:<\/strong><\/h3>\n<ul>\n<li>Geografisch verteilte und lokale Steuerungssysteme;<\/li>\n<li>Ferndatenerfassung, \u00dcberwachungskontrolle, Produktionsmanagement;<\/li>\n<li>L\u00f6sen von Automatisierungsaufgaben im Zusammenhang mit der Daten\u00fcbertragung;<\/li>\n<li>Integration von Mehrebenen-Informationssystemen;<\/li>\n<li>Kommunikationsschnittstelle mit Messger\u00e4ten, Terminals.<\/li>\n<\/ul>\n<h3>Die Hauptmerkmale des Temperatur- und Feuchtigkeitssensors DVTts-304-LoRa:<\/h3>\n<ul>\n<li>Frequenzbereich der Signal\u00fcbertragung 866-870 MHz;<\/li>\n<li>Anzahl der Konversionskan\u00e4le - 1;<\/li>\n<li>maximale Daten\u00fcbertragungsreichweite bis zu 3000 m (Sichtlinie mit 5-dBi-Antenne), bis zu 400 m (mit Hindernissen);<\/li>\n<li>Schutzart des K\u00f6rpers - IP40;<\/li>\n<li>Stromversorgung - zwei Batterien oder Akku 1,5 V Typ AA;<\/li>\n<li>Batterielebensdauer - bis zu 3 Jahre (abh\u00e4ngig von der Abfrageperiode des Sensors);<\/li>\n<li>Schutz \u00fcbermittelter Daten;<\/li>\n<li>industrieller und h\u00e4uslicher Gebrauch.<\/li>\n<\/ul>\n<p>Vorteile von LoRa-Konvertern:<\/p>\n<ul>\n<li>Reichweite und Reichweite;<\/li>\n<li>Energieeffizient;<\/li>\n<li>preiswerte Ausr\u00fcstung.<\/li>\n<\/ul>\n<p>Der drahtlose Temperatur- und Feuchtigkeitssensor DVTts-304-LoRa ist in einem ABS-Kunststoffgeh\u00e4use untergebracht und f\u00fcr die Wand konzipiert<br \/>\nAnschl\u00fcsse.<\/p>","protected":false},"excerpt":{"rendered":"<p>Der drahtlose Temperatur- und Feuchtigkeitssensor DVTts-304-LoRa dient zur Messung von Luftfeuchtigkeit und Temperatur mit anschlie\u00dfender \u00dcbertragung der Messdaten \u00fcber eine Entfernung von bis zu 3000 m (Sichtverbindung mit einer 5dBi-Antenne) und bis zu 400 m (mit Hindernisse) zu <a href=\"\/product\/besprovodnoj-preobrazovatel-interfejsov-lora\/\">drahtloser LoRa-Schnittstellenkonverter<\/a>.<\/p>","protected":false},"featured_media":26124,"comment_status":"open","ping_status":"closed","template":"","meta":[],"product_brand":[],"product_cat":[3412,492],"product_tag":[3377,563,3411],"class_list":{"0":"post-26121","1":"product","2":"type-product","3":"status-publish","4":"has-post-thumbnail","6":"product_cat-wireless-temperature-sensor","7":"product_cat-humidity-sensors","8":"product_tag-lora","9":"product_tag-besprovodnoj","10":"product_tag-3411","13":"instock","14":"featured","15":"shipping-taxable","16":"purchasable","17":"product-type-simple"},"yoast_head":"<title>\u0411\u0435\u0441\u043f\u0440\u043e\u0432\u043e\u0434\u043d\u043e\u0439 \u0434\u0430\u0442\u0447\u0438\u043a \u0442\u0435\u043c\u043f\u0435\u0440\u0430\u0442\u0443\u0440\u044b \u0438 \u0432\u043b\u0430\u0436\u043d\u043e\u0441\u0442\u0438 \u0414\u0412\u0422\u0446-304-LoRa<\/title>\n<meta name=\"description\" content=\"\u0411\u0435\u0441\u043f\u0440\u043e\u0432\u043e\u0434\u043d\u043e\u0439 \u0434\u0430\u0442\u0447\u0438\u043a \u0442\u0435\u043c\u043f\u0435\u0440\u0430\u0442\u0443\u0440\u044b \u0438 \u0432\u043b\u0430\u0436\u043d\u043e\u0441\u0442\u0438 \u0414\u0412\u0422\u0446-304-LoRa \u0441 \u043f\u0435\u0440\u0435\u0434\u0430\u0447\u0435\u0439 \u0434\u0430\u043d\u043d\u044b\u0445 \u043f\u043e \u0440\u0430\u0434\u0438\u043e\u043a\u0430\u043d\u0430\u043b\u0443 \u043f\u043e \u043f\u0440\u043e\u0442\u043e\u043a\u043e\u043b\u0443 LoRa\" \/>\n<meta name=\"robots\" content=\"index, follow, max-snippet:-1, max-image-preview:large, max-video-preview:-1\" \/>\n<link rel=\"canonical\" href=\"https:\/\/regmik.ua\/de\/product\/dvt-304-lora\/\" \/>\n<script type=\"application\/ld+json\" class=\"yoast-schema-graph\">{\"@context\":\"https:\\\/\\\/schema.org\",\"@graph\":[{\"@type\":\"WebPage\",\"@id\":\"https:\\\/\\\/regmik.ua\\\/product\\\/dvt-304-lora\\\/\",\"url\":\"https:\\\/\\\/regmik.ua\\\/product\\\/dvt-304-lora\\\/\",\"name\":\"\u0411\u0435\u0441\u043f\u0440\u043e\u0432\u043e\u0434\u043d\u043e\u0439 \u0434\u0430\u0442\u0447\u0438\u043a \u0442\u0435\u043c\u043f\u0435\u0440\u0430\u0442\u0443\u0440\u044b \u0438 \u0432\u043b\u0430\u0436\u043d\u043e\u0441\u0442\u0438 \u0414\u0412\u0422\u0446-304-LoRa\",\"isPartOf\":{\"@id\":\"https:\\\/\\\/regmik.ua\\\/uk\\\/#website\"},\"primaryImageOfPage\":{\"@id\":\"https:\\\/\\\/regmik.ua\\\/product\\\/dvt-304-lora\\\/#primaryimage\"},\"image\":{\"@id\":\"https:\\\/\\\/regmik.ua\\\/product\\\/dvt-304-lora\\\/#primaryimage\"},\"thumbnailUrl\":\"https:\\\/\\\/regmik.ua\\\/wp-content\\\/uploads\\\/2022\\\/02\\\/DVT-304-LoRa-03-e1705583843246.jpg\",\"datePublished\":\"2022-02-06T06:01:28+00:00\",\"dateModified\":\"2025-04-10T10:04:24+00:00\",\"description\":\"\u0411\u0435\u0441\u043f\u0440\u043e\u0432\u043e\u0434\u043d\u043e\u0439 \u0434\u0430\u0442\u0447\u0438\u043a \u0442\u0435\u043c\u043f\u0435\u0440\u0430\u0442\u0443\u0440\u044b \u0438 \u0432\u043b\u0430\u0436\u043d\u043e\u0441\u0442\u0438 \u0414\u0412\u0422\u0446-304-LoRa \u0441 \u043f\u0435\u0440\u0435\u0434\u0430\u0447\u0435\u0439 \u0434\u0430\u043d\u043d\u044b\u0445 \u043f\u043e \u0440\u0430\u0434\u0438\u043e\u043a\u0430\u043d\u0430\u043b\u0443 \u043f\u043e \u043f\u0440\u043e\u0442\u043e\u043a\u043e\u043b\u0443 LoRa\",\"breadcrumb\":{\"@id\":\"https:\\\/\\\/regmik.ua\\\/product\\\/dvt-304-lora\\\/#breadcrumb\"},\"inLanguage\":\"de\",\"potentialAction\":[{\"@type\":\"ReadAction\",\"target\":[\"https:\\\/\\\/regmik.ua\\\/product\\\/dvt-304-lora\\\/\"]}]},{\"@type\":\"ImageObject\",\"inLanguage\":\"de\",\"@id\":\"https:\\\/\\\/regmik.ua\\\/product\\\/dvt-304-lora\\\/#primaryimage\",\"url\":\"https:\\\/\\\/regmik.ua\\\/wp-content\\\/uploads\\\/2022\\\/02\\\/DVT-304-LoRa-03-e1705583843246.jpg\",\"contentUrl\":\"https:\\\/\\\/regmik.ua\\\/wp-content\\\/uploads\\\/2022\\\/02\\\/DVT-304-LoRa-03-e1705583843246.jpg\",\"width\":390,\"height\":384,\"caption\":\"\u0411\u0435\u0441\u043f\u0440\u043e\u0432\u043e\u0434\u043d\u043e\u0439 \u0434\u0430\u0442\u0447\u0438\u043a \u0442\u0435\u043c\u043f\u0435\u0440\u0430\u0442\u0443\u0440\u044b \u0438 \u0432\u043b\u0430\u0436\u043d\u043e\u0441\u0442\u0438 \u0414\u0412\u0422\u0446-304-LoRa\"},{\"@type\":\"BreadcrumbList\",\"@id\":\"https:\\\/\\\/regmik.ua\\\/product\\\/dvt-304-lora\\\/#breadcrumb\",\"itemListElement\":[{\"@type\":\"ListItem\",\"position\":1,\"name\":\"\u0413\u043b\u0430\u0432\u043d\u0430\u044f \u0441\u0442\u0440\u0430\u043d\u0438\u0446\u0430\",\"item\":\"https:\\\/\\\/regmik.ua\\\/\"},{\"@type\":\"ListItem\",\"position\":2,\"name\":\"\u041f\u0440\u043e\u0434\u0443\u043a\u0446\u0438\u044f\",\"item\":\"https:\\\/\\\/regmik.ua\\\/uk\\\/products\\\/\"},{\"@type\":\"ListItem\",\"position\":3,\"name\":\"\u0411\u0435\u0441\u043f\u0440\u043e\u0432\u043e\u0434\u043d\u043e\u0439 \u0434\u0430\u0442\u0447\u0438\u043a \u0442\u0435\u043c\u043f\u0435\u0440\u0430\u0442\u0443\u0440\u044b \u0438 \u0432\u043b\u0430\u0436\u043d\u043e\u0441\u0442\u0438 \u0414\u0412\u0422\u0446-304-LoRa\"}]},{\"@type\":\"WebSite\",\"@id\":\"https:\\\/\\\/regmik.ua\\\/uk\\\/#website\",\"url\":\"https:\\\/\\\/regmik.ua\\\/uk\\\/\",\"name\":\"REGMIK\",\"description\":\"\u0418\u0437\u043c\u0435\u0440\u0438\u0442\u0435\u043b\u044c\u043d\u044b\u0435 \u043f\u0440\u0438\u0431\u043e\u0440\u044b \u0438 \u0434\u0430\u0442\u0447\u0438\u043a\u0438 \u0442\u0435\u043c\u043f\u0435\u0440\u0430\u0442\u0443\u0440\u044b\",\"publisher\":{\"@id\":\"https:\\\/\\\/regmik.ua\\\/uk\\\/#organization\"},\"alternateName\":\"REGMIK\",\"potentialAction\":[{\"@type\":\"SearchAction\",\"target\":{\"@type\":\"EntryPoint\",\"urlTemplate\":\"https:\\\/\\\/regmik.ua\\\/uk\\\/?s={search_term_string}\"},\"query-input\":{\"@type\":\"PropertyValueSpecification\",\"valueRequired\":true,\"valueName\":\"search_term_string\"}}],\"inLanguage\":\"de\"},{\"@type\":\"Organization\",\"@id\":\"https:\\\/\\\/regmik.ua\\\/uk\\\/#organization\",\"name\":\"REGMIK\",\"alternateName\":\"\u0420\u0415\u0413\u041c\u0418\u041a\",\"url\":\"https:\\\/\\\/regmik.ua\\\/uk\\\/\",\"logo\":{\"@type\":\"ImageObject\",\"inLanguage\":\"de\",\"@id\":\"https:\\\/\\\/regmik.ua\\\/uk\\\/#\\\/schema\\\/logo\\\/image\\\/\",\"url\":\"https:\\\/\\\/regmik.ua\\\/wp-content\\\/uploads\\\/2020\\\/03\\\/regmik_logo.png\",\"contentUrl\":\"https:\\\/\\\/regmik.ua\\\/wp-content\\\/uploads\\\/2020\\\/03\\\/regmik_logo.png\",\"width\":194,\"height\":45,\"caption\":\"REGMIK\"},\"image\":{\"@id\":\"https:\\\/\\\/regmik.ua\\\/uk\\\/#\\\/schema\\\/logo\\\/image\\\/\"},\"sameAs\":[\"https:\\\/\\\/www.facebook.com\\\/regmik.npf\",\"https:\\\/\\\/x.com\\\/regmiknpf\",\"https:\\\/\\\/www.youtube.com\\\/channel\\\/UC_SrY98SKAmR3Kt95GcVKcw\"]}]}<\/script>","yoast_head_json":{"title":"Drahtloser Temperatur- und Feuchtigkeitssensor DVTts-304-LoRa","description":"Drahtloser Temperatur- und Feuchtigkeitssensor DVTts-304-LoRa mit Daten\u00fcbertragung \u00fcber einen Funkkanal unter Verwendung des LoRa-Protokolls","robots":{"index":"index","follow":"follow","max-snippet":"max-snippet:-1","max-image-preview":"max-image-preview:large","max-video-preview":"max-video-preview:-1"},"canonical":"https:\/\/regmik.ua\/de\/product\/dvt-304-lora\/","schema":{"@context":"https:\/\/schema.org","@graph":[{"@type":"WebPage","@id":"https:\/\/regmik.ua\/product\/dvt-304-lora\/","url":"https:\/\/regmik.ua\/product\/dvt-304-lora\/","name":"Drahtloser Temperatur- und Feuchtigkeitssensor DVTts-304-LoRa","isPartOf":{"@id":"https:\/\/regmik.ua\/uk\/#website"},"primaryImageOfPage":{"@id":"https:\/\/regmik.ua\/product\/dvt-304-lora\/#primaryimage"},"image":{"@id":"https:\/\/regmik.ua\/product\/dvt-304-lora\/#primaryimage"},"thumbnailUrl":"https:\/\/regmik.ua\/wp-content\/uploads\/2022\/02\/DVT-304-LoRa-03-e1705583843246.jpg","datePublished":"2022-02-06T06:01:28+00:00","dateModified":"2025-04-10T10:04:24+00:00","description":"Drahtloser Temperatur- und Feuchtigkeitssensor DVTts-304-LoRa mit Daten\u00fcbertragung \u00fcber einen Funkkanal unter Verwendung des LoRa-Protokolls","breadcrumb":{"@id":"https:\/\/regmik.ua\/product\/dvt-304-lora\/#breadcrumb"},"inLanguage":"de","potentialAction":[{"@type":"ReadAction","target":["https:\/\/regmik.ua\/product\/dvt-304-lora\/"]}]},{"@type":"ImageObject","inLanguage":"de","@id":"https:\/\/regmik.ua\/product\/dvt-304-lora\/#primaryimage","url":"https:\/\/regmik.ua\/wp-content\/uploads\/2022\/02\/DVT-304-LoRa-03-e1705583843246.jpg","contentUrl":"https:\/\/regmik.ua\/wp-content\/uploads\/2022\/02\/DVT-304-LoRa-03-e1705583843246.jpg","width":390,"height":384,"caption":"\u0411\u0435\u0441\u043f\u0440\u043e\u0432\u043e\u0434\u043d\u043e\u0439 \u0434\u0430\u0442\u0447\u0438\u043a \u0442\u0435\u043c\u043f\u0435\u0440\u0430\u0442\u0443\u0440\u044b \u0438 \u0432\u043b\u0430\u0436\u043d\u043e\u0441\u0442\u0438 \u0414\u0412\u0422\u0446-304-LoRa"},{"@type":"BreadcrumbList","@id":"https:\/\/regmik.ua\/product\/dvt-304-lora\/#breadcrumb","itemListElement":[{"@type":"ListItem","position":1,"name":"\u0413\u043b\u0430\u0432\u043d\u0430\u044f \u0441\u0442\u0440\u0430\u043d\u0438\u0446\u0430","item":"https:\/\/regmik.ua\/"},{"@type":"ListItem","position":2,"name":"\u041f\u0440\u043e\u0434\u0443\u043a\u0446\u0438\u044f","item":"https:\/\/regmik.ua\/uk\/products\/"},{"@type":"ListItem","position":3,"name":"\u0411\u0435\u0441\u043f\u0440\u043e\u0432\u043e\u0434\u043d\u043e\u0439 \u0434\u0430\u0442\u0447\u0438\u043a \u0442\u0435\u043c\u043f\u0435\u0440\u0430\u0442\u0443\u0440\u044b \u0438 \u0432\u043b\u0430\u0436\u043d\u043e\u0441\u0442\u0438 \u0414\u0412\u0422\u0446-304-LoRa"}]},{"@type":"WebSite","@id":"https:\/\/regmik.ua\/uk\/#website","url":"https:\/\/regmik.ua\/uk\/","name":"REGMIK","description":"Messger\u00e4te und Temperatursensoren","publisher":{"@id":"https:\/\/regmik.ua\/uk\/#organization"},"alternateName":"REGMIK","potentialAction":[{"@type":"SearchAction","target":{"@type":"EntryPoint","urlTemplate":"https:\/\/regmik.ua\/uk\/?s={search_term_string}"},"query-input":{"@type":"PropertyValueSpecification","valueRequired":true,"valueName":"search_term_string"}}],"inLanguage":"de"},{"@type":"Organization","@id":"https:\/\/regmik.ua\/uk\/#organization","name":"REGMIK","alternateName":"\u0420\u0415\u0413\u041c\u0418\u041a","url":"https:\/\/regmik.ua\/uk\/","logo":{"@type":"ImageObject","inLanguage":"de","@id":"https:\/\/regmik.ua\/uk\/#\/schema\/logo\/image\/","url":"https:\/\/regmik.ua\/wp-content\/uploads\/2020\/03\/regmik_logo.png","contentUrl":"https:\/\/regmik.ua\/wp-content\/uploads\/2020\/03\/regmik_logo.png","width":194,"height":45,"caption":"REGMIK"},"image":{"@id":"https:\/\/regmik.ua\/uk\/#\/schema\/logo\/image\/"},"sameAs":["https:\/\/www.facebook.com\/regmik.npf","https:\/\/x.com\/regmiknpf","https:\/\/www.youtube.com\/channel\/UC_SrY98SKAmR3Kt95GcVKcw"]}]}},"_links":{"self":[{"href":"https:\/\/regmik.ua\/de\/wp-json\/wp\/v2\/product\/26121","targetHints":{"allow":["GET"]}}],"collection":[{"href":"https:\/\/regmik.ua\/de\/wp-json\/wp\/v2\/product"}],"about":[{"href":"https:\/\/regmik.ua\/de\/wp-json\/wp\/v2\/types\/product"}],"replies":[{"embeddable":true,"href":"https:\/\/regmik.ua\/de\/wp-json\/wp\/v2\/comments?post=26121"}],"version-history":[{"count":0,"href":"https:\/\/regmik.ua\/de\/wp-json\/wp\/v2\/product\/26121\/revisions"}],"wp:featuredmedia":[{"embeddable":true,"href":"https:\/\/regmik.ua\/de\/wp-json\/wp\/v2\/media\/26124"}],"wp:attachment":[{"href":"https:\/\/regmik.ua\/de\/wp-json\/wp\/v2\/media?parent=26121"}],"wp:term":[{"taxonomy":"product_brand","embeddable":true,"href":"https:\/\/regmik.ua\/de\/wp-json\/wp\/v2\/product_brand?post=26121"},{"taxonomy":"product_cat","embeddable":true,"href":"https:\/\/regmik.ua\/de\/wp-json\/wp\/v2\/product_cat?post=26121"},{"taxonomy":"product_tag","embeddable":true,"href":"https:\/\/regmik.ua\/de\/wp-json\/wp\/v2\/product_tag?post=26121"}],"curies":[{"name":"wp","href":"https:\/\/api.w.org\/{rel}","templated":true}]}}