{"id":23962,"date":"2020-11-11T16:33:59","date_gmt":"2020-11-11T13:33:59","guid":{"rendered":"https:\/\/regmik.ua\/?post_type=product&#038;p=23962"},"modified":"2025-01-28T14:10:54","modified_gmt":"2025-01-28T12:10:54","slug":"besprovodnoj-preobrazovatel-interfejsov-lora","status":"publish","type":"product","link":"https:\/\/regmik.ua\/de\/product\/besprovodnoj-preobrazovatel-interfejsov-lora\/","title":{"rendered":"LoRa Wireless Interface Converter"},"content":{"rendered":"<p>Der LoRa Wireless Interface Converter dient zum Abrufen, Speichern und \u00dcbertragen von Daten von Funksensoren <a href=\"https:\/\/regmik.ua\/product-category\/sensors\/humidity-sensors\/\">DVTts<\/a>-1,304-LORA.<\/p>\n<p>Feuchtigkeits- und Temperatursensoren messen sowohl die Luftfeuchtigkeit als auch die Lufttemperatur.<\/p>\n<p>Der Anwendungsbereich von Luftfeuchtigkeitssensoren ist sehr breit und umfasst:<\/p>\n<ul>\n<li>Aufrechterhaltung eines Mikroklimas innerhalb bestimmter Grenzen in einer Produktion, die mit feuchtigkeitsempfindlichen elektronischen Ger\u00e4ten ausgestattet ist;<\/li>\n<li>Kontrolle \u00fcber die Feuchtigkeitsindikatoren in B\u00fcror\u00e4umen im Alltag;<\/li>\n<li>Im Bereich Wohnen und kommunale Dienstleistungen - in Kesselh\u00e4usern und in Wasseraufbereitungsanlagen - verhindern sie die Bildung von Kondensat;<\/li>\n<li>Regelm\u00e4\u00dfige Kontrolle verhindert das Auftreten von Schimmel, Schimmel an den W\u00e4nden des Geb\u00e4udes oder im Lagerhaus.<\/li>\n<li>Kontrolle technologischer Prozesse;<\/li>\n<li>\u00dcberwachung von Umgebungsparametern usw.<\/li>\n<\/ul>\n<p>Die LoRa-Modulationsmethode (Long Range) bietet im Vergleich zu anderen Konkurrenzmethoden eine erheblich gr\u00f6\u00dfere Kommunikationsreichweite.<\/p>\n<p>Auch Best\u00e4ndigkeit gegen \u00e4u\u00dfere St\u00f6rungen und L\u00e4rm, wodurch diese Methode in verschiedenen Branchen eingesetzt werden kann.<\/p>\n<h3><strong>Anwendungsbereich der Schnittstellenkonverter BPI USB \/ <a href=\"https:\/\/ru.wikipedia.org\/wiki\/RS-485\">RS-485<\/a> \/ LORA:<\/strong><\/h3>\n<ul>\n<li>Geografisch verteilte und lokale Steuerungssysteme;<\/li>\n<li>Ferndatenerfassung, \u00dcberwachungskontrolle, Produktionsmanagement;<\/li>\n<li>L\u00f6sen von Automatisierungsaufgaben im Zusammenhang mit der Daten\u00fcbertragung;<\/li>\n<li>Integration von Mehrebenen-Informationssystemen;<\/li>\n<li>Kommunikationsschnittstelle mit Messger\u00e4ten, Terminals.<\/li>\n<\/ul>\n<h3>Hauptmerkmale von Konvertern f\u00fcr drahtlose Schnittstellen:<\/h3>\n<ul>\n<li>Frequenzbereich der Signal\u00fcbertragung 866-870 MHz;<\/li>\n<li>Anzahl der Sensoren -10;<\/li>\n<li>Anzahl der Konvertierungskan\u00e4le - 1;<\/li>\n<li>maximale Daten\u00fcbertragungsreichweite bis zu 3000 m (Sichtlinie mit 5-dBi-Antenne), bis zu 400 m (mit Hindernissen);<\/li>\n<li>Der Schutzgrad des Geh\u00e4uses betr\u00e4gt IP40.<\/li>\n<\/ul>\n<ul>\n<li style=\"list-style-type: none;\"><\/li>\n<\/ul>\n<p>Vorteile von LoRa-Konvertern:<\/p>\n<ul>\n<li>Reichweite und Reichweite;<\/li>\n<li>Energieeffizient;<\/li>\n<li>preiswerte Ausr\u00fcstung.<\/li>\n<\/ul>\n<p>Der LoRa-Konverter f\u00fcr drahtlose Schnittstellen besteht aus einem Aluminiumgeh\u00e4use f\u00fcr die Wand<br \/>\nMontage oder zur Montage auf <a href=\"https:\/\/ru.wikipedia.org\/wiki\/DIN-%D1%80%D0%B5%D0%B9%D0%BA%D0%B0\">Din Schiene<\/a> mit einer Reihe von Halterungen.<\/p>","protected":false},"excerpt":{"rendered":"<p>Drahtlose Schnittstellenkonverter erm\u00f6glichen das Senden \/ Empfangen von Daten zwischen Remote-Ger\u00e4ten in einer Entfernung von bis zu 3000 m (Sichtlinie mit einer 5-dBi-Antenne) und bis zu 400 m (mit Hindernissen). Das Unternehmen produziert ein universelles Modell von BPI USB \/ RS-485 \/ LORA.<\/p>","protected":false},"featured_media":28452,"comment_status":"open","ping_status":"closed","template":"","meta":[],"product_brand":[],"product_cat":[3412,492,66,37],"product_tag":[3377,563,565,562,3135],"class_list":{"0":"post-23962","1":"product","2":"type-product","3":"status-publish","4":"has-post-thumbnail","6":"product_cat-wireless-temperature-sensor","7":"product_cat-humidity-sensors","8":"product_cat-interface-converters","9":"product_cat-devices","10":"product_tag-lora","11":"product_tag-besprovodnoj","12":"product_tag-bpi","13":"product_tag-preobrazovatel","14":"product_tag-preobrazovatel-interfejsov","17":"instock","18":"shipping-taxable","19":"purchasable","20":"product-type-simple"},"yoast_head":"<title>\u0411\u0435\u0441\u043f\u0440\u043e\u0432\u043e\u0434\u043d\u043e\u0439 \u043f\u0440\u0435\u043e\u0431\u0440\u0430\u0437\u043e\u0432\u0430\u0442\u0435\u043b\u044c \u0438\u043d\u0442\u0435\u0440\u0444\u0435\u0439\u0441\u043e\u0432 LoRa &#8211; \u0420\u0415\u0413\u041c\u0406\u041a, \u041d\u0412\u0424, \u041f\u041f<\/title>\n<meta name=\"description\" content=\"\u0411\u0435\u0441\u043f\u0440\u043e\u0432\u043e\u0434\u043d\u043e\u0439 \u043f\u0440\u0435\u043e\u0431\u0440\u0430\u0437\u043e\u0432\u0430\u0442\u0435\u043b\u044c \u0438\u043d\u0442\u0435\u0440\u0444\u0435\u0439\u0441\u043e\u0432 LoRa \u043f\u0440\u0435\u0434\u043d\u0430\u0437\u043d\u0430\u0447\u0435\u043d \u0434\u043b\u044f \u043e\u043f\u0440\u043e\u0441\u0430, \u0441\u043e\u0445\u0440\u0430\u043d\u0435\u043d\u0438\u044f \u0438 \u043f\u0435\u0440\u0435\u0434\u0430\u0447\u0438 \u0434\u0430\u043d\u043d\u044b\u0445 \u0441 \u0440\u0430\u0434\u0438\u043e \u0434\u0430\u0442\u0447\u0438\u043a\u043e\u0432 \u0414\u0412\u0422\u0446-1.304-LORA.\" \/>\n<meta name=\"robots\" content=\"index, follow, max-snippet:-1, max-image-preview:large, max-video-preview:-1\" \/>\n<link rel=\"canonical\" href=\"https:\/\/regmik.ua\/de\/product\/besprovodnoj-preobrazovatel-interfejsov-lora\/\" \/>\n<script type=\"application\/ld+json\" class=\"yoast-schema-graph\">{\"@context\":\"https:\\\/\\\/schema.org\",\"@graph\":[{\"@type\":\"WebPage\",\"@id\":\"https:\\\/\\\/regmik.ua\\\/product\\\/besprovodnoj-preobrazovatel-interfejsov-lora\\\/\",\"url\":\"https:\\\/\\\/regmik.ua\\\/product\\\/besprovodnoj-preobrazovatel-interfejsov-lora\\\/\",\"name\":\"\u0411\u0435\u0441\u043f\u0440\u043e\u0432\u043e\u0434\u043d\u043e\u0439 \u043f\u0440\u0435\u043e\u0431\u0440\u0430\u0437\u043e\u0432\u0430\u0442\u0435\u043b\u044c \u0438\u043d\u0442\u0435\u0440\u0444\u0435\u0439\u0441\u043e\u0432 LoRa &#8211; \u0420\u0415\u0413\u041c\u0406\u041a, \u041d\u0412\u0424, \u041f\u041f\",\"isPartOf\":{\"@id\":\"https:\\\/\\\/regmik.ua\\\/uk\\\/#website\"},\"primaryImageOfPage\":{\"@id\":\"https:\\\/\\\/regmik.ua\\\/product\\\/besprovodnoj-preobrazovatel-interfejsov-lora\\\/#primaryimage\"},\"image\":{\"@id\":\"https:\\\/\\\/regmik.ua\\\/product\\\/besprovodnoj-preobrazovatel-interfejsov-lora\\\/#primaryimage\"},\"thumbnailUrl\":\"https:\\\/\\\/regmik.ua\\\/wp-content\\\/uploads\\\/BPI-USB-RS485-LORA-600x590-1.png\",\"datePublished\":\"2020-11-11T13:33:59+00:00\",\"dateModified\":\"2025-01-28T12:10:54+00:00\",\"description\":\"\u0411\u0435\u0441\u043f\u0440\u043e\u0432\u043e\u0434\u043d\u043e\u0439 \u043f\u0440\u0435\u043e\u0431\u0440\u0430\u0437\u043e\u0432\u0430\u0442\u0435\u043b\u044c \u0438\u043d\u0442\u0435\u0440\u0444\u0435\u0439\u0441\u043e\u0432 LoRa \u043f\u0440\u0435\u0434\u043d\u0430\u0437\u043d\u0430\u0447\u0435\u043d \u0434\u043b\u044f \u043e\u043f\u0440\u043e\u0441\u0430, \u0441\u043e\u0445\u0440\u0430\u043d\u0435\u043d\u0438\u044f \u0438 \u043f\u0435\u0440\u0435\u0434\u0430\u0447\u0438 \u0434\u0430\u043d\u043d\u044b\u0445 \u0441 \u0440\u0430\u0434\u0438\u043e \u0434\u0430\u0442\u0447\u0438\u043a\u043e\u0432 \u0414\u0412\u0422\u0446-1.304-LORA.\",\"breadcrumb\":{\"@id\":\"https:\\\/\\\/regmik.ua\\\/product\\\/besprovodnoj-preobrazovatel-interfejsov-lora\\\/#breadcrumb\"},\"inLanguage\":\"de\",\"potentialAction\":[{\"@type\":\"ReadAction\",\"target\":[\"https:\\\/\\\/regmik.ua\\\/product\\\/besprovodnoj-preobrazovatel-interfejsov-lora\\\/\"]}]},{\"@type\":\"ImageObject\",\"inLanguage\":\"de\",\"@id\":\"https:\\\/\\\/regmik.ua\\\/product\\\/besprovodnoj-preobrazovatel-interfejsov-lora\\\/#primaryimage\",\"url\":\"https:\\\/\\\/regmik.ua\\\/wp-content\\\/uploads\\\/BPI-USB-RS485-LORA-600x590-1.png\",\"contentUrl\":\"https:\\\/\\\/regmik.ua\\\/wp-content\\\/uploads\\\/BPI-USB-RS485-LORA-600x590-1.png\",\"width\":600,\"height\":590},{\"@type\":\"BreadcrumbList\",\"@id\":\"https:\\\/\\\/regmik.ua\\\/product\\\/besprovodnoj-preobrazovatel-interfejsov-lora\\\/#breadcrumb\",\"itemListElement\":[{\"@type\":\"ListItem\",\"position\":1,\"name\":\"\u0413\u043b\u0430\u0432\u043d\u0430\u044f \u0441\u0442\u0440\u0430\u043d\u0438\u0446\u0430\",\"item\":\"https:\\\/\\\/regmik.ua\\\/\"},{\"@type\":\"ListItem\",\"position\":2,\"name\":\"\u041f\u0440\u043e\u0434\u0443\u043a\u0446\u0438\u044f\",\"item\":\"https:\\\/\\\/regmik.ua\\\/uk\\\/products\\\/\"},{\"@type\":\"ListItem\",\"position\":3,\"name\":\"\u0411\u0435\u0441\u043f\u0440\u043e\u0432\u043e\u0434\u043d\u043e\u0439 \u043f\u0440\u0435\u043e\u0431\u0440\u0430\u0437\u043e\u0432\u0430\u0442\u0435\u043b\u044c \u0438\u043d\u0442\u0435\u0440\u0444\u0435\u0439\u0441\u043e\u0432 LoRa\"}]},{\"@type\":\"WebSite\",\"@id\":\"https:\\\/\\\/regmik.ua\\\/uk\\\/#website\",\"url\":\"https:\\\/\\\/regmik.ua\\\/uk\\\/\",\"name\":\"REGMIK\",\"description\":\"\u0418\u0437\u043c\u0435\u0440\u0438\u0442\u0435\u043b\u044c\u043d\u044b\u0435 \u043f\u0440\u0438\u0431\u043e\u0440\u044b \u0438 \u0434\u0430\u0442\u0447\u0438\u043a\u0438 \u0442\u0435\u043c\u043f\u0435\u0440\u0430\u0442\u0443\u0440\u044b\",\"publisher\":{\"@id\":\"https:\\\/\\\/regmik.ua\\\/uk\\\/#organization\"},\"alternateName\":\"REGMIK\",\"potentialAction\":[{\"@type\":\"SearchAction\",\"target\":{\"@type\":\"EntryPoint\",\"urlTemplate\":\"https:\\\/\\\/regmik.ua\\\/uk\\\/?s={search_term_string}\"},\"query-input\":{\"@type\":\"PropertyValueSpecification\",\"valueRequired\":true,\"valueName\":\"search_term_string\"}}],\"inLanguage\":\"de\"},{\"@type\":\"Organization\",\"@id\":\"https:\\\/\\\/regmik.ua\\\/uk\\\/#organization\",\"name\":\"REGMIK\",\"alternateName\":\"\u0420\u0415\u0413\u041c\u0418\u041a\",\"url\":\"https:\\\/\\\/regmik.ua\\\/uk\\\/\",\"logo\":{\"@type\":\"ImageObject\",\"inLanguage\":\"de\",\"@id\":\"https:\\\/\\\/regmik.ua\\\/uk\\\/#\\\/schema\\\/logo\\\/image\\\/\",\"url\":\"https:\\\/\\\/regmik.ua\\\/wp-content\\\/uploads\\\/2020\\\/03\\\/regmik_logo.png\",\"contentUrl\":\"https:\\\/\\\/regmik.ua\\\/wp-content\\\/uploads\\\/2020\\\/03\\\/regmik_logo.png\",\"width\":194,\"height\":45,\"caption\":\"REGMIK\"},\"image\":{\"@id\":\"https:\\\/\\\/regmik.ua\\\/uk\\\/#\\\/schema\\\/logo\\\/image\\\/\"},\"sameAs\":[\"https:\\\/\\\/www.facebook.com\\\/regmik.npf\",\"https:\\\/\\\/x.com\\\/regmiknpf\",\"https:\\\/\\\/www.youtube.com\\\/channel\\\/UC_SrY98SKAmR3Kt95GcVKcw\"]}]}<\/script>","yoast_head_json":{"title":"\u0411\u0435\u0441\u043f\u0440\u043e\u0432\u043e\u0434\u043d\u043e\u0439 \u043f\u0440\u0435\u043e\u0431\u0440\u0430\u0437\u043e\u0432\u0430\u0442\u0435\u043b\u044c \u0438\u043d\u0442\u0435\u0440\u0444\u0435\u0439\u0441\u043e\u0432 LoRa &#8211; \u0420\u0415\u0413\u041c\u0406\u041a, \u041d\u0412\u0424, \u041f\u041f","description":"Der LoRa Wireless Interface Converter wurde zum Abrufen, Speichern und \u00dcbertragen von Daten von DVTts-1.304-LORA-Funksensoren entwickelt.","robots":{"index":"index","follow":"follow","max-snippet":"max-snippet:-1","max-image-preview":"max-image-preview:large","max-video-preview":"max-video-preview:-1"},"canonical":"https:\/\/regmik.ua\/de\/product\/besprovodnoj-preobrazovatel-interfejsov-lora\/","schema":{"@context":"https:\/\/schema.org","@graph":[{"@type":"WebPage","@id":"https:\/\/regmik.ua\/product\/besprovodnoj-preobrazovatel-interfejsov-lora\/","url":"https:\/\/regmik.ua\/product\/besprovodnoj-preobrazovatel-interfejsov-lora\/","name":"\u0411\u0435\u0441\u043f\u0440\u043e\u0432\u043e\u0434\u043d\u043e\u0439 \u043f\u0440\u0435\u043e\u0431\u0440\u0430\u0437\u043e\u0432\u0430\u0442\u0435\u043b\u044c \u0438\u043d\u0442\u0435\u0440\u0444\u0435\u0439\u0441\u043e\u0432 LoRa &#8211; \u0420\u0415\u0413\u041c\u0406\u041a, \u041d\u0412\u0424, \u041f\u041f","isPartOf":{"@id":"https:\/\/regmik.ua\/uk\/#website"},"primaryImageOfPage":{"@id":"https:\/\/regmik.ua\/product\/besprovodnoj-preobrazovatel-interfejsov-lora\/#primaryimage"},"image":{"@id":"https:\/\/regmik.ua\/product\/besprovodnoj-preobrazovatel-interfejsov-lora\/#primaryimage"},"thumbnailUrl":"https:\/\/regmik.ua\/wp-content\/uploads\/BPI-USB-RS485-LORA-600x590-1.png","datePublished":"2020-11-11T13:33:59+00:00","dateModified":"2025-01-28T12:10:54+00:00","description":"Der LoRa Wireless Interface Converter wurde zum Abrufen, Speichern und \u00dcbertragen von Daten von DVTts-1.304-LORA-Funksensoren entwickelt.","breadcrumb":{"@id":"https:\/\/regmik.ua\/product\/besprovodnoj-preobrazovatel-interfejsov-lora\/#breadcrumb"},"inLanguage":"de","potentialAction":[{"@type":"ReadAction","target":["https:\/\/regmik.ua\/product\/besprovodnoj-preobrazovatel-interfejsov-lora\/"]}]},{"@type":"ImageObject","inLanguage":"de","@id":"https:\/\/regmik.ua\/product\/besprovodnoj-preobrazovatel-interfejsov-lora\/#primaryimage","url":"https:\/\/regmik.ua\/wp-content\/uploads\/BPI-USB-RS485-LORA-600x590-1.png","contentUrl":"https:\/\/regmik.ua\/wp-content\/uploads\/BPI-USB-RS485-LORA-600x590-1.png","width":600,"height":590},{"@type":"BreadcrumbList","@id":"https:\/\/regmik.ua\/product\/besprovodnoj-preobrazovatel-interfejsov-lora\/#breadcrumb","itemListElement":[{"@type":"ListItem","position":1,"name":"\u0413\u043b\u0430\u0432\u043d\u0430\u044f \u0441\u0442\u0440\u0430\u043d\u0438\u0446\u0430","item":"https:\/\/regmik.ua\/"},{"@type":"ListItem","position":2,"name":"\u041f\u0440\u043e\u0434\u0443\u043a\u0446\u0438\u044f","item":"https:\/\/regmik.ua\/uk\/products\/"},{"@type":"ListItem","position":3,"name":"\u0411\u0435\u0441\u043f\u0440\u043e\u0432\u043e\u0434\u043d\u043e\u0439 \u043f\u0440\u0435\u043e\u0431\u0440\u0430\u0437\u043e\u0432\u0430\u0442\u0435\u043b\u044c \u0438\u043d\u0442\u0435\u0440\u0444\u0435\u0439\u0441\u043e\u0432 LoRa"}]},{"@type":"WebSite","@id":"https:\/\/regmik.ua\/uk\/#website","url":"https:\/\/regmik.ua\/uk\/","name":"REGMIK","description":"Messger\u00e4te und Temperatursensoren","publisher":{"@id":"https:\/\/regmik.ua\/uk\/#organization"},"alternateName":"REGMIK","potentialAction":[{"@type":"SearchAction","target":{"@type":"EntryPoint","urlTemplate":"https:\/\/regmik.ua\/uk\/?s={search_term_string}"},"query-input":{"@type":"PropertyValueSpecification","valueRequired":true,"valueName":"search_term_string"}}],"inLanguage":"de"},{"@type":"Organization","@id":"https:\/\/regmik.ua\/uk\/#organization","name":"REGMIK","alternateName":"\u0420\u0415\u0413\u041c\u0418\u041a","url":"https:\/\/regmik.ua\/uk\/","logo":{"@type":"ImageObject","inLanguage":"de","@id":"https:\/\/regmik.ua\/uk\/#\/schema\/logo\/image\/","url":"https:\/\/regmik.ua\/wp-content\/uploads\/2020\/03\/regmik_logo.png","contentUrl":"https:\/\/regmik.ua\/wp-content\/uploads\/2020\/03\/regmik_logo.png","width":194,"height":45,"caption":"REGMIK"},"image":{"@id":"https:\/\/regmik.ua\/uk\/#\/schema\/logo\/image\/"},"sameAs":["https:\/\/www.facebook.com\/regmik.npf","https:\/\/x.com\/regmiknpf","https:\/\/www.youtube.com\/channel\/UC_SrY98SKAmR3Kt95GcVKcw"]}]}},"_links":{"self":[{"href":"https:\/\/regmik.ua\/de\/wp-json\/wp\/v2\/product\/23962","targetHints":{"allow":["GET"]}}],"collection":[{"href":"https:\/\/regmik.ua\/de\/wp-json\/wp\/v2\/product"}],"about":[{"href":"https:\/\/regmik.ua\/de\/wp-json\/wp\/v2\/types\/product"}],"replies":[{"embeddable":true,"href":"https:\/\/regmik.ua\/de\/wp-json\/wp\/v2\/comments?post=23962"}],"version-history":[{"count":0,"href":"https:\/\/regmik.ua\/de\/wp-json\/wp\/v2\/product\/23962\/revisions"}],"wp:featuredmedia":[{"embeddable":true,"href":"https:\/\/regmik.ua\/de\/wp-json\/wp\/v2\/media\/28452"}],"wp:attachment":[{"href":"https:\/\/regmik.ua\/de\/wp-json\/wp\/v2\/media?parent=23962"}],"wp:term":[{"taxonomy":"product_brand","embeddable":true,"href":"https:\/\/regmik.ua\/de\/wp-json\/wp\/v2\/product_brand?post=23962"},{"taxonomy":"product_cat","embeddable":true,"href":"https:\/\/regmik.ua\/de\/wp-json\/wp\/v2\/product_cat?post=23962"},{"taxonomy":"product_tag","embeddable":true,"href":"https:\/\/regmik.ua\/de\/wp-json\/wp\/v2\/product_tag?post=23962"}],"curies":[{"name":"wp","href":"https:\/\/api.w.org\/{rel}","templated":true}]}}