{"id":20726,"date":"2020-06-02T10:27:06","date_gmt":"2020-06-02T08:27:06","guid":{"rendered":"https:\/\/regmik.com.ua\/?post_type=product&#038;p=20726"},"modified":"2023-11-23T15:54:51","modified_gmt":"2023-11-23T13:54:51","slug":"konduktometricheskij-datchik-urovnya-modifikatsiya-du-004","status":"publish","type":"product","link":"https:\/\/regmik.ua\/de\/product\/konduktometricheskij-datchik-urovnya-modifikatsiya-du-004\/","title":{"rendered":"Konduktometrischer F\u00fcllstandsensor DU-004"},"content":{"rendered":"<div data-elementor-type=\"wp-post\" data-elementor-id=\"20726\" class=\"elementor elementor-20726\">\n\t\t\t\t\t\t<section class=\"elementor-section elementor-top-section elementor-element elementor-element-3fceef5f elementor-section-boxed elementor-section-height-default elementor-section-height-default\" data-id=\"3fceef5f\" data-element_type=\"section\" data-e-type=\"section\">\n\t\t\t\t\t\t<div class=\"elementor-container elementor-column-gap-default\">\n\t\t\t\t\t<div class=\"elementor-column elementor-col-100 elementor-top-column elementor-element elementor-element-4e9bfa00\" data-id=\"4e9bfa00\" data-element_type=\"column\" data-e-type=\"column\">\n\t\t\t<div class=\"elementor-widget-wrap elementor-element-populated\">\n\t\t\t\t\t\t<div class=\"elementor-element elementor-element-1dbe5725 elementor-widget elementor-widget-text-editor\" data-id=\"1dbe5725\" data-element_type=\"widget\" data-e-type=\"widget\" data-widget_type=\"text-editor.default\">\n\t\t\t\t\t\t\t\t\t<p style=\"caret-color: #000000; color: #000000;\"><strong>Konduktometrische F\u00fcllstandsensoren DU-004\u00a0<\/strong> bestimmt zum Signalisieren des F\u00fcllstands von elektrisch leitf\u00e4higen Fl\u00fcssigkeiten (Wasser, Milch, Lebensmittel - schwach sauer, alkalisch usw.).<\/p><p style=\"caret-color: #000000; color: #000000;\">Der konduktometrische F\u00fcllstandssensor DU-004 besteht in seiner einfachsten Form aus Edelstahlelektroden, von denen eine als gemeinsame im Regelkreis dient, und wird so in den Beh\u00e4lter eingebaut, dass sein Arbeitsteil st\u00e4ndig mit der Fl\u00fcssigkeit in Kontakt steht , insbesondere kann ein leitf\u00e4higer K\u00f6rper ein \u00fcblicher Elektrodenbeh\u00e4lter mit Fl\u00fcssigkeit werden. Andere Elektroden geben Signale und befinden sich auf bestimmten Niveaus, die \u00fcberwacht werden m\u00fcssen.<\/p><p style=\"caret-color: #000000; color: #000000;\">Einzelelektroden-F\u00fcllstandsensoren sind f\u00fcr den Einsatz in geschlossenen oder offenen Metallbeh\u00e4ltern geeignet.<\/p><p style=\"caret-color: #000000; color: #000000;\">Der konduktometrische F\u00fcllstandssensor DU-004 wird mit einem metrischen Gewinde nach GOST 24705, einem zylindrischen Rohrgewinde nach GOST 6357 und einem konischen Zollgewinde nach GOST 6111 hergestellt. Auf Wunsch des Kunden kann das Befestigungsgewinde auch nach anderen Normen hergestellt werden.<\/p><p style=\"caret-color: #000000; color: #000000;\">F\u00fcr die Montage vor Ort verf\u00fcgen die F\u00fcllstandssensoren \u00fcber Standardgewinde M20x1,5, M16x1,5 oder G1\/2.<br \/>Die horizontale und vertikale Installation eines konduktometrischen F\u00fcllstandsensors mit einem DU-004-Stecker ist m\u00f6glich.<br \/>Um den Arbeitsteil der F\u00fcllstandsensorelektroden durch den Benutzer zu verl\u00e4ngern, ist am Ende der Elektrode ein Gewinde vorgesehen.<\/p><p style=\"caret-color: #000000; color: #000000;\">Konduktometrische F\u00fcllstandssensoren werden aus Stahl 12\u042518\u041d10\u0422 gem\u00e4\u00df GOST 5632 hergestellt. Auf Kundenwunsch k\u00f6nnen thermometrische H\u00fclsen auch aus anderen St\u00e4hlen hergestellt werden.<\/p><p style=\"caret-color: #000000; color: #000000;\"><strong>AISI 321 (12\u042518\u041d10\u0422, 08\u042518\u041d10\u0422)\u00a0<\/strong>Hitzebest\u00e4ndiger, korrosions- und hitzebest\u00e4ndiger Stahl der austenitischen Klasse. Besitzt hohe Festigkeit und Haltbarkeit. Es wird bei Temperaturen bis zu 600 \u00b0 C und in sehr aggressiven Umgebungen bis zu 350 \u00b0 C verwendet.<br \/><strong>AISI 304 (08\u042518\u041d10)\u00a0<\/strong>Hitzebest\u00e4ndiger, korrosionsbest\u00e4ndiger austenitischer Stahl. Es wird bei Temperaturen bis zu 400 \u00b0 C in Medien mittlerer Aktivit\u00e4t eingesetzt.<br \/><strong>AISI 316L (03\u042517\u041d14\u041c3)\u00a0<\/strong>Korrosionsbest\u00e4ndiger austenitischer Stahl. Es wird bei Temperaturen bis zu 450 \u00b0 C in den meisten aggressiven Umgebungen verwendet.<br \/><strong>AISI 316Ti (10\u042517\u041d13\u041c2\u0422)\u00a0<\/strong>Korrosionsbest\u00e4ndiger austenitischer Stahl. Es wird bei Temperaturen bis zu 600 \u00b0 C in sehr aggressiven Umgebungen eingesetzt.<br \/><strong>AISI 430 (12X17)\u00a0<\/strong>Hitzebest\u00e4ndiger, korrosionsbest\u00e4ndiger ferritischer Stahl. Es wird bei Temperaturen bis zu 400 \u00b0 C in leicht aggressiven Umgebungen eingesetzt.<br \/><strong>12X1MF\u00a0<\/strong>Hitzebest\u00e4ndig, best\u00e4ndig gegen l\u00e4ngere Einwirkung hoher Temperaturen, Perlitstahl. Es wird bei Temperaturen bis zu 600 \u00b0 C eingesetzt.<\/p><p style=\"caret-color: #000000; color: #000000;\">Konduktometrische F\u00fcllstandsensoren Du-004 werden mit einer Temperatur des geregelten Mediums von bis zu 200 \u00b0 C und einem Arbeitsdruck des Mediums von bis zu 1,4 MPa hergestellt.<br \/>Die spezifische elektrische Leitf\u00e4higkeit des Mediums muss mindestens 0,015 S \/ m betragen.<\/p><table style=\"text-align: start; caret-color: #000000; color: #000000; height: 154px;\" width=\"527\"><tbody><tr><th>Beschreibung der Eigenschaften<\/th><th>Wert Wert<\/th><\/tr><tr><td>Arbeitstemperatur, \u00b0 \u0421<\/td><td>0 ... 200<\/td><\/tr><tr><td>Arbeitsdruck, MPa<\/td><td>1,4<\/td><\/tr><tr><td>Elektrodendurchmesser mm<\/td><td>6<\/td><\/tr><tr><td>Verbindungsmaterial<\/td><td>Edelstahl 12\u042518\u041d10\u0422<\/td><\/tr><\/tbody><\/table><p style=\"caret-color: #000000; color: #000000;\">\u00a0<\/p>\t\t\t\t\t\t\t\t<\/div>\n\t\t\t\t\t<\/div>\n\t\t<\/div>\n\t\t\t\t\t<\/div>\n\t\t<\/section>\n\t\t\t\t<\/div>","protected":false},"excerpt":{"rendered":"<p>DU-konduktometrische F\u00fcllstandsensoren arbeiten mit RU-F\u00fcllstandsreglern zusammen.<br \/>\nUm den Arbeitsteil der F\u00fcllstandsensorelektroden durch den Benutzer zu verl\u00e4ngern, ist am Ende der Elektrode ein Gewinde vorgesehen.<br \/>\nDie Kosten f\u00fcr F\u00fcllstandsensoren mit einer Elektrodenl\u00e4nge &gt; 100 mm betragen die Grundkosten des Sensors + 30 UAH. f\u00fcr alle 100 mm.<\/p>","protected":false},"featured_media":20734,"comment_status":"open","ping_status":"closed","template":"elementor_theme","meta":[],"product_brand":[],"product_cat":[551],"product_tag":[3207,89,552,344],"class_list":{"0":"post-20726","1":"product","2":"type-product","3":"status-publish","4":"has-post-thumbnail","6":"product_cat-level-sensors","7":"product_tag-3207","8":"product_tag-datchik","9":"product_tag-datchik-urovnya","10":"product_tag-konduktometricheskij-datchik","13":"instock","14":"shipping-taxable","15":"purchasable","16":"product-type-simple"},"yoast_head":"<title>\u041a\u043e\u043d\u0434\u0443\u043a\u0442\u043e\u043c\u0435\u0442\u0440\u0438\u0447\u0435\u0441\u043a\u0438\u0439 \u0434\u0430\u0442\u0447\u0438\u043a \u0443\u0440\u043e\u0432\u043d\u044f \u0414\u0423-004 &#8211; \u0420\u0415\u0413\u041c\u0406\u041a, \u041d\u0412\u0424, \u041f\u041f<\/title>\n<meta name=\"description\" content=\"\u0414\u0430\u0442\u0447\u0438\u043a\u0438 \u0443\u0440\u043e\u0432\u043d\u044f \u043a\u043e\u043d\u0434\u0443\u043a\u0442\u043e\u043c\u0435\u0442\u0440\u0438\u0447\u0435\u0441\u043a\u0438\u0435 \u0414\u0423-004\u00a0 \u043f\u0440\u0435\u0434\u043d\u0430\u0437\u043d\u0430\u0447\u0435\u043d\u044b \u0434\u043b\u044f \u0441\u0438\u0433\u043d\u0430\u043b\u0438\u0437\u0430\u0446\u0438\u0438 \u0443\u0440\u043e\u0432\u043d\u0435\u0439 \u044d\u043b\u0435\u043a\u0442\u0440\u043e\u043f\u0440\u043e\u0432\u043e\u0434\u043d\u044b\u0445 \u0436\u0438\u0434\u043a\u043e\u0441\u0442\u0435\u0439 (\u0432\u043e\u0434\u0430, \u043c\u043e\u043b\u043e\u043a\u043e, \u043f\u0438\u0449\u0435\u0432\u044b\u0435 \u043f\u0440\u043e\u0434\u0443\u043a\u0442\u044b).\" \/>\n<meta name=\"robots\" content=\"index, follow, max-snippet:-1, max-image-preview:large, max-video-preview:-1\" \/>\n<link rel=\"canonical\" href=\"https:\/\/regmik.ua\/de\/product\/konduktometricheskij-datchik-urovnya-modifikatsiya-du-004\/\" \/>\n<script type=\"application\/ld+json\" class=\"yoast-schema-graph\">{\"@context\":\"https:\\\/\\\/schema.org\",\"@graph\":[{\"@type\":\"WebPage\",\"@id\":\"https:\\\/\\\/regmik.ua\\\/product\\\/konduktometricheskij-datchik-urovnya-modifikatsiya-du-004\\\/\",\"url\":\"https:\\\/\\\/regmik.ua\\\/product\\\/konduktometricheskij-datchik-urovnya-modifikatsiya-du-004\\\/\",\"name\":\"\u041a\u043e\u043d\u0434\u0443\u043a\u0442\u043e\u043c\u0435\u0442\u0440\u0438\u0447\u0435\u0441\u043a\u0438\u0439 \u0434\u0430\u0442\u0447\u0438\u043a \u0443\u0440\u043e\u0432\u043d\u044f \u0414\u0423-004 &#8211; \u0420\u0415\u0413\u041c\u0406\u041a, \u041d\u0412\u0424, \u041f\u041f\",\"isPartOf\":{\"@id\":\"https:\\\/\\\/regmik.ua\\\/uk\\\/#website\"},\"primaryImageOfPage\":{\"@id\":\"https:\\\/\\\/regmik.ua\\\/product\\\/konduktometricheskij-datchik-urovnya-modifikatsiya-du-004\\\/#primaryimage\"},\"image\":{\"@id\":\"https:\\\/\\\/regmik.ua\\\/product\\\/konduktometricheskij-datchik-urovnya-modifikatsiya-du-004\\\/#primaryimage\"},\"thumbnailUrl\":\"https:\\\/\\\/regmik.ua\\\/wp-content\\\/uploads\\\/2020\\\/06\\\/DU-004-.png\",\"datePublished\":\"2020-06-02T08:27:06+00:00\",\"dateModified\":\"2023-11-23T13:54:51+00:00\",\"description\":\"\u0414\u0430\u0442\u0447\u0438\u043a\u0438 \u0443\u0440\u043e\u0432\u043d\u044f \u043a\u043e\u043d\u0434\u0443\u043a\u0442\u043e\u043c\u0435\u0442\u0440\u0438\u0447\u0435\u0441\u043a\u0438\u0435 \u0414\u0423-004\u00a0 \u043f\u0440\u0435\u0434\u043d\u0430\u0437\u043d\u0430\u0447\u0435\u043d\u044b \u0434\u043b\u044f \u0441\u0438\u0433\u043d\u0430\u043b\u0438\u0437\u0430\u0446\u0438\u0438 \u0443\u0440\u043e\u0432\u043d\u0435\u0439 \u044d\u043b\u0435\u043a\u0442\u0440\u043e\u043f\u0440\u043e\u0432\u043e\u0434\u043d\u044b\u0445 \u0436\u0438\u0434\u043a\u043e\u0441\u0442\u0435\u0439 (\u0432\u043e\u0434\u0430, \u043c\u043e\u043b\u043e\u043a\u043e, \u043f\u0438\u0449\u0435\u0432\u044b\u0435 \u043f\u0440\u043e\u0434\u0443\u043a\u0442\u044b).\",\"breadcrumb\":{\"@id\":\"https:\\\/\\\/regmik.ua\\\/product\\\/konduktometricheskij-datchik-urovnya-modifikatsiya-du-004\\\/#breadcrumb\"},\"inLanguage\":\"de\",\"potentialAction\":[{\"@type\":\"ReadAction\",\"target\":[\"https:\\\/\\\/regmik.ua\\\/product\\\/konduktometricheskij-datchik-urovnya-modifikatsiya-du-004\\\/\"]}]},{\"@type\":\"ImageObject\",\"inLanguage\":\"de\",\"@id\":\"https:\\\/\\\/regmik.ua\\\/product\\\/konduktometricheskij-datchik-urovnya-modifikatsiya-du-004\\\/#primaryimage\",\"url\":\"https:\\\/\\\/regmik.ua\\\/wp-content\\\/uploads\\\/2020\\\/06\\\/DU-004-.png\",\"contentUrl\":\"https:\\\/\\\/regmik.ua\\\/wp-content\\\/uploads\\\/2020\\\/06\\\/DU-004-.png\",\"width\":800,\"height\":1024,\"caption\":\"\u041a\u043e\u043d\u0434\u0443\u043a\u0442\u043e\u043c\u0435\u0442\u0440\u0438\u0447\u0435\u0441\u043a\u0438\u0439 \u0434\u0430\u0442\u0447\u0438\u043a \u0443\u0440\u043e\u0432\u043d\u044f \u0414\u0423-004\"},{\"@type\":\"BreadcrumbList\",\"@id\":\"https:\\\/\\\/regmik.ua\\\/product\\\/konduktometricheskij-datchik-urovnya-modifikatsiya-du-004\\\/#breadcrumb\",\"itemListElement\":[{\"@type\":\"ListItem\",\"position\":1,\"name\":\"\u0413\u043b\u0430\u0432\u043d\u0430\u044f \u0441\u0442\u0440\u0430\u043d\u0438\u0446\u0430\",\"item\":\"https:\\\/\\\/regmik.ua\\\/\"},{\"@type\":\"ListItem\",\"position\":2,\"name\":\"\u041f\u0440\u043e\u0434\u0443\u043a\u0446\u0438\u044f\",\"item\":\"https:\\\/\\\/regmik.ua\\\/uk\\\/products\\\/\"},{\"@type\":\"ListItem\",\"position\":3,\"name\":\"\u041a\u043e\u043d\u0434\u0443\u043a\u0442\u043e\u043c\u0435\u0442\u0440\u0438\u0447\u0435\u0441\u043a\u0438\u0439 \u0434\u0430\u0442\u0447\u0438\u043a \u0443\u0440\u043e\u0432\u043d\u044f \u0414\u0423-004\"}]},{\"@type\":\"WebSite\",\"@id\":\"https:\\\/\\\/regmik.ua\\\/uk\\\/#website\",\"url\":\"https:\\\/\\\/regmik.ua\\\/uk\\\/\",\"name\":\"REGMIK\",\"description\":\"\u0418\u0437\u043c\u0435\u0440\u0438\u0442\u0435\u043b\u044c\u043d\u044b\u0435 \u043f\u0440\u0438\u0431\u043e\u0440\u044b \u0438 \u0434\u0430\u0442\u0447\u0438\u043a\u0438 \u0442\u0435\u043c\u043f\u0435\u0440\u0430\u0442\u0443\u0440\u044b\",\"publisher\":{\"@id\":\"https:\\\/\\\/regmik.ua\\\/uk\\\/#organization\"},\"alternateName\":\"REGMIK\",\"potentialAction\":[{\"@type\":\"SearchAction\",\"target\":{\"@type\":\"EntryPoint\",\"urlTemplate\":\"https:\\\/\\\/regmik.ua\\\/uk\\\/?s={search_term_string}\"},\"query-input\":{\"@type\":\"PropertyValueSpecification\",\"valueRequired\":true,\"valueName\":\"search_term_string\"}}],\"inLanguage\":\"de\"},{\"@type\":\"Organization\",\"@id\":\"https:\\\/\\\/regmik.ua\\\/uk\\\/#organization\",\"name\":\"REGMIK\",\"alternateName\":\"\u0420\u0415\u0413\u041c\u0418\u041a\",\"url\":\"https:\\\/\\\/regmik.ua\\\/uk\\\/\",\"logo\":{\"@type\":\"ImageObject\",\"inLanguage\":\"de\",\"@id\":\"https:\\\/\\\/regmik.ua\\\/uk\\\/#\\\/schema\\\/logo\\\/image\\\/\",\"url\":\"https:\\\/\\\/regmik.ua\\\/wp-content\\\/uploads\\\/2020\\\/03\\\/regmik_logo.png\",\"contentUrl\":\"https:\\\/\\\/regmik.ua\\\/wp-content\\\/uploads\\\/2020\\\/03\\\/regmik_logo.png\",\"width\":194,\"height\":45,\"caption\":\"REGMIK\"},\"image\":{\"@id\":\"https:\\\/\\\/regmik.ua\\\/uk\\\/#\\\/schema\\\/logo\\\/image\\\/\"},\"sameAs\":[\"https:\\\/\\\/www.facebook.com\\\/regmik.npf\",\"https:\\\/\\\/x.com\\\/regmiknpf\",\"https:\\\/\\\/www.youtube.com\\\/channel\\\/UC_SrY98SKAmR3Kt95GcVKcw\"]}]}<\/script>","yoast_head_json":{"title":"Konduktometrischer F\u00fcllstandssensor DU-004 - REGMlK, NVF, PP","description":"Die Leitf\u00e4higkeitssensoren DU-004 dienen zur Signalisierung der F\u00fcllst\u00e4nde elektrisch leitender Fl\u00fcssigkeiten (Wasser, Milch, Lebensmittel).","robots":{"index":"index","follow":"follow","max-snippet":"max-snippet:-1","max-image-preview":"max-image-preview:large","max-video-preview":"max-video-preview:-1"},"canonical":"https:\/\/regmik.ua\/de\/product\/konduktometricheskij-datchik-urovnya-modifikatsiya-du-004\/","schema":{"@context":"https:\/\/schema.org","@graph":[{"@type":"WebPage","@id":"https:\/\/regmik.ua\/product\/konduktometricheskij-datchik-urovnya-modifikatsiya-du-004\/","url":"https:\/\/regmik.ua\/product\/konduktometricheskij-datchik-urovnya-modifikatsiya-du-004\/","name":"Konduktometrischer F\u00fcllstandssensor DU-004 - REGMlK, NVF, PP","isPartOf":{"@id":"https:\/\/regmik.ua\/uk\/#website"},"primaryImageOfPage":{"@id":"https:\/\/regmik.ua\/product\/konduktometricheskij-datchik-urovnya-modifikatsiya-du-004\/#primaryimage"},"image":{"@id":"https:\/\/regmik.ua\/product\/konduktometricheskij-datchik-urovnya-modifikatsiya-du-004\/#primaryimage"},"thumbnailUrl":"https:\/\/regmik.ua\/wp-content\/uploads\/2020\/06\/DU-004-.png","datePublished":"2020-06-02T08:27:06+00:00","dateModified":"2023-11-23T13:54:51+00:00","description":"Die Leitf\u00e4higkeitssensoren DU-004 dienen zur Signalisierung der F\u00fcllst\u00e4nde elektrisch leitender Fl\u00fcssigkeiten (Wasser, Milch, Lebensmittel).","breadcrumb":{"@id":"https:\/\/regmik.ua\/product\/konduktometricheskij-datchik-urovnya-modifikatsiya-du-004\/#breadcrumb"},"inLanguage":"de","potentialAction":[{"@type":"ReadAction","target":["https:\/\/regmik.ua\/product\/konduktometricheskij-datchik-urovnya-modifikatsiya-du-004\/"]}]},{"@type":"ImageObject","inLanguage":"de","@id":"https:\/\/regmik.ua\/product\/konduktometricheskij-datchik-urovnya-modifikatsiya-du-004\/#primaryimage","url":"https:\/\/regmik.ua\/wp-content\/uploads\/2020\/06\/DU-004-.png","contentUrl":"https:\/\/regmik.ua\/wp-content\/uploads\/2020\/06\/DU-004-.png","width":800,"height":1024,"caption":"\u041a\u043e\u043d\u0434\u0443\u043a\u0442\u043e\u043c\u0435\u0442\u0440\u0438\u0447\u0435\u0441\u043a\u0438\u0439 \u0434\u0430\u0442\u0447\u0438\u043a \u0443\u0440\u043e\u0432\u043d\u044f \u0414\u0423-004"},{"@type":"BreadcrumbList","@id":"https:\/\/regmik.ua\/product\/konduktometricheskij-datchik-urovnya-modifikatsiya-du-004\/#breadcrumb","itemListElement":[{"@type":"ListItem","position":1,"name":"\u0413\u043b\u0430\u0432\u043d\u0430\u044f \u0441\u0442\u0440\u0430\u043d\u0438\u0446\u0430","item":"https:\/\/regmik.ua\/"},{"@type":"ListItem","position":2,"name":"\u041f\u0440\u043e\u0434\u0443\u043a\u0446\u0438\u044f","item":"https:\/\/regmik.ua\/uk\/products\/"},{"@type":"ListItem","position":3,"name":"\u041a\u043e\u043d\u0434\u0443\u043a\u0442\u043e\u043c\u0435\u0442\u0440\u0438\u0447\u0435\u0441\u043a\u0438\u0439 \u0434\u0430\u0442\u0447\u0438\u043a \u0443\u0440\u043e\u0432\u043d\u044f \u0414\u0423-004"}]},{"@type":"WebSite","@id":"https:\/\/regmik.ua\/uk\/#website","url":"https:\/\/regmik.ua\/uk\/","name":"REGMIK","description":"Messger\u00e4te und Temperatursensoren","publisher":{"@id":"https:\/\/regmik.ua\/uk\/#organization"},"alternateName":"REGMIK","potentialAction":[{"@type":"SearchAction","target":{"@type":"EntryPoint","urlTemplate":"https:\/\/regmik.ua\/uk\/?s={search_term_string}"},"query-input":{"@type":"PropertyValueSpecification","valueRequired":true,"valueName":"search_term_string"}}],"inLanguage":"de"},{"@type":"Organization","@id":"https:\/\/regmik.ua\/uk\/#organization","name":"REGMIK","alternateName":"\u0420\u0415\u0413\u041c\u0418\u041a","url":"https:\/\/regmik.ua\/uk\/","logo":{"@type":"ImageObject","inLanguage":"de","@id":"https:\/\/regmik.ua\/uk\/#\/schema\/logo\/image\/","url":"https:\/\/regmik.ua\/wp-content\/uploads\/2020\/03\/regmik_logo.png","contentUrl":"https:\/\/regmik.ua\/wp-content\/uploads\/2020\/03\/regmik_logo.png","width":194,"height":45,"caption":"REGMIK"},"image":{"@id":"https:\/\/regmik.ua\/uk\/#\/schema\/logo\/image\/"},"sameAs":["https:\/\/www.facebook.com\/regmik.npf","https:\/\/x.com\/regmiknpf","https:\/\/www.youtube.com\/channel\/UC_SrY98SKAmR3Kt95GcVKcw"]}]}},"_links":{"self":[{"href":"https:\/\/regmik.ua\/de\/wp-json\/wp\/v2\/product\/20726","targetHints":{"allow":["GET"]}}],"collection":[{"href":"https:\/\/regmik.ua\/de\/wp-json\/wp\/v2\/product"}],"about":[{"href":"https:\/\/regmik.ua\/de\/wp-json\/wp\/v2\/types\/product"}],"replies":[{"embeddable":true,"href":"https:\/\/regmik.ua\/de\/wp-json\/wp\/v2\/comments?post=20726"}],"version-history":[{"count":0,"href":"https:\/\/regmik.ua\/de\/wp-json\/wp\/v2\/product\/20726\/revisions"}],"wp:featuredmedia":[{"embeddable":true,"href":"https:\/\/regmik.ua\/de\/wp-json\/wp\/v2\/media\/20734"}],"wp:attachment":[{"href":"https:\/\/regmik.ua\/de\/wp-json\/wp\/v2\/media?parent=20726"}],"wp:term":[{"taxonomy":"product_brand","embeddable":true,"href":"https:\/\/regmik.ua\/de\/wp-json\/wp\/v2\/product_brand?post=20726"},{"taxonomy":"product_cat","embeddable":true,"href":"https:\/\/regmik.ua\/de\/wp-json\/wp\/v2\/product_cat?post=20726"},{"taxonomy":"product_tag","embeddable":true,"href":"https:\/\/regmik.ua\/de\/wp-json\/wp\/v2\/product_tag?post=20726"}],"curies":[{"name":"wp","href":"https:\/\/api.w.org\/{rel}","templated":true}]}}