{"id":20666,"date":"2020-03-31T08:47:49","date_gmt":"2020-03-31T06:47:49","guid":{"rendered":"https:\/\/regmik.com.ua\/?post_type=product&#038;p=20666"},"modified":"2025-01-30T12:02:36","modified_gmt":"2025-01-30T10:02:36","slug":"datchiki-temperatury-modifikatsiya-304","status":"publish","type":"product","link":"https:\/\/regmik.ua\/de\/product\/datchiki-temperatury-modifikatsiya-304\/","title":{"rendered":"Temperatursensoren TSM-304, TSP-304"},"content":{"rendered":"<p>Temperatursensoren 304 - Sensoren <a href=\"https:\/\/regmik.ua\/product-category\/sensors\/temperature-sensors\/air\/\">Gruppe 3<\/a> dienen zur Messung der Au\u00dfentemperatur der Luft in R\u00e4umen und Luftkan\u00e4len.<\/p>\n<p>Die Temperatur ist der am h\u00e4ufigsten gemessene Parameter, und \u00dcberhitzung ist einer der negativsten Faktoren beim Betrieb von Ger\u00e4ten. Daher gibt es eine Vielzahl von M\u00f6glichkeiten und Orten f\u00fcr die Verwendung von Temperatursensoren.<\/p>\n<p>Die Grundlage f\u00fcr den Betrieb von Temperatursensoren in der automatisierten Steuerung ist die \u00c4nderung der Temperatur in ein elektrisches Signal. Dies hat den Vorteil elektrischer Messungen: Die Ergebnisse k\u00f6nnen problemlos \u00fcber das Netzwerk \u00fcbertragen werden, und die \u00dcbertragungsrate kann recht hoch sein. Werte k\u00f6nnen ineinander umgewandelt werden und umgekehrt. Der digitale Code erh\u00f6ht die Messgenauigkeit, Geschwindigkeit und Empfindlichkeit.<\/p>\n<p>Das Funktionsprinzip von Widerstandsthermoelementen basiert auf einer \u00c4nderung des elektrischen Widerstands von Leitern und Halbleitern in Abh\u00e4ngigkeit von der Temperatur. Das Material, aus dem ein solcher Sensor hergestellt ist, sollte einen hohen Temperaturwiderstandskoeffizienten, m\u00f6glicherweise eine lineare Abh\u00e4ngigkeit des Widerstands von der Temperatur, eine gute Reproduzierbarkeit der Eigenschaften und eine Inertheit gegen\u00fcber Umwelteinfl\u00fcssen aufweisen. Platin erf\u00fcllt gr\u00f6\u00dftenteils alle oben genannten Eigenschaften; etwas weniger Kupfer.<\/p>\n<h3>Klassifizierung der Temperatursensoren-304 REGMIK nach Art des (empfindlichen) Messelements:<\/h3>\n<ul>\n<li>Widerstandsthermoelemente (Thermometer) - TSM, TSP;<\/li>\n<li>Halbleiterwandler - TP.<\/li>\n<\/ul>\n<h3>Technische Hauptmerkmale von Temperatursensoren-304:<\/h3>\n<ul>\n<li>SE-Anschlussplan \u2013 Zwei-, Drei-, Vierleiter;<\/li>\n<li>nach Art der SE sind unterteilt in:\n<ul>\n<li>\u00a0Widerstandsthermoelemente (RTD, Widerstandsthermometer, Thermometer, Temperatursensoren) (50 M, 100 M, 50 P, 100 P, Pt 100, Pt 500, Pt 1000, Pt 2000, Pt 10000) ;;<\/li>\n<\/ul>\n<\/li>\n<li>Schutzgrad gegen Staub und Wasser - <a href=\"https:\/\/ru.wikipedia.org\/wiki\/IP_(%D1%81%D1%82%D0%B5%D0%BF%D0%B5%D0%BD%D1%8C_%D0%B7%D0%B0%D1%89%D0%B8%D1%82%D1%8B_%D0%BE%D0%B1%D0%BE%D0%BB%D0%BE%D1%87%D0%BA%D0%B8)\">IP54;<\/a><\/li>\n<li>das Design von W\u00e4rmekonvertern (Temperatursensoren-304) - nicht trennbar;<\/li>\n<li>\u00a0Isolationswiderstand - nicht weniger als 100 Megaohm;<\/li>\n<li>Toleranzklassen - A, B, C (f\u00fcr Fahrzeug).<\/li>\n<\/ul>\n<p>Der Lufttemperatursensor TSP-304 ist so montiert, dass die Luft frei um ihn herum zirkuliert. Bei der Auswahl eines Platzes an der Wand ist zu vermeiden, dass Zugluft, direktes Sonnenlicht und andere W\u00e4rmequellen sowie zur Stra\u00dfe gerichtete W\u00e4nde ausgesetzt werden.<\/p>\n<p>Hat eine geringe Gr\u00f6\u00dfe, verbesserte thermische Tr\u00e4gheit. Erfordert keine komplexen Installationsarbeiten bei der Installation vor Ort.<\/p>\n<p>Die Installation erfolgt direkt an der Wand.<\/p>\n<p>Temperatursensoren erf\u00fcllen die Anforderungen der technischen Spezifikationen TU U26.5-32195027-010: 2016.<\/p>\n<p>&nbsp;<\/p>","protected":false},"excerpt":{"rendered":"<p>\u0414\u0430\u0442\u0447\u0438\u043a\u0438 \u0442\u0435\u043c\u043f\u0435\u0440\u0430\u0442\u0443\u0440\u044b 304 &#8211; \u0434\u0430\u0442\u0447\u0438\u043a\u0438 \u0433\u0440\u0443\u043f\u043f\u044b 3 \u043f\u0440\u0435\u0434\u043d\u0430\u0437\u043d\u0430\u0447\u0435\u043d\u044b \u0434\u043b\u044f \u0438\u0437\u043c\u0435\u0440\u0435\u043d\u0438\u044f \u043d\u0430\u0440\u0443\u0436\u043d\u043e\u0439 \u0442\u0435\u043c\u043f\u0435\u0440\u0430\u0442\u0443\u0440\u044b\u00a0 \u0442\u0435\u043c\u043f\u0435\u0440\u0430\u0442\u0443\u0440\u044b \u0432\u043e\u0437\u0434\u0443\u0445\u0430 \u0432 \u043f\u043e\u043c\u0435\u0449\u0435\u043d\u0438\u044f\u0445 \u0438 \u0432\u043e\u0437\u0434\u0443\u0445\u043e\u0432\u043e\u0434\u0430\u0445. \u0422\u0435\u043c\u043f\u0435\u0440\u0430\u0442\u0443\u0440\u0430 &#8211; \u044d\u0442\u043e \u043d\u0430\u0438\u0431\u043e\u043b\u0435\u0435 \u0440\u0430\u0441\u043f\u0440\u043e\u0441\u0442\u0440\u0430\u043d\u0435\u043d\u043d\u044b\u0439 \u0438\u0437\u043c\u0435\u0440\u044f\u0435\u043c\u044b\u0439 \u043f\u0430\u0440\u0430\u043c\u0435\u0442\u0440, \u0430\u00a0 \u043f\u0435\u0440\u0435\u0433\u0440\u0435\u0432 &#8211; \u044d\u0442\u043e \u043e\u0434\u0438\u043d \u0438\u0437 \u0441\u0430\u043c\u044b\u0445 \u043d\u0435\u0433\u0430\u0442\u0438\u0432\u043d\u044b\u0445 \u0444\u0430\u043a\u0442\u043e\u0440\u043e\u0432 \u0432 \u0440\u0430\u0431\u043e\u0442\u0435 \u043e\u0431\u043e\u0440\u0443\u0434\u043e\u0432\u0430\u043d\u0438\u044f, \u043f\u043e\u044d\u0442\u043e\u043c\u0443, \u0441\u0443\u0449\u0435\u0441\u0442\u0432\u0443\u0435\u0442 \u043e\u0433\u0440\u043e\u043c\u043d\u043e\u0435 \u043a\u043e\u043b\u0438\u0447\u0435\u0441\u0442\u0432\u043e \u0441\u043f\u043e\u0441\u043e\u0431\u043e\u0432 \u0438 \u043c\u0435\u0441\u0442 \u043f\u0440\u0438\u043c\u0435\u043d\u0435\u043d\u0438\u044f \u0434\u0430\u0442\u0447\u0438\u043a\u043e\u0432 \u0442\u0435\u043c\u043f\u0435\u0440\u0430\u0442\u0443\u0440\u044b. \u041e\u0441\u043d\u043e\u0432\u043e\u0439 \u0434\u0435\u0439\u0441\u0442\u0432\u0438\u044f \u0442\u0435\u043c\u043f\u0435\u0440\u0430\u0442\u0443\u0440\u043d\u044b\u0445 \u0434\u0430\u0442\u0447\u0438\u043a\u043e\u0432 \u0432 \u0430\u0432\u0442\u043e\u043c\u0430\u0442\u0438\u0437\u0438\u0440\u043e\u0432\u0430\u043d\u043d\u043e\u043c \u0443\u043f\u0440\u0430\u0432\u043b\u0435\u043d\u0438\u0438 \u044f\u0432\u043b\u044f\u0435\u0442\u0441\u044f &hellip; <a href=\"https:\/\/regmik.ua\/de\/product\/datchiki-temperatury-modifikatsiya-304\/\" class=\"more-link\">Weiterlesen <span class=\"screen-reader-text\">Temperatursensoren TSM-304, TSP-304<\/span><\/a><\/p>","protected":false},"featured_media":20667,"comment_status":"open","ping_status":"closed","template":"","meta":[],"product_brand":[],"product_cat":[477,476],"product_tag":[3237,89],"class_list":{"0":"post-20666","1":"product","2":"type-product","3":"status-publish","4":"has-post-thumbnail","6":"product_cat-air","7":"product_cat-temperature-sensors","8":"product_tag-3237","9":"product_tag-datchik","10":"pa_type-of-nsh-tsp-50p100p","11":"pa_type-of-nsh-tsp-pt100-pt500-pt1000","14":"instock","15":"shipping-taxable","16":"purchasable","17":"product-type-simple"},"yoast_head":"<title>\u0414\u0430\u0442\u0447\u0438\u043a\u0438 \u0442\u0435\u043c\u043f\u0435\u0440\u0430\u0442\u0443\u0440\u044b \u0422\u0421\u041c-304, \u0422\u0421\u041f-304 &#8211; \u0420\u0415\u0413\u041c\u0406\u041a, \u041d\u0412\u0424, \u041f\u041f (\u0418\u0437\u0433\u043e\u0442\u043e\u0432\u043b\u0435\u043d\u043e \u0432 \u0423\u043a\u0440\u0430\u0438\u043d\u0435)<\/title>\n<meta name=\"description\" content=\"\u0414\u0430\u0442\u0447\u0438\u043a\u0438 \u0442\u0435\u043c\u043f\u0435\u0440\u0430\u0442\u0443\u0440\u044b 304 - \u0434\u0430\u0442\u0447\u0438\u043a\u0438 \u0433\u0440\u0443\u043f\u043f\u044b 3 \u043f\u0440\u0435\u0434\u043d\u0430\u0437\u043d\u0430\u0447\u0435\u043d\u044b \u0434\u043b\u044f \u0438\u0437\u043c\u0435\u0440\u0435\u043d\u0438\u044f \u043d\u0430\u0440\u0443\u0436\u043d\u043e\u0439 \u0442\u0435\u043c\u043f\u0435\u0440\u0430\u0442\u0443\u0440\u044b\u00a0 \u0442\u0435\u043c\u043f\u0435\u0440\u0430\u0442\u0443\u0440\u044b \u0432\u043e\u0437\u0434\u0443\u0445\u0430 \u0432 \u043f\u043e\u043c\u0435\u0449\u0435\u043d\u0438\u044f\u0445 \u0438 \u0432\u043e\u0437\u0434\u0443\u0445\u043e\u0432\u043e\u0434\u0430\u0445.\" \/>\n<meta name=\"robots\" content=\"index, follow, max-snippet:-1, max-image-preview:large, max-video-preview:-1\" \/>\n<link rel=\"canonical\" href=\"https:\/\/regmik.ua\/de\/product\/datchiki-temperatury-modifikatsiya-304\/\" \/>\n<script type=\"application\/ld+json\" class=\"yoast-schema-graph\">{\"@context\":\"https:\\\/\\\/schema.org\",\"@graph\":[{\"@type\":\"WebPage\",\"@id\":\"https:\\\/\\\/regmik.ua\\\/product\\\/datchiki-temperatury-modifikatsiya-304\\\/\",\"url\":\"https:\\\/\\\/regmik.ua\\\/product\\\/datchiki-temperatury-modifikatsiya-304\\\/\",\"name\":\"\u0414\u0430\u0442\u0447\u0438\u043a\u0438 \u0442\u0435\u043c\u043f\u0435\u0440\u0430\u0442\u0443\u0440\u044b \u0422\u0421\u041c-304, \u0422\u0421\u041f-304 &#8211; \u0420\u0415\u0413\u041c\u0406\u041a, \u041d\u0412\u0424, \u041f\u041f (\u0418\u0437\u0433\u043e\u0442\u043e\u0432\u043b\u0435\u043d\u043e \u0432 \u0423\u043a\u0440\u0430\u0438\u043d\u0435)\",\"isPartOf\":{\"@id\":\"https:\\\/\\\/regmik.ua\\\/uk\\\/#website\"},\"primaryImageOfPage\":{\"@id\":\"https:\\\/\\\/regmik.ua\\\/product\\\/datchiki-temperatury-modifikatsiya-304\\\/#primaryimage\"},\"image\":{\"@id\":\"https:\\\/\\\/regmik.ua\\\/product\\\/datchiki-temperatury-modifikatsiya-304\\\/#primaryimage\"},\"thumbnailUrl\":\"https:\\\/\\\/regmik.ua\\\/wp-content\\\/uploads\\\/2020\\\/03\\\/304-1.png\",\"datePublished\":\"2020-03-31T06:47:49+00:00\",\"dateModified\":\"2025-01-30T10:02:36+00:00\",\"description\":\"\u0414\u0430\u0442\u0447\u0438\u043a\u0438 \u0442\u0435\u043c\u043f\u0435\u0440\u0430\u0442\u0443\u0440\u044b 304 - \u0434\u0430\u0442\u0447\u0438\u043a\u0438 \u0433\u0440\u0443\u043f\u043f\u044b 3 \u043f\u0440\u0435\u0434\u043d\u0430\u0437\u043d\u0430\u0447\u0435\u043d\u044b \u0434\u043b\u044f \u0438\u0437\u043c\u0435\u0440\u0435\u043d\u0438\u044f \u043d\u0430\u0440\u0443\u0436\u043d\u043e\u0439 \u0442\u0435\u043c\u043f\u0435\u0440\u0430\u0442\u0443\u0440\u044b\u00a0 \u0442\u0435\u043c\u043f\u0435\u0440\u0430\u0442\u0443\u0440\u044b \u0432\u043e\u0437\u0434\u0443\u0445\u0430 \u0432 \u043f\u043e\u043c\u0435\u0449\u0435\u043d\u0438\u044f\u0445 \u0438 \u0432\u043e\u0437\u0434\u0443\u0445\u043e\u0432\u043e\u0434\u0430\u0445.\",\"breadcrumb\":{\"@id\":\"https:\\\/\\\/regmik.ua\\\/product\\\/datchiki-temperatury-modifikatsiya-304\\\/#breadcrumb\"},\"inLanguage\":\"de\",\"potentialAction\":[{\"@type\":\"ReadAction\",\"target\":[\"https:\\\/\\\/regmik.ua\\\/product\\\/datchiki-temperatury-modifikatsiya-304\\\/\"]}]},{\"@type\":\"ImageObject\",\"inLanguage\":\"de\",\"@id\":\"https:\\\/\\\/regmik.ua\\\/product\\\/datchiki-temperatury-modifikatsiya-304\\\/#primaryimage\",\"url\":\"https:\\\/\\\/regmik.ua\\\/wp-content\\\/uploads\\\/2020\\\/03\\\/304-1.png\",\"contentUrl\":\"https:\\\/\\\/regmik.ua\\\/wp-content\\\/uploads\\\/2020\\\/03\\\/304-1.png\",\"width\":1202,\"height\":1031,\"caption\":\"\u0414\u0430\u0442\u0447\u0438\u043a\u0438 \u0442\u0435\u043c\u043f\u0435\u0440\u0430\u0442\u0443\u0440\u044b 304\"},{\"@type\":\"BreadcrumbList\",\"@id\":\"https:\\\/\\\/regmik.ua\\\/product\\\/datchiki-temperatury-modifikatsiya-304\\\/#breadcrumb\",\"itemListElement\":[{\"@type\":\"ListItem\",\"position\":1,\"name\":\"\u0413\u043b\u0430\u0432\u043d\u0430\u044f \u0441\u0442\u0440\u0430\u043d\u0438\u0446\u0430\",\"item\":\"https:\\\/\\\/regmik.ua\\\/\"},{\"@type\":\"ListItem\",\"position\":2,\"name\":\"\u041f\u0440\u043e\u0434\u0443\u043a\u0446\u0438\u044f\",\"item\":\"https:\\\/\\\/regmik.ua\\\/uk\\\/products\\\/\"},{\"@type\":\"ListItem\",\"position\":3,\"name\":\"\u0414\u0430\u0442\u0447\u0438\u043a\u0438 \u0442\u0435\u043c\u043f\u0435\u0440\u0430\u0442\u0443\u0440\u044b \u0422\u0421\u041c-304, \u0422\u0421\u041f-304\"}]},{\"@type\":\"WebSite\",\"@id\":\"https:\\\/\\\/regmik.ua\\\/uk\\\/#website\",\"url\":\"https:\\\/\\\/regmik.ua\\\/uk\\\/\",\"name\":\"REGMIK\",\"description\":\"\u0418\u0437\u043c\u0435\u0440\u0438\u0442\u0435\u043b\u044c\u043d\u044b\u0435 \u043f\u0440\u0438\u0431\u043e\u0440\u044b \u0438 \u0434\u0430\u0442\u0447\u0438\u043a\u0438 \u0442\u0435\u043c\u043f\u0435\u0440\u0430\u0442\u0443\u0440\u044b\",\"publisher\":{\"@id\":\"https:\\\/\\\/regmik.ua\\\/uk\\\/#organization\"},\"alternateName\":\"REGMIK\",\"potentialAction\":[{\"@type\":\"SearchAction\",\"target\":{\"@type\":\"EntryPoint\",\"urlTemplate\":\"https:\\\/\\\/regmik.ua\\\/uk\\\/?s={search_term_string}\"},\"query-input\":{\"@type\":\"PropertyValueSpecification\",\"valueRequired\":true,\"valueName\":\"search_term_string\"}}],\"inLanguage\":\"de\"},{\"@type\":\"Organization\",\"@id\":\"https:\\\/\\\/regmik.ua\\\/uk\\\/#organization\",\"name\":\"REGMIK\",\"alternateName\":\"\u0420\u0415\u0413\u041c\u0418\u041a\",\"url\":\"https:\\\/\\\/regmik.ua\\\/uk\\\/\",\"logo\":{\"@type\":\"ImageObject\",\"inLanguage\":\"de\",\"@id\":\"https:\\\/\\\/regmik.ua\\\/uk\\\/#\\\/schema\\\/logo\\\/image\\\/\",\"url\":\"https:\\\/\\\/regmik.ua\\\/wp-content\\\/uploads\\\/2020\\\/03\\\/regmik_logo.png\",\"contentUrl\":\"https:\\\/\\\/regmik.ua\\\/wp-content\\\/uploads\\\/2020\\\/03\\\/regmik_logo.png\",\"width\":194,\"height\":45,\"caption\":\"REGMIK\"},\"image\":{\"@id\":\"https:\\\/\\\/regmik.ua\\\/uk\\\/#\\\/schema\\\/logo\\\/image\\\/\"},\"sameAs\":[\"https:\\\/\\\/www.facebook.com\\\/regmik.npf\",\"https:\\\/\\\/x.com\\\/regmiknpf\",\"https:\\\/\\\/www.youtube.com\\\/channel\\\/UC_SrY98SKAmR3Kt95GcVKcw\"]}]}<\/script>","yoast_head_json":{"title":"\u0414\u0430\u0442\u0447\u0438\u043a\u0438 \u0442\u0435\u043c\u043f\u0435\u0440\u0430\u0442\u0443\u0440\u044b \u0422\u0421\u041c-304, \u0422\u0421\u041f-304 &#8211; \u0420\u0415\u0413\u041c\u0406\u041a, \u041d\u0412\u0424, \u041f\u041f (\u0418\u0437\u0433\u043e\u0442\u043e\u0432\u043b\u0435\u043d\u043e \u0432 \u0423\u043a\u0440\u0430\u0438\u043d\u0435)","description":"Temperatursensoren 304 - Sensoren der Gruppe 3 dienen zur Messung der Au\u00dfentemperatur der Lufttemperatur in R\u00e4umen und Kan\u00e4len.","robots":{"index":"index","follow":"follow","max-snippet":"max-snippet:-1","max-image-preview":"max-image-preview:large","max-video-preview":"max-video-preview:-1"},"canonical":"https:\/\/regmik.ua\/de\/product\/datchiki-temperatury-modifikatsiya-304\/","schema":{"@context":"https:\/\/schema.org","@graph":[{"@type":"WebPage","@id":"https:\/\/regmik.ua\/product\/datchiki-temperatury-modifikatsiya-304\/","url":"https:\/\/regmik.ua\/product\/datchiki-temperatury-modifikatsiya-304\/","name":"\u0414\u0430\u0442\u0447\u0438\u043a\u0438 \u0442\u0435\u043c\u043f\u0435\u0440\u0430\u0442\u0443\u0440\u044b \u0422\u0421\u041c-304, \u0422\u0421\u041f-304 &#8211; \u0420\u0415\u0413\u041c\u0406\u041a, \u041d\u0412\u0424, \u041f\u041f (\u0418\u0437\u0433\u043e\u0442\u043e\u0432\u043b\u0435\u043d\u043e \u0432 \u0423\u043a\u0440\u0430\u0438\u043d\u0435)","isPartOf":{"@id":"https:\/\/regmik.ua\/uk\/#website"},"primaryImageOfPage":{"@id":"https:\/\/regmik.ua\/product\/datchiki-temperatury-modifikatsiya-304\/#primaryimage"},"image":{"@id":"https:\/\/regmik.ua\/product\/datchiki-temperatury-modifikatsiya-304\/#primaryimage"},"thumbnailUrl":"https:\/\/regmik.ua\/wp-content\/uploads\/2020\/03\/304-1.png","datePublished":"2020-03-31T06:47:49+00:00","dateModified":"2025-01-30T10:02:36+00:00","description":"Temperatursensoren 304 - Sensoren der Gruppe 3 dienen zur Messung der Au\u00dfentemperatur der Lufttemperatur in R\u00e4umen und Kan\u00e4len.","breadcrumb":{"@id":"https:\/\/regmik.ua\/product\/datchiki-temperatury-modifikatsiya-304\/#breadcrumb"},"inLanguage":"de","potentialAction":[{"@type":"ReadAction","target":["https:\/\/regmik.ua\/product\/datchiki-temperatury-modifikatsiya-304\/"]}]},{"@type":"ImageObject","inLanguage":"de","@id":"https:\/\/regmik.ua\/product\/datchiki-temperatury-modifikatsiya-304\/#primaryimage","url":"https:\/\/regmik.ua\/wp-content\/uploads\/2020\/03\/304-1.png","contentUrl":"https:\/\/regmik.ua\/wp-content\/uploads\/2020\/03\/304-1.png","width":1202,"height":1031,"caption":"\u0414\u0430\u0442\u0447\u0438\u043a\u0438 \u0442\u0435\u043c\u043f\u0435\u0440\u0430\u0442\u0443\u0440\u044b 304"},{"@type":"BreadcrumbList","@id":"https:\/\/regmik.ua\/product\/datchiki-temperatury-modifikatsiya-304\/#breadcrumb","itemListElement":[{"@type":"ListItem","position":1,"name":"\u0413\u043b\u0430\u0432\u043d\u0430\u044f \u0441\u0442\u0440\u0430\u043d\u0438\u0446\u0430","item":"https:\/\/regmik.ua\/"},{"@type":"ListItem","position":2,"name":"\u041f\u0440\u043e\u0434\u0443\u043a\u0446\u0438\u044f","item":"https:\/\/regmik.ua\/uk\/products\/"},{"@type":"ListItem","position":3,"name":"\u0414\u0430\u0442\u0447\u0438\u043a\u0438 \u0442\u0435\u043c\u043f\u0435\u0440\u0430\u0442\u0443\u0440\u044b \u0422\u0421\u041c-304, \u0422\u0421\u041f-304"}]},{"@type":"WebSite","@id":"https:\/\/regmik.ua\/uk\/#website","url":"https:\/\/regmik.ua\/uk\/","name":"REGMIK","description":"Messger\u00e4te und Temperatursensoren","publisher":{"@id":"https:\/\/regmik.ua\/uk\/#organization"},"alternateName":"REGMIK","potentialAction":[{"@type":"SearchAction","target":{"@type":"EntryPoint","urlTemplate":"https:\/\/regmik.ua\/uk\/?s={search_term_string}"},"query-input":{"@type":"PropertyValueSpecification","valueRequired":true,"valueName":"search_term_string"}}],"inLanguage":"de"},{"@type":"Organization","@id":"https:\/\/regmik.ua\/uk\/#organization","name":"REGMIK","alternateName":"\u0420\u0415\u0413\u041c\u0418\u041a","url":"https:\/\/regmik.ua\/uk\/","logo":{"@type":"ImageObject","inLanguage":"de","@id":"https:\/\/regmik.ua\/uk\/#\/schema\/logo\/image\/","url":"https:\/\/regmik.ua\/wp-content\/uploads\/2020\/03\/regmik_logo.png","contentUrl":"https:\/\/regmik.ua\/wp-content\/uploads\/2020\/03\/regmik_logo.png","width":194,"height":45,"caption":"REGMIK"},"image":{"@id":"https:\/\/regmik.ua\/uk\/#\/schema\/logo\/image\/"},"sameAs":["https:\/\/www.facebook.com\/regmik.npf","https:\/\/x.com\/regmiknpf","https:\/\/www.youtube.com\/channel\/UC_SrY98SKAmR3Kt95GcVKcw"]}]}},"_links":{"self":[{"href":"https:\/\/regmik.ua\/de\/wp-json\/wp\/v2\/product\/20666","targetHints":{"allow":["GET"]}}],"collection":[{"href":"https:\/\/regmik.ua\/de\/wp-json\/wp\/v2\/product"}],"about":[{"href":"https:\/\/regmik.ua\/de\/wp-json\/wp\/v2\/types\/product"}],"replies":[{"embeddable":true,"href":"https:\/\/regmik.ua\/de\/wp-json\/wp\/v2\/comments?post=20666"}],"version-history":[{"count":0,"href":"https:\/\/regmik.ua\/de\/wp-json\/wp\/v2\/product\/20666\/revisions"}],"wp:featuredmedia":[{"embeddable":true,"href":"https:\/\/regmik.ua\/de\/wp-json\/wp\/v2\/media\/20667"}],"wp:attachment":[{"href":"https:\/\/regmik.ua\/de\/wp-json\/wp\/v2\/media?parent=20666"}],"wp:term":[{"taxonomy":"product_brand","embeddable":true,"href":"https:\/\/regmik.ua\/de\/wp-json\/wp\/v2\/product_brand?post=20666"},{"taxonomy":"product_cat","embeddable":true,"href":"https:\/\/regmik.ua\/de\/wp-json\/wp\/v2\/product_cat?post=20666"},{"taxonomy":"product_tag","embeddable":true,"href":"https:\/\/regmik.ua\/de\/wp-json\/wp\/v2\/product_tag?post=20666"}],"curies":[{"name":"wp","href":"https:\/\/api.w.org\/{rel}","templated":true}]}}