{"id":19866,"date":"2020-02-08T08:00:21","date_gmt":"2020-02-08T06:00:21","guid":{"rendered":"https:\/\/regmik.com.ua\/?post_type=product&#038;p=19866"},"modified":"2024-10-18T08:25:44","modified_gmt":"2024-10-18T06:25:44","slug":"ssd-v4","status":"publish","type":"product","link":"https:\/\/regmik.ua\/de\/product\/ssd-v4\/","title":{"rendered":"REGMIK Datenerfassungssystem"},"content":{"rendered":"<p>Die Software \u201eREGMIK Data Acquisition System\u201c (REGMIK DSS) dient zum Sammeln, Speichern und Visualisieren von Daten in Echtzeit. Daten k\u00f6nnen \u00fcber das Netzwerk \u00fcbertragen werden <a href=\"https:\/\/uk.wikipedia.org\/wiki\/RS-485\">RS-485<\/a> (Protokoll <a href=\"https:\/\/uk.wikipedia.org\/wiki\/Modbus\">ModBus RTU<\/a>), Ethernet, FTP oder kann direkt von einer Datei oder einem Logger heruntergeladen werden. Die Datenspeicherung erfolgt in der Datenbank <a href=\"https:\/\/firebirdsql.org\">Feuervogel<\/a> 3.0. Die Daten werden sowohl in Form von Grafiken \/ Tabellen visualisiert als auch auf angezeigt <a href=\"https:\/\/uk.wikipedia.org\/wiki\/%D0%9C%D0%BD%D0%B5%D0%BC%D0%BE%D1%81%D1%85%D0%B5%D0%BC%D0%B0\">Mnemonisches Diagramm<\/a>\u00a0technologischer Prozess. Unterst\u00fctzte Archive, Export und Import von Daten, Erstellung verschiedener Berichte, Notfallbenachrichtigungen, Fernsteuerung von Ger\u00e4ten.<\/p>\n<p><strong>Zweck der Software Datenerfassungssystem:<\/strong><\/p>\n<ul>\n<li>Sammlung von Daten von verschiedenen Messger\u00e4ten und Ger\u00e4ten;<\/li>\n<li>Registrierung, Visualisierung und Verarbeitung von Signalen in Echtzeit;<\/li>\n<li>Datenanalyse;<\/li>\n<li>Senden von Benachrichtigungen an den Benutzer \u00fcber Fehlfunktionen und Notf\u00e4lle;<\/li>\n<li>Datenspeicherung, Import und Export.<\/li>\n<\/ul>\n<h4>Hauptmerkmale des Software REGMIK Datenerfassungssystems<\/h4>\n<ul>\n<li>Testen von Software im Demo-Modus;<\/li>\n<li>Anzeigen von Daten auf Grafiken und Monitoren;<\/li>\n<li><strong>Unterst\u00fctzung f\u00fcr Mnemonikdiagramme<\/strong> - Visualisierung und Fernsteuerung des technologischen Prozesses<strong>;<\/strong><\/li>\n<li>Unterst\u00fctzung der Netzwerkbaumstruktur (Netzwerk - Dom\u00e4ne - Ger\u00e4t);<\/li>\n<li>Fernkonfiguration und Steuerung von Ger\u00e4ten;<\/li>\n<li>Verfolgung von Notfallsituationen von Ger\u00e4ten und Sensoren;<\/li>\n<li>akustische Signalisierung eines Notfalls in der REGMIK SSD-Software;<\/li>\n<li><strong>Benachrichtigung per E-Mail und SMS<\/strong> \u00fcber kritische Situationen;<\/li>\n<li>Lokalisierung von Fehlercodes;<\/li>\n<li>eingebauter Berichtsgenerator (in Form von Tabellen und Grafiken);<\/li>\n<li>Export und Import von Daten zur weiteren Verarbeitung (PDF, Excel, ...);<\/li>\n<li>Konfiguration von Ger\u00e4ten und Sensoren \u00fcber RS-485 (ModBus RTU-Protokoll) direkt aus der Software \u201eREGMIK Data Acquisition System\u201c;<\/li>\n<li>Zugriff auf Daten von mehreren Arbeitsstationen (die Datenbank befindet sich auf dem Server, und auf die Daten wird vom Clientcomputer aus zugegriffen);<\/li>\n<li>Datenlesen von Ger\u00e4ten mit Loggerfunktion;<\/li>\n<li>Lesen der Speicherkarte der neuen Ger\u00e4tefamilie <a href=\"https:\/\/regmik.ua\/product\/universalnyj-dvuhkanalnyj-pribor-rp2-m\/\">RP2-M<\/a> in einem separaten Thema;<\/li>\n<li>Hinzuf\u00fcgen von Ger\u00e4ten und Sensoren anderer Hersteller zum Netzwerk;<\/li>\n<li>Einstellen der Anzeige von Grafiken - Farbe \/ Schriftarten \/ Farbverlauf \/ Hintergrund;<\/li>\n<li>Archivieren von Messdaten in der Firebird 3.0-Datenbank;<\/li>\n<li>Bereinigen der Datenbank bis zum gew\u00fcnschten Datum;<\/li>\n<li><strong>Arbeiten mit Datenbanksicherungen<\/strong> (sowohl automatische Erstellung von Archiven nach Zeitplan als auch manuell).<\/li>\n<\/ul>\n<p>Das Unternehmen arbeitet st\u00e4ndig an der Verbesserung und Hinzuf\u00fcgung von Softwarefunktionen. Wir sind dankbar f\u00fcr Ihr Feedback und Ihre Ratschl\u00e4ge zur Verbesserung der &quot;REGMIK SSD&quot;.<\/p>","protected":false},"excerpt":{"rendered":"<p>Die Software REGMIK Data Acquisition System sammelt Informationen von Ger\u00e4ten und Sensoren, die \u00fcber die RS-485-Schnittstelle (ModBus RTU-Protokoll) in Echtzeit betrieben werden.<\/p>","protected":false},"featured_media":28183,"comment_status":"open","ping_status":"closed","template":"","meta":[],"product_brand":[],"product_cat":[581,811],"product_tag":[3219,600,3221,3218,592],"class_list":{"0":"post-19866","1":"product","2":"type-product","3":"status-publish","4":"has-post-thumbnail","6":"product_cat-software","7":"product_cat-tovary","8":"product_tag-modbus-rtu","9":"product_tag-rs-485","10":"product_tag-mnemoshema","11":"product_tag-software","12":"product_tag-sistema-sbora-dannyh","13":"pa_max-quantity-582","14":"pa_max-quantity-3437","15":"pa_max-quantity-586","16":"pa_max-quantity-583","17":"pa_max-quantity-3438","18":"pa_max-quantity-587","19":"pa_max-quantity-584","20":"pa_max-quantity-588","21":"pa_max-quantity-585","24":"instock","25":"featured","26":"shipping-taxable","27":"purchasable","28":"product-type-variable","29":"has-default-attributes"},"yoast_head":"<title>\u041f\u0440\u043e\u0433\u0440\u0430\u043c\u043c\u043d\u043e\u0435 \u043e\u0431\u0435\u0441\u043f\u0435\u0447\u0435\u043d\u0438\u0435 \u0421\u0438\u0441\u0442\u0435\u043c\u0430 \u0441\u0431\u043e\u0440\u0430 \u0434\u0430\u043d\u043d\u044b\u0445 &#8211; \u0420\u0415\u0413\u041c\u0406\u041a, \u041d\u0412\u0424, \u041f\u041f<\/title>\n<meta name=\"description\" content=\"\u041f\u0440\u043e\u0433\u0440\u0430\u043c\u043c\u043d\u043e\u0435 \u043e\u0431\u0435\u0441\u043f\u0435\u0447\u0435\u043d\u0438\u0435 &quot;\u0421\u0438\u0441\u0442\u0435\u043c\u0430 \u0441\u0431\u043e\u0440\u0430 \u0434\u0430\u043d\u043d\u044b\u0445 REGMIK&quot;. \u043e\u0441\u0443\u0449\u0435\u0441\u0442\u0432\u043b\u044f\u0435\u0442\u00a0\u0441\u0431\u043e\u0440 \u0438\u043d\u0444\u043e\u0440\u043c\u0430\u0446\u0438\u0438 \u043e\u0442\u00a0\u043f\u0440\u0438\u0431\u043e\u0440\u043e\u0432 \u0438 \u0434\u0430\u0442\u0447\u0438\u043a\u043e\u0432 \u0432 \u0440\u0435\u0436\u0438\u043c\u0435 \u0440\u0435\u0430\u043b\u044c\u043d\u043e\u0433\u043e \u0432\u0440\u0435\u043c\u0435\u043d\u0438.\" \/>\n<meta name=\"robots\" content=\"index, follow, max-snippet:-1, max-image-preview:large, max-video-preview:-1\" \/>\n<link rel=\"canonical\" href=\"https:\/\/regmik.ua\/de\/product\/ssd-v4\/\" \/>\n<script type=\"application\/ld+json\" class=\"yoast-schema-graph\">{\"@context\":\"https:\\\/\\\/schema.org\",\"@graph\":[{\"@type\":\"WebPage\",\"@id\":\"https:\\\/\\\/regmik.ua\\\/product\\\/ssd-v4\\\/\",\"url\":\"https:\\\/\\\/regmik.ua\\\/product\\\/ssd-v4\\\/\",\"name\":\"\u041f\u0440\u043e\u0433\u0440\u0430\u043c\u043c\u043d\u043e\u0435 \u043e\u0431\u0435\u0441\u043f\u0435\u0447\u0435\u043d\u0438\u0435 \u0421\u0438\u0441\u0442\u0435\u043c\u0430 \u0441\u0431\u043e\u0440\u0430 \u0434\u0430\u043d\u043d\u044b\u0445 &#8211; \u0420\u0415\u0413\u041c\u0406\u041a, \u041d\u0412\u0424, \u041f\u041f\",\"isPartOf\":{\"@id\":\"https:\\\/\\\/regmik.ua\\\/uk\\\/#website\"},\"primaryImageOfPage\":{\"@id\":\"https:\\\/\\\/regmik.ua\\\/product\\\/ssd-v4\\\/#primaryimage\"},\"image\":{\"@id\":\"https:\\\/\\\/regmik.ua\\\/product\\\/ssd-v4\\\/#primaryimage\"},\"thumbnailUrl\":\"https:\\\/\\\/regmik.ua\\\/wp-content\\\/uploads\\\/SSD_4_8.png\",\"datePublished\":\"2020-02-08T06:00:21+00:00\",\"dateModified\":\"2024-10-18T06:25:44+00:00\",\"description\":\"\u041f\u0440\u043e\u0433\u0440\u0430\u043c\u043c\u043d\u043e\u0435 \u043e\u0431\u0435\u0441\u043f\u0435\u0447\u0435\u043d\u0438\u0435 \\\"\u0421\u0438\u0441\u0442\u0435\u043c\u0430 \u0441\u0431\u043e\u0440\u0430 \u0434\u0430\u043d\u043d\u044b\u0445 REGMIK\\\". \u043e\u0441\u0443\u0449\u0435\u0441\u0442\u0432\u043b\u044f\u0435\u0442\u00a0\u0441\u0431\u043e\u0440 \u0438\u043d\u0444\u043e\u0440\u043c\u0430\u0446\u0438\u0438 \u043e\u0442\u00a0\u043f\u0440\u0438\u0431\u043e\u0440\u043e\u0432 \u0438 \u0434\u0430\u0442\u0447\u0438\u043a\u043e\u0432 \u0432 \u0440\u0435\u0436\u0438\u043c\u0435 \u0440\u0435\u0430\u043b\u044c\u043d\u043e\u0433\u043e \u0432\u0440\u0435\u043c\u0435\u043d\u0438.\",\"breadcrumb\":{\"@id\":\"https:\\\/\\\/regmik.ua\\\/product\\\/ssd-v4\\\/#breadcrumb\"},\"inLanguage\":\"de\",\"potentialAction\":[{\"@type\":\"ReadAction\",\"target\":[\"https:\\\/\\\/regmik.ua\\\/product\\\/ssd-v4\\\/\"]}]},{\"@type\":\"ImageObject\",\"inLanguage\":\"de\",\"@id\":\"https:\\\/\\\/regmik.ua\\\/product\\\/ssd-v4\\\/#primaryimage\",\"url\":\"https:\\\/\\\/regmik.ua\\\/wp-content\\\/uploads\\\/SSD_4_8.png\",\"contentUrl\":\"https:\\\/\\\/regmik.ua\\\/wp-content\\\/uploads\\\/SSD_4_8.png\",\"width\":613,\"height\":342,\"caption\":\"\u0421\u0438\u0441\u0442\u0435\u043c\u0430 \u0441\u0431\u043e\u0440\u0430 \u0434\u0430\u043d\u043d\u044b\u0445\"},{\"@type\":\"BreadcrumbList\",\"@id\":\"https:\\\/\\\/regmik.ua\\\/product\\\/ssd-v4\\\/#breadcrumb\",\"itemListElement\":[{\"@type\":\"ListItem\",\"position\":1,\"name\":\"\u0413\u043b\u0430\u0432\u043d\u0430\u044f \u0441\u0442\u0440\u0430\u043d\u0438\u0446\u0430\",\"item\":\"https:\\\/\\\/regmik.ua\\\/\"},{\"@type\":\"ListItem\",\"position\":2,\"name\":\"\u041f\u0440\u043e\u0434\u0443\u043a\u0446\u0438\u044f\",\"item\":\"https:\\\/\\\/regmik.ua\\\/uk\\\/products\\\/\"},{\"@type\":\"ListItem\",\"position\":3,\"name\":\"\u0421\u0438\u0441\u0442\u0435\u043c\u0430 \u0441\u0431\u043e\u0440\u0430 \u0434\u0430\u043d\u043d\u044b\u0445 REGMIK\"}]},{\"@type\":\"WebSite\",\"@id\":\"https:\\\/\\\/regmik.ua\\\/uk\\\/#website\",\"url\":\"https:\\\/\\\/regmik.ua\\\/uk\\\/\",\"name\":\"REGMIK\",\"description\":\"\u0418\u0437\u043c\u0435\u0440\u0438\u0442\u0435\u043b\u044c\u043d\u044b\u0435 \u043f\u0440\u0438\u0431\u043e\u0440\u044b \u0438 \u0434\u0430\u0442\u0447\u0438\u043a\u0438 \u0442\u0435\u043c\u043f\u0435\u0440\u0430\u0442\u0443\u0440\u044b\",\"publisher\":{\"@id\":\"https:\\\/\\\/regmik.ua\\\/uk\\\/#organization\"},\"alternateName\":\"REGMIK\",\"potentialAction\":[{\"@type\":\"SearchAction\",\"target\":{\"@type\":\"EntryPoint\",\"urlTemplate\":\"https:\\\/\\\/regmik.ua\\\/uk\\\/?s={search_term_string}\"},\"query-input\":{\"@type\":\"PropertyValueSpecification\",\"valueRequired\":true,\"valueName\":\"search_term_string\"}}],\"inLanguage\":\"de\"},{\"@type\":\"Organization\",\"@id\":\"https:\\\/\\\/regmik.ua\\\/uk\\\/#organization\",\"name\":\"REGMIK\",\"alternateName\":\"\u0420\u0415\u0413\u041c\u0418\u041a\",\"url\":\"https:\\\/\\\/regmik.ua\\\/uk\\\/\",\"logo\":{\"@type\":\"ImageObject\",\"inLanguage\":\"de\",\"@id\":\"https:\\\/\\\/regmik.ua\\\/uk\\\/#\\\/schema\\\/logo\\\/image\\\/\",\"url\":\"https:\\\/\\\/regmik.ua\\\/wp-content\\\/uploads\\\/2020\\\/03\\\/regmik_logo.png\",\"contentUrl\":\"https:\\\/\\\/regmik.ua\\\/wp-content\\\/uploads\\\/2020\\\/03\\\/regmik_logo.png\",\"width\":194,\"height\":45,\"caption\":\"REGMIK\"},\"image\":{\"@id\":\"https:\\\/\\\/regmik.ua\\\/uk\\\/#\\\/schema\\\/logo\\\/image\\\/\"},\"sameAs\":[\"https:\\\/\\\/www.facebook.com\\\/regmik.npf\",\"https:\\\/\\\/x.com\\\/regmiknpf\",\"https:\\\/\\\/www.youtube.com\\\/channel\\\/UC_SrY98SKAmR3Kt95GcVKcw\"]}]}<\/script>","yoast_head_json":{"title":"Software-Datenerfassungssystem \u2013 REGMIK, NVF, PP","description":"Software des REGMIK-Datenerfassungssystems. sammelt Informationen von Ger\u00e4ten und Sensoren in Echtzeit.","robots":{"index":"index","follow":"follow","max-snippet":"max-snippet:-1","max-image-preview":"max-image-preview:large","max-video-preview":"max-video-preview:-1"},"canonical":"https:\/\/regmik.ua\/de\/product\/ssd-v4\/","schema":{"@context":"https:\/\/schema.org","@graph":[{"@type":"WebPage","@id":"https:\/\/regmik.ua\/product\/ssd-v4\/","url":"https:\/\/regmik.ua\/product\/ssd-v4\/","name":"Software-Datenerfassungssystem \u2013 REGMIK, NVF, PP","isPartOf":{"@id":"https:\/\/regmik.ua\/uk\/#website"},"primaryImageOfPage":{"@id":"https:\/\/regmik.ua\/product\/ssd-v4\/#primaryimage"},"image":{"@id":"https:\/\/regmik.ua\/product\/ssd-v4\/#primaryimage"},"thumbnailUrl":"https:\/\/regmik.ua\/wp-content\/uploads\/SSD_4_8.png","datePublished":"2020-02-08T06:00:21+00:00","dateModified":"2024-10-18T06:25:44+00:00","description":"Software des REGMIK-Datenerfassungssystems. sammelt Informationen von Ger\u00e4ten und Sensoren in Echtzeit.","breadcrumb":{"@id":"https:\/\/regmik.ua\/product\/ssd-v4\/#breadcrumb"},"inLanguage":"de","potentialAction":[{"@type":"ReadAction","target":["https:\/\/regmik.ua\/product\/ssd-v4\/"]}]},{"@type":"ImageObject","inLanguage":"de","@id":"https:\/\/regmik.ua\/product\/ssd-v4\/#primaryimage","url":"https:\/\/regmik.ua\/wp-content\/uploads\/SSD_4_8.png","contentUrl":"https:\/\/regmik.ua\/wp-content\/uploads\/SSD_4_8.png","width":613,"height":342,"caption":"\u0421\u0438\u0441\u0442\u0435\u043c\u0430 \u0441\u0431\u043e\u0440\u0430 \u0434\u0430\u043d\u043d\u044b\u0445"},{"@type":"BreadcrumbList","@id":"https:\/\/regmik.ua\/product\/ssd-v4\/#breadcrumb","itemListElement":[{"@type":"ListItem","position":1,"name":"\u0413\u043b\u0430\u0432\u043d\u0430\u044f \u0441\u0442\u0440\u0430\u043d\u0438\u0446\u0430","item":"https:\/\/regmik.ua\/"},{"@type":"ListItem","position":2,"name":"\u041f\u0440\u043e\u0434\u0443\u043a\u0446\u0438\u044f","item":"https:\/\/regmik.ua\/uk\/products\/"},{"@type":"ListItem","position":3,"name":"\u0421\u0438\u0441\u0442\u0435\u043c\u0430 \u0441\u0431\u043e\u0440\u0430 \u0434\u0430\u043d\u043d\u044b\u0445 REGMIK"}]},{"@type":"WebSite","@id":"https:\/\/regmik.ua\/uk\/#website","url":"https:\/\/regmik.ua\/uk\/","name":"REGMIK","description":"Messger\u00e4te und Temperatursensoren","publisher":{"@id":"https:\/\/regmik.ua\/uk\/#organization"},"alternateName":"REGMIK","potentialAction":[{"@type":"SearchAction","target":{"@type":"EntryPoint","urlTemplate":"https:\/\/regmik.ua\/uk\/?s={search_term_string}"},"query-input":{"@type":"PropertyValueSpecification","valueRequired":true,"valueName":"search_term_string"}}],"inLanguage":"de"},{"@type":"Organization","@id":"https:\/\/regmik.ua\/uk\/#organization","name":"REGMIK","alternateName":"\u0420\u0415\u0413\u041c\u0418\u041a","url":"https:\/\/regmik.ua\/uk\/","logo":{"@type":"ImageObject","inLanguage":"de","@id":"https:\/\/regmik.ua\/uk\/#\/schema\/logo\/image\/","url":"https:\/\/regmik.ua\/wp-content\/uploads\/2020\/03\/regmik_logo.png","contentUrl":"https:\/\/regmik.ua\/wp-content\/uploads\/2020\/03\/regmik_logo.png","width":194,"height":45,"caption":"REGMIK"},"image":{"@id":"https:\/\/regmik.ua\/uk\/#\/schema\/logo\/image\/"},"sameAs":["https:\/\/www.facebook.com\/regmik.npf","https:\/\/x.com\/regmiknpf","https:\/\/www.youtube.com\/channel\/UC_SrY98SKAmR3Kt95GcVKcw"]}]}},"_links":{"self":[{"href":"https:\/\/regmik.ua\/de\/wp-json\/wp\/v2\/product\/19866","targetHints":{"allow":["GET"]}}],"collection":[{"href":"https:\/\/regmik.ua\/de\/wp-json\/wp\/v2\/product"}],"about":[{"href":"https:\/\/regmik.ua\/de\/wp-json\/wp\/v2\/types\/product"}],"replies":[{"embeddable":true,"href":"https:\/\/regmik.ua\/de\/wp-json\/wp\/v2\/comments?post=19866"}],"version-history":[{"count":0,"href":"https:\/\/regmik.ua\/de\/wp-json\/wp\/v2\/product\/19866\/revisions"}],"wp:featuredmedia":[{"embeddable":true,"href":"https:\/\/regmik.ua\/de\/wp-json\/wp\/v2\/media\/28183"}],"wp:attachment":[{"href":"https:\/\/regmik.ua\/de\/wp-json\/wp\/v2\/media?parent=19866"}],"wp:term":[{"taxonomy":"product_brand","embeddable":true,"href":"https:\/\/regmik.ua\/de\/wp-json\/wp\/v2\/product_brand?post=19866"},{"taxonomy":"product_cat","embeddable":true,"href":"https:\/\/regmik.ua\/de\/wp-json\/wp\/v2\/product_cat?post=19866"},{"taxonomy":"product_tag","embeddable":true,"href":"https:\/\/regmik.ua\/de\/wp-json\/wp\/v2\/product_tag?post=19866"}],"curies":[{"name":"wp","href":"https:\/\/api.w.org\/{rel}","templated":true}]}}