{"id":19831,"date":"2019-11-25T14:55:05","date_gmt":"2019-11-25T12:55:05","guid":{"rendered":"https:\/\/regmik.com.ua\/?post_type=product&#038;p=19831"},"modified":"2023-08-27T14:17:28","modified_gmt":"2023-08-27T11:17:28","slug":"universalnyj-dvuhkanalnyj-pribor-rp2-t-2","status":"publish","type":"product","link":"https:\/\/regmik.ua\/de\/product\/universalnyj-dvuhkanalnyj-pribor-rp2-t-2\/","title":{"rendered":"Universeller Zweikanalregler RP2-T"},"content":{"rendered":"<p>Der neue universelle Zweikanalregler RP2-T (Regler RP2-T) soll eine ganze Reihe ersetzen <a href=\"https:\/\/ru.wikipedia.org\/wiki\/\u041a\u043e\u043d\u0442\u0440\u043e\u043b\u043b\u0435\u0440\">Steuerungen<\/a> technologische Prozesse (Impulsz\u00e4hler, Universal-Timer und Zeitrelais).<\/p>\n<h3>RP2-T-BETRIEBSARTEN:<\/h3>\n<ul>\n<li>Vorw\u00e4rts- und R\u00fcckw\u00e4rtsz\u00e4hlung von Impulsen;<\/li>\n<li>mit einem Encoder arbeiten;<\/li>\n<li>Durchflussmesser;<\/li>\n<li>Frequenzz\u00e4hler;<\/li>\n<li>Geschwindigkeitsmesser;<\/li>\n<li>Spender;<\/li>\n<li>Betriebszeitz\u00e4hler der Ausr\u00fcstung;<\/li>\n<li>Universal-Timer;<\/li>\n<li>Zeitrelais.<\/li>\n<\/ul>\n<p>Der RP2-T-Messregler (RP2-T-Controller) kann f\u00fcr jeden Kanal f\u00fcr verschiedene Betriebsarten konfiguriert werden. Die Steuerkan\u00e4le sind v\u00f6llig unabh\u00e4ngig.<\/p>\n<h3>TECHNISCHE EIGENSCHAFTEN RP2-T:<\/h3>\n<ul>\n<li>Essen:\n<ul>\n<li>12\u2026 24 VDC.<\/li>\n<\/ul>\n<\/li>\n<li>Interne Stromversorgung:\n<ul>\n<li>24 VDC, Tragf\u00e4higkeit 60 mA.<\/li>\n<\/ul>\n<\/li>\n<li>Schnittstellen:\n<ul>\n<li>RS-485 (ModBus RTU-Protokoll);<\/li>\n<li>isoliertes RS-485 (ModBus RTU-Protokoll).<\/li>\n<\/ul>\n<\/li>\n<li>Eing\u00e4nge (4 Eing\u00e4nge):\n<ul>\n<li>2 Eing\u00e4nge, die je nach Betriebsart konfiguriert sind (als Z\u00e4hl- oder Betriebsfreigabeeing\u00e4nge);<\/li>\n<li>2 Eing\u00e4nge zur Freigabe des Betriebs START \/ STOP \/ PAUSE \/ Blockierung von Ausgabeger\u00e4ten.<\/li>\n<\/ul>\n<\/li>\n<li>Diskrete Ausg\u00e4nge (4 Ausg\u00e4nge):\n<ul>\n<li>elektromechanisches Relais (5A, 220 VAC);<\/li>\n<li>Transistor-Optokoppler (100 mA bei 60 VDC).<\/li>\n<li>Transistorschalter (100 mA, bei 60 VDC).<\/li>\n<li>Triac-Optokoppler (100 mA, bei 220 VAC).<\/li>\n<\/ul>\n<\/li>\n<li>Alarmausgang (2 Ausg\u00e4nge):\n<ul>\n<li>Transistorschalter (100 mA, bei 60 VDC).<\/li>\n<\/ul>\n<\/li>\n<li>Analoge Ausg\u00e4nge (2 Ausg\u00e4nge):\n<ul>\n<li>0 ... 5 mA<\/li>\n<li>0 ... 20 mA<\/li>\n<li>4 ... 20 mA.<\/li>\n<\/ul>\n<\/li>\n<\/ul>\n<p>&nbsp;<\/p>\n<p>Der universelle Zweikanal-Controller RP2-T zeichnet sich durch eine Reihe von Merkmalen von Produkten anderer Hersteller aus.<\/p>\n<h3>EIGENSCHAFTEN DES RP2-T-CONTROLLERS:<\/h3>\n<ul>\n<li>Pulsz\u00e4hlerbetriebsfrequenz bis 20 kHz;<\/li>\n<li>Schutz der Parameter vor unbefugtem Zugriff;<\/li>\n<li>Speichern der aktuellen Betriebsarten im nichtfl\u00fcchtigen Speicher des Ger\u00e4ts beim Ausschalten;<\/li>\n<li>die F\u00e4higkeit, bis zu 70 Programme des Universal-Timers gleichzeitig zu konfigurieren und zu arbeiten;<\/li>\n<li>Betrieb des Universal-Timers nach Priorit\u00e4ten (Monat, Woche, Wochentag, Tag, Stunde, Minute, Sekunde);<\/li>\n<li>Betrieb eines Universal-Timers f\u00fcr Sonnenaufgang \/ Sonnenuntergang;<\/li>\n<li>die M\u00f6glichkeit, bis zu 20 Feiertage und Wochenenden einzurichten, an denen der Universal-Timer die konfigurierten Arbeitsprogramme nicht ausf\u00fchrt;<\/li>\n<li>Einstellen von bis zu 10 Schritten f\u00fcr das Zeitrelais;<\/li>\n<li>Die Art des Ausgangssignals kann vom Benutzer konfiguriert werden.<\/li>\n<li>Steuerung der Ausg\u00e4nge \u00fcber die RS-485-Schnittstelle.<\/li>\n<\/ul>\n<p>&nbsp;<\/p>\n<p>Universalregler RP2-T auf einer DIN-Schiene <strong>ersetzt eine Reihe von Ger\u00e4ten<\/strong>zuvor produziert von REGMIK:<\/p>\n<ul>\n<li>Universal-Timer: UT-1, UT-2;<\/li>\n<li>Zeitrelais: <a href=\"\/product\/rele-vremeni-odnokanalnoe-schitovoe-rv1\/\">PB1<\/a>PB2;<\/li>\n<li>Impulsz\u00e4hler: SI1, SI2, SI1m.<\/li>\n<\/ul>\n<p>&nbsp;<\/p>\n<p>M\u00f6gliche Ausf\u00fchrung des RP2-T-Controllers in einer Panelbox <strong><a href=\"https:\/\/regmik.ua\/product\/universalnyj-dvuhkanalnyj-pribor-rp2-m\/\">RP2-M<\/a><\/strong>.<\/p>\n<p>Universeller Zweikanalregler \/ Impulsz\u00e4hler \/ Zeitrelais \/ Logger <a href=\"https:\/\/regmik.ua\/product\/universalnyj-dvuhkanalnyj-pribor-rp2-m\/\"><strong>RP2-M<\/strong>.<\/a><\/p>\n<p>Universelles Zweikanalmessger\u00e4t \/ Regler\u00a0<a href=\"\/product\/universalnyiy-dvuhkanalnyiy-regulyator-s-taymerom-sch3\/\"><strong>RP2-U<\/strong>.<\/a><\/p>","protected":false},"excerpt":{"rendered":"<p>Der universelle Zweikanalregler RP2-T kann im folgenden Modus programmiert werden: IMPULSZ\u00c4HLER \/ UNIVERSALZEITER \/ ZEITRELAIS.<\/p>","protected":false},"featured_media":19838,"comment_status":"open","ping_status":"closed","template":"","meta":[],"product_brand":[],"product_cat":[208,62],"product_tag":[751,748,765,749,752,747,753],"class_list":{"0":"post-19831","1":"product","2":"type-product","3":"status-publish","4":"has-post-thumbnail","6":"product_cat-din","7":"product_cat-timers-and-time-switches","8":"product_tag-rashodomer","9":"product_tag-rele-vremeni","10":"product_tag-rp2-t","11":"product_tag-schetchik-impulsov","12":"product_tag-tahometr","13":"product_tag-universalnyj-tajmer","14":"product_tag-chastotomer","15":"pa_interface-rs485output","16":"pa_interface-rs485i","19":"instock","20":"shipping-taxable","21":"purchasable","22":"product-type-variable"},"yoast_head":"<title>\u0423\u043d\u0438\u0432\u0435\u0440\u0441\u0430\u043b\u044c\u043d\u044b\u0439 \u0434\u0432\u0443\u0445\u043a\u0430\u043d\u0430\u043b\u044c\u043d\u044b\u0439 \u043a\u043e\u043d\u0442\u0440\u043e\u043b\u043b\u0435\u0440 \u0420\u041f2-\u0422 \u2014 REGMIK\u00ae<\/title>\n<meta name=\"description\" content=\"\u041a\u043e\u043d\u0442\u0440\u043e\u043b\u043b\u0435\u0440 \u0420\u041f2-\u0422 \u2014 \u0443\u043d\u0438\u0432\u0435\u0440\u0441\u0430\u043b\u044c\u043d\u044b\u0439 \u0434\u0432\u0443\u0445\u043a\u0430\u043d\u0430\u043b\u044c\u043d\u044b\u0439 \u043a\u043e\u043d\u0442\u0440\u043e\u043b\u043b\u0435\u0440 \u0441 \u0444\u0443\u043d\u043a\u0446\u0438\u0435\u0439 \u0441\u0447\u0435\u0442\u0447\u0438\u043a\u0430 \u0438\u043c\u043f\u0443\u043b\u044c\u0441\u043e\u0432, \u0443\u043d\u0438\u0432\u0435\u0440\u0441\u0430\u043b\u044c\u043d\u043e\u0433\u043e \u0442\u0430\u0439\u043c\u0435\u0440\u0430, \u0440\u0435\u043b\u0435 \u0432\u0440\u0435\u043c\u0435\u043d\u0438\" \/>\n<meta name=\"robots\" content=\"index, follow, max-snippet:-1, max-image-preview:large, max-video-preview:-1\" \/>\n<link rel=\"canonical\" href=\"https:\/\/regmik.ua\/de\/product\/universalnyj-dvuhkanalnyj-pribor-rp2-t-2\/\" \/>\n<script type=\"application\/ld+json\" class=\"yoast-schema-graph\">{\"@context\":\"https:\\\/\\\/schema.org\",\"@graph\":[{\"@type\":\"WebPage\",\"@id\":\"https:\\\/\\\/regmik.ua\\\/product\\\/universalnyj-dvuhkanalnyj-pribor-rp2-t-2\\\/\",\"url\":\"https:\\\/\\\/regmik.ua\\\/product\\\/universalnyj-dvuhkanalnyj-pribor-rp2-t-2\\\/\",\"name\":\"\u0423\u043d\u0438\u0432\u0435\u0440\u0441\u0430\u043b\u044c\u043d\u044b\u0439 \u0434\u0432\u0443\u0445\u043a\u0430\u043d\u0430\u043b\u044c\u043d\u044b\u0439 \u043a\u043e\u043d\u0442\u0440\u043e\u043b\u043b\u0435\u0440 \u0420\u041f2-\u0422 \u2014 REGMIK\u00ae\",\"isPartOf\":{\"@id\":\"https:\\\/\\\/regmik.ua\\\/uk\\\/#website\"},\"primaryImageOfPage\":{\"@id\":\"https:\\\/\\\/regmik.ua\\\/product\\\/universalnyj-dvuhkanalnyj-pribor-rp2-t-2\\\/#primaryimage\"},\"image\":{\"@id\":\"https:\\\/\\\/regmik.ua\\\/product\\\/universalnyj-dvuhkanalnyj-pribor-rp2-t-2\\\/#primaryimage\"},\"thumbnailUrl\":\"https:\\\/\\\/regmik.ua\\\/wp-content\\\/uploads\\\/2019\\\/11\\\/IMG_6230-1.jpeg\",\"datePublished\":\"2019-11-25T12:55:05+00:00\",\"dateModified\":\"2023-08-27T11:17:28+00:00\",\"description\":\"\u041a\u043e\u043d\u0442\u0440\u043e\u043b\u043b\u0435\u0440 \u0420\u041f2-\u0422 \u2014 \u0443\u043d\u0438\u0432\u0435\u0440\u0441\u0430\u043b\u044c\u043d\u044b\u0439 \u0434\u0432\u0443\u0445\u043a\u0430\u043d\u0430\u043b\u044c\u043d\u044b\u0439 \u043a\u043e\u043d\u0442\u0440\u043e\u043b\u043b\u0435\u0440 \u0441 \u0444\u0443\u043d\u043a\u0446\u0438\u0435\u0439 \u0441\u0447\u0435\u0442\u0447\u0438\u043a\u0430 \u0438\u043c\u043f\u0443\u043b\u044c\u0441\u043e\u0432, \u0443\u043d\u0438\u0432\u0435\u0440\u0441\u0430\u043b\u044c\u043d\u043e\u0433\u043e \u0442\u0430\u0439\u043c\u0435\u0440\u0430, \u0440\u0435\u043b\u0435 \u0432\u0440\u0435\u043c\u0435\u043d\u0438\",\"breadcrumb\":{\"@id\":\"https:\\\/\\\/regmik.ua\\\/product\\\/universalnyj-dvuhkanalnyj-pribor-rp2-t-2\\\/#breadcrumb\"},\"inLanguage\":\"de\",\"potentialAction\":[{\"@type\":\"ReadAction\",\"target\":[\"https:\\\/\\\/regmik.ua\\\/product\\\/universalnyj-dvuhkanalnyj-pribor-rp2-t-2\\\/\"]}]},{\"@type\":\"ImageObject\",\"inLanguage\":\"de\",\"@id\":\"https:\\\/\\\/regmik.ua\\\/product\\\/universalnyj-dvuhkanalnyj-pribor-rp2-t-2\\\/#primaryimage\",\"url\":\"https:\\\/\\\/regmik.ua\\\/wp-content\\\/uploads\\\/2019\\\/11\\\/IMG_6230-1.jpeg\",\"contentUrl\":\"https:\\\/\\\/regmik.ua\\\/wp-content\\\/uploads\\\/2019\\\/11\\\/IMG_6230-1.jpeg\",\"width\":1734,\"height\":1547,\"caption\":\"\u0438\u0437\u043c\u0435\u0440\u0438\u0442\u0435\u043b\u044c-\u0440\u0435\u0433\u0443\u043b\u044f\u0442\u043e\u0440 \u0420\u041f2-\u0422\"},{\"@type\":\"BreadcrumbList\",\"@id\":\"https:\\\/\\\/regmik.ua\\\/product\\\/universalnyj-dvuhkanalnyj-pribor-rp2-t-2\\\/#breadcrumb\",\"itemListElement\":[{\"@type\":\"ListItem\",\"position\":1,\"name\":\"\u0413\u043b\u0430\u0432\u043d\u0430\u044f \u0441\u0442\u0440\u0430\u043d\u0438\u0446\u0430\",\"item\":\"https:\\\/\\\/regmik.ua\\\/\"},{\"@type\":\"ListItem\",\"position\":2,\"name\":\"\u041f\u0440\u043e\u0434\u0443\u043a\u0446\u0438\u044f\",\"item\":\"https:\\\/\\\/regmik.ua\\\/uk\\\/products\\\/\"},{\"@type\":\"ListItem\",\"position\":3,\"name\":\"\u0423\u043d\u0438\u0432\u0435\u0440\u0441\u0430\u043b\u044c\u043d\u044b\u0439 \u0434\u0432\u0443\u0445\u043a\u0430\u043d\u0430\u043b\u044c\u043d\u044b\u0439 \u043a\u043e\u043d\u0442\u0440\u043e\u043b\u043b\u0435\u0440 \u0420\u041f2-\u0422\"}]},{\"@type\":\"WebSite\",\"@id\":\"https:\\\/\\\/regmik.ua\\\/uk\\\/#website\",\"url\":\"https:\\\/\\\/regmik.ua\\\/uk\\\/\",\"name\":\"REGMIK\",\"description\":\"\u0418\u0437\u043c\u0435\u0440\u0438\u0442\u0435\u043b\u044c\u043d\u044b\u0435 \u043f\u0440\u0438\u0431\u043e\u0440\u044b \u0438 \u0434\u0430\u0442\u0447\u0438\u043a\u0438 \u0442\u0435\u043c\u043f\u0435\u0440\u0430\u0442\u0443\u0440\u044b\",\"publisher\":{\"@id\":\"https:\\\/\\\/regmik.ua\\\/uk\\\/#organization\"},\"alternateName\":\"REGMIK\",\"potentialAction\":[{\"@type\":\"SearchAction\",\"target\":{\"@type\":\"EntryPoint\",\"urlTemplate\":\"https:\\\/\\\/regmik.ua\\\/uk\\\/?s={search_term_string}\"},\"query-input\":{\"@type\":\"PropertyValueSpecification\",\"valueRequired\":true,\"valueName\":\"search_term_string\"}}],\"inLanguage\":\"de\"},{\"@type\":\"Organization\",\"@id\":\"https:\\\/\\\/regmik.ua\\\/uk\\\/#organization\",\"name\":\"REGMIK\",\"alternateName\":\"\u0420\u0415\u0413\u041c\u0418\u041a\",\"url\":\"https:\\\/\\\/regmik.ua\\\/uk\\\/\",\"logo\":{\"@type\":\"ImageObject\",\"inLanguage\":\"de\",\"@id\":\"https:\\\/\\\/regmik.ua\\\/uk\\\/#\\\/schema\\\/logo\\\/image\\\/\",\"url\":\"https:\\\/\\\/regmik.ua\\\/wp-content\\\/uploads\\\/2020\\\/03\\\/regmik_logo.png\",\"contentUrl\":\"https:\\\/\\\/regmik.ua\\\/wp-content\\\/uploads\\\/2020\\\/03\\\/regmik_logo.png\",\"width\":194,\"height\":45,\"caption\":\"REGMIK\"},\"image\":{\"@id\":\"https:\\\/\\\/regmik.ua\\\/uk\\\/#\\\/schema\\\/logo\\\/image\\\/\"},\"sameAs\":[\"https:\\\/\\\/www.facebook.com\\\/regmik.npf\",\"https:\\\/\\\/x.com\\\/regmiknpf\",\"https:\\\/\\\/www.youtube.com\\\/channel\\\/UC_SrY98SKAmR3Kt95GcVKcw\"]}]}<\/script>","yoast_head_json":{"title":"Universeller Zweikanalregler RP2-T - REGMIK\u00ae","description":"RP2-T-Regler - ein universeller Zweikanalregler mit der Funktion eines Impulsz\u00e4hlers, eines universellen Timers und eines Zeitrelais","robots":{"index":"index","follow":"follow","max-snippet":"max-snippet:-1","max-image-preview":"max-image-preview:large","max-video-preview":"max-video-preview:-1"},"canonical":"https:\/\/regmik.ua\/de\/product\/universalnyj-dvuhkanalnyj-pribor-rp2-t-2\/","schema":{"@context":"https:\/\/schema.org","@graph":[{"@type":"WebPage","@id":"https:\/\/regmik.ua\/product\/universalnyj-dvuhkanalnyj-pribor-rp2-t-2\/","url":"https:\/\/regmik.ua\/product\/universalnyj-dvuhkanalnyj-pribor-rp2-t-2\/","name":"Universeller Zweikanalregler RP2-T - REGMIK\u00ae","isPartOf":{"@id":"https:\/\/regmik.ua\/uk\/#website"},"primaryImageOfPage":{"@id":"https:\/\/regmik.ua\/product\/universalnyj-dvuhkanalnyj-pribor-rp2-t-2\/#primaryimage"},"image":{"@id":"https:\/\/regmik.ua\/product\/universalnyj-dvuhkanalnyj-pribor-rp2-t-2\/#primaryimage"},"thumbnailUrl":"https:\/\/regmik.ua\/wp-content\/uploads\/2019\/11\/IMG_6230-1.jpeg","datePublished":"2019-11-25T12:55:05+00:00","dateModified":"2023-08-27T11:17:28+00:00","description":"RP2-T-Regler - ein universeller Zweikanalregler mit der Funktion eines Impulsz\u00e4hlers, eines universellen Timers und eines Zeitrelais","breadcrumb":{"@id":"https:\/\/regmik.ua\/product\/universalnyj-dvuhkanalnyj-pribor-rp2-t-2\/#breadcrumb"},"inLanguage":"de","potentialAction":[{"@type":"ReadAction","target":["https:\/\/regmik.ua\/product\/universalnyj-dvuhkanalnyj-pribor-rp2-t-2\/"]}]},{"@type":"ImageObject","inLanguage":"de","@id":"https:\/\/regmik.ua\/product\/universalnyj-dvuhkanalnyj-pribor-rp2-t-2\/#primaryimage","url":"https:\/\/regmik.ua\/wp-content\/uploads\/2019\/11\/IMG_6230-1.jpeg","contentUrl":"https:\/\/regmik.ua\/wp-content\/uploads\/2019\/11\/IMG_6230-1.jpeg","width":1734,"height":1547,"caption":"\u0438\u0437\u043c\u0435\u0440\u0438\u0442\u0435\u043b\u044c-\u0440\u0435\u0433\u0443\u043b\u044f\u0442\u043e\u0440 \u0420\u041f2-\u0422"},{"@type":"BreadcrumbList","@id":"https:\/\/regmik.ua\/product\/universalnyj-dvuhkanalnyj-pribor-rp2-t-2\/#breadcrumb","itemListElement":[{"@type":"ListItem","position":1,"name":"\u0413\u043b\u0430\u0432\u043d\u0430\u044f \u0441\u0442\u0440\u0430\u043d\u0438\u0446\u0430","item":"https:\/\/regmik.ua\/"},{"@type":"ListItem","position":2,"name":"\u041f\u0440\u043e\u0434\u0443\u043a\u0446\u0438\u044f","item":"https:\/\/regmik.ua\/uk\/products\/"},{"@type":"ListItem","position":3,"name":"\u0423\u043d\u0438\u0432\u0435\u0440\u0441\u0430\u043b\u044c\u043d\u044b\u0439 \u0434\u0432\u0443\u0445\u043a\u0430\u043d\u0430\u043b\u044c\u043d\u044b\u0439 \u043a\u043e\u043d\u0442\u0440\u043e\u043b\u043b\u0435\u0440 \u0420\u041f2-\u0422"}]},{"@type":"WebSite","@id":"https:\/\/regmik.ua\/uk\/#website","url":"https:\/\/regmik.ua\/uk\/","name":"REGMIK","description":"Messger\u00e4te und Temperatursensoren","publisher":{"@id":"https:\/\/regmik.ua\/uk\/#organization"},"alternateName":"REGMIK","potentialAction":[{"@type":"SearchAction","target":{"@type":"EntryPoint","urlTemplate":"https:\/\/regmik.ua\/uk\/?s={search_term_string}"},"query-input":{"@type":"PropertyValueSpecification","valueRequired":true,"valueName":"search_term_string"}}],"inLanguage":"de"},{"@type":"Organization","@id":"https:\/\/regmik.ua\/uk\/#organization","name":"REGMIK","alternateName":"\u0420\u0415\u0413\u041c\u0418\u041a","url":"https:\/\/regmik.ua\/uk\/","logo":{"@type":"ImageObject","inLanguage":"de","@id":"https:\/\/regmik.ua\/uk\/#\/schema\/logo\/image\/","url":"https:\/\/regmik.ua\/wp-content\/uploads\/2020\/03\/regmik_logo.png","contentUrl":"https:\/\/regmik.ua\/wp-content\/uploads\/2020\/03\/regmik_logo.png","width":194,"height":45,"caption":"REGMIK"},"image":{"@id":"https:\/\/regmik.ua\/uk\/#\/schema\/logo\/image\/"},"sameAs":["https:\/\/www.facebook.com\/regmik.npf","https:\/\/x.com\/regmiknpf","https:\/\/www.youtube.com\/channel\/UC_SrY98SKAmR3Kt95GcVKcw"]}]}},"_links":{"self":[{"href":"https:\/\/regmik.ua\/de\/wp-json\/wp\/v2\/product\/19831","targetHints":{"allow":["GET"]}}],"collection":[{"href":"https:\/\/regmik.ua\/de\/wp-json\/wp\/v2\/product"}],"about":[{"href":"https:\/\/regmik.ua\/de\/wp-json\/wp\/v2\/types\/product"}],"replies":[{"embeddable":true,"href":"https:\/\/regmik.ua\/de\/wp-json\/wp\/v2\/comments?post=19831"}],"version-history":[{"count":0,"href":"https:\/\/regmik.ua\/de\/wp-json\/wp\/v2\/product\/19831\/revisions"}],"wp:featuredmedia":[{"embeddable":true,"href":"https:\/\/regmik.ua\/de\/wp-json\/wp\/v2\/media\/19838"}],"wp:attachment":[{"href":"https:\/\/regmik.ua\/de\/wp-json\/wp\/v2\/media?parent=19831"}],"wp:term":[{"taxonomy":"product_brand","embeddable":true,"href":"https:\/\/regmik.ua\/de\/wp-json\/wp\/v2\/product_brand?post=19831"},{"taxonomy":"product_cat","embeddable":true,"href":"https:\/\/regmik.ua\/de\/wp-json\/wp\/v2\/product_cat?post=19831"},{"taxonomy":"product_tag","embeddable":true,"href":"https:\/\/regmik.ua\/de\/wp-json\/wp\/v2\/product_tag?post=19831"}],"curies":[{"name":"wp","href":"https:\/\/api.w.org\/{rel}","templated":true}]}}