{"id":19717,"date":"2019-08-12T10:09:24","date_gmt":"2019-08-12T08:09:24","guid":{"rendered":"https:\/\/regmik.com.ua\/?post_type=product&#038;p=19717"},"modified":"2023-11-29T15:08:56","modified_gmt":"2023-11-29T13:08:56","slug":"termoelektricheskie-preobrazovateli-temperatury-s-unifitsirovannym-vyhodnym-tokovym-signalom-4-20-ma-modifikatsiya-002","status":"publish","type":"product","link":"https:\/\/regmik.ua\/de\/product\/termoelektricheskie-preobrazovateli-temperatury-s-unifitsirovannym-vyhodnym-tokovym-signalom-4-20-ma-modifikatsiya-002\/","title":{"rendered":"Thermoelement mit einheitlichem Ausgang 4-20 mA THAU-002, THKU-002, TZHKU-002"},"content":{"rendered":"<p><a href=\"https:\/\/uk.wikipedia.org\/wiki\/%D0%A2%D0%B5%D1%80%D0%BC%D0%BE%D0%BF%D0%B0%D1%80%D0%B0\">Thermoelement<\/a> mit 4-20 mA Ausgang (thermoelektrischer Temperaturwandler, Temperatursensor mit einem einheitlichen Ausgangsstromsignal 4-20 mA) <strong>THOU-002<\/strong>, <strong>THKU-002<\/strong>, <strong>TZHKU-002<\/strong>\u00a0ist zur Umwandlung der Temperatur des Arbeitsende des Thermoelements in Thermo-EMF und anschlie\u00dfende Umwandlung in ein einheitliches Ausgangsstromsignal von 4 bis 20 mA vorgesehen.<\/p>\n<p>Thermoelemente werden verwendet, um die Temperatur von fl\u00fcssigen, volumin\u00f6sen und gasf\u00f6rmigen Medien zu messen, die keine Substanzen enthalten, die mit dem Material der Schutzarmaturen und des Verbindungskabels interagieren.<\/p>\n<p>Anwendungsbereich von Thermoelementen mit einem einheitlichen Ausgangssignal 4-20 mA - Systeme zur \u00dcberwachung und Regelung der Temperatur technologischer Prozesse in verschiedenen Bereichen der Industrie, Landwirtschaft und kommunalen Dienstleistungen, Alltag.<\/p>\n<h3>Wie das Thermoelement funktioniert<\/h3>\n<p>Das Funktionsprinzip des Thermoelements basiert auf dem thermoelektrischen Effekt von Seebeck. Das Thermoelement hat zwei gel\u00f6tete Enden, ein Ende befindet sich in der Messumgebung und wird als Arbeits- oder Hei\u00dfverbindung bezeichnet, und das andere Ende ist an der Verbindungsstelle zum Ger\u00e4teeingang eine Kaltverbindung. Verfahren zur Herstellung eines hei\u00dfen \u00dcbergangs sind in Abbildung 1 dargestellt. Wenn im Stromkreis ein Temperaturunterschied zwischen dem hei\u00dfen und dem kalten \u00dcbergang auftritt, tritt eine Thermo-EMK auf, deren Wert dem Eingang zugef\u00fchrt wird.<\/p>\n<p><a href=\"https:\/\/regmik.ua\/wp-content\/uploads\/2017\/02\/sposoby-izgotovleniya-goryachego-spaya.jpg\"><img decoding=\"async\" class=\"alignnone size-medium wp-image-26208\" src=\"https:\/\/regmik.ua\/wp-content\/uploads\/2017\/02\/sposoby-izgotovleniya-goryachego-spaya-280x144.jpg\" alt=\"\" width=\"280\" height=\"144\" \/><\/a><\/p>\n<p>Bild 1 - <strong>Herstellungsverfahren f\u00fcr hei\u00dfe Verbindungen<\/strong><\/p>\n<p>Die Arbeitsverbindung befindet sich in einem Schutzanker. Die Thermoelementverbindung ist in verschiedenen Konfigurationen erh\u00e4ltlich. Die Verbindung kann geerdet oder nicht geerdet sein, und die Zwei-Element-Thermoelemente k\u00f6nnen isoliert oder nicht isoliert sein. Hot Junction-Konfigurationen sind in Abbildung 2 dargestellt.<\/p>\n<p><a href=\"https:\/\/regmik.ua\/wp-content\/uploads\/2017\/02\/konfiguracii-goryachih-spaev.jpg\"><img fetchpriority=\"high\" decoding=\"async\" class=\"alignnone size-medium wp-image-26209\" src=\"https:\/\/regmik.ua\/wp-content\/uploads\/2017\/02\/konfiguracii-goryachih-spaev-280x233.jpg\" alt=\"\" width=\"280\" height=\"233\" \/><\/a><\/p>\n<p>Figur 2 - <strong>Hot Junction-Konfigurationen<\/strong><\/p>\n<p>Eine geerdete Thermoelementverbindung wird gebildet, wenn eine Thermoelementverbindung mit dem Sensormantel verbunden ist. Geerdete \u00dcberg\u00e4nge weisen eine bessere W\u00e4rmeleitf\u00e4higkeit auf, was wiederum die Reaktionszeiten verbessert. Durch die Erdung werden Thermoelementschaltungen jedoch auch anf\u00e4lliger f\u00fcr elektrisches Rauschen, wodurch das Spannungssignal des Thermoelements verzerrt werden kann, wenn der Tester keine Isolierung bietet. Alle hochwertigen Sender und E \/ A-Karten sind standardm\u00e4\u00dfig elektrisch isoliert. Die geerdete Verbindung ist im Laufe der Zeit auch anf\u00e4lliger f\u00fcr chemische Verunreinigungen.<\/p>\n<p>Thermoelektrische Wandler mit offener Verbindungsstelle haben eine hei\u00dfe Verbindungsstelle, die aus dem abgedichteten Ende des Mantels herausragt und hohe Reaktionszeiten bietet. Durch das Versiegeln wird verhindert, dass Feuchtigkeit oder andere Verunreinigungen in die Schale gelangen. Typischerweise werden diese Thermoelemente nur in nicht korrosiven Gasen wie Luftkan\u00e4len verwendet.<\/p>\n<p>Ungeerdete Verbindungen werden erhalten, wenn Thermoelementelemente nicht mit dem Mantel des Prim\u00e4rwandlers verbunden sind, sondern von Isolierpulver umgeben sind. Nicht geerdete \u00dcberg\u00e4nge sind etwas langsamer als geerdete \u00dcberg\u00e4nge, reagieren jedoch weniger empfindlich auf elektrisches Rauschen.<\/p>\n<p>Strukturell <a href=\"https:\/\/uk.wikipedia.org\/wiki\/%D0%A2%D0%B5%D1%80%D0%BC%D0%BE%D0%BF%D0%B0%D1%80%D0%B0\">Thermoelement<\/a>\u00a0mit 4-20 mA Ausgang (Option - 002) sind ein Temperatursensor <a href=\"https:\/\/regmik.ua\/ru\/product\/datchik-temperaturyi-modifikatsiya-002\/\">\u00c4nderungen 002<\/a> mit einer im Anschlusskopf eingebauten 4-20 mA-Platine.<\/p>\n<h3>Technische Hauptmerkmale von 4-20 mA Thermoelementen<\/h3>\n<ul>\n<li>\u00a0Betriebstemperaturbereich je nach Thermoelementtyp - (0-1100) \u00b0 \u0421;<\/li>\n<li>Umgebungstemperaturbereich um die Wandlerplatine 4-20 mA - von 5 bis 55 \u00b0 C;<\/li>\n<li>Anschlussplan des Messelements - Zweidraht;<\/li>\n<li>\u00a0Thermoelementtyp Thermoelement mit 4-20 mA Ausgang - K, L, J;<\/li>\n<li>\u00a0Das Material der Schutzbeschl\u00e4ge ist Edelstahl 12x18N10T;<\/li>\n<li>\u00a0Schutz vor Staub und Wasser - IP54;<\/li>\n<li>\u00a0Konstruktion - nicht trennbar;<\/li>\n<li>\u00a0Isolationswiderstand - mindestens 100 MOhm;<\/li>\n<li>\u00a0Ausgangssignal - 4-20 mA;<\/li>\n<li>\u00a0DC-Versorgungsspannung - 12-36 V;<\/li>\n<li>\u00a0Verbrauchsstrom nicht mehr - 40 mA;<\/li>\n<li>\u00a0Die Grenze des zul\u00e4ssigen Wertes des Grundfehlers betr\u00e4gt nicht mehr als - 1% (geregelt f\u00fcr eine Betriebstemperatur von 25 \u00b0 C der 4-20 mA Wandlerplatine).<\/li>\n<\/ul>\n<p>M\u00f6glicherweise interessieren Sie sich f\u00fcr thermoelektrische Temperaturmessumformer mit einem einheitlichen Ausgangssignal von 4 bis 20 mA (Modifikation - 001). <a href=\"https:\/\/regmik.ua\/product\/termoelektricheskie-preobrazovateli-temperatury-s-unifitsirovannym-vyhodnym-tokovym-signalom-4-20-ma-modifikatsiya-002\/\">THAU-001, THKU-001, TZHKU-001<\/a>, die im Gegensatz zur Modifikation 002 keinen beweglichen oder geschwei\u00dften Nippel aufweist.<\/p>\n<p>Vollst\u00e4ndige Bezeichnung der Thermoelemente bei Bestellung:\u00a0<strong>REGMIK-PTU-THAU-002<\/strong>, <strong>REGMIK-PTU-THKU-002<\/strong>, <strong>REGMIK-PTU-TJKU-002<\/strong>.<\/p>","protected":false},"excerpt":{"rendered":"<p><a href=\"https:\/\/uk.wikipedia.org\/wiki\/\u0422\u0435\u0440\u043c\u043e\u043f\u0430\u0440\u0430\">Thermoelement<\/a> mit einem Ausgang von 4-20 mA (thermoelektrischer Temperaturwandler, Temperatursensor mit einem einheitlichen Ausgangsstromsignal 4-20 mA) REGMIK-PTU-THAU, REGMIK-PTU-TKHKU, REGMIK-PTU-TZHKU (im Folgenden PTU) dient zur Umwandlung der Temperatur des Arbeitsende Thermoelemente in Thermo-EMF und anschlie\u00dfende Umwandlung in ein einheitliches Ausgangsstromsignal 4-20 mA.<\/p>","protected":false},"featured_media":19673,"comment_status":"open","ping_status":"closed","template":"","meta":[],"product_brand":[],"product_cat":[601],"product_tag":[3228,3229,3232,3230,3231],"class_list":{"0":"post-19717","1":"product","2":"type-product","3":"status-publish","4":"has-post-thumbnail","6":"product_cat-sensors-with-standardized-output-signal","7":"product_tag-termopara","8":"product_tag-termoelektricheskij-preobrazovatel","9":"product_tag-tzhku","10":"product_tag-thau","11":"product_tag-thku","12":"pa_head-type-carbolit","13":"pa_head-type-dural","16":"instock","17":"shipping-taxable","18":"purchasable","19":"product-type-variable"},"yoast_head":"<title>\u0422\u0435\u0440\u043c\u043e\u043f\u0430\u0440\u0430 \u0441 \u0432\u044b\u0445\u043e\u0434\u043e\u043c 4-20 \u043c\u0410 (\u0442\u0435\u0440\u043c\u043e\u043f\u0440\u0435\u043e\u0431\u0440\u0430\u0437\u043e\u0432\u0430\u0442\u0435\u043b\u044c) &#8211; \u0420\u0415\u0413\u041c\u0406\u041a, \u041d\u0412\u0424, \u041f\u041f<\/title>\n<meta name=\"description\" content=\"\u0422\u0435\u0440\u043c\u043e\u043f\u0430\u0440\u0430 (\u0442\u0435\u0440\u043c\u043e\u043f\u0440\u0435\u043e\u0431\u0440\u0430\u0437\u043e\u0432\u0430\u0442\u0435\u043b\u044c, \u0434\u0430\u0442\u0447\u0438\u043a \u0442\u0435\u043c\u043f\u0435\u0440\u0430\u0442\u0443\u0440\u044b \u0441 \u0432\u044b\u0445\u043e\u0434\u043e\u043c 4-20 \u043c\u0410 \u0422\u0421\u041f\u0423\u2013002, \u0422\u0421\u041c\u0423-002, \u0422\u0425\u0410\u0423-002, \u0422\u0425\u041a\u0423-002, \u0422\u0416\u041a\u0423-002\" \/>\n<meta name=\"robots\" content=\"index, follow, max-snippet:-1, max-image-preview:large, max-video-preview:-1\" \/>\n<link rel=\"canonical\" href=\"https:\/\/regmik.ua\/de\/product\/termoelektricheskie-preobrazovateli-temperatury-s-unifitsirovannym-vyhodnym-tokovym-signalom-4-20-ma-modifikatsiya-002\/\" \/>\n<script type=\"application\/ld+json\" class=\"yoast-schema-graph\">{\"@context\":\"https:\\\/\\\/schema.org\",\"@graph\":[{\"@type\":\"WebPage\",\"@id\":\"https:\\\/\\\/regmik.ua\\\/product\\\/termoelektricheskie-preobrazovateli-temperatury-s-unifitsirovannym-vyhodnym-tokovym-signalom-4-20-ma-modifikatsiya-002\\\/\",\"url\":\"https:\\\/\\\/regmik.ua\\\/product\\\/termoelektricheskie-preobrazovateli-temperatury-s-unifitsirovannym-vyhodnym-tokovym-signalom-4-20-ma-modifikatsiya-002\\\/\",\"name\":\"\u0422\u0435\u0440\u043c\u043e\u043f\u0430\u0440\u0430 \u0441 \u0432\u044b\u0445\u043e\u0434\u043e\u043c 4-20 \u043c\u0410 (\u0442\u0435\u0440\u043c\u043e\u043f\u0440\u0435\u043e\u0431\u0440\u0430\u0437\u043e\u0432\u0430\u0442\u0435\u043b\u044c) &#8211; \u0420\u0415\u0413\u041c\u0406\u041a, \u041d\u0412\u0424, \u041f\u041f\",\"isPartOf\":{\"@id\":\"https:\\\/\\\/regmik.ua\\\/uk\\\/#website\"},\"primaryImageOfPage\":{\"@id\":\"https:\\\/\\\/regmik.ua\\\/product\\\/termoelektricheskie-preobrazovateli-temperatury-s-unifitsirovannym-vyhodnym-tokovym-signalom-4-20-ma-modifikatsiya-002\\\/#primaryimage\"},\"image\":{\"@id\":\"https:\\\/\\\/regmik.ua\\\/product\\\/termoelektricheskie-preobrazovateli-temperatury-s-unifitsirovannym-vyhodnym-tokovym-signalom-4-20-ma-modifikatsiya-002\\\/#primaryimage\"},\"thumbnailUrl\":\"https:\\\/\\\/regmik.ua\\\/wp-content\\\/uploads\\\/2019\\\/08\\\/photo_2019-08-08_16-01-47-2.jpg\",\"datePublished\":\"2019-08-12T08:09:24+00:00\",\"dateModified\":\"2023-11-29T13:08:56+00:00\",\"description\":\"\u0422\u0435\u0440\u043c\u043e\u043f\u0430\u0440\u0430 (\u0442\u0435\u0440\u043c\u043e\u043f\u0440\u0435\u043e\u0431\u0440\u0430\u0437\u043e\u0432\u0430\u0442\u0435\u043b\u044c, \u0434\u0430\u0442\u0447\u0438\u043a \u0442\u0435\u043c\u043f\u0435\u0440\u0430\u0442\u0443\u0440\u044b \u0441 \u0432\u044b\u0445\u043e\u0434\u043e\u043c 4-20 \u043c\u0410 \u0422\u0421\u041f\u0423\u2013002, \u0422\u0421\u041c\u0423-002, \u0422\u0425\u0410\u0423-002, \u0422\u0425\u041a\u0423-002, \u0422\u0416\u041a\u0423-002\",\"breadcrumb\":{\"@id\":\"https:\\\/\\\/regmik.ua\\\/product\\\/termoelektricheskie-preobrazovateli-temperatury-s-unifitsirovannym-vyhodnym-tokovym-signalom-4-20-ma-modifikatsiya-002\\\/#breadcrumb\"},\"inLanguage\":\"de\",\"potentialAction\":[{\"@type\":\"ReadAction\",\"target\":[\"https:\\\/\\\/regmik.ua\\\/product\\\/termoelektricheskie-preobrazovateli-temperatury-s-unifitsirovannym-vyhodnym-tokovym-signalom-4-20-ma-modifikatsiya-002\\\/\"]}]},{\"@type\":\"ImageObject\",\"inLanguage\":\"de\",\"@id\":\"https:\\\/\\\/regmik.ua\\\/product\\\/termoelektricheskie-preobrazovateli-temperatury-s-unifitsirovannym-vyhodnym-tokovym-signalom-4-20-ma-modifikatsiya-002\\\/#primaryimage\",\"url\":\"https:\\\/\\\/regmik.ua\\\/wp-content\\\/uploads\\\/2019\\\/08\\\/photo_2019-08-08_16-01-47-2.jpg\",\"contentUrl\":\"https:\\\/\\\/regmik.ua\\\/wp-content\\\/uploads\\\/2019\\\/08\\\/photo_2019-08-08_16-01-47-2.jpg\",\"width\":800,\"height\":1024,\"caption\":\"\u0422\u0435\u0440\u043c\u043e\u043f\u0430\u0440\u0430\"},{\"@type\":\"BreadcrumbList\",\"@id\":\"https:\\\/\\\/regmik.ua\\\/product\\\/termoelektricheskie-preobrazovateli-temperatury-s-unifitsirovannym-vyhodnym-tokovym-signalom-4-20-ma-modifikatsiya-002\\\/#breadcrumb\",\"itemListElement\":[{\"@type\":\"ListItem\",\"position\":1,\"name\":\"\u0413\u043b\u0430\u0432\u043d\u0430\u044f \u0441\u0442\u0440\u0430\u043d\u0438\u0446\u0430\",\"item\":\"https:\\\/\\\/regmik.ua\\\/\"},{\"@type\":\"ListItem\",\"position\":2,\"name\":\"\u041f\u0440\u043e\u0434\u0443\u043a\u0446\u0438\u044f\",\"item\":\"https:\\\/\\\/regmik.ua\\\/uk\\\/products\\\/\"},{\"@type\":\"ListItem\",\"position\":3,\"name\":\"\u0422\u0435\u0440\u043c\u043e\u043f\u0430\u0440\u0430 \u0441 \u0443\u043d\u0438\u0444\u0438\u0446\u0438\u0440\u043e\u0432\u0430\u043d\u043d\u044b\u043c \u0432\u044b\u0445\u043e\u0434\u043e\u043c 4-20 \u043c\u0410 \u0422\u0425\u0410\u0423-002, \u0422\u0425\u041a\u0423-002, \u0422\u0416\u041a\u0423-002\"}]},{\"@type\":\"WebSite\",\"@id\":\"https:\\\/\\\/regmik.ua\\\/uk\\\/#website\",\"url\":\"https:\\\/\\\/regmik.ua\\\/uk\\\/\",\"name\":\"REGMIK\",\"description\":\"\u0418\u0437\u043c\u0435\u0440\u0438\u0442\u0435\u043b\u044c\u043d\u044b\u0435 \u043f\u0440\u0438\u0431\u043e\u0440\u044b \u0438 \u0434\u0430\u0442\u0447\u0438\u043a\u0438 \u0442\u0435\u043c\u043f\u0435\u0440\u0430\u0442\u0443\u0440\u044b\",\"publisher\":{\"@id\":\"https:\\\/\\\/regmik.ua\\\/uk\\\/#organization\"},\"alternateName\":\"REGMIK\",\"potentialAction\":[{\"@type\":\"SearchAction\",\"target\":{\"@type\":\"EntryPoint\",\"urlTemplate\":\"https:\\\/\\\/regmik.ua\\\/uk\\\/?s={search_term_string}\"},\"query-input\":{\"@type\":\"PropertyValueSpecification\",\"valueRequired\":true,\"valueName\":\"search_term_string\"}}],\"inLanguage\":\"de\"},{\"@type\":\"Organization\",\"@id\":\"https:\\\/\\\/regmik.ua\\\/uk\\\/#organization\",\"name\":\"REGMIK\",\"alternateName\":\"\u0420\u0415\u0413\u041c\u0418\u041a\",\"url\":\"https:\\\/\\\/regmik.ua\\\/uk\\\/\",\"logo\":{\"@type\":\"ImageObject\",\"inLanguage\":\"de\",\"@id\":\"https:\\\/\\\/regmik.ua\\\/uk\\\/#\\\/schema\\\/logo\\\/image\\\/\",\"url\":\"https:\\\/\\\/regmik.ua\\\/wp-content\\\/uploads\\\/2020\\\/03\\\/regmik_logo.png\",\"contentUrl\":\"https:\\\/\\\/regmik.ua\\\/wp-content\\\/uploads\\\/2020\\\/03\\\/regmik_logo.png\",\"width\":194,\"height\":45,\"caption\":\"REGMIK\"},\"image\":{\"@id\":\"https:\\\/\\\/regmik.ua\\\/uk\\\/#\\\/schema\\\/logo\\\/image\\\/\"},\"sameAs\":[\"https:\\\/\\\/www.facebook.com\\\/regmik.npf\",\"https:\\\/\\\/x.com\\\/regmiknpf\",\"https:\\\/\\\/www.youtube.com\\\/channel\\\/UC_SrY98SKAmR3Kt95GcVKcw\"]}]}<\/script>","yoast_head_json":{"title":"\u0422\u0435\u0440\u043c\u043e\u043f\u0430\u0440\u0430 \u0441 \u0432\u044b\u0445\u043e\u0434\u043e\u043c 4-20 \u043c\u0410 (\u0442\u0435\u0440\u043c\u043e\u043f\u0440\u0435\u043e\u0431\u0440\u0430\u0437\u043e\u0432\u0430\u0442\u0435\u043b\u044c) &#8211; \u0420\u0415\u0413\u041c\u0406\u041a, \u041d\u0412\u0424, \u041f\u041f","description":"Thermoelement (Thermoelement, Temperatursensor mit 4-20 mA Ausgang TSPU-002, TSMU-002, TKHAU-002, TKHKU-002, TZHKU-002","robots":{"index":"index","follow":"follow","max-snippet":"max-snippet:-1","max-image-preview":"max-image-preview:large","max-video-preview":"max-video-preview:-1"},"canonical":"https:\/\/regmik.ua\/de\/product\/termoelektricheskie-preobrazovateli-temperatury-s-unifitsirovannym-vyhodnym-tokovym-signalom-4-20-ma-modifikatsiya-002\/","schema":{"@context":"https:\/\/schema.org","@graph":[{"@type":"WebPage","@id":"https:\/\/regmik.ua\/product\/termoelektricheskie-preobrazovateli-temperatury-s-unifitsirovannym-vyhodnym-tokovym-signalom-4-20-ma-modifikatsiya-002\/","url":"https:\/\/regmik.ua\/product\/termoelektricheskie-preobrazovateli-temperatury-s-unifitsirovannym-vyhodnym-tokovym-signalom-4-20-ma-modifikatsiya-002\/","name":"\u0422\u0435\u0440\u043c\u043e\u043f\u0430\u0440\u0430 \u0441 \u0432\u044b\u0445\u043e\u0434\u043e\u043c 4-20 \u043c\u0410 (\u0442\u0435\u0440\u043c\u043e\u043f\u0440\u0435\u043e\u0431\u0440\u0430\u0437\u043e\u0432\u0430\u0442\u0435\u043b\u044c) &#8211; \u0420\u0415\u0413\u041c\u0406\u041a, \u041d\u0412\u0424, \u041f\u041f","isPartOf":{"@id":"https:\/\/regmik.ua\/uk\/#website"},"primaryImageOfPage":{"@id":"https:\/\/regmik.ua\/product\/termoelektricheskie-preobrazovateli-temperatury-s-unifitsirovannym-vyhodnym-tokovym-signalom-4-20-ma-modifikatsiya-002\/#primaryimage"},"image":{"@id":"https:\/\/regmik.ua\/product\/termoelektricheskie-preobrazovateli-temperatury-s-unifitsirovannym-vyhodnym-tokovym-signalom-4-20-ma-modifikatsiya-002\/#primaryimage"},"thumbnailUrl":"https:\/\/regmik.ua\/wp-content\/uploads\/2019\/08\/photo_2019-08-08_16-01-47-2.jpg","datePublished":"2019-08-12T08:09:24+00:00","dateModified":"2023-11-29T13:08:56+00:00","description":"Thermoelement (Thermoelement, Temperatursensor mit 4-20 mA Ausgang TSPU-002, TSMU-002, TKHAU-002, TKHKU-002, TZHKU-002","breadcrumb":{"@id":"https:\/\/regmik.ua\/product\/termoelektricheskie-preobrazovateli-temperatury-s-unifitsirovannym-vyhodnym-tokovym-signalom-4-20-ma-modifikatsiya-002\/#breadcrumb"},"inLanguage":"de","potentialAction":[{"@type":"ReadAction","target":["https:\/\/regmik.ua\/product\/termoelektricheskie-preobrazovateli-temperatury-s-unifitsirovannym-vyhodnym-tokovym-signalom-4-20-ma-modifikatsiya-002\/"]}]},{"@type":"ImageObject","inLanguage":"de","@id":"https:\/\/regmik.ua\/product\/termoelektricheskie-preobrazovateli-temperatury-s-unifitsirovannym-vyhodnym-tokovym-signalom-4-20-ma-modifikatsiya-002\/#primaryimage","url":"https:\/\/regmik.ua\/wp-content\/uploads\/2019\/08\/photo_2019-08-08_16-01-47-2.jpg","contentUrl":"https:\/\/regmik.ua\/wp-content\/uploads\/2019\/08\/photo_2019-08-08_16-01-47-2.jpg","width":800,"height":1024,"caption":"\u0422\u0435\u0440\u043c\u043e\u043f\u0430\u0440\u0430"},{"@type":"BreadcrumbList","@id":"https:\/\/regmik.ua\/product\/termoelektricheskie-preobrazovateli-temperatury-s-unifitsirovannym-vyhodnym-tokovym-signalom-4-20-ma-modifikatsiya-002\/#breadcrumb","itemListElement":[{"@type":"ListItem","position":1,"name":"\u0413\u043b\u0430\u0432\u043d\u0430\u044f \u0441\u0442\u0440\u0430\u043d\u0438\u0446\u0430","item":"https:\/\/regmik.ua\/"},{"@type":"ListItem","position":2,"name":"\u041f\u0440\u043e\u0434\u0443\u043a\u0446\u0438\u044f","item":"https:\/\/regmik.ua\/uk\/products\/"},{"@type":"ListItem","position":3,"name":"\u0422\u0435\u0440\u043c\u043e\u043f\u0430\u0440\u0430 \u0441 \u0443\u043d\u0438\u0444\u0438\u0446\u0438\u0440\u043e\u0432\u0430\u043d\u043d\u044b\u043c \u0432\u044b\u0445\u043e\u0434\u043e\u043c 4-20 \u043c\u0410 \u0422\u0425\u0410\u0423-002, \u0422\u0425\u041a\u0423-002, \u0422\u0416\u041a\u0423-002"}]},{"@type":"WebSite","@id":"https:\/\/regmik.ua\/uk\/#website","url":"https:\/\/regmik.ua\/uk\/","name":"REGMIK","description":"Messger\u00e4te und Temperatursensoren","publisher":{"@id":"https:\/\/regmik.ua\/uk\/#organization"},"alternateName":"REGMIK","potentialAction":[{"@type":"SearchAction","target":{"@type":"EntryPoint","urlTemplate":"https:\/\/regmik.ua\/uk\/?s={search_term_string}"},"query-input":{"@type":"PropertyValueSpecification","valueRequired":true,"valueName":"search_term_string"}}],"inLanguage":"de"},{"@type":"Organization","@id":"https:\/\/regmik.ua\/uk\/#organization","name":"REGMIK","alternateName":"\u0420\u0415\u0413\u041c\u0418\u041a","url":"https:\/\/regmik.ua\/uk\/","logo":{"@type":"ImageObject","inLanguage":"de","@id":"https:\/\/regmik.ua\/uk\/#\/schema\/logo\/image\/","url":"https:\/\/regmik.ua\/wp-content\/uploads\/2020\/03\/regmik_logo.png","contentUrl":"https:\/\/regmik.ua\/wp-content\/uploads\/2020\/03\/regmik_logo.png","width":194,"height":45,"caption":"REGMIK"},"image":{"@id":"https:\/\/regmik.ua\/uk\/#\/schema\/logo\/image\/"},"sameAs":["https:\/\/www.facebook.com\/regmik.npf","https:\/\/x.com\/regmiknpf","https:\/\/www.youtube.com\/channel\/UC_SrY98SKAmR3Kt95GcVKcw"]}]}},"_links":{"self":[{"href":"https:\/\/regmik.ua\/de\/wp-json\/wp\/v2\/product\/19717","targetHints":{"allow":["GET"]}}],"collection":[{"href":"https:\/\/regmik.ua\/de\/wp-json\/wp\/v2\/product"}],"about":[{"href":"https:\/\/regmik.ua\/de\/wp-json\/wp\/v2\/types\/product"}],"replies":[{"embeddable":true,"href":"https:\/\/regmik.ua\/de\/wp-json\/wp\/v2\/comments?post=19717"}],"version-history":[{"count":0,"href":"https:\/\/regmik.ua\/de\/wp-json\/wp\/v2\/product\/19717\/revisions"}],"wp:featuredmedia":[{"embeddable":true,"href":"https:\/\/regmik.ua\/de\/wp-json\/wp\/v2\/media\/19673"}],"wp:attachment":[{"href":"https:\/\/regmik.ua\/de\/wp-json\/wp\/v2\/media?parent=19717"}],"wp:term":[{"taxonomy":"product_brand","embeddable":true,"href":"https:\/\/regmik.ua\/de\/wp-json\/wp\/v2\/product_brand?post=19717"},{"taxonomy":"product_cat","embeddable":true,"href":"https:\/\/regmik.ua\/de\/wp-json\/wp\/v2\/product_cat?post=19717"},{"taxonomy":"product_tag","embeddable":true,"href":"https:\/\/regmik.ua\/de\/wp-json\/wp\/v2\/product_tag?post=19717"}],"curies":[{"name":"wp","href":"https:\/\/api.w.org\/{rel}","templated":true}]}}